{"id":10359,"date":"2021-03-24T15:40:11","date_gmt":"2021-03-24T14:40:11","guid":{"rendered":"https:\/\/maritech.com\/?page_id=10359"},"modified":"2024-07-17T09:22:35","modified_gmt":"2024-07-17T08:22:35","slug":"vare-losninger","status":"publish","type":"page","link":"https:\/\/maritech.com\/no\/vare-losninger\/","title":{"rendered":"V\u00e5re l\u00f8sninger"},"content":{"rendered":"\n<section class=\"hero block alignfull bg-image grad-light\" style=\"background-image: url('https:\/\/maritech.com\/wp-content\/uploads\/2020\/09\/linsight_team-scaled.jpg'); \" >\n    <div class=\"container-fluid\">\n        <div class=\"hero-content\">\n                        <div class=\"editor-content\">\n                <h1><span style=\"color: #ffffff;\">Sj\u00f8mat + logistikk<\/span><\/h1>\n<p class=\"preamble\"><span style=\"color: #ffffff;\">I 45 \u00e5r har vi jobbet tett med kundene v\u00e5re for \u00e5 bygge programvare du skal bli glad i.\u00a0<\/span><\/p>\n            <\/div>\n                    <\/div><!--\/.hero-content-->\n    <\/div><!--\/.container-fluid-->\n<\/section>\n\n\n<section class=\"page-content block alignfull\">\n    <div class=\"container-fluid\">\n        <div class=\"content-wrapper\">\n            <div class=\"editor-content\">\n                <p class=\"preamble\">Vi elsker \u00e5 gj\u00f8re hverdagen din enda bedre.<\/p>\n<p>70 % av norsk sj\u00f8mateksport g\u00e5r gjennom systemene v\u00e5re, og n\u00e5 vokser vi videre ute i verden. Det \u00e5 ha jobbet s\u00e5 tett med n\u00e6ringa i flere ti\u00e5r, har l\u00e6rt oss enormt mye om hvilke utfordringer du sitter med hver dag, og hva som skal til for \u00e5 l\u00f8se dem. L\u00f8sningene v\u00e5re for sj\u00f8matn\u00e6ringa er skreddersydd for \u00e5 st\u00f8tte prosessene gjennom hele verdikjeden, og gj\u00f8r det enkelt \u00e5 spore produktene dine fra hav til bord. Gjennom oppkj\u00f8pet av Lillebakk fikk vi i 2020 ogs\u00e5 inn eksperter p\u00e5 IoT og smart produksjon, viktige satsningsomr\u00e5der som vi n\u00e5 bygger videre p\u00e5.<\/p>\n<p>Etter at Timpex ble en del av Maritech, har vi n\u00e5 f\u00e5tt et knallsterkt logistikk-team med p\u00e5 laget v\u00e5rt. En unik gjeng med lang og bred erfaring fra transport- og logistikkbransjen. Timpex-l\u00f8sningene sikrer god kontroll og administrasjon av transport, gj\u00f8r det enkelt \u00e5 fortolle selv, og gir gevinster knyttet til b\u00e5de l\u00f8nnsomhet, effektivisering og milj\u00f8. I 2021 ble ogs\u00e5 EDI-Systems en del av Maritech, og vi kan gjennom dette n\u00e5 ogs\u00e5 tilby ledende l\u00f8sninger innen tredjepartslogistikk.<\/p>\n<p>Programvaren v\u00e5r er skreddersydd for deg og akkurat det du skal gj\u00f8re hver dag, slik at du kan f\u00e5 mer arbeidsro, bedre l\u00f8nnsomhet og samtidig sikre full kontroll, effektivitet og sporbarhet gjennom hele verdikjeden. Du kan lese mer via lenkene nedenfor, og vi vil ogs\u00e5 gjerne snakke med deg. S\u00e5 ikke n\u00f8l med \u00e5 <a href=\"mailto:sales@maritech.com\">gi oss et vink<\/a> hvis du vil ha en demo eller har sp\u00f8rsm\u00e5l til oss!<\/p>\n            <\/div><!--\/.editor-content-->\n        <\/div><!--\/.content-wrapper-->\n    <\/div><!--\/.container-fluid-->\n<\/section>\n\n\n<section class=\"related-posts block alignfull\">\n    <div class=\"container-fluid\">\n        <div class=\"title-wrap\">\n            <h2 class=\"heading h2\">V\u00e5re l\u00f8sninger<\/h2>        <\/div><!--\/.title-wrap-->\n                <div class=\"row\">\n                        <div class=\"col\">\n                <div onclick=\"location.href='https:\/\/maritech.com\/no\/vare-losninger-seafood-trade\/'\" class=\"post-card\">\n                    <div class=\"img-wrap\">\n\t\t\t\t\t\t<img decoding=\"async\" width=\"1024\" height=\"529\" src=\"https:\/\/maritech.com\/wp-content\/uploads\/2023\/07\/Sales-dashboard-1024x529.jpg\" class=\"attachment-large size-large wp-post-image\" alt=\"V\u00e5re l\u00f8sninger - Sj\u00f8mat-trading\" srcset=\"https:\/\/maritech.com\/wp-content\/uploads\/2023\/07\/Sales-dashboard-1024x529.jpg 1024w, https:\/\/maritech.com\/wp-content\/uploads\/2023\/07\/Sales-dashboard-300x155.jpg 300w, https:\/\/maritech.com\/wp-content\/uploads\/2023\/07\/Sales-dashboard-768x396.jpg 768w, https:\/\/maritech.com\/wp-content\/uploads\/2023\/07\/Sales-dashboard-1536x793.jpg 1536w, https:\/\/maritech.com\/wp-content\/uploads\/2023\/07\/Sales-dashboard-1920x991.jpg 1920w, https:\/\/maritech.com\/wp-content\/uploads\/2023\/07\/Sales-dashboard-260x134.jpg 260w, https:\/\/maritech.com\/wp-content\/uploads\/2023\/07\/Sales-dashboard.jpg 1922w\" sizes=\"(max-width: 1024px) 100vw, 1024px\" \/>                    <\/div>\n                    <div class=\"info-wrap\">\n                                                <h4><a href=\"https:\/\/maritech.com\/no\/vare-losninger-seafood-trade\/\">V\u00e5re l\u00f8sninger &#8211;  <span class=\"lastword\"> Sj\u00f8mat-trading <svg fill=\"none\" height=\"16\" viewBox=\"0 0 21 16\" width=\"21\" xmlns=\"http:\/\/www.w3.org\/2000\/svg\"><path d=\"m12.2646 1.0521 5.615 5.7114h-17.8796v1.503h17.8796l-5.615 5.7114 1.0343 1.0521 7.3883-7.515-7.3883-7.515z\" fill=\"#446bf9\"\/><\/svg><\/span><\/a><\/h4>\n                    <\/div>\n                <\/div>\n            <\/div><!--\/.col-->\n                        <div class=\"col\">\n                <div onclick=\"location.href='https:\/\/maritech.com\/no\/vare-losninger-sjomatproduksjon\/'\" class=\"post-card\">\n                    <div class=\"img-wrap\">\n\t\t\t\t\t\t<img decoding=\"async\" width=\"1024\" height=\"663\" src=\"https:\/\/maritech.com\/wp-content\/uploads\/2019\/02\/Ziggi-Maritech_IMG7636-1024x663.jpg\" class=\"attachment-large size-large wp-post-image\" alt=\"V\u00e5re l\u00f8sninger - Sj\u00f8matproduksjon\" srcset=\"https:\/\/maritech.com\/wp-content\/uploads\/2019\/02\/Ziggi-Maritech_IMG7636-1024x663.jpg 1024w, https:\/\/maritech.com\/wp-content\/uploads\/2019\/02\/Ziggi-Maritech_IMG7636-300x194.jpg 300w, https:\/\/maritech.com\/wp-content\/uploads\/2019\/02\/Ziggi-Maritech_IMG7636-768x497.jpg 768w, https:\/\/maritech.com\/wp-content\/uploads\/2019\/02\/Ziggi-Maritech_IMG7636-1920x1242.jpg 1920w, https:\/\/maritech.com\/wp-content\/uploads\/2019\/02\/Ziggi-Maritech_IMG7636-260x168.jpg 260w\" sizes=\"(max-width: 1024px) 100vw, 1024px\" \/>                    <\/div>\n                    <div class=\"info-wrap\">\n                                                <h4><a href=\"https:\/\/maritech.com\/no\/vare-losninger-sjomatproduksjon\/\">V\u00e5re l\u00f8sninger &#8211;  <span class=\"lastword\"> Sj\u00f8matproduksjon <svg fill=\"none\" height=\"16\" viewBox=\"0 0 21 16\" width=\"21\" xmlns=\"http:\/\/www.w3.org\/2000\/svg\"><path d=\"m12.2646 1.0521 5.615 5.7114h-17.8796v1.503h17.8796l-5.615 5.7114 1.0343 1.0521 7.3883-7.515-7.3883-7.515z\" fill=\"#446bf9\"\/><\/svg><\/span><\/a><\/h4>\n                    <\/div>\n                <\/div>\n            <\/div><!--\/.col-->\n                        <div class=\"col\">\n                <div onclick=\"location.href='https:\/\/maritech.com\/no\/vare-losninger-logistikk\/'\" class=\"post-card\">\n                    <div class=\"img-wrap\">\n\t\t\t\t\t\t<img decoding=\"async\" width=\"1024\" height=\"574\" src=\"https:\/\/maritech.com\/wp-content\/uploads\/2024\/01\/GHG-1024x574.png\" class=\"attachment-large size-large wp-post-image\" alt=\"V\u00e5re l\u00f8sninger - Logistikk\" srcset=\"https:\/\/maritech.com\/wp-content\/uploads\/2024\/01\/GHG-1024x574.png 1024w, https:\/\/maritech.com\/wp-content\/uploads\/2024\/01\/GHG-300x168.png 300w, https:\/\/maritech.com\/wp-content\/uploads\/2024\/01\/GHG-768x430.png 768w, https:\/\/maritech.com\/wp-content\/uploads\/2024\/01\/GHG-260x146.png 260w, https:\/\/maritech.com\/wp-content\/uploads\/2024\/01\/GHG.png 1280w\" sizes=\"(max-width: 1024px) 100vw, 1024px\" \/>                    <\/div>\n                    <div class=\"info-wrap\">\n                                                <h4><a href=\"https:\/\/maritech.com\/no\/vare-losninger-logistikk\/\">V\u00e5re l\u00f8sninger &#8211;  <span class=\"lastword\"> Logistikk <svg fill=\"none\" height=\"16\" viewBox=\"0 0 21 16\" width=\"21\" xmlns=\"http:\/\/www.w3.org\/2000\/svg\"><path d=\"m12.2646 1.0521 5.615 5.7114h-17.8796v1.503h17.8796l-5.615 5.7114 1.0343 1.0521 7.3883-7.515-7.3883-7.515z\" fill=\"#446bf9\"\/><\/svg><\/span><\/a><\/h4>\n                    <\/div>\n                <\/div>\n            <\/div><!--\/.col-->\n                    <\/div><!--\/.row-->\n            <\/div><!--\/.container-fluid-->\n<\/section>\n\n\n<section class=\"alignfull block newsletter-form dark-blue\">\n    <div class=\"content-max-wrapper\">\n                    <div class=\"content-max-wrapper__text\">\n                <h3 class=\"h3\">Motta nyheter og invitasjoner fra Maritech<\/h3>\n            <\/div>\n                <!--[if lte IE 8]>\r\n<script charset=\"utf-8\" type=\"text\/javascript\" src=\"\/\/js-eu1.hsforms.net\/forms\/v2-legacy.js\"><\/script>\r\n<![endif]-->\r\n<script charset=\"utf-8\" type=\"text\/javascript\" src=\"\/\/js-eu1.hsforms.net\/forms\/v2.js\"><\/script>\r\n<script>\r\n  hbspt.forms.create({\r\n    region: \"eu1\",\r\n    portalId: \"25031368\",\r\n    formId: \"810e627a-049b-49de-b096-e08125e0e7e6\"\r\n});\r\n<\/script>    <div>\n<\/section>\n","protected":false},"excerpt":{"rendered":"","protected":false},"author":11,"featured_media":5507,"parent":0,"menu_order":0,"comment_status":"closed","ping_status":"closed","template":"","meta":{"_acf_changed":false,"content-type":"","lazy_load_responsive_images_disabled":false,"footnotes":""},"class_list":["post-10359","page","type-page","status-publish","has-post-thumbnail","hentry"],"acf":[],"yoast_head":"<!-- This site is optimized with the Yoast SEO Premium plugin v27.5 (Yoast SEO v27.5) - https:\/\/yoast.com\/product\/yoast-seo-premium-wordpress\/ -->\n<title>Software, analytics og IoT for sj\u00f8mat og logistikk - Maritech<\/title>\n<meta name=\"description\" content=\"V\u00e5re l\u00f8sninger: Sj\u00f8mat + logistikkI 45 \u00e5r har vi jobbet tett med kundene v\u00e5re for \u00e5 bygge programvare du skal bli glad i.\u00a0\" \/>\n<meta name=\"robots\" content=\"index, follow, max-snippet:-1, max-image-preview:large, max-video-preview:-1\" \/>\n<link rel=\"canonical\" href=\"https:\/\/maritech.com\/no\/vare-losninger\/\" \/>\n<meta property=\"og:locale\" content=\"nb_NO\" \/>\n<meta property=\"og:type\" content=\"article\" \/>\n<meta property=\"og:title\" content=\"V\u00e5re l\u00f8sninger\" \/>\n<meta property=\"og:description\" content=\"V\u00e5re l\u00f8sninger: Sj\u00f8mat + logistikkI 45 \u00e5r har vi jobbet tett med kundene v\u00e5re for \u00e5 bygge programvare du skal bli glad i.\u00a0\" \/>\n<meta property=\"og:url\" content=\"https:\/\/maritech.com\/no\/vare-losninger\/\" \/>\n<meta property=\"og:site_name\" content=\"Maritech\" \/>\n<meta property=\"article:modified_time\" content=\"2024-07-17T08:22:35+00:00\" \/>\n<meta property=\"og:image\" content=\"https:\/\/maritech.com\/wp-content\/uploads\/2020\/08\/anunatak_11-3-scaled-e1597133254129.jpg\" \/>\n\t<meta property=\"og:image:width\" content=\"2432\" \/>\n\t<meta property=\"og:image:height\" content=\"1344\" \/>\n\t<meta property=\"og:image:type\" content=\"image\/jpeg\" \/>\n<meta name=\"twitter:card\" content=\"summary_large_image\" \/>\n<meta name=\"twitter:label1\" content=\"Ansl. lesetid\" \/>\n\t<meta name=\"twitter:data1\" content=\"1 minutt\" \/>\n<script type=\"application\/ld+json\" class=\"yoast-schema-graph\">{\"@context\":\"https:\\\/\\\/schema.org\",\"@graph\":[{\"@type\":\"WebPage\",\"@id\":\"https:\\\/\\\/maritech.com\\\/no\\\/vare-losninger\\\/\",\"url\":\"https:\\\/\\\/maritech.com\\\/no\\\/vare-losninger\\\/\",\"name\":\"Software, analytics og IoT for sj\u00f8mat og logistikk - Maritech\",\"isPartOf\":{\"@id\":\"https:\\\/\\\/maritech.com\\\/no\\\/#website\"},\"primaryImageOfPage\":{\"@id\":\"https:\\\/\\\/maritech.com\\\/no\\\/vare-losninger\\\/#primaryimage\"},\"image\":{\"@id\":\"https:\\\/\\\/maritech.com\\\/no\\\/vare-losninger\\\/#primaryimage\"},\"thumbnailUrl\":\"https:\\\/\\\/maritech.com\\\/wp-content\\\/uploads\\\/2020\\\/08\\\/anunatak_11-3-scaled-e1597133254129.jpg\",\"datePublished\":\"2021-03-24T14:40:11+00:00\",\"dateModified\":\"2024-07-17T08:22:35+00:00\",\"description\":\"V\u00e5re l\u00f8sninger: Sj\u00f8mat + logistikkI 45 \u00e5r har vi jobbet tett med kundene v\u00e5re for \u00e5 bygge programvare du skal bli glad i.\u00a0\",\"breadcrumb\":{\"@id\":\"https:\\\/\\\/maritech.com\\\/no\\\/vare-losninger\\\/#breadcrumb\"},\"inLanguage\":\"nb-NO\",\"potentialAction\":[{\"@type\":\"ReadAction\",\"target\":[\"https:\\\/\\\/maritech.com\\\/no\\\/vare-losninger\\\/\"]}]},{\"@type\":\"ImageObject\",\"inLanguage\":\"nb-NO\",\"@id\":\"https:\\\/\\\/maritech.com\\\/no\\\/vare-losninger\\\/#primaryimage\",\"url\":\"https:\\\/\\\/maritech.com\\\/wp-content\\\/uploads\\\/2020\\\/08\\\/anunatak_11-3-scaled-e1597133254129.jpg\",\"contentUrl\":\"https:\\\/\\\/maritech.com\\\/wp-content\\\/uploads\\\/2020\\\/08\\\/anunatak_11-3-scaled-e1597133254129.jpg\",\"width\":2432,\"height\":1344,\"caption\":\"LINSiGHT IoT team\"},{\"@type\":\"BreadcrumbList\",\"@id\":\"https:\\\/\\\/maritech.com\\\/no\\\/vare-losninger\\\/#breadcrumb\",\"itemListElement\":[{\"@type\":\"ListItem\",\"position\":1,\"name\":\"Home\",\"item\":\"https:\\\/\\\/maritech.com\\\/no\\\/\"},{\"@type\":\"ListItem\",\"position\":2,\"name\":\"V\u00e5re l\u00f8sninger\"}]},{\"@type\":\"WebSite\",\"@id\":\"https:\\\/\\\/maritech.com\\\/no\\\/#website\",\"url\":\"https:\\\/\\\/maritech.com\\\/no\\\/\",\"name\":\"Maritech\",\"description\":\"\",\"publisher\":{\"@id\":\"https:\\\/\\\/maritech.com\\\/no\\\/#organization\"},\"potentialAction\":[{\"@type\":\"SearchAction\",\"target\":{\"@type\":\"EntryPoint\",\"urlTemplate\":\"https:\\\/\\\/maritech.com\\\/no\\\/?s={search_term_string}\"},\"query-input\":{\"@type\":\"PropertyValueSpecification\",\"valueRequired\":true,\"valueName\":\"search_term_string\"}}],\"inLanguage\":\"nb-NO\"},{\"@type\":\"Organization\",\"@id\":\"https:\\\/\\\/maritech.com\\\/no\\\/#organization\",\"name\":\"Maritech\",\"url\":\"https:\\\/\\\/maritech.com\\\/no\\\/\",\"logo\":{\"@type\":\"ImageObject\",\"inLanguage\":\"nb-NO\",\"@id\":\"https:\\\/\\\/maritech.com\\\/no\\\/#\\\/schema\\\/logo\\\/image\\\/\",\"url\":\"https:\\\/\\\/maritech.com\\\/wp-content\\\/uploads\\\/2024\\\/07\\\/Maritech-Logo-Co-Brand-WHITE.png\",\"contentUrl\":\"https:\\\/\\\/maritech.com\\\/wp-content\\\/uploads\\\/2024\\\/07\\\/Maritech-Logo-Co-Brand-WHITE.png\",\"width\":3336,\"height\":890,\"caption\":\"Maritech\"},\"image\":{\"@id\":\"https:\\\/\\\/maritech.com\\\/no\\\/#\\\/schema\\\/logo\\\/image\\\/\"}}]}<\/script>\n<!-- \/ Yoast SEO Premium plugin. -->","yoast_head_json":{"title":"Software, analytics og IoT for sj\u00f8mat og logistikk - Maritech","description":"V\u00e5re l\u00f8sninger: Sj\u00f8mat + logistikkI 45 \u00e5r har vi jobbet tett med kundene v\u00e5re for \u00e5 bygge programvare du skal bli glad i.\u00a0","robots":{"index":"index","follow":"follow","max-snippet":"max-snippet:-1","max-image-preview":"max-image-preview:large","max-video-preview":"max-video-preview:-1"},"canonical":"https:\/\/maritech.com\/no\/vare-losninger\/","og_locale":"nb_NO","og_type":"article","og_title":"V\u00e5re l\u00f8sninger","og_description":"V\u00e5re l\u00f8sninger: Sj\u00f8mat + logistikkI 45 \u00e5r har vi jobbet tett med kundene v\u00e5re for \u00e5 bygge programvare du skal bli glad i.\u00a0","og_url":"https:\/\/maritech.com\/no\/vare-losninger\/","og_site_name":"Maritech","article_modified_time":"2024-07-17T08:22:35+00:00","og_image":[{"width":2432,"height":1344,"url":"https:\/\/maritech.com\/wp-content\/uploads\/2020\/08\/anunatak_11-3-scaled-e1597133254129.jpg","type":"image\/jpeg"}],"twitter_card":"summary_large_image","twitter_misc":{"Ansl. lesetid":"1 minutt"},"schema":{"@context":"https:\/\/schema.org","@graph":[{"@type":"WebPage","@id":"https:\/\/maritech.com\/no\/vare-losninger\/","url":"https:\/\/maritech.com\/no\/vare-losninger\/","name":"Software, analytics og IoT for sj\u00f8mat og logistikk - Maritech","isPartOf":{"@id":"https:\/\/maritech.com\/no\/#website"},"primaryImageOfPage":{"@id":"https:\/\/maritech.com\/no\/vare-losninger\/#primaryimage"},"image":{"@id":"https:\/\/maritech.com\/no\/vare-losninger\/#primaryimage"},"thumbnailUrl":"https:\/\/maritech.com\/wp-content\/uploads\/2020\/08\/anunatak_11-3-scaled-e1597133254129.jpg","datePublished":"2021-03-24T14:40:11+00:00","dateModified":"2024-07-17T08:22:35+00:00","description":"V\u00e5re l\u00f8sninger: Sj\u00f8mat + logistikkI 45 \u00e5r har vi jobbet tett med kundene v\u00e5re for \u00e5 bygge programvare du skal bli glad i.\u00a0","breadcrumb":{"@id":"https:\/\/maritech.com\/no\/vare-losninger\/#breadcrumb"},"inLanguage":"nb-NO","potentialAction":[{"@type":"ReadAction","target":["https:\/\/maritech.com\/no\/vare-losninger\/"]}]},{"@type":"ImageObject","inLanguage":"nb-NO","@id":"https:\/\/maritech.com\/no\/vare-losninger\/#primaryimage","url":"https:\/\/maritech.com\/wp-content\/uploads\/2020\/08\/anunatak_11-3-scaled-e1597133254129.jpg","contentUrl":"https:\/\/maritech.com\/wp-content\/uploads\/2020\/08\/anunatak_11-3-scaled-e1597133254129.jpg","width":2432,"height":1344,"caption":"LINSiGHT IoT team"},{"@type":"BreadcrumbList","@id":"https:\/\/maritech.com\/no\/vare-losninger\/#breadcrumb","itemListElement":[{"@type":"ListItem","position":1,"name":"Home","item":"https:\/\/maritech.com\/no\/"},{"@type":"ListItem","position":2,"name":"V\u00e5re l\u00f8sninger"}]},{"@type":"WebSite","@id":"https:\/\/maritech.com\/no\/#website","url":"https:\/\/maritech.com\/no\/","name":"Maritech","description":"","publisher":{"@id":"https:\/\/maritech.com\/no\/#organization"},"potentialAction":[{"@type":"SearchAction","target":{"@type":"EntryPoint","urlTemplate":"https:\/\/maritech.com\/no\/?s={search_term_string}"},"query-input":{"@type":"PropertyValueSpecification","valueRequired":true,"valueName":"search_term_string"}}],"inLanguage":"nb-NO"},{"@type":"Organization","@id":"https:\/\/maritech.com\/no\/#organization","name":"Maritech","url":"https:\/\/maritech.com\/no\/","logo":{"@type":"ImageObject","inLanguage":"nb-NO","@id":"https:\/\/maritech.com\/no\/#\/schema\/logo\/image\/","url":"https:\/\/maritech.com\/wp-content\/uploads\/2024\/07\/Maritech-Logo-Co-Brand-WHITE.png","contentUrl":"https:\/\/maritech.com\/wp-content\/uploads\/2024\/07\/Maritech-Logo-Co-Brand-WHITE.png","width":3336,"height":890,"caption":"Maritech"},"image":{"@id":"https:\/\/maritech.com\/no\/#\/schema\/logo\/image\/"}}]}},"jetpack_sharing_enabled":true,"_links":{"self":[{"href":"https:\/\/maritech.com\/no\/wp-json\/wp\/v2\/pages\/10359","targetHints":{"allow":["GET"]}}],"collection":[{"href":"https:\/\/maritech.com\/no\/wp-json\/wp\/v2\/pages"}],"about":[{"href":"https:\/\/maritech.com\/no\/wp-json\/wp\/v2\/types\/page"}],"author":[{"embeddable":true,"href":"https:\/\/maritech.com\/no\/wp-json\/wp\/v2\/users\/11"}],"replies":[{"embeddable":true,"href":"https:\/\/maritech.com\/no\/wp-json\/wp\/v2\/comments?post=10359"}],"version-history":[{"count":12,"href":"https:\/\/maritech.com\/no\/wp-json\/wp\/v2\/pages\/10359\/revisions"}],"predecessor-version":[{"id":20402,"href":"https:\/\/maritech.com\/no\/wp-json\/wp\/v2\/pages\/10359\/revisions\/20402"}],"wp:featuredmedia":[{"embeddable":true,"href":"https:\/\/maritech.com\/no\/wp-json\/wp\/v2\/media\/5507"}],"wp:attachment":[{"href":"https:\/\/maritech.com\/no\/wp-json\/wp\/v2\/media?parent=10359"}],"curies":[{"name":"wp","href":"https:\/\/api.w.org\/{rel}","templated":true}]}}