{"id":10560,"date":"2021-10-06T13:57:00","date_gmt":"2021-10-06T12:57:00","guid":{"rendered":"https:\/\/maritech.com\/?page_id=10560"},"modified":"2024-07-16T08:21:02","modified_gmt":"2024-07-16T07:21:02","slug":"nyheter-i-maritech-purchase-sales","status":"publish","type":"page","link":"https:\/\/maritech.com\/no\/nyheter-i-maritech-purchase-sales\/","title":{"rendered":"Nyheter i Maritech Purchase &#038; Sales"},"content":{"rendered":"\n<section class=\"breadcrumb-section block alignfull\">\n    <div class=\"container-fluid\">\n        <p class=\"breadcrumbs\"><span><span><a href=\"https:\/\/maritech.com\/no\/\"><span class=\"d-none\">Home<\/span><svg xmlns=\"http:\/\/www.w3.org\/2000\/svg\" xmlns:xlink=\"http:\/\/www.w3.org\/1999\/xlink\" contentScriptType=\"text\/ecmascript\" contentStyleType=\"text\/css\" enable-background=\"new 0 0 2048 2048\" height=\"2048px\" id=\"Layer_1\" preserveAspectRatio=\"xMidYMid meet\" version=\"1.1\" viewBox=\"25.33300018310547 0 1613.333984375 2048\" width=\"1613.333984375px\" xml:space=\"preserve\" zoomAndPan=\"magnify\" style=\"&#10;    width: 20px;&#10;\"><path d=\"M1408,1120v480c0,17.333-6.333,32.333-19,45s-27.667,19-45,19H960v-384H704v384H320c-17.333,0-32.333-6.333-45-19  s-19-27.667-19-45v-480c0-0.667,0.167-1.667,0.5-3s0.5-2.333,0.5-3l575-474l575,474C1407.667,1115.333,1408,1117.333,1408,1120z   M1631,1051l-62,74c-5.333,6-12.333,9.667-21,11h-3c-8.667,0-15.667-2.333-21-7L832,552l-692,577c-8,5.333-16,7.667-24,7  c-8.667-1.333-15.667-5-21-11l-62-74c-5.333-6.667-7.667-14.5-7-23.5s4.333-16.167,11-21.5l719-599c21.333-17.333,46.667-26,76-26  s54.667,8.667,76,26l244,204V416c0-9.333,3-17,9-23s13.667-9,23-9h192c9.333,0,17,3,23,9s9,13.667,9,23v408l219,182  c6.667,5.333,10.333,12.5,11,21.5S1636.333,1044.333,1631,1051z\"\/><\/svg><\/a><\/span><\/span><\/p>    <\/div>\n<\/section>\n\n\n<section class=\"hero block alignfull bg-image grad-light\" style=\"background-image: url('https:\/\/maritech.com\/wp-content\/uploads\/2022\/01\/PurchaseSales_Christin-new.jpg'); \" >\n    <div class=\"container-fluid\">\n        <div class=\"hero-content\">\n                        <div class=\"editor-content\">\n                <h1><span style=\"color: #ffffff;\">Nyheter i Maritech Purchase &amp; Sales\u00a0<\/span><\/h1>\n<p class=\"preamble\"><span style=\"color: #ffffff;\">Multi-company, ATP, Items, Valutah\u00e5ndtering, Kvalitetssertifisering og sj\u00f8matlogistikk er noen av de nyeste verkt\u00f8yene du n\u00e5 kan ta i bruk.<\/span><\/p>\n<p>&nbsp;<\/p>\n            <\/div>\n            <div class=\"button-wrap left\"><a class=\"btn btn-primary\" href=\"https:\/\/demo.dev.maritech.cloud\/START\/Introduction\" target=\"_blank\" title=\"Sjekk ut v\u00e5re digitale demoer\">Sjekk ut v\u00e5re digitale demoer<\/a><\/div>        <\/div><!--\/.hero-content-->\n    <\/div><!--\/.container-fluid-->\n<\/section>\n\n\n<section class=\"page-content block alignfull\">\n    <div class=\"container-fluid\">\n        <div class=\"content-wrapper\">\n            <div class=\"editor-content\">\n                <h2><\/h2>\n<h2>Nyheter hver m\u00e5ned<\/h2>\n<p><a href=\"https:\/\/maritech.com\/no\/maritech-purchase-sales\/\">Maritech Purchase and Sales<\/a> er verdens ledende skyl\u00f8sning skreddersydd for \u00e5 st\u00f8tte prosessene knyttet til kj\u00f8p og salg av sj\u00f8mat.<\/p>\n<p class=\"normal\">Vi lanserer ny funksjonalitet hver m\u00e5ned, her kan du lese om noe av det som har blitt tilgjengelig i det siste.<\/p>\n<p>&nbsp;<\/p>\n<h2 class=\"h4\">Sj\u00f8mat-produksjon<\/h2>\n<p>Endelig &#8211; n\u00e5 kan du planlegge og opprette produksjonsordrer direkte fra en salgsordre. Defin\u00e9r en oppskrift og forventet volum for et produkt, legg til tilleggsprodukter og biprodukter med brukerdefinert fordeling. Plukk ingredienser, alloker r\u00e5stoff og registrer produksjonen, mens du beregner kostnader basert p\u00e5 r\u00e5varen, emballasjen og \u00f8vrige prosesserings-kostnader.\u00a0 Du f\u00e5r selvsagt ogs\u00e5 dokumentert full sporbarhet av r\u00e5stoffet.<\/p>\n<p>&nbsp;<\/p>\n<h2 class=\"h4\">Nasdaq-rapportering og -prising<\/h2>\n<p class=\"normal\"><span class=\"Y2IQFc\" lang=\"no\">En annen etterlengtet nyhet er full funksjonalitet for rapportering til Nasdaq og integrering av Nasdaq-priser tilbake i prislister, inkludert muligheten til \u00e5 oppdatere utg\u00e5ende bestillinger basert p\u00e5 nye priser. Dette er spesielt nyttig for de av dere som baserer prislistene deres p\u00e5 Nasdaq-priser, og kanskje ikke fastsetter dem f\u00f8r etter at de f\u00f8rste bestillingene er opprettet i Kj\u00f8p og salg.<\/span><\/p>\n<p>&nbsp;<\/p>\n<h2 class=\"h4\">Forbedret palleregistrering<\/h2>\n<p dir=\"ltr\" data-placeholder=\"Oversettelse\">N\u00e5 f\u00e5r du palleregistrering p\u00e5 \u00e9n og samme side, i tillegg har registreringsmetoden blitt forbedret for \u00e5 forbedre effektiviteten.\u00a0 N\u00e5 kan du legge til bulkpaller med enheter, n\u00e5r du ikke trenger like detaljert sporing som ved registrering p\u00e5 kasseniv\u00e5.<\/p>\n<p>&nbsp;<\/p>\n<h2 dir=\"ltr\" data-placeholder=\"Oversettelse\"><\/h2>\n<h2 class=\"h4\" dir=\"ltr\" data-placeholder=\"Oversettelse\">Sluttsedler og fangstsertifikat<\/h2>\n<p dir=\"ltr\" data-placeholder=\"Oversettelse\">Sluttsedler kan n\u00e5 enkelt knyttes til et kj\u00f8p og flyte gjennom til salgsallokering. N\u00e5r fangstsertifikatet er generert, vil det v\u00e6re tilgjengelig i Document Service, knyttet til den spesifiserte salgsfakturaen.<\/p>\n<p>&nbsp;<\/p>\n<h2 id=\"tw-target-text\" class=\"tw-data-text tw-text-large tw-ta h4\" dir=\"ltr\" data-placeholder=\"Oversettelse\">Multi-company<\/h2>\n<p>Har dere flere lokasjoner? N\u00e5 er det blitt enkelt \u00e5 samordne salg og kj\u00f8p mellom bedrifter, lage prognoser, overf\u00f8ringer og kj\u00f8p og salgsordrer p\u00e5 tvers av bedriftens domener. Dere f\u00e5r s\u00f8ml\u00f8s og automatisk overf\u00f8ring av lageroppf\u00f8ringer, og selskapene kan dele varer, kunder, leverand\u00f8rer og andre data i et multicompany-oppsett.<\/p>\n<p>&nbsp;<\/p>\n<h2 class=\"h4\">Valutah\u00e5ndtering<\/h2>\n<p>For \u00e5 sikre seg mot sterkt svingende valutakurser, etableres ofte sikringskontrakter (enten gjennom en bank eller gjennom forskuddsavtaler l\u00e5st til en spesifisert valutakurs). N\u00e5 kan du ta i bruk en innebygd arbeidsflyt som administrerer valutakontrakter for \u00e5 gj\u00f8re denne prosessen synlig og h\u00e5ndhevet.<\/p>\n<p>&nbsp;<\/p>\n<h2 class=\"h4\">Sj\u00f8matlogistikk<\/h2>\n<p>Del og samarbeid med leverand\u00f8rer, toll- og eksportagenter, transport\u00f8rer og andre \u2013 uten behov for ekstra programvare eller s\u00f8king i uendelige e-posttr\u00e5der. Som en integrert del av Maritech Purchase &amp; Sales, st\u00f8tter Maritechs Supply Chain-l\u00f8sning dokumentflyt og kommunikasjon, fakturabehandling, prisbehandling og behandling av tolldokumenter. Alle endringer er synlige og sporbare, noe som sikrer riktige data, enkel dokumentasjon og redusert ventetid gjennom hele verdikjeden. Dokumenter knyttet til forsendelser blir gjort tilgjengelige for transport\u00f8ren s\u00e5 snart de er opprettet, og terminalen har full oversikt over innkommende og utg\u00e5ende varer og forsendelser. Dette gj\u00f8r at du kan h\u00e5ndtere plutselige endringer mer effektivt, du f\u00e5r bedre forutsigbarhet og lavere kostnader.<\/p>\n<p>&nbsp;<\/p>\n<h2 class=\"h4\">Claims Management<\/h2>\n<p>Claims Management er integrert med kreditt-fakturering i Maritech Purchase &amp; Sales. Med Claims Management kan du definere regler og behandle hver varelinje som er gjort krav p\u00e5. Enkel og effektiv interaksjon med interne eller eksterne interessenter som pakkerier, produsenter og transport\u00f8rer i et tilpasset brukergrensesnitt. Fra registrering av en begrunnelse for kravet, tildeling av en ansvarlig og bel\u00f8p, til behandling av den andre parten. Dokumenter som bilder, e-post og andre relevante poster lagres og kobles til saken, og er lett tilgjengelig n\u00e5r det trengs. E-postmaler kan tilpasses og sendes direkte fra systemet med historikk. All kommunikasjon kan h\u00e5ndteres og dokumenteres i l\u00f8sningen. Varsler kan settes opp for \u00e5 sikre rask og effektiv skadebehandling, fra f\u00f8rste heving av et krav helt til utstedelse av kredit-notaer.<\/p>\n<p class=\"p2\">\n            <\/div><!--\/.editor-content-->\n        <\/div><!--\/.content-wrapper-->\n    <\/div><!--\/.container-fluid-->\n<\/section>\n\n\n<figure class=\"wp-block-image size-large\"><img decoding=\"async\" width=\"884\" height=\"393\" src=\"https:\/\/maritech.com\/wp-content\/uploads\/2021\/05\/image_7web-1.png\" alt=\"Screenshot from Maritech DGS Purchase &amp; Sales \" class=\"wp-image-7609\" srcset=\"https:\/\/maritech.com\/wp-content\/uploads\/2021\/05\/image_7web-1.png 884w, https:\/\/maritech.com\/wp-content\/uploads\/2021\/05\/image_7web-1-300x133.png 300w, https:\/\/maritech.com\/wp-content\/uploads\/2021\/05\/image_7web-1-768x341.png 768w, https:\/\/maritech.com\/wp-content\/uploads\/2021\/05\/image_7web-1-260x116.png 260w\" sizes=\"(max-width: 884px) 100vw, 884px\" \/><\/figure>\n\n\n<section class=\"page-content block alignfull\">\n    <div class=\"container-fluid\">\n        <div class=\"content-wrapper\">\n            <div class=\"editor-content\">\n                <h2 class=\"h4\">ATP (Available to promise)<\/h2>\n<p>Sj\u00f8mat-spesifikke visninger av beholdning lages etter st\u00f8rrelse og kvalitet (eller andre brukerdefinerte attributter), slik at du raskt kan se hva du har for salg. Planlegg for innkommende fangst med integrert oversikt over linjer som er registrert i innkj\u00f8ps-prognoser. Du kan lage flere tilpassede maler for rask tilgang til forskjellige visninger.<\/p>\n<p>&nbsp;<\/p>\n<h4><\/h4>\n<h2 class=\"h4\">Fakturah\u00e5ndtering<\/h2>\n<p>N\u00e5 kan du enkelt holde oversikt over marginene dine og sikre deg mot overfakturering av frakt, ved \u00e5 registrere estimerte kostnader knyttet til kj\u00f8p, salg og overf\u00f8ringer som matches mot faktiske innkommende fakturaer. Regelbaserte funksjoner lar deg angi et akseptabelt toleranse-omr\u00e5de og varsle deg n\u00e5r dette omr\u00e5det overskrides.<\/p>\n<h4><\/h4>\n<h2 class=\"h4\">Items<\/h2>\n<p>Forenklet oppsett og kraftige brukerdefinerte attributter\/dimensjoner. Du kan opprette flere varefamilier samtidig. Et ubegrenset antall egendefinerte felt for varedimensjoner kan konfigureres og legges til elementer, slik at du kan spore og rapportere om faktorer som er viktige for driften din.<\/p>\n<h4><\/h4>\n<h2 class=\"h4\">Kvalitetssertifiseringer<\/h2>\n<p>Spor og administrer beholdning med sertifiserte kvalitetsbetegnelser som MSC eller Global GAP eller andre. Du kan angi regler p\u00e5 leverand\u00f8r- eller kundeniv\u00e5 for \u00e5 sikre at varer er merket riktig og enkelt med kvalitetssertifikatinformasjonen og lett synlige p\u00e5 salgstidspunktet. Merkede varer spores fra innf\u00f8ring i beholdning til sluttsalg med sertifiseringsstatus, som ikke kan endres.<\/p>\n            <\/div><!--\/.editor-content-->\n        <\/div><!--\/.content-wrapper-->\n    <\/div><!--\/.container-fluid-->\n<\/section>\n\n\n<section class=\"related-posts block alignfull\">\n    <div class=\"container-fluid\">\n        <div class=\"title-wrap\">\n            <h2 class=\"heading h2\">Psst..!<\/h2>        <\/div><!--\/.title-wrap-->\n                <div class=\"row\">\n                        <div class=\"col\">\n                <div onclick=\"location.href='https:\/\/maritech.com\/no\/kundecase-silver-seafood\/'\" class=\"post-card\">\n                    <div class=\"img-wrap\">\n\t\t\t\t\t\t<img decoding=\"async\" width=\"1024\" height=\"683\" src=\"https:\/\/maritech.com\/wp-content\/uploads\/2021\/06\/0203_maritech_tonemolnes_2022_TMO7851_MQ-1024x683.jpg\" class=\"attachment-large size-large wp-post-image\" alt=\"Kundecase - Silver Seafood\" srcset=\"https:\/\/maritech.com\/wp-content\/uploads\/2021\/06\/0203_maritech_tonemolnes_2022_TMO7851_MQ-1024x683.jpg 1024w, https:\/\/maritech.com\/wp-content\/uploads\/2021\/06\/0203_maritech_tonemolnes_2022_TMO7851_MQ-300x200.jpg 300w, https:\/\/maritech.com\/wp-content\/uploads\/2021\/06\/0203_maritech_tonemolnes_2022_TMO7851_MQ-768x512.jpg 768w, https:\/\/maritech.com\/wp-content\/uploads\/2021\/06\/0203_maritech_tonemolnes_2022_TMO7851_MQ-1536x1024.jpg 1536w, https:\/\/maritech.com\/wp-content\/uploads\/2021\/06\/0203_maritech_tonemolnes_2022_TMO7851_MQ-1500x1000.jpg 1500w, https:\/\/maritech.com\/wp-content\/uploads\/2021\/06\/0203_maritech_tonemolnes_2022_TMO7851_MQ-260x173.jpg 260w\" sizes=\"(max-width: 1024px) 100vw, 1024px\" \/>                    <\/div>\n                    <div class=\"info-wrap\">\n                                                <h4><a href=\"https:\/\/maritech.com\/no\/kundecase-silver-seafood\/\">Kundecase &#8211; Silver  <span class=\"lastword\"> Seafood <svg fill=\"none\" height=\"16\" viewBox=\"0 0 21 16\" width=\"21\" xmlns=\"http:\/\/www.w3.org\/2000\/svg\"><path d=\"m12.2646 1.0521 5.615 5.7114h-17.8796v1.503h17.8796l-5.615 5.7114 1.0343 1.0521 7.3883-7.515-7.3883-7.515z\" fill=\"#446bf9\"\/><\/svg><\/span><\/a><\/h4>\n                    <\/div>\n                <\/div>\n            <\/div><!--\/.col-->\n                        <div class=\"col\">\n                <div onclick=\"location.href='https:\/\/maritech.com\/no\/grieg-seafood-valgte-maritech\/'\" class=\"post-card\">\n                    <div class=\"img-wrap\">\n\t\t\t\t\t\t<img decoding=\"async\" width=\"706\" height=\"1024\" src=\"https:\/\/maritech.com\/wp-content\/uploads\/2022\/01\/TomThorgersen_Grieg-2-706x1024.jpg\" class=\"attachment-large size-large wp-post-image\" alt=\"Grieg Seafood valgte Maritech\" srcset=\"https:\/\/maritech.com\/wp-content\/uploads\/2022\/01\/TomThorgersen_Grieg-2-706x1024.jpg 706w, https:\/\/maritech.com\/wp-content\/uploads\/2022\/01\/TomThorgersen_Grieg-2-207x300.jpg 207w, https:\/\/maritech.com\/wp-content\/uploads\/2022\/01\/TomThorgersen_Grieg-2-768x1114.jpg 768w, https:\/\/maritech.com\/wp-content\/uploads\/2022\/01\/TomThorgersen_Grieg-2-1059x1536.jpg 1059w, https:\/\/maritech.com\/wp-content\/uploads\/2022\/01\/TomThorgersen_Grieg-2-1412x2048.jpg 1412w, https:\/\/maritech.com\/wp-content\/uploads\/2022\/01\/TomThorgersen_Grieg-2-1920x2785.jpg 1920w, https:\/\/maritech.com\/wp-content\/uploads\/2022\/01\/TomThorgersen_Grieg-2-138x200.jpg 138w, https:\/\/maritech.com\/wp-content\/uploads\/2022\/01\/TomThorgersen_Grieg-2-scaled.jpg 1765w\" sizes=\"(max-width: 706px) 100vw, 706px\" \/>                    <\/div>\n                    <div class=\"info-wrap\">\n                                                <h4><a href=\"https:\/\/maritech.com\/no\/grieg-seafood-valgte-maritech\/\">Grieg Seafood valgte  <span class=\"lastword\"> Maritech <svg fill=\"none\" height=\"16\" viewBox=\"0 0 21 16\" width=\"21\" xmlns=\"http:\/\/www.w3.org\/2000\/svg\"><path d=\"m12.2646 1.0521 5.615 5.7114h-17.8796v1.503h17.8796l-5.615 5.7114 1.0343 1.0521 7.3883-7.515-7.3883-7.515z\" fill=\"#446bf9\"\/><\/svg><\/span><\/a><\/h4>\n                    <\/div>\n                <\/div>\n            <\/div><!--\/.col-->\n                    <\/div><!--\/.row-->\n            <\/div><!--\/.container-fluid-->\n<\/section>\n\n\n<section class=\"alignfull block newsletter-form dark-blue\">\n    <div class=\"content-max-wrapper\">\n                    <div class=\"content-max-wrapper__text\">\n                <h3 class=\"h3\">Motta nyheter og invitasjoner fra Maritech<\/h3>\n            <\/div>\n                <!--[if lte IE 8]>\r\n<script charset=\"utf-8\" type=\"text\/javascript\" src=\"\/\/js-eu1.hsforms.net\/forms\/v2-legacy.js\"><\/script>\r\n<![endif]-->\r\n<script charset=\"utf-8\" type=\"text\/javascript\" src=\"\/\/js-eu1.hsforms.net\/forms\/v2.js\"><\/script>\r\n<script>\r\n  hbspt.forms.create({\r\n    region: \"eu1\",\r\n    portalId: \"25031368\",\r\n    formId: \"810e627a-049b-49de-b096-e08125e0e7e6\"\r\n});\r\n<\/script>    <div>\n<\/section>\n","protected":false},"excerpt":{"rendered":"","protected":false},"author":11,"featured_media":11970,"parent":0,"menu_order":0,"comment_status":"closed","ping_status":"closed","template":"","meta":{"_acf_changed":false,"content-type":"","lazy_load_responsive_images_disabled":false,"footnotes":""},"class_list":["post-10560","page","type-page","status-publish","has-post-thumbnail","hentry"],"acf":[],"yoast_head":"<!-- This site is optimized with the Yoast SEO Premium plugin v21.8 (Yoast SEO v26.8) - https:\/\/yoast.com\/product\/yoast-seo-premium-wordpress\/ -->\n<title>Dette er blant nyhetene i Purchase &amp; Sales<\/title>\n<meta name=\"description\" content=\"Kj\u00f8per eller selger du sj\u00f8mat? Maritech Purchase &amp; Sales er verkt\u00f8yet for enklere og mer l\u00f8nnsom trading. Her er noen nyheter - avtal en demo!\" \/>\n<meta name=\"robots\" content=\"index, follow, max-snippet:-1, max-image-preview:large, max-video-preview:-1\" \/>\n<link rel=\"canonical\" href=\"https:\/\/maritech.com\/no\/nyheter-i-maritech-purchase-sales\/\" \/>\n<meta property=\"og:locale\" content=\"nb_NO\" \/>\n<meta property=\"og:type\" content=\"article\" \/>\n<meta property=\"og:title\" content=\"Nyheter i Maritech Purchase &amp; Sales\" \/>\n<meta property=\"og:description\" content=\"Kj\u00f8per eller selger du sj\u00f8mat? Maritech Purchase &amp; Sales er verkt\u00f8yet for enklere og mer l\u00f8nnsom trading. Her er noen nyheter - avtal en demo!\" \/>\n<meta property=\"og:url\" content=\"https:\/\/maritech.com\/no\/nyheter-i-maritech-purchase-sales\/\" \/>\n<meta property=\"og:site_name\" content=\"Maritech\" \/>\n<meta property=\"article:modified_time\" content=\"2024-07-16T07:21:02+00:00\" \/>\n<meta property=\"og:image\" content=\"https:\/\/maritech.com\/wp-content\/uploads\/2022\/01\/PurchaseSales_Christin-new.jpg\" \/>\n\t<meta property=\"og:image:width\" content=\"1600\" \/>\n\t<meta property=\"og:image:height\" content=\"1067\" \/>\n\t<meta property=\"og:image:type\" content=\"image\/jpeg\" \/>\n<meta name=\"twitter:card\" content=\"summary_large_image\" \/>\n<meta name=\"twitter:label1\" content=\"Ansl. lesetid\" \/>\n\t<meta name=\"twitter:data1\" content=\"1 minutt\" \/>\n<script type=\"application\/ld+json\" class=\"yoast-schema-graph\">{\"@context\":\"https:\/\/schema.org\",\"@graph\":[{\"@type\":\"WebPage\",\"@id\":\"https:\/\/maritech.com\/no\/nyheter-i-maritech-purchase-sales\/\",\"url\":\"https:\/\/maritech.com\/no\/nyheter-i-maritech-purchase-sales\/\",\"name\":\"Dette er blant nyhetene i Purchase & Sales\",\"isPartOf\":{\"@id\":\"https:\/\/maritech.com\/no\/#website\"},\"primaryImageOfPage\":{\"@id\":\"https:\/\/maritech.com\/no\/nyheter-i-maritech-purchase-sales\/#primaryimage\"},\"image\":{\"@id\":\"https:\/\/maritech.com\/no\/nyheter-i-maritech-purchase-sales\/#primaryimage\"},\"thumbnailUrl\":\"https:\/\/maritech.com\/wp-content\/uploads\/2022\/01\/PurchaseSales_Christin-new.jpg\",\"datePublished\":\"2021-10-06T12:57:00+00:00\",\"dateModified\":\"2024-07-16T07:21:02+00:00\",\"description\":\"Kj\u00f8per eller selger du sj\u00f8mat? Maritech Purchase & Sales er verkt\u00f8yet for enklere og mer l\u00f8nnsom trading. Her er noen nyheter - avtal en demo!\",\"breadcrumb\":{\"@id\":\"https:\/\/maritech.com\/no\/nyheter-i-maritech-purchase-sales\/#breadcrumb\"},\"inLanguage\":\"nb-NO\",\"potentialAction\":[{\"@type\":\"ReadAction\",\"target\":[\"https:\/\/maritech.com\/no\/nyheter-i-maritech-purchase-sales\/\"]}]},{\"@type\":\"ImageObject\",\"inLanguage\":\"nb-NO\",\"@id\":\"https:\/\/maritech.com\/no\/nyheter-i-maritech-purchase-sales\/#primaryimage\",\"url\":\"https:\/\/maritech.com\/wp-content\/uploads\/2022\/01\/PurchaseSales_Christin-new.jpg\",\"contentUrl\":\"https:\/\/maritech.com\/wp-content\/uploads\/2022\/01\/PurchaseSales_Christin-new.jpg\",\"width\":1600,\"height\":1067,\"caption\":\"Maritech Purchase&Sales - world-leading cloud solutions for seafood trading\"},{\"@type\":\"BreadcrumbList\",\"@id\":\"https:\/\/maritech.com\/no\/nyheter-i-maritech-purchase-sales\/#breadcrumb\",\"itemListElement\":[{\"@type\":\"ListItem\",\"position\":1,\"name\":\"Home\",\"item\":\"https:\/\/maritech.com\/no\/\"},{\"@type\":\"ListItem\",\"position\":2,\"name\":\"Nyheter i Maritech Purchase &#038; Sales\"}]},{\"@type\":\"WebSite\",\"@id\":\"https:\/\/maritech.com\/no\/#website\",\"url\":\"https:\/\/maritech.com\/no\/\",\"name\":\"Maritech\",\"description\":\"\",\"publisher\":{\"@id\":\"https:\/\/maritech.com\/no\/#organization\"},\"potentialAction\":[{\"@type\":\"SearchAction\",\"target\":{\"@type\":\"EntryPoint\",\"urlTemplate\":\"https:\/\/maritech.com\/no\/?s={search_term_string}\"},\"query-input\":{\"@type\":\"PropertyValueSpecification\",\"valueRequired\":true,\"valueName\":\"search_term_string\"}}],\"inLanguage\":\"nb-NO\"},{\"@type\":\"Organization\",\"@id\":\"https:\/\/maritech.com\/no\/#organization\",\"name\":\"Maritech\",\"url\":\"https:\/\/maritech.com\/no\/\",\"logo\":{\"@type\":\"ImageObject\",\"inLanguage\":\"nb-NO\",\"@id\":\"https:\/\/maritech.com\/no\/#\/schema\/logo\/image\/\",\"url\":\"https:\/\/maritech.com\/wp-content\/uploads\/2024\/07\/Maritech-Logo-Co-Brand-WHITE.png\",\"contentUrl\":\"https:\/\/maritech.com\/wp-content\/uploads\/2024\/07\/Maritech-Logo-Co-Brand-WHITE.png\",\"width\":3336,\"height\":890,\"caption\":\"Maritech\"},\"image\":{\"@id\":\"https:\/\/maritech.com\/no\/#\/schema\/logo\/image\/\"}}]}<\/script>\n<!-- \/ Yoast SEO Premium plugin. -->","yoast_head_json":{"title":"Dette er blant nyhetene i Purchase & Sales","description":"Kj\u00f8per eller selger du sj\u00f8mat? Maritech Purchase & Sales er verkt\u00f8yet for enklere og mer l\u00f8nnsom trading. Her er noen nyheter - avtal en demo!","robots":{"index":"index","follow":"follow","max-snippet":"max-snippet:-1","max-image-preview":"max-image-preview:large","max-video-preview":"max-video-preview:-1"},"canonical":"https:\/\/maritech.com\/no\/nyheter-i-maritech-purchase-sales\/","og_locale":"nb_NO","og_type":"article","og_title":"Nyheter i Maritech Purchase & Sales","og_description":"Kj\u00f8per eller selger du sj\u00f8mat? Maritech Purchase & Sales er verkt\u00f8yet for enklere og mer l\u00f8nnsom trading. Her er noen nyheter - avtal en demo!","og_url":"https:\/\/maritech.com\/no\/nyheter-i-maritech-purchase-sales\/","og_site_name":"Maritech","article_modified_time":"2024-07-16T07:21:02+00:00","og_image":[{"width":1600,"height":1067,"url":"https:\/\/maritech.com\/wp-content\/uploads\/2022\/01\/PurchaseSales_Christin-new.jpg","type":"image\/jpeg"}],"twitter_card":"summary_large_image","twitter_misc":{"Ansl. lesetid":"1 minutt"},"schema":{"@context":"https:\/\/schema.org","@graph":[{"@type":"WebPage","@id":"https:\/\/maritech.com\/no\/nyheter-i-maritech-purchase-sales\/","url":"https:\/\/maritech.com\/no\/nyheter-i-maritech-purchase-sales\/","name":"Dette er blant nyhetene i Purchase & Sales","isPartOf":{"@id":"https:\/\/maritech.com\/no\/#website"},"primaryImageOfPage":{"@id":"https:\/\/maritech.com\/no\/nyheter-i-maritech-purchase-sales\/#primaryimage"},"image":{"@id":"https:\/\/maritech.com\/no\/nyheter-i-maritech-purchase-sales\/#primaryimage"},"thumbnailUrl":"https:\/\/maritech.com\/wp-content\/uploads\/2022\/01\/PurchaseSales_Christin-new.jpg","datePublished":"2021-10-06T12:57:00+00:00","dateModified":"2024-07-16T07:21:02+00:00","description":"Kj\u00f8per eller selger du sj\u00f8mat? Maritech Purchase & Sales er verkt\u00f8yet for enklere og mer l\u00f8nnsom trading. Her er noen nyheter - avtal en demo!","breadcrumb":{"@id":"https:\/\/maritech.com\/no\/nyheter-i-maritech-purchase-sales\/#breadcrumb"},"inLanguage":"nb-NO","potentialAction":[{"@type":"ReadAction","target":["https:\/\/maritech.com\/no\/nyheter-i-maritech-purchase-sales\/"]}]},{"@type":"ImageObject","inLanguage":"nb-NO","@id":"https:\/\/maritech.com\/no\/nyheter-i-maritech-purchase-sales\/#primaryimage","url":"https:\/\/maritech.com\/wp-content\/uploads\/2022\/01\/PurchaseSales_Christin-new.jpg","contentUrl":"https:\/\/maritech.com\/wp-content\/uploads\/2022\/01\/PurchaseSales_Christin-new.jpg","width":1600,"height":1067,"caption":"Maritech Purchase&Sales - world-leading cloud solutions for seafood trading"},{"@type":"BreadcrumbList","@id":"https:\/\/maritech.com\/no\/nyheter-i-maritech-purchase-sales\/#breadcrumb","itemListElement":[{"@type":"ListItem","position":1,"name":"Home","item":"https:\/\/maritech.com\/no\/"},{"@type":"ListItem","position":2,"name":"Nyheter i Maritech Purchase &#038; Sales"}]},{"@type":"WebSite","@id":"https:\/\/maritech.com\/no\/#website","url":"https:\/\/maritech.com\/no\/","name":"Maritech","description":"","publisher":{"@id":"https:\/\/maritech.com\/no\/#organization"},"potentialAction":[{"@type":"SearchAction","target":{"@type":"EntryPoint","urlTemplate":"https:\/\/maritech.com\/no\/?s={search_term_string}"},"query-input":{"@type":"PropertyValueSpecification","valueRequired":true,"valueName":"search_term_string"}}],"inLanguage":"nb-NO"},{"@type":"Organization","@id":"https:\/\/maritech.com\/no\/#organization","name":"Maritech","url":"https:\/\/maritech.com\/no\/","logo":{"@type":"ImageObject","inLanguage":"nb-NO","@id":"https:\/\/maritech.com\/no\/#\/schema\/logo\/image\/","url":"https:\/\/maritech.com\/wp-content\/uploads\/2024\/07\/Maritech-Logo-Co-Brand-WHITE.png","contentUrl":"https:\/\/maritech.com\/wp-content\/uploads\/2024\/07\/Maritech-Logo-Co-Brand-WHITE.png","width":3336,"height":890,"caption":"Maritech"},"image":{"@id":"https:\/\/maritech.com\/no\/#\/schema\/logo\/image\/"}}]}},"jetpack_sharing_enabled":true,"_links":{"self":[{"href":"https:\/\/maritech.com\/no\/wp-json\/wp\/v2\/pages\/10560","targetHints":{"allow":["GET"]}}],"collection":[{"href":"https:\/\/maritech.com\/no\/wp-json\/wp\/v2\/pages"}],"about":[{"href":"https:\/\/maritech.com\/no\/wp-json\/wp\/v2\/types\/page"}],"author":[{"embeddable":true,"href":"https:\/\/maritech.com\/no\/wp-json\/wp\/v2\/users\/11"}],"replies":[{"embeddable":true,"href":"https:\/\/maritech.com\/no\/wp-json\/wp\/v2\/comments?post=10560"}],"version-history":[{"count":45,"href":"https:\/\/maritech.com\/no\/wp-json\/wp\/v2\/pages\/10560\/revisions"}],"predecessor-version":[{"id":20378,"href":"https:\/\/maritech.com\/no\/wp-json\/wp\/v2\/pages\/10560\/revisions\/20378"}],"wp:featuredmedia":[{"embeddable":true,"href":"https:\/\/maritech.com\/no\/wp-json\/wp\/v2\/media\/11970"}],"wp:attachment":[{"href":"https:\/\/maritech.com\/no\/wp-json\/wp\/v2\/media?parent=10560"}],"curies":[{"name":"wp","href":"https:\/\/api.w.org\/{rel}","templated":true}]}}