{"id":10714,"date":"2021-12-08T12:18:16","date_gmt":"2021-12-08T11:18:16","guid":{"rendered":"https:\/\/maritech.com\/?page_id=10714"},"modified":"2024-07-09T13:49:32","modified_gmt":"2024-07-09T12:49:32","slug":"nye-power-bi-rapporter-i-analytics","status":"publish","type":"page","link":"https:\/\/maritech.com\/no\/nye-power-bi-rapporter-i-analytics\/","title":{"rendered":"Nye Power BI-rapporter i Analytics"},"content":{"rendered":"\n<section class=\"hero block alignfull bg-image grad-dark\" style=\"background-image: url('https:\/\/maritech.com\/wp-content\/uploads\/2021\/12\/Atlantic_salmon.jpg'); \" >\n    <div class=\"container-fluid\">\n        <div class=\"hero-content\">\n                        <div class=\"editor-content\">\n                <h1><span style=\"color: #ffffff;\">Nye Power BI-rapporter i Analytics<\/span><\/h1>\n<p class=\"preamble\"><span style=\"color: #ffffff;\">Hvor raskt kan du agere p\u00e5 prisendringer? Hvilke markeder b\u00f8r du prioritere i dag?\u00a0<\/span><\/p>\n<p class=\"normal\"><span style=\"color: #ffffff;\">N\u00e5 kan du enkelt f\u00e5 full oversikt med de nye kunde-, markeds- og kostnads-rapportene i Maritech Analytics \u2013 skreddersydd for sj\u00f8mat-tradere og -produsenter.<\/span><\/p>\n<p class=\"preamble\">\n            <\/div>\n            <div class=\"button-wrap left\"><a class=\"btn btn-primary\" href=\"https:\/\/demo.dev.maritech.cloud\/START\/Introduction\" target=\"_blank\" title=\"Se hvordan vi gj\u00f8r det\">Se hvordan vi gj\u00f8r det<\/a><\/div>        <\/div><!--\/.hero-content-->\n    <\/div><!--\/.container-fluid-->\n<\/section>\n\n\n\n<section class=\"breadcrumb-section block alignfull\">\n    <div class=\"container-fluid\">\n        <p class=\"breadcrumbs\"><span><span><a href=\"https:\/\/maritech.com\/no\/\"><span class=\"d-none\">Home<\/span><svg xmlns=\"http:\/\/www.w3.org\/2000\/svg\" xmlns:xlink=\"http:\/\/www.w3.org\/1999\/xlink\" contentScriptType=\"text\/ecmascript\" contentStyleType=\"text\/css\" enable-background=\"new 0 0 2048 2048\" height=\"2048px\" id=\"Layer_1\" preserveAspectRatio=\"xMidYMid meet\" version=\"1.1\" viewBox=\"25.33300018310547 0 1613.333984375 2048\" width=\"1613.333984375px\" xml:space=\"preserve\" zoomAndPan=\"magnify\" style=\"&#10;    width: 20px;&#10;\"><path d=\"M1408,1120v480c0,17.333-6.333,32.333-19,45s-27.667,19-45,19H960v-384H704v384H320c-17.333,0-32.333-6.333-45-19  s-19-27.667-19-45v-480c0-0.667,0.167-1.667,0.5-3s0.5-2.333,0.5-3l575-474l575,474C1407.667,1115.333,1408,1117.333,1408,1120z   M1631,1051l-62,74c-5.333,6-12.333,9.667-21,11h-3c-8.667,0-15.667-2.333-21-7L832,552l-692,577c-8,5.333-16,7.667-24,7  c-8.667-1.333-15.667-5-21-11l-62-74c-5.333-6.667-7.667-14.5-7-23.5s4.333-16.167,11-21.5l719-599c21.333-17.333,46.667-26,76-26  s54.667,8.667,76,26l244,204V416c0-9.333,3-17,9-23s13.667-9,23-9h192c9.333,0,17,3,23,9s9,13.667,9,23v408l219,182  c6.667,5.333,10.333,12.5,11,21.5S1636.333,1044.333,1631,1051z\"\/><\/svg><\/a><\/span><\/span><\/p>    <\/div>\n<\/section>\n\n<section class=\"page-content block alignfull\">\n    <div class=\"container-fluid\">\n        <div class=\"content-wrapper\">\n            <div class=\"editor-content\">\n                <h2>Optimaliser prissetting, salgsstrategi og produksjonsplan<\/h2>\n<p class=\"preamble\">Overv\u00e5k kostnader og kundetrender, og s\u00f8rg for at du raskt kan avdekke risikoer og muligheter i nye markeder.<\/p>\n<p>Vi lanserer n\u00e5 flere nye Power BI-rapporter i Maritech Analytics, for \u00e5 gi deg verdifull innsikt, bedre marginer og mer effektive arbeidsprosesser.<\/p>\n<p>&nbsp;<\/p>\n<h3 class=\"h4\">Market Insights-rapport<\/h3>\n<ul>\n<li>Priser for laks og andre n\u00f8kkelarter som torsk, hyse, sei og makrell<\/li>\n<li>Prisindekser for laks i Europa, USA, Brasil og Kina<\/li>\n<li>Handelsm\u00f8nstre og trender for sj\u00f8mat<\/li>\n<li>Biomasseutvikling for norsk og chilensk oppdrettslaks<\/li>\n<\/ul>\n<p>&nbsp;<\/p>\n<h3 class=\"h4\">Kundeanalyse<\/h3>\n<ul>\n<li>KPI-er p\u00e5 nye kunder, kundebevaring og tapsrate<\/li>\n<li>KPIer og trender p\u00e5 hver kundes volum, verdi og l\u00f8nnsomhet<\/li>\n<li>Verdifull innsikt i kundens prisf\u00f8lsomhet og oversikt over kj\u00f8psm\u00f8nstre<\/li>\n<\/ul>\n            <\/div><!--\/.editor-content-->\n        <\/div><!--\/.content-wrapper-->\n    <\/div><!--\/.container-fluid-->\n<\/section>\n\n\n<figure class=\"wp-block-image size-large\"><img decoding=\"async\" width=\"1024\" height=\"576\" src=\"https:\/\/maritech.com\/wp-content\/uploads\/2021\/12\/Customer_analysis_report-1024x576.jpg\" alt=\"Customer Analysis Report by Maritech \" class=\"wp-image-11108\" srcset=\"https:\/\/maritech.com\/wp-content\/uploads\/2021\/12\/Customer_analysis_report-1024x576.jpg 1024w, https:\/\/maritech.com\/wp-content\/uploads\/2021\/12\/Customer_analysis_report-300x169.jpg 300w, https:\/\/maritech.com\/wp-content\/uploads\/2021\/12\/Customer_analysis_report-768x432.jpg 768w, https:\/\/maritech.com\/wp-content\/uploads\/2021\/12\/Customer_analysis_report-1536x864.jpg 1536w, https:\/\/maritech.com\/wp-content\/uploads\/2021\/12\/Customer_analysis_report-260x146.jpg 260w, https:\/\/maritech.com\/wp-content\/uploads\/2021\/12\/Customer_analysis_report.jpg 1906w\" sizes=\"(max-width: 1024px) 100vw, 1024px\" \/><figcaption class=\"wp-element-caption\">Maritech DGS Purchase &amp; Sales <\/figcaption><\/figure>\n\n\n<section class=\"page-content block alignfull\">\n    <div class=\"container-fluid\">\n        <div class=\"content-wrapper\">\n            <div class=\"editor-content\">\n                <h3 class=\"h4\">Kostnadsanalyse<\/h3>\n<ul>\n<li>KPI-er p\u00e5 ulike kostnadstyper<\/li>\n<li>Oversikt over interne og eksterne kostnadsm\u00f8nstre<\/li>\n<li>Innsikt i hver kostnadstype for \u00e5 finne viktige p\u00e5virkere \u2013 hvilke kunder og varer \u00f8ker eller reduserer marginene dine?<\/li>\n<li>Innsikt i prisf\u00f8lsomhet p\u00e5 vareniv\u00e5 og kundeniv\u00e5<\/li>\n<li>Verkt\u00f8y for \u00e5 sjekke dato p\u00e5 produktene p\u00e5 lager<\/li>\n<\/ul>\n            <\/div><!--\/.editor-content-->\n        <\/div><!--\/.content-wrapper-->\n    <\/div><!--\/.container-fluid-->\n<\/section>\n\n<section  class=\"request-form block alignfull sm\">\n    <div class=\"container-fluid\">\n        <div class=\"block-container\">\n            <div class=\"content-wrap\">\n                                    <h4>Nysgjerrig? <\/h4>\n                                            <\/div>\n            <div class=\"form-wrap\">\n                                                    <div class=\"button-wrap left\">\n                        <a class=\"btn\" href=\"https:\/\/share-eu1.hsforms.com\/1N64zSG_iQh6EJmgag0ox5Qewibs\" title=\"Kontakt oss!\">\n                            Kontakt oss!                        <\/a>\n                    <\/div>\n                            <\/div>\n        <\/div>\n    <\/div>\n<\/section>\n\n\n<section class=\"related-posts block alignfull\">\n    <div class=\"container-fluid\">\n        <div class=\"title-wrap\">\n            <h2 class=\"heading h2\">F\u00e5tt med deg dette?<\/h2>        <\/div><!--\/.title-wrap-->\n                <div class=\"row\">\n                        <div class=\"col\">\n                <div onclick=\"location.href='https:\/\/maritech.com\/no\/vare-losninger-analytics\/'\" class=\"post-card\">\n                    <div class=\"img-wrap\">\n\t\t\t\t\t\t<img decoding=\"async\" width=\"1024\" height=\"455\" src=\"https:\/\/maritech.com\/wp-content\/uploads\/2021\/05\/analytics.jpg\" class=\"attachment-large size-large wp-post-image\" alt=\"Analytics\" srcset=\"https:\/\/maritech.com\/wp-content\/uploads\/2021\/05\/analytics.jpg 1024w, https:\/\/maritech.com\/wp-content\/uploads\/2021\/05\/analytics-300x133.jpg 300w, https:\/\/maritech.com\/wp-content\/uploads\/2021\/05\/analytics-768x341.jpg 768w, https:\/\/maritech.com\/wp-content\/uploads\/2021\/05\/analytics-260x116.jpg 260w\" sizes=\"(max-width: 1024px) 100vw, 1024px\" \/>                    <\/div>\n                    <div class=\"info-wrap\">\n                                                <h4><a href=\"https:\/\/maritech.com\/no\/vare-losninger-analytics\/\"> <span class=\"lastword\"> Analytics <svg fill=\"none\" height=\"16\" viewBox=\"0 0 21 16\" width=\"21\" xmlns=\"http:\/\/www.w3.org\/2000\/svg\"><path d=\"m12.2646 1.0521 5.615 5.7114h-17.8796v1.503h17.8796l-5.615 5.7114 1.0343 1.0521 7.3883-7.515-7.3883-7.515z\" fill=\"#446bf9\"\/><\/svg><\/span><\/a><\/h4>\n                    <\/div>\n                <\/div>\n            <\/div><!--\/.col-->\n                        <div class=\"col\">\n                <div onclick=\"location.href='https:\/\/maritech.com\/no\/nordlaks-valgte-maritech-purchase-sales\/'\" class=\"post-card\">\n                    <div class=\"img-wrap\">\n\t\t\t\t\t\t<img decoding=\"async\" width=\"1024\" height=\"775\" src=\"https:\/\/maritech.com\/wp-content\/uploads\/2023\/09\/Nordlaks_squash-1024x775.jpeg\" class=\"attachment-large size-large wp-post-image\" alt=\"Kundecase - Nordlaks\" srcset=\"https:\/\/maritech.com\/wp-content\/uploads\/2023\/09\/Nordlaks_squash-1024x775.jpeg 1024w, https:\/\/maritech.com\/wp-content\/uploads\/2023\/09\/Nordlaks_squash-300x227.jpeg 300w, https:\/\/maritech.com\/wp-content\/uploads\/2023\/09\/Nordlaks_squash-768x581.jpeg 768w, https:\/\/maritech.com\/wp-content\/uploads\/2023\/09\/Nordlaks_squash-1322x1000.jpeg 1322w, https:\/\/maritech.com\/wp-content\/uploads\/2023\/09\/Nordlaks_squash-260x197.jpeg 260w, https:\/\/maritech.com\/wp-content\/uploads\/2023\/09\/Nordlaks_squash.jpeg 1368w\" sizes=\"(max-width: 1024px) 100vw, 1024px\" \/>                    <\/div>\n                    <div class=\"info-wrap\">\n                                                <h4><a href=\"https:\/\/maritech.com\/no\/nordlaks-valgte-maritech-purchase-sales\/\">Kundecase &#8211;  <span class=\"lastword\"> Nordlaks <svg fill=\"none\" height=\"16\" viewBox=\"0 0 21 16\" width=\"21\" xmlns=\"http:\/\/www.w3.org\/2000\/svg\"><path d=\"m12.2646 1.0521 5.615 5.7114h-17.8796v1.503h17.8796l-5.615 5.7114 1.0343 1.0521 7.3883-7.515-7.3883-7.515z\" fill=\"#446bf9\"\/><\/svg><\/span><\/a><\/h4>\n                    <\/div>\n                <\/div>\n            <\/div><!--\/.col-->\n                        <div class=\"col\">\n                <div onclick=\"location.href='https:\/\/maritech.com\/no\/kundecase-seaborn\/'\" class=\"post-card\">\n                    <div class=\"img-wrap\">\n\t\t\t\t\t\t<img decoding=\"async\" width=\"1024\" height=\"684\" src=\"https:\/\/maritech.com\/wp-content\/uploads\/2019\/06\/Maritecn_Seaborn_web-Cecilie-Bannow-all-rights-reserved-2-1-1024x684.jpg\" class=\"attachment-large size-large wp-post-image\" alt=\"Kundecase - Seaborn\" srcset=\"https:\/\/maritech.com\/wp-content\/uploads\/2019\/06\/Maritecn_Seaborn_web-Cecilie-Bannow-all-rights-reserved-2-1-1024x684.jpg 1024w, https:\/\/maritech.com\/wp-content\/uploads\/2019\/06\/Maritecn_Seaborn_web-Cecilie-Bannow-all-rights-reserved-2-1-300x200.jpg 300w, https:\/\/maritech.com\/wp-content\/uploads\/2019\/06\/Maritecn_Seaborn_web-Cecilie-Bannow-all-rights-reserved-2-1-768x513.jpg 768w, https:\/\/maritech.com\/wp-content\/uploads\/2019\/06\/Maritecn_Seaborn_web-Cecilie-Bannow-all-rights-reserved-2-1-1920x1282.jpg 1920w, https:\/\/maritech.com\/wp-content\/uploads\/2019\/06\/Maritecn_Seaborn_web-Cecilie-Bannow-all-rights-reserved-2-1-260x174.jpg 260w, https:\/\/maritech.com\/wp-content\/uploads\/2019\/06\/Maritecn_Seaborn_web-Cecilie-Bannow-all-rights-reserved-2-1-e1590741789663.jpg 1935w\" sizes=\"(max-width: 1024px) 100vw, 1024px\" \/>                    <\/div>\n                    <div class=\"info-wrap\">\n                                                <h4><a href=\"https:\/\/maritech.com\/no\/kundecase-seaborn\/\">Kundecase &#8211;  <span class=\"lastword\"> Seaborn <svg fill=\"none\" height=\"16\" viewBox=\"0 0 21 16\" width=\"21\" xmlns=\"http:\/\/www.w3.org\/2000\/svg\"><path d=\"m12.2646 1.0521 5.615 5.7114h-17.8796v1.503h17.8796l-5.615 5.7114 1.0343 1.0521 7.3883-7.515-7.3883-7.515z\" fill=\"#446bf9\"\/><\/svg><\/span><\/a><\/h4>\n                    <\/div>\n                <\/div>\n            <\/div><!--\/.col-->\n                    <\/div><!--\/.row-->\n            <\/div><!--\/.container-fluid-->\n<\/section>\n\n\n<section class=\"alignfull block newsletter-form dark-blue\">\n    <div class=\"content-max-wrapper\">\n                    <div class=\"content-max-wrapper__text\">\n                <h3 class=\"h3\">Motta nyheter og invitasjoner fra Maritech<\/h3>\n            <\/div>\n                <!--[if lte IE 8]>\r\n<script charset=\"utf-8\" type=\"text\/javascript\" src=\"\/\/js-eu1.hsforms.net\/forms\/v2-legacy.js\"><\/script>\r\n<![endif]-->\r\n<script charset=\"utf-8\" type=\"text\/javascript\" src=\"\/\/js-eu1.hsforms.net\/forms\/v2.js\"><\/script>\r\n<script>\r\n  hbspt.forms.create({\r\n    region: \"eu1\",\r\n    portalId: \"25031368\",\r\n    formId: \"810e627a-049b-49de-b096-e08125e0e7e6\"\r\n});\r\n<\/script>    <div>\n<\/section>\n","protected":false},"excerpt":{"rendered":"","protected":false},"author":11,"featured_media":11108,"parent":0,"menu_order":0,"comment_status":"closed","ping_status":"closed","template":"","meta":{"_acf_changed":false,"content-type":"","lazy_load_responsive_images_disabled":false,"footnotes":""},"class_list":["post-10714","page","type-page","status-publish","has-post-thumbnail","hentry"],"acf":[],"yoast_head":"<!-- This site is optimized with the Yoast SEO Premium plugin v21.8 (Yoast SEO v26.8) - https:\/\/yoast.com\/product\/yoast-seo-premium-wordpress\/ -->\n<title>Nye Power BI-rapporter i Maritech Analytics<\/title>\n<meta name=\"description\" content=\"Hvor raskt agerer du p\u00e5 prisendringer? Hvilke markeder b\u00f8r du prioritere i dag?\u00a0 Nye rapporter skreddersydd for tradere og sj\u00f8matprodusenter.\" \/>\n<meta name=\"robots\" content=\"index, follow, max-snippet:-1, max-image-preview:large, max-video-preview:-1\" \/>\n<link rel=\"canonical\" href=\"https:\/\/maritech.com\/no\/nye-power-bi-rapporter-i-analytics\/\" \/>\n<meta property=\"og:locale\" content=\"nb_NO\" \/>\n<meta property=\"og:type\" content=\"article\" \/>\n<meta property=\"og:title\" content=\"Nye Power BI-rapporter i Analytics\" \/>\n<meta property=\"og:description\" content=\"Hvor raskt agerer du p\u00e5 prisendringer? Hvilke markeder b\u00f8r du prioritere i dag?\u00a0 Nye rapporter skreddersydd for tradere og sj\u00f8matprodusenter.\" \/>\n<meta property=\"og:url\" content=\"https:\/\/maritech.com\/no\/nye-power-bi-rapporter-i-analytics\/\" \/>\n<meta property=\"og:site_name\" content=\"Maritech\" \/>\n<meta property=\"article:modified_time\" content=\"2024-07-09T12:49:32+00:00\" \/>\n<meta property=\"og:image\" content=\"https:\/\/maritech.com\/wp-content\/uploads\/2021\/12\/Customer_analysis_report-e1638957622468.jpg\" \/>\n\t<meta property=\"og:image:width\" content=\"1906\" \/>\n\t<meta property=\"og:image:height\" content=\"1072\" \/>\n\t<meta property=\"og:image:type\" content=\"image\/jpeg\" \/>\n<meta name=\"twitter:card\" content=\"summary_large_image\" \/>\n<meta name=\"twitter:label1\" content=\"Ansl. lesetid\" \/>\n\t<meta name=\"twitter:data1\" content=\"1 minutt\" \/>\n<script type=\"application\/ld+json\" class=\"yoast-schema-graph\">{\"@context\":\"https:\/\/schema.org\",\"@graph\":[{\"@type\":\"WebPage\",\"@id\":\"https:\/\/maritech.com\/no\/nye-power-bi-rapporter-i-analytics\/\",\"url\":\"https:\/\/maritech.com\/no\/nye-power-bi-rapporter-i-analytics\/\",\"name\":\"Nye Power BI-rapporter i Maritech Analytics\",\"isPartOf\":{\"@id\":\"https:\/\/maritech.com\/no\/#website\"},\"primaryImageOfPage\":{\"@id\":\"https:\/\/maritech.com\/no\/nye-power-bi-rapporter-i-analytics\/#primaryimage\"},\"image\":{\"@id\":\"https:\/\/maritech.com\/no\/nye-power-bi-rapporter-i-analytics\/#primaryimage\"},\"thumbnailUrl\":\"https:\/\/maritech.com\/wp-content\/uploads\/2021\/12\/Customer_analysis_report-e1638957622468.jpg\",\"datePublished\":\"2021-12-08T11:18:16+00:00\",\"dateModified\":\"2024-07-09T12:49:32+00:00\",\"description\":\"Hvor raskt agerer du p\u00e5 prisendringer? Hvilke markeder b\u00f8r du prioritere i dag?\u00a0 Nye rapporter skreddersydd for tradere og sj\u00f8matprodusenter.\",\"breadcrumb\":{\"@id\":\"https:\/\/maritech.com\/no\/nye-power-bi-rapporter-i-analytics\/#breadcrumb\"},\"inLanguage\":\"nb-NO\",\"potentialAction\":[{\"@type\":\"ReadAction\",\"target\":[\"https:\/\/maritech.com\/no\/nye-power-bi-rapporter-i-analytics\/\"]}]},{\"@type\":\"ImageObject\",\"inLanguage\":\"nb-NO\",\"@id\":\"https:\/\/maritech.com\/no\/nye-power-bi-rapporter-i-analytics\/#primaryimage\",\"url\":\"https:\/\/maritech.com\/wp-content\/uploads\/2021\/12\/Customer_analysis_report-e1638957622468.jpg\",\"contentUrl\":\"https:\/\/maritech.com\/wp-content\/uploads\/2021\/12\/Customer_analysis_report-e1638957622468.jpg\",\"width\":1906,\"height\":1072,\"caption\":\"Customer Analysis Report by Maritech\"},{\"@type\":\"BreadcrumbList\",\"@id\":\"https:\/\/maritech.com\/no\/nye-power-bi-rapporter-i-analytics\/#breadcrumb\",\"itemListElement\":[{\"@type\":\"ListItem\",\"position\":1,\"name\":\"Home\",\"item\":\"https:\/\/maritech.com\/no\/\"},{\"@type\":\"ListItem\",\"position\":2,\"name\":\"Nye Power BI-rapporter i Analytics\"}]},{\"@type\":\"WebSite\",\"@id\":\"https:\/\/maritech.com\/no\/#website\",\"url\":\"https:\/\/maritech.com\/no\/\",\"name\":\"Maritech\",\"description\":\"\",\"publisher\":{\"@id\":\"https:\/\/maritech.com\/no\/#organization\"},\"potentialAction\":[{\"@type\":\"SearchAction\",\"target\":{\"@type\":\"EntryPoint\",\"urlTemplate\":\"https:\/\/maritech.com\/no\/?s={search_term_string}\"},\"query-input\":{\"@type\":\"PropertyValueSpecification\",\"valueRequired\":true,\"valueName\":\"search_term_string\"}}],\"inLanguage\":\"nb-NO\"},{\"@type\":\"Organization\",\"@id\":\"https:\/\/maritech.com\/no\/#organization\",\"name\":\"Maritech\",\"url\":\"https:\/\/maritech.com\/no\/\",\"logo\":{\"@type\":\"ImageObject\",\"inLanguage\":\"nb-NO\",\"@id\":\"https:\/\/maritech.com\/no\/#\/schema\/logo\/image\/\",\"url\":\"https:\/\/maritech.com\/wp-content\/uploads\/2024\/07\/Maritech-Logo-Co-Brand-WHITE.png\",\"contentUrl\":\"https:\/\/maritech.com\/wp-content\/uploads\/2024\/07\/Maritech-Logo-Co-Brand-WHITE.png\",\"width\":3336,\"height\":890,\"caption\":\"Maritech\"},\"image\":{\"@id\":\"https:\/\/maritech.com\/no\/#\/schema\/logo\/image\/\"}}]}<\/script>\n<!-- \/ Yoast SEO Premium plugin. -->","yoast_head_json":{"title":"Nye Power BI-rapporter i Maritech Analytics","description":"Hvor raskt agerer du p\u00e5 prisendringer? Hvilke markeder b\u00f8r du prioritere i dag?\u00a0 Nye rapporter skreddersydd for tradere og sj\u00f8matprodusenter.","robots":{"index":"index","follow":"follow","max-snippet":"max-snippet:-1","max-image-preview":"max-image-preview:large","max-video-preview":"max-video-preview:-1"},"canonical":"https:\/\/maritech.com\/no\/nye-power-bi-rapporter-i-analytics\/","og_locale":"nb_NO","og_type":"article","og_title":"Nye Power BI-rapporter i Analytics","og_description":"Hvor raskt agerer du p\u00e5 prisendringer? Hvilke markeder b\u00f8r du prioritere i dag?\u00a0 Nye rapporter skreddersydd for tradere og sj\u00f8matprodusenter.","og_url":"https:\/\/maritech.com\/no\/nye-power-bi-rapporter-i-analytics\/","og_site_name":"Maritech","article_modified_time":"2024-07-09T12:49:32+00:00","og_image":[{"width":1906,"height":1072,"url":"https:\/\/maritech.com\/wp-content\/uploads\/2021\/12\/Customer_analysis_report-e1638957622468.jpg","type":"image\/jpeg"}],"twitter_card":"summary_large_image","twitter_misc":{"Ansl. lesetid":"1 minutt"},"schema":{"@context":"https:\/\/schema.org","@graph":[{"@type":"WebPage","@id":"https:\/\/maritech.com\/no\/nye-power-bi-rapporter-i-analytics\/","url":"https:\/\/maritech.com\/no\/nye-power-bi-rapporter-i-analytics\/","name":"Nye Power BI-rapporter i Maritech Analytics","isPartOf":{"@id":"https:\/\/maritech.com\/no\/#website"},"primaryImageOfPage":{"@id":"https:\/\/maritech.com\/no\/nye-power-bi-rapporter-i-analytics\/#primaryimage"},"image":{"@id":"https:\/\/maritech.com\/no\/nye-power-bi-rapporter-i-analytics\/#primaryimage"},"thumbnailUrl":"https:\/\/maritech.com\/wp-content\/uploads\/2021\/12\/Customer_analysis_report-e1638957622468.jpg","datePublished":"2021-12-08T11:18:16+00:00","dateModified":"2024-07-09T12:49:32+00:00","description":"Hvor raskt agerer du p\u00e5 prisendringer? Hvilke markeder b\u00f8r du prioritere i dag?\u00a0 Nye rapporter skreddersydd for tradere og sj\u00f8matprodusenter.","breadcrumb":{"@id":"https:\/\/maritech.com\/no\/nye-power-bi-rapporter-i-analytics\/#breadcrumb"},"inLanguage":"nb-NO","potentialAction":[{"@type":"ReadAction","target":["https:\/\/maritech.com\/no\/nye-power-bi-rapporter-i-analytics\/"]}]},{"@type":"ImageObject","inLanguage":"nb-NO","@id":"https:\/\/maritech.com\/no\/nye-power-bi-rapporter-i-analytics\/#primaryimage","url":"https:\/\/maritech.com\/wp-content\/uploads\/2021\/12\/Customer_analysis_report-e1638957622468.jpg","contentUrl":"https:\/\/maritech.com\/wp-content\/uploads\/2021\/12\/Customer_analysis_report-e1638957622468.jpg","width":1906,"height":1072,"caption":"Customer Analysis Report by Maritech"},{"@type":"BreadcrumbList","@id":"https:\/\/maritech.com\/no\/nye-power-bi-rapporter-i-analytics\/#breadcrumb","itemListElement":[{"@type":"ListItem","position":1,"name":"Home","item":"https:\/\/maritech.com\/no\/"},{"@type":"ListItem","position":2,"name":"Nye Power BI-rapporter i Analytics"}]},{"@type":"WebSite","@id":"https:\/\/maritech.com\/no\/#website","url":"https:\/\/maritech.com\/no\/","name":"Maritech","description":"","publisher":{"@id":"https:\/\/maritech.com\/no\/#organization"},"potentialAction":[{"@type":"SearchAction","target":{"@type":"EntryPoint","urlTemplate":"https:\/\/maritech.com\/no\/?s={search_term_string}"},"query-input":{"@type":"PropertyValueSpecification","valueRequired":true,"valueName":"search_term_string"}}],"inLanguage":"nb-NO"},{"@type":"Organization","@id":"https:\/\/maritech.com\/no\/#organization","name":"Maritech","url":"https:\/\/maritech.com\/no\/","logo":{"@type":"ImageObject","inLanguage":"nb-NO","@id":"https:\/\/maritech.com\/no\/#\/schema\/logo\/image\/","url":"https:\/\/maritech.com\/wp-content\/uploads\/2024\/07\/Maritech-Logo-Co-Brand-WHITE.png","contentUrl":"https:\/\/maritech.com\/wp-content\/uploads\/2024\/07\/Maritech-Logo-Co-Brand-WHITE.png","width":3336,"height":890,"caption":"Maritech"},"image":{"@id":"https:\/\/maritech.com\/no\/#\/schema\/logo\/image\/"}}]}},"jetpack_sharing_enabled":true,"_links":{"self":[{"href":"https:\/\/maritech.com\/no\/wp-json\/wp\/v2\/pages\/10714","targetHints":{"allow":["GET"]}}],"collection":[{"href":"https:\/\/maritech.com\/no\/wp-json\/wp\/v2\/pages"}],"about":[{"href":"https:\/\/maritech.com\/no\/wp-json\/wp\/v2\/types\/page"}],"author":[{"embeddable":true,"href":"https:\/\/maritech.com\/no\/wp-json\/wp\/v2\/users\/11"}],"replies":[{"embeddable":true,"href":"https:\/\/maritech.com\/no\/wp-json\/wp\/v2\/comments?post=10714"}],"version-history":[{"count":21,"href":"https:\/\/maritech.com\/no\/wp-json\/wp\/v2\/pages\/10714\/revisions"}],"predecessor-version":[{"id":20228,"href":"https:\/\/maritech.com\/no\/wp-json\/wp\/v2\/pages\/10714\/revisions\/20228"}],"wp:featuredmedia":[{"embeddable":true,"href":"https:\/\/maritech.com\/no\/wp-json\/wp\/v2\/media\/11108"}],"wp:attachment":[{"href":"https:\/\/maritech.com\/no\/wp-json\/wp\/v2\/media?parent=10714"}],"curies":[{"name":"wp","href":"https:\/\/api.w.org\/{rel}","templated":true}]}}