{"id":11264,"date":"2021-12-08T12:15:19","date_gmt":"2021-12-08T11:15:19","guid":{"rendered":"https:\/\/maritech.com\/?page_id=11264"},"modified":"2024-07-10T09:06:29","modified_gmt":"2024-07-10T08:06:29","slug":"kundecase-seaborn","status":"publish","type":"page","link":"https:\/\/maritech.com\/no\/kundecase-seaborn\/","title":{"rendered":"Kundecase &#8211; Seaborn"},"content":{"rendered":"\n<section class=\"hero block alignfull bg-image grad-light\" style=\"background-image: url('https:\/\/maritech.com\/wp-content\/uploads\/2019\/08\/Maritecn_Seaborn_web-Cecilie-Bannow-all-rights-reserved-2.jpg'); \" >\n    <div class=\"container-fluid\">\n        <div class=\"hero-content\">\n                        <div class=\"editor-content\">\n                <h1 class=\"title\"><span style=\"color: #ffffff;\">Seaborn<\/span><\/h1>\n<p class=\"preamble\"><span style=\"color: #ffffff;\">Kundecase Maritech Analytics<\/span><\/p>\n            <\/div>\n            <div class=\"button-wrap left\"><a class=\"btn btn-primary\" href=\"https:\/\/demo.dev.maritech.cloud\/START\/Introduction\" target=\"_blank\" title=\"Se hvordan vi gj\u00f8r det her\">Se hvordan vi gj\u00f8r det her<\/a><\/div>        <\/div><!--\/.hero-content-->\n    <\/div><!--\/.container-fluid-->\n<\/section>\n\n\n<section class=\"page-content block alignfull\">\n    <div class=\"container-fluid\">\n        <div class=\"content-wrapper\">\n            <div class=\"editor-content\">\n                <h2><\/h2>\n<h2>Fakta i stedet for gjetning<\/h2>\n<p class=\"preamble\">\u2013 Maritech Analytics gir oss bedre innsikt og forst\u00e5else av dataene v\u00e5re, sier Merete Lunde, Supply Chain Manager i Seaborn.<\/p>\n<p>Seaborn er en av de ledende eksport\u00f8rene av laks og \u00f8rret i det globale markedet, og har brukt Maritech DGS Analytics som strategisk beslutningsverkt\u00f8y siden 2019.<\/p>\n<p>Analyseplattformen samler inn og visualiserer data fra alle relevante datakilder. Dette gj\u00f8r Seaborn i stand til \u00e5 forbedre prosesser, l\u00f8nnsomhet og redusere tid brukt p\u00e5 \u00e5 s\u00f8ke etter data og utarbeide rapporter.<\/p>\n<p>\u2013 For oss var det et helt naturlig \u00e5 velge Maritech Analytics, sier Merete Lunde, Supply Chain Manager i Seaborn.<\/p>\n<p>Lunde fremhever visualiseringen av deres komplekse data som en av de mest verdifulle fordelene med l\u00f8sningen.<\/p>\n<p>\u2013 Power BI-funksjonaliteten gir oss praktisk innsikt og bredere forst\u00e5else av dataene v\u00e5re. Vi kan enkelt analysere b\u00e5de dagens situasjon og visualisere fremtidige endringer, sier Lunde.<\/p>\n            <\/div><!--\/.editor-content-->\n        <\/div><!--\/.content-wrapper-->\n    <\/div><!--\/.container-fluid-->\n<\/section>\n\n\n<section class=\"content-slider block alignfull\">\n\t<div class=\"container-fluid-xl\">\n\t\t\t<div class=\"slider-wrap\">\n\t\t\t<div class=\"block__inner content-slider__inner\" style=\"background-image: url(https:\/\/maritech.com\/wp-content\/uploads\/2021\/04\/Card-img-1024x623.jpg);\">\n\t\t\t\t<div class=\"glide maritech-content-slider maritech-content-slider--1\">\n\t\t\t\t\t<div class=\"glide__track\" data-glide-el=\"track\">\n\t\t\t\t\t\t<ul class=\"glide__slides\">\n\t\t\t\t\t\t\t\t\t\t\t\t\t\t\t<li class=\"content__slide glide__slide\">\n\t\t\t\t\t\t\t\t\t<div class=\"editor-content content-wrap\">\n\t\t\t\t\t\t\t\t\t\t\t\t\t\t\t\t\t\t\t<h4 class=\"slider-heading\">\u2013\u00a0I stedet for \u00e5 bare samle inn data, bruker vi n\u00e5 mer tid p\u00e5 \u00e5 analysere. Dette gir oss bedre grunnlag for \u00e5 ta gode beslutninger. <\/h4>\n\t\t\t\t\t\t\t\t\t\t\t\t\t\t\t\t\t\t\t<div class=\"preamble\">\n\t\t\t\t\t\t\t\t\t\t\tMerete Lunde, Supply Chain Manager i Seaborn.\t\t\t\t\t\t\t\t\t\t<\/div>\n\t\t\t\t\t\t\t\t\t\t\t\t\t\t\t\t\t\t<\/div>\n\t\t\t\t\t\t\t\t<\/li>\n\t\t\t\t\t\t\t\t\t\t\t\t\t<\/ul>\n\t\t\t\t\t<\/div>\n\t\t\t\t\t<div class=\"glide__arrows\" data-glide-el=\"controls\">\n\t\t\t\t\t\t<button class=\"glide__arrow glide__arrow--left\" Previous slide data-glide-dir=\"&lt;\">\n\t\t\t\t\t\t\t<i class=\"icon icon-chev-down\"><\/i>\n\t\t\t\t\t\t<\/button>\n\t\t\t\t\t\t<p class=\"slideNum\"><span><\/span> \/ 1<\/p>\n\t\t\t\t\t\t<button class=\"glide__arrow glide__arrow--right\" aria-label=\"Next slide\" data-glide-dir=\"&gt;\">\n\t\t\t\t\t\t\t<i class=\"icon icon-chev-down\"><\/i>\n\t\t\t\t\t\t<\/button>\n\t\t\t\t\t<\/div>\n\t\t\t\t<\/div>\n\t\t\t<\/div>\n\t\t<\/div>\n\t\t\t<\/div>\n<\/section>\n\n\n<section class=\"page-content block alignfull\">\n    <div class=\"container-fluid\">\n        <div class=\"content-wrapper\">\n            <div class=\"editor-content\">\n                <h2>KPIer og dashbord<\/h2>\n<p>Med Maritechs Analytics-l\u00f8sning gj\u00f8r Seaborn data om til innsikt med skreddersydde KPIer (Key Performance Indicators) for rapportering, og har g\u00e5tt fra fra reaktive til proaktive beslutningsprosesser. Seaborn kan f\u00e5 tilgang til data fra mange kilder i \u00e9n portal, og bruker dashbordet for \u00e5 dele innsikt p\u00e5 tvers i organisasjonen.<\/p>\n<p>Lunde sier at Analytics-verkt\u00f8yet og tett samarbeid med Maritechs Data Science-team har endret Seaborns rutiner og arbeidshverdag.<\/p>\n<p>\u2013 Dashbordet gir alle avdelinger dagens status og fokus. Det betyr at vi kan ligge et skritt foran i stedet for \u00e5 bruke tid p\u00e5 brannslukking. Og m\u00f8tene v\u00e5re er n\u00e5 i st\u00f8rre grad basert p\u00e5 fakta i stedet for antakelser.<\/p>\n            <\/div><!--\/.editor-content-->\n        <\/div><!--\/.content-wrapper-->\n    <\/div><!--\/.container-fluid-->\n<\/section>\n\n<section  class=\"request-form block alignfull sm\">\n    <div class=\"container-fluid\">\n        <div class=\"block-container\">\n            <div class=\"content-wrap\">\n                                    <h4>Nysgjerrig? Vi vil gjerne snakke med deg!<\/h4>\n                                            <\/div>\n            <div class=\"form-wrap\">\n                                                    <div class=\"button-wrap left\">\n                        <a class=\"btn\" href=\"https:\/\/share-eu1.hsforms.com\/1N64zSG_iQh6EJmgag0ox5Qewibs\" title=\"Kontakt oss\">\n                            Kontakt oss                        <\/a>\n                    <\/div>\n                            <\/div>\n        <\/div>\n    <\/div>\n<\/section>\n\n\n<section class=\"related-posts block alignfull\">\n    <div class=\"container-fluid\">\n        <div class=\"title-wrap\">\n            <h2 class=\"heading h2\">Les videre:<\/h2>        <\/div><!--\/.title-wrap-->\n                <div class=\"row\">\n                        <div class=\"col\">\n                <div onclick=\"location.href='https:\/\/maritech.com\/no\/vare-losninger-analytics\/'\" class=\"post-card\">\n                    <div class=\"img-wrap\">\n\t\t\t\t\t\t<img decoding=\"async\" width=\"1024\" height=\"455\" src=\"https:\/\/maritech.com\/wp-content\/uploads\/2021\/05\/analytics.jpg\" class=\"attachment-large size-large wp-post-image\" alt=\"Analytics\" srcset=\"https:\/\/maritech.com\/wp-content\/uploads\/2021\/05\/analytics.jpg 1024w, https:\/\/maritech.com\/wp-content\/uploads\/2021\/05\/analytics-300x133.jpg 300w, https:\/\/maritech.com\/wp-content\/uploads\/2021\/05\/analytics-768x341.jpg 768w, https:\/\/maritech.com\/wp-content\/uploads\/2021\/05\/analytics-260x116.jpg 260w\" sizes=\"(max-width: 1024px) 100vw, 1024px\" \/>                    <\/div>\n                    <div class=\"info-wrap\">\n                                                <h4><a href=\"https:\/\/maritech.com\/no\/vare-losninger-analytics\/\"> <span class=\"lastword\"> Analytics <svg fill=\"none\" height=\"16\" viewBox=\"0 0 21 16\" width=\"21\" xmlns=\"http:\/\/www.w3.org\/2000\/svg\"><path d=\"m12.2646 1.0521 5.615 5.7114h-17.8796v1.503h17.8796l-5.615 5.7114 1.0343 1.0521 7.3883-7.515-7.3883-7.515z\" fill=\"#446bf9\"\/><\/svg><\/span><\/a><\/h4>\n                    <\/div>\n                <\/div>\n            <\/div><!--\/.col-->\n                        <div class=\"col\">\n                <div onclick=\"location.href='https:\/\/maritech.com\/no\/grieg-seafood-valgte-maritech\/'\" class=\"post-card\">\n                    <div class=\"img-wrap\">\n\t\t\t\t\t\t<img decoding=\"async\" width=\"706\" height=\"1024\" src=\"https:\/\/maritech.com\/wp-content\/uploads\/2022\/01\/TomThorgersen_Grieg-2-706x1024.jpg\" class=\"attachment-large size-large wp-post-image\" alt=\"Grieg Seafood valgte Maritech\" srcset=\"https:\/\/maritech.com\/wp-content\/uploads\/2022\/01\/TomThorgersen_Grieg-2-706x1024.jpg 706w, https:\/\/maritech.com\/wp-content\/uploads\/2022\/01\/TomThorgersen_Grieg-2-207x300.jpg 207w, https:\/\/maritech.com\/wp-content\/uploads\/2022\/01\/TomThorgersen_Grieg-2-768x1114.jpg 768w, https:\/\/maritech.com\/wp-content\/uploads\/2022\/01\/TomThorgersen_Grieg-2-1059x1536.jpg 1059w, https:\/\/maritech.com\/wp-content\/uploads\/2022\/01\/TomThorgersen_Grieg-2-1412x2048.jpg 1412w, https:\/\/maritech.com\/wp-content\/uploads\/2022\/01\/TomThorgersen_Grieg-2-1920x2785.jpg 1920w, https:\/\/maritech.com\/wp-content\/uploads\/2022\/01\/TomThorgersen_Grieg-2-138x200.jpg 138w, https:\/\/maritech.com\/wp-content\/uploads\/2022\/01\/TomThorgersen_Grieg-2-scaled.jpg 1765w\" sizes=\"(max-width: 706px) 100vw, 706px\" \/>                    <\/div>\n                    <div class=\"info-wrap\">\n                                                <h4><a href=\"https:\/\/maritech.com\/no\/grieg-seafood-valgte-maritech\/\">Grieg Seafood valgte  <span class=\"lastword\"> Maritech <svg fill=\"none\" height=\"16\" viewBox=\"0 0 21 16\" width=\"21\" xmlns=\"http:\/\/www.w3.org\/2000\/svg\"><path d=\"m12.2646 1.0521 5.615 5.7114h-17.8796v1.503h17.8796l-5.615 5.7114 1.0343 1.0521 7.3883-7.515-7.3883-7.515z\" fill=\"#446bf9\"\/><\/svg><\/span><\/a><\/h4>\n                    <\/div>\n                <\/div>\n            <\/div><!--\/.col-->\n                        <div class=\"col\">\n                <div onclick=\"location.href='https:\/\/maritech.com\/no\/samherji-valgte-maritecheye\/'\" class=\"post-card\">\n                    <div class=\"img-wrap\">\n\t\t\t\t\t\t<img decoding=\"async\" width=\"1024\" height=\"745\" src=\"https:\/\/maritech.com\/wp-content\/uploads\/2023\/06\/MicrosoftTeams-image-1-1024x745.jpg\" class=\"attachment-large size-large wp-post-image\" alt=\"Kundecase - Samherji\" srcset=\"https:\/\/maritech.com\/wp-content\/uploads\/2023\/06\/MicrosoftTeams-image-1-1024x745.jpg 1024w, https:\/\/maritech.com\/wp-content\/uploads\/2023\/06\/MicrosoftTeams-image-1-300x218.jpg 300w, https:\/\/maritech.com\/wp-content\/uploads\/2023\/06\/MicrosoftTeams-image-1-768x559.jpg 768w, https:\/\/maritech.com\/wp-content\/uploads\/2023\/06\/MicrosoftTeams-image-1-1536x1118.jpg 1536w, https:\/\/maritech.com\/wp-content\/uploads\/2023\/06\/MicrosoftTeams-image-1-2048x1490.jpg 2048w, https:\/\/maritech.com\/wp-content\/uploads\/2023\/06\/MicrosoftTeams-image-1-1920x1397.jpg 1920w, https:\/\/maritech.com\/wp-content\/uploads\/2023\/06\/MicrosoftTeams-image-1-1374x1000.jpg 1374w, https:\/\/maritech.com\/wp-content\/uploads\/2023\/06\/MicrosoftTeams-image-1-260x189.jpg 260w\" sizes=\"(max-width: 1024px) 100vw, 1024px\" \/>                    <\/div>\n                    <div class=\"info-wrap\">\n                                                <h4><a href=\"https:\/\/maritech.com\/no\/samherji-valgte-maritecheye\/\">Kundecase &#8211;  <span class=\"lastword\"> Samherji <svg fill=\"none\" height=\"16\" viewBox=\"0 0 21 16\" width=\"21\" xmlns=\"http:\/\/www.w3.org\/2000\/svg\"><path d=\"m12.2646 1.0521 5.615 5.7114h-17.8796v1.503h17.8796l-5.615 5.7114 1.0343 1.0521 7.3883-7.515-7.3883-7.515z\" fill=\"#446bf9\"\/><\/svg><\/span><\/a><\/h4>\n                    <\/div>\n                <\/div>\n            <\/div><!--\/.col-->\n                    <\/div><!--\/.row-->\n            <\/div><!--\/.container-fluid-->\n<\/section>\n","protected":false},"excerpt":{"rendered":"","protected":false},"author":11,"featured_media":3485,"parent":0,"menu_order":0,"comment_status":"closed","ping_status":"closed","template":"","meta":{"_acf_changed":false,"content-type":"","lazy_load_responsive_images_disabled":false,"footnotes":""},"class_list":["post-11264","page","type-page","status-publish","has-post-thumbnail","hentry"],"acf":[],"yoast_head":"<!-- This site is optimized with the Yoast SEO Premium plugin v21.8 (Yoast SEO v26.8) - https:\/\/yoast.com\/product\/yoast-seo-premium-wordpress\/ -->\n<title>Bedre beslutninger, \u00f8kt l\u00f8nnsomhet - Kundecase, Analytics - Seaborn<\/title>\n<meta name=\"description\" content=\"\u2013 Med Power BI-verkt\u00f8yene i Maritech DGS Analytics kan vi v\u00e6re i forkant fremfor \u00e5 drive med brannslukking, sier Merete Lunde i Seaborn.\" \/>\n<meta name=\"robots\" content=\"index, follow, max-snippet:-1, max-image-preview:large, max-video-preview:-1\" \/>\n<link rel=\"canonical\" href=\"https:\/\/maritech.com\/no\/kundecase-seaborn\/\" \/>\n<meta property=\"og:locale\" content=\"nb_NO\" \/>\n<meta property=\"og:type\" content=\"article\" \/>\n<meta property=\"og:title\" content=\"Kundecase - Seaborn\" \/>\n<meta property=\"og:description\" content=\"\u2013 Med Power BI-verkt\u00f8yene i Maritech DGS Analytics kan vi v\u00e6re i forkant fremfor \u00e5 drive med brannslukking, sier Merete Lunde i Seaborn.\" \/>\n<meta property=\"og:url\" content=\"https:\/\/maritech.com\/no\/kundecase-seaborn\/\" \/>\n<meta property=\"og:site_name\" content=\"Maritech\" \/>\n<meta property=\"article:modified_time\" content=\"2024-07-10T08:06:29+00:00\" \/>\n<meta property=\"og:image\" content=\"https:\/\/maritech.com\/wp-content\/uploads\/2019\/06\/Maritecn_Seaborn_web-Cecilie-Bannow-all-rights-reserved-2-1-e1590741789663.jpg\" \/>\n\t<meta property=\"og:image:width\" content=\"1935\" \/>\n\t<meta property=\"og:image:height\" content=\"1292\" \/>\n\t<meta property=\"og:image:type\" content=\"image\/jpeg\" \/>\n<meta name=\"twitter:card\" content=\"summary_large_image\" \/>\n<meta name=\"twitter:label1\" content=\"Ansl. lesetid\" \/>\n\t<meta name=\"twitter:data1\" content=\"1 minutt\" \/>\n<script type=\"application\/ld+json\" class=\"yoast-schema-graph\">{\"@context\":\"https:\/\/schema.org\",\"@graph\":[{\"@type\":\"WebPage\",\"@id\":\"https:\/\/maritech.com\/no\/kundecase-seaborn\/\",\"url\":\"https:\/\/maritech.com\/no\/kundecase-seaborn\/\",\"name\":\"Bedre beslutninger, \u00f8kt l\u00f8nnsomhet - Kundecase, Analytics - Seaborn\",\"isPartOf\":{\"@id\":\"https:\/\/maritech.com\/no\/#website\"},\"primaryImageOfPage\":{\"@id\":\"https:\/\/maritech.com\/no\/kundecase-seaborn\/#primaryimage\"},\"image\":{\"@id\":\"https:\/\/maritech.com\/no\/kundecase-seaborn\/#primaryimage\"},\"thumbnailUrl\":\"https:\/\/maritech.com\/wp-content\/uploads\/2019\/06\/Maritecn_Seaborn_web-Cecilie-Bannow-all-rights-reserved-2-1-e1590741789663.jpg\",\"datePublished\":\"2021-12-08T11:15:19+00:00\",\"dateModified\":\"2024-07-10T08:06:29+00:00\",\"description\":\"\u2013 Med Power BI-verkt\u00f8yene i Maritech DGS Analytics kan vi v\u00e6re i forkant fremfor \u00e5 drive med brannslukking, sier Merete Lunde i Seaborn.\",\"breadcrumb\":{\"@id\":\"https:\/\/maritech.com\/no\/kundecase-seaborn\/#breadcrumb\"},\"inLanguage\":\"nb-NO\",\"potentialAction\":[{\"@type\":\"ReadAction\",\"target\":[\"https:\/\/maritech.com\/no\/kundecase-seaborn\/\"]}]},{\"@type\":\"ImageObject\",\"inLanguage\":\"nb-NO\",\"@id\":\"https:\/\/maritech.com\/no\/kundecase-seaborn\/#primaryimage\",\"url\":\"https:\/\/maritech.com\/wp-content\/uploads\/2019\/06\/Maritecn_Seaborn_web-Cecilie-Bannow-all-rights-reserved-2-1-e1590741789663.jpg\",\"contentUrl\":\"https:\/\/maritech.com\/wp-content\/uploads\/2019\/06\/Maritecn_Seaborn_web-Cecilie-Bannow-all-rights-reserved-2-1-e1590741789663.jpg\",\"width\":1935,\"height\":1292,\"caption\":\"Seaborn, Bergen. Photo: Cecilie Bannow\"},{\"@type\":\"BreadcrumbList\",\"@id\":\"https:\/\/maritech.com\/no\/kundecase-seaborn\/#breadcrumb\",\"itemListElement\":[{\"@type\":\"ListItem\",\"position\":1,\"name\":\"Home\",\"item\":\"https:\/\/maritech.com\/no\/\"},{\"@type\":\"ListItem\",\"position\":2,\"name\":\"Kundecase &#8211; Seaborn\"}]},{\"@type\":\"WebSite\",\"@id\":\"https:\/\/maritech.com\/no\/#website\",\"url\":\"https:\/\/maritech.com\/no\/\",\"name\":\"Maritech\",\"description\":\"\",\"publisher\":{\"@id\":\"https:\/\/maritech.com\/no\/#organization\"},\"potentialAction\":[{\"@type\":\"SearchAction\",\"target\":{\"@type\":\"EntryPoint\",\"urlTemplate\":\"https:\/\/maritech.com\/no\/?s={search_term_string}\"},\"query-input\":{\"@type\":\"PropertyValueSpecification\",\"valueRequired\":true,\"valueName\":\"search_term_string\"}}],\"inLanguage\":\"nb-NO\"},{\"@type\":\"Organization\",\"@id\":\"https:\/\/maritech.com\/no\/#organization\",\"name\":\"Maritech\",\"url\":\"https:\/\/maritech.com\/no\/\",\"logo\":{\"@type\":\"ImageObject\",\"inLanguage\":\"nb-NO\",\"@id\":\"https:\/\/maritech.com\/no\/#\/schema\/logo\/image\/\",\"url\":\"https:\/\/maritech.com\/wp-content\/uploads\/2024\/07\/Maritech-Logo-Co-Brand-WHITE.png\",\"contentUrl\":\"https:\/\/maritech.com\/wp-content\/uploads\/2024\/07\/Maritech-Logo-Co-Brand-WHITE.png\",\"width\":3336,\"height\":890,\"caption\":\"Maritech\"},\"image\":{\"@id\":\"https:\/\/maritech.com\/no\/#\/schema\/logo\/image\/\"}}]}<\/script>\n<!-- \/ Yoast SEO Premium plugin. -->","yoast_head_json":{"title":"Bedre beslutninger, \u00f8kt l\u00f8nnsomhet - Kundecase, Analytics - Seaborn","description":"\u2013 Med Power BI-verkt\u00f8yene i Maritech DGS Analytics kan vi v\u00e6re i forkant fremfor \u00e5 drive med brannslukking, sier Merete Lunde i Seaborn.","robots":{"index":"index","follow":"follow","max-snippet":"max-snippet:-1","max-image-preview":"max-image-preview:large","max-video-preview":"max-video-preview:-1"},"canonical":"https:\/\/maritech.com\/no\/kundecase-seaborn\/","og_locale":"nb_NO","og_type":"article","og_title":"Kundecase - Seaborn","og_description":"\u2013 Med Power BI-verkt\u00f8yene i Maritech DGS Analytics kan vi v\u00e6re i forkant fremfor \u00e5 drive med brannslukking, sier Merete Lunde i Seaborn.","og_url":"https:\/\/maritech.com\/no\/kundecase-seaborn\/","og_site_name":"Maritech","article_modified_time":"2024-07-10T08:06:29+00:00","og_image":[{"width":1935,"height":1292,"url":"https:\/\/maritech.com\/wp-content\/uploads\/2019\/06\/Maritecn_Seaborn_web-Cecilie-Bannow-all-rights-reserved-2-1-e1590741789663.jpg","type":"image\/jpeg"}],"twitter_card":"summary_large_image","twitter_misc":{"Ansl. lesetid":"1 minutt"},"schema":{"@context":"https:\/\/schema.org","@graph":[{"@type":"WebPage","@id":"https:\/\/maritech.com\/no\/kundecase-seaborn\/","url":"https:\/\/maritech.com\/no\/kundecase-seaborn\/","name":"Bedre beslutninger, \u00f8kt l\u00f8nnsomhet - Kundecase, Analytics - Seaborn","isPartOf":{"@id":"https:\/\/maritech.com\/no\/#website"},"primaryImageOfPage":{"@id":"https:\/\/maritech.com\/no\/kundecase-seaborn\/#primaryimage"},"image":{"@id":"https:\/\/maritech.com\/no\/kundecase-seaborn\/#primaryimage"},"thumbnailUrl":"https:\/\/maritech.com\/wp-content\/uploads\/2019\/06\/Maritecn_Seaborn_web-Cecilie-Bannow-all-rights-reserved-2-1-e1590741789663.jpg","datePublished":"2021-12-08T11:15:19+00:00","dateModified":"2024-07-10T08:06:29+00:00","description":"\u2013 Med Power BI-verkt\u00f8yene i Maritech DGS Analytics kan vi v\u00e6re i forkant fremfor \u00e5 drive med brannslukking, sier Merete Lunde i Seaborn.","breadcrumb":{"@id":"https:\/\/maritech.com\/no\/kundecase-seaborn\/#breadcrumb"},"inLanguage":"nb-NO","potentialAction":[{"@type":"ReadAction","target":["https:\/\/maritech.com\/no\/kundecase-seaborn\/"]}]},{"@type":"ImageObject","inLanguage":"nb-NO","@id":"https:\/\/maritech.com\/no\/kundecase-seaborn\/#primaryimage","url":"https:\/\/maritech.com\/wp-content\/uploads\/2019\/06\/Maritecn_Seaborn_web-Cecilie-Bannow-all-rights-reserved-2-1-e1590741789663.jpg","contentUrl":"https:\/\/maritech.com\/wp-content\/uploads\/2019\/06\/Maritecn_Seaborn_web-Cecilie-Bannow-all-rights-reserved-2-1-e1590741789663.jpg","width":1935,"height":1292,"caption":"Seaborn, Bergen. Photo: Cecilie Bannow"},{"@type":"BreadcrumbList","@id":"https:\/\/maritech.com\/no\/kundecase-seaborn\/#breadcrumb","itemListElement":[{"@type":"ListItem","position":1,"name":"Home","item":"https:\/\/maritech.com\/no\/"},{"@type":"ListItem","position":2,"name":"Kundecase &#8211; Seaborn"}]},{"@type":"WebSite","@id":"https:\/\/maritech.com\/no\/#website","url":"https:\/\/maritech.com\/no\/","name":"Maritech","description":"","publisher":{"@id":"https:\/\/maritech.com\/no\/#organization"},"potentialAction":[{"@type":"SearchAction","target":{"@type":"EntryPoint","urlTemplate":"https:\/\/maritech.com\/no\/?s={search_term_string}"},"query-input":{"@type":"PropertyValueSpecification","valueRequired":true,"valueName":"search_term_string"}}],"inLanguage":"nb-NO"},{"@type":"Organization","@id":"https:\/\/maritech.com\/no\/#organization","name":"Maritech","url":"https:\/\/maritech.com\/no\/","logo":{"@type":"ImageObject","inLanguage":"nb-NO","@id":"https:\/\/maritech.com\/no\/#\/schema\/logo\/image\/","url":"https:\/\/maritech.com\/wp-content\/uploads\/2024\/07\/Maritech-Logo-Co-Brand-WHITE.png","contentUrl":"https:\/\/maritech.com\/wp-content\/uploads\/2024\/07\/Maritech-Logo-Co-Brand-WHITE.png","width":3336,"height":890,"caption":"Maritech"},"image":{"@id":"https:\/\/maritech.com\/no\/#\/schema\/logo\/image\/"}}]}},"jetpack_sharing_enabled":true,"_links":{"self":[{"href":"https:\/\/maritech.com\/no\/wp-json\/wp\/v2\/pages\/11264","targetHints":{"allow":["GET"]}}],"collection":[{"href":"https:\/\/maritech.com\/no\/wp-json\/wp\/v2\/pages"}],"about":[{"href":"https:\/\/maritech.com\/no\/wp-json\/wp\/v2\/types\/page"}],"author":[{"embeddable":true,"href":"https:\/\/maritech.com\/no\/wp-json\/wp\/v2\/users\/11"}],"replies":[{"embeddable":true,"href":"https:\/\/maritech.com\/no\/wp-json\/wp\/v2\/comments?post=11264"}],"version-history":[{"count":27,"href":"https:\/\/maritech.com\/no\/wp-json\/wp\/v2\/pages\/11264\/revisions"}],"predecessor-version":[{"id":20290,"href":"https:\/\/maritech.com\/no\/wp-json\/wp\/v2\/pages\/11264\/revisions\/20290"}],"wp:featuredmedia":[{"embeddable":true,"href":"https:\/\/maritech.com\/no\/wp-json\/wp\/v2\/media\/3485"}],"wp:attachment":[{"href":"https:\/\/maritech.com\/no\/wp-json\/wp\/v2\/media?parent=11264"}],"curies":[{"name":"wp","href":"https:\/\/api.w.org\/{rel}","templated":true}]}}