{"id":11989,"date":"2021-12-08T15:57:02","date_gmt":"2021-12-08T14:57:02","guid":{"rendered":"https:\/\/maritech.com\/?page_id=11989"},"modified":"2024-07-15T15:15:15","modified_gmt":"2024-07-15T14:15:15","slug":"ledelse-og-okonomi","status":"publish","type":"page","link":"https:\/\/maritech.com\/no\/ledelse-og-okonomi\/","title":{"rendered":"Ledelse og \u00f8konomi"},"content":{"rendered":"\n<section class=\"hero block alignfull bg-image grad-light\" style=\"background-image: url('https:\/\/maritech.com\/wp-content\/uploads\/2021\/08\/anunatak_471549772-1500x1000.jpg'); \" >\n    <div class=\"container-fluid\">\n        <div class=\"hero-content\">\n                        <div class=\"editor-content\">\n                <h1 class=\"title\"><span style=\"color: #ffffff;\">Ledelse og \u00f8konomi<\/span><\/h1>\n<p class=\"preamble\"><span style=\"color: #ffffff;\">Leder du et sj\u00f8mat- eller logistikkselskap &#8211; eller er du CFO eller Controller?<\/span><\/p>\n<p class=\"normal\"><span style=\"color: #ffffff;\">Vi hjelper deg med \u00e5 f\u00e5 innsikten og dokumentasjonen du trenger \u2013 effektivt, enkelt \u00e5 dele og tilgjengelig n\u00e5r du er p\u00e5 farten.<\/span><\/p>\n            <\/div>\n            <div class=\"button-wrap left\"><a class=\"btn btn-primary\" href=\"https:\/\/maritech.com\/no\/book-en-demo\/\"  title=\"Interessant! Jeg vil gjerne vite mer.\">Interessant! Jeg vil gjerne vite mer.<\/a><\/div>        <\/div><!--\/.hero-content-->\n    <\/div><!--\/.container-fluid-->\n<\/section>\n\n\n<section class=\"page-content block alignfull\">\n    <div class=\"container-fluid\">\n        <div class=\"content-wrapper\">\n            <div class=\"editor-content\">\n                <h2><\/h2>\n<p class=\"preamble\">Vi t\u00f8r faktisk \u00e5 vedde p\u00e5 at du gjerne vil bruke mindre tid p\u00e5 manuelle prosesser som \u00e5 s\u00f8ke etter data, produsere rapporter og dokumentasjon.<\/p>\n<p>En lederrolle er en konstant kamp mellom langsiktig og operativ virksomhet. Den gode nyheten er at vi kan hjelpe deg med \u00e5 bli kvitt noen av de repeterende oppgavene som stjeler tid og strategisk kapasitet. Og gi deg den kontrollen og oversikten du trenger for \u00e5 \u00f8ke l\u00f8nnsomheten.<\/p>\n<p>I over 40 \u00e5r har vi samarbeidet tett med ledende sj\u00f8mat- og logistikkselskaper i Norge og internasjonalt. Det gj\u00f8r at vi kjenner bransjen din ekstremt godt &#8211; b\u00e5de utfordringene og potensialet. L\u00f8sningene v\u00e5re er skreddersydd for deg og verdikjeden din, og med automatiserte rapporter og analyseverkt\u00f8y f\u00e5r du full oversikt og kontroll. Data fra alle operasjoner er tilgjengelig n\u00e5r som helst, hvor som helst, og fra hvilken som helst enhet gjennom sikre, webbaserte l\u00f8sninger bygd i Microsoft Azure.<\/p>\n<p>Lyst til \u00e5 vite mer? Du kan lese mer om styringsverkt\u00f8yene v\u00e5re nedenfor, og vi vil ogs\u00e5 gjerne h\u00f8re fra deg og sette opp et m\u00f8te. Gi oss beskjed hvis du vil ta en prat \u200b\u200beller har sp\u00f8rsm\u00e5l du vil ha svar p\u00e5.<\/p>\n            <\/div><!--\/.editor-content-->\n        <\/div><!--\/.content-wrapper-->\n    <\/div><!--\/.container-fluid-->\n<\/section>\n\n\n<section class=\"related-posts block alignfull\">\n    <div class=\"container-fluid\">\n        <div class=\"title-wrap\">\n                    <\/div><!--\/.title-wrap-->\n                <div class=\"row\">\n                        <div class=\"col\">\n                <div onclick=\"location.href='https:\/\/maritech.com\/no\/nye-power-bi-rapporter-i-analytics\/'\" class=\"post-card\">\n                    <div class=\"img-wrap\">\n\t\t\t\t\t\t<img decoding=\"async\" width=\"1024\" height=\"576\" src=\"https:\/\/maritech.com\/wp-content\/uploads\/2021\/12\/Customer_analysis_report-1024x576.jpg\" class=\"attachment-large size-large wp-post-image\" alt=\"Nye Power BI-rapporter i Analytics\" srcset=\"https:\/\/maritech.com\/wp-content\/uploads\/2021\/12\/Customer_analysis_report-1024x576.jpg 1024w, https:\/\/maritech.com\/wp-content\/uploads\/2021\/12\/Customer_analysis_report-300x169.jpg 300w, https:\/\/maritech.com\/wp-content\/uploads\/2021\/12\/Customer_analysis_report-768x432.jpg 768w, https:\/\/maritech.com\/wp-content\/uploads\/2021\/12\/Customer_analysis_report-1536x864.jpg 1536w, https:\/\/maritech.com\/wp-content\/uploads\/2021\/12\/Customer_analysis_report-260x146.jpg 260w, https:\/\/maritech.com\/wp-content\/uploads\/2021\/12\/Customer_analysis_report.jpg 1906w\" sizes=\"(max-width: 1024px) 100vw, 1024px\" \/>                    <\/div>\n                    <div class=\"info-wrap\">\n                                                <h4><a href=\"https:\/\/maritech.com\/no\/nye-power-bi-rapporter-i-analytics\/\">Nye Power BI-rapporter i  <span class=\"lastword\"> Analytics <svg fill=\"none\" height=\"16\" viewBox=\"0 0 21 16\" width=\"21\" xmlns=\"http:\/\/www.w3.org\/2000\/svg\"><path d=\"m12.2646 1.0521 5.615 5.7114h-17.8796v1.503h17.8796l-5.615 5.7114 1.0343 1.0521 7.3883-7.515-7.3883-7.515z\" fill=\"#446bf9\"\/><\/svg><\/span><\/a><\/h4>\n                    <\/div>\n                <\/div>\n            <\/div><!--\/.col-->\n                        <div class=\"col\">\n                <div onclick=\"location.href='https:\/\/maritech.com\/no\/styre-kostnads-og-okonomirapportering\/'\" class=\"post-card\">\n                    <div class=\"img-wrap\">\n\t\t\t\t\t\t<img decoding=\"async\" width=\"1024\" height=\"588\" src=\"https:\/\/maritech.com\/wp-content\/uploads\/2021\/10\/Maritech-Analyytics-logistikk-1024x588.jpg\" class=\"attachment-large size-large wp-post-image\" alt=\"Styre-, kostnads- og finansrapportering\" srcset=\"https:\/\/maritech.com\/wp-content\/uploads\/2021\/10\/Maritech-Analyytics-logistikk-1024x588.jpg 1024w, https:\/\/maritech.com\/wp-content\/uploads\/2021\/10\/Maritech-Analyytics-logistikk-300x172.jpg 300w, https:\/\/maritech.com\/wp-content\/uploads\/2021\/10\/Maritech-Analyytics-logistikk-768x441.jpg 768w, https:\/\/maritech.com\/wp-content\/uploads\/2021\/10\/Maritech-Analyytics-logistikk-1536x881.jpg 1536w, https:\/\/maritech.com\/wp-content\/uploads\/2021\/10\/Maritech-Analyytics-logistikk-260x149.jpg 260w, https:\/\/maritech.com\/wp-content\/uploads\/2021\/10\/Maritech-Analyytics-logistikk.jpg 1910w\" sizes=\"(max-width: 1024px) 100vw, 1024px\" \/>                    <\/div>\n                    <div class=\"info-wrap\">\n                                                <h4><a href=\"https:\/\/maritech.com\/no\/styre-kostnads-og-okonomirapportering\/\">Styre-, kostnads- og  <span class=\"lastword\"> finansrapportering <svg fill=\"none\" height=\"16\" viewBox=\"0 0 21 16\" width=\"21\" xmlns=\"http:\/\/www.w3.org\/2000\/svg\"><path d=\"m12.2646 1.0521 5.615 5.7114h-17.8796v1.503h17.8796l-5.615 5.7114 1.0343 1.0521 7.3883-7.515-7.3883-7.515z\" fill=\"#446bf9\"\/><\/svg><\/span><\/a><\/h4>\n                    <\/div>\n                <\/div>\n            <\/div><!--\/.col-->\n                        <div class=\"col\">\n                <div onclick=\"location.href='https:\/\/maritech.com\/no\/vare-losninger-analytics\/'\" class=\"post-card\">\n                    <div class=\"img-wrap\">\n\t\t\t\t\t\t<img decoding=\"async\" width=\"1024\" height=\"455\" src=\"https:\/\/maritech.com\/wp-content\/uploads\/2021\/05\/analytics.jpg\" class=\"attachment-large size-large wp-post-image\" alt=\"Analytics\" srcset=\"https:\/\/maritech.com\/wp-content\/uploads\/2021\/05\/analytics.jpg 1024w, https:\/\/maritech.com\/wp-content\/uploads\/2021\/05\/analytics-300x133.jpg 300w, https:\/\/maritech.com\/wp-content\/uploads\/2021\/05\/analytics-768x341.jpg 768w, https:\/\/maritech.com\/wp-content\/uploads\/2021\/05\/analytics-260x116.jpg 260w\" sizes=\"(max-width: 1024px) 100vw, 1024px\" \/>                    <\/div>\n                    <div class=\"info-wrap\">\n                                                <h4><a href=\"https:\/\/maritech.com\/no\/vare-losninger-analytics\/\"> <span class=\"lastword\"> Analytics <svg fill=\"none\" height=\"16\" viewBox=\"0 0 21 16\" width=\"21\" xmlns=\"http:\/\/www.w3.org\/2000\/svg\"><path d=\"m12.2646 1.0521 5.615 5.7114h-17.8796v1.503h17.8796l-5.615 5.7114 1.0343 1.0521 7.3883-7.515-7.3883-7.515z\" fill=\"#446bf9\"\/><\/svg><\/span><\/a><\/h4>\n                    <\/div>\n                <\/div>\n            <\/div><!--\/.col-->\n                    <\/div><!--\/.row-->\n            <\/div><!--\/.container-fluid-->\n<\/section>\n\n\n<section class=\"alignfull block newsletter-form dark-blue\">\n    <div class=\"content-max-wrapper\">\n                    <div class=\"content-max-wrapper__text\">\n                <h3 class=\"h3\">Motta nyheter og invitasjoner fra Maritech<\/h3>\n            <\/div>\n                <!--[if lte IE 8]>\r\n<script charset=\"utf-8\" type=\"text\/javascript\" src=\"\/\/js-eu1.hsforms.net\/forms\/v2-legacy.js\"><\/script>\r\n<![endif]-->\r\n<script charset=\"utf-8\" type=\"text\/javascript\" src=\"\/\/js-eu1.hsforms.net\/forms\/v2.js\"><\/script>\r\n<script>\r\n  hbspt.forms.create({\r\n    region: \"eu1\",\r\n    portalId: \"25031368\",\r\n    formId: \"810e627a-049b-49de-b096-e08125e0e7e6\"\r\n});\r\n<\/script>    <div>\n<\/section>\n","protected":false},"excerpt":{"rendered":"","protected":false},"author":11,"featured_media":8197,"parent":0,"menu_order":0,"comment_status":"closed","ping_status":"closed","template":"","meta":{"_acf_changed":false,"content-type":"","lazy_load_responsive_images_disabled":false,"footnotes":""},"class_list":["post-11989","page","type-page","status-publish","has-post-thumbnail","hentry"],"acf":[],"yoast_head":"<!-- This site is optimized with the Yoast SEO Premium plugin v21.8 (Yoast SEO v26.8) - https:\/\/yoast.com\/product\/yoast-seo-premium-wordpress\/ -->\n<title>Sj\u00f8mat software for hele verdikjeden<\/title>\n<meta name=\"description\" content=\"L\u00f8sningene v\u00e5re er skreddersydd for deg og verdikjeden din, og med automatiserte rapporter og analyseverkt\u00f8y f\u00e5r du full oversikt og kontroll.\" \/>\n<meta name=\"robots\" content=\"index, follow, max-snippet:-1, max-image-preview:large, max-video-preview:-1\" \/>\n<link rel=\"canonical\" href=\"https:\/\/maritech.com\/no\/ledelse-og-okonomi\/\" \/>\n<meta property=\"og:locale\" content=\"nb_NO\" \/>\n<meta property=\"og:type\" content=\"article\" \/>\n<meta property=\"og:title\" content=\"Ledelse og \u00f8konomi\" \/>\n<meta property=\"og:description\" content=\"L\u00f8sningene v\u00e5re er skreddersydd for deg og verdikjeden din, og med automatiserte rapporter og analyseverkt\u00f8y f\u00e5r du full oversikt og kontroll.\" \/>\n<meta property=\"og:url\" content=\"https:\/\/maritech.com\/no\/ledelse-og-okonomi\/\" \/>\n<meta property=\"og:site_name\" content=\"Maritech\" \/>\n<meta property=\"article:modified_time\" content=\"2024-07-15T14:15:15+00:00\" \/>\n<meta property=\"og:image\" content=\"https:\/\/maritech.com\/wp-content\/uploads\/2021\/08\/anunatak_471549772-scaled.jpg\" \/>\n\t<meta property=\"og:image:width\" content=\"2560\" \/>\n\t<meta property=\"og:image:height\" content=\"1707\" \/>\n\t<meta property=\"og:image:type\" content=\"image\/jpeg\" \/>\n<meta name=\"twitter:card\" content=\"summary_large_image\" \/>\n<meta name=\"twitter:label1\" content=\"Ansl. lesetid\" \/>\n\t<meta name=\"twitter:data1\" content=\"1 minutt\" \/>\n<script type=\"application\/ld+json\" class=\"yoast-schema-graph\">{\"@context\":\"https:\/\/schema.org\",\"@graph\":[{\"@type\":\"WebPage\",\"@id\":\"https:\/\/maritech.com\/no\/ledelse-og-okonomi\/\",\"url\":\"https:\/\/maritech.com\/no\/ledelse-og-okonomi\/\",\"name\":\"Sj\u00f8mat software for hele verdikjeden\",\"isPartOf\":{\"@id\":\"https:\/\/maritech.com\/no\/#website\"},\"primaryImageOfPage\":{\"@id\":\"https:\/\/maritech.com\/no\/ledelse-og-okonomi\/#primaryimage\"},\"image\":{\"@id\":\"https:\/\/maritech.com\/no\/ledelse-og-okonomi\/#primaryimage\"},\"thumbnailUrl\":\"https:\/\/maritech.com\/wp-content\/uploads\/2021\/08\/anunatak_471549772-scaled.jpg\",\"datePublished\":\"2021-12-08T14:57:02+00:00\",\"dateModified\":\"2024-07-15T14:15:15+00:00\",\"description\":\"L\u00f8sningene v\u00e5re er skreddersydd for deg og verdikjeden din, og med automatiserte rapporter og analyseverkt\u00f8y f\u00e5r du full oversikt og kontroll.\",\"breadcrumb\":{\"@id\":\"https:\/\/maritech.com\/no\/ledelse-og-okonomi\/#breadcrumb\"},\"inLanguage\":\"nb-NO\",\"potentialAction\":[{\"@type\":\"ReadAction\",\"target\":[\"https:\/\/maritech.com\/no\/ledelse-og-okonomi\/\"]}]},{\"@type\":\"ImageObject\",\"inLanguage\":\"nb-NO\",\"@id\":\"https:\/\/maritech.com\/no\/ledelse-og-okonomi\/#primaryimage\",\"url\":\"https:\/\/maritech.com\/wp-content\/uploads\/2021\/08\/anunatak_471549772-scaled.jpg\",\"contentUrl\":\"https:\/\/maritech.com\/wp-content\/uploads\/2021\/08\/anunatak_471549772-scaled.jpg\",\"width\":2560,\"height\":1707,\"caption\":\"Maritech Analytics -\"},{\"@type\":\"BreadcrumbList\",\"@id\":\"https:\/\/maritech.com\/no\/ledelse-og-okonomi\/#breadcrumb\",\"itemListElement\":[{\"@type\":\"ListItem\",\"position\":1,\"name\":\"Home\",\"item\":\"https:\/\/maritech.com\/no\/\"},{\"@type\":\"ListItem\",\"position\":2,\"name\":\"Ledelse og \u00f8konomi\"}]},{\"@type\":\"WebSite\",\"@id\":\"https:\/\/maritech.com\/no\/#website\",\"url\":\"https:\/\/maritech.com\/no\/\",\"name\":\"Maritech\",\"description\":\"\",\"publisher\":{\"@id\":\"https:\/\/maritech.com\/no\/#organization\"},\"potentialAction\":[{\"@type\":\"SearchAction\",\"target\":{\"@type\":\"EntryPoint\",\"urlTemplate\":\"https:\/\/maritech.com\/no\/?s={search_term_string}\"},\"query-input\":{\"@type\":\"PropertyValueSpecification\",\"valueRequired\":true,\"valueName\":\"search_term_string\"}}],\"inLanguage\":\"nb-NO\"},{\"@type\":\"Organization\",\"@id\":\"https:\/\/maritech.com\/no\/#organization\",\"name\":\"Maritech\",\"url\":\"https:\/\/maritech.com\/no\/\",\"logo\":{\"@type\":\"ImageObject\",\"inLanguage\":\"nb-NO\",\"@id\":\"https:\/\/maritech.com\/no\/#\/schema\/logo\/image\/\",\"url\":\"https:\/\/maritech.com\/wp-content\/uploads\/2024\/07\/Maritech-Logo-Co-Brand-WHITE.png\",\"contentUrl\":\"https:\/\/maritech.com\/wp-content\/uploads\/2024\/07\/Maritech-Logo-Co-Brand-WHITE.png\",\"width\":3336,\"height\":890,\"caption\":\"Maritech\"},\"image\":{\"@id\":\"https:\/\/maritech.com\/no\/#\/schema\/logo\/image\/\"}}]}<\/script>\n<!-- \/ Yoast SEO Premium plugin. -->","yoast_head_json":{"title":"Sj\u00f8mat software for hele verdikjeden","description":"L\u00f8sningene v\u00e5re er skreddersydd for deg og verdikjeden din, og med automatiserte rapporter og analyseverkt\u00f8y f\u00e5r du full oversikt og kontroll.","robots":{"index":"index","follow":"follow","max-snippet":"max-snippet:-1","max-image-preview":"max-image-preview:large","max-video-preview":"max-video-preview:-1"},"canonical":"https:\/\/maritech.com\/no\/ledelse-og-okonomi\/","og_locale":"nb_NO","og_type":"article","og_title":"Ledelse og \u00f8konomi","og_description":"L\u00f8sningene v\u00e5re er skreddersydd for deg og verdikjeden din, og med automatiserte rapporter og analyseverkt\u00f8y f\u00e5r du full oversikt og kontroll.","og_url":"https:\/\/maritech.com\/no\/ledelse-og-okonomi\/","og_site_name":"Maritech","article_modified_time":"2024-07-15T14:15:15+00:00","og_image":[{"width":2560,"height":1707,"url":"https:\/\/maritech.com\/wp-content\/uploads\/2021\/08\/anunatak_471549772-scaled.jpg","type":"image\/jpeg"}],"twitter_card":"summary_large_image","twitter_misc":{"Ansl. lesetid":"1 minutt"},"schema":{"@context":"https:\/\/schema.org","@graph":[{"@type":"WebPage","@id":"https:\/\/maritech.com\/no\/ledelse-og-okonomi\/","url":"https:\/\/maritech.com\/no\/ledelse-og-okonomi\/","name":"Sj\u00f8mat software for hele verdikjeden","isPartOf":{"@id":"https:\/\/maritech.com\/no\/#website"},"primaryImageOfPage":{"@id":"https:\/\/maritech.com\/no\/ledelse-og-okonomi\/#primaryimage"},"image":{"@id":"https:\/\/maritech.com\/no\/ledelse-og-okonomi\/#primaryimage"},"thumbnailUrl":"https:\/\/maritech.com\/wp-content\/uploads\/2021\/08\/anunatak_471549772-scaled.jpg","datePublished":"2021-12-08T14:57:02+00:00","dateModified":"2024-07-15T14:15:15+00:00","description":"L\u00f8sningene v\u00e5re er skreddersydd for deg og verdikjeden din, og med automatiserte rapporter og analyseverkt\u00f8y f\u00e5r du full oversikt og kontroll.","breadcrumb":{"@id":"https:\/\/maritech.com\/no\/ledelse-og-okonomi\/#breadcrumb"},"inLanguage":"nb-NO","potentialAction":[{"@type":"ReadAction","target":["https:\/\/maritech.com\/no\/ledelse-og-okonomi\/"]}]},{"@type":"ImageObject","inLanguage":"nb-NO","@id":"https:\/\/maritech.com\/no\/ledelse-og-okonomi\/#primaryimage","url":"https:\/\/maritech.com\/wp-content\/uploads\/2021\/08\/anunatak_471549772-scaled.jpg","contentUrl":"https:\/\/maritech.com\/wp-content\/uploads\/2021\/08\/anunatak_471549772-scaled.jpg","width":2560,"height":1707,"caption":"Maritech Analytics -"},{"@type":"BreadcrumbList","@id":"https:\/\/maritech.com\/no\/ledelse-og-okonomi\/#breadcrumb","itemListElement":[{"@type":"ListItem","position":1,"name":"Home","item":"https:\/\/maritech.com\/no\/"},{"@type":"ListItem","position":2,"name":"Ledelse og \u00f8konomi"}]},{"@type":"WebSite","@id":"https:\/\/maritech.com\/no\/#website","url":"https:\/\/maritech.com\/no\/","name":"Maritech","description":"","publisher":{"@id":"https:\/\/maritech.com\/no\/#organization"},"potentialAction":[{"@type":"SearchAction","target":{"@type":"EntryPoint","urlTemplate":"https:\/\/maritech.com\/no\/?s={search_term_string}"},"query-input":{"@type":"PropertyValueSpecification","valueRequired":true,"valueName":"search_term_string"}}],"inLanguage":"nb-NO"},{"@type":"Organization","@id":"https:\/\/maritech.com\/no\/#organization","name":"Maritech","url":"https:\/\/maritech.com\/no\/","logo":{"@type":"ImageObject","inLanguage":"nb-NO","@id":"https:\/\/maritech.com\/no\/#\/schema\/logo\/image\/","url":"https:\/\/maritech.com\/wp-content\/uploads\/2024\/07\/Maritech-Logo-Co-Brand-WHITE.png","contentUrl":"https:\/\/maritech.com\/wp-content\/uploads\/2024\/07\/Maritech-Logo-Co-Brand-WHITE.png","width":3336,"height":890,"caption":"Maritech"},"image":{"@id":"https:\/\/maritech.com\/no\/#\/schema\/logo\/image\/"}}]}},"jetpack_sharing_enabled":true,"_links":{"self":[{"href":"https:\/\/maritech.com\/no\/wp-json\/wp\/v2\/pages\/11989","targetHints":{"allow":["GET"]}}],"collection":[{"href":"https:\/\/maritech.com\/no\/wp-json\/wp\/v2\/pages"}],"about":[{"href":"https:\/\/maritech.com\/no\/wp-json\/wp\/v2\/types\/page"}],"author":[{"embeddable":true,"href":"https:\/\/maritech.com\/no\/wp-json\/wp\/v2\/users\/11"}],"replies":[{"embeddable":true,"href":"https:\/\/maritech.com\/no\/wp-json\/wp\/v2\/comments?post=11989"}],"version-history":[{"count":13,"href":"https:\/\/maritech.com\/no\/wp-json\/wp\/v2\/pages\/11989\/revisions"}],"predecessor-version":[{"id":20353,"href":"https:\/\/maritech.com\/no\/wp-json\/wp\/v2\/pages\/11989\/revisions\/20353"}],"wp:featuredmedia":[{"embeddable":true,"href":"https:\/\/maritech.com\/no\/wp-json\/wp\/v2\/media\/8197"}],"wp:attachment":[{"href":"https:\/\/maritech.com\/no\/wp-json\/wp\/v2\/media?parent=11989"}],"curies":[{"name":"wp","href":"https:\/\/api.w.org\/{rel}","templated":true}]}}