{"id":12247,"date":"2021-08-05T13:57:04","date_gmt":"2021-08-05T12:57:04","guid":{"rendered":"https:\/\/maritech.com\/?page_id=12247"},"modified":"2024-07-09T15:59:12","modified_gmt":"2024-07-09T14:59:12","slug":"baerekraft","status":"publish","type":"page","link":"https:\/\/maritech.com\/no\/baerekraft\/","title":{"rendered":"B\u00e6rekraft"},"content":{"rendered":"\n<section class=\"hero block alignfull bg-image grad-light\" style=\"background-image: url('https:\/\/maritech.com\/wp-content\/uploads\/2020\/05\/Ziggi-Maritech_IMG0525_liten-1499x1000.jpg'); \" >\n    <div class=\"container-fluid\">\n        <div class=\"hero-content\">\n                        <div class=\"editor-content\">\n                <h1 class=\"title\"><span style=\"color: #ffffff;\">B\u00e6rekraft<\/span><\/h1>\n<p class=\"featuredtext in-view normal preamble\"><span style=\"color: #ffffff;\">Sammen med kundene v\u00e5re kan vi gj\u00f8re en stor forskjell.<\/span><\/p>\n<div class=\"wp-block-maritech-text__inner in-view\"><\/div>\n            <\/div>\n                    <\/div><!--\/.hero-content-->\n    <\/div><!--\/.container-fluid-->\n<\/section>\n\n\n\n<section class=\"breadcrumb-section block alignfull\">\n    <div class=\"container-fluid\">\n        <p class=\"breadcrumbs\"><span><span><a href=\"https:\/\/maritech.com\/no\/\"><span class=\"d-none\">Home<\/span><svg xmlns=\"http:\/\/www.w3.org\/2000\/svg\" xmlns:xlink=\"http:\/\/www.w3.org\/1999\/xlink\" contentScriptType=\"text\/ecmascript\" contentStyleType=\"text\/css\" enable-background=\"new 0 0 2048 2048\" height=\"2048px\" id=\"Layer_1\" preserveAspectRatio=\"xMidYMid meet\" version=\"1.1\" viewBox=\"25.33300018310547 0 1613.333984375 2048\" width=\"1613.333984375px\" xml:space=\"preserve\" zoomAndPan=\"magnify\" style=\"&#10;    width: 20px;&#10;\"><path d=\"M1408,1120v480c0,17.333-6.333,32.333-19,45s-27.667,19-45,19H960v-384H704v384H320c-17.333,0-32.333-6.333-45-19  s-19-27.667-19-45v-480c0-0.667,0.167-1.667,0.5-3s0.5-2.333,0.5-3l575-474l575,474C1407.667,1115.333,1408,1117.333,1408,1120z   M1631,1051l-62,74c-5.333,6-12.333,9.667-21,11h-3c-8.667,0-15.667-2.333-21-7L832,552l-692,577c-8,5.333-16,7.667-24,7  c-8.667-1.333-15.667-5-21-11l-62-74c-5.333-6.667-7.667-14.5-7-23.5s4.333-16.167,11-21.5l719-599c21.333-17.333,46.667-26,76-26  s54.667,8.667,76,26l244,204V416c0-9.333,3-17,9-23s13.667-9,23-9h192c9.333,0,17,3,23,9s9,13.667,9,23v408l219,182  c6.667,5.333,10.333,12.5,11,21.5S1636.333,1044.333,1631,1051z\"\/><\/svg><\/a><\/span><\/span><\/p>    <\/div>\n<\/section>\n\n<section class=\"page-content block alignfull\">\n    <div class=\"container-fluid\">\n        <div class=\"content-wrapper\">\n            <div class=\"editor-content\">\n                <h2 class=\"h2\">En gr\u00f8nnere verdikjede<\/h2>\n<p>Fra vi startet opp i 1975 har fokus p\u00e5 sporbarhet gjennom verdikjeden v\u00e6rt en fellesnevner for alle l\u00f8sningene og prosjektene v\u00e5re. I dag er dette grunnlaget viktigere enn noensinne. Sporbarhet er viktig for \u00e5 optimalisere prosessene i sj\u00f8matproduksjonen og bidrar til en gr\u00f8nnere og mer effektiv verdikjede.<\/p>\n<p>Som et ledende teknologiselskap er helt naturlig for oss \u00e5 hjelpe kundene v\u00e5re med \u00e5 ta mer b\u00e6rekraftige valg. Eksempler er optimalisering av transportkapasitet, sensordata fra IoT og forbedret produksjonsplanlegging som resulterer i redusert avfall og ressursforbruk. Analyse-verkt\u00f8yene v\u00e5re gir verdifull innsikt, og l\u00f8sningene for sporbarhet s\u00f8rger for matsikkerhet og dokumentasjon gjennom hele verdikjeden.<\/p>\n            <\/div><!--\/.editor-content-->\n        <\/div><!--\/.content-wrapper-->\n    <\/div><!--\/.container-fluid-->\n<\/section>\n\n\n<figure class=\"wp-block-image size-large is-style-default\"><img decoding=\"async\" width=\"1024\" height=\"628\" src=\"https:\/\/maritech.com\/wp-content\/uploads\/2020\/10\/SDGs_poster_new1-e1470856750431-1280x785-1-1024x628.jpg\" alt=\"Sustainable Development Goals - Maritech\" class=\"wp-image-6020\" srcset=\"https:\/\/maritech.com\/wp-content\/uploads\/2020\/10\/SDGs_poster_new1-e1470856750431-1280x785-1-1024x628.jpg 1024w, https:\/\/maritech.com\/wp-content\/uploads\/2020\/10\/SDGs_poster_new1-e1470856750431-1280x785-1-300x184.jpg 300w, https:\/\/maritech.com\/wp-content\/uploads\/2020\/10\/SDGs_poster_new1-e1470856750431-1280x785-1-768x471.jpg 768w, https:\/\/maritech.com\/wp-content\/uploads\/2020\/10\/SDGs_poster_new1-e1470856750431-1280x785-1-260x159.jpg 260w, https:\/\/maritech.com\/wp-content\/uploads\/2020\/10\/SDGs_poster_new1-e1470856750431-1280x785-1.jpg 1280w\" sizes=\"(max-width: 1024px) 100vw, 1024px\" \/><figcaption class=\"wp-element-caption\">B\u00e6rekraftige utviklingsm\u00e5l<\/figcaption><\/figure>\n\n\n<section class=\"page-content block alignfull\">\n    <div class=\"container-fluid\">\n        <div class=\"content-wrapper\">\n            <div class=\"editor-content\">\n                <h2>Handlingsplan for b\u00e6rekraft<\/h2>\n<p>I 2022 jobber en tverrfunksjonell gruppe sammen for \u00e5 lage en ny handlingsplan for b\u00e6rekraft i Maritech. M\u00e5let er \u00e5 finne ut hvordan vi kan maksimere innsatsen v\u00e5r, og integrere nye aktiviteter med kjernevirksomheten og den overordnede strategien.<\/p>\n<p>Vi fokuserer p\u00e5 \u00e5 identifisere lavthengende frukter, produktutviklingsideer, potensielle forskningsprosjekter, partnere og prosjekter. Har du innspill til oss, eller tenker du at vi kan v\u00e6re en potensiell innovasjonspartner? Da h\u00e5per vi at du tar kontakt med oss.<\/p>\n            <\/div><!--\/.editor-content-->\n        <\/div><!--\/.content-wrapper-->\n    <\/div><!--\/.container-fluid-->\n<\/section>\n\n\n<section class=\"video-content block alignfull content-right\">\n\t<div class=\"container-fluid-xl\">\n\t\t<div class=\"row\">\n\n\t\t\t<div class=\"col content-col\">\n\t\t\t\t<div class=\"inner-content\">\n\t\t\t\t\t\t\t\t\t\t\t<div class=\"editor-content\">\n\t\t\t\t\t\t\t<h3 class=\"h2 h3\">Forprosjekt: Fremtidens landing av fisk<\/h3>\n<p>I 2019 publiserte N\u00e6rings- og fiskeridepartementet forslaget \u201cNOU 2019: 21 Future Fisheries Control\u201d for offentlig h\u00f8ring. Hvis forslagene i denne h\u00f8ringen blir implementert, vil det f\u00f8re til store endringer rundt landing av fisk; sporing, automatisering og kontroll fra fangst til fisken er pakket. Dette er et sv\u00e6rt relevant tema for Maritech, og tidlig i 2020 s\u00f8kte vi om finansiering fra Innovasjon Norge for \u00e5 kartlegge relevante aspekter knyttet til fremtidig landing av fisk. S\u00f8knaden ble godkjent og arbeidet har startet.<\/p>\n<p>Prosjektet ledes av produkt- og teknologidirekt\u00f8r Bj\u00f8rnar Kvalsnes og IoT-direkt\u00f8r Andre Lillebakk (bilde), i n\u00e6rt samarbeid med ProtoMore Innovation Lab i Molde. Samtidig som vi tilfredsstiller nye forskriftskrav og sikrer en b\u00e6rekraftig fiskeripraksis, tror vi det er mulig \u00e5 \u00f8ke verdien av villfisk ved \u00e5 optimalisere landingsprosessen med kvalitet og sporing.<\/p>\n\t\t\t\t\t\t<\/div>\n\t\t\t\t\t\t\t\t\t<\/div><!--\/.inner-content-->\n\t\t\t<\/div><!--\/.col-->\n\n\t\t\t<div class=\"col image-col\">\n\t\t\t\t\t\t\t\t\t<img decoding=\"async\" width=\"1000\" height=\"750\" src=\"https:\/\/maritech.com\/wp-content\/uploads\/2020\/11\/Nofima_QT-visjon-6042-1000x750.jpg\" class=\"cover\" alt=\"Product and technology Director Bj\u00f8rnar Kvalsnes and IoT Director Andre Lillebakk, Maritech\" \/>\t\t\t\t\t\t\t<\/div><!--\/.col-->\n\n\t\t<\/div><!--\/.row-->\n\t<\/div><!--\/.container-fluid-xl-->\n<\/section>\n\n\n<section class=\"page-content block alignfull\">\n    <div class=\"container-fluid\">\n        <div class=\"content-wrapper\">\n            <div class=\"editor-content\">\n                <h2>The Explorer<\/h2>\n<p>The Explorer er den offisielle markedsplassen for gr\u00f8nn teknologi fra Norge, og kobler internasjonale behov med norske l\u00f8sninger. &laquo;Alle l\u00f8sninger p\u00e5 The Explorer er knyttet til spesifikke b\u00e6rekraftsm\u00e5l og bidrar til \u00e5 redusere klimagassutslipp eller andre negative milj\u00f8p\u00e5virkninger.&raquo;<\/p>\n<blockquote><p><em>The Explorer presenterer Maritech som en p\u00e5litelig leverand\u00f8r av programvare for sporbarhet i forsyningskjeden. Noe som muliggj\u00f8r sporing av sj\u00f8mat fra fangst til bord, og sikrer b\u00e6rekraftig fiskemetode og en \u00f8kologisk ansvarlig sj\u00f8matindustri.<\/em><\/p><\/blockquote>\n            <\/div><!--\/.editor-content-->\n        <\/div><!--\/.content-wrapper-->\n    <\/div><!--\/.container-fluid-->\n<\/section>\n\n\n<section class=\"video-content block alignfull content-left\">\n\t<div class=\"container-fluid-xl\">\n\t\t<div class=\"row\">\n\n\t\t\t<div class=\"col content-col\">\n\t\t\t\t<div class=\"inner-content\">\n\t\t\t\t\t\t\t\t\t\t\t<div class=\"editor-content\">\n\t\t\t\t\t\t\t<h3><span style=\"color: #003160;\">UN Global Compact<\/span><\/h3>\n<p>Vi har deltatt i <a href=\"https:\/\/www.unglobalcompact.org\/what-is-gc\" target=\"_blank\" rel=\"noreferrer noopener\">UN Global Compact<\/a>, verdens st\u00f8rste b\u00e6rekraftsinitiativ for bedrifter, siden 2020. FNs Global Compact ble dannet for 20 \u00e5r siden som en oppfordring til selskaper over hele verden om &laquo;\u00e5 tilpasse strategier og operasjoner til universelle prinsipper om menneskerettigheter, arbeid, milj\u00f8 og antikorrupsjon-og iverksette tiltak som fremmer samfunnsm\u00e5l&raquo;. I dag (februar 2022) best\u00e5r FNs Global Compact av over 12 000 deltakende selskaper fra mer enn 160 land.<\/p>\n<p>Vi s\u00f8kte om \u00e5 bli med i FNs Global Compact for \u00e5 l\u00e6re og utvikle b\u00e6rekraftstrategien v\u00e5r gjennom spesifikke prosjekter, kompetanseprogrammer og samarbeid med andre selskaper. Sammen kan vi oppn\u00e5 mer enn det hver enkelt av oss kan p\u00e5 egen h\u00e5nd.<\/p>\n\t\t\t\t\t\t<\/div>\n\t\t\t\t\t\t\t\t\t<\/div><!--\/.inner-content-->\n\t\t\t<\/div><!--\/.col-->\n\n\t\t\t<div class=\"col image-col\">\n\t\t\t\t\t\t\t\t\t<img decoding=\"async\" width=\"1000\" height=\"750\" src=\"https:\/\/maritech.com\/wp-content\/uploads\/2020\/10\/Design-uten-navn-9-1-e1603349550814-1000x750.jpg\" class=\"cover\" alt=\"We support UN Global Compact\" \/>\t\t\t\t\t\t\t<\/div><!--\/.col-->\n\n\t\t<\/div><!--\/.row-->\n\t<\/div><!--\/.container-fluid-xl-->\n<\/section>\n\n\n<section class=\"alignfull block newsletter-form dark-blue\">\n    <div class=\"content-max-wrapper\">\n                    <div class=\"content-max-wrapper__text\">\n                <h3 class=\"h3\">Ja, takk! Jeg vil gjerne motta nyhetsbrev og invitasjoner<\/h3>\n            <\/div>\n                <!--[if lte IE 8]>\r\n<script charset=\"utf-8\" type=\"text\/javascript\" src=\"\/\/js-eu1.hsforms.net\/forms\/v2-legacy.js\"><\/script>\r\n<![endif]-->\r\n<script charset=\"utf-8\" type=\"text\/javascript\" src=\"\/\/js-eu1.hsforms.net\/forms\/v2.js\"><\/script>\r\n<script>\r\n  hbspt.forms.create({\r\n    region: \"eu1\",\r\n    portalId: \"25031368\",\r\n    formId: \"810e627a-049b-49de-b096-e08125e0e7e6\"\r\n});\r\n<\/script>    <div>\n<\/section>\n","protected":false},"excerpt":{"rendered":"","protected":false},"author":11,"featured_media":6175,"parent":0,"menu_order":0,"comment_status":"closed","ping_status":"closed","template":"","meta":{"_acf_changed":false,"content-type":"","lazy_load_responsive_images_disabled":false,"footnotes":""},"class_list":["post-12247","page","type-page","status-publish","has-post-thumbnail","hentry"],"acf":[],"yoast_head":"<!-- This site is optimized with the Yoast SEO Premium plugin v21.8 (Yoast SEO v26.8) - https:\/\/yoast.com\/product\/yoast-seo-premium-wordpress\/ -->\n<title>B\u00e6rekraft - Maritech<\/title>\n<meta name=\"description\" content=\"Sammen med kundene v\u00e5re kan vi gj\u00f8re en stor forskjell. Har du innspill til oss? Da h\u00e5per vi at du tar kontakt.\" \/>\n<meta name=\"robots\" content=\"index, follow, max-snippet:-1, max-image-preview:large, max-video-preview:-1\" \/>\n<link rel=\"canonical\" href=\"https:\/\/maritech.com\/no\/baerekraft\/\" \/>\n<meta property=\"og:locale\" content=\"nb_NO\" \/>\n<meta property=\"og:type\" content=\"article\" \/>\n<meta property=\"og:title\" content=\"B\u00e6rekraft\" \/>\n<meta property=\"og:description\" content=\"Sammen med kundene v\u00e5re kan vi gj\u00f8re en stor forskjell. Har du innspill til oss? Da h\u00e5per vi at du tar kontakt.\" \/>\n<meta property=\"og:url\" content=\"https:\/\/maritech.com\/no\/baerekraft\/\" \/>\n<meta property=\"og:site_name\" content=\"Maritech\" \/>\n<meta property=\"article:modified_time\" content=\"2024-07-09T14:59:12+00:00\" \/>\n<meta property=\"og:image\" content=\"https:\/\/maritech.com\/wp-content\/uploads\/2020\/10\/E_2018_SDG_Poster_without_UN_emblem_LetterUS.png\" \/>\n\t<meta property=\"og:image:width\" content=\"1000\" \/>\n\t<meta property=\"og:image:height\" content=\"601\" \/>\n\t<meta property=\"og:image:type\" content=\"image\/png\" \/>\n<meta name=\"twitter:card\" content=\"summary_large_image\" \/>\n<meta name=\"twitter:label1\" content=\"Ansl. lesetid\" \/>\n\t<meta name=\"twitter:data1\" content=\"1 minutt\" \/>\n<script type=\"application\/ld+json\" class=\"yoast-schema-graph\">{\"@context\":\"https:\/\/schema.org\",\"@graph\":[{\"@type\":\"WebPage\",\"@id\":\"https:\/\/maritech.com\/no\/baerekraft\/\",\"url\":\"https:\/\/maritech.com\/no\/baerekraft\/\",\"name\":\"B\u00e6rekraft - Maritech\",\"isPartOf\":{\"@id\":\"https:\/\/maritech.com\/no\/#website\"},\"primaryImageOfPage\":{\"@id\":\"https:\/\/maritech.com\/no\/baerekraft\/#primaryimage\"},\"image\":{\"@id\":\"https:\/\/maritech.com\/no\/baerekraft\/#primaryimage\"},\"thumbnailUrl\":\"https:\/\/maritech.com\/wp-content\/uploads\/2020\/10\/E_2018_SDG_Poster_without_UN_emblem_LetterUS.png\",\"datePublished\":\"2021-08-05T12:57:04+00:00\",\"dateModified\":\"2024-07-09T14:59:12+00:00\",\"description\":\"Sammen med kundene v\u00e5re kan vi gj\u00f8re en stor forskjell. Har du innspill til oss? Da h\u00e5per vi at du tar kontakt.\",\"breadcrumb\":{\"@id\":\"https:\/\/maritech.com\/no\/baerekraft\/#breadcrumb\"},\"inLanguage\":\"nb-NO\",\"potentialAction\":[{\"@type\":\"ReadAction\",\"target\":[\"https:\/\/maritech.com\/no\/baerekraft\/\"]}]},{\"@type\":\"ImageObject\",\"inLanguage\":\"nb-NO\",\"@id\":\"https:\/\/maritech.com\/no\/baerekraft\/#primaryimage\",\"url\":\"https:\/\/maritech.com\/wp-content\/uploads\/2020\/10\/E_2018_SDG_Poster_without_UN_emblem_LetterUS.png\",\"contentUrl\":\"https:\/\/maritech.com\/wp-content\/uploads\/2020\/10\/E_2018_SDG_Poster_without_UN_emblem_LetterUS.png\",\"width\":1000,\"height\":601,\"caption\":\"Sustainable development Goals\"},{\"@type\":\"BreadcrumbList\",\"@id\":\"https:\/\/maritech.com\/no\/baerekraft\/#breadcrumb\",\"itemListElement\":[{\"@type\":\"ListItem\",\"position\":1,\"name\":\"Home\",\"item\":\"https:\/\/maritech.com\/no\/\"},{\"@type\":\"ListItem\",\"position\":2,\"name\":\"B\u00e6rekraft\"}]},{\"@type\":\"WebSite\",\"@id\":\"https:\/\/maritech.com\/no\/#website\",\"url\":\"https:\/\/maritech.com\/no\/\",\"name\":\"Maritech\",\"description\":\"\",\"publisher\":{\"@id\":\"https:\/\/maritech.com\/no\/#organization\"},\"potentialAction\":[{\"@type\":\"SearchAction\",\"target\":{\"@type\":\"EntryPoint\",\"urlTemplate\":\"https:\/\/maritech.com\/no\/?s={search_term_string}\"},\"query-input\":{\"@type\":\"PropertyValueSpecification\",\"valueRequired\":true,\"valueName\":\"search_term_string\"}}],\"inLanguage\":\"nb-NO\"},{\"@type\":\"Organization\",\"@id\":\"https:\/\/maritech.com\/no\/#organization\",\"name\":\"Maritech\",\"url\":\"https:\/\/maritech.com\/no\/\",\"logo\":{\"@type\":\"ImageObject\",\"inLanguage\":\"nb-NO\",\"@id\":\"https:\/\/maritech.com\/no\/#\/schema\/logo\/image\/\",\"url\":\"https:\/\/maritech.com\/wp-content\/uploads\/2024\/07\/Maritech-Logo-Co-Brand-WHITE.png\",\"contentUrl\":\"https:\/\/maritech.com\/wp-content\/uploads\/2024\/07\/Maritech-Logo-Co-Brand-WHITE.png\",\"width\":3336,\"height\":890,\"caption\":\"Maritech\"},\"image\":{\"@id\":\"https:\/\/maritech.com\/no\/#\/schema\/logo\/image\/\"}}]}<\/script>\n<!-- \/ Yoast SEO Premium plugin. -->","yoast_head_json":{"title":"B\u00e6rekraft - Maritech","description":"Sammen med kundene v\u00e5re kan vi gj\u00f8re en stor forskjell. Har du innspill til oss? Da h\u00e5per vi at du tar kontakt.","robots":{"index":"index","follow":"follow","max-snippet":"max-snippet:-1","max-image-preview":"max-image-preview:large","max-video-preview":"max-video-preview:-1"},"canonical":"https:\/\/maritech.com\/no\/baerekraft\/","og_locale":"nb_NO","og_type":"article","og_title":"B\u00e6rekraft","og_description":"Sammen med kundene v\u00e5re kan vi gj\u00f8re en stor forskjell. Har du innspill til oss? Da h\u00e5per vi at du tar kontakt.","og_url":"https:\/\/maritech.com\/no\/baerekraft\/","og_site_name":"Maritech","article_modified_time":"2024-07-09T14:59:12+00:00","og_image":[{"width":1000,"height":601,"url":"https:\/\/maritech.com\/wp-content\/uploads\/2020\/10\/E_2018_SDG_Poster_without_UN_emblem_LetterUS.png","type":"image\/png"}],"twitter_card":"summary_large_image","twitter_misc":{"Ansl. lesetid":"1 minutt"},"schema":{"@context":"https:\/\/schema.org","@graph":[{"@type":"WebPage","@id":"https:\/\/maritech.com\/no\/baerekraft\/","url":"https:\/\/maritech.com\/no\/baerekraft\/","name":"B\u00e6rekraft - Maritech","isPartOf":{"@id":"https:\/\/maritech.com\/no\/#website"},"primaryImageOfPage":{"@id":"https:\/\/maritech.com\/no\/baerekraft\/#primaryimage"},"image":{"@id":"https:\/\/maritech.com\/no\/baerekraft\/#primaryimage"},"thumbnailUrl":"https:\/\/maritech.com\/wp-content\/uploads\/2020\/10\/E_2018_SDG_Poster_without_UN_emblem_LetterUS.png","datePublished":"2021-08-05T12:57:04+00:00","dateModified":"2024-07-09T14:59:12+00:00","description":"Sammen med kundene v\u00e5re kan vi gj\u00f8re en stor forskjell. Har du innspill til oss? Da h\u00e5per vi at du tar kontakt.","breadcrumb":{"@id":"https:\/\/maritech.com\/no\/baerekraft\/#breadcrumb"},"inLanguage":"nb-NO","potentialAction":[{"@type":"ReadAction","target":["https:\/\/maritech.com\/no\/baerekraft\/"]}]},{"@type":"ImageObject","inLanguage":"nb-NO","@id":"https:\/\/maritech.com\/no\/baerekraft\/#primaryimage","url":"https:\/\/maritech.com\/wp-content\/uploads\/2020\/10\/E_2018_SDG_Poster_without_UN_emblem_LetterUS.png","contentUrl":"https:\/\/maritech.com\/wp-content\/uploads\/2020\/10\/E_2018_SDG_Poster_without_UN_emblem_LetterUS.png","width":1000,"height":601,"caption":"Sustainable development Goals"},{"@type":"BreadcrumbList","@id":"https:\/\/maritech.com\/no\/baerekraft\/#breadcrumb","itemListElement":[{"@type":"ListItem","position":1,"name":"Home","item":"https:\/\/maritech.com\/no\/"},{"@type":"ListItem","position":2,"name":"B\u00e6rekraft"}]},{"@type":"WebSite","@id":"https:\/\/maritech.com\/no\/#website","url":"https:\/\/maritech.com\/no\/","name":"Maritech","description":"","publisher":{"@id":"https:\/\/maritech.com\/no\/#organization"},"potentialAction":[{"@type":"SearchAction","target":{"@type":"EntryPoint","urlTemplate":"https:\/\/maritech.com\/no\/?s={search_term_string}"},"query-input":{"@type":"PropertyValueSpecification","valueRequired":true,"valueName":"search_term_string"}}],"inLanguage":"nb-NO"},{"@type":"Organization","@id":"https:\/\/maritech.com\/no\/#organization","name":"Maritech","url":"https:\/\/maritech.com\/no\/","logo":{"@type":"ImageObject","inLanguage":"nb-NO","@id":"https:\/\/maritech.com\/no\/#\/schema\/logo\/image\/","url":"https:\/\/maritech.com\/wp-content\/uploads\/2024\/07\/Maritech-Logo-Co-Brand-WHITE.png","contentUrl":"https:\/\/maritech.com\/wp-content\/uploads\/2024\/07\/Maritech-Logo-Co-Brand-WHITE.png","width":3336,"height":890,"caption":"Maritech"},"image":{"@id":"https:\/\/maritech.com\/no\/#\/schema\/logo\/image\/"}}]}},"jetpack_sharing_enabled":true,"_links":{"self":[{"href":"https:\/\/maritech.com\/no\/wp-json\/wp\/v2\/pages\/12247","targetHints":{"allow":["GET"]}}],"collection":[{"href":"https:\/\/maritech.com\/no\/wp-json\/wp\/v2\/pages"}],"about":[{"href":"https:\/\/maritech.com\/no\/wp-json\/wp\/v2\/types\/page"}],"author":[{"embeddable":true,"href":"https:\/\/maritech.com\/no\/wp-json\/wp\/v2\/users\/11"}],"replies":[{"embeddable":true,"href":"https:\/\/maritech.com\/no\/wp-json\/wp\/v2\/comments?post=12247"}],"version-history":[{"count":18,"href":"https:\/\/maritech.com\/no\/wp-json\/wp\/v2\/pages\/12247\/revisions"}],"predecessor-version":[{"id":20253,"href":"https:\/\/maritech.com\/no\/wp-json\/wp\/v2\/pages\/12247\/revisions\/20253"}],"wp:featuredmedia":[{"embeddable":true,"href":"https:\/\/maritech.com\/no\/wp-json\/wp\/v2\/media\/6175"}],"wp:attachment":[{"href":"https:\/\/maritech.com\/no\/wp-json\/wp\/v2\/media?parent=12247"}],"curies":[{"name":"wp","href":"https:\/\/api.w.org\/{rel}","templated":true}]}}