{"id":12785,"date":"2022-05-05T20:54:12","date_gmt":"2022-05-05T19:54:12","guid":{"rendered":"https:\/\/maritech.com\/?page_id=12785"},"modified":"2024-07-16T07:33:28","modified_gmt":"2024-07-16T06:33:28","slug":"kundecase-silver-seafood","status":"publish","type":"page","link":"https:\/\/maritech.com\/no\/kundecase-silver-seafood\/","title":{"rendered":"Kundecase &#8211; Silver Seafood"},"content":{"rendered":"\n<section class=\"hero block alignfull bg-image grad-light\" style=\"background-image: url('https:\/\/maritech.com\/wp-content\/uploads\/2022\/04\/0203_maritech_tonemolnes_2022_TMO7635_MQ-1500x1000.jpg'); \" >\n    <div class=\"container-fluid\">\n        <div class=\"hero-content\">\n                        <div class=\"editor-content\">\n                <h1 class=\"title\"><span style=\"color: #ffffff;\">Silver Seafood<\/span><\/h1>\n<p class=\"preamble\"><span style=\"color: #ffffff;\">Kundecase Maritech Purchase &amp; Sales<\/span><\/p>\n            <\/div>\n            <div class=\"button-wrap left\"><a class=\"btn btn-primary\" href=\"https:\/\/demo.dev.maritech.cloud\/START\/Introduction\" target=\"_blank\" title=\"Se hvordan vi gj\u00f8r det her\">Se hvordan vi gj\u00f8r det her<\/a><\/div>        <\/div><!--\/.hero-content-->\n    <\/div><!--\/.container-fluid-->\n<\/section>\n\n\n<section class=\"page-content block alignfull\">\n    <div class=\"container-fluid\">\n        <div class=\"content-wrapper\">\n            <div class=\"editor-content\">\n                <h2><\/h2>\n<h2>F\u00f8rsteklasses skalldyr<\/h2>\n<p class=\"preamble\">I idylliske Sj\u00f8vika p\u00e5 Mid\u00f8ya finner du Silver Seafood, en av Norges ledende leverand\u00f8rer av skalldyr. Spesialiteten er sj\u00f8kreps, som eksporteres levende til hele verden og til noen f\u00e5, eksklusive mottakere i Norge.<\/p>\n<p>Silver Seafood ble startet i 2012 av Jim Martin S\u00f8rlie og Preben God\u00f8, og driver i dag b\u00e5de engros-virksomhet, fiskemottak, produksjon, pakking og eksport\/trading av fisk og skalldyr &#8211; hovedsakelig innen premium-segmentet til USA, Asia og Europa.<\/p>\n<p>Lokale fiskere leverer fangsten direkte p\u00e5 kaia hos Silver Seafood, som blant annet har rundt 10 faste b\u00e5ter som leverer sj\u00f8kreps.<\/p>\n            <\/div><!--\/.editor-content-->\n        <\/div><!--\/.content-wrapper-->\n    <\/div><!--\/.container-fluid-->\n<\/section>\n\n\n<figure class=\"wp-block-image size-large\"><img decoding=\"async\" width=\"1024\" height=\"683\" src=\"https:\/\/maritech.com\/wp-content\/uploads\/2022\/05\/0203_maritech_silver_tonemolnes_2022_TMO7008_MQ-1024x683.jpg\" alt=\"\" class=\"wp-image-12750\" srcset=\"https:\/\/maritech.com\/wp-content\/uploads\/2022\/05\/0203_maritech_silver_tonemolnes_2022_TMO7008_MQ-1024x683.jpg 1024w, https:\/\/maritech.com\/wp-content\/uploads\/2022\/05\/0203_maritech_silver_tonemolnes_2022_TMO7008_MQ-300x200.jpg 300w, https:\/\/maritech.com\/wp-content\/uploads\/2022\/05\/0203_maritech_silver_tonemolnes_2022_TMO7008_MQ-768x512.jpg 768w, https:\/\/maritech.com\/wp-content\/uploads\/2022\/05\/0203_maritech_silver_tonemolnes_2022_TMO7008_MQ-1536x1024.jpg 1536w, https:\/\/maritech.com\/wp-content\/uploads\/2022\/05\/0203_maritech_silver_tonemolnes_2022_TMO7008_MQ-1500x1000.jpg 1500w, https:\/\/maritech.com\/wp-content\/uploads\/2022\/05\/0203_maritech_silver_tonemolnes_2022_TMO7008_MQ-260x173.jpg 260w\" sizes=\"(max-width: 1024px) 100vw, 1024px\" \/><figcaption class=\"wp-element-caption\">Alle foto: Tone Molnes<\/figcaption><\/figure>\n\n\n<section class=\"page-content block alignfull\">\n    <div class=\"container-fluid\">\n        <div class=\"content-wrapper\">\n            <div class=\"editor-content\">\n                <h2>Michelin og Bocuse d&#8217;Or<\/h2>\n<p>Selskapet har spesialisert seg p\u00e5 levende pakking, og driver ogs\u00e5 oppl\u00e6ring av fiskere for \u00e5 sikre en mest mulig sk\u00e5nsom behandling av fangsten. Det aller meste av sj\u00f8krepsen eksporteres til utlandet, med unntak av noen helt spesielle kunder i Norge; blant annet Michelin-restauranten Speilsalen i Trondheim, og Norgesmesterskapet i kokkekunst, Bocuse d\u2019Or Norge.<\/p>\n<p>\u2013 Det er en kunst i seg selv \u00e5 f\u00e5 krepsen frem til USA like levende og bra som n\u00e5r den er tatt opp av sj\u00f8en, forteller Preben God\u00f8, Production Manager\/eier.<\/p>\n<p>\u2013 Det krever fokus og lang erfaring, vi har v\u00e6rt fiskere selv og vet at det er sm\u00e5 marginer. Vi har ogs\u00e5 utviklet en sk\u00e5nsom pakkemetode som stresser ned krepsen, denne behandlingen er unik.<\/p>\n            <\/div><!--\/.editor-content-->\n        <\/div><!--\/.content-wrapper-->\n    <\/div><!--\/.container-fluid-->\n<\/section>\n\n\n<figure class=\"wp-block-image size-large\"><img decoding=\"async\" width=\"1024\" height=\"683\" src=\"https:\/\/maritech.com\/wp-content\/uploads\/2022\/05\/0203_maritech_tonemolnes_2022_TMO7533_MQ-1024x683.jpg\" alt=\"\" class=\"wp-image-12756\" srcset=\"https:\/\/maritech.com\/wp-content\/uploads\/2022\/05\/0203_maritech_tonemolnes_2022_TMO7533_MQ-1024x683.jpg 1024w, https:\/\/maritech.com\/wp-content\/uploads\/2022\/05\/0203_maritech_tonemolnes_2022_TMO7533_MQ-300x200.jpg 300w, https:\/\/maritech.com\/wp-content\/uploads\/2022\/05\/0203_maritech_tonemolnes_2022_TMO7533_MQ-768x512.jpg 768w, https:\/\/maritech.com\/wp-content\/uploads\/2022\/05\/0203_maritech_tonemolnes_2022_TMO7533_MQ-1536x1024.jpg 1536w, https:\/\/maritech.com\/wp-content\/uploads\/2022\/05\/0203_maritech_tonemolnes_2022_TMO7533_MQ-1500x1000.jpg 1500w, https:\/\/maritech.com\/wp-content\/uploads\/2022\/05\/0203_maritech_tonemolnes_2022_TMO7533_MQ-260x173.jpg 260w\" sizes=\"(max-width: 1024px) 100vw, 1024px\" \/><\/figure>\n\n\n<section class=\"page-content block alignfull\">\n    <div class=\"container-fluid\">\n        <div class=\"content-wrapper\">\n            <div class=\"editor-content\">\n                <h2>Marginer og dokumentasjon<\/h2>\n<p>Etter at <a href=\"https:\/\/maritech.com\/no\/maritech-purchase-sales\/\" target=\"_blank\" rel=\"noopener\">Maritech Purchase &amp; Sales<\/a> ble lansert h\u00f8sten 2019, var Silver Seafood en av de f\u00f8rste kundene som tok i bruk systemet innen hvitfisk-n\u00e6ringen. De hadde da brukt <a href=\"https:\/\/maritech.com\/no\/pakking-og-merking\/\">Maritech Packing<\/a> siden de startet opp, og s\u00e5 behovet for \u00e5 digitalisere enda flere prosesser.<\/p>\n<p>&#8211; F\u00f8r var det alltid en stor stabel papirer p\u00e5 pulten til Jim Martin, forteller Maja H\u00e5bet, Communications Manager. \u2013 Vi skrev gullapper og streket ut etter hvert for \u00e5 v\u00e6re sikre p\u00e5 at alt av dokumentasjon var med. Hovedm\u00e5let med Purchase &amp; Sales-implementeringen ble i f\u00f8rste omgang \u00e5 f\u00e5 all informasjon inn p\u00e5 ordrene. Du kan aldri f\u00e5 for mye dokumentasjon.<\/p>\n<p>&#8211; Vi jobber ogs\u00e5 mye med marginer i systemet, og opplever at det er en viktig styrke. Og det er en stor fordel at alt er samlet p\u00e5 ett sted og enkelt \u00e5 f\u00e5 tak i.<\/p>\n            <\/div><!--\/.editor-content-->\n        <\/div><!--\/.content-wrapper-->\n    <\/div><!--\/.container-fluid-->\n<\/section>\n\n\n<figure class=\"wp-block-image size-large\"><img decoding=\"async\" width=\"1024\" height=\"683\" src=\"https:\/\/maritech.com\/wp-content\/uploads\/2022\/05\/0203_silver_tonemolnes_2022_TMO6873_MQ-1024x683.jpg\" alt=\"\" class=\"wp-image-12753\" srcset=\"https:\/\/maritech.com\/wp-content\/uploads\/2022\/05\/0203_silver_tonemolnes_2022_TMO6873_MQ-1024x683.jpg 1024w, https:\/\/maritech.com\/wp-content\/uploads\/2022\/05\/0203_silver_tonemolnes_2022_TMO6873_MQ-300x200.jpg 300w, https:\/\/maritech.com\/wp-content\/uploads\/2022\/05\/0203_silver_tonemolnes_2022_TMO6873_MQ-768x512.jpg 768w, https:\/\/maritech.com\/wp-content\/uploads\/2022\/05\/0203_silver_tonemolnes_2022_TMO6873_MQ-1536x1024.jpg 1536w, https:\/\/maritech.com\/wp-content\/uploads\/2022\/05\/0203_silver_tonemolnes_2022_TMO6873_MQ-1500x1000.jpg 1500w, https:\/\/maritech.com\/wp-content\/uploads\/2022\/05\/0203_silver_tonemolnes_2022_TMO6873_MQ-260x173.jpg 260w\" sizes=\"(max-width: 1024px) 100vw, 1024px\" \/><figcaption class=\"wp-element-caption\">Jim Martin S\u00f8rlie og Maja H\u00e5bet<\/figcaption><\/figure>\n\n\n<section class=\"page-content block alignfull\">\n    <div class=\"container-fluid\">\n        <div class=\"content-wrapper\">\n            <div class=\"editor-content\">\n                <h2>Et nytt niv\u00e5 av fleksibilitet<\/h2>\n<p>Midt i Purchase &amp; Sales-oppstarten skjedde etableringen av engros-virksomheten, der Silver Seafood i dag er lokal grossist i M\u00f8re og Romsdal, i samarbeid med Ler\u00f8y Sj\u00f8matgruppen. Silver Seafood Engros tok da i bruk de nye skyl\u00f8sningene f\u00f8rst, og n\u00e5 er de kjerneverkt\u00f8y for hele selskapet.<\/p>\n<p>&#8211; Det har v\u00e6rt noen utfordringer p\u00e5 veien, ettersom vi var en av de f\u00f8rste kundene, fortsetter Maja. &#8211; Det er jo helt naturlig, og vi har hatt tett dialog med Maritech helt siden starten. N\u00e5 er vi stort sett veldig godt forn\u00f8yd med b\u00e5de funksjonalitet og arbeidsflyt.<\/p>\n<p>&#8211; Vi har jo f\u00e5tt en helt ny fleksibilitet, b\u00e5de gjennom selve verkt\u00f8yene for kommunikasjon, prosess-st\u00f8tte og dokumentasjon, sier Jim Martin S\u00f8rlie, Sales Manager\/eier.<\/p>\n            <\/div><!--\/.editor-content-->\n        <\/div><!--\/.content-wrapper-->\n    <\/div><!--\/.container-fluid-->\n<\/section>\n\n\n<figure class=\"wp-block-image size-large\"><img decoding=\"async\" width=\"1024\" height=\"683\" src=\"https:\/\/maritech.com\/wp-content\/uploads\/2022\/04\/0203_maritech_tonemolnes_2022_TMO8881_Silver-Seafood_MQ-1024x683.jpg\" alt=\"Maritech customer case Silver Seafood\" class=\"wp-image-12663\" srcset=\"https:\/\/maritech.com\/wp-content\/uploads\/2022\/04\/0203_maritech_tonemolnes_2022_TMO8881_Silver-Seafood_MQ-1024x683.jpg 1024w, https:\/\/maritech.com\/wp-content\/uploads\/2022\/04\/0203_maritech_tonemolnes_2022_TMO8881_Silver-Seafood_MQ-300x200.jpg 300w, https:\/\/maritech.com\/wp-content\/uploads\/2022\/04\/0203_maritech_tonemolnes_2022_TMO8881_Silver-Seafood_MQ-768x512.jpg 768w, https:\/\/maritech.com\/wp-content\/uploads\/2022\/04\/0203_maritech_tonemolnes_2022_TMO8881_Silver-Seafood_MQ-1536x1024.jpg 1536w, https:\/\/maritech.com\/wp-content\/uploads\/2022\/04\/0203_maritech_tonemolnes_2022_TMO8881_Silver-Seafood_MQ-1500x1000.jpg 1500w, https:\/\/maritech.com\/wp-content\/uploads\/2022\/04\/0203_maritech_tonemolnes_2022_TMO8881_Silver-Seafood_MQ-260x173.jpg 260w\" sizes=\"(max-width: 1024px) 100vw, 1024px\" \/><figcaption class=\"wp-element-caption\">Silver Seafood-gr\u00fcnderne Preben God\u00f8 og Jim Martin S\u00f8rlie<\/figcaption><\/figure>\n\n\n<section class=\"page-content block alignfull\">\n    <div class=\"container-fluid\">\n        <div class=\"content-wrapper\">\n            <div class=\"editor-content\">\n                <h2>En investering for fremtiden<\/h2>\n<p>&#8211; N\u00e5 kan vi plukke alle kassene hvor som helst, n\u00e5r som helst, du kan sitte hjemme og holde p\u00e5 hele d\u00f8gnet. Det sier seg selv at det er veldig praktisk n\u00e5r man jobber i mange ulike tidssoner. Sj\u00e5f\u00f8rer kan gj\u00f8re alt p\u00e5 ferga, plukke p\u00e5 kasser og s\u00e5 videre. Alle sj\u00e5f\u00f8rene har med PC-er ut i bilene.<\/p>\n<p>Som en del av Maritech Purchase &amp; Sales har Silver Seafood ogs\u00e5 tatt i bruk Document Service og Analytics, for \u00f8kt dokumentflyt og kontroll. Sistnevnte brukes ogs\u00e5 til \u00e5 forenkle rapportering.<\/p>\n<p>&#8211; Vi investerte i dette for \u00e5 f\u00e5 et verkt\u00f8y for fremtiden, og det har endret mye av m\u00e5ten vi jobber p\u00e5, avslutter S\u00f8rlie.<\/p>\n            <\/div><!--\/.editor-content-->\n        <\/div><!--\/.content-wrapper-->\n    <\/div><!--\/.container-fluid-->\n<\/section>\n\n<section  class=\"content-form-cta block alignfull offset\">\n    <div class=\"container-fluid\">\n        <div class=\"alignment-wrapper\">\n            <div class=\"block-container\">\n                                    <h4 class=\"h4\">Nysgjerrig?<\/h4>\n                                                                                    <div class=\"button-wrap left\">\n                        <a class=\"btn\" href=\"https:\/\/share-eu1.hsforms.com\/1N64zSG_iQh6EJmgag0ox5Qewibs\" title=\"Kontakt oss\">\n                            Kontakt oss                        <\/a>\n                    <\/div>\n                            <\/div>\n        <\/div>\n    <\/div>\n<\/section>\n\n<section class=\"alignfull block newsletter-form dark-blue\">\n    <div class=\"content-max-wrapper\">\n                    <div class=\"content-max-wrapper__text\">\n                <h3 class=\"h3\">Abonner p\u00e5 v\u00e5rt nyhetsbrev!<\/h3>\n            <\/div>\n                <!--[if lte IE 8]>\r\n<script charset=\"utf-8\" type=\"text\/javascript\" src=\"\/\/js-eu1.hsforms.net\/forms\/v2-legacy.js\"><\/script>\r\n<![endif]-->\r\n<script charset=\"utf-8\" type=\"text\/javascript\" src=\"\/\/js-eu1.hsforms.net\/forms\/v2.js\"><\/script>\r\n<script>\r\n  hbspt.forms.create({\r\n    region: \"eu1\",\r\n    portalId: \"25031368\",\r\n    formId: \"810e627a-049b-49de-b096-e08125e0e7e6\"\r\n});\r\n<\/script>    <div>\n<\/section>\n","protected":false},"excerpt":{"rendered":"","protected":false},"author":11,"featured_media":13880,"parent":0,"menu_order":0,"comment_status":"closed","ping_status":"closed","template":"","meta":{"_acf_changed":false,"content-type":"","lazy_load_responsive_images_disabled":false,"footnotes":""},"class_list":["post-12785","page","type-page","status-publish","has-post-thumbnail","hentry"],"acf":[],"yoast_head":"<!-- This site is optimized with the Yoast SEO Premium plugin v21.8 (Yoast SEO v26.8) - https:\/\/yoast.com\/product\/yoast-seo-premium-wordpress\/ -->\n<title>Kundecase - Silver Seafood - Maritech<\/title>\n<meta name=\"description\" content=\"Silver Seafood, spesialisert p\u00e5 langoustine - eksportert live til hele verden og til noen f\u00e5, eksklusive mottakere i Norge.\" \/>\n<meta name=\"robots\" content=\"index, follow, max-snippet:-1, max-image-preview:large, max-video-preview:-1\" \/>\n<link rel=\"canonical\" href=\"https:\/\/maritech.com\/no\/kundecase-silver-seafood\/\" \/>\n<meta property=\"og:locale\" content=\"nb_NO\" \/>\n<meta property=\"og:type\" content=\"article\" \/>\n<meta property=\"og:title\" content=\"Kundecase - Silver Seafood\" \/>\n<meta property=\"og:description\" content=\"Silver Seafood, spesialisert p\u00e5 langoustine - eksportert live til hele verden og til noen f\u00e5, eksklusive mottakere i Norge.\" \/>\n<meta property=\"og:url\" content=\"https:\/\/maritech.com\/no\/kundecase-silver-seafood\/\" \/>\n<meta property=\"og:site_name\" content=\"Maritech\" \/>\n<meta property=\"article:modified_time\" content=\"2024-07-16T06:33:28+00:00\" \/>\n<meta property=\"og:image\" content=\"https:\/\/maritech.com\/wp-content\/uploads\/2022\/05\/0203_silver_tonemolnes_2022_TMO6873_MQ-1024x683.jpg\" \/>\n\t<meta property=\"og:image:width\" content=\"1024\" \/>\n\t<meta property=\"og:image:height\" content=\"683\" \/>\n\t<meta property=\"og:image:type\" content=\"image\/jpeg\" \/>\n<meta name=\"twitter:card\" content=\"summary_large_image\" \/>\n<meta name=\"twitter:label1\" content=\"Ansl. lesetid\" \/>\n\t<meta name=\"twitter:data1\" content=\"2 minutter\" \/>\n<script type=\"application\/ld+json\" class=\"yoast-schema-graph\">{\"@context\":\"https:\/\/schema.org\",\"@graph\":[{\"@type\":\"WebPage\",\"@id\":\"https:\/\/maritech.com\/no\/kundecase-silver-seafood\/\",\"url\":\"https:\/\/maritech.com\/no\/kundecase-silver-seafood\/\",\"name\":\"Kundecase - Silver Seafood - Maritech\",\"isPartOf\":{\"@id\":\"https:\/\/maritech.com\/no\/#website\"},\"primaryImageOfPage\":{\"@id\":\"https:\/\/maritech.com\/no\/kundecase-silver-seafood\/#primaryimage\"},\"image\":{\"@id\":\"https:\/\/maritech.com\/no\/kundecase-silver-seafood\/#primaryimage\"},\"thumbnailUrl\":\"https:\/\/maritech.com\/wp-content\/uploads\/2021\/06\/0203_maritech_tonemolnes_2022_TMO7851_MQ-e1663249523855.jpg\",\"datePublished\":\"2022-05-05T19:54:12+00:00\",\"dateModified\":\"2024-07-16T06:33:28+00:00\",\"description\":\"Silver Seafood, spesialisert p\u00e5 langoustine - eksportert live til hele verden og til noen f\u00e5, eksklusive mottakere i Norge.\",\"breadcrumb\":{\"@id\":\"https:\/\/maritech.com\/no\/kundecase-silver-seafood\/#breadcrumb\"},\"inLanguage\":\"nb-NO\",\"potentialAction\":[{\"@type\":\"ReadAction\",\"target\":[\"https:\/\/maritech.com\/no\/kundecase-silver-seafood\/\"]}]},{\"@type\":\"ImageObject\",\"inLanguage\":\"nb-NO\",\"@id\":\"https:\/\/maritech.com\/no\/kundecase-silver-seafood\/#primaryimage\",\"url\":\"https:\/\/maritech.com\/wp-content\/uploads\/2021\/06\/0203_maritech_tonemolnes_2022_TMO7851_MQ-e1663249523855.jpg\",\"contentUrl\":\"https:\/\/maritech.com\/wp-content\/uploads\/2021\/06\/0203_maritech_tonemolnes_2022_TMO7851_MQ-e1663249523855.jpg\",\"width\":8256,\"height\":5504,\"caption\":\"Customer case Silver Seafood - Maritech\"},{\"@type\":\"BreadcrumbList\",\"@id\":\"https:\/\/maritech.com\/no\/kundecase-silver-seafood\/#breadcrumb\",\"itemListElement\":[{\"@type\":\"ListItem\",\"position\":1,\"name\":\"Home\",\"item\":\"https:\/\/maritech.com\/no\/\"},{\"@type\":\"ListItem\",\"position\":2,\"name\":\"Kundecase &#8211; Silver Seafood\"}]},{\"@type\":\"WebSite\",\"@id\":\"https:\/\/maritech.com\/no\/#website\",\"url\":\"https:\/\/maritech.com\/no\/\",\"name\":\"Maritech\",\"description\":\"\",\"publisher\":{\"@id\":\"https:\/\/maritech.com\/no\/#organization\"},\"potentialAction\":[{\"@type\":\"SearchAction\",\"target\":{\"@type\":\"EntryPoint\",\"urlTemplate\":\"https:\/\/maritech.com\/no\/?s={search_term_string}\"},\"query-input\":{\"@type\":\"PropertyValueSpecification\",\"valueRequired\":true,\"valueName\":\"search_term_string\"}}],\"inLanguage\":\"nb-NO\"},{\"@type\":\"Organization\",\"@id\":\"https:\/\/maritech.com\/no\/#organization\",\"name\":\"Maritech\",\"url\":\"https:\/\/maritech.com\/no\/\",\"logo\":{\"@type\":\"ImageObject\",\"inLanguage\":\"nb-NO\",\"@id\":\"https:\/\/maritech.com\/no\/#\/schema\/logo\/image\/\",\"url\":\"https:\/\/maritech.com\/wp-content\/uploads\/2024\/07\/Maritech-Logo-Co-Brand-WHITE.png\",\"contentUrl\":\"https:\/\/maritech.com\/wp-content\/uploads\/2024\/07\/Maritech-Logo-Co-Brand-WHITE.png\",\"width\":3336,\"height\":890,\"caption\":\"Maritech\"},\"image\":{\"@id\":\"https:\/\/maritech.com\/no\/#\/schema\/logo\/image\/\"}}]}<\/script>\n<!-- \/ Yoast SEO Premium plugin. -->","yoast_head_json":{"title":"Kundecase - Silver Seafood - Maritech","description":"Silver Seafood, spesialisert p\u00e5 langoustine - eksportert live til hele verden og til noen f\u00e5, eksklusive mottakere i Norge.","robots":{"index":"index","follow":"follow","max-snippet":"max-snippet:-1","max-image-preview":"max-image-preview:large","max-video-preview":"max-video-preview:-1"},"canonical":"https:\/\/maritech.com\/no\/kundecase-silver-seafood\/","og_locale":"nb_NO","og_type":"article","og_title":"Kundecase - Silver Seafood","og_description":"Silver Seafood, spesialisert p\u00e5 langoustine - eksportert live til hele verden og til noen f\u00e5, eksklusive mottakere i Norge.","og_url":"https:\/\/maritech.com\/no\/kundecase-silver-seafood\/","og_site_name":"Maritech","article_modified_time":"2024-07-16T06:33:28+00:00","og_image":[{"width":1024,"height":683,"url":"https:\/\/maritech.com\/wp-content\/uploads\/2022\/05\/0203_silver_tonemolnes_2022_TMO6873_MQ-1024x683.jpg","type":"image\/jpeg"}],"twitter_card":"summary_large_image","twitter_misc":{"Ansl. lesetid":"2 minutter"},"schema":{"@context":"https:\/\/schema.org","@graph":[{"@type":"WebPage","@id":"https:\/\/maritech.com\/no\/kundecase-silver-seafood\/","url":"https:\/\/maritech.com\/no\/kundecase-silver-seafood\/","name":"Kundecase - Silver Seafood - Maritech","isPartOf":{"@id":"https:\/\/maritech.com\/no\/#website"},"primaryImageOfPage":{"@id":"https:\/\/maritech.com\/no\/kundecase-silver-seafood\/#primaryimage"},"image":{"@id":"https:\/\/maritech.com\/no\/kundecase-silver-seafood\/#primaryimage"},"thumbnailUrl":"https:\/\/maritech.com\/wp-content\/uploads\/2021\/06\/0203_maritech_tonemolnes_2022_TMO7851_MQ-e1663249523855.jpg","datePublished":"2022-05-05T19:54:12+00:00","dateModified":"2024-07-16T06:33:28+00:00","description":"Silver Seafood, spesialisert p\u00e5 langoustine - eksportert live til hele verden og til noen f\u00e5, eksklusive mottakere i Norge.","breadcrumb":{"@id":"https:\/\/maritech.com\/no\/kundecase-silver-seafood\/#breadcrumb"},"inLanguage":"nb-NO","potentialAction":[{"@type":"ReadAction","target":["https:\/\/maritech.com\/no\/kundecase-silver-seafood\/"]}]},{"@type":"ImageObject","inLanguage":"nb-NO","@id":"https:\/\/maritech.com\/no\/kundecase-silver-seafood\/#primaryimage","url":"https:\/\/maritech.com\/wp-content\/uploads\/2021\/06\/0203_maritech_tonemolnes_2022_TMO7851_MQ-e1663249523855.jpg","contentUrl":"https:\/\/maritech.com\/wp-content\/uploads\/2021\/06\/0203_maritech_tonemolnes_2022_TMO7851_MQ-e1663249523855.jpg","width":8256,"height":5504,"caption":"Customer case Silver Seafood - Maritech"},{"@type":"BreadcrumbList","@id":"https:\/\/maritech.com\/no\/kundecase-silver-seafood\/#breadcrumb","itemListElement":[{"@type":"ListItem","position":1,"name":"Home","item":"https:\/\/maritech.com\/no\/"},{"@type":"ListItem","position":2,"name":"Kundecase &#8211; Silver Seafood"}]},{"@type":"WebSite","@id":"https:\/\/maritech.com\/no\/#website","url":"https:\/\/maritech.com\/no\/","name":"Maritech","description":"","publisher":{"@id":"https:\/\/maritech.com\/no\/#organization"},"potentialAction":[{"@type":"SearchAction","target":{"@type":"EntryPoint","urlTemplate":"https:\/\/maritech.com\/no\/?s={search_term_string}"},"query-input":{"@type":"PropertyValueSpecification","valueRequired":true,"valueName":"search_term_string"}}],"inLanguage":"nb-NO"},{"@type":"Organization","@id":"https:\/\/maritech.com\/no\/#organization","name":"Maritech","url":"https:\/\/maritech.com\/no\/","logo":{"@type":"ImageObject","inLanguage":"nb-NO","@id":"https:\/\/maritech.com\/no\/#\/schema\/logo\/image\/","url":"https:\/\/maritech.com\/wp-content\/uploads\/2024\/07\/Maritech-Logo-Co-Brand-WHITE.png","contentUrl":"https:\/\/maritech.com\/wp-content\/uploads\/2024\/07\/Maritech-Logo-Co-Brand-WHITE.png","width":3336,"height":890,"caption":"Maritech"},"image":{"@id":"https:\/\/maritech.com\/no\/#\/schema\/logo\/image\/"}}]}},"jetpack_sharing_enabled":true,"_links":{"self":[{"href":"https:\/\/maritech.com\/no\/wp-json\/wp\/v2\/pages\/12785","targetHints":{"allow":["GET"]}}],"collection":[{"href":"https:\/\/maritech.com\/no\/wp-json\/wp\/v2\/pages"}],"about":[{"href":"https:\/\/maritech.com\/no\/wp-json\/wp\/v2\/types\/page"}],"author":[{"embeddable":true,"href":"https:\/\/maritech.com\/no\/wp-json\/wp\/v2\/users\/11"}],"replies":[{"embeddable":true,"href":"https:\/\/maritech.com\/no\/wp-json\/wp\/v2\/comments?post=12785"}],"version-history":[{"count":12,"href":"https:\/\/maritech.com\/no\/wp-json\/wp\/v2\/pages\/12785\/revisions"}],"predecessor-version":[{"id":20284,"href":"https:\/\/maritech.com\/no\/wp-json\/wp\/v2\/pages\/12785\/revisions\/20284"}],"wp:featuredmedia":[{"embeddable":true,"href":"https:\/\/maritech.com\/no\/wp-json\/wp\/v2\/media\/13880"}],"wp:attachment":[{"href":"https:\/\/maritech.com\/no\/wp-json\/wp\/v2\/media?parent=12785"}],"curies":[{"name":"wp","href":"https:\/\/api.w.org\/{rel}","templated":true}]}}