{"id":12968,"date":"2022-06-28T11:11:20","date_gmt":"2022-06-28T10:11:20","guid":{"rendered":"https:\/\/maritech.com\/?page_id=12968"},"modified":"2024-11-19T11:06:56","modified_gmt":"2024-11-19T10:06:56","slug":"automatisk-fortolling","status":"publish","type":"page","link":"https:\/\/maritech.com\/no\/automatisk-fortolling\/","title":{"rendered":"Skybasert fortolling"},"content":{"rendered":"\n<section class=\"hero block alignfull bg-image grad-light\" style=\"background-image: url('https:\/\/maritech.com\/wp-content\/uploads\/2022\/06\/Maritech-Oclin-LQ--1920x874.jpg'); \" >\n    <div class=\"container-fluid\">\n        <div class=\"hero-content\">\n                        <div class=\"editor-content\">\n                <h1><span style=\"color: #ffffff;\">Automatisert fortolling med Auto-TVINN<\/span><\/h1>\n<p class=\"preamble\"><span style=\"color: #ffffff;\">N\u00e5 kan du enkelt gj\u00f8re fortollingen selv; hvor som helst, n\u00e5r som helst.\u00a0<\/span><\/p>\n            <\/div>\n            <div class=\"button-wrap left\"><a class=\"btn btn-primary\" href=\"https:\/\/logistics-demo.maritech.cloud\/\" target=\"_blank\" title=\"Se hvordan vi gj\u00f8r det her\">Se hvordan vi gj\u00f8r det her<\/a><\/div>        <\/div><!--\/.hero-content-->\n    <\/div><!--\/.container-fluid-->\n<\/section>\n\n\n<section class=\"page-content block alignfull\">\n    <div class=\"container-fluid\">\n        <div class=\"content-wrapper\">\n            <div class=\"editor-content\">\n                <h2><\/h2>\n<h2>Fortolling p\u00e5 et blunk<\/h2>\n<p class=\"preamble\">Fortolling kan n\u00e5 kan gj\u00f8res mye enklere, billigere og sikrere enn f\u00f8r, og som en integrert del av salgsprosessen.<\/p>\n<p>Nye Maritech CMS er fullintegrert med <a href=\"https:\/\/maritech.com\/no\/maritech-purchase-sales\/\" target=\"_blank\" rel=\"noopener\">Maritech Purchase &amp; Sales<\/a>, noe som betyr at du i utgangspunktet bare trenger \u00e5 gj\u00f8re et tastetrykk i systemet for \u00e5 fortolle sj\u00f8maten som skal eksporteres. Forutsetningen er at grunnlaget i salgsordren er riktig. All informasjon hentes automatisk, og fylles inn der informasjonen h\u00f8rer hjemme. Du f\u00e5r ogs\u00e5 opp forslag til utfylling, dersom noen felter er tomme.<\/p>\n<p><strong>Dette betyr alts\u00e5 at du slipper \u00e5 betale noen for \u00e5 gj\u00f8re jobben for deg, slik de fleste fortsatt gj\u00f8r i dag.\u00a0<\/strong><\/p>\n            <\/div><!--\/.editor-content-->\n        <\/div><!--\/.content-wrapper-->\n    <\/div><!--\/.container-fluid-->\n<\/section>\n\n\n<section class=\"video-content block alignfull content-left\">\n\t<div class=\"container-fluid-xl\">\n\t\t<div class=\"row\">\n\n\t\t\t<div class=\"col content-col\">\n\t\t\t\t<div class=\"inner-content\">\n\t\t\t\t\t\t\t\t\t\t\t<div class=\"editor-content\">\n\t\t\t\t\t\t\t<h2 class=\"h3\">Automatisk kontroll og Auto-TVINN<\/h2>\n<p>Det kj\u00f8res dessuten en automatisert kontroll av feltene. P\u00e5 denne m\u00e5ten blir datakvaliteten bedre, i tillegg til at det lagres en sikker og sporbar logg av all kommunikasjon, rett i systemet du allerede bruker. Dette reduserer ogs\u00e5 personavhengigheten, og du f\u00e5r toll- og avgiftskvitteringer rett inn i ERP-systemet etter tollklareringen.<\/p>\n<p>Systemet er satt opp med Auto-TVINN, fortollingen kj\u00f8res direkte fra fakturaen, og du kan ogs\u00e5 kommunisere direkte med Tollvesenet.<\/p>\n<p>Sjekk ut demoen til h\u00f8yre og se hvor enkelt det kan gj\u00f8res!<\/p>\n\t\t\t\t\t\t<\/div>\n\t\t\t\t\t<div class=\"button-wrap left\"><a class=\"btn btn-primary\" href=\"https:\/\/share-eu1.hsforms.com\/1N64zSG_iQh6EJmgag0ox5Qewibs\" target=\"_blank\" title=\"Vil du vite mer? \">Vil du vite mer? <\/a><\/div>\t\t\t\t<\/div><!--\/.inner-content-->\n\t\t\t<\/div><!--\/.col-->\n\n\t\t\t<div class=\"col image-col\">\n\t\t\t\t\t\t\t\t\t<a class=\"video-wrap\" data-fancybox href=\"https:\/\/vimeo.com\/980421837\/1c712918e3\" title=\"Click to View Video\">\n\t\t\t\t\t\t<img decoding=\"async\" width=\"1000\" height=\"750\" src=\"https:\/\/maritech.com\/wp-content\/uploads\/2022\/09\/Skjermbilde-2022-09-15-kl.-13.22.10-1000x750.png\" class=\"cover\" alt=\"Automatisk, skybasert fortolling med nye Maritech CMS\" \/>\t\t\t\t\t<\/a>\n\t\t\t\t\t\t\t<\/div><!--\/.col-->\n\n\t\t<\/div><!--\/.row-->\n\t<\/div><!--\/.container-fluid-xl-->\n<\/section>\n\n\n\n<section class=\"video-content block alignfull content-right\">\n\t<div class=\"container-fluid-xl\">\n\t\t<div class=\"row\">\n\n\t\t\t<div class=\"col content-col\">\n\t\t\t\t<div class=\"inner-content\">\n\t\t\t\t\t\t\t\t\t\t\t<div class=\"editor-content\">\n\t\t\t\t\t\t\t<h2 class=\"h3\">&#8211; Bygger p\u00e5 rammeverket fra Timpex CMS<\/h2>\n<p>Maritech CMS bygger p\u00e5 rammeverket fra forl\u00f8peren Timpex CMS, og er utviklet av et tverrfaglig team med spisskompetanse p\u00e5 fortolling, logistikk, sj\u00f8mat og programvareutvikling. Vi har ogs\u00e5 et tett og l\u00f8pende samarbeid med Tollvesenet.<\/p>\n<p>&#8211; Ut over selve besparelsen knyttet til spedit\u00f8rtjenester, er det jo klart det er en stor fordel \u00e5 kun trenge trykke p\u00e5 \u00e9n knapp for \u00e5 gj\u00f8re fortollingen, sier Klas Larsson, fortollingsguru i Maritech. P\u00e5 80-tallet var han med p\u00e5 \u00e5 starte Timpex, og siden den gang har arbeidsdagene hans handlet om toll og programvare for toll. I dag er han en av Norges fremste eksperter p\u00e5 omr\u00e5det.<\/p>\n\t\t\t\t\t\t<\/div>\n\t\t\t\t\t\t\t\t\t<\/div><!--\/.inner-content-->\n\t\t\t<\/div><!--\/.col-->\n\n\t\t\t<div class=\"col image-col\">\n\t\t\t\t\t\t\t\t\t<img decoding=\"async\" width=\"1000\" height=\"667\" src=\"https:\/\/maritech.com\/wp-content\/uploads\/2021\/10\/anunatak_7fargejustert_web.jpg\" class=\"cover\" alt=\"Klas Larsson - Senior Consultant - Maritech\" srcset=\"https:\/\/maritech.com\/wp-content\/uploads\/2021\/10\/anunatak_7fargejustert_web.jpg 1600w, https:\/\/maritech.com\/wp-content\/uploads\/2021\/10\/anunatak_7fargejustert_web-300x200.jpg 300w, https:\/\/maritech.com\/wp-content\/uploads\/2021\/10\/anunatak_7fargejustert_web-1024x683.jpg 1024w, https:\/\/maritech.com\/wp-content\/uploads\/2021\/10\/anunatak_7fargejustert_web-768x512.jpg 768w, https:\/\/maritech.com\/wp-content\/uploads\/2021\/10\/anunatak_7fargejustert_web-1536x1024.jpg 1536w, https:\/\/maritech.com\/wp-content\/uploads\/2021\/10\/anunatak_7fargejustert_web-260x173.jpg 260w\" sizes=\"(max-width: 1000px) 100vw, 1000px\" \/>\t\t\t\t\t\t\t<\/div><!--\/.col-->\n\n\t\t<\/div><!--\/.row-->\n\t<\/div><!--\/.container-fluid-xl-->\n<\/section>\n\n\n<section class=\"page-content block alignfull\">\n    <div class=\"container-fluid\">\n        <div class=\"content-wrapper\">\n            <div class=\"editor-content\">\n                <p>&#8211; Du slipper \u00e5 samle, arkivere og sende informasjonen manuelt, i tillegg f\u00e5r du automatisert kontroll og utfyllingshjelp samt s\u00f8ml\u00f8s flyt av data mellom systemene du allerede bruker. I tillegg har du fordelene knyttet til at det er en skyl\u00f8sning, du slipper \u00e5 v\u00e6re p\u00e5 kontoret eller ha en PC tilgjengelig for \u00e5 kunne kj\u00f8re fortollingen, alt er fleksibelt. Dette kommer alle til \u00e5 dra stor nytte av.<\/p>\n            <\/div><!--\/.editor-content-->\n        <\/div><!--\/.content-wrapper-->\n    <\/div><!--\/.container-fluid-->\n<\/section>\n\n<section  class=\"request-form block alignfull\">\n    <div class=\"container-fluid\">\n        <div class=\"block-container\">\n            <div class=\"content-wrap\">\n                                    <h4>Nysgjerrig?<\/h4>\n                                                    <p>Gi oss et vink, s\u00e5 kontakter vi deg s\u00e5 fort som mulig.<\/p>\n                            <\/div>\n            <div class=\"form-wrap\">\n                                                    <div class=\"button-wrap left\">\n                        <a class=\"btn\" href=\"https:\/\/share-eu1.hsforms.com\/1N64zSG_iQh6EJmgag0ox5Qewibs\" title=\"Kontakt oss her\">\n                            Kontakt oss her                        <\/a>\n                    <\/div>\n                            <\/div>\n        <\/div>\n    <\/div>\n<\/section>\n\n\n<section class=\"related-posts block alignfull\">\n    <div class=\"container-fluid\">\n        <div class=\"title-wrap\">\n            <h2 class=\"heading h2\">Les videre<\/h2>        <\/div><!--\/.title-wrap-->\n                <div class=\"row\">\n                        <div class=\"col\">\n                <div onclick=\"location.href='https:\/\/maritech.com\/no\/hjernen-bak-fortollingslosningen\/'\" class=\"post-card\">\n                    <div class=\"img-wrap\">\n\t\t\t\t\t\t<img decoding=\"async\" width=\"1024\" height=\"683\" src=\"https:\/\/maritech.com\/wp-content\/uploads\/2020\/11\/klas-1024x683.jpg\" class=\"attachment-large size-large wp-post-image\" alt=\"Hjernen bak fortollingsl\u00f8sningen\" srcset=\"https:\/\/maritech.com\/wp-content\/uploads\/2020\/11\/klas-1024x683.jpg 1024w, https:\/\/maritech.com\/wp-content\/uploads\/2020\/11\/klas-300x200.jpg 300w, https:\/\/maritech.com\/wp-content\/uploads\/2020\/11\/klas-768x512.jpg 768w, https:\/\/maritech.com\/wp-content\/uploads\/2020\/11\/klas-1536x1024.jpg 1536w, https:\/\/maritech.com\/wp-content\/uploads\/2020\/11\/klas-2048x1365.jpg 2048w, https:\/\/maritech.com\/wp-content\/uploads\/2020\/11\/klas-1920x1280.jpg 1920w, https:\/\/maritech.com\/wp-content\/uploads\/2020\/11\/klas-260x173.jpg 260w\" sizes=\"(max-width: 1024px) 100vw, 1024px\" \/>                    <\/div>\n                    <div class=\"info-wrap\">\n                                                <h4><a href=\"https:\/\/maritech.com\/no\/hjernen-bak-fortollingslosningen\/\">Hjernen bak  <span class=\"lastword\"> fortollingsl\u00f8sningen <svg fill=\"none\" height=\"16\" viewBox=\"0 0 21 16\" width=\"21\" xmlns=\"http:\/\/www.w3.org\/2000\/svg\"><path d=\"m12.2646 1.0521 5.615 5.7114h-17.8796v1.503h17.8796l-5.615 5.7114 1.0343 1.0521 7.3883-7.515-7.3883-7.515z\" fill=\"#446bf9\"\/><\/svg><\/span><\/a><\/h4>\n                    <\/div>\n                <\/div>\n            <\/div><!--\/.col-->\n                        <div class=\"col\">\n                <div onclick=\"location.href='https:\/\/maritech.com\/no\/nyheter-i-maritech-purchase-sales\/'\" class=\"post-card\">\n                    <div class=\"img-wrap\">\n\t\t\t\t\t\t<img decoding=\"async\" width=\"1024\" height=\"683\" src=\"https:\/\/maritech.com\/wp-content\/uploads\/2022\/01\/PurchaseSales_Christin-new-1024x683.jpg\" class=\"attachment-large size-large wp-post-image\" alt=\"Nyheter i Maritech Purchase &amp; Sales\" srcset=\"https:\/\/maritech.com\/wp-content\/uploads\/2022\/01\/PurchaseSales_Christin-new-1024x683.jpg 1024w, https:\/\/maritech.com\/wp-content\/uploads\/2022\/01\/PurchaseSales_Christin-new-300x200.jpg 300w, https:\/\/maritech.com\/wp-content\/uploads\/2022\/01\/PurchaseSales_Christin-new-768x512.jpg 768w, https:\/\/maritech.com\/wp-content\/uploads\/2022\/01\/PurchaseSales_Christin-new-1536x1024.jpg 1536w, https:\/\/maritech.com\/wp-content\/uploads\/2022\/01\/PurchaseSales_Christin-new-260x173.jpg 260w, https:\/\/maritech.com\/wp-content\/uploads\/2022\/01\/PurchaseSales_Christin-new.jpg 1600w\" sizes=\"(max-width: 1024px) 100vw, 1024px\" \/>                    <\/div>\n                    <div class=\"info-wrap\">\n                                                <h4><a href=\"https:\/\/maritech.com\/no\/nyheter-i-maritech-purchase-sales\/\">Nyheter i Maritech Purchase &#038;  <span class=\"lastword\"> Sales <svg fill=\"none\" height=\"16\" viewBox=\"0 0 21 16\" width=\"21\" xmlns=\"http:\/\/www.w3.org\/2000\/svg\"><path d=\"m12.2646 1.0521 5.615 5.7114h-17.8796v1.503h17.8796l-5.615 5.7114 1.0343 1.0521 7.3883-7.515-7.3883-7.515z\" fill=\"#446bf9\"\/><\/svg><\/span><\/a><\/h4>\n                    <\/div>\n                <\/div>\n            <\/div><!--\/.col-->\n                        <div class=\"col\">\n                <div onclick=\"location.href='https:\/\/maritech.com\/no\/nyhet-digitale-helsesertifikater-for-sjomat\/'\" class=\"post-card\">\n                    <div class=\"img-wrap\">\n\t\t\t\t\t\t<img decoding=\"async\" width=\"1024\" height=\"683\" src=\"https:\/\/maritech.com\/wp-content\/uploads\/2019\/02\/Ziggi-Maritech_IMG7844-web-1024x683.jpg\" class=\"attachment-large size-large wp-post-image\" alt=\"Digitale helsesertifikater\" srcset=\"https:\/\/maritech.com\/wp-content\/uploads\/2019\/02\/Ziggi-Maritech_IMG7844-web-1024x683.jpg 1024w, https:\/\/maritech.com\/wp-content\/uploads\/2019\/02\/Ziggi-Maritech_IMG7844-web-300x200.jpg 300w, https:\/\/maritech.com\/wp-content\/uploads\/2019\/02\/Ziggi-Maritech_IMG7844-web-768x512.jpg 768w, https:\/\/maritech.com\/wp-content\/uploads\/2019\/02\/Ziggi-Maritech_IMG7844-web-1920x1281.jpg 1920w, https:\/\/maritech.com\/wp-content\/uploads\/2019\/02\/Ziggi-Maritech_IMG7844-web-260x173.jpg 260w\" sizes=\"(max-width: 1024px) 100vw, 1024px\" \/>                    <\/div>\n                    <div class=\"info-wrap\">\n                                                <h4><a href=\"https:\/\/maritech.com\/no\/nyhet-digitale-helsesertifikater-for-sjomat\/\">Digitale  <span class=\"lastword\"> helsesertifikater <svg fill=\"none\" height=\"16\" viewBox=\"0 0 21 16\" width=\"21\" xmlns=\"http:\/\/www.w3.org\/2000\/svg\"><path d=\"m12.2646 1.0521 5.615 5.7114h-17.8796v1.503h17.8796l-5.615 5.7114 1.0343 1.0521 7.3883-7.515-7.3883-7.515z\" fill=\"#446bf9\"\/><\/svg><\/span><\/a><\/h4>\n                    <\/div>\n                <\/div>\n            <\/div><!--\/.col-->\n                    <\/div><!--\/.row-->\n            <\/div><!--\/.container-fluid-->\n<\/section>\n\n\n<section class=\"alignfull block newsletter-form dark-blue\">\n    <div class=\"content-max-wrapper\">\n                    <div class=\"content-max-wrapper__text\">\n                <h3 class=\"h3\">Motta nyheter og invitasjoner fra oss!<\/h3>\n            <\/div>\n                <!--[if lte IE 8]>\r\n<script charset=\"utf-8\" type=\"text\/javascript\" src=\"\/\/js-eu1.hsforms.net\/forms\/v2-legacy.js\"><\/script>\r\n<![endif]-->\r\n<script charset=\"utf-8\" type=\"text\/javascript\" src=\"\/\/js-eu1.hsforms.net\/forms\/v2.js\"><\/script>\r\n<script>\r\n  hbspt.forms.create({\r\n    region: \"eu1\",\r\n    portalId: \"25031368\",\r\n    formId: \"810e627a-049b-49de-b096-e08125e0e7e6\"\r\n});\r\n<\/script>    <div>\n<\/section>\n","protected":false},"excerpt":{"rendered":"","protected":false},"author":11,"featured_media":12998,"parent":0,"menu_order":0,"comment_status":"closed","ping_status":"closed","template":"","meta":{"_acf_changed":false,"content-type":"","lazy_load_responsive_images_disabled":false,"footnotes":""},"class_list":["post-12968","page","type-page","status-publish","has-post-thumbnail","hentry"],"acf":[],"yoast_head":"<!-- This site is optimized with the Yoast SEO Premium plugin v21.8 (Yoast SEO v26.8) - https:\/\/yoast.com\/product\/yoast-seo-premium-wordpress\/ -->\n<title>Automatisert fortolling i sky med Maritech CMS + Auto-TVINN<\/title>\n<meta name=\"description\" content=\"Driver du med sj\u00f8mateksport? N\u00e5 kan du enkelt gj\u00f8re fortollingen selv; hvor som helst, n\u00e5r som helst.\u00a0Et tastetrykk er nok!\" \/>\n<meta name=\"robots\" content=\"index, follow, max-snippet:-1, max-image-preview:large, max-video-preview:-1\" \/>\n<link rel=\"canonical\" href=\"https:\/\/maritech.com\/no\/automatisk-fortolling\/\" \/>\n<meta property=\"og:locale\" content=\"nb_NO\" \/>\n<meta property=\"og:type\" content=\"article\" \/>\n<meta property=\"og:title\" content=\"Skybasert fortolling\" \/>\n<meta property=\"og:description\" content=\"Driver du med sj\u00f8mateksport? N\u00e5 kan du enkelt gj\u00f8re fortollingen selv; hvor som helst, n\u00e5r som helst.\u00a0Et tastetrykk er nok!\" \/>\n<meta property=\"og:url\" content=\"https:\/\/maritech.com\/no\/automatisk-fortolling\/\" \/>\n<meta property=\"og:site_name\" content=\"Maritech\" \/>\n<meta property=\"article:modified_time\" content=\"2024-11-19T10:06:56+00:00\" \/>\n<meta property=\"og:image\" content=\"https:\/\/maritech.com\/wp-content\/uploads\/2022\/06\/Maritech-Oclin-LQ-04578-1024x683.jpg\" \/>\n\t<meta property=\"og:image:width\" content=\"1024\" \/>\n\t<meta property=\"og:image:height\" content=\"683\" \/>\n\t<meta property=\"og:image:type\" content=\"image\/jpeg\" \/>\n<meta name=\"twitter:card\" content=\"summary_large_image\" \/>\n<meta name=\"twitter:label1\" content=\"Ansl. lesetid\" \/>\n\t<meta name=\"twitter:data1\" content=\"1 minutt\" \/>\n<script type=\"application\/ld+json\" class=\"yoast-schema-graph\">{\"@context\":\"https:\/\/schema.org\",\"@graph\":[{\"@type\":\"WebPage\",\"@id\":\"https:\/\/maritech.com\/no\/automatisk-fortolling\/\",\"url\":\"https:\/\/maritech.com\/no\/automatisk-fortolling\/\",\"name\":\"Automatisert fortolling i sky med Maritech CMS + Auto-TVINN\",\"isPartOf\":{\"@id\":\"https:\/\/maritech.com\/no\/#website\"},\"primaryImageOfPage\":{\"@id\":\"https:\/\/maritech.com\/no\/automatisk-fortolling\/#primaryimage\"},\"image\":{\"@id\":\"https:\/\/maritech.com\/no\/automatisk-fortolling\/#primaryimage\"},\"thumbnailUrl\":\"https:\/\/maritech.com\/wp-content\/uploads\/2022\/06\/Maritech-Oclin-LQ-04578.jpg\",\"datePublished\":\"2022-06-28T10:11:20+00:00\",\"dateModified\":\"2024-11-19T10:06:56+00:00\",\"description\":\"Driver du med sj\u00f8mateksport? N\u00e5 kan du enkelt gj\u00f8re fortollingen selv; hvor som helst, n\u00e5r som helst.\u00a0Et tastetrykk er nok!\",\"breadcrumb\":{\"@id\":\"https:\/\/maritech.com\/no\/automatisk-fortolling\/#breadcrumb\"},\"inLanguage\":\"nb-NO\",\"potentialAction\":[{\"@type\":\"ReadAction\",\"target\":[\"https:\/\/maritech.com\/no\/automatisk-fortolling\/\"]}]},{\"@type\":\"ImageObject\",\"inLanguage\":\"nb-NO\",\"@id\":\"https:\/\/maritech.com\/no\/automatisk-fortolling\/#primaryimage\",\"url\":\"https:\/\/maritech.com\/wp-content\/uploads\/2022\/06\/Maritech-Oclin-LQ-04578.jpg\",\"contentUrl\":\"https:\/\/maritech.com\/wp-content\/uploads\/2022\/06\/Maritech-Oclin-LQ-04578.jpg\",\"width\":2500,\"height\":1668,\"caption\":\"Nyhet! Automatisert fortolling av sj\u00f8mat - Maritech CMS\"},{\"@type\":\"BreadcrumbList\",\"@id\":\"https:\/\/maritech.com\/no\/automatisk-fortolling\/#breadcrumb\",\"itemListElement\":[{\"@type\":\"ListItem\",\"position\":1,\"name\":\"Home\",\"item\":\"https:\/\/maritech.com\/no\/\"},{\"@type\":\"ListItem\",\"position\":2,\"name\":\"Skybasert fortolling\"}]},{\"@type\":\"WebSite\",\"@id\":\"https:\/\/maritech.com\/no\/#website\",\"url\":\"https:\/\/maritech.com\/no\/\",\"name\":\"Maritech\",\"description\":\"\",\"publisher\":{\"@id\":\"https:\/\/maritech.com\/no\/#organization\"},\"potentialAction\":[{\"@type\":\"SearchAction\",\"target\":{\"@type\":\"EntryPoint\",\"urlTemplate\":\"https:\/\/maritech.com\/no\/?s={search_term_string}\"},\"query-input\":{\"@type\":\"PropertyValueSpecification\",\"valueRequired\":true,\"valueName\":\"search_term_string\"}}],\"inLanguage\":\"nb-NO\"},{\"@type\":\"Organization\",\"@id\":\"https:\/\/maritech.com\/no\/#organization\",\"name\":\"Maritech\",\"url\":\"https:\/\/maritech.com\/no\/\",\"logo\":{\"@type\":\"ImageObject\",\"inLanguage\":\"nb-NO\",\"@id\":\"https:\/\/maritech.com\/no\/#\/schema\/logo\/image\/\",\"url\":\"https:\/\/maritech.com\/wp-content\/uploads\/2024\/07\/Maritech-Logo-Co-Brand-WHITE.png\",\"contentUrl\":\"https:\/\/maritech.com\/wp-content\/uploads\/2024\/07\/Maritech-Logo-Co-Brand-WHITE.png\",\"width\":3336,\"height\":890,\"caption\":\"Maritech\"},\"image\":{\"@id\":\"https:\/\/maritech.com\/no\/#\/schema\/logo\/image\/\"}}]}<\/script>\n<!-- \/ Yoast SEO Premium plugin. -->","yoast_head_json":{"title":"Automatisert fortolling i sky med Maritech CMS + Auto-TVINN","description":"Driver du med sj\u00f8mateksport? N\u00e5 kan du enkelt gj\u00f8re fortollingen selv; hvor som helst, n\u00e5r som helst.\u00a0Et tastetrykk er nok!","robots":{"index":"index","follow":"follow","max-snippet":"max-snippet:-1","max-image-preview":"max-image-preview:large","max-video-preview":"max-video-preview:-1"},"canonical":"https:\/\/maritech.com\/no\/automatisk-fortolling\/","og_locale":"nb_NO","og_type":"article","og_title":"Skybasert fortolling","og_description":"Driver du med sj\u00f8mateksport? N\u00e5 kan du enkelt gj\u00f8re fortollingen selv; hvor som helst, n\u00e5r som helst.\u00a0Et tastetrykk er nok!","og_url":"https:\/\/maritech.com\/no\/automatisk-fortolling\/","og_site_name":"Maritech","article_modified_time":"2024-11-19T10:06:56+00:00","og_image":[{"width":1024,"height":683,"url":"https:\/\/maritech.com\/wp-content\/uploads\/2022\/06\/Maritech-Oclin-LQ-04578-1024x683.jpg","type":"image\/jpeg"}],"twitter_card":"summary_large_image","twitter_misc":{"Ansl. lesetid":"1 minutt"},"schema":{"@context":"https:\/\/schema.org","@graph":[{"@type":"WebPage","@id":"https:\/\/maritech.com\/no\/automatisk-fortolling\/","url":"https:\/\/maritech.com\/no\/automatisk-fortolling\/","name":"Automatisert fortolling i sky med Maritech CMS + Auto-TVINN","isPartOf":{"@id":"https:\/\/maritech.com\/no\/#website"},"primaryImageOfPage":{"@id":"https:\/\/maritech.com\/no\/automatisk-fortolling\/#primaryimage"},"image":{"@id":"https:\/\/maritech.com\/no\/automatisk-fortolling\/#primaryimage"},"thumbnailUrl":"https:\/\/maritech.com\/wp-content\/uploads\/2022\/06\/Maritech-Oclin-LQ-04578.jpg","datePublished":"2022-06-28T10:11:20+00:00","dateModified":"2024-11-19T10:06:56+00:00","description":"Driver du med sj\u00f8mateksport? N\u00e5 kan du enkelt gj\u00f8re fortollingen selv; hvor som helst, n\u00e5r som helst.\u00a0Et tastetrykk er nok!","breadcrumb":{"@id":"https:\/\/maritech.com\/no\/automatisk-fortolling\/#breadcrumb"},"inLanguage":"nb-NO","potentialAction":[{"@type":"ReadAction","target":["https:\/\/maritech.com\/no\/automatisk-fortolling\/"]}]},{"@type":"ImageObject","inLanguage":"nb-NO","@id":"https:\/\/maritech.com\/no\/automatisk-fortolling\/#primaryimage","url":"https:\/\/maritech.com\/wp-content\/uploads\/2022\/06\/Maritech-Oclin-LQ-04578.jpg","contentUrl":"https:\/\/maritech.com\/wp-content\/uploads\/2022\/06\/Maritech-Oclin-LQ-04578.jpg","width":2500,"height":1668,"caption":"Nyhet! Automatisert fortolling av sj\u00f8mat - Maritech CMS"},{"@type":"BreadcrumbList","@id":"https:\/\/maritech.com\/no\/automatisk-fortolling\/#breadcrumb","itemListElement":[{"@type":"ListItem","position":1,"name":"Home","item":"https:\/\/maritech.com\/no\/"},{"@type":"ListItem","position":2,"name":"Skybasert fortolling"}]},{"@type":"WebSite","@id":"https:\/\/maritech.com\/no\/#website","url":"https:\/\/maritech.com\/no\/","name":"Maritech","description":"","publisher":{"@id":"https:\/\/maritech.com\/no\/#organization"},"potentialAction":[{"@type":"SearchAction","target":{"@type":"EntryPoint","urlTemplate":"https:\/\/maritech.com\/no\/?s={search_term_string}"},"query-input":{"@type":"PropertyValueSpecification","valueRequired":true,"valueName":"search_term_string"}}],"inLanguage":"nb-NO"},{"@type":"Organization","@id":"https:\/\/maritech.com\/no\/#organization","name":"Maritech","url":"https:\/\/maritech.com\/no\/","logo":{"@type":"ImageObject","inLanguage":"nb-NO","@id":"https:\/\/maritech.com\/no\/#\/schema\/logo\/image\/","url":"https:\/\/maritech.com\/wp-content\/uploads\/2024\/07\/Maritech-Logo-Co-Brand-WHITE.png","contentUrl":"https:\/\/maritech.com\/wp-content\/uploads\/2024\/07\/Maritech-Logo-Co-Brand-WHITE.png","width":3336,"height":890,"caption":"Maritech"},"image":{"@id":"https:\/\/maritech.com\/no\/#\/schema\/logo\/image\/"}}]}},"jetpack_sharing_enabled":true,"_links":{"self":[{"href":"https:\/\/maritech.com\/no\/wp-json\/wp\/v2\/pages\/12968","targetHints":{"allow":["GET"]}}],"collection":[{"href":"https:\/\/maritech.com\/no\/wp-json\/wp\/v2\/pages"}],"about":[{"href":"https:\/\/maritech.com\/no\/wp-json\/wp\/v2\/types\/page"}],"author":[{"embeddable":true,"href":"https:\/\/maritech.com\/no\/wp-json\/wp\/v2\/users\/11"}],"replies":[{"embeddable":true,"href":"https:\/\/maritech.com\/no\/wp-json\/wp\/v2\/comments?post=12968"}],"version-history":[{"count":52,"href":"https:\/\/maritech.com\/no\/wp-json\/wp\/v2\/pages\/12968\/revisions"}],"predecessor-version":[{"id":20790,"href":"https:\/\/maritech.com\/no\/wp-json\/wp\/v2\/pages\/12968\/revisions\/20790"}],"wp:featuredmedia":[{"embeddable":true,"href":"https:\/\/maritech.com\/no\/wp-json\/wp\/v2\/media\/12998"}],"wp:attachment":[{"href":"https:\/\/maritech.com\/no\/wp-json\/wp\/v2\/media?parent=12968"}],"curies":[{"name":"wp","href":"https:\/\/api.w.org\/{rel}","templated":true}]}}