{"id":13324,"date":"2022-08-09T18:30:24","date_gmt":"2022-08-09T17:30:24","guid":{"rendered":"https:\/\/maritech.com\/?page_id=13324"},"modified":"2024-07-16T07:14:41","modified_gmt":"2024-07-16T06:14:41","slug":"nyhet-digitale-helsesertifikater-for-sjomat","status":"publish","type":"page","link":"https:\/\/maritech.com\/no\/nyhet-digitale-helsesertifikater-for-sjomat\/","title":{"rendered":"Digitale helsesertifikater"},"content":{"rendered":"\n<section class=\"hero block alignfull bg-image grad-light\" style=\"background-image: url('https:\/\/maritech.com\/wp-content\/uploads\/2019\/02\/Ziggi-Maritech_IMG7844-web-scaled.jpg'); \" >\n    <div class=\"container-fluid\">\n        <div class=\"hero-content\">\n                        <div class=\"editor-content\">\n                <h1 class=\"title\"><span style=\"color: #ffffff;\">Digitale helsesertifikater for sj\u00f8mat<\/span><\/h1>\n<p class=\"preamble\"><span style=\"color: #ffffff;\">N\u00e5 kan du enkelt s\u00f8ke om helsesertifikat til sj\u00f8maten du skal eksportere, og f\u00e5 svar p\u00e5 bare noen sekunder. <\/span><\/p>\n<p><span style=\"color: #ffffff;\">S\u00f8knaden sender du med f\u00e5 tastetrykk rett fra Maritech Trading eller Maritech Purchase &amp; Sales.\u00a0<\/span><\/p>\n            <\/div>\n            <div class=\"button-wrap left\"><a class=\"btn btn-primary\" href=\"https:\/\/demo.dev.maritech.cloud\/START\/Introduction\" target=\"_blank\" title=\"Start med v\u00e5r digitale demo\">Start med v\u00e5r digitale demo<\/a><\/div>        <\/div><!--\/.hero-content-->\n    <\/div><!--\/.container-fluid-->\n<\/section>\n\n\n<section class=\"page-content block alignfull\">\n    <div class=\"container-fluid\">\n        <div class=\"content-wrapper\">\n            <div class=\"editor-content\">\n                <h2><\/h2>\n<h2 class=\"h2\">Samarbeid med Mattilsynet<\/h2>\n<p>Endelig! Vi vet det er mange som har ventet p\u00e5 \u00e5 f\u00e5 p\u00e5 plass digitale helsesertifikater, og vil spare mye tid og penger p\u00e5 \u00e5 kunne h\u00e5ndtere det meste av denne prosessen selv.<\/p>\n<p>Den nye l\u00f8sningen er utviklet i tett samarbeid med Mattilsynet, som forventer \u00e5 utstede ca 80.000- 100.000 helsesertifikater til tredjeland i l\u00f8pet av 2022. I f\u00f8rste omgang er det n\u00e5 de engelske sertifikatene som er digitalisert, videre fortsetter arbeidet med \u00e5 f\u00e5 p\u00e5 plass flere etter hvert. Ambisjonene som er satt for Mattilsynets satsning, er at 80 prosent av eksportsertifikatene de utsteder skal v\u00e6re automatisert og tilrettelagt for elektronisk utveksling innen 2028.<\/p>\n            <\/div><!--\/.editor-content-->\n        <\/div><!--\/.content-wrapper-->\n    <\/div><!--\/.container-fluid-->\n<\/section>\n\n\n<section class=\"video-content block alignfull content-right\">\n\t<div class=\"container-fluid-xl\">\n\t\t<div class=\"row\">\n\n\t\t\t<div class=\"col content-col\">\n\t\t\t\t<div class=\"inner-content\">\n\t\t\t\t\t\t\t\t\t\t\t<div class=\"editor-content\">\n\t\t\t\t\t\t\t<h3>Hvordan fungerer det?<\/h3>\n<p>Mange av dere bruker <a href=\"https:\/\/maritech.com\/no\/vare-losninger-logistikk\/cms-tollklarering\/\" target=\"_blank\" rel=\"noopener\">Timpex CMS<\/a> i kombinasjon med Maritech Trading eller <a href=\"https:\/\/maritech.com\/no\/nyheter-i-maritech-purchase-sales\/\" target=\"_blank\" rel=\"noopener\">Purchase &amp; Sales<\/a>, og for dere er det ekstra enkelt \u00e5 komme i gang. Vi hjelper dere med en enkel installasjon, og det er ingen etablerings- eller m\u00e5nedskostnad. Dere betaler kun per transaksjon, det kan dermed v\u00e6re mye \u00e5 \u00e5 spare p\u00e5 \u00e5 slippe \u00e5 leie spedit\u00f8ren til \u00e5 gj\u00f8re utfylling og innsending.<\/p>\n<p>Dere f\u00e5r automatisk opp forslag til utfylling av felter i Trading\/Purchase &amp; Sales, det kj\u00f8res ogs\u00e5 en kontroll av utfyllingen f\u00f8r s\u00f8knaden sendes inn. Svaret kommer med \u00e9n gang, rett i systemet, og du kan forh\u00e5ndsvise det endelige sertifikatet som er klart til \u00e5 hentes ut.<\/p>\n\t\t\t\t\t\t<\/div>\n\t\t\t\t\t\t\t\t\t<\/div><!--\/.inner-content-->\n\t\t\t<\/div><!--\/.col-->\n\n\t\t\t<div class=\"col image-col\">\n\t\t\t\t\t\t\t\t\t<img decoding=\"async\" width=\"800\" height=\"600\" src=\"https:\/\/maritech.com\/wp-content\/uploads\/2022\/08\/anunatak_60-800x600.jpg\" class=\"cover\" alt=\"\" \/>\t\t\t\t\t\t\t<\/div><!--\/.col-->\n\n\t\t<\/div><!--\/.row-->\n\t<\/div><!--\/.container-fluid-xl-->\n<\/section>\n\n\n<section class=\"page-content block alignfull\">\n    <div class=\"container-fluid\">\n        <div class=\"content-wrapper\">\n            <div class=\"editor-content\">\n                <p><span class=\"TextRun SCXW41457368 BCX4\" lang=\"NB-NO\" xml:lang=\"NB-NO\" data-contrast=\"auto\"><span class=\"NormalTextRun SCXW41457368 BCX4\">Selve sertifikatet m\u00e5 fortsatt <\/span><span class=\"SpellingError SCXW41457368 BCX4\">printes<\/span><span class=\"NormalTextRun SCXW41457368 BCX4\"> p\u00e5 en av Mattilsynets godkjente <\/span><span class=\"SpellingError SCXW41457368 BCX4\">printstasjoner, uansett <\/span><\/span>blir prosessen n\u00e5 betydelig mer effektiv enn tidligere.<\/p>\n<p>Og du &#8211; visste du at du n\u00e5 ogs\u00e5 kan <a href=\"https:\/\/maritech.com\/no\/lanserer-automatisert-fortolling-maritech-cms\/\" target=\"_blank\" rel=\"noopener\">automatisere hele fortollingen<\/a>, direkte fra salgsordren?<\/p>\n            <\/div><!--\/.editor-content-->\n        <\/div><!--\/.content-wrapper-->\n    <\/div><!--\/.container-fluid-->\n<\/section>\n\n<section  class=\"request-form block alignfull sm\">\n    <div class=\"container-fluid\">\n        <div class=\"block-container\">\n            <div class=\"content-wrap\">\n                                    <h4>Interessant! Dette vil jeg vite mer om. <\/h4>\n                                            <\/div>\n            <div class=\"form-wrap\">\n                                                    <div class=\"button-wrap left\">\n                        <a class=\"btn\" href=\"https:\/\/share-eu1.hsforms.com\/1N64zSG_iQh6EJmgag0ox5Qewibs\" title=\"Kontakt oss her!\">\n                            Kontakt oss her!                        <\/a>\n                    <\/div>\n                            <\/div>\n        <\/div>\n    <\/div>\n<\/section>\n\n\n<section class=\"related-posts block alignfull\">\n    <div class=\"container-fluid\">\n        <div class=\"title-wrap\">\n            <h2 class=\"heading h2\">Har du f\u00e5tt med deg disse?<\/h2>        <\/div><!--\/.title-wrap-->\n                <div class=\"row\">\n                        <div class=\"col\">\n                <div onclick=\"location.href='https:\/\/maritech.com\/no\/kundecase-salmon-evolution\/'\" class=\"post-card\">\n                    <div class=\"img-wrap\">\n\t\t\t\t\t\t<img decoding=\"async\" width=\"1024\" height=\"683\" src=\"https:\/\/maritech.com\/wp-content\/uploads\/2023\/11\/DSC09797-1024x683.jpg\" class=\"attachment-large size-large wp-post-image\" alt=\"Kundecase - Salmon Evolution\" srcset=\"https:\/\/maritech.com\/wp-content\/uploads\/2023\/11\/DSC09797-1024x683.jpg 1024w, https:\/\/maritech.com\/wp-content\/uploads\/2023\/11\/DSC09797-300x200.jpg 300w, https:\/\/maritech.com\/wp-content\/uploads\/2023\/11\/DSC09797-768x512.jpg 768w, https:\/\/maritech.com\/wp-content\/uploads\/2023\/11\/DSC09797-1536x1024.jpg 1536w, https:\/\/maritech.com\/wp-content\/uploads\/2023\/11\/DSC09797-2048x1365.jpg 2048w, https:\/\/maritech.com\/wp-content\/uploads\/2023\/11\/DSC09797-1920x1280.jpg 1920w, https:\/\/maritech.com\/wp-content\/uploads\/2023\/11\/DSC09797-1500x1000.jpg 1500w, https:\/\/maritech.com\/wp-content\/uploads\/2023\/11\/DSC09797-260x173.jpg 260w\" sizes=\"(max-width: 1024px) 100vw, 1024px\" \/>                    <\/div>\n                    <div class=\"info-wrap\">\n                                                <h4><a href=\"https:\/\/maritech.com\/no\/kundecase-salmon-evolution\/\">Kundecase &#8211; Salmon  <span class=\"lastword\"> Evolution <svg fill=\"none\" height=\"16\" viewBox=\"0 0 21 16\" width=\"21\" xmlns=\"http:\/\/www.w3.org\/2000\/svg\"><path d=\"m12.2646 1.0521 5.615 5.7114h-17.8796v1.503h17.8796l-5.615 5.7114 1.0343 1.0521 7.3883-7.515-7.3883-7.515z\" fill=\"#446bf9\"\/><\/svg><\/span><\/a><\/h4>\n                    <\/div>\n                <\/div>\n            <\/div><!--\/.col-->\n                        <div class=\"col\">\n                <div onclick=\"location.href='https:\/\/maritech.com\/no\/kundecase-miljorapportering-coast-seafood\/'\" class=\"post-card\">\n                    <div class=\"img-wrap\">\n\t\t\t\t\t\t<img decoding=\"async\" width=\"1024\" height=\"683\" src=\"https:\/\/maritech.com\/wp-content\/uploads\/2023\/11\/AB7I4397-1024x683.jpg\" class=\"attachment-large size-large wp-post-image\" alt=\"Kundecase - Coast Seafood\" srcset=\"https:\/\/maritech.com\/wp-content\/uploads\/2023\/11\/AB7I4397-1024x683.jpg 1024w, https:\/\/maritech.com\/wp-content\/uploads\/2023\/11\/AB7I4397-300x200.jpg 300w, https:\/\/maritech.com\/wp-content\/uploads\/2023\/11\/AB7I4397-768x512.jpg 768w, https:\/\/maritech.com\/wp-content\/uploads\/2023\/11\/AB7I4397-1536x1024.jpg 1536w, https:\/\/maritech.com\/wp-content\/uploads\/2023\/11\/AB7I4397-2048x1365.jpg 2048w, https:\/\/maritech.com\/wp-content\/uploads\/2023\/11\/AB7I4397-1920x1280.jpg 1920w, https:\/\/maritech.com\/wp-content\/uploads\/2023\/11\/AB7I4397-1500x1000.jpg 1500w, https:\/\/maritech.com\/wp-content\/uploads\/2023\/11\/AB7I4397-260x173.jpg 260w\" sizes=\"(max-width: 1024px) 100vw, 1024px\" \/>                    <\/div>\n                    <div class=\"info-wrap\">\n                                                <h4><a href=\"https:\/\/maritech.com\/no\/kundecase-miljorapportering-coast-seafood\/\">Kundecase &#8211; Coast  <span class=\"lastword\"> Seafood <svg fill=\"none\" height=\"16\" viewBox=\"0 0 21 16\" width=\"21\" xmlns=\"http:\/\/www.w3.org\/2000\/svg\"><path d=\"m12.2646 1.0521 5.615 5.7114h-17.8796v1.503h17.8796l-5.615 5.7114 1.0343 1.0521 7.3883-7.515-7.3883-7.515z\" fill=\"#446bf9\"\/><\/svg><\/span><\/a><\/h4>\n                    <\/div>\n                <\/div>\n            <\/div><!--\/.col-->\n                        <div class=\"col\">\n                <div onclick=\"location.href='https:\/\/maritech.com\/no\/automatisk-fortolling\/'\" class=\"post-card\">\n                    <div class=\"img-wrap\">\n\t\t\t\t\t\t<img decoding=\"async\" width=\"1024\" height=\"683\" src=\"https:\/\/maritech.com\/wp-content\/uploads\/2022\/06\/Maritech-Oclin-LQ-04578-1024x683.jpg\" class=\"attachment-large size-large wp-post-image\" alt=\"Skybasert fortolling\" srcset=\"https:\/\/maritech.com\/wp-content\/uploads\/2022\/06\/Maritech-Oclin-LQ-04578-1024x683.jpg 1024w, https:\/\/maritech.com\/wp-content\/uploads\/2022\/06\/Maritech-Oclin-LQ-04578-300x200.jpg 300w, https:\/\/maritech.com\/wp-content\/uploads\/2022\/06\/Maritech-Oclin-LQ-04578-768x512.jpg 768w, https:\/\/maritech.com\/wp-content\/uploads\/2022\/06\/Maritech-Oclin-LQ-04578-1536x1025.jpg 1536w, https:\/\/maritech.com\/wp-content\/uploads\/2022\/06\/Maritech-Oclin-LQ-04578-2048x1366.jpg 2048w, https:\/\/maritech.com\/wp-content\/uploads\/2022\/06\/Maritech-Oclin-LQ-04578-1920x1281.jpg 1920w, https:\/\/maritech.com\/wp-content\/uploads\/2022\/06\/Maritech-Oclin-LQ-04578-1499x1000.jpg 1499w, https:\/\/maritech.com\/wp-content\/uploads\/2022\/06\/Maritech-Oclin-LQ-04578-260x173.jpg 260w\" sizes=\"(max-width: 1024px) 100vw, 1024px\" \/>                    <\/div>\n                    <div class=\"info-wrap\">\n                                                <h4><a href=\"https:\/\/maritech.com\/no\/automatisk-fortolling\/\">Skybasert  <span class=\"lastword\"> fortolling <svg fill=\"none\" height=\"16\" viewBox=\"0 0 21 16\" width=\"21\" xmlns=\"http:\/\/www.w3.org\/2000\/svg\"><path d=\"m12.2646 1.0521 5.615 5.7114h-17.8796v1.503h17.8796l-5.615 5.7114 1.0343 1.0521 7.3883-7.515-7.3883-7.515z\" fill=\"#446bf9\"\/><\/svg><\/span><\/a><\/h4>\n                    <\/div>\n                <\/div>\n            <\/div><!--\/.col-->\n                    <\/div><!--\/.row-->\n            <\/div><!--\/.container-fluid-->\n<\/section>\n\n\n<section class=\"alignfull block newsletter-form dark-blue\">\n    <div class=\"content-max-wrapper\">\n                    <div class=\"content-max-wrapper__text\">\n                <h3 class=\"h3\">Motta nyheter og invitasjoner fra oss!<\/h3>\n            <\/div>\n                <!--[if lte IE 8]>\r\n<script charset=\"utf-8\" type=\"text\/javascript\" src=\"\/\/js-eu1.hsforms.net\/forms\/v2-legacy.js\"><\/script>\r\n<![endif]-->\r\n<script charset=\"utf-8\" type=\"text\/javascript\" src=\"\/\/js-eu1.hsforms.net\/forms\/v2.js\"><\/script>\r\n<script>\r\n  hbspt.forms.create({\r\n    region: \"eu1\",\r\n    portalId: \"25031368\",\r\n    formId: \"810e627a-049b-49de-b096-e08125e0e7e6\"\r\n});\r\n<\/script>    <div>\n<\/section>\n","protected":false},"excerpt":{"rendered":"","protected":false},"author":11,"featured_media":2552,"parent":0,"menu_order":0,"comment_status":"closed","ping_status":"closed","template":"","meta":{"_acf_changed":false,"content-type":"","lazy_load_responsive_images_disabled":false,"footnotes":""},"class_list":["post-13324","page","type-page","status-publish","has-post-thumbnail","hentry"],"acf":[],"yoast_head":"<!-- This site is optimized with the Yoast SEO Premium plugin v21.8 (Yoast SEO v26.8) - https:\/\/yoast.com\/product\/yoast-seo-premium-wordpress\/ -->\n<title>Digitale helsesertifikater for sj\u00f8mateksport<\/title>\n<meta name=\"description\" content=\"N\u00e5 kan du enkelt s\u00f8ke om digitale helsesertifikater, med f\u00e5 tastetrykk rett i Maritech Trading eller Maritech Purchase &amp; Sales.\u00a0\" \/>\n<meta name=\"robots\" content=\"index, follow, max-snippet:-1, max-image-preview:large, max-video-preview:-1\" \/>\n<link rel=\"canonical\" href=\"https:\/\/maritech.com\/no\/nyhet-digitale-helsesertifikater-for-sjomat\/\" \/>\n<meta property=\"og:locale\" content=\"nb_NO\" \/>\n<meta property=\"og:type\" content=\"article\" \/>\n<meta property=\"og:title\" content=\"Digitale helsesertifikater\" \/>\n<meta property=\"og:description\" content=\"N\u00e5 kan du enkelt s\u00f8ke om digitale helsesertifikater, med f\u00e5 tastetrykk rett i Maritech Trading eller Maritech Purchase &amp; Sales.\u00a0\" \/>\n<meta property=\"og:url\" content=\"https:\/\/maritech.com\/no\/nyhet-digitale-helsesertifikater-for-sjomat\/\" \/>\n<meta property=\"og:site_name\" content=\"Maritech\" \/>\n<meta property=\"article:modified_time\" content=\"2024-07-16T06:14:41+00:00\" \/>\n<meta property=\"og:image\" content=\"https:\/\/maritech.com\/wp-content\/uploads\/2019\/02\/Ziggi-Maritech_IMG7844-web-scaled.jpg\" \/>\n\t<meta property=\"og:image:width\" content=\"5742\" \/>\n\t<meta property=\"og:image:height\" content=\"3830\" \/>\n\t<meta property=\"og:image:type\" content=\"image\/jpeg\" \/>\n<meta name=\"twitter:card\" content=\"summary_large_image\" \/>\n<meta name=\"twitter:label1\" content=\"Ansl. lesetid\" \/>\n\t<meta name=\"twitter:data1\" content=\"1 minutt\" \/>\n<script type=\"application\/ld+json\" class=\"yoast-schema-graph\">{\"@context\":\"https:\/\/schema.org\",\"@graph\":[{\"@type\":\"WebPage\",\"@id\":\"https:\/\/maritech.com\/no\/nyhet-digitale-helsesertifikater-for-sjomat\/\",\"url\":\"https:\/\/maritech.com\/no\/nyhet-digitale-helsesertifikater-for-sjomat\/\",\"name\":\"Digitale helsesertifikater for sj\u00f8mateksport\",\"isPartOf\":{\"@id\":\"https:\/\/maritech.com\/no\/#website\"},\"primaryImageOfPage\":{\"@id\":\"https:\/\/maritech.com\/no\/nyhet-digitale-helsesertifikater-for-sjomat\/#primaryimage\"},\"image\":{\"@id\":\"https:\/\/maritech.com\/no\/nyhet-digitale-helsesertifikater-for-sjomat\/#primaryimage\"},\"thumbnailUrl\":\"https:\/\/maritech.com\/wp-content\/uploads\/2019\/02\/Ziggi-Maritech_IMG7844-web-scaled.jpg\",\"datePublished\":\"2022-08-09T17:30:24+00:00\",\"dateModified\":\"2024-07-16T06:14:41+00:00\",\"description\":\"N\u00e5 kan du enkelt s\u00f8ke om digitale helsesertifikater, med f\u00e5 tastetrykk rett i Maritech Trading eller Maritech Purchase & Sales.\u00a0\",\"breadcrumb\":{\"@id\":\"https:\/\/maritech.com\/no\/nyhet-digitale-helsesertifikater-for-sjomat\/#breadcrumb\"},\"inLanguage\":\"nb-NO\",\"potentialAction\":[{\"@type\":\"ReadAction\",\"target\":[\"https:\/\/maritech.com\/no\/nyhet-digitale-helsesertifikater-for-sjomat\/\"]}]},{\"@type\":\"ImageObject\",\"inLanguage\":\"nb-NO\",\"@id\":\"https:\/\/maritech.com\/no\/nyhet-digitale-helsesertifikater-for-sjomat\/#primaryimage\",\"url\":\"https:\/\/maritech.com\/wp-content\/uploads\/2019\/02\/Ziggi-Maritech_IMG7844-web-scaled.jpg\",\"contentUrl\":\"https:\/\/maritech.com\/wp-content\/uploads\/2019\/02\/Ziggi-Maritech_IMG7844-web-scaled.jpg\",\"width\":5742,\"height\":3830,\"caption\":\"Salmon. Maritech. Vikenco. DigitalSeafood. Photo copyright Zbigniew \u00abZiggi\u00bb Wantuch\"},{\"@type\":\"BreadcrumbList\",\"@id\":\"https:\/\/maritech.com\/no\/nyhet-digitale-helsesertifikater-for-sjomat\/#breadcrumb\",\"itemListElement\":[{\"@type\":\"ListItem\",\"position\":1,\"name\":\"Home\",\"item\":\"https:\/\/maritech.com\/no\/\"},{\"@type\":\"ListItem\",\"position\":2,\"name\":\"Digitale helsesertifikater\"}]},{\"@type\":\"WebSite\",\"@id\":\"https:\/\/maritech.com\/no\/#website\",\"url\":\"https:\/\/maritech.com\/no\/\",\"name\":\"Maritech\",\"description\":\"\",\"publisher\":{\"@id\":\"https:\/\/maritech.com\/no\/#organization\"},\"potentialAction\":[{\"@type\":\"SearchAction\",\"target\":{\"@type\":\"EntryPoint\",\"urlTemplate\":\"https:\/\/maritech.com\/no\/?s={search_term_string}\"},\"query-input\":{\"@type\":\"PropertyValueSpecification\",\"valueRequired\":true,\"valueName\":\"search_term_string\"}}],\"inLanguage\":\"nb-NO\"},{\"@type\":\"Organization\",\"@id\":\"https:\/\/maritech.com\/no\/#organization\",\"name\":\"Maritech\",\"url\":\"https:\/\/maritech.com\/no\/\",\"logo\":{\"@type\":\"ImageObject\",\"inLanguage\":\"nb-NO\",\"@id\":\"https:\/\/maritech.com\/no\/#\/schema\/logo\/image\/\",\"url\":\"https:\/\/maritech.com\/wp-content\/uploads\/2024\/07\/Maritech-Logo-Co-Brand-WHITE.png\",\"contentUrl\":\"https:\/\/maritech.com\/wp-content\/uploads\/2024\/07\/Maritech-Logo-Co-Brand-WHITE.png\",\"width\":3336,\"height\":890,\"caption\":\"Maritech\"},\"image\":{\"@id\":\"https:\/\/maritech.com\/no\/#\/schema\/logo\/image\/\"}}]}<\/script>\n<!-- \/ Yoast SEO Premium plugin. -->","yoast_head_json":{"title":"Digitale helsesertifikater for sj\u00f8mateksport","description":"N\u00e5 kan du enkelt s\u00f8ke om digitale helsesertifikater, med f\u00e5 tastetrykk rett i Maritech Trading eller Maritech Purchase & Sales.\u00a0","robots":{"index":"index","follow":"follow","max-snippet":"max-snippet:-1","max-image-preview":"max-image-preview:large","max-video-preview":"max-video-preview:-1"},"canonical":"https:\/\/maritech.com\/no\/nyhet-digitale-helsesertifikater-for-sjomat\/","og_locale":"nb_NO","og_type":"article","og_title":"Digitale helsesertifikater","og_description":"N\u00e5 kan du enkelt s\u00f8ke om digitale helsesertifikater, med f\u00e5 tastetrykk rett i Maritech Trading eller Maritech Purchase & Sales.\u00a0","og_url":"https:\/\/maritech.com\/no\/nyhet-digitale-helsesertifikater-for-sjomat\/","og_site_name":"Maritech","article_modified_time":"2024-07-16T06:14:41+00:00","og_image":[{"width":5742,"height":3830,"url":"https:\/\/maritech.com\/wp-content\/uploads\/2019\/02\/Ziggi-Maritech_IMG7844-web-scaled.jpg","type":"image\/jpeg"}],"twitter_card":"summary_large_image","twitter_misc":{"Ansl. lesetid":"1 minutt"},"schema":{"@context":"https:\/\/schema.org","@graph":[{"@type":"WebPage","@id":"https:\/\/maritech.com\/no\/nyhet-digitale-helsesertifikater-for-sjomat\/","url":"https:\/\/maritech.com\/no\/nyhet-digitale-helsesertifikater-for-sjomat\/","name":"Digitale helsesertifikater for sj\u00f8mateksport","isPartOf":{"@id":"https:\/\/maritech.com\/no\/#website"},"primaryImageOfPage":{"@id":"https:\/\/maritech.com\/no\/nyhet-digitale-helsesertifikater-for-sjomat\/#primaryimage"},"image":{"@id":"https:\/\/maritech.com\/no\/nyhet-digitale-helsesertifikater-for-sjomat\/#primaryimage"},"thumbnailUrl":"https:\/\/maritech.com\/wp-content\/uploads\/2019\/02\/Ziggi-Maritech_IMG7844-web-scaled.jpg","datePublished":"2022-08-09T17:30:24+00:00","dateModified":"2024-07-16T06:14:41+00:00","description":"N\u00e5 kan du enkelt s\u00f8ke om digitale helsesertifikater, med f\u00e5 tastetrykk rett i Maritech Trading eller Maritech Purchase & Sales.\u00a0","breadcrumb":{"@id":"https:\/\/maritech.com\/no\/nyhet-digitale-helsesertifikater-for-sjomat\/#breadcrumb"},"inLanguage":"nb-NO","potentialAction":[{"@type":"ReadAction","target":["https:\/\/maritech.com\/no\/nyhet-digitale-helsesertifikater-for-sjomat\/"]}]},{"@type":"ImageObject","inLanguage":"nb-NO","@id":"https:\/\/maritech.com\/no\/nyhet-digitale-helsesertifikater-for-sjomat\/#primaryimage","url":"https:\/\/maritech.com\/wp-content\/uploads\/2019\/02\/Ziggi-Maritech_IMG7844-web-scaled.jpg","contentUrl":"https:\/\/maritech.com\/wp-content\/uploads\/2019\/02\/Ziggi-Maritech_IMG7844-web-scaled.jpg","width":5742,"height":3830,"caption":"Salmon. Maritech. Vikenco. DigitalSeafood. Photo copyright Zbigniew \u00abZiggi\u00bb Wantuch"},{"@type":"BreadcrumbList","@id":"https:\/\/maritech.com\/no\/nyhet-digitale-helsesertifikater-for-sjomat\/#breadcrumb","itemListElement":[{"@type":"ListItem","position":1,"name":"Home","item":"https:\/\/maritech.com\/no\/"},{"@type":"ListItem","position":2,"name":"Digitale helsesertifikater"}]},{"@type":"WebSite","@id":"https:\/\/maritech.com\/no\/#website","url":"https:\/\/maritech.com\/no\/","name":"Maritech","description":"","publisher":{"@id":"https:\/\/maritech.com\/no\/#organization"},"potentialAction":[{"@type":"SearchAction","target":{"@type":"EntryPoint","urlTemplate":"https:\/\/maritech.com\/no\/?s={search_term_string}"},"query-input":{"@type":"PropertyValueSpecification","valueRequired":true,"valueName":"search_term_string"}}],"inLanguage":"nb-NO"},{"@type":"Organization","@id":"https:\/\/maritech.com\/no\/#organization","name":"Maritech","url":"https:\/\/maritech.com\/no\/","logo":{"@type":"ImageObject","inLanguage":"nb-NO","@id":"https:\/\/maritech.com\/no\/#\/schema\/logo\/image\/","url":"https:\/\/maritech.com\/wp-content\/uploads\/2024\/07\/Maritech-Logo-Co-Brand-WHITE.png","contentUrl":"https:\/\/maritech.com\/wp-content\/uploads\/2024\/07\/Maritech-Logo-Co-Brand-WHITE.png","width":3336,"height":890,"caption":"Maritech"},"image":{"@id":"https:\/\/maritech.com\/no\/#\/schema\/logo\/image\/"}}]}},"jetpack_sharing_enabled":true,"_links":{"self":[{"href":"https:\/\/maritech.com\/no\/wp-json\/wp\/v2\/pages\/13324","targetHints":{"allow":["GET"]}}],"collection":[{"href":"https:\/\/maritech.com\/no\/wp-json\/wp\/v2\/pages"}],"about":[{"href":"https:\/\/maritech.com\/no\/wp-json\/wp\/v2\/types\/page"}],"author":[{"embeddable":true,"href":"https:\/\/maritech.com\/no\/wp-json\/wp\/v2\/users\/11"}],"replies":[{"embeddable":true,"href":"https:\/\/maritech.com\/no\/wp-json\/wp\/v2\/comments?post=13324"}],"version-history":[{"count":45,"href":"https:\/\/maritech.com\/no\/wp-json\/wp\/v2\/pages\/13324\/revisions"}],"predecessor-version":[{"id":20356,"href":"https:\/\/maritech.com\/no\/wp-json\/wp\/v2\/pages\/13324\/revisions\/20356"}],"wp:featuredmedia":[{"embeddable":true,"href":"https:\/\/maritech.com\/no\/wp-json\/wp\/v2\/media\/2552"}],"wp:attachment":[{"href":"https:\/\/maritech.com\/no\/wp-json\/wp\/v2\/media?parent=13324"}],"curies":[{"name":"wp","href":"https:\/\/api.w.org\/{rel}","templated":true}]}}