{"id":13380,"date":"2022-04-04T10:47:53","date_gmt":"2022-04-04T09:47:53","guid":{"rendered":"https:\/\/maritech.com\/?page_id=13380"},"modified":"2024-11-19T11:24:09","modified_gmt":"2024-11-19T10:24:09","slug":"baerekraftsrapportering","status":"publish","type":"page","link":"https:\/\/maritech.com\/no\/baerekraftsrapportering\/","title":{"rendered":"B\u00e6rekraftsrapportering"},"content":{"rendered":"\n<section class=\"hero block alignfull bg-image grad-light\" style=\"background-image: url('https:\/\/maritech.com\/wp-content\/uploads\/2019\/02\/Ziggi-Maritech-_IMG7672-1366px-WEB-farge1-e1667212594318.jpg'); \" >\n    <div class=\"container-fluid\">\n        <div class=\"hero-content\">\n                        <div class=\"editor-content\">\n                <h1 class=\"title\"><span style=\"color: #ffffff;\">B\u00e6rekraftsrapportering<\/span><\/h1>\n<p class=\"preamble\"><span style=\"color: #ffffff;\">Driver du transportselskap? N\u00e5 kan vi hjelpe deg \u00e5 automatisere CO2-rapporteringen, slik at du kan bruke tiden din p\u00e5 noe annet.<\/span><\/p>\n            <\/div>\n            <div class=\"button-wrap left\"><a class=\"btn btn-primary\" href=\"https:\/\/logistics-demo.maritech.cloud\/\" target=\"_blank\" title=\"Se hvordan vi gj\u00f8r det\">Se hvordan vi gj\u00f8r det<\/a><\/div>        <\/div><!--\/.hero-content-->\n    <\/div><!--\/.container-fluid-->\n<\/section>\n\n\n<section class=\"page-content block alignfull\">\n    <div class=\"container-fluid\">\n        <div class=\"content-wrapper\">\n            <div class=\"editor-content\">\n                <p>&nbsp;<\/p>\n<p class=\"preamble\">Hvordan forbereder du deg p\u00e5 nye b\u00e6rekraftsforskrifter og rapporteringskrav?<\/p>\n<p>Du trenger ikke \u00e5 gj\u00f8re det alene, og det er absolutt lettere \u00e5 h\u00e5ndtere n\u00e5r du har gode digitale verkt\u00f8y og kan automatisere s\u00e5 mye som mulig. I tillegg til at du sparer verdifull tid, blir det ogs\u00e5 enklere \u00e5 spore og redusere utslippene fra selskapet du er en del av.<\/p>\n<p id=\"tw-target-text\" class=\"tw-data-text tw-text-large tw-ta\" dir=\"ltr\" data-placeholder=\"Oversettelse\"><span class=\"Y2IQFc\" lang=\"no\">Med b\u00e6rekraftsrapportering fra Maritech f\u00e5r du detaljert informasjon og dokumentasjon om utslippene fra transportaktivitetene dere har, og du kan enkelt\u00a0 automatisere beregningene av CO2-utslipp &#8211; b\u00e5de fra hvert enkelt transportmiddel og flere turer innenfor en kategori, et prosjekt eller en periode.<\/span><\/p>\n<p dir=\"ltr\" data-placeholder=\"Oversettelse\">Systemet m\u00e5ler trender og lar deg estimere ulike scenarier for \u00e5 beregne effekten av ulike ruter og transportmidler.<\/p>\n            <\/div><!--\/.editor-content-->\n        <\/div><!--\/.content-wrapper-->\n    <\/div><!--\/.container-fluid-->\n<\/section>\n\n\n<section class=\"video-content block alignfull content-right\">\n\t<div class=\"container-fluid-xl\">\n\t\t<div class=\"row\">\n\n\t\t\t<div class=\"col content-col\">\n\t\t\t\t<div class=\"inner-content\">\n\t\t\t\t\t\t\t\t\t\t\t<div class=\"editor-content\">\n\t\t\t\t\t\t\t<h2 class=\"h3\">I tr\u00e5d med EUs taksonomi<\/h2>\n<p>Informasjonen visualiseres i dashbord, og gir b\u00e5de oversikt og detaljert kunnskap om for eksempel omsetning, trafikkflyt, leveringspresisjon og fyllingsgrad. Med sammensatte data fra alle turer kan du enkelt analysere og sammenligne detaljer, og f\u00e5 ny innsikt og bedre kontroll.<\/p>\n<p>B\u00e6rekraftsrapportering er inkludert i <a href=\"https:\/\/maritech.com\/no\/vare-losninger-logistikk\/analytics-for-logistikk\/\">Maritech Analytics for Logistikk<\/a>, og integrert med <a href=\"https:\/\/maritech.com\/no\/vare-losninger-logistikk\/timpex-tms-transportstyring\/\">Timpex TMS<\/a>. Den kan selvf\u00f8lgelig ogs\u00e5 integreres med andre TMS-systemer. Verkt\u00f8yene er skreddersydd for transportn\u00e6ringen og er utviklet i tr\u00e5d med EUs taksonomi og Handlingsplanen for B\u00e6rekraftig finans.<\/p>\n\t\t\t\t\t\t<\/div>\n\t\t\t\t\t\t\t\t\t<\/div><!--\/.inner-content-->\n\t\t\t<\/div><!--\/.col-->\n\n\t\t\t<div class=\"col image-col\">\n\t\t\t\t\t\t\t\t\t<img decoding=\"async\" width=\"733\" height=\"750\" src=\"https:\/\/maritech.com\/wp-content\/uploads\/2021\/10\/GHG-reporting-illustration.jpg\" class=\"cover\" alt=\"Illustrasjon milj\u00f8rapportering for logistikk fra Maritech\" srcset=\"https:\/\/maritech.com\/wp-content\/uploads\/2021\/10\/GHG-reporting-illustration.jpg 1036w, https:\/\/maritech.com\/wp-content\/uploads\/2021\/10\/GHG-reporting-illustration-293x300.jpg 293w, https:\/\/maritech.com\/wp-content\/uploads\/2021\/10\/GHG-reporting-illustration-1001x1024.jpg 1001w, https:\/\/maritech.com\/wp-content\/uploads\/2021\/10\/GHG-reporting-illustration-768x786.jpg 768w, https:\/\/maritech.com\/wp-content\/uploads\/2021\/10\/GHG-reporting-illustration-195x200.jpg 195w\" sizes=\"(max-width: 733px) 100vw, 733px\" \/>\t\t\t\t\t\t\t<\/div><!--\/.col-->\n\n\t\t<\/div><!--\/.row-->\n\t<\/div><!--\/.container-fluid-xl-->\n<\/section>\n\n\n\n<section class=\"video-content block alignfull content-left\">\n\t<div class=\"container-fluid-xl\">\n\t\t<div class=\"row\">\n\n\t\t\t<div class=\"col content-col\">\n\t\t\t\t<div class=\"inner-content\">\n\t\t\t\t\t\t\t\t\t\t\t<div class=\"editor-content\">\n\t\t\t\t\t\t\t<h2 class=\"h3\">Valgte CO2-rapportering fra Maritech<\/h2>\n<p>Vi er stolte av \u00e5 f\u00e5 samarbeide tett med Nor-log Gruppen, som bruker b\u00e5de <a href=\"https:\/\/maritech.com\/no\/vare-losninger-logistikk\/timpex-tms-transportstyring\/\">Timpex TMS<\/a>\u00a0(Transportstyringssystem), Timpex CMS (Tollklarering), Timpex Confirm tracking tool og\u00a0<a href=\"https:\/\/maritech.com\/no\/vare-losninger-logistikk\/timpex-connect\/\">Timpex Connect<\/a> kommunikasjonsl\u00f8sning fra oss.<\/p>\n<p>H\u00f8sten 2021 valgte Nor-log ogs\u00e5 Maritech som partner innen <a href=\"https:\/\/maritech.com\/no\/vare-losninger-logistikk\/analytics-for-logistikk\/\">milj\u00f8rapportering,<\/a> for \u00e5 gj\u00f8re det enklere \u00e5 redusere utslipp, samt sikre informasjon og dokumentasjon i henhold til kravene fra EU og norske myndigheter.<\/p>\n\t\t\t\t\t\t<\/div>\n\t\t\t\t\t<div class=\"button-wrap left\"><a class=\"btn btn-primary\" href=\"https:\/\/maritech.com\/no\/vare-losninger-logistikk\/kundecase-nor-log-gruppen\/\"  title=\"Les mer \">Les mer <\/a><\/div>\t\t\t\t<\/div><!--\/.inner-content-->\n\t\t\t<\/div><!--\/.col-->\n\n\t\t\t<div class=\"col image-col\">\n\t\t\t\t\t\t\t\t\t<a class=\"video-wrap\" data-fancybox href=\"https:\/\/youtu.be\/a_PseqKG72Q\" title=\"Click to View Video\">\n\t\t\t\t\t\t<img decoding=\"async\" width=\"800\" height=\"600\" src=\"https:\/\/maritech.com\/wp-content\/uploads\/2022\/08\/Anunatak_2V4A8757_ElinHerjehagen_1-800x600.jpg\" class=\"cover\" alt=\"Silje Steffensen - Nor-log\" \/>\t\t\t\t\t<\/a>\n\t\t\t\t\t\t\t<\/div><!--\/.col-->\n\n\t\t<\/div><!--\/.row-->\n\t<\/div><!--\/.container-fluid-xl-->\n<\/section>\n\n\n<section  class=\"content-form-cta block alignfull offset\">\n    <div class=\"container-fluid\">\n        <div class=\"alignment-wrapper\">\n            <div class=\"block-container\">\n                                    <h4 class=\"h4\">Nysgjerrig?<\/h4>\n                                                                                    <div class=\"button-wrap left\">\n                        <a class=\"btn\" href=\"https:\/\/share-eu1.hsforms.com\/1N64zSG_iQh6EJmgag0ox5Qewibs\" title=\"Kontakt oss her\">\n                            Kontakt oss her                        <\/a>\n                    <\/div>\n                            <\/div>\n        <\/div>\n    <\/div>\n<\/section>\n\n\n<section class=\"related-posts block alignfull\">\n    <div class=\"container-fluid\">\n        <div class=\"title-wrap\">\n            <h2 class=\"heading h2\">Les videre<\/h2>        <\/div><!--\/.title-wrap-->\n                <div class=\"row\">\n                        <div class=\"col\">\n                <div onclick=\"location.href='https:\/\/maritech.com\/no\/accelerator-velger-maritech\/'\" class=\"post-card\">\n                    <div class=\"img-wrap\">\n\t\t\t\t\t\t<img decoding=\"async\" width=\"1024\" height=\"576\" src=\"https:\/\/maritech.com\/wp-content\/uploads\/2024\/01\/Design-uten-navn-3-1024x576.jpg\" class=\"attachment-large size-large wp-post-image\" alt=\"Kundecase - Accelerator\" srcset=\"https:\/\/maritech.com\/wp-content\/uploads\/2024\/01\/Design-uten-navn-3-1024x576.jpg 1024w, https:\/\/maritech.com\/wp-content\/uploads\/2024\/01\/Design-uten-navn-3-300x169.jpg 300w, https:\/\/maritech.com\/wp-content\/uploads\/2024\/01\/Design-uten-navn-3-768x432.jpg 768w, https:\/\/maritech.com\/wp-content\/uploads\/2024\/01\/Design-uten-navn-3-260x146.jpg 260w, https:\/\/maritech.com\/wp-content\/uploads\/2024\/01\/Design-uten-navn-3.jpg 1440w\" sizes=\"(max-width: 1024px) 100vw, 1024px\" \/>                    <\/div>\n                    <div class=\"info-wrap\">\n                                                <h4><a href=\"https:\/\/maritech.com\/no\/accelerator-velger-maritech\/\">Kundecase &#8211;  <span class=\"lastword\"> Accelerator <svg fill=\"none\" height=\"16\" viewBox=\"0 0 21 16\" width=\"21\" xmlns=\"http:\/\/www.w3.org\/2000\/svg\"><path d=\"m12.2646 1.0521 5.615 5.7114h-17.8796v1.503h17.8796l-5.615 5.7114 1.0343 1.0521 7.3883-7.515-7.3883-7.515z\" fill=\"#446bf9\"\/><\/svg><\/span><\/a><\/h4>\n                    <\/div>\n                <\/div>\n            <\/div><!--\/.col-->\n                        <div class=\"col\">\n                <div onclick=\"location.href='https:\/\/maritech.com\/no\/maritech-tms-forste-pilotkunde-er-live-og-fornoyd\/'\" class=\"post-card\">\n                    <div class=\"img-wrap\">\n\t\t\t\t\t\t<img decoding=\"async\" width=\"1024\" height=\"611\" src=\"https:\/\/maritech.com\/wp-content\/uploads\/2023\/06\/NordvestTransport_Maritech-1024x611.png\" class=\"attachment-large size-large wp-post-image\" alt=\"Kundecase - Nordvest Transport\" srcset=\"https:\/\/maritech.com\/wp-content\/uploads\/2023\/06\/NordvestTransport_Maritech-1024x611.png 1024w, https:\/\/maritech.com\/wp-content\/uploads\/2023\/06\/NordvestTransport_Maritech-300x179.png 300w, https:\/\/maritech.com\/wp-content\/uploads\/2023\/06\/NordvestTransport_Maritech-768x458.png 768w, https:\/\/maritech.com\/wp-content\/uploads\/2023\/06\/NordvestTransport_Maritech-260x155.png 260w, https:\/\/maritech.com\/wp-content\/uploads\/2023\/06\/NordvestTransport_Maritech.png 1311w\" sizes=\"(max-width: 1024px) 100vw, 1024px\" \/>                    <\/div>\n                    <div class=\"info-wrap\">\n                                                <h4><a href=\"https:\/\/maritech.com\/no\/maritech-tms-forste-pilotkunde-er-live-og-fornoyd\/\">Kundecase &#8211; Nordvest  <span class=\"lastword\"> Transport <svg fill=\"none\" height=\"16\" viewBox=\"0 0 21 16\" width=\"21\" xmlns=\"http:\/\/www.w3.org\/2000\/svg\"><path d=\"m12.2646 1.0521 5.615 5.7114h-17.8796v1.503h17.8796l-5.615 5.7114 1.0343 1.0521 7.3883-7.515-7.3883-7.515z\" fill=\"#446bf9\"\/><\/svg><\/span><\/a><\/h4>\n                    <\/div>\n                <\/div>\n            <\/div><!--\/.col-->\n                        <div class=\"col\">\n                <div onclick=\"location.href='https:\/\/maritech.com\/no\/kundecase-miljorapportering-coast-seafood\/'\" class=\"post-card\">\n                    <div class=\"img-wrap\">\n\t\t\t\t\t\t<img decoding=\"async\" width=\"1024\" height=\"683\" src=\"https:\/\/maritech.com\/wp-content\/uploads\/2023\/11\/AB7I4397-1024x683.jpg\" class=\"attachment-large size-large wp-post-image\" alt=\"Kundecase - Coast Seafood\" srcset=\"https:\/\/maritech.com\/wp-content\/uploads\/2023\/11\/AB7I4397-1024x683.jpg 1024w, https:\/\/maritech.com\/wp-content\/uploads\/2023\/11\/AB7I4397-300x200.jpg 300w, https:\/\/maritech.com\/wp-content\/uploads\/2023\/11\/AB7I4397-768x512.jpg 768w, https:\/\/maritech.com\/wp-content\/uploads\/2023\/11\/AB7I4397-1536x1024.jpg 1536w, https:\/\/maritech.com\/wp-content\/uploads\/2023\/11\/AB7I4397-2048x1365.jpg 2048w, https:\/\/maritech.com\/wp-content\/uploads\/2023\/11\/AB7I4397-1920x1280.jpg 1920w, https:\/\/maritech.com\/wp-content\/uploads\/2023\/11\/AB7I4397-1500x1000.jpg 1500w, https:\/\/maritech.com\/wp-content\/uploads\/2023\/11\/AB7I4397-260x173.jpg 260w\" sizes=\"(max-width: 1024px) 100vw, 1024px\" \/>                    <\/div>\n                    <div class=\"info-wrap\">\n                                                <h4><a href=\"https:\/\/maritech.com\/no\/kundecase-miljorapportering-coast-seafood\/\">Kundecase &#8211; Coast  <span class=\"lastword\"> Seafood <svg fill=\"none\" height=\"16\" viewBox=\"0 0 21 16\" width=\"21\" xmlns=\"http:\/\/www.w3.org\/2000\/svg\"><path d=\"m12.2646 1.0521 5.615 5.7114h-17.8796v1.503h17.8796l-5.615 5.7114 1.0343 1.0521 7.3883-7.515-7.3883-7.515z\" fill=\"#446bf9\"\/><\/svg><\/span><\/a><\/h4>\n                    <\/div>\n                <\/div>\n            <\/div><!--\/.col-->\n                    <\/div><!--\/.row-->\n            <\/div><!--\/.container-fluid-->\n<\/section>\n\n\n<section class=\"alignfull block newsletter-form dark-blue\">\n    <div class=\"content-max-wrapper\">\n                    <div class=\"content-max-wrapper__text\">\n                <h3 class=\"h3\">Motta nyhetsbrev og invitasjoner!<\/h3>\n            <\/div>\n                <!--[if lte IE 8]>\r\n<script charset=\"utf-8\" type=\"text\/javascript\" src=\"\/\/js-eu1.hsforms.net\/forms\/v2-legacy.js\"><\/script>\r\n<![endif]-->\r\n<script charset=\"utf-8\" type=\"text\/javascript\" src=\"\/\/js-eu1.hsforms.net\/forms\/v2.js\"><\/script>\r\n<script>\r\n  hbspt.forms.create({\r\n    region: \"eu1\",\r\n    portalId: \"25031368\",\r\n    formId: \"810e627a-049b-49de-b096-e08125e0e7e6\"\r\n});\r\n<\/script>    <div>\n<\/section>\n","protected":false},"excerpt":{"rendered":"","protected":false},"author":11,"featured_media":10764,"parent":0,"menu_order":0,"comment_status":"closed","ping_status":"closed","template":"","meta":{"_acf_changed":false,"content-type":"","lazy_load_responsive_images_disabled":false,"footnotes":""},"class_list":["post-13380","page","type-page","status-publish","has-post-thumbnail","hentry"],"acf":[],"yoast_head":"<!-- This site is optimized with the Yoast SEO Premium plugin v21.8 (Yoast SEO v26.8) - https:\/\/yoast.com\/product\/yoast-seo-premium-wordpress\/ -->\n<title>B\u00e6rekraftsrapportering for transport - Maritech<\/title>\n<meta name=\"description\" content=\"Driver du transportselskap? Hadde det ikke v\u00e6rt deilig \u00e5 automatisere CO2-rapporteringen? Gi oss et vink, s\u00e5 hjelper vi deg!\" \/>\n<meta name=\"robots\" content=\"index, follow, max-snippet:-1, max-image-preview:large, max-video-preview:-1\" \/>\n<link rel=\"canonical\" href=\"https:\/\/maritech.com\/no\/baerekraftsrapportering\/\" \/>\n<meta property=\"og:locale\" content=\"nb_NO\" \/>\n<meta property=\"og:type\" content=\"article\" \/>\n<meta property=\"og:title\" content=\"B\u00e6rekraftsrapportering\" \/>\n<meta property=\"og:description\" content=\"Driver du transportselskap? Hadde det ikke v\u00e6rt deilig \u00e5 automatisere CO2-rapporteringen? Gi oss et vink, s\u00e5 hjelper vi deg!\" \/>\n<meta property=\"og:url\" content=\"https:\/\/maritech.com\/no\/baerekraftsrapportering\/\" \/>\n<meta property=\"og:site_name\" content=\"Maritech\" \/>\n<meta property=\"article:modified_time\" content=\"2024-11-19T10:24:09+00:00\" \/>\n<meta property=\"og:image\" content=\"https:\/\/maritech.com\/wp-content\/uploads\/2021\/10\/GHG-reporting-illustration.jpg\" \/>\n\t<meta property=\"og:image:width\" content=\"1036\" \/>\n\t<meta property=\"og:image:height\" content=\"1060\" \/>\n\t<meta property=\"og:image:type\" content=\"image\/jpeg\" \/>\n<meta name=\"twitter:card\" content=\"summary_large_image\" \/>\n<meta name=\"twitter:label1\" content=\"Ansl. lesetid\" \/>\n\t<meta name=\"twitter:data1\" content=\"1 minutt\" \/>\n<script type=\"application\/ld+json\" class=\"yoast-schema-graph\">{\"@context\":\"https:\/\/schema.org\",\"@graph\":[{\"@type\":\"WebPage\",\"@id\":\"https:\/\/maritech.com\/no\/baerekraftsrapportering\/\",\"url\":\"https:\/\/maritech.com\/no\/baerekraftsrapportering\/\",\"name\":\"B\u00e6rekraftsrapportering for transport - Maritech\",\"isPartOf\":{\"@id\":\"https:\/\/maritech.com\/no\/#website\"},\"primaryImageOfPage\":{\"@id\":\"https:\/\/maritech.com\/no\/baerekraftsrapportering\/#primaryimage\"},\"image\":{\"@id\":\"https:\/\/maritech.com\/no\/baerekraftsrapportering\/#primaryimage\"},\"thumbnailUrl\":\"https:\/\/maritech.com\/wp-content\/uploads\/2021\/10\/GHG-reporting-illustration.jpg\",\"datePublished\":\"2022-04-04T09:47:53+00:00\",\"dateModified\":\"2024-11-19T10:24:09+00:00\",\"description\":\"Driver du transportselskap? Hadde det ikke v\u00e6rt deilig \u00e5 automatisere CO2-rapporteringen? Gi oss et vink, s\u00e5 hjelper vi deg!\",\"breadcrumb\":{\"@id\":\"https:\/\/maritech.com\/no\/baerekraftsrapportering\/#breadcrumb\"},\"inLanguage\":\"nb-NO\",\"potentialAction\":[{\"@type\":\"ReadAction\",\"target\":[\"https:\/\/maritech.com\/no\/baerekraftsrapportering\/\"]}]},{\"@type\":\"ImageObject\",\"inLanguage\":\"nb-NO\",\"@id\":\"https:\/\/maritech.com\/no\/baerekraftsrapportering\/#primaryimage\",\"url\":\"https:\/\/maritech.com\/wp-content\/uploads\/2021\/10\/GHG-reporting-illustration.jpg\",\"contentUrl\":\"https:\/\/maritech.com\/wp-content\/uploads\/2021\/10\/GHG-reporting-illustration.jpg\",\"width\":1036,\"height\":1060,\"caption\":\"Illustrasjon milj\u00f8rapportering for logistikk fra Maritech\"},{\"@type\":\"BreadcrumbList\",\"@id\":\"https:\/\/maritech.com\/no\/baerekraftsrapportering\/#breadcrumb\",\"itemListElement\":[{\"@type\":\"ListItem\",\"position\":1,\"name\":\"Home\",\"item\":\"https:\/\/maritech.com\/no\/\"},{\"@type\":\"ListItem\",\"position\":2,\"name\":\"B\u00e6rekraftsrapportering\"}]},{\"@type\":\"WebSite\",\"@id\":\"https:\/\/maritech.com\/no\/#website\",\"url\":\"https:\/\/maritech.com\/no\/\",\"name\":\"Maritech\",\"description\":\"\",\"publisher\":{\"@id\":\"https:\/\/maritech.com\/no\/#organization\"},\"potentialAction\":[{\"@type\":\"SearchAction\",\"target\":{\"@type\":\"EntryPoint\",\"urlTemplate\":\"https:\/\/maritech.com\/no\/?s={search_term_string}\"},\"query-input\":{\"@type\":\"PropertyValueSpecification\",\"valueRequired\":true,\"valueName\":\"search_term_string\"}}],\"inLanguage\":\"nb-NO\"},{\"@type\":\"Organization\",\"@id\":\"https:\/\/maritech.com\/no\/#organization\",\"name\":\"Maritech\",\"url\":\"https:\/\/maritech.com\/no\/\",\"logo\":{\"@type\":\"ImageObject\",\"inLanguage\":\"nb-NO\",\"@id\":\"https:\/\/maritech.com\/no\/#\/schema\/logo\/image\/\",\"url\":\"https:\/\/maritech.com\/wp-content\/uploads\/2024\/07\/Maritech-Logo-Co-Brand-WHITE.png\",\"contentUrl\":\"https:\/\/maritech.com\/wp-content\/uploads\/2024\/07\/Maritech-Logo-Co-Brand-WHITE.png\",\"width\":3336,\"height\":890,\"caption\":\"Maritech\"},\"image\":{\"@id\":\"https:\/\/maritech.com\/no\/#\/schema\/logo\/image\/\"}}]}<\/script>\n<!-- \/ Yoast SEO Premium plugin. -->","yoast_head_json":{"title":"B\u00e6rekraftsrapportering for transport - Maritech","description":"Driver du transportselskap? Hadde det ikke v\u00e6rt deilig \u00e5 automatisere CO2-rapporteringen? Gi oss et vink, s\u00e5 hjelper vi deg!","robots":{"index":"index","follow":"follow","max-snippet":"max-snippet:-1","max-image-preview":"max-image-preview:large","max-video-preview":"max-video-preview:-1"},"canonical":"https:\/\/maritech.com\/no\/baerekraftsrapportering\/","og_locale":"nb_NO","og_type":"article","og_title":"B\u00e6rekraftsrapportering","og_description":"Driver du transportselskap? Hadde det ikke v\u00e6rt deilig \u00e5 automatisere CO2-rapporteringen? Gi oss et vink, s\u00e5 hjelper vi deg!","og_url":"https:\/\/maritech.com\/no\/baerekraftsrapportering\/","og_site_name":"Maritech","article_modified_time":"2024-11-19T10:24:09+00:00","og_image":[{"width":1036,"height":1060,"url":"https:\/\/maritech.com\/wp-content\/uploads\/2021\/10\/GHG-reporting-illustration.jpg","type":"image\/jpeg"}],"twitter_card":"summary_large_image","twitter_misc":{"Ansl. lesetid":"1 minutt"},"schema":{"@context":"https:\/\/schema.org","@graph":[{"@type":"WebPage","@id":"https:\/\/maritech.com\/no\/baerekraftsrapportering\/","url":"https:\/\/maritech.com\/no\/baerekraftsrapportering\/","name":"B\u00e6rekraftsrapportering for transport - Maritech","isPartOf":{"@id":"https:\/\/maritech.com\/no\/#website"},"primaryImageOfPage":{"@id":"https:\/\/maritech.com\/no\/baerekraftsrapportering\/#primaryimage"},"image":{"@id":"https:\/\/maritech.com\/no\/baerekraftsrapportering\/#primaryimage"},"thumbnailUrl":"https:\/\/maritech.com\/wp-content\/uploads\/2021\/10\/GHG-reporting-illustration.jpg","datePublished":"2022-04-04T09:47:53+00:00","dateModified":"2024-11-19T10:24:09+00:00","description":"Driver du transportselskap? Hadde det ikke v\u00e6rt deilig \u00e5 automatisere CO2-rapporteringen? Gi oss et vink, s\u00e5 hjelper vi deg!","breadcrumb":{"@id":"https:\/\/maritech.com\/no\/baerekraftsrapportering\/#breadcrumb"},"inLanguage":"nb-NO","potentialAction":[{"@type":"ReadAction","target":["https:\/\/maritech.com\/no\/baerekraftsrapportering\/"]}]},{"@type":"ImageObject","inLanguage":"nb-NO","@id":"https:\/\/maritech.com\/no\/baerekraftsrapportering\/#primaryimage","url":"https:\/\/maritech.com\/wp-content\/uploads\/2021\/10\/GHG-reporting-illustration.jpg","contentUrl":"https:\/\/maritech.com\/wp-content\/uploads\/2021\/10\/GHG-reporting-illustration.jpg","width":1036,"height":1060,"caption":"Illustrasjon milj\u00f8rapportering for logistikk fra Maritech"},{"@type":"BreadcrumbList","@id":"https:\/\/maritech.com\/no\/baerekraftsrapportering\/#breadcrumb","itemListElement":[{"@type":"ListItem","position":1,"name":"Home","item":"https:\/\/maritech.com\/no\/"},{"@type":"ListItem","position":2,"name":"B\u00e6rekraftsrapportering"}]},{"@type":"WebSite","@id":"https:\/\/maritech.com\/no\/#website","url":"https:\/\/maritech.com\/no\/","name":"Maritech","description":"","publisher":{"@id":"https:\/\/maritech.com\/no\/#organization"},"potentialAction":[{"@type":"SearchAction","target":{"@type":"EntryPoint","urlTemplate":"https:\/\/maritech.com\/no\/?s={search_term_string}"},"query-input":{"@type":"PropertyValueSpecification","valueRequired":true,"valueName":"search_term_string"}}],"inLanguage":"nb-NO"},{"@type":"Organization","@id":"https:\/\/maritech.com\/no\/#organization","name":"Maritech","url":"https:\/\/maritech.com\/no\/","logo":{"@type":"ImageObject","inLanguage":"nb-NO","@id":"https:\/\/maritech.com\/no\/#\/schema\/logo\/image\/","url":"https:\/\/maritech.com\/wp-content\/uploads\/2024\/07\/Maritech-Logo-Co-Brand-WHITE.png","contentUrl":"https:\/\/maritech.com\/wp-content\/uploads\/2024\/07\/Maritech-Logo-Co-Brand-WHITE.png","width":3336,"height":890,"caption":"Maritech"},"image":{"@id":"https:\/\/maritech.com\/no\/#\/schema\/logo\/image\/"}}]}},"jetpack_sharing_enabled":true,"_links":{"self":[{"href":"https:\/\/maritech.com\/no\/wp-json\/wp\/v2\/pages\/13380","targetHints":{"allow":["GET"]}}],"collection":[{"href":"https:\/\/maritech.com\/no\/wp-json\/wp\/v2\/pages"}],"about":[{"href":"https:\/\/maritech.com\/no\/wp-json\/wp\/v2\/types\/page"}],"author":[{"embeddable":true,"href":"https:\/\/maritech.com\/no\/wp-json\/wp\/v2\/users\/11"}],"replies":[{"embeddable":true,"href":"https:\/\/maritech.com\/no\/wp-json\/wp\/v2\/comments?post=13380"}],"version-history":[{"count":18,"href":"https:\/\/maritech.com\/no\/wp-json\/wp\/v2\/pages\/13380\/revisions"}],"predecessor-version":[{"id":20794,"href":"https:\/\/maritech.com\/no\/wp-json\/wp\/v2\/pages\/13380\/revisions\/20794"}],"wp:featuredmedia":[{"embeddable":true,"href":"https:\/\/maritech.com\/no\/wp-json\/wp\/v2\/media\/10764"}],"wp:attachment":[{"href":"https:\/\/maritech.com\/no\/wp-json\/wp\/v2\/media?parent=13380"}],"curies":[{"name":"wp","href":"https:\/\/api.w.org\/{rel}","templated":true}]}}