{"id":14552,"date":"2023-01-24T12:34:44","date_gmt":"2023-01-24T11:34:44","guid":{"rendered":"https:\/\/maritech.com\/?page_id=14552"},"modified":"2026-01-27T10:16:58","modified_gmt":"2026-01-27T09:16:58","slug":"maritech-community","status":"publish","type":"page","link":"https:\/\/maritech.com\/no\/maritech-community\/","title":{"rendered":"Maritech Community"},"content":{"rendered":"\n<section class=\"hero block alignfull bg-image\" style=\"background-image: url('https:\/\/maritech.com\/wp-content\/uploads\/2023\/06\/DSC04839-NR-1920x929.jpg'); \" >\n    <div class=\"container-fluid\">\n        <div class=\"hero-content\">\n                        <div class=\"editor-content\">\n                <h1 class=\"title\"><span style=\"color: #ffffff;\">Maritech Community<\/span><\/h1>\n<p><!--more--><\/p>\n<p><!--more--><\/p>\n<p class=\"preamble\"><span style=\"color: #ffffff;\">Engasjer deg i det nye brukerforumet v\u00e5rt! <\/span><\/p>\n<p><span style=\"color: #ffffff;\">Her kan du utveksle erfaringer med oss og andre Maritech-brukere, og v\u00e6re med p\u00e5 \u00e5 p\u00e5virke hvordan vi utvikler systemene videre.<\/span><\/p>\n            <\/div>\n            <div class=\"button-wrap left\"><a class=\"btn btn-primary\" href=\"mailto:community@maritech.com\" target=\"_blank\" title=\"Kontakt oss\">Kontakt oss<\/a><\/div>        <\/div><!--\/.hero-content-->\n    <\/div><!--\/.container-fluid-->\n<\/section>\n\n\n\n<div class=\"wp-block-group alignfull is-layout-constrained wp-block-group-is-layout-constrained\">\n<div class=\"wp-block-columns is-layout-flex wp-container-core-columns-is-layout-9d6595d7 wp-block-columns-is-layout-flex\">\n<div class=\"wp-block-column is-layout-flow wp-block-column-is-layout-flow\" style=\"flex-basis:100%\"><\/div>\n<\/div>\n\n\n\n<section class=\"video-content block alignfull content-right\">\n\t<div class=\"container-fluid-xl\">\n\t\t<div class=\"row\">\n\n\t\t\t<div class=\"col content-col\">\n\t\t\t\t<div class=\"inner-content\">\n\t\t\t\t\t\t\t\t\t<\/div><!--\/.inner-content-->\n\t\t\t<\/div><!--\/.col-->\n\n\t\t\t<div class=\"col image-col\">\n\t\t\t\t\t\t\t\t\t<a class=\"video-wrap\" data-fancybox href=\"https:\/\/www.youtube.com\/watch?v=lfHA6i2syq0\" title=\"Click to View Video\">\n\t\t\t\t\t\t\t\t\t\t\t<\/a>\n\t\t\t\t\t\t\t<\/div><!--\/.col-->\n\n\t\t<\/div><!--\/.row-->\n\t<\/div><!--\/.container-fluid-xl-->\n<\/section>\n\n\n\n<section class=\"video-content block alignfull content-right\">\n\t<div class=\"container-fluid-xl\">\n\t\t<div class=\"row\">\n\n\t\t\t<div class=\"col content-col\">\n\t\t\t\t<div class=\"inner-content\">\n\t\t\t\t\t\t\t\t\t\t\t<div class=\"editor-content\">\n\t\t\t\t\t\t\t<h2 class=\"h3\">Hva, hvem, hvorfor?<\/h2>\n<p>Maritech Community er et brukerstyrt forum med fokus p\u00e5 skyl\u00f8sninger for sj\u00f8mat og logistikk. Her rettes fokuset p\u00e5 v\u00e5re skyapplikasjoner &#8211; og hvordan vi kan utvikle oss i retning av det bransjen trenger for \u00e5 l\u00f8se sine prosesser p\u00e5 best mulig m\u00e5te. Maritech Community drives av styret, og fasiliteres av oss. Styret blir valgt av og blant deltakerne og skal speile mangfoldet av kundene v\u00e5re. Maritech Community har ogs\u00e5 som oppgave \u00e5 st\u00f8tte opp under og bidra til arrangering av eventer for v\u00e5re brukere (eksempelvis interessem\u00f8ter, kundedager og fagdager).<\/p>\n<p>S\u00e5, hvorfor gj\u00f8re vi dette?<\/p>\n<p><em>Vi \u00f8nsker \u00e5 skape en arena for konstruktive innspill og diskusjon, til gjensidig nytte for begge parter, med deling av kunnskap og oppdateringer med og mellom brukerne. Forumet skal ogs\u00e5 v\u00e6re sparringspartner n\u00e5r vi planlegger roadmap.<\/em><\/p>\n<p>Har du sp\u00f8rsm\u00e5l? <a href=\"mailto:community@maritech.com\">Kj\u00f8r!<\/a><\/p>\n\t\t\t\t\t\t<\/div>\n\t\t\t\t\t\t\t\t\t<\/div><!--\/.inner-content-->\n\t\t\t<\/div><!--\/.col-->\n\n\t\t\t<div class=\"col image-col\">\n\t\t\t\t\t\t\t\t\t<img decoding=\"async\" width=\"1000\" height=\"750\" src=\"https:\/\/maritech.com\/wp-content\/uploads\/2024\/12\/Bilde-scaled-e1733401000525-1000x750.jpg\" class=\"cover\" alt=\"\" \/>\t\t\t\t\t\t\t<\/div><!--\/.col-->\n\n\t\t<\/div><!--\/.row-->\n\t<\/div><!--\/.container-fluid-xl-->\n<\/section>\n\n\n\n<section class=\"video-content block alignfull content-left\">\n\t<div class=\"container-fluid-xl\">\n\t\t<div class=\"row\">\n\n\t\t\t<div class=\"col content-col\">\n\t\t\t\t<div class=\"inner-content\">\n\t\t\t\t\t\t\t\t\t\t\t<div class=\"editor-content\">\n\t\t\t\t\t\t\t<h2>Interessem\u00f8ter<\/h2>\n<p>Kvartalsvis fremover \u00f8nsker vi \u00e5 invitere v\u00e5re brukere til \u00e5 engasjere seg rundt tema og problemstillinger som kan v\u00e6re til gjensidig nytte \u00e5 belyse i fellesskap. M\u00f8tene vil bli holdt digitalt for \u00e5 sikre gjennomf\u00f8rbarhet og tilgjengelighet for alle v\u00e5re brukere i Maritech Cloud.<\/p>\n<p>Neste interessem\u00f8te for sj\u00f8mat: <strong>10. februar 2026<\/strong><\/p>\n<p>Agenda:<\/p>\n<ul>\n<li data-start=\"812\" data-end=\"848\">Roadmap: hva som kommer \u2013 og hvorfor<\/li>\n<li data-start=\"812\" data-end=\"848\">Linsight: nyheter og forbedringer<\/li>\n<li data-start=\"812\" data-end=\"848\">Analytics: oppdateringer og muligheter<\/li>\n<li data-start=\"812\" data-end=\"848\">Performance: fokusomr\u00e5der fremover<\/li>\n<li data-start=\"812\" data-end=\"848\">Cloud: siste nytt og funksjonelle forbedringer<\/li>\n<\/ul>\n<p>Neste interessem\u00f8te for logistikk: <strong>12. februar 2026<\/strong><\/p>\n<p>Agenda:<\/p>\n<ul>\n<li data-start=\"82\" data-end=\"127\">ICS2 \u2013 status og hva du b\u00f8r v\u00e6re obs p\u00e5<\/li>\n<li data-start=\"82\" data-end=\"127\">Digitoll \u2013 siste nytt og veien videre<\/li>\n<li data-start=\"82\" data-end=\"127\">CMS Cloud \u2013 oppdateringer og forbedringer<\/li>\n<li data-start=\"82\" data-end=\"127\">Flyfrakt \u2013 nyheter og fokusomr\u00e5der<\/li>\n<li data-start=\"82\" data-end=\"127\">Analytics \u2013 innsikt, muligheter og neste steg<\/li>\n<li data-start=\"82\" data-end=\"127\">Roadmap \u2013 hva som kommer i Q1 (og videre)<\/li>\n<\/ul>\n\t\t\t\t\t\t<\/div>\n\t\t\t\t\t\t\t\t\t<\/div><!--\/.inner-content-->\n\t\t\t<\/div><!--\/.col-->\n\n\t\t\t<div class=\"col image-col\">\n\t\t\t\t\t\t\t\t\t<img decoding=\"async\" width=\"1000\" height=\"750\" src=\"https:\/\/maritech.com\/wp-content\/uploads\/2026\/01\/Maritech-community.png\" class=\"cover\" alt=\"\" srcset=\"https:\/\/maritech.com\/wp-content\/uploads\/2026\/01\/Maritech-community.png 1000w, https:\/\/maritech.com\/wp-content\/uploads\/2026\/01\/Maritech-community-300x225.png 300w, https:\/\/maritech.com\/wp-content\/uploads\/2026\/01\/Maritech-community-768x576.png 768w, https:\/\/maritech.com\/wp-content\/uploads\/2026\/01\/Maritech-community-260x195.png 260w\" sizes=\"(max-width: 1000px) 100vw, 1000px\" \/>\t\t\t\t\t\t\t<\/div><!--\/.col-->\n\n\t\t<\/div><!--\/.row-->\n\t<\/div><!--\/.container-fluid-xl-->\n<\/section>\n\n\n\n<p><\/p>\n\n\n\n<p><\/p>\n<\/div>\n\n\n\n<div class=\"wp-block-columns is-layout-flex wp-container-core-columns-is-layout-9d6595d7 wp-block-columns-is-layout-flex\"><\/div>\n\n\n\n<section class=\"video-content block alignfull content-right\">\n\t<div class=\"container-fluid-xl\">\n\t\t<div class=\"row\">\n\n\t\t\t<div class=\"col content-col\">\n\t\t\t\t<div class=\"inner-content\">\n\t\t\t\t\t\t\t\t\t\t\t<div class=\"editor-content\">\n\t\t\t\t\t\t\t<h3>Styremedlemmer og m\u00f8tereferat<\/h3>\n<p><em>Sist oppdatert September 2024:<\/em><\/p>\n<p>Styret best\u00e5r av f\u00f8lgende organisasjoner og styremedlemmer:<\/p>\n<ul>\n<li>Vikenco &#8211; J\u00f8rn Hus\u00f8y (styreleder)<\/li>\n<li>Grieg Seafood \u2013 Tom Thorgersen<\/li>\n<li>Cermaq &#8211; St\u00e5le Slemmen<\/li>\n<li>Br\u00f8drene Karlsen &#8211; Magnus Fagertun<\/li>\n<li>Williksen Export \u2013 Jeanette Lysberg<\/li>\n<li>SR Group &#8211; Renate Brynhildsen<\/li>\n<li>Nordvest Transport &#8211; Marianne Jakobsen<\/li>\n<li>Maritech &#8211; Per Alfred Holte<\/li>\n<\/ul>\n<p>Her finner du m\u00f8tereferat og \u00e5rsrapport fra styrem\u00f8tene som er blitt avholdt til n\u00e5:<\/p>\n<p><a href=\"https:\/\/maritech.com\/wp-content\/uploads\/2023\/01\/Motereferat-23.-24.11.22.pdf\" target=\"_blank\" rel=\"noopener\">M\u00f8tereferat styrem\u00f8te 23.-24. 11.23<\/a><br \/>\n<a href=\"https:\/\/maritech.com\/wp-content\/uploads\/2023\/01\/Motereferat-06.01.23.pdf\" target=\"_blank\" rel=\"noopener\">M\u00f8tereferat styrem\u00f8te 06.01.23<\/a><br \/>\n<a href=\"https:\/\/maritech.com\/wp-content\/uploads\/2023\/03\/Motereferat-29.03.23-Maritech-Community.pdf\">M\u00f8tereferat styrem\u00f8te 29.03.23<\/a><br \/>\n<a href=\"https:\/\/maritech.com\/wp-content\/uploads\/2023\/06\/Arsrapport-Maritech-Community-mai-2023.pdf\">\u00c5rsrapport 2023<\/a><br \/>\n<a href=\"https:\/\/maritech.com\/wp-content\/uploads\/2023\/06\/Referat-arsmote-Maritech-Community-30.05.23-2.pdf\">M\u00f8rereferat \u00c5rsm\u00f8te 30.05.23<\/a><br \/>\n<a href=\"https:\/\/maritech.com\/wp-content\/uploads\/2023\/09\/Motereferat-30.08.23-Maritech-Community-1.pdf\">M\u00f8tereferat styrem\u00f8te 30.08.23<\/a><br \/>\n<a href=\"https:\/\/maritech.com\/wp-content\/uploads\/2023\/12\/Motereferat-styremote-17.11.23.pdf\">M\u00f8tereferat styrem\u00f8te 17.11.23<\/a><br \/>\n<a href=\"https:\/\/maritech.com\/wp-content\/uploads\/2024\/02\/Motereferat-Styremote-Maritech-Community-14.02.24.pdf\">M\u00f8rereferat styrem\u00f8te 14.02.24<\/a><br \/>\n<a href=\"https:\/\/maritech.com\/wp-content\/uploads\/2024\/06\/Motereferat-29.05.24.pdf\">M\u00f8tereferat styrem\u00f8te 29.05.24<\/a><br \/>\n<a href=\"https:\/\/maritech.com\/wp-content\/uploads\/2024\/09\/Maritech-Community-Motereferat-29.08.24.pdf\">M\u00f8tereferat styrem\u00f8te 29.08.24<\/a><br \/>\n<a href=\"https:\/\/maritech.com\/wp-content\/uploads\/2024\/12\/Motereferat-27.11.24.pdf\">M\u00f8tereferat styrem\u00f8te 27.11.24<\/a><br \/>\n<a href=\"https:\/\/maritech.com\/wp-content\/uploads\/2025\/06\/Motereferat-Arsmote-22.05.25.pdf\">M\u00f8tereferat \u00e5rsm\u00f8te 22.05.25<\/a><br \/>\n<a href=\"https:\/\/maritech.com\/wp-content\/uploads\/2025\/10\/Motereferat-Styremote-23.10.25.pdf\">M\u00f8tereferat styrem\u00f8te 23.10.25<\/a><\/p>\n\t\t\t\t\t\t<\/div>\n\t\t\t\t\t\t\t\t\t<\/div><!--\/.inner-content-->\n\t\t\t<\/div><!--\/.col-->\n\n\t\t\t<div class=\"col image-col\">\n\t\t\t\t\t\t\t\t\t<img decoding=\"async\" width=\"1000\" height=\"750\" src=\"https:\/\/maritech.com\/wp-content\/uploads\/2024\/02\/c2da4d18-652a-4a2d-8546-ca812d1d6214-1000x750.jpeg\" class=\"cover\" alt=\"\" \/>\t\t\t\t\t\t\t<\/div><!--\/.col-->\n\n\t\t<\/div><!--\/.row-->\n\t<\/div><!--\/.container-fluid-xl-->\n<\/section>\n\n\n\n<section class=\"video-content block alignfull content-left\">\n\t<div class=\"container-fluid-xl\">\n\t\t<div class=\"row\">\n\n\t\t\t<div class=\"col content-col\">\n\t\t\t\t<div class=\"inner-content\">\n\t\t\t\t\t\t\t\t\t\t\t<div class=\"editor-content\">\n\t\t\t\t\t\t\t<h2>Vi samlet Maritech Cloud superbrukere i Molde 30. mai 2025!<\/h2>\n<p>I regi av Maritech Community \u00f8nsket vi \u00e5 invitere v\u00e5re superbrukere innenfor sj\u00f8mat &laquo;hjem&raquo; til Molde torsdag 30. mai. Form\u00e5let var \u00e5 skape et verdifullt m\u00f8tepunkt hvor superbrukere kunne dele erfaringer rundt systembruk, bygge relasjoner, og f\u00e5 praktisk og faglig p\u00e5fyll innenfor Maritech Cloud. V\u00e5re Product Managers, Joan Fiksdal og Marius Svenungsen, presenterte ny funksjonalitet som er tilgjengelig og roadmap fremover.<\/p>\n<p>Vi \u00f8nsker \u00e5 takke alle som tok turen til Molde denne dagen. Takk for engasjement, gode diskusjoner og konstruktiv fagdag sammen med dere!<\/p>\n<p><strong>Kundedager 2026 er under planlegging, f\u00f8lg med for mer informasjon!<\/strong><\/p>\n<p>&nbsp;<\/p>\n\t\t\t\t\t\t<\/div>\n\t\t\t\t\t\t\t\t\t<\/div><!--\/.inner-content-->\n\t\t\t<\/div><!--\/.col-->\n\n\t\t\t<div class=\"col image-col\">\n\t\t\t\t\t\t\t\t\t<img decoding=\"async\" width=\"960\" height=\"540\" src=\"https:\/\/maritech.com\/wp-content\/uploads\/2024\/04\/Matorka-6.jpg\" class=\"cover\" alt=\"\" srcset=\"https:\/\/maritech.com\/wp-content\/uploads\/2024\/04\/Matorka-6.jpg 960w, https:\/\/maritech.com\/wp-content\/uploads\/2024\/04\/Matorka-6-300x169.jpg 300w, https:\/\/maritech.com\/wp-content\/uploads\/2024\/04\/Matorka-6-768x432.jpg 768w, https:\/\/maritech.com\/wp-content\/uploads\/2024\/04\/Matorka-6-260x146.jpg 260w\" sizes=\"(max-width: 960px) 100vw, 960px\" \/>\t\t\t\t\t\t\t<\/div><!--\/.col-->\n\n\t\t<\/div><!--\/.row-->\n\t<\/div><!--\/.container-fluid-xl-->\n<\/section>\n\n\n\n<section class=\"posts-listing block alignfull\">\n\t<div class=\"container-fluid\">\n\t\t<div class=\"title-wrap\">\n\t\t\t<h2 class=\"heading h2\">Pssst..! Har du f\u00e5tt med deg dette?<\/h2>\t\t<\/div><!--\/.title-wrap-->\n\t\t\t\t\t<div class=\"row posts\" data-page=\"1\" data-type=\"post\" data-max=\"22\">\n\t\t\t\t\t\t\t\t\t<div class=\"col\">\n\t\t\t\t\t\t<div onclick=\"location.href='https:\/\/maritech.com\/no\/iso-27001-et-kvalitetsstempel-for-informasjonssikkerhet\/'\" class=\"post-card\">\n\t\t\t\t\t\t\t<div class=\"img-wrap\">\n\t\t\t\t\t\t\t\t\t\t\t\t\t\t\t\t\t<img decoding=\"async\" width=\"840\" height=\"600\" src=\"https:\/\/maritech.com\/wp-content\/uploads\/2025\/12\/DSC02246-840x600.jpg\" class=\"attachment-post-image-cover size-post-image-cover wp-post-image\" alt=\"ISO 27001: Et kvalitetsstempel for informasjonssikkerhet\" \/>\t\t\t\t\t\t\t\t\t\t\t\t\t\t\t<\/div>\n\t\t\t\t\t\t\t<div class=\"info-wrap\">\n\t\t\t\t\t\t\t\t<p class=\"info\">Nyheter | desember 8, 2025<\/p>\n\t\t\t\t\t\t\t\t\t\t\t\t\t\t\t\t<h4><a href=\"https:\/\/maritech.com\/no\/iso-27001-et-kvalitetsstempel-for-informasjonssikkerhet\/\">ISO 27001: Et kvalitetsstempel for  <span class=\"lastword\">informasjonssikkerhet <svg fill=\"none\" height=\"16\" viewBox=\"0 0 21 16\" width=\"21\" xmlns=\"http:\/\/www.w3.org\/2000\/svg\"><path d=\"m12.2646 1.0521 5.615 5.7114h-17.8796v1.503h17.8796l-5.615 5.7114 1.0343 1.0521 7.3883-7.515-7.3883-7.515z\" fill=\"#446bf9\"\/><\/svg><\/span><\/a><\/h4>\n\t\t\t\t\t\t\t\t\t\t\t\t\t\t\t<\/div>\n\t\t\t\t\t\t<\/div>\n\t\t\t\t\t<\/div><!--\/.col-->\n\t\t\t\t\t\t\t\t\t<div class=\"col\">\n\t\t\t\t\t\t<div onclick=\"location.href='https:\/\/maritech.com\/no\/kundecase-egron\/'\" class=\"post-card\">\n\t\t\t\t\t\t\t<div class=\"img-wrap\">\n\t\t\t\t\t\t\t\t\t\t\t\t\t\t\t\t\t<img decoding=\"async\" width=\"840\" height=\"600\" src=\"https:\/\/maritech.com\/wp-content\/uploads\/2024\/07\/Unknown-840x600.jpeg\" class=\"attachment-post-image-cover size-post-image-cover wp-post-image\" alt=\"Kundecase &#8211; Egron\" \/>\t\t\t\t\t\t\t\t\t\t\t\t\t\t\t<\/div>\n\t\t\t\t\t\t\t<div class=\"info-wrap\">\n\t\t\t\t\t\t\t\t<p class=\"info\">Nyheter | juli 10, 2024<\/p>\n\t\t\t\t\t\t\t\t\t\t\t\t\t\t\t\t<h4><a href=\"https:\/\/maritech.com\/no\/kundecase-egron\/\">Kundecase &#8211;  <span class=\"lastword\">Egron <svg fill=\"none\" height=\"16\" viewBox=\"0 0 21 16\" width=\"21\" xmlns=\"http:\/\/www.w3.org\/2000\/svg\"><path d=\"m12.2646 1.0521 5.615 5.7114h-17.8796v1.503h17.8796l-5.615 5.7114 1.0343 1.0521 7.3883-7.515-7.3883-7.515z\" fill=\"#446bf9\"\/><\/svg><\/span><\/a><\/h4>\n\t\t\t\t\t\t\t\t\t\t\t\t\t\t\t<\/div>\n\t\t\t\t\t\t<\/div>\n\t\t\t\t\t<\/div><!--\/.col-->\n\t\t\t\t\t\t\t\t\t<div class=\"col\">\n\t\t\t\t\t\t<div onclick=\"location.href='https:\/\/maritech.com\/no\/accelerator-velger-maritech\/'\" class=\"post-card\">\n\t\t\t\t\t\t\t<div class=\"img-wrap\">\n\t\t\t\t\t\t\t\t\t\t\t\t\t\t\t\t\t<img decoding=\"async\" width=\"840\" height=\"600\" src=\"https:\/\/maritech.com\/wp-content\/uploads\/2024\/01\/Design-uten-navn-3-840x600.jpg\" class=\"attachment-post-image-cover size-post-image-cover wp-post-image\" alt=\"Kundecase &#8211; Accelerator\" \/>\t\t\t\t\t\t\t\t\t\t\t\t\t\t\t<\/div>\n\t\t\t\t\t\t\t<div class=\"info-wrap\">\n\t\t\t\t\t\t\t\t<p class=\"info\">Nyheter | januar 22, 2024<\/p>\n\t\t\t\t\t\t\t\t\t\t\t\t\t\t\t\t<h4><a href=\"https:\/\/maritech.com\/no\/accelerator-velger-maritech\/\">Kundecase &#8211;  <span class=\"lastword\">Accelerator <svg fill=\"none\" height=\"16\" viewBox=\"0 0 21 16\" width=\"21\" xmlns=\"http:\/\/www.w3.org\/2000\/svg\"><path d=\"m12.2646 1.0521 5.615 5.7114h-17.8796v1.503h17.8796l-5.615 5.7114 1.0343 1.0521 7.3883-7.515-7.3883-7.515z\" fill=\"#446bf9\"\/><\/svg><\/span><\/a><\/h4>\n\t\t\t\t\t\t\t\t\t\t\t\t\t\t\t<\/div>\n\t\t\t\t\t\t<\/div>\n\t\t\t\t\t<\/div><!--\/.col-->\n\t\t\t\t\t\t\t\t\t\t\t<\/div><!--\/.row-->\n\t\t\t<\/div><!--\/.container-fluid-->\n<\/section>\n\n\n<section class=\"alignfull block newsletter-form dark-blue\">\n    <div class=\"content-max-wrapper\">\n                    <div class=\"content-max-wrapper__text\">\n                <h3 class=\"h3\">Meld deg p\u00e5 nyhetsbrevet v\u00e5rt!<\/h3>\n            <\/div>\n                <!--[if lte IE 8]>\r\n<script charset=\"utf-8\" type=\"text\/javascript\" src=\"\/\/js-eu1.hsforms.net\/forms\/v2-legacy.js\"><\/script>\r\n<![endif]-->\r\n<script charset=\"utf-8\" type=\"text\/javascript\" src=\"\/\/js-eu1.hsforms.net\/forms\/v2.js\"><\/script>\r\n<script>\r\n  hbspt.forms.create({\r\n    region: \"eu1\",\r\n    portalId: \"25031368\",\r\n    formId: \"810e627a-049b-49de-b096-e08125e0e7e6\"\r\n});\r\n<\/script>    <div>\n<\/section>\n","protected":false},"excerpt":{"rendered":"","protected":false},"author":11,"featured_media":14547,"parent":0,"menu_order":0,"comment_status":"closed","ping_status":"closed","template":"","meta":{"_acf_changed":false,"content-type":"","lazy_load_responsive_images_disabled":false,"footnotes":""},"class_list":["post-14552","page","type-page","status-publish","has-post-thumbnail","hentry"],"acf":[],"yoast_head":"<!-- This site is optimized with the Yoast SEO Premium plugin v21.8 (Yoast SEO v26.8) - https:\/\/yoast.com\/product\/yoast-seo-premium-wordpress\/ -->\n<title>Bruker du systemene v\u00e5re? Bli med i Maritech Community!<\/title>\n<meta name=\"description\" content=\"Her kan du utveksle erfaringer med oss og andre Maritech-brukere, komme med innspill, og v\u00e6re med p\u00e5 \u00e5 p\u00e5virke hvordan vi utvikler systemene videre.\" \/>\n<meta name=\"robots\" content=\"index, follow, max-snippet:-1, max-image-preview:large, max-video-preview:-1\" \/>\n<link rel=\"canonical\" href=\"https:\/\/maritech.com\/no\/maritech-community\/\" \/>\n<meta property=\"og:locale\" content=\"nb_NO\" \/>\n<meta property=\"og:type\" content=\"article\" \/>\n<meta property=\"og:title\" content=\"Maritech Community\" \/>\n<meta property=\"og:description\" content=\"Her kan du utveksle erfaringer med oss og andre Maritech-brukere, komme med innspill, og v\u00e6re med p\u00e5 \u00e5 p\u00e5virke hvordan vi utvikler systemene videre.\" \/>\n<meta property=\"og:url\" content=\"https:\/\/maritech.com\/no\/maritech-community\/\" \/>\n<meta property=\"og:site_name\" content=\"Maritech\" \/>\n<meta property=\"article:modified_time\" content=\"2026-01-27T09:16:58+00:00\" \/>\n<meta property=\"og:image\" content=\"https:\/\/maritech.com\/wp-content\/uploads\/2023\/01\/Brukerforum-kopi-scaled.jpg\" \/>\n\t<meta property=\"og:image:width\" content=\"2560\" \/>\n\t<meta property=\"og:image:height\" content=\"1537\" \/>\n\t<meta property=\"og:image:type\" content=\"image\/jpeg\" \/>\n<meta name=\"twitter:card\" content=\"summary_large_image\" \/>\n<meta name=\"twitter:label1\" content=\"Ansl. lesetid\" \/>\n\t<meta name=\"twitter:data1\" content=\"1 minutt\" \/>\n<script type=\"application\/ld+json\" class=\"yoast-schema-graph\">{\"@context\":\"https:\/\/schema.org\",\"@graph\":[{\"@type\":\"WebPage\",\"@id\":\"https:\/\/maritech.com\/no\/maritech-community\/\",\"url\":\"https:\/\/maritech.com\/no\/maritech-community\/\",\"name\":\"Bruker du systemene v\u00e5re? Bli med i Maritech Community!\",\"isPartOf\":{\"@id\":\"https:\/\/maritech.com\/no\/#website\"},\"primaryImageOfPage\":{\"@id\":\"https:\/\/maritech.com\/no\/maritech-community\/#primaryimage\"},\"image\":{\"@id\":\"https:\/\/maritech.com\/no\/maritech-community\/#primaryimage\"},\"thumbnailUrl\":\"https:\/\/maritech.com\/wp-content\/uploads\/2023\/01\/Brukerforum-kopi-scaled.jpg\",\"datePublished\":\"2023-01-24T11:34:44+00:00\",\"dateModified\":\"2026-01-27T09:16:58+00:00\",\"description\":\"Her kan du utveksle erfaringer med oss og andre Maritech-brukere, komme med innspill, og v\u00e6re med p\u00e5 \u00e5 p\u00e5virke hvordan vi utvikler systemene videre.\",\"breadcrumb\":{\"@id\":\"https:\/\/maritech.com\/no\/maritech-community\/#breadcrumb\"},\"inLanguage\":\"nb-NO\",\"potentialAction\":[{\"@type\":\"ReadAction\",\"target\":[\"https:\/\/maritech.com\/no\/maritech-community\/\"]}]},{\"@type\":\"ImageObject\",\"inLanguage\":\"nb-NO\",\"@id\":\"https:\/\/maritech.com\/no\/maritech-community\/#primaryimage\",\"url\":\"https:\/\/maritech.com\/wp-content\/uploads\/2023\/01\/Brukerforum-kopi-scaled.jpg\",\"contentUrl\":\"https:\/\/maritech.com\/wp-content\/uploads\/2023\/01\/Brukerforum-kopi-scaled.jpg\",\"width\":2560,\"height\":1537,\"caption\":\"Styret i Maritech Community\"},{\"@type\":\"BreadcrumbList\",\"@id\":\"https:\/\/maritech.com\/no\/maritech-community\/#breadcrumb\",\"itemListElement\":[{\"@type\":\"ListItem\",\"position\":1,\"name\":\"Home\",\"item\":\"https:\/\/maritech.com\/no\/\"},{\"@type\":\"ListItem\",\"position\":2,\"name\":\"Maritech Community\"}]},{\"@type\":\"WebSite\",\"@id\":\"https:\/\/maritech.com\/no\/#website\",\"url\":\"https:\/\/maritech.com\/no\/\",\"name\":\"Maritech\",\"description\":\"\",\"publisher\":{\"@id\":\"https:\/\/maritech.com\/no\/#organization\"},\"potentialAction\":[{\"@type\":\"SearchAction\",\"target\":{\"@type\":\"EntryPoint\",\"urlTemplate\":\"https:\/\/maritech.com\/no\/?s={search_term_string}\"},\"query-input\":{\"@type\":\"PropertyValueSpecification\",\"valueRequired\":true,\"valueName\":\"search_term_string\"}}],\"inLanguage\":\"nb-NO\"},{\"@type\":\"Organization\",\"@id\":\"https:\/\/maritech.com\/no\/#organization\",\"name\":\"Maritech\",\"url\":\"https:\/\/maritech.com\/no\/\",\"logo\":{\"@type\":\"ImageObject\",\"inLanguage\":\"nb-NO\",\"@id\":\"https:\/\/maritech.com\/no\/#\/schema\/logo\/image\/\",\"url\":\"https:\/\/maritech.com\/wp-content\/uploads\/2024\/07\/Maritech-Logo-Co-Brand-WHITE.png\",\"contentUrl\":\"https:\/\/maritech.com\/wp-content\/uploads\/2024\/07\/Maritech-Logo-Co-Brand-WHITE.png\",\"width\":3336,\"height\":890,\"caption\":\"Maritech\"},\"image\":{\"@id\":\"https:\/\/maritech.com\/no\/#\/schema\/logo\/image\/\"}}]}<\/script>\n<!-- \/ Yoast SEO Premium plugin. -->","yoast_head_json":{"title":"Bruker du systemene v\u00e5re? Bli med i Maritech Community!","description":"Her kan du utveksle erfaringer med oss og andre Maritech-brukere, komme med innspill, og v\u00e6re med p\u00e5 \u00e5 p\u00e5virke hvordan vi utvikler systemene videre.","robots":{"index":"index","follow":"follow","max-snippet":"max-snippet:-1","max-image-preview":"max-image-preview:large","max-video-preview":"max-video-preview:-1"},"canonical":"https:\/\/maritech.com\/no\/maritech-community\/","og_locale":"nb_NO","og_type":"article","og_title":"Maritech Community","og_description":"Her kan du utveksle erfaringer med oss og andre Maritech-brukere, komme med innspill, og v\u00e6re med p\u00e5 \u00e5 p\u00e5virke hvordan vi utvikler systemene videre.","og_url":"https:\/\/maritech.com\/no\/maritech-community\/","og_site_name":"Maritech","article_modified_time":"2026-01-27T09:16:58+00:00","og_image":[{"width":2560,"height":1537,"url":"https:\/\/maritech.com\/wp-content\/uploads\/2023\/01\/Brukerforum-kopi-scaled.jpg","type":"image\/jpeg"}],"twitter_card":"summary_large_image","twitter_misc":{"Ansl. lesetid":"1 minutt"},"schema":{"@context":"https:\/\/schema.org","@graph":[{"@type":"WebPage","@id":"https:\/\/maritech.com\/no\/maritech-community\/","url":"https:\/\/maritech.com\/no\/maritech-community\/","name":"Bruker du systemene v\u00e5re? Bli med i Maritech Community!","isPartOf":{"@id":"https:\/\/maritech.com\/no\/#website"},"primaryImageOfPage":{"@id":"https:\/\/maritech.com\/no\/maritech-community\/#primaryimage"},"image":{"@id":"https:\/\/maritech.com\/no\/maritech-community\/#primaryimage"},"thumbnailUrl":"https:\/\/maritech.com\/wp-content\/uploads\/2023\/01\/Brukerforum-kopi-scaled.jpg","datePublished":"2023-01-24T11:34:44+00:00","dateModified":"2026-01-27T09:16:58+00:00","description":"Her kan du utveksle erfaringer med oss og andre Maritech-brukere, komme med innspill, og v\u00e6re med p\u00e5 \u00e5 p\u00e5virke hvordan vi utvikler systemene videre.","breadcrumb":{"@id":"https:\/\/maritech.com\/no\/maritech-community\/#breadcrumb"},"inLanguage":"nb-NO","potentialAction":[{"@type":"ReadAction","target":["https:\/\/maritech.com\/no\/maritech-community\/"]}]},{"@type":"ImageObject","inLanguage":"nb-NO","@id":"https:\/\/maritech.com\/no\/maritech-community\/#primaryimage","url":"https:\/\/maritech.com\/wp-content\/uploads\/2023\/01\/Brukerforum-kopi-scaled.jpg","contentUrl":"https:\/\/maritech.com\/wp-content\/uploads\/2023\/01\/Brukerforum-kopi-scaled.jpg","width":2560,"height":1537,"caption":"Styret i Maritech Community"},{"@type":"BreadcrumbList","@id":"https:\/\/maritech.com\/no\/maritech-community\/#breadcrumb","itemListElement":[{"@type":"ListItem","position":1,"name":"Home","item":"https:\/\/maritech.com\/no\/"},{"@type":"ListItem","position":2,"name":"Maritech Community"}]},{"@type":"WebSite","@id":"https:\/\/maritech.com\/no\/#website","url":"https:\/\/maritech.com\/no\/","name":"Maritech","description":"","publisher":{"@id":"https:\/\/maritech.com\/no\/#organization"},"potentialAction":[{"@type":"SearchAction","target":{"@type":"EntryPoint","urlTemplate":"https:\/\/maritech.com\/no\/?s={search_term_string}"},"query-input":{"@type":"PropertyValueSpecification","valueRequired":true,"valueName":"search_term_string"}}],"inLanguage":"nb-NO"},{"@type":"Organization","@id":"https:\/\/maritech.com\/no\/#organization","name":"Maritech","url":"https:\/\/maritech.com\/no\/","logo":{"@type":"ImageObject","inLanguage":"nb-NO","@id":"https:\/\/maritech.com\/no\/#\/schema\/logo\/image\/","url":"https:\/\/maritech.com\/wp-content\/uploads\/2024\/07\/Maritech-Logo-Co-Brand-WHITE.png","contentUrl":"https:\/\/maritech.com\/wp-content\/uploads\/2024\/07\/Maritech-Logo-Co-Brand-WHITE.png","width":3336,"height":890,"caption":"Maritech"},"image":{"@id":"https:\/\/maritech.com\/no\/#\/schema\/logo\/image\/"}}]}},"jetpack_sharing_enabled":true,"_links":{"self":[{"href":"https:\/\/maritech.com\/no\/wp-json\/wp\/v2\/pages\/14552","targetHints":{"allow":["GET"]}}],"collection":[{"href":"https:\/\/maritech.com\/no\/wp-json\/wp\/v2\/pages"}],"about":[{"href":"https:\/\/maritech.com\/no\/wp-json\/wp\/v2\/types\/page"}],"author":[{"embeddable":true,"href":"https:\/\/maritech.com\/no\/wp-json\/wp\/v2\/users\/11"}],"replies":[{"embeddable":true,"href":"https:\/\/maritech.com\/no\/wp-json\/wp\/v2\/comments?post=14552"}],"version-history":[{"count":272,"href":"https:\/\/maritech.com\/no\/wp-json\/wp\/v2\/pages\/14552\/revisions"}],"predecessor-version":[{"id":21325,"href":"https:\/\/maritech.com\/no\/wp-json\/wp\/v2\/pages\/14552\/revisions\/21325"}],"wp:featuredmedia":[{"embeddable":true,"href":"https:\/\/maritech.com\/no\/wp-json\/wp\/v2\/media\/14547"}],"wp:attachment":[{"href":"https:\/\/maritech.com\/no\/wp-json\/wp\/v2\/media?parent=14552"}],"curies":[{"name":"wp","href":"https:\/\/api.w.org\/{rel}","templated":true}]}}