{"id":14846,"date":"2023-03-28T13:05:43","date_gmt":"2023-03-28T12:05:43","guid":{"rendered":"https:\/\/maritech.com\/?page_id=14846"},"modified":"2023-07-07T10:09:13","modified_gmt":"2023-07-07T09:09:13","slug":"kundedager-norge","status":"publish","type":"page","link":"https:\/\/maritech.com\/no\/kundedager-norge\/","title":{"rendered":"Velkommen til Kundedager"},"content":{"rendered":"\n<section class=\"hero block alignfull bg-image grad-light\" style=\"background-image: url('https:\/\/maritech.com\/wp-content\/uploads\/2023\/03\/Aalesund_LQ-1920x943.jpg'); \" >\n    <div class=\"container-fluid\">\n        <div class=\"hero-content\">\n                        <div class=\"editor-content\">\n                <h1 class=\"title\"><span style=\"color: #ffffff;\">Maritech kundedager<\/span><\/h1>\n            <\/div>\n                    <\/div><!--\/.hero-content-->\n    <\/div><!--\/.container-fluid-->\n<\/section>\n\n\n<section class=\"page-content block alignfull\">\n    <div class=\"container-fluid\">\n        <div class=\"content-wrapper\">\n            <div class=\"editor-content\">\n                <h2>Takk for n\u00e5!<\/h2>\n<p class=\"preamble\">Tusen takk til alle som deltok!<\/p>\n<p>Vi er allerede i gang med planleggingen av neste \u00e5rs arrangement. H\u00e5per vi ser deg der!<\/p>\n<p><a href=\"https:\/\/maritech.com\/no\/norwegian-customer-days-2023-by-maritech\/\" target=\"_blank\" rel=\"noopener\">Her er noen glimt<\/a> + en video fra fine dager i supert selskap, lenger ned p\u00e5 siden finner dere presentasjonene til de ulike innlederne.<\/p>\n            <\/div><!--\/.editor-content-->\n        <\/div><!--\/.content-wrapper-->\n    <\/div><!--\/.container-fluid-->\n<\/section>\n\n\n<figure class=\"wp-block-gallery has-nested-images columns-3 is-cropped wp-block-gallery-1 is-layout-flex wp-block-gallery-is-layout-flex\">\n<figure class=\"wp-block-image size-large\"><img decoding=\"async\" width=\"1024\" height=\"683\" data-id=\"15762\" src=\"https:\/\/maritech.com\/wp-content\/uploads\/2023\/06\/DSC04612-1024x683.jpg\" alt=\"Christian &amp; Frida Customer days 2023\" class=\"wp-image-15762\" srcset=\"https:\/\/maritech.com\/wp-content\/uploads\/2023\/06\/DSC04612-1024x683.jpg 1024w, https:\/\/maritech.com\/wp-content\/uploads\/2023\/06\/DSC04612-300x200.jpg 300w, https:\/\/maritech.com\/wp-content\/uploads\/2023\/06\/DSC04612-768x512.jpg 768w, https:\/\/maritech.com\/wp-content\/uploads\/2023\/06\/DSC04612-1536x1024.jpg 1536w, https:\/\/maritech.com\/wp-content\/uploads\/2023\/06\/DSC04612-2048x1365.jpg 2048w, https:\/\/maritech.com\/wp-content\/uploads\/2023\/06\/DSC04612-1920x1280.jpg 1920w, https:\/\/maritech.com\/wp-content\/uploads\/2023\/06\/DSC04612-1500x1000.jpg 1500w, https:\/\/maritech.com\/wp-content\/uploads\/2023\/06\/DSC04612-260x173.jpg 260w\" sizes=\"(max-width: 1024px) 100vw, 1024px\" \/><\/figure>\n\n\n\n<figure class=\"wp-block-image size-large\"><img decoding=\"async\" width=\"1024\" height=\"683\" data-id=\"15768\" src=\"https:\/\/maritech.com\/wp-content\/uploads\/2023\/06\/DSC04632-1024x683.jpg\" alt=\"\" class=\"wp-image-15768\" srcset=\"https:\/\/maritech.com\/wp-content\/uploads\/2023\/06\/DSC04632-1024x683.jpg 1024w, https:\/\/maritech.com\/wp-content\/uploads\/2023\/06\/DSC04632-300x200.jpg 300w, https:\/\/maritech.com\/wp-content\/uploads\/2023\/06\/DSC04632-768x512.jpg 768w, https:\/\/maritech.com\/wp-content\/uploads\/2023\/06\/DSC04632-1536x1024.jpg 1536w, https:\/\/maritech.com\/wp-content\/uploads\/2023\/06\/DSC04632-2048x1365.jpg 2048w, https:\/\/maritech.com\/wp-content\/uploads\/2023\/06\/DSC04632-1920x1280.jpg 1920w, https:\/\/maritech.com\/wp-content\/uploads\/2023\/06\/DSC04632-1500x1000.jpg 1500w, https:\/\/maritech.com\/wp-content\/uploads\/2023\/06\/DSC04632-260x173.jpg 260w\" sizes=\"(max-width: 1024px) 100vw, 1024px\" \/><\/figure>\n\n\n\n<figure class=\"wp-block-image size-large\"><img decoding=\"async\" width=\"1024\" height=\"495\" data-id=\"15771\" src=\"https:\/\/maritech.com\/wp-content\/uploads\/2023\/06\/DSC04839-NR-1-1024x495.jpg\" alt=\"Adrian Trandal\" class=\"wp-image-15771\" srcset=\"https:\/\/maritech.com\/wp-content\/uploads\/2023\/06\/DSC04839-NR-1-1024x495.jpg 1024w, https:\/\/maritech.com\/wp-content\/uploads\/2023\/06\/DSC04839-NR-1-300x145.jpg 300w, https:\/\/maritech.com\/wp-content\/uploads\/2023\/06\/DSC04839-NR-1-768x372.jpg 768w, https:\/\/maritech.com\/wp-content\/uploads\/2023\/06\/DSC04839-NR-1-1536x743.jpg 1536w, https:\/\/maritech.com\/wp-content\/uploads\/2023\/06\/DSC04839-NR-1-2048x991.jpg 2048w, https:\/\/maritech.com\/wp-content\/uploads\/2023\/06\/DSC04839-NR-1-1920x929.jpg 1920w, https:\/\/maritech.com\/wp-content\/uploads\/2023\/06\/DSC04839-NR-1-260x126.jpg 260w\" sizes=\"(max-width: 1024px) 100vw, 1024px\" \/><\/figure>\n\n\n\n<figure class=\"wp-block-image size-large\"><img decoding=\"async\" width=\"1024\" height=\"576\" data-id=\"15793\" src=\"https:\/\/maritech.com\/wp-content\/uploads\/2023\/06\/Foredrag-Kingfish-Petra-Ruiter-1024x576.jpg\" alt=\"\" class=\"wp-image-15793\" srcset=\"https:\/\/maritech.com\/wp-content\/uploads\/2023\/06\/Foredrag-Kingfish-Petra-Ruiter-1024x576.jpg 1024w, https:\/\/maritech.com\/wp-content\/uploads\/2023\/06\/Foredrag-Kingfish-Petra-Ruiter-300x169.jpg 300w, https:\/\/maritech.com\/wp-content\/uploads\/2023\/06\/Foredrag-Kingfish-Petra-Ruiter-768x432.jpg 768w, https:\/\/maritech.com\/wp-content\/uploads\/2023\/06\/Foredrag-Kingfish-Petra-Ruiter-1536x864.jpg 1536w, https:\/\/maritech.com\/wp-content\/uploads\/2023\/06\/Foredrag-Kingfish-Petra-Ruiter-2048x1152.jpg 2048w, https:\/\/maritech.com\/wp-content\/uploads\/2023\/06\/Foredrag-Kingfish-Petra-Ruiter-1920x1080.jpg 1920w, https:\/\/maritech.com\/wp-content\/uploads\/2023\/06\/Foredrag-Kingfish-Petra-Ruiter-1778x1000.jpg 1778w, https:\/\/maritech.com\/wp-content\/uploads\/2023\/06\/Foredrag-Kingfish-Petra-Ruiter-260x146.jpg 260w\" sizes=\"(max-width: 1024px) 100vw, 1024px\" \/><\/figure>\n\n\n\n<figure class=\"wp-block-image size-large\"><img decoding=\"async\" width=\"1024\" height=\"683\" data-id=\"15943\" src=\"https:\/\/maritech.com\/wp-content\/uploads\/2023\/06\/DSC09401-1024x683.jpg\" alt=\"\" class=\"wp-image-15943\" srcset=\"https:\/\/maritech.com\/wp-content\/uploads\/2023\/06\/DSC09401-1024x683.jpg 1024w, https:\/\/maritech.com\/wp-content\/uploads\/2023\/06\/DSC09401-300x200.jpg 300w, https:\/\/maritech.com\/wp-content\/uploads\/2023\/06\/DSC09401-768x512.jpg 768w, https:\/\/maritech.com\/wp-content\/uploads\/2023\/06\/DSC09401-1536x1024.jpg 1536w, https:\/\/maritech.com\/wp-content\/uploads\/2023\/06\/DSC09401-2048x1365.jpg 2048w, https:\/\/maritech.com\/wp-content\/uploads\/2023\/06\/DSC09401-1920x1280.jpg 1920w, https:\/\/maritech.com\/wp-content\/uploads\/2023\/06\/DSC09401-1500x1000.jpg 1500w, https:\/\/maritech.com\/wp-content\/uploads\/2023\/06\/DSC09401-260x173.jpg 260w\" sizes=\"(max-width: 1024px) 100vw, 1024px\" \/><\/figure>\n\n\n\n<figure class=\"wp-block-image size-large\"><img decoding=\"async\" width=\"1024\" height=\"683\" data-id=\"15756\" src=\"https:\/\/maritech.com\/wp-content\/uploads\/2023\/06\/DSC04579-1024x683.jpg\" alt=\"Bjr\u00f8nar Customer days\" class=\"wp-image-15756\" srcset=\"https:\/\/maritech.com\/wp-content\/uploads\/2023\/06\/DSC04579-1024x683.jpg 1024w, https:\/\/maritech.com\/wp-content\/uploads\/2023\/06\/DSC04579-300x200.jpg 300w, https:\/\/maritech.com\/wp-content\/uploads\/2023\/06\/DSC04579-768x512.jpg 768w, https:\/\/maritech.com\/wp-content\/uploads\/2023\/06\/DSC04579-1536x1024.jpg 1536w, https:\/\/maritech.com\/wp-content\/uploads\/2023\/06\/DSC04579-2048x1365.jpg 2048w, https:\/\/maritech.com\/wp-content\/uploads\/2023\/06\/DSC04579-1920x1280.jpg 1920w, https:\/\/maritech.com\/wp-content\/uploads\/2023\/06\/DSC04579-1500x1000.jpg 1500w, https:\/\/maritech.com\/wp-content\/uploads\/2023\/06\/DSC04579-260x173.jpg 260w\" sizes=\"(max-width: 1024px) 100vw, 1024px\" \/><\/figure>\n<\/figure>\n\n\n<section class=\"page-content block alignfull\">\n    <div class=\"container-fluid\">\n        <div class=\"content-wrapper\">\n            <div class=\"editor-content\">\n                <p><strong>Eksterne presentasjoner fra kundedagene:<\/strong><\/p>\n<p><strong><br \/>\n<\/strong><a href=\"https:\/\/maritech.com\/wp-content\/uploads\/2023\/06\/Kundedager2023-BrKarlsen.pdf\" target=\"_blank\" rel=\"noopener\">Magnus Fagertun, Br\u00f8drene Karlsen &#8211; Digitalisering<\/a><br \/>\n<a href=\"https:\/\/maritech.com\/wp-content\/uploads\/2023\/06\/Kundedager2023-Kingfish.pdf\">Petra Ruiter, The Kingfish Company &#8211; Choosing the right ERP<\/a><br \/>\n<a href=\"https:\/\/maritech.com\/wp-content\/uploads\/2023\/06\/2023.01.06-Maritech-Oyvind-Hafsoe.pdf\">\u00d8yvind Hafs\u00f8e, Tolletaten &#8211; Digitoll<\/a><br \/>\n<a href=\"https:\/\/maritech.com\/wp-content\/uploads\/2023\/06\/Tom-Thorgersen-Grieg-Bygget-et-selskap-fra-start-til-mal.pdf\">Tom-Eirik Thorgersen, Grieg Seafood &#8211; Hvordan starte et selskap fra start til m\u00e5l og samtidig v\u00e6re st\u00f8rste kunde i Maritech Cloud<\/a><br \/>\n<a href=\"https:\/\/maritech.com\/wp-content\/uploads\/2023\/06\/firmadok_maritech_kundedager96-Skrivebeskyttet.pdf\">Stian Skjelbred, Firmadok &#8211; Nytt partnerskap<\/a><\/p>\n<p>&nbsp;<\/p>\n<p><strong>Interne presentasjoner fra kundedagene:<\/strong><\/p>\n<p><a href=\"https:\/\/maritech.com\/wp-content\/uploads\/2023\/06\/Data-Science-Sjomat.pdf\">Data Science &#8211; Sj\u00f8mat<\/a><br \/>\n<a href=\"https:\/\/maritech.com\/wp-content\/uploads\/2023\/06\/Data-Science-Logistikk.pdf\">Data Science &#8211; Logistikk<\/a><br \/>\n<a href=\"https:\/\/maritech.com\/wp-content\/uploads\/2023\/06\/E-laering-Kundedagene-2023-2.pptx\">P\u00e5l Elnan &#8211; Lansering av E-l\u00e6ring<\/a><br \/>\n<a href=\"https:\/\/maritech.com\/wp-content\/uploads\/2023\/06\/Elisabeth-Meek-Support.pptx\">Elisabeth Tumyr Meek &#8211; Maritech Support<\/a><br \/>\n<a href=\"https:\/\/maritech.com\/wp-content\/uploads\/2023\/06\/Prosjektmetodikk-Kundedager-31.05.23.pdf\">S\u00f8lvi Sl\u00e5tten &#8211; Prosjektmetodikk<\/a><br \/>\n<a href=\"https:\/\/maritech.com\/wp-content\/uploads\/2023\/06\/Oppdatering-fra-produktavdelingen-2.pdf\">Joan Lu Fiksdal og Bj\u00f8rnar Kvalsnes &#8211; Oppdatering fra produktteamet\u00a0<\/a><br \/>\n<a href=\"https:\/\/maritech.com\/wp-content\/uploads\/2023\/06\/CMS_kundedag_2023_Digitoll.pdf\">Klas Larsson &#8211; Utfortolling (logistikk)<\/a><br \/>\n<a href=\"https:\/\/maritech.com\/wp-content\/uploads\/2023\/06\/CMS-Kundedag_2023_fortolling.pdf\">Klar Larsson &#8211; CMS og Helsesertifikat\u00a0<\/a><\/p>\n<p>Sp\u00f8rsm\u00e5l? <a href=\"mailto:fsvendsen@maritech.com\">Kj\u00f8r p\u00e5<\/a> \ud83d\udce9<\/p>\n<p>&nbsp;<\/p>\n            <\/div><!--\/.editor-content-->\n        <\/div><!--\/.content-wrapper-->\n    <\/div><!--\/.container-fluid-->\n<\/section>\n\n<section class=\"alignfull block newsletter-form dark-blue\">\n    <div class=\"content-max-wrapper\">\n                    <div class=\"content-max-wrapper__text\">\n                <h3 class=\"h3\">Har du lyst til \u00e5 motta nyheter og invitasjoner?<\/h3>\n            <\/div>\n                <!--[if lte IE 8]>\r\n<script charset=\"utf-8\" type=\"text\/javascript\" src=\"\/\/js-eu1.hsforms.net\/forms\/v2-legacy.js\"><\/script>\r\n<![endif]-->\r\n<script charset=\"utf-8\" type=\"text\/javascript\" src=\"\/\/js-eu1.hsforms.net\/forms\/v2.js\"><\/script>\r\n<script>\r\n  hbspt.forms.create({\r\n    region: \"eu1\",\r\n    portalId: \"25031368\",\r\n    formId: \"810e627a-049b-49de-b096-e08125e0e7e6\"\r\n});\r\n<\/script>    <div>\n<\/section>\n\n\n\n<section class=\"related-posts block alignfull\">\n    <div class=\"container-fluid\">\n        <div class=\"title-wrap\">\n            <h2 class=\"heading h2\">Pssst! Har du f\u00e5tt med deg dette? <\/h2>        <\/div><!--\/.title-wrap-->\n                <div class=\"row\">\n                        <div class=\"col\">\n                <div onclick=\"location.href='https:\/\/maritech.com\/no\/?p=15577'\" class=\"post-card\">\n                    <div class=\"img-wrap\">\n\t\t\t\t\t\t<img decoding=\"async\" width=\"1009\" height=\"913\" src=\"https:\/\/maritech.com\/wp-content\/uploads\/2023\/06\/Screenshot-2023-06-30-at-07.41.56.png\" class=\"attachment-large size-large wp-post-image\" alt=\"Maritech\u00a0og\u00a0Firmadok\u00a0med nytt partnerskap\u00a0\" srcset=\"https:\/\/maritech.com\/wp-content\/uploads\/2023\/06\/Screenshot-2023-06-30-at-07.41.56.png 1009w, https:\/\/maritech.com\/wp-content\/uploads\/2023\/06\/Screenshot-2023-06-30-at-07.41.56-300x271.png 300w, https:\/\/maritech.com\/wp-content\/uploads\/2023\/06\/Screenshot-2023-06-30-at-07.41.56-768x695.png 768w, https:\/\/maritech.com\/wp-content\/uploads\/2023\/06\/Screenshot-2023-06-30-at-07.41.56-221x200.png 221w\" sizes=\"(max-width: 1009px) 100vw, 1009px\" \/>                    <\/div>\n                    <div class=\"info-wrap\">\n                                                <h4><a href=\"https:\/\/maritech.com\/no\/?p=15577\">Maritech\u00a0og\u00a0Firmadok\u00a0med nytt  <span class=\"lastword\"> partnerskap\u00a0 <svg fill=\"none\" height=\"16\" viewBox=\"0 0 21 16\" width=\"21\" xmlns=\"http:\/\/www.w3.org\/2000\/svg\"><path d=\"m12.2646 1.0521 5.615 5.7114h-17.8796v1.503h17.8796l-5.615 5.7114 1.0343 1.0521 7.3883-7.515-7.3883-7.515z\" fill=\"#446bf9\"\/><\/svg><\/span><\/a><\/h4>\n                    <\/div>\n                <\/div>\n            <\/div><!--\/.col-->\n                        <div class=\"col\">\n                <div onclick=\"location.href='https:\/\/maritech.com\/no\/nasdaq-benchmarking-report\/'\" class=\"post-card\">\n                    <div class=\"img-wrap\">\n\t\t\t\t\t\t<img decoding=\"async\" width=\"920\" height=\"511\" src=\"https:\/\/maritech.com\/wp-content\/uploads\/2023\/05\/Screenshot-2023-05-08-at-07.48.46.jpg\" class=\"attachment-large size-large wp-post-image\" alt=\"Nasdaq Benchmarking Report\" srcset=\"https:\/\/maritech.com\/wp-content\/uploads\/2023\/05\/Screenshot-2023-05-08-at-07.48.46.jpg 920w, https:\/\/maritech.com\/wp-content\/uploads\/2023\/05\/Screenshot-2023-05-08-at-07.48.46-300x167.jpg 300w, https:\/\/maritech.com\/wp-content\/uploads\/2023\/05\/Screenshot-2023-05-08-at-07.48.46-768x427.jpg 768w, https:\/\/maritech.com\/wp-content\/uploads\/2023\/05\/Screenshot-2023-05-08-at-07.48.46-260x144.jpg 260w\" sizes=\"(max-width: 920px) 100vw, 920px\" \/>                    <\/div>\n                    <div class=\"info-wrap\">\n                                                <h4><a href=\"https:\/\/maritech.com\/no\/nasdaq-benchmarking-report\/\">Nasdaq Benchmarking  <span class=\"lastword\"> Report <svg fill=\"none\" height=\"16\" viewBox=\"0 0 21 16\" width=\"21\" xmlns=\"http:\/\/www.w3.org\/2000\/svg\"><path d=\"m12.2646 1.0521 5.615 5.7114h-17.8796v1.503h17.8796l-5.615 5.7114 1.0343 1.0521 7.3883-7.515-7.3883-7.515z\" fill=\"#446bf9\"\/><\/svg><\/span><\/a><\/h4>\n                    <\/div>\n                <\/div>\n            <\/div><!--\/.col-->\n                        <div class=\"col\">\n                <div onclick=\"location.href='https:\/\/maritech.com\/no\/maritech-community\/'\" class=\"post-card\">\n                    <div class=\"img-wrap\">\n\t\t\t\t\t\t<img decoding=\"async\" width=\"1024\" height=\"615\" src=\"https:\/\/maritech.com\/wp-content\/uploads\/2023\/01\/Brukerforum-kopi-1024x615.jpg\" class=\"attachment-large size-large wp-post-image\" alt=\"Maritech Community\" srcset=\"https:\/\/maritech.com\/wp-content\/uploads\/2023\/01\/Brukerforum-kopi-1024x615.jpg 1024w, https:\/\/maritech.com\/wp-content\/uploads\/2023\/01\/Brukerforum-kopi-300x180.jpg 300w, https:\/\/maritech.com\/wp-content\/uploads\/2023\/01\/Brukerforum-kopi-768x461.jpg 768w, https:\/\/maritech.com\/wp-content\/uploads\/2023\/01\/Brukerforum-kopi-1536x922.jpg 1536w, https:\/\/maritech.com\/wp-content\/uploads\/2023\/01\/Brukerforum-kopi-2048x1229.jpg 2048w, https:\/\/maritech.com\/wp-content\/uploads\/2023\/01\/Brukerforum-kopi-1920x1152.jpg 1920w, https:\/\/maritech.com\/wp-content\/uploads\/2023\/01\/Brukerforum-kopi-1666x1000.jpg 1666w, https:\/\/maritech.com\/wp-content\/uploads\/2023\/01\/Brukerforum-kopi-260x156.jpg 260w\" sizes=\"(max-width: 1024px) 100vw, 1024px\" \/>                    <\/div>\n                    <div class=\"info-wrap\">\n                                                <h4><a href=\"https:\/\/maritech.com\/no\/maritech-community\/\">Maritech  <span class=\"lastword\"> Community <svg fill=\"none\" height=\"16\" viewBox=\"0 0 21 16\" width=\"21\" xmlns=\"http:\/\/www.w3.org\/2000\/svg\"><path d=\"m12.2646 1.0521 5.615 5.7114h-17.8796v1.503h17.8796l-5.615 5.7114 1.0343 1.0521 7.3883-7.515-7.3883-7.515z\" fill=\"#446bf9\"\/><\/svg><\/span><\/a><\/h4>\n                    <\/div>\n                <\/div>\n            <\/div><!--\/.col-->\n                    <\/div><!--\/.row-->\n            <\/div><!--\/.container-fluid-->\n<\/section>\n","protected":false},"excerpt":{"rendered":"","protected":false},"author":11,"featured_media":14847,"parent":0,"menu_order":0,"comment_status":"closed","ping_status":"closed","template":"","meta":{"_acf_changed":false,"content-type":"","lazy_load_responsive_images_disabled":false,"footnotes":""},"class_list":["post-14846","page","type-page","status-publish","has-post-thumbnail","hentry"],"acf":[],"yoast_head":"<!-- This site is optimized with the Yoast SEO Premium plugin v21.8 (Yoast SEO v26.8) - https:\/\/yoast.com\/product\/yoast-seo-premium-wordpress\/ -->\n<title>Kundedager Norge I Sj\u00f8mat og Logistikk I Maritech<\/title>\n<meta name=\"description\" content=\"Tusen takk til alle som deltok! Vi er allerede i gang med planleggingen av neste arrangement. H\u00e5per vi sees, mer informasjon kommer snart!\" \/>\n<meta name=\"robots\" content=\"index, follow, max-snippet:-1, max-image-preview:large, max-video-preview:-1\" \/>\n<link rel=\"canonical\" href=\"https:\/\/maritech.com\/no\/kundedager-norge\/\" \/>\n<meta property=\"og:locale\" content=\"nb_NO\" \/>\n<meta property=\"og:type\" content=\"article\" \/>\n<meta property=\"og:title\" content=\"Velkommen til Kundedager\" \/>\n<meta property=\"og:description\" content=\"Tusen takk til alle som deltok! Vi er allerede i gang med planleggingen av neste arrangement. H\u00e5per vi sees, mer informasjon kommer snart!\" \/>\n<meta property=\"og:url\" content=\"https:\/\/maritech.com\/no\/kundedager-norge\/\" \/>\n<meta property=\"og:site_name\" content=\"Maritech\" \/>\n<meta property=\"article:modified_time\" content=\"2023-07-07T09:09:13+00:00\" \/>\n<meta property=\"og:image\" content=\"https:\/\/maritech.com\/wp-content\/uploads\/2023\/03\/Aalesund_LQ-scaled.jpg\" \/>\n\t<meta property=\"og:image:width\" content=\"2560\" \/>\n\t<meta property=\"og:image:height\" content=\"1258\" \/>\n\t<meta property=\"og:image:type\" content=\"image\/jpeg\" \/>\n<meta name=\"twitter:card\" content=\"summary_large_image\" \/>\n<script type=\"application\/ld+json\" class=\"yoast-schema-graph\">{\"@context\":\"https:\/\/schema.org\",\"@graph\":[{\"@type\":\"WebPage\",\"@id\":\"https:\/\/maritech.com\/no\/kundedager-norge\/\",\"url\":\"https:\/\/maritech.com\/no\/kundedager-norge\/\",\"name\":\"Kundedager Norge I Sj\u00f8mat og Logistikk I Maritech\",\"isPartOf\":{\"@id\":\"https:\/\/maritech.com\/no\/#website\"},\"primaryImageOfPage\":{\"@id\":\"https:\/\/maritech.com\/no\/kundedager-norge\/#primaryimage\"},\"image\":{\"@id\":\"https:\/\/maritech.com\/no\/kundedager-norge\/#primaryimage\"},\"thumbnailUrl\":\"https:\/\/maritech.com\/wp-content\/uploads\/2023\/03\/Aalesund_LQ-scaled.jpg\",\"datePublished\":\"2023-03-28T12:05:43+00:00\",\"dateModified\":\"2023-07-07T09:09:13+00:00\",\"description\":\"Tusen takk til alle som deltok! Vi er allerede i gang med planleggingen av neste arrangement. H\u00e5per vi sees, mer informasjon kommer snart!\",\"breadcrumb\":{\"@id\":\"https:\/\/maritech.com\/no\/kundedager-norge\/#breadcrumb\"},\"inLanguage\":\"nb-NO\",\"potentialAction\":[{\"@type\":\"ReadAction\",\"target\":[\"https:\/\/maritech.com\/no\/kundedager-norge\/\"]}]},{\"@type\":\"ImageObject\",\"inLanguage\":\"nb-NO\",\"@id\":\"https:\/\/maritech.com\/no\/kundedager-norge\/#primaryimage\",\"url\":\"https:\/\/maritech.com\/wp-content\/uploads\/2023\/03\/Aalesund_LQ-scaled.jpg\",\"contentUrl\":\"https:\/\/maritech.com\/wp-content\/uploads\/2023\/03\/Aalesund_LQ-scaled.jpg\",\"width\":2560,\"height\":1258,\"caption\":\"Top view of the city of Alesund at sunset . Norway\"},{\"@type\":\"BreadcrumbList\",\"@id\":\"https:\/\/maritech.com\/no\/kundedager-norge\/#breadcrumb\",\"itemListElement\":[{\"@type\":\"ListItem\",\"position\":1,\"name\":\"Home\",\"item\":\"https:\/\/maritech.com\/no\/\"},{\"@type\":\"ListItem\",\"position\":2,\"name\":\"Velkommen til Kundedager\"}]},{\"@type\":\"WebSite\",\"@id\":\"https:\/\/maritech.com\/no\/#website\",\"url\":\"https:\/\/maritech.com\/no\/\",\"name\":\"Maritech\",\"description\":\"\",\"publisher\":{\"@id\":\"https:\/\/maritech.com\/no\/#organization\"},\"potentialAction\":[{\"@type\":\"SearchAction\",\"target\":{\"@type\":\"EntryPoint\",\"urlTemplate\":\"https:\/\/maritech.com\/no\/?s={search_term_string}\"},\"query-input\":{\"@type\":\"PropertyValueSpecification\",\"valueRequired\":true,\"valueName\":\"search_term_string\"}}],\"inLanguage\":\"nb-NO\"},{\"@type\":\"Organization\",\"@id\":\"https:\/\/maritech.com\/no\/#organization\",\"name\":\"Maritech\",\"url\":\"https:\/\/maritech.com\/no\/\",\"logo\":{\"@type\":\"ImageObject\",\"inLanguage\":\"nb-NO\",\"@id\":\"https:\/\/maritech.com\/no\/#\/schema\/logo\/image\/\",\"url\":\"https:\/\/maritech.com\/wp-content\/uploads\/2024\/07\/Maritech-Logo-Co-Brand-WHITE.png\",\"contentUrl\":\"https:\/\/maritech.com\/wp-content\/uploads\/2024\/07\/Maritech-Logo-Co-Brand-WHITE.png\",\"width\":3336,\"height\":890,\"caption\":\"Maritech\"},\"image\":{\"@id\":\"https:\/\/maritech.com\/no\/#\/schema\/logo\/image\/\"}}]}<\/script>\n<!-- \/ Yoast SEO Premium plugin. -->","yoast_head_json":{"title":"Kundedager Norge I Sj\u00f8mat og Logistikk I Maritech","description":"Tusen takk til alle som deltok! Vi er allerede i gang med planleggingen av neste arrangement. H\u00e5per vi sees, mer informasjon kommer snart!","robots":{"index":"index","follow":"follow","max-snippet":"max-snippet:-1","max-image-preview":"max-image-preview:large","max-video-preview":"max-video-preview:-1"},"canonical":"https:\/\/maritech.com\/no\/kundedager-norge\/","og_locale":"nb_NO","og_type":"article","og_title":"Velkommen til Kundedager","og_description":"Tusen takk til alle som deltok! Vi er allerede i gang med planleggingen av neste arrangement. H\u00e5per vi sees, mer informasjon kommer snart!","og_url":"https:\/\/maritech.com\/no\/kundedager-norge\/","og_site_name":"Maritech","article_modified_time":"2023-07-07T09:09:13+00:00","og_image":[{"width":2560,"height":1258,"url":"https:\/\/maritech.com\/wp-content\/uploads\/2023\/03\/Aalesund_LQ-scaled.jpg","type":"image\/jpeg"}],"twitter_card":"summary_large_image","schema":{"@context":"https:\/\/schema.org","@graph":[{"@type":"WebPage","@id":"https:\/\/maritech.com\/no\/kundedager-norge\/","url":"https:\/\/maritech.com\/no\/kundedager-norge\/","name":"Kundedager Norge I Sj\u00f8mat og Logistikk I Maritech","isPartOf":{"@id":"https:\/\/maritech.com\/no\/#website"},"primaryImageOfPage":{"@id":"https:\/\/maritech.com\/no\/kundedager-norge\/#primaryimage"},"image":{"@id":"https:\/\/maritech.com\/no\/kundedager-norge\/#primaryimage"},"thumbnailUrl":"https:\/\/maritech.com\/wp-content\/uploads\/2023\/03\/Aalesund_LQ-scaled.jpg","datePublished":"2023-03-28T12:05:43+00:00","dateModified":"2023-07-07T09:09:13+00:00","description":"Tusen takk til alle som deltok! Vi er allerede i gang med planleggingen av neste arrangement. H\u00e5per vi sees, mer informasjon kommer snart!","breadcrumb":{"@id":"https:\/\/maritech.com\/no\/kundedager-norge\/#breadcrumb"},"inLanguage":"nb-NO","potentialAction":[{"@type":"ReadAction","target":["https:\/\/maritech.com\/no\/kundedager-norge\/"]}]},{"@type":"ImageObject","inLanguage":"nb-NO","@id":"https:\/\/maritech.com\/no\/kundedager-norge\/#primaryimage","url":"https:\/\/maritech.com\/wp-content\/uploads\/2023\/03\/Aalesund_LQ-scaled.jpg","contentUrl":"https:\/\/maritech.com\/wp-content\/uploads\/2023\/03\/Aalesund_LQ-scaled.jpg","width":2560,"height":1258,"caption":"Top view of the city of Alesund at sunset . Norway"},{"@type":"BreadcrumbList","@id":"https:\/\/maritech.com\/no\/kundedager-norge\/#breadcrumb","itemListElement":[{"@type":"ListItem","position":1,"name":"Home","item":"https:\/\/maritech.com\/no\/"},{"@type":"ListItem","position":2,"name":"Velkommen til Kundedager"}]},{"@type":"WebSite","@id":"https:\/\/maritech.com\/no\/#website","url":"https:\/\/maritech.com\/no\/","name":"Maritech","description":"","publisher":{"@id":"https:\/\/maritech.com\/no\/#organization"},"potentialAction":[{"@type":"SearchAction","target":{"@type":"EntryPoint","urlTemplate":"https:\/\/maritech.com\/no\/?s={search_term_string}"},"query-input":{"@type":"PropertyValueSpecification","valueRequired":true,"valueName":"search_term_string"}}],"inLanguage":"nb-NO"},{"@type":"Organization","@id":"https:\/\/maritech.com\/no\/#organization","name":"Maritech","url":"https:\/\/maritech.com\/no\/","logo":{"@type":"ImageObject","inLanguage":"nb-NO","@id":"https:\/\/maritech.com\/no\/#\/schema\/logo\/image\/","url":"https:\/\/maritech.com\/wp-content\/uploads\/2024\/07\/Maritech-Logo-Co-Brand-WHITE.png","contentUrl":"https:\/\/maritech.com\/wp-content\/uploads\/2024\/07\/Maritech-Logo-Co-Brand-WHITE.png","width":3336,"height":890,"caption":"Maritech"},"image":{"@id":"https:\/\/maritech.com\/no\/#\/schema\/logo\/image\/"}}]}},"jetpack_sharing_enabled":true,"_links":{"self":[{"href":"https:\/\/maritech.com\/no\/wp-json\/wp\/v2\/pages\/14846","targetHints":{"allow":["GET"]}}],"collection":[{"href":"https:\/\/maritech.com\/no\/wp-json\/wp\/v2\/pages"}],"about":[{"href":"https:\/\/maritech.com\/no\/wp-json\/wp\/v2\/types\/page"}],"author":[{"embeddable":true,"href":"https:\/\/maritech.com\/no\/wp-json\/wp\/v2\/users\/11"}],"replies":[{"embeddable":true,"href":"https:\/\/maritech.com\/no\/wp-json\/wp\/v2\/comments?post=14846"}],"version-history":[{"count":65,"href":"https:\/\/maritech.com\/no\/wp-json\/wp\/v2\/pages\/14846\/revisions"}],"predecessor-version":[{"id":15947,"href":"https:\/\/maritech.com\/no\/wp-json\/wp\/v2\/pages\/14846\/revisions\/15947"}],"wp:featuredmedia":[{"embeddable":true,"href":"https:\/\/maritech.com\/no\/wp-json\/wp\/v2\/media\/14847"}],"wp:attachment":[{"href":"https:\/\/maritech.com\/no\/wp-json\/wp\/v2\/media?parent=14846"}],"curies":[{"name":"wp","href":"https:\/\/api.w.org\/{rel}","templated":true}]}}