{"id":15412,"date":"2023-05-22T13:37:26","date_gmt":"2023-05-22T12:37:26","guid":{"rendered":"https:\/\/maritech.com\/?page_id=15412"},"modified":"2026-01-16T14:11:18","modified_gmt":"2026-01-16T13:11:18","slug":"timpex-confirm","status":"publish","type":"page","link":"https:\/\/maritech.com\/no\/timpex-confirm\/","title":{"rendered":"Timpex Confirm"},"content":{"rendered":"\n<section class=\"hero block alignfull bg-image grad-light\" style=\"background-image: url('https:\/\/maritech.com\/wp-content\/uploads\/2023\/05\/20230202-A7R00295-ANDREAS-EIDE-OCLIN-1499x1000.jpg'); \" >\n    <div class=\"container-fluid\">\n        <div class=\"hero-content\">\n                        <div class=\"editor-content\">\n                <h1 class=\"title\"><span style=\"color: #ffffff;\">Timpex Confirm<\/span><\/h1>\n<p class=\"preamble\"><span style=\"color: #ffffff;\">Appen gir deg full flyt av informasjon og oppdateringer mellom sj\u00e5f\u00f8r og befrakter<\/span><\/p>\n            <\/div>\n            <div class=\"button-wrap left\"><a class=\"btn btn-primary\" href=\"https:\/\/logistics-demo.maritech.cloud\/\" target=\"_blank\" title=\"Se selv med v\u00e5re digitale demoer\">Se selv med v\u00e5re digitale demoer<\/a><\/div>        <\/div><!--\/.hero-content-->\n    <\/div><!--\/.container-fluid-->\n<\/section>\n\n\n\n<section class=\"breadcrumb-section block alignfull\">\n    <div class=\"container-fluid\">\n        <p class=\"breadcrumbs\"><span><span><a href=\"https:\/\/maritech.com\/no\/\"><span class=\"d-none\">Home<\/span><svg xmlns=\"http:\/\/www.w3.org\/2000\/svg\" xmlns:xlink=\"http:\/\/www.w3.org\/1999\/xlink\" contentScriptType=\"text\/ecmascript\" contentStyleType=\"text\/css\" enable-background=\"new 0 0 2048 2048\" height=\"2048px\" id=\"Layer_1\" preserveAspectRatio=\"xMidYMid meet\" version=\"1.1\" viewBox=\"25.33300018310547 0 1613.333984375 2048\" width=\"1613.333984375px\" xml:space=\"preserve\" zoomAndPan=\"magnify\" style=\"&#10;    width: 20px;&#10;\"><path d=\"M1408,1120v480c0,17.333-6.333,32.333-19,45s-27.667,19-45,19H960v-384H704v384H320c-17.333,0-32.333-6.333-45-19  s-19-27.667-19-45v-480c0-0.667,0.167-1.667,0.5-3s0.5-2.333,0.5-3l575-474l575,474C1407.667,1115.333,1408,1117.333,1408,1120z   M1631,1051l-62,74c-5.333,6-12.333,9.667-21,11h-3c-8.667,0-15.667-2.333-21-7L832,552l-692,577c-8,5.333-16,7.667-24,7  c-8.667-1.333-15.667-5-21-11l-62-74c-5.333-6.667-7.667-14.5-7-23.5s4.333-16.167,11-21.5l719-599c21.333-17.333,46.667-26,76-26  s54.667,8.667,76,26l244,204V416c0-9.333,3-17,9-23s13.667-9,23-9h192c9.333,0,17,3,23,9s9,13.667,9,23v408l219,182  c6.667,5.333,10.333,12.5,11,21.5S1636.333,1044.333,1631,1051z\"\/><\/svg><\/a><\/span><\/span><\/p>    <\/div>\n<\/section>\n\n<section class=\"page-content block alignfull\">\n    <div class=\"container-fluid\">\n        <div class=\"content-wrapper\">\n            <div class=\"editor-content\">\n                <h2>Sanntidsoppdateringer og komplett oppgaveoversikt<\/h2>\n<p class=\"normal preamble\">Med appen Timpex Confirm f\u00e5r du oppdateringer i sanntid og full oversikt over alle oppdrag.<\/p>\n<p>Timpex Confirm er en app designet for \u00e5 effektivisere informasjonsflyten mellom sj\u00e5f\u00f8rer og befraktere, og legge til rette for tettere samarbeid. Appen etablerer en direkte forbindelse til Timpex eller <a href=\"https:\/\/maritech.com\/no\/kunder-i-ko-for-maritech-tms-transportstyring-i-sky\/\" target=\"_blank\" rel=\"noopener\">Maritech TMS<\/a>, slik at endringer eller oppdateringer som gj\u00f8res av befrakter, umiddelbart reflekteres i sj\u00e5f\u00f8rens app.<\/p>\n<p>Dashboardet i Confirm, som b\u00e5de kan vise sanntidsinformasjon og historiske data, gj\u00f8r det mulig for kj\u00f8pere \u00e5 legge inn enkle og fleksible bestillinger direkte til transport\u00f8ren, og dermed ytterligere str\u00f8mlinjeforme logistikkprosessen.<\/p>\n            <\/div><!--\/.editor-content-->\n        <\/div><!--\/.content-wrapper-->\n    <\/div><!--\/.container-fluid-->\n<\/section>\n\n\n<section class=\"video-content block alignfull content-right\">\n\t<div class=\"container-fluid-xl\">\n\t\t<div class=\"row\">\n\n\t\t\t<div class=\"col content-col\">\n\t\t\t\t<div class=\"inner-content\">\n\t\t\t\t\t\t\t\t\t\t\t<div class=\"editor-content\">\n\t\t\t\t\t\t\t<h4 class=\"h4\">Tildeling av oppdrag rett fra TMS<\/h4>\n<p>Timpex Confirm endrer m\u00e5ten sj\u00e5f\u00f8rer og befrakter kommuniserer og dokumenterer hendelser p\u00e5. Ved \u00e5 benytte denne appen kan b\u00e5de transport\u00f8ren og sj\u00e5f\u00f8ren sikre h\u00f8yest mulig kvalitetssikring og oppf\u00f8lging av oppdragene. Enten det er single transportoppdrag eller komplette turer, kan befrakteren enkelt tildele dem til sj\u00e5f\u00f8rene gjennom sitt TMS, som s\u00f8ml\u00f8st integreres med Timpex Confirm. Disse oppdragene legges automatisk til sj\u00e5f\u00f8rens arbeidsliste i Confirm-appen.<\/p>\n<p>N\u00e5r sj\u00e5f\u00f8rene utf\u00f8rer henting og levering, dokumenteres disse hendelsene i Timpex TMS eller Maritech TMS, med signaturer, tidspunkter, kartposisjoner, bilder og sj\u00e5f\u00f8rens kommentarer. I tillegg har sj\u00e5f\u00f8rene muligheten til \u00e5 skanne fraktbrev eller pakkelapper for enkel identifisering av arbeidet sitt, eller manuelt registrere oppdraget. Videre kan sj\u00e5f\u00f8rene ogs\u00e5 registrere tilleggsopplysninger som kj\u00f8relengde, temperatur eller eventuelle avvik om n\u00f8dvendig. Med muligheten til \u00e5 laste opp bilder direkte til TMS-systemet kan sj\u00e5f\u00f8rene sikre n\u00f8yaktig og p\u00e5litelig utveksling av informasjon.<\/p>\n\t\t\t\t\t\t<\/div>\n\t\t\t\t\t\t\t\t\t<\/div><!--\/.inner-content-->\n\t\t\t<\/div><!--\/.col-->\n\n\t\t\t<div class=\"col image-col\">\n\t\t\t\t\t\t\t\t\t<img decoding=\"async\" width=\"1000\" height=\"750\" src=\"https:\/\/maritech.com\/wp-content\/uploads\/2023\/05\/20230202-A7R00108-ANDREAS-EIDE-OCLIN-1000x750.jpg\" class=\"cover\" alt=\"Timpex Confirm Customer\" \/>\t\t\t\t\t\t\t<\/div><!--\/.col-->\n\n\t\t<\/div><!--\/.row-->\n\t<\/div><!--\/.container-fluid-xl-->\n<\/section>\n\n\n\n<section class=\"video-content block alignfull content-left\">\n\t<div class=\"container-fluid-xl\">\n\t\t<div class=\"row\">\n\n\t\t\t<div class=\"col content-col\">\n\t\t\t\t<div class=\"inner-content\">\n\t\t\t\t\t\t\t\t\t\t\t<div class=\"editor-content\">\n\t\t\t\t\t\t\t<h4>Sparer tid og penger med Confirm<\/h4>\n<p>Timpex Confirm har blitt et verdifullt verkt\u00f8y for mange av logistikk-kundene v\u00e5re. En av dem er Termo Partner, klikk p\u00e5 videoen til h\u00f8yre for \u00e5 h\u00f8re Daglig Leder Rune Ommedal fortelle om hva det betyr for dem. Du kan ogs\u00e5 lese hele <a href=\"https:\/\/maritech.com\/no\/kundecase-termo-partner\/\" target=\"_blank\" rel=\"noopener\">kundecaset om Termo Partner her.\u00a0<\/a><\/p>\n<p>De er et godt eksempel p\u00e5 hvordan befraktere og sj\u00e5f\u00f8rer n\u00e5 kan samarbeide tett for \u00e5 garantere ordrekvalitet og overv\u00e5ke alt som skjer.<\/p>\n\t\t\t\t\t\t<\/div>\n\t\t\t\t\t\t\t\t\t<\/div><!--\/.inner-content-->\n\t\t\t<\/div><!--\/.col-->\n\n\t\t\t<div class=\"col image-col\">\n\t\t\t\t\t\t\t\t\t<a class=\"video-wrap\" data-fancybox href=\"https:\/\/youtu.be\/5Nst1l6EKZs\" title=\"Click to View Video\">\n\t\t\t\t\t\t<img decoding=\"async\" width=\"1000\" height=\"750\" src=\"https:\/\/maritech.com\/wp-content\/uploads\/2023\/12\/20230202-A7R00322-ANDREAS-EIDE-OCLIN-1000x750-1.jpg\" class=\"cover\" alt=\"Termo Partner Maritech Partner\" srcset=\"https:\/\/maritech.com\/wp-content\/uploads\/2023\/12\/20230202-A7R00322-ANDREAS-EIDE-OCLIN-1000x750-1.jpg 1000w, https:\/\/maritech.com\/wp-content\/uploads\/2023\/12\/20230202-A7R00322-ANDREAS-EIDE-OCLIN-1000x750-1-300x225.jpg 300w, https:\/\/maritech.com\/wp-content\/uploads\/2023\/12\/20230202-A7R00322-ANDREAS-EIDE-OCLIN-1000x750-1-768x576.jpg 768w, https:\/\/maritech.com\/wp-content\/uploads\/2023\/12\/20230202-A7R00322-ANDREAS-EIDE-OCLIN-1000x750-1-260x195.jpg 260w\" sizes=\"(max-width: 1000px) 100vw, 1000px\" \/>\t\t\t\t\t<\/a>\n\t\t\t\t\t\t\t<\/div><!--\/.col-->\n\n\t\t<\/div><!--\/.row-->\n\t<\/div><!--\/.container-fluid-xl-->\n<\/section>\n\n\n<section  class=\"content-form-cta block alignfull offset\">\n    <div class=\"container-fluid\">\n        <div class=\"alignment-wrapper\">\n            <div class=\"block-container\">\n                                    <h4 class=\"h4\">Lyst til \u00e5 vite mer?<\/h4>\n                                                                                    <div class=\"button-wrap left\">\n                        <a class=\"btn\" href=\"https:\/\/logistics-demo.maritech.cloud\/\" title=\"Sjekk ut v\u00e5r digitale demo\">\n                            Sjekk ut v\u00e5r digitale demo                        <\/a>\n                    <\/div>\n                            <\/div>\n        <\/div>\n    <\/div>\n<\/section>\n\n\n<section class=\"related-posts block alignfull\">\n    <div class=\"container-fluid\">\n        <div class=\"title-wrap\">\n            <h2 class=\"heading h4\">F\u00e5tt med deg disse?<\/h2>        <\/div><!--\/.title-wrap-->\n                <div class=\"row\">\n                        <div class=\"col\">\n                <div onclick=\"location.href='https:\/\/maritech.com\/no\/kundecase-miljorapportering-coast-seafood\/'\" class=\"post-card\">\n                    <div class=\"img-wrap\">\n\t\t\t\t\t\t<img decoding=\"async\" width=\"1024\" height=\"683\" src=\"https:\/\/maritech.com\/wp-content\/uploads\/2023\/11\/AB7I4397-1024x683.jpg\" class=\"attachment-large size-large wp-post-image\" alt=\"Kundecase - Coast Seafood\" srcset=\"https:\/\/maritech.com\/wp-content\/uploads\/2023\/11\/AB7I4397-1024x683.jpg 1024w, https:\/\/maritech.com\/wp-content\/uploads\/2023\/11\/AB7I4397-300x200.jpg 300w, https:\/\/maritech.com\/wp-content\/uploads\/2023\/11\/AB7I4397-768x512.jpg 768w, https:\/\/maritech.com\/wp-content\/uploads\/2023\/11\/AB7I4397-1536x1024.jpg 1536w, https:\/\/maritech.com\/wp-content\/uploads\/2023\/11\/AB7I4397-2048x1365.jpg 2048w, https:\/\/maritech.com\/wp-content\/uploads\/2023\/11\/AB7I4397-1920x1280.jpg 1920w, https:\/\/maritech.com\/wp-content\/uploads\/2023\/11\/AB7I4397-1500x1000.jpg 1500w, https:\/\/maritech.com\/wp-content\/uploads\/2023\/11\/AB7I4397-260x173.jpg 260w\" sizes=\"(max-width: 1024px) 100vw, 1024px\" \/>                    <\/div>\n                    <div class=\"info-wrap\">\n                                                <h4><a href=\"https:\/\/maritech.com\/no\/kundecase-miljorapportering-coast-seafood\/\">Kundecase &#8211; Coast  <span class=\"lastword\"> Seafood <svg fill=\"none\" height=\"16\" viewBox=\"0 0 21 16\" width=\"21\" xmlns=\"http:\/\/www.w3.org\/2000\/svg\"><path d=\"m12.2646 1.0521 5.615 5.7114h-17.8796v1.503h17.8796l-5.615 5.7114 1.0343 1.0521 7.3883-7.515-7.3883-7.515z\" fill=\"#446bf9\"\/><\/svg><\/span><\/a><\/h4>\n                    <\/div>\n                <\/div>\n            <\/div><!--\/.col-->\n                        <div class=\"col\">\n                <div onclick=\"location.href='https:\/\/maritech.com\/no\/vare-losninger-logistikk\/kundecase-sr-group\/'\" class=\"post-card\">\n                    <div class=\"img-wrap\">\n\t\t\t\t\t\t<img decoding=\"async\" width=\"1024\" height=\"683\" src=\"https:\/\/maritech.com\/wp-content\/uploads\/2020\/04\/PT6A9974-kopi-1024x683.jpg\" class=\"attachment-large size-large wp-post-image\" alt=\"Kundecase - SR Group\" srcset=\"https:\/\/maritech.com\/wp-content\/uploads\/2020\/04\/PT6A9974-kopi-1024x683.jpg 1024w, https:\/\/maritech.com\/wp-content\/uploads\/2020\/04\/PT6A9974-kopi-300x200.jpg 300w, https:\/\/maritech.com\/wp-content\/uploads\/2020\/04\/PT6A9974-kopi-768x512.jpg 768w, https:\/\/maritech.com\/wp-content\/uploads\/2020\/04\/PT6A9974-kopi-1536x1024.jpg 1536w, https:\/\/maritech.com\/wp-content\/uploads\/2020\/04\/PT6A9974-kopi-2048x1365.jpg 2048w, https:\/\/maritech.com\/wp-content\/uploads\/2020\/04\/PT6A9974-kopi-1920x1280.jpg 1920w, https:\/\/maritech.com\/wp-content\/uploads\/2020\/04\/PT6A9974-kopi-260x173.jpg 260w\" sizes=\"(max-width: 1024px) 100vw, 1024px\" \/>                    <\/div>\n                    <div class=\"info-wrap\">\n                                                <h4><a href=\"https:\/\/maritech.com\/no\/vare-losninger-logistikk\/kundecase-sr-group\/\">Kundecase &#8211; SR  <span class=\"lastword\"> Group <svg fill=\"none\" height=\"16\" viewBox=\"0 0 21 16\" width=\"21\" xmlns=\"http:\/\/www.w3.org\/2000\/svg\"><path d=\"m12.2646 1.0521 5.615 5.7114h-17.8796v1.503h17.8796l-5.615 5.7114 1.0343 1.0521 7.3883-7.515-7.3883-7.515z\" fill=\"#446bf9\"\/><\/svg><\/span><\/a><\/h4>\n                    <\/div>\n                <\/div>\n            <\/div><!--\/.col-->\n                    <\/div><!--\/.row-->\n            <\/div><!--\/.container-fluid-->\n<\/section>\n\n\n<section class=\"alignfull block newsletter-form dark-blue\">\n    <div class=\"content-max-wrapper\">\n                    <div class=\"content-max-wrapper__text\">\n                <h3 class=\"h3\">Motta nyhetsbrev fra oss!<\/h3>\n            <\/div>\n                <!--[if lte IE 8]>\r\n<script charset=\"utf-8\" type=\"text\/javascript\" src=\"\/\/js-eu1.hsforms.net\/forms\/v2-legacy.js\"><\/script>\r\n<![endif]-->\r\n<script charset=\"utf-8\" type=\"text\/javascript\" src=\"\/\/js-eu1.hsforms.net\/forms\/v2.js\"><\/script>\r\n<script>\r\n  hbspt.forms.create({\r\n    region: \"eu1\",\r\n    portalId: \"25031368\",\r\n    formId: \"810e627a-049b-49de-b096-e08125e0e7e6\"\r\n});\r\n<\/script>    <div>\n<\/section>\n\n\n\n<section class=\"breadcrumb-section block alignfull\">\n    <div class=\"container-fluid\">\n        <p class=\"breadcrumbs\"><span><span><a href=\"https:\/\/maritech.com\/no\/\"><span class=\"d-none\">Home<\/span><svg xmlns=\"http:\/\/www.w3.org\/2000\/svg\" xmlns:xlink=\"http:\/\/www.w3.org\/1999\/xlink\" contentScriptType=\"text\/ecmascript\" contentStyleType=\"text\/css\" enable-background=\"new 0 0 2048 2048\" height=\"2048px\" id=\"Layer_1\" preserveAspectRatio=\"xMidYMid meet\" version=\"1.1\" viewBox=\"25.33300018310547 0 1613.333984375 2048\" width=\"1613.333984375px\" xml:space=\"preserve\" zoomAndPan=\"magnify\" style=\"&#10;    width: 20px;&#10;\"><path d=\"M1408,1120v480c0,17.333-6.333,32.333-19,45s-27.667,19-45,19H960v-384H704v384H320c-17.333,0-32.333-6.333-45-19  s-19-27.667-19-45v-480c0-0.667,0.167-1.667,0.5-3s0.5-2.333,0.5-3l575-474l575,474C1407.667,1115.333,1408,1117.333,1408,1120z   M1631,1051l-62,74c-5.333,6-12.333,9.667-21,11h-3c-8.667,0-15.667-2.333-21-7L832,552l-692,577c-8,5.333-16,7.667-24,7  c-8.667-1.333-15.667-5-21-11l-62-74c-5.333-6.667-7.667-14.5-7-23.5s4.333-16.167,11-21.5l719-599c21.333-17.333,46.667-26,76-26  s54.667,8.667,76,26l244,204V416c0-9.333,3-17,9-23s13.667-9,23-9h192c9.333,0,17,3,23,9s9,13.667,9,23v408l219,182  c6.667,5.333,10.333,12.5,11,21.5S1636.333,1044.333,1631,1051z\"\/><\/svg><\/a><\/span><\/span><\/p>    <\/div>\n<\/section>","protected":false},"excerpt":{"rendered":"","protected":false},"author":11,"featured_media":15365,"parent":0,"menu_order":0,"comment_status":"closed","ping_status":"closed","template":"","meta":{"_acf_changed":false,"content-type":"","lazy_load_responsive_images_disabled":false,"footnotes":""},"class_list":["post-15412","page","type-page","status-publish","has-post-thumbnail","hentry"],"acf":[],"yoast_head":"<!-- This site is optimized with the Yoast SEO Premium plugin v21.8 (Yoast SEO v26.8) - https:\/\/yoast.com\/product\/yoast-seo-premium-wordpress\/ -->\n<title>Timpex Confirm - Enkel informasjonsflyt mellom sj\u00e5f\u00f8r og befrakter<\/title>\n<meta name=\"description\" content=\"Med appen Timpex Confirm f\u00e5r sj\u00e5f\u00f8r og befrakter alle oppdateringer i sanntid, og full oversikt over alle oppdrag.\" \/>\n<meta name=\"robots\" content=\"index, follow, max-snippet:-1, max-image-preview:large, max-video-preview:-1\" \/>\n<link rel=\"canonical\" href=\"https:\/\/maritech.com\/no\/timpex-confirm\/\" \/>\n<meta property=\"og:locale\" content=\"nb_NO\" \/>\n<meta property=\"og:type\" content=\"article\" \/>\n<meta property=\"og:title\" content=\"Timpex Confirm\" \/>\n<meta property=\"og:description\" content=\"Med appen Timpex Confirm f\u00e5r sj\u00e5f\u00f8r og befrakter alle oppdateringer i sanntid, og full oversikt over alle oppdrag.\" \/>\n<meta property=\"og:url\" content=\"https:\/\/maritech.com\/no\/timpex-confirm\/\" \/>\n<meta property=\"og:site_name\" content=\"Maritech\" \/>\n<meta property=\"article:modified_time\" content=\"2026-01-16T13:11:18+00:00\" \/>\n<meta property=\"og:image\" content=\"https:\/\/maritech.com\/wp-content\/uploads\/2023\/05\/20230202-A7R00108-ANDREAS-EIDE-OCLIN-1024x683.jpg\" \/>\n\t<meta property=\"og:image:width\" content=\"1024\" \/>\n\t<meta property=\"og:image:height\" content=\"683\" \/>\n\t<meta property=\"og:image:type\" content=\"image\/jpeg\" \/>\n<meta name=\"twitter:card\" content=\"summary_large_image\" \/>\n<meta name=\"twitter:label1\" content=\"Ansl. lesetid\" \/>\n\t<meta name=\"twitter:data1\" content=\"1 minutt\" \/>\n<script type=\"application\/ld+json\" class=\"yoast-schema-graph\">{\"@context\":\"https:\/\/schema.org\",\"@graph\":[{\"@type\":\"WebPage\",\"@id\":\"https:\/\/maritech.com\/no\/timpex-confirm\/\",\"url\":\"https:\/\/maritech.com\/no\/timpex-confirm\/\",\"name\":\"Timpex Confirm - Enkel informasjonsflyt mellom sj\u00e5f\u00f8r og befrakter\",\"isPartOf\":{\"@id\":\"https:\/\/maritech.com\/no\/#website\"},\"primaryImageOfPage\":{\"@id\":\"https:\/\/maritech.com\/no\/timpex-confirm\/#primaryimage\"},\"image\":{\"@id\":\"https:\/\/maritech.com\/no\/timpex-confirm\/#primaryimage\"},\"thumbnailUrl\":\"https:\/\/maritech.com\/wp-content\/uploads\/2023\/05\/20230202-A7R00108-ANDREAS-EIDE-OCLIN.jpg\",\"datePublished\":\"2023-05-22T12:37:26+00:00\",\"dateModified\":\"2026-01-16T13:11:18+00:00\",\"description\":\"Med appen Timpex Confirm f\u00e5r sj\u00e5f\u00f8r og befrakter alle oppdateringer i sanntid, og full oversikt over alle oppdrag.\",\"breadcrumb\":{\"@id\":\"https:\/\/maritech.com\/no\/timpex-confirm\/#breadcrumb\"},\"inLanguage\":\"nb-NO\",\"potentialAction\":[{\"@type\":\"ReadAction\",\"target\":[\"https:\/\/maritech.com\/no\/timpex-confirm\/\"]}]},{\"@type\":\"ImageObject\",\"inLanguage\":\"nb-NO\",\"@id\":\"https:\/\/maritech.com\/no\/timpex-confirm\/#primaryimage\",\"url\":\"https:\/\/maritech.com\/wp-content\/uploads\/2023\/05\/20230202-A7R00108-ANDREAS-EIDE-OCLIN.jpg\",\"contentUrl\":\"https:\/\/maritech.com\/wp-content\/uploads\/2023\/05\/20230202-A7R00108-ANDREAS-EIDE-OCLIN.jpg\",\"width\":7952,\"height\":5304,\"caption\":\"Timpex Confirm Customer\"},{\"@type\":\"BreadcrumbList\",\"@id\":\"https:\/\/maritech.com\/no\/timpex-confirm\/#breadcrumb\",\"itemListElement\":[{\"@type\":\"ListItem\",\"position\":1,\"name\":\"Home\",\"item\":\"https:\/\/maritech.com\/no\/\"},{\"@type\":\"ListItem\",\"position\":2,\"name\":\"Timpex Confirm\"}]},{\"@type\":\"WebSite\",\"@id\":\"https:\/\/maritech.com\/no\/#website\",\"url\":\"https:\/\/maritech.com\/no\/\",\"name\":\"Maritech\",\"description\":\"\",\"publisher\":{\"@id\":\"https:\/\/maritech.com\/no\/#organization\"},\"potentialAction\":[{\"@type\":\"SearchAction\",\"target\":{\"@type\":\"EntryPoint\",\"urlTemplate\":\"https:\/\/maritech.com\/no\/?s={search_term_string}\"},\"query-input\":{\"@type\":\"PropertyValueSpecification\",\"valueRequired\":true,\"valueName\":\"search_term_string\"}}],\"inLanguage\":\"nb-NO\"},{\"@type\":\"Organization\",\"@id\":\"https:\/\/maritech.com\/no\/#organization\",\"name\":\"Maritech\",\"url\":\"https:\/\/maritech.com\/no\/\",\"logo\":{\"@type\":\"ImageObject\",\"inLanguage\":\"nb-NO\",\"@id\":\"https:\/\/maritech.com\/no\/#\/schema\/logo\/image\/\",\"url\":\"https:\/\/maritech.com\/wp-content\/uploads\/2024\/07\/Maritech-Logo-Co-Brand-WHITE.png\",\"contentUrl\":\"https:\/\/maritech.com\/wp-content\/uploads\/2024\/07\/Maritech-Logo-Co-Brand-WHITE.png\",\"width\":3336,\"height\":890,\"caption\":\"Maritech\"},\"image\":{\"@id\":\"https:\/\/maritech.com\/no\/#\/schema\/logo\/image\/\"}}]}<\/script>\n<!-- \/ Yoast SEO Premium plugin. -->","yoast_head_json":{"title":"Timpex Confirm - Enkel informasjonsflyt mellom sj\u00e5f\u00f8r og befrakter","description":"Med appen Timpex Confirm f\u00e5r sj\u00e5f\u00f8r og befrakter alle oppdateringer i sanntid, og full oversikt over alle oppdrag.","robots":{"index":"index","follow":"follow","max-snippet":"max-snippet:-1","max-image-preview":"max-image-preview:large","max-video-preview":"max-video-preview:-1"},"canonical":"https:\/\/maritech.com\/no\/timpex-confirm\/","og_locale":"nb_NO","og_type":"article","og_title":"Timpex Confirm","og_description":"Med appen Timpex Confirm f\u00e5r sj\u00e5f\u00f8r og befrakter alle oppdateringer i sanntid, og full oversikt over alle oppdrag.","og_url":"https:\/\/maritech.com\/no\/timpex-confirm\/","og_site_name":"Maritech","article_modified_time":"2026-01-16T13:11:18+00:00","og_image":[{"width":1024,"height":683,"url":"https:\/\/maritech.com\/wp-content\/uploads\/2023\/05\/20230202-A7R00108-ANDREAS-EIDE-OCLIN-1024x683.jpg","type":"image\/jpeg"}],"twitter_card":"summary_large_image","twitter_misc":{"Ansl. lesetid":"1 minutt"},"schema":{"@context":"https:\/\/schema.org","@graph":[{"@type":"WebPage","@id":"https:\/\/maritech.com\/no\/timpex-confirm\/","url":"https:\/\/maritech.com\/no\/timpex-confirm\/","name":"Timpex Confirm - Enkel informasjonsflyt mellom sj\u00e5f\u00f8r og befrakter","isPartOf":{"@id":"https:\/\/maritech.com\/no\/#website"},"primaryImageOfPage":{"@id":"https:\/\/maritech.com\/no\/timpex-confirm\/#primaryimage"},"image":{"@id":"https:\/\/maritech.com\/no\/timpex-confirm\/#primaryimage"},"thumbnailUrl":"https:\/\/maritech.com\/wp-content\/uploads\/2023\/05\/20230202-A7R00108-ANDREAS-EIDE-OCLIN.jpg","datePublished":"2023-05-22T12:37:26+00:00","dateModified":"2026-01-16T13:11:18+00:00","description":"Med appen Timpex Confirm f\u00e5r sj\u00e5f\u00f8r og befrakter alle oppdateringer i sanntid, og full oversikt over alle oppdrag.","breadcrumb":{"@id":"https:\/\/maritech.com\/no\/timpex-confirm\/#breadcrumb"},"inLanguage":"nb-NO","potentialAction":[{"@type":"ReadAction","target":["https:\/\/maritech.com\/no\/timpex-confirm\/"]}]},{"@type":"ImageObject","inLanguage":"nb-NO","@id":"https:\/\/maritech.com\/no\/timpex-confirm\/#primaryimage","url":"https:\/\/maritech.com\/wp-content\/uploads\/2023\/05\/20230202-A7R00108-ANDREAS-EIDE-OCLIN.jpg","contentUrl":"https:\/\/maritech.com\/wp-content\/uploads\/2023\/05\/20230202-A7R00108-ANDREAS-EIDE-OCLIN.jpg","width":7952,"height":5304,"caption":"Timpex Confirm Customer"},{"@type":"BreadcrumbList","@id":"https:\/\/maritech.com\/no\/timpex-confirm\/#breadcrumb","itemListElement":[{"@type":"ListItem","position":1,"name":"Home","item":"https:\/\/maritech.com\/no\/"},{"@type":"ListItem","position":2,"name":"Timpex Confirm"}]},{"@type":"WebSite","@id":"https:\/\/maritech.com\/no\/#website","url":"https:\/\/maritech.com\/no\/","name":"Maritech","description":"","publisher":{"@id":"https:\/\/maritech.com\/no\/#organization"},"potentialAction":[{"@type":"SearchAction","target":{"@type":"EntryPoint","urlTemplate":"https:\/\/maritech.com\/no\/?s={search_term_string}"},"query-input":{"@type":"PropertyValueSpecification","valueRequired":true,"valueName":"search_term_string"}}],"inLanguage":"nb-NO"},{"@type":"Organization","@id":"https:\/\/maritech.com\/no\/#organization","name":"Maritech","url":"https:\/\/maritech.com\/no\/","logo":{"@type":"ImageObject","inLanguage":"nb-NO","@id":"https:\/\/maritech.com\/no\/#\/schema\/logo\/image\/","url":"https:\/\/maritech.com\/wp-content\/uploads\/2024\/07\/Maritech-Logo-Co-Brand-WHITE.png","contentUrl":"https:\/\/maritech.com\/wp-content\/uploads\/2024\/07\/Maritech-Logo-Co-Brand-WHITE.png","width":3336,"height":890,"caption":"Maritech"},"image":{"@id":"https:\/\/maritech.com\/no\/#\/schema\/logo\/image\/"}}]}},"jetpack_sharing_enabled":true,"_links":{"self":[{"href":"https:\/\/maritech.com\/no\/wp-json\/wp\/v2\/pages\/15412","targetHints":{"allow":["GET"]}}],"collection":[{"href":"https:\/\/maritech.com\/no\/wp-json\/wp\/v2\/pages"}],"about":[{"href":"https:\/\/maritech.com\/no\/wp-json\/wp\/v2\/types\/page"}],"author":[{"embeddable":true,"href":"https:\/\/maritech.com\/no\/wp-json\/wp\/v2\/users\/11"}],"replies":[{"embeddable":true,"href":"https:\/\/maritech.com\/no\/wp-json\/wp\/v2\/comments?post=15412"}],"version-history":[{"count":35,"href":"https:\/\/maritech.com\/no\/wp-json\/wp\/v2\/pages\/15412\/revisions"}],"predecessor-version":[{"id":21307,"href":"https:\/\/maritech.com\/no\/wp-json\/wp\/v2\/pages\/15412\/revisions\/21307"}],"wp:featuredmedia":[{"embeddable":true,"href":"https:\/\/maritech.com\/no\/wp-json\/wp\/v2\/media\/15365"}],"wp:attachment":[{"href":"https:\/\/maritech.com\/no\/wp-json\/wp\/v2\/media?parent=15412"}],"curies":[{"name":"wp","href":"https:\/\/api.w.org\/{rel}","templated":true}]}}