{"id":17604,"date":"2023-12-01T13:44:53","date_gmt":"2023-12-01T12:44:53","guid":{"rendered":"https:\/\/maritech.com\/?page_id=17604"},"modified":"2025-10-07T12:18:25","modified_gmt":"2025-10-07T11:18:25","slug":"kundecase-miljorapportering-coast-seafood","status":"publish","type":"page","link":"https:\/\/maritech.com\/no\/kundecase-miljorapportering-coast-seafood\/","title":{"rendered":"Kundecase &#8211; Coast Seafood"},"content":{"rendered":"\n<section class=\"hero block alignfull bg-image grad-light\" style=\"background-image: url('https:\/\/maritech.com\/wp-content\/uploads\/2019\/02\/Ziggi-Maritech-_IMG7667-1366px-WiP.jpg'); \" >\n    <div class=\"container-fluid\">\n        <div class=\"hero-content\">\n                        <div class=\"editor-content\">\n                <h1 class=\"title\"><span style=\"color: #ffffff;\">Coast Seafood \/ Agile Logistics<\/span><\/h1>\n<p class=\"preamble\"><span style=\"color: #ffffff;\">Kundecase B\u00e6rekraftsrapportering<\/span><\/p>\n            <\/div>\n            <div class=\"button-wrap left\"><a class=\"btn btn-primary\" href=\"https:\/\/demo.dev.maritech.cloud\/START\/Introduction\" target=\"_blank\" title=\"Se hvordan vi gj\u00f8r det\">Se hvordan vi gj\u00f8r det<\/a><\/div>        <\/div><!--\/.hero-content-->\n    <\/div><!--\/.container-fluid-->\n<\/section>\n\n\n<section class=\"page-content block alignfull\">\n    <div class=\"container-fluid\">\n        <div class=\"content-wrapper\">\n            <div class=\"editor-content\">\n                <p>&nbsp;<\/p>\n<p class=\"preamble\"><span style=\"color: #1d2f3d;\">&#8211; N\u00e5 blir det mye lettere \u00e5 se hvilke tiltak som vil ha best effekt, sier Logistikkdirekt\u00f8r Eirik Flo.\u00a0<\/span><\/p>\n<p>Siden august har Coast Seafood og datterselskapet Agile Logistics jobbet tett sammen med Maritech for \u00e5 f\u00e5 p\u00e5 plass ny milj\u00f8rapportering. Selve rapporteringen starter 1. januar 2024.<\/p>\n<p>&#8211; Vi er forn\u00f8yde, det har blitt gjort en god jobb, sier Flo. &#8211; Siden vi bruker Maritech-programvare for b\u00e5de logistikk og kj\u00f8p og salg av fisk, landet vi p\u00e5 \u00e5 samarbeide med Maritech om dette ogs\u00e5. Der har vi alle de transports- og salgsrelaterte dataene i systemene allerede. I tillegg fikk vi muligheten til \u00e5 beregne milj\u00f8data for produksjon i sj\u00f8fasen og produksjon p\u00e5 anlegg. Dermed har vi med de viktigste omr\u00e5dene hvor vi har utslipp som f\u00f8lge av b\u00e5de produksjonen og transporten v\u00e5r.<\/p>\n            <\/div><!--\/.editor-content-->\n        <\/div><!--\/.content-wrapper-->\n    <\/div><!--\/.container-fluid-->\n<\/section>\n\n\n<section class=\"video-content block alignfull content-right\">\n\t<div class=\"container-fluid-xl\">\n\t\t<div class=\"row\">\n\n\t\t\t<div class=\"col content-col\">\n\t\t\t\t<div class=\"inner-content\">\n\t\t\t\t\t\t\t\t\t\t\t<div class=\"editor-content\">\n\t\t\t\t\t\t\t<h2 class=\"h3\">Ruter, kj\u00f8ret\u00f8ytype og last<\/h2>\n<p>&#8211; For oss var det f\u00f8rst og fremst viktig \u00e5 skj\u00f8nne hvor vi er i dag, og n\u00e5r det utgangspunktet var etablert ser vi det blir enklere \u00e5 definere KPI\u2019er som beveger v\u00e5rt milj\u00f8avtrykk i riktig retning. Da trenger vi rapporter som viser effekten av det vi gj\u00f8r.<\/p>\n<p>Om vi sender mer fisk og mindre emballasje, eller velger mer milj\u00f8vennlige transportl\u00f8sninger, m\u00e5 det gjenspeiles i rapportene. Der har vi f\u00e5tt veldig god hjelp av Kristoffer i Maritech, og den l\u00f8sningen Maritech har utviklet for beregning av milj\u00f8utslipp.<\/p>\n<p class=\"normal\">Flo forteller at de har lagt opp til en detaljert beregning av transportruter, kj\u00f8ret\u00f8ytype og last for \u00e5 f\u00e5 et best mulig verkt\u00f8y som klarer \u00e5 m\u00e5le effekten av milj\u00f8tiltakene.<\/p>\n<p class=\"normal\">&#8211; Vi vet at alt som kan m\u00e5les skaper et st\u00f8rre engasjement i organisasjonen og dermed blir gjennomf\u00f8ringskraften st\u00f8rre.<\/p>\n\t\t\t\t\t\t<\/div>\n\t\t\t\t\t\t\t\t\t<\/div><!--\/.inner-content-->\n\t\t\t<\/div><!--\/.col-->\n\n\t\t\t<div class=\"col image-col\">\n\t\t\t\t\t\t\t\t\t<img decoding=\"async\" width=\"1000\" height=\"750\" src=\"https:\/\/maritech.com\/wp-content\/uploads\/2023\/11\/AB7I4397-1000x750.jpg\" class=\"cover\" alt=\"Kundecase Maritech Milj\u00f8rapportering. Eirik Flo, Logistikkdirekt\u00f8r i Coast Seafood\" \/>\t\t\t\t\t\t\t<\/div><!--\/.col-->\n\n\t\t<\/div><!--\/.row-->\n\t<\/div><!--\/.container-fluid-xl-->\n<\/section>\n\n\n<section class=\"page-content block alignfull\">\n    <div class=\"container-fluid\">\n        <div class=\"content-wrapper\">\n            <div class=\"editor-content\">\n                <h2 class=\"h3\"><span style=\"color: #1d2f3d;\">Gir mye verdi og l\u00e6ring<\/span><\/h2>\n<p>&#8211; Det er vanskelig \u00e5 jobbe med milj\u00f8tiltak om du ikke ser forbedringene. Det har vi f\u00e5tt til med den nye rapporteringen, fortsetter han. &#8211; Det er bra. Veien fram har v\u00e6rt litt mer komplisert enn vi trodde &#8211; du m\u00e5 virkelig forst\u00e5 logistikken for \u00e5 greie \u00e5 gjenskape reelle tall i modellene. Du m\u00e5 v\u00e6re veldig n\u00f8ye med hvilke forutsetninger du legger inn for \u00e5 f\u00e5 ut riktig utslippstall. Der er det mange feller, s\u00e5 det har v\u00e6rt en krevende \u00f8velse. Men n\u00e5 mener jeg at vi har f\u00e5tt et s\u00e5 godt og n\u00f8yaktig verkt\u00f8y som mulig.<\/p>\n<p>&#8211; \u00c5 lage en utslippsrapportering som er god nok og n\u00f8yaktig nok er ikke rett fram. Men det gir mye verdi n\u00e5r du f\u00e5r jobbet gjennom det. Og s\u00e5 l\u00e6rer du mye selv om milj\u00f8data underveis. Min anbefaling til andre m\u00e5 v\u00e6re \u00e5 sette av nok tid i et slikt prosjekt.<\/p>\n            <\/div><!--\/.editor-content-->\n        <\/div><!--\/.content-wrapper-->\n    <\/div><!--\/.container-fluid-->\n<\/section>\n\n<section  class=\"content-form-cta block alignfull offset\">\n    <div class=\"container-fluid\">\n        <div class=\"alignment-wrapper\">\n            <div class=\"block-container\">\n                                    <h4 class=\"h4\">Vil du vite mer? <\/h4>\n                                                                                    <div class=\"button-wrap left\">\n                        <a class=\"btn\" href=\"https:\/\/share-eu1.hsforms.com\/1N64zSG_iQh6EJmgag0ox5Qewibs\" title=\"Kontakt oss her!\">\n                            Kontakt oss her!                        <\/a>\n                    <\/div>\n                            <\/div>\n        <\/div>\n    <\/div>\n<\/section>\n\n\n<section class=\"related-posts block alignfull\">\n    <div class=\"container-fluid\">\n        <div class=\"title-wrap\">\n            <h2 class=\"heading h2\">Har du f\u00e5tt med deg disse? <\/h2>        <\/div><!--\/.title-wrap-->\n                <div class=\"row\">\n                        <div class=\"col\">\n                <div onclick=\"location.href='https:\/\/maritech.com\/no\/kundecase-tyrholm-farstad\/'\" class=\"post-card\">\n                    <div class=\"img-wrap\">\n\t\t\t\t\t\t<img decoding=\"async\" width=\"1024\" height=\"683\" src=\"https:\/\/maritech.com\/wp-content\/uploads\/2025\/10\/DSC05540-1024x683.jpg\" class=\"attachment-large size-large wp-post-image\" alt=\"Kundecase - Tyrholm &amp; Farstad\" srcset=\"https:\/\/maritech.com\/wp-content\/uploads\/2025\/10\/DSC05540-1024x683.jpg 1024w, https:\/\/maritech.com\/wp-content\/uploads\/2025\/10\/DSC05540-300x200.jpg 300w, https:\/\/maritech.com\/wp-content\/uploads\/2025\/10\/DSC05540-768x512.jpg 768w, https:\/\/maritech.com\/wp-content\/uploads\/2025\/10\/DSC05540-1536x1024.jpg 1536w, https:\/\/maritech.com\/wp-content\/uploads\/2025\/10\/DSC05540-2048x1365.jpg 2048w, https:\/\/maritech.com\/wp-content\/uploads\/2025\/10\/DSC05540-1920x1280.jpg 1920w, https:\/\/maritech.com\/wp-content\/uploads\/2025\/10\/DSC05540-1500x1000.jpg 1500w, https:\/\/maritech.com\/wp-content\/uploads\/2025\/10\/DSC05540-260x173.jpg 260w\" sizes=\"(max-width: 1024px) 100vw, 1024px\" \/>                    <\/div>\n                    <div class=\"info-wrap\">\n                                                <h4><a href=\"https:\/\/maritech.com\/no\/kundecase-tyrholm-farstad\/\">Kundecase &#8211; Tyrholm &#038;  <span class=\"lastword\"> Farstad <svg fill=\"none\" height=\"16\" viewBox=\"0 0 21 16\" width=\"21\" xmlns=\"http:\/\/www.w3.org\/2000\/svg\"><path d=\"m12.2646 1.0521 5.615 5.7114h-17.8796v1.503h17.8796l-5.615 5.7114 1.0343 1.0521 7.3883-7.515-7.3883-7.515z\" fill=\"#446bf9\"\/><\/svg><\/span><\/a><\/h4>\n                    <\/div>\n                <\/div>\n            <\/div><!--\/.col-->\n                        <div class=\"col\">\n                <div onclick=\"location.href='https:\/\/maritech.com\/no\/nordlaks-valgte-maritech-purchase-sales\/'\" class=\"post-card\">\n                    <div class=\"img-wrap\">\n\t\t\t\t\t\t<img decoding=\"async\" width=\"1024\" height=\"775\" src=\"https:\/\/maritech.com\/wp-content\/uploads\/2023\/09\/Nordlaks_squash-1024x775.jpeg\" class=\"attachment-large size-large wp-post-image\" alt=\"Kundecase - Nordlaks\" srcset=\"https:\/\/maritech.com\/wp-content\/uploads\/2023\/09\/Nordlaks_squash-1024x775.jpeg 1024w, https:\/\/maritech.com\/wp-content\/uploads\/2023\/09\/Nordlaks_squash-300x227.jpeg 300w, https:\/\/maritech.com\/wp-content\/uploads\/2023\/09\/Nordlaks_squash-768x581.jpeg 768w, https:\/\/maritech.com\/wp-content\/uploads\/2023\/09\/Nordlaks_squash-1322x1000.jpeg 1322w, https:\/\/maritech.com\/wp-content\/uploads\/2023\/09\/Nordlaks_squash-260x197.jpeg 260w, https:\/\/maritech.com\/wp-content\/uploads\/2023\/09\/Nordlaks_squash.jpeg 1368w\" sizes=\"(max-width: 1024px) 100vw, 1024px\" \/>                    <\/div>\n                    <div class=\"info-wrap\">\n                                                <h4><a href=\"https:\/\/maritech.com\/no\/nordlaks-valgte-maritech-purchase-sales\/\">Kundecase &#8211;  <span class=\"lastword\"> Nordlaks <svg fill=\"none\" height=\"16\" viewBox=\"0 0 21 16\" width=\"21\" xmlns=\"http:\/\/www.w3.org\/2000\/svg\"><path d=\"m12.2646 1.0521 5.615 5.7114h-17.8796v1.503h17.8796l-5.615 5.7114 1.0343 1.0521 7.3883-7.515-7.3883-7.515z\" fill=\"#446bf9\"\/><\/svg><\/span><\/a><\/h4>\n                    <\/div>\n                <\/div>\n            <\/div><!--\/.col-->\n                        <div class=\"col\">\n                <div onclick=\"location.href='https:\/\/maritech.com\/no\/styre-kostnads-og-okonomirapportering\/'\" class=\"post-card\">\n                    <div class=\"img-wrap\">\n\t\t\t\t\t\t<img decoding=\"async\" width=\"1024\" height=\"588\" src=\"https:\/\/maritech.com\/wp-content\/uploads\/2021\/10\/Maritech-Analyytics-logistikk-1024x588.jpg\" class=\"attachment-large size-large wp-post-image\" alt=\"Styre-, kostnads- og finansrapportering\" srcset=\"https:\/\/maritech.com\/wp-content\/uploads\/2021\/10\/Maritech-Analyytics-logistikk-1024x588.jpg 1024w, https:\/\/maritech.com\/wp-content\/uploads\/2021\/10\/Maritech-Analyytics-logistikk-300x172.jpg 300w, https:\/\/maritech.com\/wp-content\/uploads\/2021\/10\/Maritech-Analyytics-logistikk-768x441.jpg 768w, https:\/\/maritech.com\/wp-content\/uploads\/2021\/10\/Maritech-Analyytics-logistikk-1536x881.jpg 1536w, https:\/\/maritech.com\/wp-content\/uploads\/2021\/10\/Maritech-Analyytics-logistikk-260x149.jpg 260w, https:\/\/maritech.com\/wp-content\/uploads\/2021\/10\/Maritech-Analyytics-logistikk.jpg 1910w\" sizes=\"(max-width: 1024px) 100vw, 1024px\" \/>                    <\/div>\n                    <div class=\"info-wrap\">\n                                                <h4><a href=\"https:\/\/maritech.com\/no\/styre-kostnads-og-okonomirapportering\/\">Styre-, kostnads- og  <span class=\"lastword\"> finansrapportering <svg fill=\"none\" height=\"16\" viewBox=\"0 0 21 16\" width=\"21\" xmlns=\"http:\/\/www.w3.org\/2000\/svg\"><path d=\"m12.2646 1.0521 5.615 5.7114h-17.8796v1.503h17.8796l-5.615 5.7114 1.0343 1.0521 7.3883-7.515-7.3883-7.515z\" fill=\"#446bf9\"\/><\/svg><\/span><\/a><\/h4>\n                    <\/div>\n                <\/div>\n            <\/div><!--\/.col-->\n                    <\/div><!--\/.row-->\n            <\/div><!--\/.container-fluid-->\n<\/section>\n\n\n<section class=\"alignfull block newsletter-form dark-blue\">\n    <div class=\"content-max-wrapper\">\n                    <div class=\"content-max-wrapper__text\">\n                <h3 class=\"h3\">Motta nyhetsbrev fra oss!<\/h3>\n            <\/div>\n                <!--[if lte IE 8]>\r\n<script charset=\"utf-8\" type=\"text\/javascript\" src=\"\/\/js-eu1.hsforms.net\/forms\/v2-legacy.js\"><\/script>\r\n<![endif]-->\r\n<script charset=\"utf-8\" type=\"text\/javascript\" src=\"\/\/js-eu1.hsforms.net\/forms\/v2.js\"><\/script>\r\n<script>\r\n  hbspt.forms.create({\r\n    region: \"eu1\",\r\n    portalId: \"25031368\",\r\n    formId: \"810e627a-049b-49de-b096-e08125e0e7e6\"\r\n});\r\n<\/script>    <div>\n<\/section>\n","protected":false},"excerpt":{"rendered":"","protected":false},"author":11,"featured_media":18241,"parent":0,"menu_order":0,"comment_status":"closed","ping_status":"closed","template":"","meta":{"_acf_changed":false,"content-type":"","lazy_load_responsive_images_disabled":false,"footnotes":""},"class_list":["post-17604","page","type-page","status-publish","has-post-thumbnail","hentry"],"acf":[],"yoast_head":"<!-- This site is optimized with the Yoast SEO Premium plugin v21.8 (Yoast SEO v26.8) - https:\/\/yoast.com\/product\/yoast-seo-premium-wordpress\/ -->\n<title>Kundecase - Coast Seafood - Maritech<\/title>\n<meta name=\"description\" content=\"- N\u00e5 blir det mye lettere \u00e5 se hvilke tiltak som vil ha best effekt, sier Logistikkdirekt\u00f8r Eirik Flo i Coast Seafood. Les mer om hvorfor.\" \/>\n<meta name=\"robots\" content=\"index, follow, max-snippet:-1, max-image-preview:large, max-video-preview:-1\" \/>\n<link rel=\"canonical\" href=\"https:\/\/maritech.com\/no\/kundecase-miljorapportering-coast-seafood\/\" \/>\n<meta property=\"og:locale\" content=\"nb_NO\" \/>\n<meta property=\"og:type\" content=\"article\" \/>\n<meta property=\"og:title\" content=\"Kundecase - Coast Seafood\" \/>\n<meta property=\"og:description\" content=\"- N\u00e5 blir det mye lettere \u00e5 se hvilke tiltak som vil ha best effekt, sier Logistikkdirekt\u00f8r Eirik Flo i Coast Seafood. Les mer om hvorfor.\" \/>\n<meta property=\"og:url\" content=\"https:\/\/maritech.com\/no\/kundecase-miljorapportering-coast-seafood\/\" \/>\n<meta property=\"og:site_name\" content=\"Maritech\" \/>\n<meta property=\"article:modified_time\" content=\"2025-10-07T11:18:25+00:00\" \/>\n<meta property=\"og:image\" content=\"https:\/\/maritech.com\/wp-content\/uploads\/2023\/11\/AB7I4397-scaled.jpg\" \/>\n\t<meta property=\"og:image:width\" content=\"2560\" \/>\n\t<meta property=\"og:image:height\" content=\"1707\" \/>\n\t<meta property=\"og:image:type\" content=\"image\/jpeg\" \/>\n<meta name=\"twitter:card\" content=\"summary_large_image\" \/>\n<meta name=\"twitter:label1\" content=\"Ansl. lesetid\" \/>\n\t<meta name=\"twitter:data1\" content=\"1 minutt\" \/>\n<script type=\"application\/ld+json\" class=\"yoast-schema-graph\">{\"@context\":\"https:\/\/schema.org\",\"@graph\":[{\"@type\":\"WebPage\",\"@id\":\"https:\/\/maritech.com\/no\/kundecase-miljorapportering-coast-seafood\/\",\"url\":\"https:\/\/maritech.com\/no\/kundecase-miljorapportering-coast-seafood\/\",\"name\":\"Kundecase - Coast Seafood - Maritech\",\"isPartOf\":{\"@id\":\"https:\/\/maritech.com\/no\/#website\"},\"primaryImageOfPage\":{\"@id\":\"https:\/\/maritech.com\/no\/kundecase-miljorapportering-coast-seafood\/#primaryimage\"},\"image\":{\"@id\":\"https:\/\/maritech.com\/no\/kundecase-miljorapportering-coast-seafood\/#primaryimage\"},\"thumbnailUrl\":\"https:\/\/maritech.com\/wp-content\/uploads\/2023\/11\/AB7I4397-scaled.jpg\",\"datePublished\":\"2023-12-01T12:44:53+00:00\",\"dateModified\":\"2025-10-07T11:18:25+00:00\",\"description\":\"- N\u00e5 blir det mye lettere \u00e5 se hvilke tiltak som vil ha best effekt, sier Logistikkdirekt\u00f8r Eirik Flo i Coast Seafood. Les mer om hvorfor.\",\"breadcrumb\":{\"@id\":\"https:\/\/maritech.com\/no\/kundecase-miljorapportering-coast-seafood\/#breadcrumb\"},\"inLanguage\":\"nb-NO\",\"potentialAction\":[{\"@type\":\"ReadAction\",\"target\":[\"https:\/\/maritech.com\/no\/kundecase-miljorapportering-coast-seafood\/\"]}]},{\"@type\":\"ImageObject\",\"inLanguage\":\"nb-NO\",\"@id\":\"https:\/\/maritech.com\/no\/kundecase-miljorapportering-coast-seafood\/#primaryimage\",\"url\":\"https:\/\/maritech.com\/wp-content\/uploads\/2023\/11\/AB7I4397-scaled.jpg\",\"contentUrl\":\"https:\/\/maritech.com\/wp-content\/uploads\/2023\/11\/AB7I4397-scaled.jpg\",\"width\":2560,\"height\":1707,\"caption\":\"Kundecase Maritech Milj\u00f8rapportering. Eirik Flo, Logistikkdirekt\u00f8r i Coast Seafood\"},{\"@type\":\"BreadcrumbList\",\"@id\":\"https:\/\/maritech.com\/no\/kundecase-miljorapportering-coast-seafood\/#breadcrumb\",\"itemListElement\":[{\"@type\":\"ListItem\",\"position\":1,\"name\":\"Home\",\"item\":\"https:\/\/maritech.com\/no\/\"},{\"@type\":\"ListItem\",\"position\":2,\"name\":\"Kundecase &#8211; Coast Seafood\"}]},{\"@type\":\"WebSite\",\"@id\":\"https:\/\/maritech.com\/no\/#website\",\"url\":\"https:\/\/maritech.com\/no\/\",\"name\":\"Maritech\",\"description\":\"\",\"publisher\":{\"@id\":\"https:\/\/maritech.com\/no\/#organization\"},\"potentialAction\":[{\"@type\":\"SearchAction\",\"target\":{\"@type\":\"EntryPoint\",\"urlTemplate\":\"https:\/\/maritech.com\/no\/?s={search_term_string}\"},\"query-input\":{\"@type\":\"PropertyValueSpecification\",\"valueRequired\":true,\"valueName\":\"search_term_string\"}}],\"inLanguage\":\"nb-NO\"},{\"@type\":\"Organization\",\"@id\":\"https:\/\/maritech.com\/no\/#organization\",\"name\":\"Maritech\",\"url\":\"https:\/\/maritech.com\/no\/\",\"logo\":{\"@type\":\"ImageObject\",\"inLanguage\":\"nb-NO\",\"@id\":\"https:\/\/maritech.com\/no\/#\/schema\/logo\/image\/\",\"url\":\"https:\/\/maritech.com\/wp-content\/uploads\/2024\/07\/Maritech-Logo-Co-Brand-WHITE.png\",\"contentUrl\":\"https:\/\/maritech.com\/wp-content\/uploads\/2024\/07\/Maritech-Logo-Co-Brand-WHITE.png\",\"width\":3336,\"height\":890,\"caption\":\"Maritech\"},\"image\":{\"@id\":\"https:\/\/maritech.com\/no\/#\/schema\/logo\/image\/\"}}]}<\/script>\n<!-- \/ Yoast SEO Premium plugin. -->","yoast_head_json":{"title":"Kundecase - Coast Seafood - Maritech","description":"- N\u00e5 blir det mye lettere \u00e5 se hvilke tiltak som vil ha best effekt, sier Logistikkdirekt\u00f8r Eirik Flo i Coast Seafood. Les mer om hvorfor.","robots":{"index":"index","follow":"follow","max-snippet":"max-snippet:-1","max-image-preview":"max-image-preview:large","max-video-preview":"max-video-preview:-1"},"canonical":"https:\/\/maritech.com\/no\/kundecase-miljorapportering-coast-seafood\/","og_locale":"nb_NO","og_type":"article","og_title":"Kundecase - Coast Seafood","og_description":"- N\u00e5 blir det mye lettere \u00e5 se hvilke tiltak som vil ha best effekt, sier Logistikkdirekt\u00f8r Eirik Flo i Coast Seafood. Les mer om hvorfor.","og_url":"https:\/\/maritech.com\/no\/kundecase-miljorapportering-coast-seafood\/","og_site_name":"Maritech","article_modified_time":"2025-10-07T11:18:25+00:00","og_image":[{"width":2560,"height":1707,"url":"https:\/\/maritech.com\/wp-content\/uploads\/2023\/11\/AB7I4397-scaled.jpg","type":"image\/jpeg"}],"twitter_card":"summary_large_image","twitter_misc":{"Ansl. lesetid":"1 minutt"},"schema":{"@context":"https:\/\/schema.org","@graph":[{"@type":"WebPage","@id":"https:\/\/maritech.com\/no\/kundecase-miljorapportering-coast-seafood\/","url":"https:\/\/maritech.com\/no\/kundecase-miljorapportering-coast-seafood\/","name":"Kundecase - Coast Seafood - Maritech","isPartOf":{"@id":"https:\/\/maritech.com\/no\/#website"},"primaryImageOfPage":{"@id":"https:\/\/maritech.com\/no\/kundecase-miljorapportering-coast-seafood\/#primaryimage"},"image":{"@id":"https:\/\/maritech.com\/no\/kundecase-miljorapportering-coast-seafood\/#primaryimage"},"thumbnailUrl":"https:\/\/maritech.com\/wp-content\/uploads\/2023\/11\/AB7I4397-scaled.jpg","datePublished":"2023-12-01T12:44:53+00:00","dateModified":"2025-10-07T11:18:25+00:00","description":"- N\u00e5 blir det mye lettere \u00e5 se hvilke tiltak som vil ha best effekt, sier Logistikkdirekt\u00f8r Eirik Flo i Coast Seafood. Les mer om hvorfor.","breadcrumb":{"@id":"https:\/\/maritech.com\/no\/kundecase-miljorapportering-coast-seafood\/#breadcrumb"},"inLanguage":"nb-NO","potentialAction":[{"@type":"ReadAction","target":["https:\/\/maritech.com\/no\/kundecase-miljorapportering-coast-seafood\/"]}]},{"@type":"ImageObject","inLanguage":"nb-NO","@id":"https:\/\/maritech.com\/no\/kundecase-miljorapportering-coast-seafood\/#primaryimage","url":"https:\/\/maritech.com\/wp-content\/uploads\/2023\/11\/AB7I4397-scaled.jpg","contentUrl":"https:\/\/maritech.com\/wp-content\/uploads\/2023\/11\/AB7I4397-scaled.jpg","width":2560,"height":1707,"caption":"Kundecase Maritech Milj\u00f8rapportering. Eirik Flo, Logistikkdirekt\u00f8r i Coast Seafood"},{"@type":"BreadcrumbList","@id":"https:\/\/maritech.com\/no\/kundecase-miljorapportering-coast-seafood\/#breadcrumb","itemListElement":[{"@type":"ListItem","position":1,"name":"Home","item":"https:\/\/maritech.com\/no\/"},{"@type":"ListItem","position":2,"name":"Kundecase &#8211; Coast Seafood"}]},{"@type":"WebSite","@id":"https:\/\/maritech.com\/no\/#website","url":"https:\/\/maritech.com\/no\/","name":"Maritech","description":"","publisher":{"@id":"https:\/\/maritech.com\/no\/#organization"},"potentialAction":[{"@type":"SearchAction","target":{"@type":"EntryPoint","urlTemplate":"https:\/\/maritech.com\/no\/?s={search_term_string}"},"query-input":{"@type":"PropertyValueSpecification","valueRequired":true,"valueName":"search_term_string"}}],"inLanguage":"nb-NO"},{"@type":"Organization","@id":"https:\/\/maritech.com\/no\/#organization","name":"Maritech","url":"https:\/\/maritech.com\/no\/","logo":{"@type":"ImageObject","inLanguage":"nb-NO","@id":"https:\/\/maritech.com\/no\/#\/schema\/logo\/image\/","url":"https:\/\/maritech.com\/wp-content\/uploads\/2024\/07\/Maritech-Logo-Co-Brand-WHITE.png","contentUrl":"https:\/\/maritech.com\/wp-content\/uploads\/2024\/07\/Maritech-Logo-Co-Brand-WHITE.png","width":3336,"height":890,"caption":"Maritech"},"image":{"@id":"https:\/\/maritech.com\/no\/#\/schema\/logo\/image\/"}}]}},"jetpack_sharing_enabled":true,"_links":{"self":[{"href":"https:\/\/maritech.com\/no\/wp-json\/wp\/v2\/pages\/17604","targetHints":{"allow":["GET"]}}],"collection":[{"href":"https:\/\/maritech.com\/no\/wp-json\/wp\/v2\/pages"}],"about":[{"href":"https:\/\/maritech.com\/no\/wp-json\/wp\/v2\/types\/page"}],"author":[{"embeddable":true,"href":"https:\/\/maritech.com\/no\/wp-json\/wp\/v2\/users\/11"}],"replies":[{"embeddable":true,"href":"https:\/\/maritech.com\/no\/wp-json\/wp\/v2\/comments?post=17604"}],"version-history":[{"count":79,"href":"https:\/\/maritech.com\/no\/wp-json\/wp\/v2\/pages\/17604\/revisions"}],"predecessor-version":[{"id":21175,"href":"https:\/\/maritech.com\/no\/wp-json\/wp\/v2\/pages\/17604\/revisions\/21175"}],"wp:featuredmedia":[{"embeddable":true,"href":"https:\/\/maritech.com\/no\/wp-json\/wp\/v2\/media\/18241"}],"wp:attachment":[{"href":"https:\/\/maritech.com\/no\/wp-json\/wp\/v2\/media?parent=17604"}],"curies":[{"name":"wp","href":"https:\/\/api.w.org\/{rel}","templated":true}]}}