{"id":19432,"date":"2024-02-02T10:18:21","date_gmt":"2024-02-02T09:18:21","guid":{"rendered":"https:\/\/maritech.com\/?page_id=19432"},"modified":"2024-07-19T10:04:43","modified_gmt":"2024-07-19T09:04:43","slug":"kundecase-salmon-evolution","status":"publish","type":"page","link":"https:\/\/maritech.com\/no\/kundecase-salmon-evolution\/","title":{"rendered":"Kundecase &#8211; Salmon Evolution"},"content":{"rendered":"\n<section class=\"hero block alignfull bg-image grad-dark\" style=\"background-image: url('https:\/\/maritech.com\/wp-content\/uploads\/2024\/02\/SE_Laks-pa-is.jpg'); \" >\n    <div class=\"container-fluid\">\n        <div class=\"hero-content\">\n                        <div class=\"editor-content\">\n                <h1><span style=\"color: #ffffff;\">Salmon Evolution<\/span><\/h1>\n<p class=\"preamble\"><span style=\"color: #ffffff;\">Kundecase &#8211; Maritech Purchase &amp; Sales og Maritech Packing Monitor<\/span><\/p>\n            <\/div>\n            <div class=\"button-wrap left\"><a class=\"btn btn-outline-white\" href=\"https:\/\/maritech.com\/no\/book-en-demo\/\" target=\"_blank\" title=\"Ta en titt p\u00e5 v\u00e5r digitale demo\">Ta en titt p\u00e5 v\u00e5r digitale demo<\/a><\/div>        <\/div><!--\/.hero-content-->\n    <\/div><!--\/.container-fluid-->\n<\/section>\n\n\n<section class=\"page-content block alignfull\">\n    <div class=\"container-fluid\">\n        <div class=\"content-wrapper\">\n            <div class=\"editor-content\">\n                <p>&nbsp;<\/p>\n<p class=\"preamble\">&#8211; Vi skal v\u00e6re langt fremme p\u00e5 alt. Derfor har det v\u00e6rt helt naturlig for oss \u00e5 velge skyl\u00f8sninger fra Maritech, sier Odd Frode Roaldsnes, CCO i Salmon Evolution.<\/p>\n<p>Siden h\u00f8sten 2022 har de brukt <a href=\"https:\/\/maritech.com\/no\/maritech-purchase-sales\/\" target=\"_blank\" rel=\"noopener\">Maritech Purchase &amp; Sales<\/a> til alle prosesser relatert til salg, sporing og eksport av laks. I \u00e5r har Salmon Evolution i tillegg hatt en n\u00f8kkelrolle i utviklingen av den nye l\u00f8sningen Maritech Packing Monitor, som gj\u00f8r at de alltid har tilgang til sanntidsdata og rapporter fra det eksterne pakkeriet som de samarbeider tett med.<\/p>\n<p>&nbsp;<\/p>\n<h2 class=\"h3\"><span style=\"color: #1d2f3d;\">Live p\u00e5 under to m\u00e5neder<\/span><\/h2>\n<p>Supply Chain Manager Marius \u00d8stgaard og Sales Coordinator Michelle Wiig Vartdal ledet det interne arbeidet med Purchase &amp; Sales-implementeringen h\u00f8sten 2022, og forteller at det var en god prosess.<\/p>\n<p>&#8211; Det gikk fint \u00e5 komme i gang, forteller Wiig Vartdal.<\/p>\n<p>&#8211; Vi fikk veldig god hjelp og var Live p\u00e5 under 2 m\u00e5neder, teamet v\u00e5rt i Maritech var p\u00e5 ballen hele tiden, og vi fikk alle system p\u00e5 plass f\u00f8r f\u00f8rste slakt. Det var ogs\u00e5 en fordel \u00e5 v\u00e6re et nystartet selskap, uten \u00e5 konvertere store mengder data til det nye systemet, vi kunne starte med blanke ark og legge et solid fundament for veksten som kommer i \u00e5rene framover.<\/p>\n            <\/div><!--\/.editor-content-->\n        <\/div><!--\/.content-wrapper-->\n    <\/div><!--\/.container-fluid-->\n<\/section>\n\n\n<section class=\"video-content block alignfull content-right\">\n\t<div class=\"container-fluid-xl\">\n\t\t<div class=\"row\">\n\n\t\t\t<div class=\"col content-col\">\n\t\t\t\t<div class=\"inner-content\">\n\t\t\t\t\t\t\t\t\t\t\t<div class=\"editor-content\">\n\t\t\t\t\t\t\t<h2 class=\"h3\"><span style=\"color: #1d2f3d;\">Ser store muligheter sammen med Maritech<\/span><\/h2>\n<p>&#8211; Jeg har jobbet gamle Maritech Trading f\u00f8r, i en tidligere jobb. Dette er mye enklere, det er moderne, lett \u00e5 finne fram i. Det er ideelt \u00e5 kunne lage maler og drag and drop, du f\u00e5r l\u00f8st det du skal gj\u00f8re p\u00e5 en intuitiv m\u00e5te. Vi ser at vi blir enda mer effektive jo mer vi f\u00e5r automatisert. Desto bedre du blir i systemet, jo mer tid sparer du, sier Michelle.<\/p>\n<p>&#8211; Vi ser at det er store muligheter sammen med Maritech videre, sier Odd Frode Roaldsnes.<\/p>\n<p>&#8211; Et eksempel er det nyeste prosjektet vi har samarbeidet om, pakkemonitor-l\u00f8sningen som gj\u00f8r at vi n\u00e5 kan ha full oversikt over status p\u00e5 alle ordrer, og produsere eksportdokumentene s\u00e5 snart terminalen p\u00e5 slakteriet gir klarsignal. Ved \u00e5 v\u00e6re online med slakteriet, kan vi aktivt styre produksjonen, optimalisere og prioritere ordrer, slik at kundene f\u00e5r det de har bestilt.<\/p>\n\t\t\t\t\t\t<\/div>\n\t\t\t\t\t\t\t\t\t<\/div><!--\/.inner-content-->\n\t\t\t<\/div><!--\/.col-->\n\n\t\t\t<div class=\"col image-col\">\n\t\t\t\t\t\t\t\t\t<img decoding=\"async\" width=\"1000\" height=\"750\" src=\"https:\/\/maritech.com\/wp-content\/uploads\/2023\/11\/DSC09797-1000x750.jpg\" class=\"cover\" alt=\"Salmon Evolution - Customer case Maritech Purchase &amp; Sales &amp; Packing Monitor\" \/>\t\t\t\t\t\t\t<\/div><!--\/.col-->\n\n\t\t<\/div><!--\/.row-->\n\t<\/div><!--\/.container-fluid-xl-->\n<\/section>\n\n\n<section class=\"page-content block alignfull\">\n    <div class=\"container-fluid\">\n        <div class=\"content-wrapper\">\n            <div class=\"editor-content\">\n                <h2 class=\"h3\"><span style=\"color: #1d2f3d;\">Veldig godt forn\u00f8yde<\/span><\/h2>\n<p>&#8211; Et annet omr\u00e5de er datafangst, rapportering, sporing og analyse, fortsetter han.<\/p>\n<p>&#8211; Salmon Evolution er et datadrevet selskap. Fra f\u00f8rste dag har vi v\u00e6rt opptatt av \u00e5 samle og prosessere store mengder data, slik at legge til rette for kontinuerlig l\u00e6ring og forbedring. N\u00e5 jobber vi blant annet med \u00e5 f\u00e5 p\u00e5 plass en del spesialrapporter i <a href=\"https:\/\/maritech.com\/no\/vare-losninger\/vare-losninger-analytics\/\" target=\"_blank\" rel=\"noopener\">Maritech Analytics<\/a>, for \u00e5 f\u00e5 ut best mulig beslutningsgrunnlag for optimalisering av prosesser i produksjonen. Slakterapportene er p\u00e5 en m\u00e5te fasiten etter endt produksjonssyklus, og det er viktig for oss \u00e5 bruke innsiktene vi f\u00e5r til \u00e5 fortsette \u00e5 levere produkter av h\u00f8y kvalitet til kundene v\u00e5re.<\/p>\n<p>&#8211; Produksjon av laks p\u00e5 land er high-tech og produksjon og salg henger sammen, vi skal ogs\u00e5 v\u00e6re en moderne salgsorganisasjon &#8211; da m\u00e5 man ha de rette systemene. Og n\u00e5r de f\u00f8rst er p\u00e5 plass, m\u00e5 de brukes fullt ut. Vi legger alt inn i <a href=\"https:\/\/maritech.com\/no\/nyheter-i-maritech-purchase-sales\/\" target=\"_blank\" rel=\"noopener\">Maritech Purchase &amp; Sales<\/a>, som har blitt mye mer enn et salgsverkt\u00f8y. Det gj\u00f8r det enkelt for andre avdelinger i konsernet \u00e5 til enhver tid kunne holde seg oppdatert p\u00e5 status for leveranser, kvalitet, kunder, priser, fordringer og s\u00e5 videre, uten \u00e5 m\u00e5tte be sp\u00f8rre salgsavdelingen om rapporter. I forbindelse med sporing, massebalanse og sertifiseringer som Global Gap og ASC, har Maritech Purchase &amp; Sales vist seg \u00e5 v\u00e6re et veldig nyttig redskap.<\/p>\n<p>&#8211; N\u00e5 har vi verkt\u00f8yene vi trenger til reisen videre \u2013 og den har bare s\u00e5 vidt begynt. Fisken trives, teknologien fungerer, kundene er forn\u00f8yde. Vi lykkes med \u00e5 levere en sv\u00e6rt h\u00f8y andel superior-kvalitet, og har bevist at det g\u00e5r an \u00e5 produsere fantastisk laks p\u00e5 land, helt b\u00e6rekraftig. Innen 2032 er planen en \u00e5rlig produksjon av 345 millioner m\u00e5ltider til det globale markedet. Dere er en av mange dyktige leverand\u00f8rer som hjelper oss med \u00e5 n\u00e5 m\u00e5lene, og er veldig godt forn\u00f8yde med samarbeidet med Maritech. Vi ser frem til \u00e5 vokse og utvikle oss videre sammen i \u00e5rene som kommer, avslutter han.<\/p>\n            <\/div><!--\/.editor-content-->\n        <\/div><!--\/.content-wrapper-->\n    <\/div><!--\/.container-fluid-->\n<\/section>\n\n<section  class=\"content-form-cta block alignfull offset\">\n    <div class=\"container-fluid\">\n        <div class=\"alignment-wrapper\">\n            <div class=\"block-container\">\n                                    <h4 class=\"h4\">Vil du vite mer?<\/h4>\n                                                    <p>Sp\u00f8r oss, da vel! Vi vil veldig gjerne h\u00f8re fra deg.<\/p>\n                                                                    <div class=\"button-wrap left\">\n                        <a class=\"btn\" href=\"https:\/\/share-eu1.hsforms.com\/1N64zSG_iQh6EJmgag0ox5Qewibs\" title=\"Kontakt oss her\">\n                            Kontakt oss her                        <\/a>\n                    <\/div>\n                            <\/div>\n        <\/div>\n    <\/div>\n<\/section>\n\n\n<section class=\"related-posts block alignfull\">\n    <div class=\"container-fluid\">\n        <div class=\"title-wrap\">\n            <h2 class=\"heading h2\">Pssst&#8230;! Har du f\u00e5tt med deg disse?<\/h2>        <\/div><!--\/.title-wrap-->\n                <div class=\"row\">\n                        <div class=\"col\">\n                <div onclick=\"location.href='https:\/\/maritech.com\/no\/nordlaks-valgte-maritech-purchase-sales\/'\" class=\"post-card\">\n                    <div class=\"img-wrap\">\n\t\t\t\t\t\t<img decoding=\"async\" width=\"1024\" height=\"775\" src=\"https:\/\/maritech.com\/wp-content\/uploads\/2023\/09\/Nordlaks_squash-1024x775.jpeg\" class=\"attachment-large size-large wp-post-image\" alt=\"Kundecase - Nordlaks\" srcset=\"https:\/\/maritech.com\/wp-content\/uploads\/2023\/09\/Nordlaks_squash-1024x775.jpeg 1024w, https:\/\/maritech.com\/wp-content\/uploads\/2023\/09\/Nordlaks_squash-300x227.jpeg 300w, https:\/\/maritech.com\/wp-content\/uploads\/2023\/09\/Nordlaks_squash-768x581.jpeg 768w, https:\/\/maritech.com\/wp-content\/uploads\/2023\/09\/Nordlaks_squash-1322x1000.jpeg 1322w, https:\/\/maritech.com\/wp-content\/uploads\/2023\/09\/Nordlaks_squash-260x197.jpeg 260w, https:\/\/maritech.com\/wp-content\/uploads\/2023\/09\/Nordlaks_squash.jpeg 1368w\" sizes=\"(max-width: 1024px) 100vw, 1024px\" \/>                    <\/div>\n                    <div class=\"info-wrap\">\n                                                <h4><a href=\"https:\/\/maritech.com\/no\/nordlaks-valgte-maritech-purchase-sales\/\">Kundecase &#8211;  <span class=\"lastword\"> Nordlaks <svg fill=\"none\" height=\"16\" viewBox=\"0 0 21 16\" width=\"21\" xmlns=\"http:\/\/www.w3.org\/2000\/svg\"><path d=\"m12.2646 1.0521 5.615 5.7114h-17.8796v1.503h17.8796l-5.615 5.7114 1.0343 1.0521 7.3883-7.515-7.3883-7.515z\" fill=\"#446bf9\"\/><\/svg><\/span><\/a><\/h4>\n                    <\/div>\n                <\/div>\n            <\/div><!--\/.col-->\n                        <div class=\"col\">\n                <div onclick=\"location.href='https:\/\/maritech.com\/no\/kundecase-miljorapportering-coast-seafood\/'\" class=\"post-card\">\n                    <div class=\"img-wrap\">\n\t\t\t\t\t\t<img decoding=\"async\" width=\"1024\" height=\"683\" src=\"https:\/\/maritech.com\/wp-content\/uploads\/2023\/11\/AB7I4397-1024x683.jpg\" class=\"attachment-large size-large wp-post-image\" alt=\"Kundecase - Coast Seafood\" srcset=\"https:\/\/maritech.com\/wp-content\/uploads\/2023\/11\/AB7I4397-1024x683.jpg 1024w, https:\/\/maritech.com\/wp-content\/uploads\/2023\/11\/AB7I4397-300x200.jpg 300w, https:\/\/maritech.com\/wp-content\/uploads\/2023\/11\/AB7I4397-768x512.jpg 768w, https:\/\/maritech.com\/wp-content\/uploads\/2023\/11\/AB7I4397-1536x1024.jpg 1536w, https:\/\/maritech.com\/wp-content\/uploads\/2023\/11\/AB7I4397-2048x1365.jpg 2048w, https:\/\/maritech.com\/wp-content\/uploads\/2023\/11\/AB7I4397-1920x1280.jpg 1920w, https:\/\/maritech.com\/wp-content\/uploads\/2023\/11\/AB7I4397-1500x1000.jpg 1500w, https:\/\/maritech.com\/wp-content\/uploads\/2023\/11\/AB7I4397-260x173.jpg 260w\" sizes=\"(max-width: 1024px) 100vw, 1024px\" \/>                    <\/div>\n                    <div class=\"info-wrap\">\n                                                <h4><a href=\"https:\/\/maritech.com\/no\/kundecase-miljorapportering-coast-seafood\/\">Kundecase &#8211; Coast  <span class=\"lastword\"> Seafood <svg fill=\"none\" height=\"16\" viewBox=\"0 0 21 16\" width=\"21\" xmlns=\"http:\/\/www.w3.org\/2000\/svg\"><path d=\"m12.2646 1.0521 5.615 5.7114h-17.8796v1.503h17.8796l-5.615 5.7114 1.0343 1.0521 7.3883-7.515-7.3883-7.515z\" fill=\"#446bf9\"\/><\/svg><\/span><\/a><\/h4>\n                    <\/div>\n                <\/div>\n            <\/div><!--\/.col-->\n                        <div class=\"col\">\n                <div onclick=\"location.href='https:\/\/maritech.com\/no\/samherji-valgte-maritecheye\/'\" class=\"post-card\">\n                    <div class=\"img-wrap\">\n\t\t\t\t\t\t<img decoding=\"async\" width=\"1024\" height=\"745\" src=\"https:\/\/maritech.com\/wp-content\/uploads\/2023\/06\/MicrosoftTeams-image-1-1024x745.jpg\" class=\"attachment-large size-large wp-post-image\" alt=\"Kundecase - Samherji\" srcset=\"https:\/\/maritech.com\/wp-content\/uploads\/2023\/06\/MicrosoftTeams-image-1-1024x745.jpg 1024w, https:\/\/maritech.com\/wp-content\/uploads\/2023\/06\/MicrosoftTeams-image-1-300x218.jpg 300w, https:\/\/maritech.com\/wp-content\/uploads\/2023\/06\/MicrosoftTeams-image-1-768x559.jpg 768w, https:\/\/maritech.com\/wp-content\/uploads\/2023\/06\/MicrosoftTeams-image-1-1536x1118.jpg 1536w, https:\/\/maritech.com\/wp-content\/uploads\/2023\/06\/MicrosoftTeams-image-1-2048x1490.jpg 2048w, https:\/\/maritech.com\/wp-content\/uploads\/2023\/06\/MicrosoftTeams-image-1-1920x1397.jpg 1920w, https:\/\/maritech.com\/wp-content\/uploads\/2023\/06\/MicrosoftTeams-image-1-1374x1000.jpg 1374w, https:\/\/maritech.com\/wp-content\/uploads\/2023\/06\/MicrosoftTeams-image-1-260x189.jpg 260w\" sizes=\"(max-width: 1024px) 100vw, 1024px\" \/>                    <\/div>\n                    <div class=\"info-wrap\">\n                                                <h4><a href=\"https:\/\/maritech.com\/no\/samherji-valgte-maritecheye\/\">Kundecase &#8211;  <span class=\"lastword\"> Samherji <svg fill=\"none\" height=\"16\" viewBox=\"0 0 21 16\" width=\"21\" xmlns=\"http:\/\/www.w3.org\/2000\/svg\"><path d=\"m12.2646 1.0521 5.615 5.7114h-17.8796v1.503h17.8796l-5.615 5.7114 1.0343 1.0521 7.3883-7.515-7.3883-7.515z\" fill=\"#446bf9\"\/><\/svg><\/span><\/a><\/h4>\n                    <\/div>\n                <\/div>\n            <\/div><!--\/.col-->\n                    <\/div><!--\/.row-->\n            <\/div><!--\/.container-fluid-->\n<\/section>\n","protected":false},"excerpt":{"rendered":"","protected":false},"author":11,"featured_media":17759,"parent":0,"menu_order":0,"comment_status":"closed","ping_status":"closed","template":"","meta":{"_acf_changed":false,"content-type":"","lazy_load_responsive_images_disabled":false,"footnotes":""},"class_list":["post-19432","page","type-page","status-publish","has-post-thumbnail","hentry"],"acf":[],"yoast_head":"<!-- This site is optimized with the Yoast SEO Premium plugin v21.8 (Yoast SEO v26.8) - https:\/\/yoast.com\/product\/yoast-seo-premium-wordpress\/ -->\n<title>Kundecase - Salmon Evolution - Maritech<\/title>\n<meta name=\"description\" content=\"- Vi skal v\u00e6re langt fremme p\u00e5 alt. Derfor var det helt naturlig for oss \u00e5 velge Maritech, sier Odd Frode Roaldsnes, CCO, Salmon Evolution.\" \/>\n<meta name=\"robots\" content=\"index, follow, max-snippet:-1, max-image-preview:large, max-video-preview:-1\" \/>\n<link rel=\"canonical\" href=\"https:\/\/maritech.com\/no\/kundecase-salmon-evolution\/\" \/>\n<meta property=\"og:locale\" content=\"nb_NO\" \/>\n<meta property=\"og:type\" content=\"article\" \/>\n<meta property=\"og:title\" content=\"Kundecase - Salmon Evolution\" \/>\n<meta property=\"og:description\" content=\"- Vi skal v\u00e6re langt fremme p\u00e5 alt. Derfor var det helt naturlig for oss \u00e5 velge Maritech, sier Odd Frode Roaldsnes, CCO, Salmon Evolution.\" \/>\n<meta property=\"og:url\" content=\"https:\/\/maritech.com\/no\/kundecase-salmon-evolution\/\" \/>\n<meta property=\"og:site_name\" content=\"Maritech\" \/>\n<meta property=\"article:modified_time\" content=\"2024-07-19T09:04:43+00:00\" \/>\n<meta property=\"og:image\" content=\"https:\/\/maritech.com\/wp-content\/uploads\/2023\/11\/DSC09797-scaled.jpg\" \/>\n\t<meta property=\"og:image:width\" content=\"2560\" \/>\n\t<meta property=\"og:image:height\" content=\"1707\" \/>\n\t<meta property=\"og:image:type\" content=\"image\/jpeg\" \/>\n<meta name=\"twitter:card\" content=\"summary_large_image\" \/>\n<meta name=\"twitter:label1\" content=\"Ansl. lesetid\" \/>\n\t<meta name=\"twitter:data1\" content=\"1 minutt\" \/>\n<script type=\"application\/ld+json\" class=\"yoast-schema-graph\">{\"@context\":\"https:\/\/schema.org\",\"@graph\":[{\"@type\":\"WebPage\",\"@id\":\"https:\/\/maritech.com\/no\/kundecase-salmon-evolution\/\",\"url\":\"https:\/\/maritech.com\/no\/kundecase-salmon-evolution\/\",\"name\":\"Kundecase - Salmon Evolution - Maritech\",\"isPartOf\":{\"@id\":\"https:\/\/maritech.com\/no\/#website\"},\"primaryImageOfPage\":{\"@id\":\"https:\/\/maritech.com\/no\/kundecase-salmon-evolution\/#primaryimage\"},\"image\":{\"@id\":\"https:\/\/maritech.com\/no\/kundecase-salmon-evolution\/#primaryimage\"},\"thumbnailUrl\":\"https:\/\/maritech.com\/wp-content\/uploads\/2023\/11\/DSC09797-scaled.jpg\",\"datePublished\":\"2024-02-02T09:18:21+00:00\",\"dateModified\":\"2024-07-19T09:04:43+00:00\",\"description\":\"- Vi skal v\u00e6re langt fremme p\u00e5 alt. Derfor var det helt naturlig for oss \u00e5 velge Maritech, sier Odd Frode Roaldsnes, CCO, Salmon Evolution.\",\"breadcrumb\":{\"@id\":\"https:\/\/maritech.com\/no\/kundecase-salmon-evolution\/#breadcrumb\"},\"inLanguage\":\"nb-NO\",\"potentialAction\":[{\"@type\":\"ReadAction\",\"target\":[\"https:\/\/maritech.com\/no\/kundecase-salmon-evolution\/\"]}]},{\"@type\":\"ImageObject\",\"inLanguage\":\"nb-NO\",\"@id\":\"https:\/\/maritech.com\/no\/kundecase-salmon-evolution\/#primaryimage\",\"url\":\"https:\/\/maritech.com\/wp-content\/uploads\/2023\/11\/DSC09797-scaled.jpg\",\"contentUrl\":\"https:\/\/maritech.com\/wp-content\/uploads\/2023\/11\/DSC09797-scaled.jpg\",\"width\":2560,\"height\":1707,\"caption\":\"Michelle Wiig Vartdal, Bertil Salen, Ingrid Humlung Scheie, Odd Frode Roaldsnes - Salmon Evolution\"},{\"@type\":\"BreadcrumbList\",\"@id\":\"https:\/\/maritech.com\/no\/kundecase-salmon-evolution\/#breadcrumb\",\"itemListElement\":[{\"@type\":\"ListItem\",\"position\":1,\"name\":\"Home\",\"item\":\"https:\/\/maritech.com\/no\/\"},{\"@type\":\"ListItem\",\"position\":2,\"name\":\"Kundecase &#8211; Salmon Evolution\"}]},{\"@type\":\"WebSite\",\"@id\":\"https:\/\/maritech.com\/no\/#website\",\"url\":\"https:\/\/maritech.com\/no\/\",\"name\":\"Maritech\",\"description\":\"\",\"publisher\":{\"@id\":\"https:\/\/maritech.com\/no\/#organization\"},\"potentialAction\":[{\"@type\":\"SearchAction\",\"target\":{\"@type\":\"EntryPoint\",\"urlTemplate\":\"https:\/\/maritech.com\/no\/?s={search_term_string}\"},\"query-input\":{\"@type\":\"PropertyValueSpecification\",\"valueRequired\":true,\"valueName\":\"search_term_string\"}}],\"inLanguage\":\"nb-NO\"},{\"@type\":\"Organization\",\"@id\":\"https:\/\/maritech.com\/no\/#organization\",\"name\":\"Maritech\",\"url\":\"https:\/\/maritech.com\/no\/\",\"logo\":{\"@type\":\"ImageObject\",\"inLanguage\":\"nb-NO\",\"@id\":\"https:\/\/maritech.com\/no\/#\/schema\/logo\/image\/\",\"url\":\"https:\/\/maritech.com\/wp-content\/uploads\/2024\/07\/Maritech-Logo-Co-Brand-WHITE.png\",\"contentUrl\":\"https:\/\/maritech.com\/wp-content\/uploads\/2024\/07\/Maritech-Logo-Co-Brand-WHITE.png\",\"width\":3336,\"height\":890,\"caption\":\"Maritech\"},\"image\":{\"@id\":\"https:\/\/maritech.com\/no\/#\/schema\/logo\/image\/\"}}]}<\/script>\n<!-- \/ Yoast SEO Premium plugin. -->","yoast_head_json":{"title":"Kundecase - Salmon Evolution - Maritech","description":"- Vi skal v\u00e6re langt fremme p\u00e5 alt. Derfor var det helt naturlig for oss \u00e5 velge Maritech, sier Odd Frode Roaldsnes, CCO, Salmon Evolution.","robots":{"index":"index","follow":"follow","max-snippet":"max-snippet:-1","max-image-preview":"max-image-preview:large","max-video-preview":"max-video-preview:-1"},"canonical":"https:\/\/maritech.com\/no\/kundecase-salmon-evolution\/","og_locale":"nb_NO","og_type":"article","og_title":"Kundecase - Salmon Evolution","og_description":"- Vi skal v\u00e6re langt fremme p\u00e5 alt. Derfor var det helt naturlig for oss \u00e5 velge Maritech, sier Odd Frode Roaldsnes, CCO, Salmon Evolution.","og_url":"https:\/\/maritech.com\/no\/kundecase-salmon-evolution\/","og_site_name":"Maritech","article_modified_time":"2024-07-19T09:04:43+00:00","og_image":[{"width":2560,"height":1707,"url":"https:\/\/maritech.com\/wp-content\/uploads\/2023\/11\/DSC09797-scaled.jpg","type":"image\/jpeg"}],"twitter_card":"summary_large_image","twitter_misc":{"Ansl. lesetid":"1 minutt"},"schema":{"@context":"https:\/\/schema.org","@graph":[{"@type":"WebPage","@id":"https:\/\/maritech.com\/no\/kundecase-salmon-evolution\/","url":"https:\/\/maritech.com\/no\/kundecase-salmon-evolution\/","name":"Kundecase - Salmon Evolution - Maritech","isPartOf":{"@id":"https:\/\/maritech.com\/no\/#website"},"primaryImageOfPage":{"@id":"https:\/\/maritech.com\/no\/kundecase-salmon-evolution\/#primaryimage"},"image":{"@id":"https:\/\/maritech.com\/no\/kundecase-salmon-evolution\/#primaryimage"},"thumbnailUrl":"https:\/\/maritech.com\/wp-content\/uploads\/2023\/11\/DSC09797-scaled.jpg","datePublished":"2024-02-02T09:18:21+00:00","dateModified":"2024-07-19T09:04:43+00:00","description":"- Vi skal v\u00e6re langt fremme p\u00e5 alt. Derfor var det helt naturlig for oss \u00e5 velge Maritech, sier Odd Frode Roaldsnes, CCO, Salmon Evolution.","breadcrumb":{"@id":"https:\/\/maritech.com\/no\/kundecase-salmon-evolution\/#breadcrumb"},"inLanguage":"nb-NO","potentialAction":[{"@type":"ReadAction","target":["https:\/\/maritech.com\/no\/kundecase-salmon-evolution\/"]}]},{"@type":"ImageObject","inLanguage":"nb-NO","@id":"https:\/\/maritech.com\/no\/kundecase-salmon-evolution\/#primaryimage","url":"https:\/\/maritech.com\/wp-content\/uploads\/2023\/11\/DSC09797-scaled.jpg","contentUrl":"https:\/\/maritech.com\/wp-content\/uploads\/2023\/11\/DSC09797-scaled.jpg","width":2560,"height":1707,"caption":"Michelle Wiig Vartdal, Bertil Salen, Ingrid Humlung Scheie, Odd Frode Roaldsnes - Salmon Evolution"},{"@type":"BreadcrumbList","@id":"https:\/\/maritech.com\/no\/kundecase-salmon-evolution\/#breadcrumb","itemListElement":[{"@type":"ListItem","position":1,"name":"Home","item":"https:\/\/maritech.com\/no\/"},{"@type":"ListItem","position":2,"name":"Kundecase &#8211; Salmon Evolution"}]},{"@type":"WebSite","@id":"https:\/\/maritech.com\/no\/#website","url":"https:\/\/maritech.com\/no\/","name":"Maritech","description":"","publisher":{"@id":"https:\/\/maritech.com\/no\/#organization"},"potentialAction":[{"@type":"SearchAction","target":{"@type":"EntryPoint","urlTemplate":"https:\/\/maritech.com\/no\/?s={search_term_string}"},"query-input":{"@type":"PropertyValueSpecification","valueRequired":true,"valueName":"search_term_string"}}],"inLanguage":"nb-NO"},{"@type":"Organization","@id":"https:\/\/maritech.com\/no\/#organization","name":"Maritech","url":"https:\/\/maritech.com\/no\/","logo":{"@type":"ImageObject","inLanguage":"nb-NO","@id":"https:\/\/maritech.com\/no\/#\/schema\/logo\/image\/","url":"https:\/\/maritech.com\/wp-content\/uploads\/2024\/07\/Maritech-Logo-Co-Brand-WHITE.png","contentUrl":"https:\/\/maritech.com\/wp-content\/uploads\/2024\/07\/Maritech-Logo-Co-Brand-WHITE.png","width":3336,"height":890,"caption":"Maritech"},"image":{"@id":"https:\/\/maritech.com\/no\/#\/schema\/logo\/image\/"}}]}},"jetpack_sharing_enabled":true,"_links":{"self":[{"href":"https:\/\/maritech.com\/no\/wp-json\/wp\/v2\/pages\/19432","targetHints":{"allow":["GET"]}}],"collection":[{"href":"https:\/\/maritech.com\/no\/wp-json\/wp\/v2\/pages"}],"about":[{"href":"https:\/\/maritech.com\/no\/wp-json\/wp\/v2\/types\/page"}],"author":[{"embeddable":true,"href":"https:\/\/maritech.com\/no\/wp-json\/wp\/v2\/users\/11"}],"replies":[{"embeddable":true,"href":"https:\/\/maritech.com\/no\/wp-json\/wp\/v2\/comments?post=19432"}],"version-history":[{"count":24,"href":"https:\/\/maritech.com\/no\/wp-json\/wp\/v2\/pages\/19432\/revisions"}],"predecessor-version":[{"id":20536,"href":"https:\/\/maritech.com\/no\/wp-json\/wp\/v2\/pages\/19432\/revisions\/20536"}],"wp:featuredmedia":[{"embeddable":true,"href":"https:\/\/maritech.com\/no\/wp-json\/wp\/v2\/media\/17759"}],"wp:attachment":[{"href":"https:\/\/maritech.com\/no\/wp-json\/wp\/v2\/media?parent=19432"}],"curies":[{"name":"wp","href":"https:\/\/api.w.org\/{rel}","templated":true}]}}