{"id":20722,"date":"2024-01-08T13:01:46","date_gmt":"2024-01-08T12:01:46","guid":{"rendered":"https:\/\/maritech.com\/?page_id=20722"},"modified":"2024-09-10T09:59:03","modified_gmt":"2024-09-10T08:59:03","slug":"baerekraftsrapportering-sjomat","status":"publish","type":"page","link":"https:\/\/maritech.com\/no\/baerekraftsrapportering-sjomat\/","title":{"rendered":"B\u00e6rekraftsrapportering sj\u00f8mat"},"content":{"rendered":"\n<section class=\"hero block alignfull bg-image grad-light\" style=\"background-image: url('https:\/\/maritech.com\/wp-content\/uploads\/2020\/09\/Oclin_Maritech_OSL_HQ-04578-1499x1000.jpg'); \" >\n    <div class=\"container-fluid\">\n        <div class=\"hero-content\">\n                        <div class=\"editor-content\">\n                <h1 class=\"title\"><span style=\"color: #ffffff;\">B\u00e6rekraftsrapportering<\/span><\/h1>\n<p class=\"preamble\"><span style=\"color: #ffffff;\">Kom i gang med Maritech B\u00e6rekraftsrapportering &#8211; Sj\u00f8mat edition\u00a0<\/span><\/p>\n            <\/div>\n            <div class=\"button-wrap left\"><a class=\"btn btn-primary\" href=\"https:\/\/demo.maritech.cloud\/START\/Introduction\" target=\"_blank\" title=\"Se selv med v\u00e5re digitale demoer\">Se selv med v\u00e5re digitale demoer<\/a><\/div>        <\/div><!--\/.hero-content-->\n    <\/div><!--\/.container-fluid-->\n<\/section>\n\n\n<section class=\"page-content block alignfull\">\n    <div class=\"container-fluid\">\n        <div class=\"content-wrapper\">\n            <div class=\"editor-content\">\n                <p>&nbsp;<\/p>\n<p class=\"h3 h1 preamble\"><span lang=\"EN-US\"><span style=\"color: #1d2f3d;\">Vi vet at det er fristende \u00e5 utsette. Men fra og med 2025 m\u00e5 de aller fleste komme i gang med b\u00e6rekraftsrapportering. Pluss, ville du utsatt om du visste at du kunne f\u00e5tt bedre marginer og redusert fotavtrykk?<\/span><\/span><\/p>\n<p class=\"normal\"><span lang=\"EN-US\">Mest sannynlig ikke. &laquo;Hvis dere ikke har begynt enda, anbefaler vi dere \u00e5 komme I gang,&raquo; sier v\u00e5r Analytics Director<span class=\"apple-converted-space\">\u00a0<\/span><\/span><span lang=\"EN-US\">Oddvar Husby. &laquo;Alle har det travelt, og det er lett \u00e5 utsette og tenke at man bare kan gj\u00f8re det n\u00e6rmere deadline.&raquo; For mange er dette 1. januar, 2025. Start planlegginga i dag!<\/span><\/p>\n            <\/div><!--\/.editor-content-->\n        <\/div><!--\/.content-wrapper-->\n    <\/div><!--\/.container-fluid-->\n<\/section>\n\n\n<section class=\"video-content block alignfull content-right\">\n\t<div class=\"container-fluid-xl\">\n\t\t<div class=\"row\">\n\n\t\t\t<div class=\"col content-col\">\n\t\t\t\t<div class=\"inner-content\">\n\t\t\t\t\t\t\t\t\t\t\t<div class=\"editor-content\">\n\t\t\t\t\t\t\t<p>Mens CO2-utslipp relatert til f\u00f4r har v\u00e6rt i fokus i mange \u00e5r, har transportutslipp ikke f\u00e5tt samme oppmerksomhet. Dette er fullt forst\u00e5elig, da det har v\u00e6rt sv\u00e6rt komplisert og tidkrevende \u00e5 f\u00e5 en fullstendig oversikt, spesielt for dere som bruker flere transport\u00f8rer.<\/p>\n<p>Med den nye versjonen av Maritech Sustainability Reporting har det blitt mye enklere \u00e5 f\u00e5 b\u00e5de oversikt og en grundig forst\u00e5else av detaljene. Vi kan hjelpe deg med \u00e5 hente ut data direkte fra ditt TMS- og ERP-system og koble dem til andre relevante data. P\u00e5 denne m\u00e5ten kan du m\u00e5le p\u00e5virkningen av ulike rutevalg og transportm\u00e5ter. Skal forsendelsen g\u00e5 p\u00e5 vei eller med fly, via London eller Amsterdam? Dette gir deg enda bedre kontroll over utslippene dine, slik at du kan identifisere omr\u00e5der hvor b\u00e5de CO2 og kostnadsbesparelser kan oppn\u00e5s.<\/p>\n\t\t\t\t\t\t<\/div>\n\t\t\t\t\t<div class=\"button-wrap left\"><a class=\"btn btn-outline-primary\" href=\"https:\/\/maritech.com\/no\/baerekraftsrapportering\/\"  title=\"Sustainability Reporting for Logistics\">Sustainability Reporting for Logistics<\/a><a class=\"btn btn-primary\" href=\"https:\/\/share-eu1.hsforms.com\/1N64zSG_iQh6EJmgag0ox5Qewibs\" target=\"_blank\" title=\"Kontakt oss\">Kontakt oss<\/a><\/div>\t\t\t\t<\/div><!--\/.inner-content-->\n\t\t\t<\/div><!--\/.col-->\n\n\t\t\t<div class=\"col image-col\">\n\t\t\t\t\t\t\t\t\t<img decoding=\"async\" width=\"1000\" height=\"720\" src=\"https:\/\/maritech.com\/wp-content\/uploads\/2024\/01\/GHG4-1000x720.png\" class=\"cover\" alt=\"Sustainability reporting in Maritech TMS Analytics - transport emissions dashboard\" \/>\t\t\t\t\t\t\t<\/div><!--\/.col-->\n\n\t\t<\/div><!--\/.row-->\n\t<\/div><!--\/.container-fluid-xl-->\n<\/section>\n\n\n\n<section class=\"video-content block alignfull content-left\">\n\t<div class=\"container-fluid-xl\">\n\t\t<div class=\"row\">\n\n\t\t\t<div class=\"col content-col\">\n\t\t\t\t<div class=\"inner-content\">\n\t\t\t\t\t\t\t\t\t\t\t<div class=\"editor-content\">\n\t\t\t\t\t\t\t<h2 class=\"h3\">Data i sanntid<\/h2>\n<p>I l\u00f8pet av de siste par \u00e5rene har vi jobbet med flere store og komplekse selskaper for \u00e5 komme i gang med deres rapportering. De sier at b\u00e5de dataene og rapporteringsarbeidet gj\u00f8r det mye enklere for dem \u00e5 se hvordan de kan iverksette konkrete tiltak for \u00e5 redusere utslipp. De opplever at selv sm\u00e5 justeringer kan ha en betydelig effekt, b\u00e5de n\u00e5r det gjelder reduserte kostnader og lavere karbonavtrykk.<\/p>\n<p>Vi ser ogs\u00e5 at kundene ofte oppdager nye m\u00e5ter \u00e5 utnytte dataene sine p\u00e5 underveis i prosessen. Og det er her mye av verdien ligger, spesielt tilgjengelig for dere som allerede bruker Maritech- og Timpex-systemer. Med s\u00f8ml\u00f8se tilkoblinger og dataflyt kan du overv\u00e5ke kontinuerlige sanntidsinnsikter, noe som gj\u00f8r det mye enklere \u00e5 iverksette tiltak gjennom \u00e5ret. I tillegg kan du enkelt spore utslipp knyttet til spesifikke kunder, land, produktgrupper, osv.<\/p>\n\t\t\t\t\t\t<\/div>\n\t\t\t\t\t<div class=\"button-wrap left\"><a class=\"btn btn-outline-primary\" href=\"https:\/\/maritech.com\/customer-case-maritech-sustainability-reporting\/\"  title=\"Coast Seafood - Kundecase\">Coast Seafood &#8211; Kundecase<\/a><a class=\"btn btn-primary\" href=\"https:\/\/share-eu1.hsforms.com\/1N64zSG_iQh6EJmgag0ox5Qewibs\" target=\"_blank\" title=\"Kom i gang!\">Kom i gang!<\/a><\/div>\t\t\t\t<\/div><!--\/.inner-content-->\n\t\t\t<\/div><!--\/.col-->\n\n\t\t\t<div class=\"col image-col\">\n\t\t\t\t\t\t\t\t\t<img decoding=\"async\" width=\"1000\" height=\"720\" src=\"https:\/\/maritech.com\/wp-content\/uploads\/2024\/01\/GHG2\u00a8-e1704374214585-1000x720.png\" class=\"cover\" alt=\"Emissions dashboard example - Sustainability Reporting in Maritech Analytics\" \/>\t\t\t\t\t\t\t<\/div><!--\/.col-->\n\n\t\t<\/div><!--\/.row-->\n\t<\/div><!--\/.container-fluid-xl-->\n<\/section>\n\n\n\n<section class=\"related-posts block alignfull\">\n    <div class=\"container-fluid\">\n        <div class=\"title-wrap\">\n                    <\/div><!--\/.title-wrap-->\n                <div class=\"row\">\n                        <div class=\"col\">\n                <div onclick=\"location.href='https:\/\/maritech.com\/no\/kundecase-miljorapportering-coast-seafood\/'\" class=\"post-card\">\n                    <div class=\"img-wrap\">\n\t\t\t\t\t\t<img decoding=\"async\" width=\"1024\" height=\"683\" src=\"https:\/\/maritech.com\/wp-content\/uploads\/2023\/11\/AB7I4397-1024x683.jpg\" class=\"attachment-large size-large wp-post-image\" alt=\"Kundecase - Coast Seafood\" srcset=\"https:\/\/maritech.com\/wp-content\/uploads\/2023\/11\/AB7I4397-1024x683.jpg 1024w, https:\/\/maritech.com\/wp-content\/uploads\/2023\/11\/AB7I4397-300x200.jpg 300w, https:\/\/maritech.com\/wp-content\/uploads\/2023\/11\/AB7I4397-768x512.jpg 768w, https:\/\/maritech.com\/wp-content\/uploads\/2023\/11\/AB7I4397-1536x1024.jpg 1536w, https:\/\/maritech.com\/wp-content\/uploads\/2023\/11\/AB7I4397-2048x1365.jpg 2048w, https:\/\/maritech.com\/wp-content\/uploads\/2023\/11\/AB7I4397-1920x1280.jpg 1920w, https:\/\/maritech.com\/wp-content\/uploads\/2023\/11\/AB7I4397-1500x1000.jpg 1500w, https:\/\/maritech.com\/wp-content\/uploads\/2023\/11\/AB7I4397-260x173.jpg 260w\" sizes=\"(max-width: 1024px) 100vw, 1024px\" \/>                    <\/div>\n                    <div class=\"info-wrap\">\n                                                <h4><a href=\"https:\/\/maritech.com\/no\/kundecase-miljorapportering-coast-seafood\/\">Kundecase &#8211; Coast  <span class=\"lastword\"> Seafood <svg fill=\"none\" height=\"16\" viewBox=\"0 0 21 16\" width=\"21\" xmlns=\"http:\/\/www.w3.org\/2000\/svg\"><path d=\"m12.2646 1.0521 5.615 5.7114h-17.8796v1.503h17.8796l-5.615 5.7114 1.0343 1.0521 7.3883-7.515-7.3883-7.515z\" fill=\"#446bf9\"\/><\/svg><\/span><\/a><\/h4>\n                    <\/div>\n                <\/div>\n            <\/div><!--\/.col-->\n                        <div class=\"col\">\n                <div onclick=\"location.href='https:\/\/maritech.com\/no\/nordlaks-valgte-maritech-purchase-sales\/'\" class=\"post-card\">\n                    <div class=\"img-wrap\">\n\t\t\t\t\t\t<img decoding=\"async\" width=\"1024\" height=\"775\" src=\"https:\/\/maritech.com\/wp-content\/uploads\/2023\/09\/Nordlaks_squash-1024x775.jpeg\" class=\"attachment-large size-large wp-post-image\" alt=\"Kundecase - Nordlaks\" srcset=\"https:\/\/maritech.com\/wp-content\/uploads\/2023\/09\/Nordlaks_squash-1024x775.jpeg 1024w, https:\/\/maritech.com\/wp-content\/uploads\/2023\/09\/Nordlaks_squash-300x227.jpeg 300w, https:\/\/maritech.com\/wp-content\/uploads\/2023\/09\/Nordlaks_squash-768x581.jpeg 768w, https:\/\/maritech.com\/wp-content\/uploads\/2023\/09\/Nordlaks_squash-1322x1000.jpeg 1322w, https:\/\/maritech.com\/wp-content\/uploads\/2023\/09\/Nordlaks_squash-260x197.jpeg 260w, https:\/\/maritech.com\/wp-content\/uploads\/2023\/09\/Nordlaks_squash.jpeg 1368w\" sizes=\"(max-width: 1024px) 100vw, 1024px\" \/>                    <\/div>\n                    <div class=\"info-wrap\">\n                                                <h4><a href=\"https:\/\/maritech.com\/no\/nordlaks-valgte-maritech-purchase-sales\/\">Kundecase &#8211;  <span class=\"lastword\"> Nordlaks <svg fill=\"none\" height=\"16\" viewBox=\"0 0 21 16\" width=\"21\" xmlns=\"http:\/\/www.w3.org\/2000\/svg\"><path d=\"m12.2646 1.0521 5.615 5.7114h-17.8796v1.503h17.8796l-5.615 5.7114 1.0343 1.0521 7.3883-7.515-7.3883-7.515z\" fill=\"#446bf9\"\/><\/svg><\/span><\/a><\/h4>\n                    <\/div>\n                <\/div>\n            <\/div><!--\/.col-->\n                        <div class=\"col\">\n                <div onclick=\"location.href='https:\/\/maritech.com\/no\/maritech-digitaliserer-sjomatlogistikken\/'\" class=\"post-card\">\n                    <div class=\"img-wrap\">\n\t\t\t\t\t\t<img decoding=\"async\" width=\"1024\" height=\"683\" src=\"https:\/\/maritech.com\/wp-content\/uploads\/2020\/09\/Flybilde_Oclin_medium-1024x683.jpg\" class=\"attachment-large size-large wp-post-image\" alt=\"Maritech digitaliserer sj\u00f8matlogistikken\" srcset=\"https:\/\/maritech.com\/wp-content\/uploads\/2020\/09\/Flybilde_Oclin_medium-1024x683.jpg 1024w, https:\/\/maritech.com\/wp-content\/uploads\/2020\/09\/Flybilde_Oclin_medium-300x200.jpg 300w, https:\/\/maritech.com\/wp-content\/uploads\/2020\/09\/Flybilde_Oclin_medium-768x512.jpg 768w, https:\/\/maritech.com\/wp-content\/uploads\/2020\/09\/Flybilde_Oclin_medium-1536x1025.jpg 1536w, https:\/\/maritech.com\/wp-content\/uploads\/2020\/09\/Flybilde_Oclin_medium-2048x1366.jpg 2048w, https:\/\/maritech.com\/wp-content\/uploads\/2020\/09\/Flybilde_Oclin_medium-1920x1281.jpg 1920w, https:\/\/maritech.com\/wp-content\/uploads\/2020\/09\/Flybilde_Oclin_medium-260x173.jpg 260w\" sizes=\"(max-width: 1024px) 100vw, 1024px\" \/>                    <\/div>\n                    <div class=\"info-wrap\">\n                                                <h4><a href=\"https:\/\/maritech.com\/no\/maritech-digitaliserer-sjomatlogistikken\/\">Maritech digitaliserer  <span class=\"lastword\"> sj\u00f8matlogistikken <svg fill=\"none\" height=\"16\" viewBox=\"0 0 21 16\" width=\"21\" xmlns=\"http:\/\/www.w3.org\/2000\/svg\"><path d=\"m12.2646 1.0521 5.615 5.7114h-17.8796v1.503h17.8796l-5.615 5.7114 1.0343 1.0521 7.3883-7.515-7.3883-7.515z\" fill=\"#446bf9\"\/><\/svg><\/span><\/a><\/h4>\n                    <\/div>\n                <\/div>\n            <\/div><!--\/.col-->\n                    <\/div><!--\/.row-->\n            <\/div><!--\/.container-fluid-->\n<\/section>\n\n\n<section class=\"alignfull block newsletter-form dark-blue\">\n    <div class=\"content-max-wrapper\">\n                    <div class=\"content-max-wrapper__text\">\n                <h3 class=\"h3\">Abonner p\u00e5 nyhetsbrevet v\u00e5rt!<\/h3>\n            <\/div>\n                <!--[if lte IE 8]>\r\n<script charset=\"utf-8\" type=\"text\/javascript\" src=\"\/\/js-eu1.hsforms.net\/forms\/v2-legacy.js\"><\/script>\r\n<![endif]-->\r\n<script charset=\"utf-8\" type=\"text\/javascript\" src=\"\/\/js-eu1.hsforms.net\/forms\/v2.js\"><\/script>\r\n<script>\r\n  hbspt.forms.create({\r\n    region: \"eu1\",\r\n    portalId: \"25031368\",\r\n    formId: \"810e627a-049b-49de-b096-e08125e0e7e6\"\r\n});\r\n<\/script>    <div>\n<\/section>\n","protected":false},"excerpt":{"rendered":"","protected":false},"author":11,"featured_media":18864,"parent":0,"menu_order":0,"comment_status":"closed","ping_status":"closed","template":"","meta":{"_acf_changed":false,"content-type":"","lazy_load_responsive_images_disabled":false,"footnotes":""},"class_list":["post-20722","page","type-page","status-publish","has-post-thumbnail","hentry"],"acf":[],"yoast_head":"<!-- This site is optimized with the Yoast SEO Premium plugin v21.8 (Yoast SEO v26.8) - https:\/\/yoast.com\/product\/yoast-seo-premium-wordpress\/ -->\n<title>B\u00e6rekraftsrapportering sj\u00f8mat - Maritech<\/title>\n<meta name=\"description\" content=\"Kom i gang med b\u00e6rekraftsrapporteringa i dag. De aller fleste sj\u00f8matselskaper m\u00e5 begynne \u00e5 rapportere 1. januar 2025. Vi hjelper deg!\" \/>\n<meta name=\"robots\" content=\"index, follow, max-snippet:-1, max-image-preview:large, max-video-preview:-1\" \/>\n<link rel=\"canonical\" href=\"https:\/\/maritech.com\/no\/baerekraftsrapportering-sjomat\/\" \/>\n<meta property=\"og:locale\" content=\"nb_NO\" \/>\n<meta property=\"og:type\" content=\"article\" \/>\n<meta property=\"og:title\" content=\"B\u00e6rekraftsrapportering sj\u00f8mat\" \/>\n<meta property=\"og:description\" content=\"Kom i gang med b\u00e6rekraftsrapporteringa i dag. De aller fleste sj\u00f8matselskaper m\u00e5 begynne \u00e5 rapportere 1. januar 2025. Vi hjelper deg!\" \/>\n<meta property=\"og:url\" content=\"https:\/\/maritech.com\/no\/baerekraftsrapportering-sjomat\/\" \/>\n<meta property=\"og:site_name\" content=\"Maritech\" \/>\n<meta property=\"article:modified_time\" content=\"2024-09-10T08:59:03+00:00\" \/>\n<meta property=\"og:image\" content=\"https:\/\/maritech.com\/wp-content\/uploads\/2024\/01\/GHG4.png\" \/>\n\t<meta property=\"og:image:width\" content=\"1280\" \/>\n\t<meta property=\"og:image:height\" content=\"720\" \/>\n\t<meta property=\"og:image:type\" content=\"image\/png\" \/>\n<meta name=\"twitter:card\" content=\"summary_large_image\" \/>\n<meta name=\"twitter:label1\" content=\"Ansl. lesetid\" \/>\n\t<meta name=\"twitter:data1\" content=\"1 minutt\" \/>\n<script type=\"application\/ld+json\" class=\"yoast-schema-graph\">{\"@context\":\"https:\/\/schema.org\",\"@graph\":[{\"@type\":\"WebPage\",\"@id\":\"https:\/\/maritech.com\/no\/baerekraftsrapportering-sjomat\/\",\"url\":\"https:\/\/maritech.com\/no\/baerekraftsrapportering-sjomat\/\",\"name\":\"B\u00e6rekraftsrapportering sj\u00f8mat - Maritech\",\"isPartOf\":{\"@id\":\"https:\/\/maritech.com\/no\/#website\"},\"primaryImageOfPage\":{\"@id\":\"https:\/\/maritech.com\/no\/baerekraftsrapportering-sjomat\/#primaryimage\"},\"image\":{\"@id\":\"https:\/\/maritech.com\/no\/baerekraftsrapportering-sjomat\/#primaryimage\"},\"thumbnailUrl\":\"https:\/\/maritech.com\/wp-content\/uploads\/2024\/01\/GHG4.png\",\"datePublished\":\"2024-01-08T12:01:46+00:00\",\"dateModified\":\"2024-09-10T08:59:03+00:00\",\"description\":\"Kom i gang med b\u00e6rekraftsrapporteringa i dag. De aller fleste sj\u00f8matselskaper m\u00e5 begynne \u00e5 rapportere 1. januar 2025. Vi hjelper deg!\",\"breadcrumb\":{\"@id\":\"https:\/\/maritech.com\/no\/baerekraftsrapportering-sjomat\/#breadcrumb\"},\"inLanguage\":\"nb-NO\",\"potentialAction\":[{\"@type\":\"ReadAction\",\"target\":[\"https:\/\/maritech.com\/no\/baerekraftsrapportering-sjomat\/\"]}]},{\"@type\":\"ImageObject\",\"inLanguage\":\"nb-NO\",\"@id\":\"https:\/\/maritech.com\/no\/baerekraftsrapportering-sjomat\/#primaryimage\",\"url\":\"https:\/\/maritech.com\/wp-content\/uploads\/2024\/01\/GHG4.png\",\"contentUrl\":\"https:\/\/maritech.com\/wp-content\/uploads\/2024\/01\/GHG4.png\",\"width\":1280,\"height\":720,\"caption\":\"Sustainability reporting in Maritech TMS Analytics - transport emissions dashboard\"},{\"@type\":\"BreadcrumbList\",\"@id\":\"https:\/\/maritech.com\/no\/baerekraftsrapportering-sjomat\/#breadcrumb\",\"itemListElement\":[{\"@type\":\"ListItem\",\"position\":1,\"name\":\"Home\",\"item\":\"https:\/\/maritech.com\/no\/\"},{\"@type\":\"ListItem\",\"position\":2,\"name\":\"B\u00e6rekraftsrapportering sj\u00f8mat\"}]},{\"@type\":\"WebSite\",\"@id\":\"https:\/\/maritech.com\/no\/#website\",\"url\":\"https:\/\/maritech.com\/no\/\",\"name\":\"Maritech\",\"description\":\"\",\"publisher\":{\"@id\":\"https:\/\/maritech.com\/no\/#organization\"},\"potentialAction\":[{\"@type\":\"SearchAction\",\"target\":{\"@type\":\"EntryPoint\",\"urlTemplate\":\"https:\/\/maritech.com\/no\/?s={search_term_string}\"},\"query-input\":{\"@type\":\"PropertyValueSpecification\",\"valueRequired\":true,\"valueName\":\"search_term_string\"}}],\"inLanguage\":\"nb-NO\"},{\"@type\":\"Organization\",\"@id\":\"https:\/\/maritech.com\/no\/#organization\",\"name\":\"Maritech\",\"url\":\"https:\/\/maritech.com\/no\/\",\"logo\":{\"@type\":\"ImageObject\",\"inLanguage\":\"nb-NO\",\"@id\":\"https:\/\/maritech.com\/no\/#\/schema\/logo\/image\/\",\"url\":\"https:\/\/maritech.com\/wp-content\/uploads\/2024\/07\/Maritech-Logo-Co-Brand-WHITE.png\",\"contentUrl\":\"https:\/\/maritech.com\/wp-content\/uploads\/2024\/07\/Maritech-Logo-Co-Brand-WHITE.png\",\"width\":3336,\"height\":890,\"caption\":\"Maritech\"},\"image\":{\"@id\":\"https:\/\/maritech.com\/no\/#\/schema\/logo\/image\/\"}}]}<\/script>\n<!-- \/ Yoast SEO Premium plugin. -->","yoast_head_json":{"title":"B\u00e6rekraftsrapportering sj\u00f8mat - Maritech","description":"Kom i gang med b\u00e6rekraftsrapporteringa i dag. De aller fleste sj\u00f8matselskaper m\u00e5 begynne \u00e5 rapportere 1. januar 2025. Vi hjelper deg!","robots":{"index":"index","follow":"follow","max-snippet":"max-snippet:-1","max-image-preview":"max-image-preview:large","max-video-preview":"max-video-preview:-1"},"canonical":"https:\/\/maritech.com\/no\/baerekraftsrapportering-sjomat\/","og_locale":"nb_NO","og_type":"article","og_title":"B\u00e6rekraftsrapportering sj\u00f8mat","og_description":"Kom i gang med b\u00e6rekraftsrapporteringa i dag. De aller fleste sj\u00f8matselskaper m\u00e5 begynne \u00e5 rapportere 1. januar 2025. Vi hjelper deg!","og_url":"https:\/\/maritech.com\/no\/baerekraftsrapportering-sjomat\/","og_site_name":"Maritech","article_modified_time":"2024-09-10T08:59:03+00:00","og_image":[{"width":1280,"height":720,"url":"https:\/\/maritech.com\/wp-content\/uploads\/2024\/01\/GHG4.png","type":"image\/png"}],"twitter_card":"summary_large_image","twitter_misc":{"Ansl. lesetid":"1 minutt"},"schema":{"@context":"https:\/\/schema.org","@graph":[{"@type":"WebPage","@id":"https:\/\/maritech.com\/no\/baerekraftsrapportering-sjomat\/","url":"https:\/\/maritech.com\/no\/baerekraftsrapportering-sjomat\/","name":"B\u00e6rekraftsrapportering sj\u00f8mat - Maritech","isPartOf":{"@id":"https:\/\/maritech.com\/no\/#website"},"primaryImageOfPage":{"@id":"https:\/\/maritech.com\/no\/baerekraftsrapportering-sjomat\/#primaryimage"},"image":{"@id":"https:\/\/maritech.com\/no\/baerekraftsrapportering-sjomat\/#primaryimage"},"thumbnailUrl":"https:\/\/maritech.com\/wp-content\/uploads\/2024\/01\/GHG4.png","datePublished":"2024-01-08T12:01:46+00:00","dateModified":"2024-09-10T08:59:03+00:00","description":"Kom i gang med b\u00e6rekraftsrapporteringa i dag. De aller fleste sj\u00f8matselskaper m\u00e5 begynne \u00e5 rapportere 1. januar 2025. Vi hjelper deg!","breadcrumb":{"@id":"https:\/\/maritech.com\/no\/baerekraftsrapportering-sjomat\/#breadcrumb"},"inLanguage":"nb-NO","potentialAction":[{"@type":"ReadAction","target":["https:\/\/maritech.com\/no\/baerekraftsrapportering-sjomat\/"]}]},{"@type":"ImageObject","inLanguage":"nb-NO","@id":"https:\/\/maritech.com\/no\/baerekraftsrapportering-sjomat\/#primaryimage","url":"https:\/\/maritech.com\/wp-content\/uploads\/2024\/01\/GHG4.png","contentUrl":"https:\/\/maritech.com\/wp-content\/uploads\/2024\/01\/GHG4.png","width":1280,"height":720,"caption":"Sustainability reporting in Maritech TMS Analytics - transport emissions dashboard"},{"@type":"BreadcrumbList","@id":"https:\/\/maritech.com\/no\/baerekraftsrapportering-sjomat\/#breadcrumb","itemListElement":[{"@type":"ListItem","position":1,"name":"Home","item":"https:\/\/maritech.com\/no\/"},{"@type":"ListItem","position":2,"name":"B\u00e6rekraftsrapportering sj\u00f8mat"}]},{"@type":"WebSite","@id":"https:\/\/maritech.com\/no\/#website","url":"https:\/\/maritech.com\/no\/","name":"Maritech","description":"","publisher":{"@id":"https:\/\/maritech.com\/no\/#organization"},"potentialAction":[{"@type":"SearchAction","target":{"@type":"EntryPoint","urlTemplate":"https:\/\/maritech.com\/no\/?s={search_term_string}"},"query-input":{"@type":"PropertyValueSpecification","valueRequired":true,"valueName":"search_term_string"}}],"inLanguage":"nb-NO"},{"@type":"Organization","@id":"https:\/\/maritech.com\/no\/#organization","name":"Maritech","url":"https:\/\/maritech.com\/no\/","logo":{"@type":"ImageObject","inLanguage":"nb-NO","@id":"https:\/\/maritech.com\/no\/#\/schema\/logo\/image\/","url":"https:\/\/maritech.com\/wp-content\/uploads\/2024\/07\/Maritech-Logo-Co-Brand-WHITE.png","contentUrl":"https:\/\/maritech.com\/wp-content\/uploads\/2024\/07\/Maritech-Logo-Co-Brand-WHITE.png","width":3336,"height":890,"caption":"Maritech"},"image":{"@id":"https:\/\/maritech.com\/no\/#\/schema\/logo\/image\/"}}]}},"jetpack_sharing_enabled":true,"_links":{"self":[{"href":"https:\/\/maritech.com\/no\/wp-json\/wp\/v2\/pages\/20722","targetHints":{"allow":["GET"]}}],"collection":[{"href":"https:\/\/maritech.com\/no\/wp-json\/wp\/v2\/pages"}],"about":[{"href":"https:\/\/maritech.com\/no\/wp-json\/wp\/v2\/types\/page"}],"author":[{"embeddable":true,"href":"https:\/\/maritech.com\/no\/wp-json\/wp\/v2\/users\/11"}],"replies":[{"embeddable":true,"href":"https:\/\/maritech.com\/no\/wp-json\/wp\/v2\/comments?post=20722"}],"version-history":[{"count":3,"href":"https:\/\/maritech.com\/no\/wp-json\/wp\/v2\/pages\/20722\/revisions"}],"predecessor-version":[{"id":20727,"href":"https:\/\/maritech.com\/no\/wp-json\/wp\/v2\/pages\/20722\/revisions\/20727"}],"wp:featuredmedia":[{"embeddable":true,"href":"https:\/\/maritech.com\/no\/wp-json\/wp\/v2\/media\/18864"}],"wp:attachment":[{"href":"https:\/\/maritech.com\/no\/wp-json\/wp\/v2\/media?parent=20722"}],"curies":[{"name":"wp","href":"https:\/\/api.w.org\/{rel}","templated":true}]}}