{"id":21031,"date":"2025-06-06T10:03:02","date_gmt":"2025-06-06T09:03:02","guid":{"rendered":"https:\/\/maritech.com\/?page_id=21031"},"modified":"2025-09-08T13:54:06","modified_gmt":"2025-09-08T12:54:06","slug":"produkter-invoice-management","status":"publish","type":"page","link":"https:\/\/maritech.com\/no\/vare-losninger-sjomatproduksjon\/produkter-invoice-management\/","title":{"rendered":"Invoice Management"},"content":{"rendered":"\n<section class=\"hero block alignfull bg-image grad-dark hero--small\" style=\"background-image: url('https:\/\/maritech.com\/wp-content\/uploads\/2024\/07\/Maritecn_Seaborn_web-Cecilie-Bannow-all-rights-reserved-3-1498x1000.jpg'); \" >\n    <div class=\"container-fluid\">\n        <div class=\"hero-content\">\n                        <div class=\"editor-content\">\n                <h1 class=\"title\"><span style=\"color: #ffffff;\">Invoice Management<\/span><\/h1>\n<p class=\"preamble\"><span style=\"color: #ffffff;\">Maritech Invoice Management matcher dine leverand\u00f8rfakturaer med estimerte kostnader eller innkj\u00f8p, og bokf\u00f8rer n\u00f8yaktige bel\u00f8p i regnskapssystemet ditt..<\/span><\/p>\n            <\/div>\n            <div class=\"button-wrap left\"><a class=\"btn btn-primary\" href=\"https:\/\/demo.maritech.cloud\" target=\"_blank\" title=\"Sjekk ut v\u00e5re digitale demoer!\">Sjekk ut v\u00e5re digitale demoer!<\/a><\/div>        <\/div><!--\/.hero-content-->\n    <\/div><!--\/.container-fluid-->\n<\/section>\n\n\n<section class=\"page-content block alignfull\">\n    <div class=\"container-fluid\">\n        <div class=\"content-wrapper\">\n            <div class=\"editor-content\">\n                <h2><\/h2>\n<h2>Maritech Invoice Management<\/h2>\n<p data-start=\"33\" data-end=\"271\">Invoice Management er en tilleggsmodul som hjelper deg med \u00e5 h\u00e5ndtere leverand\u00f8rfakturaer effektivt ved \u00e5 matche dem mot estimerte kostnader eller registrerte innkj\u00f8p i systemet. Den sikrer n\u00f8yaktig bokf\u00f8ring i regnskapssystemet ditt.<\/p>\n<p data-start=\"273\" data-end=\"447\" data-is-last-node=\"\" data-is-only-node=\"\">Forenkle fakturaflyten din med presis kostnadsmatching, smidig systemintegrasjon og p\u00e5litelig, feilfri regnskapsf\u00f8ring \u2014 for smartere og mer automatisert \u00f8konomikontroll.<\/p>\n<h3><\/h3>\n<h3>Hvem er dette for?<\/h3>\n<ul>\n<li data-start=\"115\" data-end=\"168\">\n<p data-start=\"117\" data-end=\"168\">Sj\u00f8matselskaper som h\u00e5ndterer inng\u00e5ende fakturaer og \u00f8nsker full kontrroll og oversikt<\/p>\n<\/li>\n<li data-start=\"169\" data-end=\"320\" data-is-last-node=\"\">\n<p data-start=\"171\" data-end=\"320\" data-is-last-node=\"\">Transportselskaper som h\u00e5ndterer inng\u00e5ende fakturaer og \u00f8nsker full kontroll og oversikt<\/p>\n<\/li>\n<\/ul>\n<p>&nbsp;<\/p>\n<div>\n<p class=\"p1\"><b>Krever:<\/b>\u00a0<a href=\"https:\/\/maritech.com\/no\/maritech-purchase-sales\/\">Purchase &amp; Sales<\/a> eller <a href=\"https:\/\/maritech.com\/no\/vare-losninger-logistikk\/maritech-tms\/\">Transport Management System (TMS)<\/a><\/p>\n<\/div>\n<div>\n<p class=\"p1\"><b>Key integrasjoner: <\/b>Eye-share, Baseware, 24\/7 Office, Xledger<\/p>\n<\/div>\n<div>\n<p>&nbsp;<\/p>\n<\/div>\n            <\/div><!--\/.editor-content-->\n        <\/div><!--\/.content-wrapper-->\n    <\/div><!--\/.container-fluid-->\n<\/section>\n\n\n<section class=\"video-content block alignfull content-right\">\n\t<div class=\"container-fluid-xl\">\n\t\t<div class=\"row\">\n\n\t\t\t<div class=\"col content-col\">\n\t\t\t\t<div class=\"inner-content\">\n\t\t\t\t\t\t\t\t\t\t\t<div class=\"editor-content\">\n\t\t\t\t\t\t\t<h2 class=\"h3\">Hva f\u00e5r du?<\/h2>\n<p data-start=\"33\" data-end=\"113\"><strong data-start=\"33\" data-end=\"113\">Matching f\u00f8lger to ulike prosesser, avhengig av hvilken type faktura det er:<\/strong><\/p>\n<ul>\n<li data-start=\"115\" data-end=\"168\">\n<p data-start=\"117\" data-end=\"168\"><strong data-start=\"117\" data-end=\"134\">Varefakturaer<\/strong> matches mot bekreftede innkj\u00f8p.<\/p>\n<\/li>\n<li data-start=\"169\" data-end=\"320\" data-is-last-node=\"\">\n<p data-start=\"171\" data-end=\"320\" data-is-last-node=\"\"><strong data-start=\"171\" data-end=\"192\">Kostnadsfakturaer<\/strong> matches mot interne kostnader, alts\u00e5 estimerte kostnader, for salgs-, innkj\u00f8ps-, overf\u00f8rings-, ompaknings- og produksjonsordre.<\/p>\n<\/li>\n<\/ul>\n\t\t\t\t\t\t<\/div>\n\t\t\t\t\t\t\t\t\t<\/div><!--\/.inner-content-->\n\t\t\t<\/div><!--\/.col-->\n\n\t\t\t<div class=\"col image-col\">\n\t\t\t\t\t\t\t\t\t<img decoding=\"async\" width=\"1000\" height=\"750\" src=\"https:\/\/maritech.com\/wp-content\/uploads\/2024\/07\/dsc02610-1000x750.jpg\" class=\"cover\" alt=\"Maritech Invoice Management\" \/>\t\t\t\t\t\t\t<\/div><!--\/.col-->\n\n\t\t<\/div><!--\/.row-->\n\t<\/div><!--\/.container-fluid-xl-->\n<\/section>\n\n\n<section class=\"page-content block alignfull\">\n    <div class=\"container-fluid\">\n        <div class=\"content-wrapper\">\n            <div class=\"editor-content\">\n                <h2 class=\"h2\"><span style=\"color: #003160;\">Fordeler<\/span><\/h2>\n<p data-start=\"57\" data-end=\"146\"><strong data-start=\"57\" data-end=\"75\">Full kontroll:<\/strong> Inng\u00e5ende fakturaer matches automatisk med systemestimerte kostnader<\/p>\n<p data-start=\"149\" data-end=\"242\"><strong data-start=\"149\" data-end=\"177\">Margininnsikt i sanntid:<\/strong> Marginrapporter oppdateres kontinuerlig med faktiske kostnader<\/p>\n<p data-start=\"245\" data-end=\"365\"><strong data-start=\"245\" data-end=\"270\">Effektiv arbeidsflyt:<\/strong> Automatiserer hele prosessen fra fakturamottak til matching og bokf\u00f8ring i regnskapssystemet<\/p>\n<h5><\/h5>\n<p>Vil du l\u00e6re mer eller komme i gang? <a href=\"https:\/\/share-eu1.hsforms.com\/1N64zSG_iQh6EJmgag0ox5Qewibs\">Kontakt oss her!<\/a><\/p>\n            <\/div><!--\/.editor-content-->\n        <\/div><!--\/.content-wrapper-->\n    <\/div><!--\/.container-fluid-->\n<\/section>\n\n\n<section class=\"related-posts block alignfull\">\n    <div class=\"container-fluid\">\n        <div class=\"title-wrap\">\n            <h2 class=\"heading h2\">Relaterte produkt<\/h2>        <\/div><!--\/.title-wrap-->\n                <div class=\"row\">\n                        <div class=\"col\">\n                <div onclick=\"location.href='https:\/\/maritech.com\/no\/maritech-purchase-sales\/'\" class=\"post-card\">\n                    <div class=\"img-wrap\">\n\t\t\t\t\t\t<img decoding=\"async\" width=\"1024\" height=\"683\" src=\"https:\/\/maritech.com\/wp-content\/uploads\/2021\/05\/PurchaseSales_Christin-1024x683.jpg\" class=\"attachment-large size-large wp-post-image\" alt=\"Kj\u00f8p og selg sj\u00f8mat med Maritech Purchase &amp; Sales\" srcset=\"https:\/\/maritech.com\/wp-content\/uploads\/2021\/05\/PurchaseSales_Christin-1024x683.jpg 1024w, https:\/\/maritech.com\/wp-content\/uploads\/2021\/05\/PurchaseSales_Christin-300x200.jpg 300w, https:\/\/maritech.com\/wp-content\/uploads\/2021\/05\/PurchaseSales_Christin-768x512.jpg 768w, https:\/\/maritech.com\/wp-content\/uploads\/2021\/05\/PurchaseSales_Christin-1536x1024.jpg 1536w, https:\/\/maritech.com\/wp-content\/uploads\/2021\/05\/PurchaseSales_Christin-2048x1365.jpg 2048w, https:\/\/maritech.com\/wp-content\/uploads\/2021\/05\/PurchaseSales_Christin-1920x1280.jpg 1920w, https:\/\/maritech.com\/wp-content\/uploads\/2021\/05\/PurchaseSales_Christin-260x173.jpg 260w\" sizes=\"(max-width: 1024px) 100vw, 1024px\" \/>                    <\/div>\n                    <div class=\"info-wrap\">\n                                                <h4><a href=\"https:\/\/maritech.com\/no\/maritech-purchase-sales\/\">Kj\u00f8p og selg sj\u00f8mat med Maritech Purchase &#038;  <span class=\"lastword\"> Sales <svg fill=\"none\" height=\"16\" viewBox=\"0 0 21 16\" width=\"21\" xmlns=\"http:\/\/www.w3.org\/2000\/svg\"><path d=\"m12.2646 1.0521 5.615 5.7114h-17.8796v1.503h17.8796l-5.615 5.7114 1.0343 1.0521 7.3883-7.515-7.3883-7.515z\" fill=\"#446bf9\"\/><\/svg><\/span><\/a><\/h4>\n                    <\/div>\n                <\/div>\n            <\/div><!--\/.col-->\n                        <div class=\"col\">\n                <div onclick=\"location.href='https:\/\/maritech.com\/no\/vare-losninger-logistikk\/maritech-tms\/'\" class=\"post-card\">\n                    <div class=\"img-wrap\">\n\t\t\t\t\t\t<img decoding=\"async\" width=\"1024\" height=\"646\" src=\"https:\/\/maritech.com\/wp-content\/uploads\/2023\/06\/Screenshot-2023-06-28-at-13.46.32-1024x646.png\" class=\"attachment-large size-large wp-post-image\" alt=\"Maritech TMS\" srcset=\"https:\/\/maritech.com\/wp-content\/uploads\/2023\/06\/Screenshot-2023-06-28-at-13.46.32-1024x646.png 1024w, https:\/\/maritech.com\/wp-content\/uploads\/2023\/06\/Screenshot-2023-06-28-at-13.46.32-300x189.png 300w, https:\/\/maritech.com\/wp-content\/uploads\/2023\/06\/Screenshot-2023-06-28-at-13.46.32-768x485.png 768w, https:\/\/maritech.com\/wp-content\/uploads\/2023\/06\/Screenshot-2023-06-28-at-13.46.32-1536x970.png 1536w, https:\/\/maritech.com\/wp-content\/uploads\/2023\/06\/Screenshot-2023-06-28-at-13.46.32-1584x1000.png 1584w, https:\/\/maritech.com\/wp-content\/uploads\/2023\/06\/Screenshot-2023-06-28-at-13.46.32-260x164.png 260w, https:\/\/maritech.com\/wp-content\/uploads\/2023\/06\/Screenshot-2023-06-28-at-13.46.32.png 1912w\" sizes=\"(max-width: 1024px) 100vw, 1024px\" \/>                    <\/div>\n                    <div class=\"info-wrap\">\n                                                <h4><a href=\"https:\/\/maritech.com\/no\/vare-losninger-logistikk\/maritech-tms\/\">Maritech  <span class=\"lastword\"> TMS <svg fill=\"none\" height=\"16\" viewBox=\"0 0 21 16\" width=\"21\" xmlns=\"http:\/\/www.w3.org\/2000\/svg\"><path d=\"m12.2646 1.0521 5.615 5.7114h-17.8796v1.503h17.8796l-5.615 5.7114 1.0343 1.0521 7.3883-7.515-7.3883-7.515z\" fill=\"#446bf9\"\/><\/svg><\/span><\/a><\/h4>\n                    <\/div>\n                <\/div>\n            <\/div><!--\/.col-->\n                        <div class=\"col\">\n                <div onclick=\"location.href='https:\/\/maritech.com\/no\/baerekraftsrapportering\/'\" class=\"post-card\">\n                    <div class=\"img-wrap\">\n\t\t\t\t\t\t<img decoding=\"async\" width=\"1001\" height=\"1024\" src=\"https:\/\/maritech.com\/wp-content\/uploads\/2021\/10\/GHG-reporting-illustration-1001x1024.jpg\" class=\"attachment-large size-large wp-post-image\" alt=\"B\u00e6rekraftsrapportering\" srcset=\"https:\/\/maritech.com\/wp-content\/uploads\/2021\/10\/GHG-reporting-illustration-1001x1024.jpg 1001w, https:\/\/maritech.com\/wp-content\/uploads\/2021\/10\/GHG-reporting-illustration-293x300.jpg 293w, https:\/\/maritech.com\/wp-content\/uploads\/2021\/10\/GHG-reporting-illustration-768x786.jpg 768w, https:\/\/maritech.com\/wp-content\/uploads\/2021\/10\/GHG-reporting-illustration-195x200.jpg 195w, https:\/\/maritech.com\/wp-content\/uploads\/2021\/10\/GHG-reporting-illustration.jpg 1036w\" sizes=\"(max-width: 1001px) 100vw, 1001px\" \/>                    <\/div>\n                    <div class=\"info-wrap\">\n                                                <h4><a href=\"https:\/\/maritech.com\/no\/baerekraftsrapportering\/\"> <span class=\"lastword\"> B\u00e6rekraftsrapportering <svg fill=\"none\" height=\"16\" viewBox=\"0 0 21 16\" width=\"21\" xmlns=\"http:\/\/www.w3.org\/2000\/svg\"><path d=\"m12.2646 1.0521 5.615 5.7114h-17.8796v1.503h17.8796l-5.615 5.7114 1.0343 1.0521 7.3883-7.515-7.3883-7.515z\" fill=\"#446bf9\"\/><\/svg><\/span><\/a><\/h4>\n                    <\/div>\n                <\/div>\n            <\/div><!--\/.col-->\n                    <\/div><!--\/.row-->\n            <\/div><!--\/.container-fluid-->\n<\/section>\n\n\n<section class=\"alignfull block newsletter-form dark-blue\">\n    <div class=\"content-max-wrapper\">\n                    <div class=\"content-max-wrapper__text\">\n                <h3 class=\"h3\">F\u00e5 med deg siste nytt &#8211; meld deg p\u00e5 nyhetsbrevet v\u00e5rt!<\/h3>\n            <\/div>\n                <!--[if lte IE 8]>\r\n<script charset=\"utf-8\" type=\"text\/javascript\" src=\"\/\/js-eu1.hsforms.net\/forms\/v2-legacy.js\"><\/script>\r\n<![endif]-->\r\n<script charset=\"utf-8\" type=\"text\/javascript\" src=\"\/\/js-eu1.hsforms.net\/forms\/v2.js\"><\/script>\r\n<script>\r\n  hbspt.forms.create({\r\n    region: \"eu1\",\r\n    portalId: \"25031368\",\r\n    formId: \"810e627a-049b-49de-b096-e08125e0e7e6\"\r\n});\r\n<\/script>    <div>\n<\/section>\n","protected":false},"excerpt":{"rendered":"","protected":false},"author":11,"featured_media":20461,"parent":9661,"menu_order":0,"comment_status":"closed","ping_status":"closed","template":"","meta":{"_acf_changed":false,"content-type":"","lazy_load_responsive_images_disabled":false,"footnotes":""},"class_list":["post-21031","page","type-page","status-publish","has-post-thumbnail","hentry"],"acf":[],"yoast_head":"<!-- This site is optimized with the Yoast SEO Premium plugin v21.8 (Yoast SEO v26.8) - https:\/\/yoast.com\/product\/yoast-seo-premium-wordpress\/ -->\n<title>Invoice Management | Smart fakturamatching og bokf\u00f8ring<\/title>\n<meta name=\"description\" content=\"Maritech Invoice Management matcher leverand\u00f8rfakturaer med estimerte kostnader eller innkj\u00f8p, bokf\u00f8rer n\u00f8yaktige bel\u00f8p i regnskapssystemet.\" \/>\n<meta name=\"robots\" content=\"index, follow, max-snippet:-1, max-image-preview:large, max-video-preview:-1\" \/>\n<link rel=\"canonical\" href=\"https:\/\/maritech.com\/no\/vare-losninger-sjomatproduksjon\/produkter-invoice-management\/\" \/>\n<meta property=\"og:locale\" content=\"nb_NO\" \/>\n<meta property=\"og:type\" content=\"article\" \/>\n<meta property=\"og:title\" content=\"Invoice Management\" \/>\n<meta property=\"og:description\" content=\"Maritech Invoice Management matcher leverand\u00f8rfakturaer med estimerte kostnader eller innkj\u00f8p, bokf\u00f8rer n\u00f8yaktige bel\u00f8p i regnskapssystemet.\" \/>\n<meta property=\"og:url\" content=\"https:\/\/maritech.com\/no\/vare-losninger-sjomatproduksjon\/produkter-invoice-management\/\" \/>\n<meta property=\"og:site_name\" content=\"Maritech\" \/>\n<meta property=\"article:modified_time\" content=\"2025-09-08T12:54:06+00:00\" \/>\n<meta property=\"og:image\" content=\"https:\/\/maritech.com\/wp-content\/uploads\/2024\/07\/dsc02610-scaled.jpg\" \/>\n\t<meta property=\"og:image:width\" content=\"2560\" \/>\n\t<meta property=\"og:image:height\" content=\"1706\" \/>\n\t<meta property=\"og:image:type\" content=\"image\/jpeg\" \/>\n<meta name=\"twitter:card\" content=\"summary_large_image\" \/>\n<meta name=\"twitter:label1\" content=\"Ansl. lesetid\" \/>\n\t<meta name=\"twitter:data1\" content=\"1 minutt\" \/>\n<script type=\"application\/ld+json\" class=\"yoast-schema-graph\">{\"@context\":\"https:\/\/schema.org\",\"@graph\":[{\"@type\":\"WebPage\",\"@id\":\"https:\/\/maritech.com\/no\/vare-losninger-sjomatproduksjon\/produkter-invoice-management\/\",\"url\":\"https:\/\/maritech.com\/no\/vare-losninger-sjomatproduksjon\/produkter-invoice-management\/\",\"name\":\"Invoice Management | Smart fakturamatching og bokf\u00f8ring\",\"isPartOf\":{\"@id\":\"https:\/\/maritech.com\/no\/#website\"},\"primaryImageOfPage\":{\"@id\":\"https:\/\/maritech.com\/no\/vare-losninger-sjomatproduksjon\/produkter-invoice-management\/#primaryimage\"},\"image\":{\"@id\":\"https:\/\/maritech.com\/no\/vare-losninger-sjomatproduksjon\/produkter-invoice-management\/#primaryimage\"},\"thumbnailUrl\":\"https:\/\/maritech.com\/wp-content\/uploads\/2024\/07\/dsc02610-scaled.jpg\",\"datePublished\":\"2025-06-06T09:03:02+00:00\",\"dateModified\":\"2025-09-08T12:54:06+00:00\",\"description\":\"Maritech Invoice Management matcher leverand\u00f8rfakturaer med estimerte kostnader eller innkj\u00f8p, bokf\u00f8rer n\u00f8yaktige bel\u00f8p i regnskapssystemet.\",\"breadcrumb\":{\"@id\":\"https:\/\/maritech.com\/no\/vare-losninger-sjomatproduksjon\/produkter-invoice-management\/#breadcrumb\"},\"inLanguage\":\"nb-NO\",\"potentialAction\":[{\"@type\":\"ReadAction\",\"target\":[\"https:\/\/maritech.com\/no\/vare-losninger-sjomatproduksjon\/produkter-invoice-management\/\"]}]},{\"@type\":\"ImageObject\",\"inLanguage\":\"nb-NO\",\"@id\":\"https:\/\/maritech.com\/no\/vare-losninger-sjomatproduksjon\/produkter-invoice-management\/#primaryimage\",\"url\":\"https:\/\/maritech.com\/wp-content\/uploads\/2024\/07\/dsc02610-scaled.jpg\",\"contentUrl\":\"https:\/\/maritech.com\/wp-content\/uploads\/2024\/07\/dsc02610-scaled.jpg\",\"width\":2560,\"height\":1706,\"caption\":\"Maritech Invoice Management\"},{\"@type\":\"BreadcrumbList\",\"@id\":\"https:\/\/maritech.com\/no\/vare-losninger-sjomatproduksjon\/produkter-invoice-management\/#breadcrumb\",\"itemListElement\":[{\"@type\":\"ListItem\",\"position\":1,\"name\":\"Home\",\"item\":\"https:\/\/maritech.com\/no\/\"},{\"@type\":\"ListItem\",\"position\":2,\"name\":\"V\u00e5re l\u00f8sninger &#8211; Sj\u00f8matproduksjon\",\"item\":\"https:\/\/maritech.com\/no\/vare-losninger-sjomatproduksjon\/\"},{\"@type\":\"ListItem\",\"position\":3,\"name\":\"Invoice Management\"}]},{\"@type\":\"WebSite\",\"@id\":\"https:\/\/maritech.com\/no\/#website\",\"url\":\"https:\/\/maritech.com\/no\/\",\"name\":\"Maritech\",\"description\":\"\",\"publisher\":{\"@id\":\"https:\/\/maritech.com\/no\/#organization\"},\"potentialAction\":[{\"@type\":\"SearchAction\",\"target\":{\"@type\":\"EntryPoint\",\"urlTemplate\":\"https:\/\/maritech.com\/no\/?s={search_term_string}\"},\"query-input\":{\"@type\":\"PropertyValueSpecification\",\"valueRequired\":true,\"valueName\":\"search_term_string\"}}],\"inLanguage\":\"nb-NO\"},{\"@type\":\"Organization\",\"@id\":\"https:\/\/maritech.com\/no\/#organization\",\"name\":\"Maritech\",\"url\":\"https:\/\/maritech.com\/no\/\",\"logo\":{\"@type\":\"ImageObject\",\"inLanguage\":\"nb-NO\",\"@id\":\"https:\/\/maritech.com\/no\/#\/schema\/logo\/image\/\",\"url\":\"https:\/\/maritech.com\/wp-content\/uploads\/2024\/07\/Maritech-Logo-Co-Brand-WHITE.png\",\"contentUrl\":\"https:\/\/maritech.com\/wp-content\/uploads\/2024\/07\/Maritech-Logo-Co-Brand-WHITE.png\",\"width\":3336,\"height\":890,\"caption\":\"Maritech\"},\"image\":{\"@id\":\"https:\/\/maritech.com\/no\/#\/schema\/logo\/image\/\"}}]}<\/script>\n<!-- \/ Yoast SEO Premium plugin. -->","yoast_head_json":{"title":"Invoice Management | Smart fakturamatching og bokf\u00f8ring","description":"Maritech Invoice Management matcher leverand\u00f8rfakturaer med estimerte kostnader eller innkj\u00f8p, bokf\u00f8rer n\u00f8yaktige bel\u00f8p i regnskapssystemet.","robots":{"index":"index","follow":"follow","max-snippet":"max-snippet:-1","max-image-preview":"max-image-preview:large","max-video-preview":"max-video-preview:-1"},"canonical":"https:\/\/maritech.com\/no\/vare-losninger-sjomatproduksjon\/produkter-invoice-management\/","og_locale":"nb_NO","og_type":"article","og_title":"Invoice Management","og_description":"Maritech Invoice Management matcher leverand\u00f8rfakturaer med estimerte kostnader eller innkj\u00f8p, bokf\u00f8rer n\u00f8yaktige bel\u00f8p i regnskapssystemet.","og_url":"https:\/\/maritech.com\/no\/vare-losninger-sjomatproduksjon\/produkter-invoice-management\/","og_site_name":"Maritech","article_modified_time":"2025-09-08T12:54:06+00:00","og_image":[{"width":2560,"height":1706,"url":"https:\/\/maritech.com\/wp-content\/uploads\/2024\/07\/dsc02610-scaled.jpg","type":"image\/jpeg"}],"twitter_card":"summary_large_image","twitter_misc":{"Ansl. lesetid":"1 minutt"},"schema":{"@context":"https:\/\/schema.org","@graph":[{"@type":"WebPage","@id":"https:\/\/maritech.com\/no\/vare-losninger-sjomatproduksjon\/produkter-invoice-management\/","url":"https:\/\/maritech.com\/no\/vare-losninger-sjomatproduksjon\/produkter-invoice-management\/","name":"Invoice Management | Smart fakturamatching og bokf\u00f8ring","isPartOf":{"@id":"https:\/\/maritech.com\/no\/#website"},"primaryImageOfPage":{"@id":"https:\/\/maritech.com\/no\/vare-losninger-sjomatproduksjon\/produkter-invoice-management\/#primaryimage"},"image":{"@id":"https:\/\/maritech.com\/no\/vare-losninger-sjomatproduksjon\/produkter-invoice-management\/#primaryimage"},"thumbnailUrl":"https:\/\/maritech.com\/wp-content\/uploads\/2024\/07\/dsc02610-scaled.jpg","datePublished":"2025-06-06T09:03:02+00:00","dateModified":"2025-09-08T12:54:06+00:00","description":"Maritech Invoice Management matcher leverand\u00f8rfakturaer med estimerte kostnader eller innkj\u00f8p, bokf\u00f8rer n\u00f8yaktige bel\u00f8p i regnskapssystemet.","breadcrumb":{"@id":"https:\/\/maritech.com\/no\/vare-losninger-sjomatproduksjon\/produkter-invoice-management\/#breadcrumb"},"inLanguage":"nb-NO","potentialAction":[{"@type":"ReadAction","target":["https:\/\/maritech.com\/no\/vare-losninger-sjomatproduksjon\/produkter-invoice-management\/"]}]},{"@type":"ImageObject","inLanguage":"nb-NO","@id":"https:\/\/maritech.com\/no\/vare-losninger-sjomatproduksjon\/produkter-invoice-management\/#primaryimage","url":"https:\/\/maritech.com\/wp-content\/uploads\/2024\/07\/dsc02610-scaled.jpg","contentUrl":"https:\/\/maritech.com\/wp-content\/uploads\/2024\/07\/dsc02610-scaled.jpg","width":2560,"height":1706,"caption":"Maritech Invoice Management"},{"@type":"BreadcrumbList","@id":"https:\/\/maritech.com\/no\/vare-losninger-sjomatproduksjon\/produkter-invoice-management\/#breadcrumb","itemListElement":[{"@type":"ListItem","position":1,"name":"Home","item":"https:\/\/maritech.com\/no\/"},{"@type":"ListItem","position":2,"name":"V\u00e5re l\u00f8sninger &#8211; Sj\u00f8matproduksjon","item":"https:\/\/maritech.com\/no\/vare-losninger-sjomatproduksjon\/"},{"@type":"ListItem","position":3,"name":"Invoice Management"}]},{"@type":"WebSite","@id":"https:\/\/maritech.com\/no\/#website","url":"https:\/\/maritech.com\/no\/","name":"Maritech","description":"","publisher":{"@id":"https:\/\/maritech.com\/no\/#organization"},"potentialAction":[{"@type":"SearchAction","target":{"@type":"EntryPoint","urlTemplate":"https:\/\/maritech.com\/no\/?s={search_term_string}"},"query-input":{"@type":"PropertyValueSpecification","valueRequired":true,"valueName":"search_term_string"}}],"inLanguage":"nb-NO"},{"@type":"Organization","@id":"https:\/\/maritech.com\/no\/#organization","name":"Maritech","url":"https:\/\/maritech.com\/no\/","logo":{"@type":"ImageObject","inLanguage":"nb-NO","@id":"https:\/\/maritech.com\/no\/#\/schema\/logo\/image\/","url":"https:\/\/maritech.com\/wp-content\/uploads\/2024\/07\/Maritech-Logo-Co-Brand-WHITE.png","contentUrl":"https:\/\/maritech.com\/wp-content\/uploads\/2024\/07\/Maritech-Logo-Co-Brand-WHITE.png","width":3336,"height":890,"caption":"Maritech"},"image":{"@id":"https:\/\/maritech.com\/no\/#\/schema\/logo\/image\/"}}]}},"jetpack_sharing_enabled":true,"_links":{"self":[{"href":"https:\/\/maritech.com\/no\/wp-json\/wp\/v2\/pages\/21031","targetHints":{"allow":["GET"]}}],"collection":[{"href":"https:\/\/maritech.com\/no\/wp-json\/wp\/v2\/pages"}],"about":[{"href":"https:\/\/maritech.com\/no\/wp-json\/wp\/v2\/types\/page"}],"author":[{"embeddable":true,"href":"https:\/\/maritech.com\/no\/wp-json\/wp\/v2\/users\/11"}],"replies":[{"embeddable":true,"href":"https:\/\/maritech.com\/no\/wp-json\/wp\/v2\/comments?post=21031"}],"version-history":[{"count":6,"href":"https:\/\/maritech.com\/no\/wp-json\/wp\/v2\/pages\/21031\/revisions"}],"predecessor-version":[{"id":21100,"href":"https:\/\/maritech.com\/no\/wp-json\/wp\/v2\/pages\/21031\/revisions\/21100"}],"up":[{"embeddable":true,"href":"https:\/\/maritech.com\/no\/wp-json\/wp\/v2\/pages\/9661"}],"wp:featuredmedia":[{"embeddable":true,"href":"https:\/\/maritech.com\/no\/wp-json\/wp\/v2\/media\/20461"}],"wp:attachment":[{"href":"https:\/\/maritech.com\/no\/wp-json\/wp\/v2\/media?parent=21031"}],"curies":[{"name":"wp","href":"https:\/\/api.w.org\/{rel}","templated":true}]}}