{"id":21034,"date":"2025-06-05T10:41:01","date_gmt":"2025-06-05T09:41:01","guid":{"rendered":"https:\/\/maritech.com\/?page_id=21034"},"modified":"2025-09-10T09:34:38","modified_gmt":"2025-09-10T08:34:38","slug":"produkter-landing","status":"publish","type":"page","link":"https:\/\/maritech.com\/no\/vare-losninger-sjomatproduksjon\/produkter-landing\/","title":{"rendered":"Maritech Landing"},"content":{"rendered":"\n<section class=\"hero block alignfull bg-image grad-dark hero--small\" style=\"background-image: url('https:\/\/maritech.com\/wp-content\/uploads\/2022\/03\/DSC_3742-1502x1000.jpg'); \" >\n    <div class=\"container-fluid\">\n        <div class=\"hero-content\">\n                        <div class=\"editor-content\">\n                <h1 class=\"title\"><span style=\"color: #ffffff;\">Landing<\/span><\/h1>\n<p class=\"preamble\"><span style=\"color: #ffffff;\">Maritech-modul som gj\u00f8r det mulig \u00e5 knytte fart\u00f8y- og sluttseddelinformasjon til fiskelageret i Purchase &amp; Sales.<\/span><\/p>\n            <\/div>\n            <div class=\"button-wrap left\"><a class=\"btn btn-primary\" href=\"https:\/\/demo.maritech.cloud\/START\/Introduction\" target=\"_blank\" title=\"Get started with our digital demos\">Get started with our digital demos<\/a><\/div>        <\/div><!--\/.hero-content-->\n    <\/div><!--\/.container-fluid-->\n<\/section>\n\n\n\n<section class=\"breadcrumb-section block alignfull\">\n    <div class=\"container-fluid\">\n        <p class=\"breadcrumbs\"><span><span><a href=\"https:\/\/maritech.com\/no\/\"><span class=\"d-none\">Home<\/span><svg xmlns=\"http:\/\/www.w3.org\/2000\/svg\" xmlns:xlink=\"http:\/\/www.w3.org\/1999\/xlink\" contentScriptType=\"text\/ecmascript\" contentStyleType=\"text\/css\" enable-background=\"new 0 0 2048 2048\" height=\"2048px\" id=\"Layer_1\" preserveAspectRatio=\"xMidYMid meet\" version=\"1.1\" viewBox=\"25.33300018310547 0 1613.333984375 2048\" width=\"1613.333984375px\" xml:space=\"preserve\" zoomAndPan=\"magnify\" style=\"&#10;    width: 20px;&#10;\"><path d=\"M1408,1120v480c0,17.333-6.333,32.333-19,45s-27.667,19-45,19H960v-384H704v384H320c-17.333,0-32.333-6.333-45-19  s-19-27.667-19-45v-480c0-0.667,0.167-1.667,0.5-3s0.5-2.333,0.5-3l575-474l575,474C1407.667,1115.333,1408,1117.333,1408,1120z   M1631,1051l-62,74c-5.333,6-12.333,9.667-21,11h-3c-8.667,0-15.667-2.333-21-7L832,552l-692,577c-8,5.333-16,7.667-24,7  c-8.667-1.333-15.667-5-21-11l-62-74c-5.333-6.667-7.667-14.5-7-23.5s4.333-16.167,11-21.5l719-599c21.333-17.333,46.667-26,76-26  s54.667,8.667,76,26l244,204V416c0-9.333,3-17,9-23s13.667-9,23-9h192c9.333,0,17,3,23,9s9,13.667,9,23v408l219,182  c6.667,5.333,10.333,12.5,11,21.5S1636.333,1044.333,1631,1051z\"\/><\/svg><\/a><\/span><\/span><\/p>    <\/div>\n<\/section>\n\n<section class=\"page-content block alignfull\">\n    <div class=\"container-fluid\">\n        <div class=\"content-wrapper\">\n            <div class=\"editor-content\">\n                <h2><\/h2>\n<h2>Maritech Landing<\/h2>\n<p class=\"p1\">Maritech Landing gj\u00f8r det mulig \u00e5 knytte fart\u00f8y-, tur- og sluttseddeldata direkte til fiskelageret i <a href=\"https:\/\/maritech.com\/no\/maritech-purchase-sales\/\">Purchase &amp; Sales<\/a>.<\/p>\n<h3>\nHvem er dette for?<\/h3>\n<ul>\n<li data-start=\"63\" data-end=\"149\">\n<p data-start=\"65\" data-end=\"149\">Innkj\u00f8pere av villfanget fisk\/sj\u00f8matvirksomheter som eier egne fart\u00f8y eller kvoter<\/p>\n<\/li>\n<li data-start=\"150\" data-end=\"185\">\n<p data-start=\"152\" data-end=\"185\">Mottaksanlegg og landingssteder<\/p>\n<\/li>\n<\/ul>\n<div>\n<p>&nbsp;<\/p>\n<p class=\"p1\"><strong>Anbefalte tillegg:<\/strong> <a href=\"https:\/\/maritech.com\/no\/pakking-og-merking\/\">Maritech Packing<\/a><\/p>\n<\/div>\n<div>\n<p class=\"p1\"><strong data-start=\"277\" data-end=\"303\">Viktige integrasjoner:<\/strong> Salgslag, f.eks. R\u00e5fisklaget<\/p>\n<\/div>\n            <\/div><!--\/.editor-content-->\n        <\/div><!--\/.content-wrapper-->\n    <\/div><!--\/.container-fluid-->\n<\/section>\n\n\n<section class=\"video-content block alignfull content-right\">\n\t<div class=\"container-fluid-xl\">\n\t\t<div class=\"row\">\n\n\t\t\t<div class=\"col content-col\">\n\t\t\t\t<div class=\"inner-content\">\n\t\t\t\t\t\t\t\t\t\t\t<div class=\"editor-content\">\n\t\t\t\t\t\t\t<h2 class=\"h3\">Hva f\u00e5r du?<\/h2>\n<p class=\"p1\">Dokumentasjon som st\u00f8tter sporbarhet, kvoteregnskap og kvalitetskontroll av fiskesalg, samtidig som den hjelper deg \u00e5 h\u00e5ndtere:<\/p>\n<ul>\n<li data-start=\"188\" data-end=\"248\">\n<p data-start=\"190\" data-end=\"248\">Effektiv sporbarhet for videre bearbeiding i verdikjeden<\/p>\n<\/li>\n<li data-start=\"249\" data-end=\"312\">\n<p data-start=\"251\" data-end=\"312\">Standardisert <strong data-start=\"265\" data-end=\"276\">Landing<\/strong>, som dokumenterer hvert fiskesalg<\/p>\n<\/li>\n<li data-start=\"313\" data-end=\"422\">\n<p data-start=\"315\" data-end=\"422\">Registrering av fisketurer med fart\u00f8y, fangstomr\u00e5de og mannskapsdetaljer \u2013 enten manuelt eller via import<\/p>\n<\/li>\n<li data-start=\"423\" data-end=\"618\">\n<p data-start=\"425\" data-end=\"482\">Grunnlag for \u00f8konomisk oppgj\u00f8r mellom fisker og kj\u00f8per via R\u00e5fisklaget<\/p>\n<\/li>\n<\/ul>\n<h4><\/h4>\n<h4><b>Landingsjournal\u00a0<\/b><\/h4>\n<p data-start=\"658\" data-end=\"764\"><strong data-start=\"658\" data-end=\"676\">Journalmodulen<\/strong> lagrer mottaksjournaler og utg\u00e5ende transportregistreringer for offentlig rapportering.<\/p>\n<p data-start=\"766\" data-end=\"918\" data-is-last-node=\"\" data-is-only-node=\"\">Disse genereres automatisk ved kj\u00f8p, salg, tillegg og lageroverf\u00f8ringer i <a href=\"https:\/\/maritech.com\/no\/maritech-purchase-sales\/\">Maritech Purchase &amp; Sales<\/a> \u2013 slik at du sjelden trenger \u00e5 opprette dem manuelt.<\/p>\n<p class=\"p2\">These are automatically generated for purchases, sales, additions, and warehouse transfers in <a href=\"https:\/\/maritech.com\/maritech-purchase-sales\/\">Maritech <span class=\"s2\"><b>Purchase &amp; Sales<\/b><\/span><\/a> \u2013 so you rarely need to create them manually<\/p>\n\t\t\t\t\t\t<\/div>\n\t\t\t\t\t\t\t\t\t<\/div><!--\/.inner-content-->\n\t\t\t<\/div><!--\/.col-->\n\n\t\t\t<div class=\"col image-col\">\n\t\t\t\t\t\t\t\t\t<img decoding=\"async\" width=\"1000\" height=\"750\" src=\"https:\/\/maritech.com\/wp-content\/uploads\/2025\/06\/201010-bud-008-81-1000x750.jpg\" class=\"cover\" alt=\"Maritech Landing and Fishin modules\" \/>\t\t\t\t\t\t\t<\/div><!--\/.col-->\n\n\t\t<\/div><!--\/.row-->\n\t<\/div><!--\/.container-fluid-xl-->\n<\/section>\n\n\n<section class=\"page-content block alignfull\">\n    <div class=\"container-fluid\">\n        <div class=\"content-wrapper\">\n            <div class=\"editor-content\">\n                <h2 class=\"h2\"><span style=\"color: #003160;\">Hovedfordeler<\/span><\/h2>\n<p data-start=\"66\" data-end=\"117\"><strong data-start=\"66\" data-end=\"115\">Full kontroll <\/strong>over innkj\u00f8p av villfanget fisk<\/p>\n<p data-start=\"120\" data-end=\"166\"><strong data-start=\"120\" data-end=\"164\">Integrasjon <\/strong>med resten av Maritech Cloud<\/p>\n<p data-start=\"169\" data-end=\"299\" data-is-last-node=\"\"><strong data-start=\"169\" data-end=\"226\">H\u00e5ndtering av komplekse utregninger for fiskeroppgj\u00f8r<\/strong>, b\u00e5tl\u00e5n og trekk \u2013 som ikke enkelt kan h\u00e5ndteres i vanlige l\u00f8nnssystemer<\/p>\n<h4><\/h4>\n<h5>Sluttsedler og fiskerirapporter gir deg full kontroll fra landing til oppgj\u00f8r, og bidrar til \u00e5 sikre etterlevelse gjennom hele verdikjeden.<\/h5>\n<p>Vil du vite mer eller komme i gang? <a href=\"https:\/\/share-eu1.hsforms.com\/1N64zSG_iQh6EJmgag0ox5Qewibs\">Kontakt oss her!<\/a><\/p>\n            <\/div><!--\/.editor-content-->\n        <\/div><!--\/.content-wrapper-->\n    <\/div><!--\/.container-fluid-->\n<\/section>\n\n\n<section class=\"page-cards block alignfull\">\n    <div class=\"container-fluid\">\n        <div class=\"title-wrap\">\n            <h2 class=\"heading h2\">Related products<\/h2>        <\/div><!--\/.title-wrap-->\n                <div class=\"row\">\n                        <div class=\"col\">\n                <div onclick=\"location.href='https:\/\/maritech.com\/maritech-purchase-sales\/'\" class=\"post-card\">\n                    <div class=\"img-wrap\">\n                        \t\t\t\t\t\t\t<img decoding=\"async\" width=\"1024\" height=\"683\" src=\"https:\/\/maritech.com\/wp-content\/uploads\/2021\/05\/PurchaseSales_Christin-1024x683.jpg\" class=\"attachment-large size-large wp-post-image\" alt=\"Buy and sell seafood with Maritech Purchase &#038; Sales\" srcset=\"https:\/\/maritech.com\/wp-content\/uploads\/2021\/05\/PurchaseSales_Christin-1024x683.jpg 1024w, https:\/\/maritech.com\/wp-content\/uploads\/2021\/05\/PurchaseSales_Christin-300x200.jpg 300w, https:\/\/maritech.com\/wp-content\/uploads\/2021\/05\/PurchaseSales_Christin-768x512.jpg 768w, https:\/\/maritech.com\/wp-content\/uploads\/2021\/05\/PurchaseSales_Christin-1536x1024.jpg 1536w, https:\/\/maritech.com\/wp-content\/uploads\/2021\/05\/PurchaseSales_Christin-2048x1365.jpg 2048w, https:\/\/maritech.com\/wp-content\/uploads\/2021\/05\/PurchaseSales_Christin-1920x1280.jpg 1920w, https:\/\/maritech.com\/wp-content\/uploads\/2021\/05\/PurchaseSales_Christin-1500x1000.jpg 1500w, https:\/\/maritech.com\/wp-content\/uploads\/2021\/05\/PurchaseSales_Christin-260x173.jpg 260w\" sizes=\"(max-width: 1024px) 100vw, 1024px\" \/>                                            <\/div>\n                    <div class=\"info-wrap\">\n                                                <h4><a href=\"https:\/\/maritech.com\/maritech-purchase-sales\/\">Buy and sell seafood with Maritech Purchase &#038;  <span class=\"lastword\">Sales <svg fill=\"none\" height=\"16\" viewBox=\"0 0 21 16\" width=\"21\" xmlns=\"http:\/\/www.w3.org\/2000\/svg\"><path d=\"m12.2646 1.0521 5.615 5.7114h-17.8796v1.503h17.8796l-5.615 5.7114 1.0343 1.0521 7.3883-7.515-7.3883-7.515z\" fill=\"#446bf9\"\/><\/svg><\/span><\/a><\/h4>\n                                            <\/div>\n                <\/div>\n            <\/div><!--\/.col-->\n                        <div class=\"col\">\n                <div onclick=\"location.href='https:\/\/maritech.com\/packing-and-labelling\/'\" class=\"post-card\">\n                    <div class=\"img-wrap\">\n                        \t\t\t\t\t\t\t<img decoding=\"async\" width=\"1024\" height=\"683\" src=\"https:\/\/maritech.com\/wp-content\/uploads\/2019\/02\/Ziggi-Maritech_IMG7383-WEB-1024x683.jpg\" class=\"attachment-large size-large wp-post-image\" alt=\"Packing and labelling\" srcset=\"https:\/\/maritech.com\/wp-content\/uploads\/2019\/02\/Ziggi-Maritech_IMG7383-WEB-1024x683.jpg 1024w, https:\/\/maritech.com\/wp-content\/uploads\/2019\/02\/Ziggi-Maritech_IMG7383-WEB-300x200.jpg 300w, https:\/\/maritech.com\/wp-content\/uploads\/2019\/02\/Ziggi-Maritech_IMG7383-WEB-768x512.jpg 768w, https:\/\/maritech.com\/wp-content\/uploads\/2019\/02\/Ziggi-Maritech_IMG7383-WEB-1536x1025.jpg 1536w, https:\/\/maritech.com\/wp-content\/uploads\/2019\/02\/Ziggi-Maritech_IMG7383-WEB-1499x1000.jpg 1499w, https:\/\/maritech.com\/wp-content\/uploads\/2019\/02\/Ziggi-Maritech_IMG7383-WEB-260x173.jpg 260w\" sizes=\"(max-width: 1024px) 100vw, 1024px\" \/>                                            <\/div>\n                    <div class=\"info-wrap\">\n                                                <h4><a href=\"https:\/\/maritech.com\/packing-and-labelling\/\">Packing and  <span class=\"lastword\">labelling <svg fill=\"none\" height=\"16\" viewBox=\"0 0 21 16\" width=\"21\" xmlns=\"http:\/\/www.w3.org\/2000\/svg\"><path d=\"m12.2646 1.0521 5.615 5.7114h-17.8796v1.503h17.8796l-5.615 5.7114 1.0343 1.0521 7.3883-7.515-7.3883-7.515z\" fill=\"#446bf9\"\/><\/svg><\/span><\/a><\/h4>\n                                            <\/div>\n                <\/div>\n            <\/div><!--\/.col-->\n                    <\/div><!--\/.row-->\n            <\/div><!--\/.container-fluid-->\n<\/section>\n\n\n<section class=\"alignfull block newsletter-form dark-blue\">\n    <div class=\"content-max-wrapper\">\n                    <div class=\"content-max-wrapper__text\">\n                <h3 class=\"h3\">Meld deg p\u00e5 nyhetsbrevet v\u00e5rt!<\/h3>\n            <\/div>\n                <!--[if lte IE 8]>\r\n<script charset=\"utf-8\" type=\"text\/javascript\" src=\"\/\/js-eu1.hsforms.net\/forms\/v2-legacy.js\"><\/script>\r\n<![endif]-->\r\n<script charset=\"utf-8\" type=\"text\/javascript\" src=\"\/\/js-eu1.hsforms.net\/forms\/v2.js\"><\/script>\r\n<script>\r\n  hbspt.forms.create({\r\n    region: \"eu1\",\r\n    portalId: \"25031368\",\r\n    formId: \"810e627a-049b-49de-b096-e08125e0e7e6\"\r\n});\r\n<\/script>    <div>\n<\/section>\n","protected":false},"excerpt":{"rendered":"","protected":false},"author":11,"featured_media":20999,"parent":9661,"menu_order":0,"comment_status":"closed","ping_status":"closed","template":"","meta":{"_acf_changed":false,"content-type":"","lazy_load_responsive_images_disabled":false,"footnotes":""},"class_list":["post-21034","page","type-page","status-publish","has-post-thumbnail","hentry"],"acf":[],"yoast_head":"<!-- This site is optimized with the Yoast SEO Premium plugin v21.8 (Yoast SEO v26.8) - https:\/\/yoast.com\/product\/yoast-seo-premium-wordpress\/ -->\n<title>Maritech Landing | Sporbarhet og kvotekontroll<\/title>\n<meta name=\"description\" content=\"Maritech Landing-modulen sikrer sporbarhet, kvotekontroll og lagerkobling mellom fart\u00f8yslandinger og Purchase &amp; Sales.\" \/>\n<meta name=\"robots\" content=\"index, follow, max-snippet:-1, max-image-preview:large, max-video-preview:-1\" \/>\n<link rel=\"canonical\" href=\"https:\/\/maritech.com\/no\/vare-losninger-sjomatproduksjon\/produkter-landing\/\" \/>\n<meta property=\"og:locale\" content=\"nb_NO\" \/>\n<meta property=\"og:type\" content=\"article\" \/>\n<meta property=\"og:title\" content=\"Maritech Landing\" \/>\n<meta property=\"og:description\" content=\"Maritech Landing-modulen sikrer sporbarhet, kvotekontroll og lagerkobling mellom fart\u00f8yslandinger og Purchase &amp; Sales.\" \/>\n<meta property=\"og:url\" content=\"https:\/\/maritech.com\/no\/vare-losninger-sjomatproduksjon\/produkter-landing\/\" \/>\n<meta property=\"og:site_name\" content=\"Maritech\" \/>\n<meta property=\"article:modified_time\" content=\"2025-09-10T08:34:38+00:00\" \/>\n<meta property=\"og:image\" content=\"https:\/\/maritech.com\/wp-content\/uploads\/2025\/06\/201010-bud-008-81-scaled.jpg\" \/>\n\t<meta property=\"og:image:width\" content=\"2560\" \/>\n\t<meta property=\"og:image:height\" content=\"1706\" \/>\n\t<meta property=\"og:image:type\" content=\"image\/jpeg\" \/>\n<meta name=\"twitter:card\" content=\"summary_large_image\" \/>\n<meta name=\"twitter:label1\" content=\"Ansl. lesetid\" \/>\n\t<meta name=\"twitter:data1\" content=\"1 minutt\" \/>\n<script type=\"application\/ld+json\" class=\"yoast-schema-graph\">{\"@context\":\"https:\/\/schema.org\",\"@graph\":[{\"@type\":\"WebPage\",\"@id\":\"https:\/\/maritech.com\/no\/vare-losninger-sjomatproduksjon\/produkter-landing\/\",\"url\":\"https:\/\/maritech.com\/no\/vare-losninger-sjomatproduksjon\/produkter-landing\/\",\"name\":\"Maritech Landing | Sporbarhet og kvotekontroll\",\"isPartOf\":{\"@id\":\"https:\/\/maritech.com\/no\/#website\"},\"primaryImageOfPage\":{\"@id\":\"https:\/\/maritech.com\/no\/vare-losninger-sjomatproduksjon\/produkter-landing\/#primaryimage\"},\"image\":{\"@id\":\"https:\/\/maritech.com\/no\/vare-losninger-sjomatproduksjon\/produkter-landing\/#primaryimage\"},\"thumbnailUrl\":\"https:\/\/maritech.com\/wp-content\/uploads\/2025\/06\/201010-bud-008-81-scaled.jpg\",\"datePublished\":\"2025-06-05T09:41:01+00:00\",\"dateModified\":\"2025-09-10T08:34:38+00:00\",\"description\":\"Maritech Landing-modulen sikrer sporbarhet, kvotekontroll og lagerkobling mellom fart\u00f8yslandinger og Purchase & Sales.\",\"breadcrumb\":{\"@id\":\"https:\/\/maritech.com\/no\/vare-losninger-sjomatproduksjon\/produkter-landing\/#breadcrumb\"},\"inLanguage\":\"nb-NO\",\"potentialAction\":[{\"@type\":\"ReadAction\",\"target\":[\"https:\/\/maritech.com\/no\/vare-losninger-sjomatproduksjon\/produkter-landing\/\"]}]},{\"@type\":\"ImageObject\",\"inLanguage\":\"nb-NO\",\"@id\":\"https:\/\/maritech.com\/no\/vare-losninger-sjomatproduksjon\/produkter-landing\/#primaryimage\",\"url\":\"https:\/\/maritech.com\/wp-content\/uploads\/2025\/06\/201010-bud-008-81-scaled.jpg\",\"contentUrl\":\"https:\/\/maritech.com\/wp-content\/uploads\/2025\/06\/201010-bud-008-81-scaled.jpg\",\"width\":2560,\"height\":1706,\"caption\":\"Maritech fish landing\"},{\"@type\":\"BreadcrumbList\",\"@id\":\"https:\/\/maritech.com\/no\/vare-losninger-sjomatproduksjon\/produkter-landing\/#breadcrumb\",\"itemListElement\":[{\"@type\":\"ListItem\",\"position\":1,\"name\":\"Home\",\"item\":\"https:\/\/maritech.com\/no\/\"},{\"@type\":\"ListItem\",\"position\":2,\"name\":\"V\u00e5re l\u00f8sninger &#8211; Sj\u00f8matproduksjon\",\"item\":\"https:\/\/maritech.com\/no\/vare-losninger-sjomatproduksjon\/\"},{\"@type\":\"ListItem\",\"position\":3,\"name\":\"Maritech Landing\"}]},{\"@type\":\"WebSite\",\"@id\":\"https:\/\/maritech.com\/no\/#website\",\"url\":\"https:\/\/maritech.com\/no\/\",\"name\":\"Maritech\",\"description\":\"\",\"publisher\":{\"@id\":\"https:\/\/maritech.com\/no\/#organization\"},\"potentialAction\":[{\"@type\":\"SearchAction\",\"target\":{\"@type\":\"EntryPoint\",\"urlTemplate\":\"https:\/\/maritech.com\/no\/?s={search_term_string}\"},\"query-input\":{\"@type\":\"PropertyValueSpecification\",\"valueRequired\":true,\"valueName\":\"search_term_string\"}}],\"inLanguage\":\"nb-NO\"},{\"@type\":\"Organization\",\"@id\":\"https:\/\/maritech.com\/no\/#organization\",\"name\":\"Maritech\",\"url\":\"https:\/\/maritech.com\/no\/\",\"logo\":{\"@type\":\"ImageObject\",\"inLanguage\":\"nb-NO\",\"@id\":\"https:\/\/maritech.com\/no\/#\/schema\/logo\/image\/\",\"url\":\"https:\/\/maritech.com\/wp-content\/uploads\/2024\/07\/Maritech-Logo-Co-Brand-WHITE.png\",\"contentUrl\":\"https:\/\/maritech.com\/wp-content\/uploads\/2024\/07\/Maritech-Logo-Co-Brand-WHITE.png\",\"width\":3336,\"height\":890,\"caption\":\"Maritech\"},\"image\":{\"@id\":\"https:\/\/maritech.com\/no\/#\/schema\/logo\/image\/\"}}]}<\/script>\n<!-- \/ Yoast SEO Premium plugin. -->","yoast_head_json":{"title":"Maritech Landing | Sporbarhet og kvotekontroll","description":"Maritech Landing-modulen sikrer sporbarhet, kvotekontroll og lagerkobling mellom fart\u00f8yslandinger og Purchase & Sales.","robots":{"index":"index","follow":"follow","max-snippet":"max-snippet:-1","max-image-preview":"max-image-preview:large","max-video-preview":"max-video-preview:-1"},"canonical":"https:\/\/maritech.com\/no\/vare-losninger-sjomatproduksjon\/produkter-landing\/","og_locale":"nb_NO","og_type":"article","og_title":"Maritech Landing","og_description":"Maritech Landing-modulen sikrer sporbarhet, kvotekontroll og lagerkobling mellom fart\u00f8yslandinger og Purchase & Sales.","og_url":"https:\/\/maritech.com\/no\/vare-losninger-sjomatproduksjon\/produkter-landing\/","og_site_name":"Maritech","article_modified_time":"2025-09-10T08:34:38+00:00","og_image":[{"width":2560,"height":1706,"url":"https:\/\/maritech.com\/wp-content\/uploads\/2025\/06\/201010-bud-008-81-scaled.jpg","type":"image\/jpeg"}],"twitter_card":"summary_large_image","twitter_misc":{"Ansl. lesetid":"1 minutt"},"schema":{"@context":"https:\/\/schema.org","@graph":[{"@type":"WebPage","@id":"https:\/\/maritech.com\/no\/vare-losninger-sjomatproduksjon\/produkter-landing\/","url":"https:\/\/maritech.com\/no\/vare-losninger-sjomatproduksjon\/produkter-landing\/","name":"Maritech Landing | Sporbarhet og kvotekontroll","isPartOf":{"@id":"https:\/\/maritech.com\/no\/#website"},"primaryImageOfPage":{"@id":"https:\/\/maritech.com\/no\/vare-losninger-sjomatproduksjon\/produkter-landing\/#primaryimage"},"image":{"@id":"https:\/\/maritech.com\/no\/vare-losninger-sjomatproduksjon\/produkter-landing\/#primaryimage"},"thumbnailUrl":"https:\/\/maritech.com\/wp-content\/uploads\/2025\/06\/201010-bud-008-81-scaled.jpg","datePublished":"2025-06-05T09:41:01+00:00","dateModified":"2025-09-10T08:34:38+00:00","description":"Maritech Landing-modulen sikrer sporbarhet, kvotekontroll og lagerkobling mellom fart\u00f8yslandinger og Purchase & Sales.","breadcrumb":{"@id":"https:\/\/maritech.com\/no\/vare-losninger-sjomatproduksjon\/produkter-landing\/#breadcrumb"},"inLanguage":"nb-NO","potentialAction":[{"@type":"ReadAction","target":["https:\/\/maritech.com\/no\/vare-losninger-sjomatproduksjon\/produkter-landing\/"]}]},{"@type":"ImageObject","inLanguage":"nb-NO","@id":"https:\/\/maritech.com\/no\/vare-losninger-sjomatproduksjon\/produkter-landing\/#primaryimage","url":"https:\/\/maritech.com\/wp-content\/uploads\/2025\/06\/201010-bud-008-81-scaled.jpg","contentUrl":"https:\/\/maritech.com\/wp-content\/uploads\/2025\/06\/201010-bud-008-81-scaled.jpg","width":2560,"height":1706,"caption":"Maritech fish landing"},{"@type":"BreadcrumbList","@id":"https:\/\/maritech.com\/no\/vare-losninger-sjomatproduksjon\/produkter-landing\/#breadcrumb","itemListElement":[{"@type":"ListItem","position":1,"name":"Home","item":"https:\/\/maritech.com\/no\/"},{"@type":"ListItem","position":2,"name":"V\u00e5re l\u00f8sninger &#8211; Sj\u00f8matproduksjon","item":"https:\/\/maritech.com\/no\/vare-losninger-sjomatproduksjon\/"},{"@type":"ListItem","position":3,"name":"Maritech Landing"}]},{"@type":"WebSite","@id":"https:\/\/maritech.com\/no\/#website","url":"https:\/\/maritech.com\/no\/","name":"Maritech","description":"","publisher":{"@id":"https:\/\/maritech.com\/no\/#organization"},"potentialAction":[{"@type":"SearchAction","target":{"@type":"EntryPoint","urlTemplate":"https:\/\/maritech.com\/no\/?s={search_term_string}"},"query-input":{"@type":"PropertyValueSpecification","valueRequired":true,"valueName":"search_term_string"}}],"inLanguage":"nb-NO"},{"@type":"Organization","@id":"https:\/\/maritech.com\/no\/#organization","name":"Maritech","url":"https:\/\/maritech.com\/no\/","logo":{"@type":"ImageObject","inLanguage":"nb-NO","@id":"https:\/\/maritech.com\/no\/#\/schema\/logo\/image\/","url":"https:\/\/maritech.com\/wp-content\/uploads\/2024\/07\/Maritech-Logo-Co-Brand-WHITE.png","contentUrl":"https:\/\/maritech.com\/wp-content\/uploads\/2024\/07\/Maritech-Logo-Co-Brand-WHITE.png","width":3336,"height":890,"caption":"Maritech"},"image":{"@id":"https:\/\/maritech.com\/no\/#\/schema\/logo\/image\/"}}]}},"jetpack_sharing_enabled":true,"_links":{"self":[{"href":"https:\/\/maritech.com\/no\/wp-json\/wp\/v2\/pages\/21034","targetHints":{"allow":["GET"]}}],"collection":[{"href":"https:\/\/maritech.com\/no\/wp-json\/wp\/v2\/pages"}],"about":[{"href":"https:\/\/maritech.com\/no\/wp-json\/wp\/v2\/types\/page"}],"author":[{"embeddable":true,"href":"https:\/\/maritech.com\/no\/wp-json\/wp\/v2\/users\/11"}],"replies":[{"embeddable":true,"href":"https:\/\/maritech.com\/no\/wp-json\/wp\/v2\/comments?post=21034"}],"version-history":[{"count":5,"href":"https:\/\/maritech.com\/no\/wp-json\/wp\/v2\/pages\/21034\/revisions"}],"predecessor-version":[{"id":21103,"href":"https:\/\/maritech.com\/no\/wp-json\/wp\/v2\/pages\/21034\/revisions\/21103"}],"up":[{"embeddable":true,"href":"https:\/\/maritech.com\/no\/wp-json\/wp\/v2\/pages\/9661"}],"wp:featuredmedia":[{"embeddable":true,"href":"https:\/\/maritech.com\/no\/wp-json\/wp\/v2\/media\/20999"}],"wp:attachment":[{"href":"https:\/\/maritech.com\/no\/wp-json\/wp\/v2\/media?parent=21034"}],"curies":[{"name":"wp","href":"https:\/\/api.w.org\/{rel}","templated":true}]}}