{"id":21149,"date":"2025-10-03T11:58:08","date_gmt":"2025-10-03T10:58:08","guid":{"rendered":"https:\/\/maritech.com\/?page_id=21149"},"modified":"2026-01-16T12:52:24","modified_gmt":"2026-01-16T11:52:24","slug":"kundecase-tyrholm-farstad","status":"publish","type":"page","link":"https:\/\/maritech.com\/no\/kundecase-tyrholm-farstad\/","title":{"rendered":"Kundecase &#8211; Tyrholm &#038; Farstad"},"content":{"rendered":"\n<section class=\"hero block alignfull bg-image grad-dark\" style=\"background-image: url('https:\/\/maritech.com\/wp-content\/uploads\/2025\/10\/DSC05537-1500x1000.jpg'); \" >\n    <div class=\"container-fluid\">\n        <div class=\"hero-content\">\n                        <div class=\"editor-content\">\n                <h1><span style=\"color: #ffffff;\">Tyrholm &amp; Farstad velger Maritech<\/span><\/h1>\n<p class=\"preamble\"><span style=\"color: #ffffff;\">Kundecase &#8211; Maritech TMS, Analytics, Timpex CMS<\/span><\/p>\n            <\/div>\n            <div class=\"button-wrap left\"><a class=\"btn btn-outline-white\" href=\"https:\/\/maritech.com\/no\/book-en-demo\/\" target=\"_blank\" title=\"Ta en titt p\u00e5 v\u00e5r digitale demo\">Ta en titt p\u00e5 v\u00e5r digitale demo<\/a><\/div>        <\/div><!--\/.hero-content-->\n    <\/div><!--\/.container-fluid-->\n<\/section>\n\n\n<section class=\"page-content block alignfull\">\n    <div class=\"container-fluid\">\n        <div class=\"content-wrapper\">\n            <div class=\"editor-content\">\n                <p>&nbsp;<\/p>\n<p class=\"preamble\">Den tradisjonsrike familiebedriften Tyrholm &amp; Farstad p\u00e5 Sunnm\u00f8re har i over 100 \u00e5r levert transport- og logistikktjenester til kunder over hele verden. N\u00e5 tar selskapet et stort steg inn i fremtiden ved \u00e5 flytte sine logistikksystemer til skyen i samarbeid med Maritech.<\/p>\n<p>Med 111 \u00e5rs erfaring tilbyr Tyrholm &amp; Farstad et bredt spekter av tjenester innen bil-, b\u00e5t- og flyfrakt, samt egen terminal, lager og grensekontroll. Selskapet har alltid hatt evnen til \u00e5 fornye seg, og de siste \u00e5rene har digitalisering st\u00e5tt h\u00f8yt p\u00e5 agendaen.<\/p>\n<h2 class=\"h3\">Behovet som startet prosjektet<\/h2>\n<p>-Vi s\u00e5 et stort behov for \u00e5 oppgradere til et mer moderne transportsystem, og vi \u00f8nsker \u00e5 modernisere oss digitalt og ha mest mulig i sky, sier Tor Knutsen, daglig leder i Tyrholm &amp; Farstad.<\/p>\n<p>&#8211; Maritech Cloud krysser av veldig mange av boksene vi hadde ved valg av nytt system. For oss er det viktig at v\u00e5rt nye system bidrar til \u00e5 optimalisere operasjoner, effektivisere og til \u00f8kt kontroll. Vi ser stadig st\u00f8rre krav fra b\u00e5de kundene og leverand\u00f8rene v\u00e5re i forhold til blant annet elektronisk samhandling, sporbarhet og dokumentasjon, og datah\u00e5ndteringen i systemet forenkler dette i stor grad for oss. Noe som igjen bidrar til mindre feil, bedre kontroll og forbedret styring og rapportering.<\/p>\n            <\/div><!--\/.editor-content-->\n        <\/div><!--\/.content-wrapper-->\n    <\/div><!--\/.container-fluid-->\n<\/section>\n\n\n<section class=\"video-content block alignfull content-right\">\n\t<div class=\"container-fluid-xl\">\n\t\t<div class=\"row\">\n\n\t\t\t<div class=\"col content-col\">\n\t\t\t\t<div class=\"inner-content\">\n\t\t\t\t\t\t\t\t\t\t\t<div class=\"editor-content\">\n\t\t\t\t\t\t\t<h2 class=\"h3\">Kompleksitet og krav til fleksibelt ERP<\/h2>\n<p>-Med kompleksiteten i tjenestene vi tilbyr, med b\u00e5de bil-, b\u00e5t og flyfrakt samt terminaldrift og lager, er betydningen av et solid og fleksibelt ERP-system stor. I oppstartsfasen av prosjektet kom det tidlig frem at Maritech var den beste fit\u2019en for oss. Her fikk vi b\u00e5de en norsk leverand\u00f8r, noe som var viktig for oss b\u00e5de i prosjektfasen og i forhold til support og videre utvikling etter go-live, og et system som er best i klassen n\u00e5r det kommer til moderne grensesnitt, skybasert l\u00f8sning og kompleksiteten systemet supporterer, sier Knutsen.<\/p>\n<p>F\u00f8rste fase av prosjektet inkluderer <a href=\"https:\/\/maritech.com\/no\/vare-losninger-logistikk\/maritech-tms\/\">Maritech Cloud TMS<\/a>, <a href=\"https:\/\/maritech.com\/no\/vare-losninger-analytics\/\">Analytics<\/a>, flyfraktmodul og <a href=\"https:\/\/maritech.com\/no\/automatisk-fortolling\/\">fortollingsl\u00f8sning (CMS)<\/a>. Med stadig st\u00f8rre krav fra eiersiden om digital modernisering er det p\u00e5 sikt et m\u00e5l for Tyrholm &amp; Farstad \u00e5 samle alle sine systemer i sky.<\/p>\n<p>-Det er viktig for oss at systemet vi ar valgt er skalerbart, og at vi kan f\u00e5 stadig flere deler av v\u00e5r virksomhet inn i skyen. P\u00e5 sikt \u00f8nsker vi blant annet \u00e5 utnytte muligheten ogs\u00e5 i Maritech WMS, og f\u00e5 v\u00e5rt fryse- og kj\u00f8lelager for fisk inn i systemet, samt automatisering av regnskaps- og faktureringsfunksjoner, forteller Knutsen.<\/p>\n\t\t\t\t\t\t<\/div>\n\t\t\t\t\t\t\t\t\t<\/div><!--\/.inner-content-->\n\t\t\t<\/div><!--\/.col-->\n\n\t\t\t<div class=\"col image-col\">\n\t\t\t\t\t\t\t\t\t<img decoding=\"async\" width=\"1000\" height=\"750\" src=\"https:\/\/maritech.com\/wp-content\/uploads\/2025\/10\/DSC05520-1000x750.jpg\" class=\"cover\" alt=\"Tor Knutsen og Jan Erik Farstad fra Tyrholm &amp; Farstad\" \/>\t\t\t\t\t\t\t<\/div><!--\/.col-->\n\n\t\t<\/div><!--\/.row-->\n\t<\/div><!--\/.container-fluid-xl-->\n<\/section>\n\n\n<section class=\"page-content block alignfull\">\n    <div class=\"container-fluid\">\n        <div class=\"content-wrapper\">\n            <div class=\"editor-content\">\n                <h2 class=\"h3\">Sterkt prosjektteam og god oppf\u00f8lging<\/h2>\n<p>Selve prosjektet og prosessen rundt implementeringen har g\u00e5tt i henhold til plan. Knutsen har selv v\u00e6rt prosjektleder fra Tyrholm &amp; Farstads side, og med seg har han hatt en prosjektgruppe best\u00e5ende av 3-4 superbrukere.<\/p>\n<p>&#8211; Det har fungert veldig godt \u00e5 jobbe sammen med teamet fra Maritech. Fra f\u00f8rste m\u00f8te har Maritech v\u00e6rt l\u00f8sningsorienterte, strukturerte og genuint opptatt av \u00e5 forst\u00e5 v\u00e5re behov. Vi merket tidlig at det var en god match mellom Tyrholm &amp; Farstad og Maritech, b\u00e5de i forhold til produktet dere leverer, og ikke minst har det gjennom hele prosjektet v\u00e6rt en god tone mellom deltakerne. Fra v\u00e5rt st\u00e5sted er det viktig med en leverand\u00f8r som virkelig vil at vi skal lykkes, som lytter til v\u00e5re utfordringer og behov, og som til en hver tid er p\u00e5 ballen for \u00e5 supportere.<\/p>\n<p>&#8211; Det er sjelden jeg har opplevd s\u00e5 god oppf\u00f8lging i et prosjekt, noe som har v\u00e6rt helt avgj\u00f8rende i dette tilfellet grunnet kompleksiteten.<\/p>\n            <\/div><!--\/.editor-content-->\n        <\/div><!--\/.content-wrapper-->\n    <\/div><!--\/.container-fluid-->\n<\/section>\n\n\n<section class=\"video-content block alignfull content-right\">\n\t<div class=\"container-fluid-xl\">\n\t\t<div class=\"row\">\n\n\t\t\t<div class=\"col content-col\">\n\t\t\t\t<div class=\"inner-content\">\n\t\t\t\t\t\t\t\t\t\t\t<div class=\"editor-content\">\n\t\t\t\t\t\t\t<h2>Utfordringer som ga nye l\u00f8sninger<\/h2>\n<p>Prosjektleder Hanna Ver\u00e5s i Maritech forteller om et prosjekt som har v\u00e6rt b\u00e5de givende og utfordrende p\u00e5 samme tid.<\/p>\n<p>-Tyrholm &amp; Farstad er kanskje den mest komplekse logistikkunden vi har jobbet med i Maritech. Vi har blitt utfordret gjennom hele prosessen og det har krevd at vi til tider har m\u00e5ttet tenke nytt for \u00e5 finne gode l\u00f8sninger. Samtidig har prosjektet v\u00e6rt preget av godt lagarbeid og dedikasjon fra alle involverte. Det er tydelig at de ansatte hos Tyrholm &amp; Farstad er motiverte for \u00e5 ta steget over i nytt transportsystem, det har v\u00e6rt jobbet intensivt med oppl\u00e6ring den siste tiden. Det har gjort det givende for oss i Maritech \u00e5 jobbe med dette prosjektet.<\/p>\n\t\t\t\t\t\t<\/div>\n\t\t\t\t\t\t\t\t\t<\/div><!--\/.inner-content-->\n\t\t\t<\/div><!--\/.col-->\n\n\t\t\t<div class=\"col image-col\">\n\t\t\t\t\t\t\t\t\t<img decoding=\"async\" width=\"1000\" height=\"750\" src=\"https:\/\/maritech.com\/wp-content\/uploads\/2025\/10\/DSC05540-1000x750.jpg\" class=\"cover\" alt=\"\" \/>\t\t\t\t\t\t\t<\/div><!--\/.col-->\n\n\t\t<\/div><!--\/.row-->\n\t<\/div><!--\/.container-fluid-xl-->\n<\/section>\n\n\n<section class=\"page-content block alignfull\">\n    <div class=\"container-fluid\">\n        <div class=\"content-wrapper\">\n            <div class=\"editor-content\">\n                <h2>S\u00f8ml\u00f8s overgang til nytt system<\/h2>\n<p>Med go-live rett rundt hj\u00f8rnet er fokus p\u00e5 \u00e5 sikre en s\u00e5 s\u00f8ml\u00f8s overgang fra gammelt til nytt system som overhodet mulig.<\/p>\n<p>\u2013 For \u00e5 sikre en god go-live er fokus hos oss god kommunikasjon internt. Superbrukerne v\u00e5re har den siste tiden brukt mye tid p\u00e5 testing og oppl\u00e6ring internt, og vi er veldig glad for at et team fra Maritech er til stede hos oss under go-live. Dette gj\u00f8r at vi f\u00e5r mer trygghet i overgangen mellom systemer, og raskere kan eliminere eventuelle feil. Vi har ogs\u00e5 etablert en go-live chat med Maritech, som gj\u00f8r at vi kan f\u00e5 svar p\u00e5 sp\u00f8rsm\u00e5l og l\u00f8se problemer som oppst\u00e5r mye mer effektivt, avslutter Knutsen.<\/p>\n            <\/div><!--\/.editor-content-->\n        <\/div><!--\/.content-wrapper-->\n    <\/div><!--\/.container-fluid-->\n<\/section>\n\n<section  class=\"content-form-cta block alignfull offset\">\n    <div class=\"container-fluid\">\n        <div class=\"alignment-wrapper\">\n            <div class=\"block-container\">\n                                    <h4 class=\"h4\">Vil du vite mer?<\/h4>\n                                                    <p>Sp\u00f8r oss, da vel! Vi vil veldig gjerne h\u00f8re fra deg.<\/p>\n                                                                    <div class=\"button-wrap left\">\n                        <a class=\"btn\" href=\"https:\/\/share-eu1.hsforms.com\/1N64zSG_iQh6EJmgag0ox5Qewibs\" title=\"Kontakt oss her\">\n                            Kontakt oss her                        <\/a>\n                    <\/div>\n                            <\/div>\n        <\/div>\n    <\/div>\n<\/section>\n\n\n<section class=\"related-posts block alignfull\">\n    <div class=\"container-fluid\">\n        <div class=\"title-wrap\">\n            <h2 class=\"heading h2\">Pssst&#8230;! Har du f\u00e5tt med deg disse?<\/h2>        <\/div><!--\/.title-wrap-->\n                <div class=\"row\">\n                        <div class=\"col\">\n                <div onclick=\"location.href='https:\/\/maritech.com\/no\/accelerator-velger-maritech\/'\" class=\"post-card\">\n                    <div class=\"img-wrap\">\n\t\t\t\t\t\t<img decoding=\"async\" width=\"1024\" height=\"576\" src=\"https:\/\/maritech.com\/wp-content\/uploads\/2024\/01\/Design-uten-navn-3-1024x576.jpg\" class=\"attachment-large size-large wp-post-image\" alt=\"Kundecase - Accelerator\" srcset=\"https:\/\/maritech.com\/wp-content\/uploads\/2024\/01\/Design-uten-navn-3-1024x576.jpg 1024w, https:\/\/maritech.com\/wp-content\/uploads\/2024\/01\/Design-uten-navn-3-300x169.jpg 300w, https:\/\/maritech.com\/wp-content\/uploads\/2024\/01\/Design-uten-navn-3-768x432.jpg 768w, https:\/\/maritech.com\/wp-content\/uploads\/2024\/01\/Design-uten-navn-3-260x146.jpg 260w, https:\/\/maritech.com\/wp-content\/uploads\/2024\/01\/Design-uten-navn-3.jpg 1440w\" sizes=\"(max-width: 1024px) 100vw, 1024px\" \/>                    <\/div>\n                    <div class=\"info-wrap\">\n                                                <h4><a href=\"https:\/\/maritech.com\/no\/accelerator-velger-maritech\/\">Kundecase &#8211;  <span class=\"lastword\"> Accelerator <svg fill=\"none\" height=\"16\" viewBox=\"0 0 21 16\" width=\"21\" xmlns=\"http:\/\/www.w3.org\/2000\/svg\"><path d=\"m12.2646 1.0521 5.615 5.7114h-17.8796v1.503h17.8796l-5.615 5.7114 1.0343 1.0521 7.3883-7.515-7.3883-7.515z\" fill=\"#446bf9\"\/><\/svg><\/span><\/a><\/h4>\n                    <\/div>\n                <\/div>\n            <\/div><!--\/.col-->\n                        <div class=\"col\">\n                <div onclick=\"location.href='https:\/\/maritech.com\/no\/mot-gjengen-bak-nye-tms-i-sky\/'\" class=\"post-card\">\n                    <div class=\"img-wrap\">\n\t\t\t\t\t\t<img decoding=\"async\" width=\"1024\" height=\"646\" src=\"https:\/\/maritech.com\/wp-content\/uploads\/2023\/06\/Screenshot-2023-06-28-at-13.46.32-1024x646.png\" class=\"attachment-large size-large wp-post-image\" alt=\"M\u00f8t teamet bak nye Maritech TMS\" srcset=\"https:\/\/maritech.com\/wp-content\/uploads\/2023\/06\/Screenshot-2023-06-28-at-13.46.32-1024x646.png 1024w, https:\/\/maritech.com\/wp-content\/uploads\/2023\/06\/Screenshot-2023-06-28-at-13.46.32-300x189.png 300w, https:\/\/maritech.com\/wp-content\/uploads\/2023\/06\/Screenshot-2023-06-28-at-13.46.32-768x485.png 768w, https:\/\/maritech.com\/wp-content\/uploads\/2023\/06\/Screenshot-2023-06-28-at-13.46.32-1536x970.png 1536w, https:\/\/maritech.com\/wp-content\/uploads\/2023\/06\/Screenshot-2023-06-28-at-13.46.32-1584x1000.png 1584w, https:\/\/maritech.com\/wp-content\/uploads\/2023\/06\/Screenshot-2023-06-28-at-13.46.32-260x164.png 260w, https:\/\/maritech.com\/wp-content\/uploads\/2023\/06\/Screenshot-2023-06-28-at-13.46.32.png 1912w\" sizes=\"(max-width: 1024px) 100vw, 1024px\" \/>                    <\/div>\n                    <div class=\"info-wrap\">\n                                                <h4><a href=\"https:\/\/maritech.com\/no\/mot-gjengen-bak-nye-tms-i-sky\/\">M\u00f8t teamet bak nye Maritech  <span class=\"lastword\"> TMS <svg fill=\"none\" height=\"16\" viewBox=\"0 0 21 16\" width=\"21\" xmlns=\"http:\/\/www.w3.org\/2000\/svg\"><path d=\"m12.2646 1.0521 5.615 5.7114h-17.8796v1.503h17.8796l-5.615 5.7114 1.0343 1.0521 7.3883-7.515-7.3883-7.515z\" fill=\"#446bf9\"\/><\/svg><\/span><\/a><\/h4>\n                    <\/div>\n                <\/div>\n            <\/div><!--\/.col-->\n                        <div class=\"col\">\n                <div onclick=\"location.href='https:\/\/maritech.com\/no\/kundecase-asco-norge-as\/'\" class=\"post-card\">\n                    <div class=\"img-wrap\">\n\t\t\t\t\t\t<img decoding=\"async\" width=\"1024\" height=\"683\" src=\"https:\/\/maritech.com\/wp-content\/uploads\/2025\/10\/ASCO-14-1024x683.jpg\" class=\"attachment-large size-large wp-post-image\" alt=\"Kundecase - ASCO Norge AS\" srcset=\"https:\/\/maritech.com\/wp-content\/uploads\/2025\/10\/ASCO-14-1024x683.jpg 1024w, https:\/\/maritech.com\/wp-content\/uploads\/2025\/10\/ASCO-14-300x200.jpg 300w, https:\/\/maritech.com\/wp-content\/uploads\/2025\/10\/ASCO-14-768x512.jpg 768w, https:\/\/maritech.com\/wp-content\/uploads\/2025\/10\/ASCO-14-1536x1025.jpg 1536w, https:\/\/maritech.com\/wp-content\/uploads\/2025\/10\/ASCO-14-1920x1281.jpg 1920w, https:\/\/maritech.com\/wp-content\/uploads\/2025\/10\/ASCO-14-1499x1000.jpg 1499w, https:\/\/maritech.com\/wp-content\/uploads\/2025\/10\/ASCO-14-260x173.jpg 260w, https:\/\/maritech.com\/wp-content\/uploads\/2025\/10\/ASCO-14.jpg 2048w\" sizes=\"(max-width: 1024px) 100vw, 1024px\" \/>                    <\/div>\n                    <div class=\"info-wrap\">\n                                                <h4><a href=\"https:\/\/maritech.com\/no\/kundecase-asco-norge-as\/\">Kundecase &#8211; ASCO Norge  <span class=\"lastword\"> AS <svg fill=\"none\" height=\"16\" viewBox=\"0 0 21 16\" width=\"21\" xmlns=\"http:\/\/www.w3.org\/2000\/svg\"><path d=\"m12.2646 1.0521 5.615 5.7114h-17.8796v1.503h17.8796l-5.615 5.7114 1.0343 1.0521 7.3883-7.515-7.3883-7.515z\" fill=\"#446bf9\"\/><\/svg><\/span><\/a><\/h4>\n                    <\/div>\n                <\/div>\n            <\/div><!--\/.col-->\n                    <\/div><!--\/.row-->\n            <\/div><!--\/.container-fluid-->\n<\/section>\n","protected":false},"excerpt":{"rendered":"","protected":false},"author":19,"featured_media":21157,"parent":0,"menu_order":0,"comment_status":"closed","ping_status":"closed","template":"","meta":{"_acf_changed":false,"content-type":"","lazy_load_responsive_images_disabled":false,"footnotes":""},"class_list":["post-21149","page","type-page","status-publish","has-post-thumbnail","hentry"],"acf":[],"yoast_head":"<!-- This site is optimized with the Yoast SEO Premium plugin v21.8 (Yoast SEO v26.8) - https:\/\/yoast.com\/product\/yoast-seo-premium-wordpress\/ -->\n<title>Kundecase - Tyrholm &amp; Farstad - Maritech<\/title>\n<meta name=\"description\" content=\"-Vi s\u00e5 et stort behov for \u00e5 oppgradere til et mer moderne transportsystem, og vi \u00f8nsker \u00e5 modernisere oss digitalt og ha mest mulig i sky, sier Tor Knutsen, daglig leder i Tyrholm &amp; Farstad.\" \/>\n<meta name=\"robots\" content=\"index, follow, max-snippet:-1, max-image-preview:large, max-video-preview:-1\" \/>\n<link rel=\"canonical\" href=\"https:\/\/maritech.com\/no\/kundecase-tyrholm-farstad\/\" \/>\n<meta property=\"og:locale\" content=\"nb_NO\" \/>\n<meta property=\"og:type\" content=\"article\" \/>\n<meta property=\"og:title\" content=\"Kundecase - Tyrholm &amp; Farstad\" \/>\n<meta property=\"og:description\" content=\"-Vi s\u00e5 et stort behov for \u00e5 oppgradere til et mer moderne transportsystem, og vi \u00f8nsker \u00e5 modernisere oss digitalt og ha mest mulig i sky, sier Tor Knutsen, daglig leder i Tyrholm &amp; Farstad.\" \/>\n<meta property=\"og:url\" content=\"https:\/\/maritech.com\/no\/kundecase-tyrholm-farstad\/\" \/>\n<meta property=\"og:site_name\" content=\"Maritech\" \/>\n<meta property=\"article:modified_time\" content=\"2026-01-16T11:52:24+00:00\" \/>\n<meta property=\"og:image\" content=\"https:\/\/maritech.com\/wp-content\/uploads\/2025\/10\/DSC05540-scaled.jpg\" \/>\n\t<meta property=\"og:image:width\" content=\"2560\" \/>\n\t<meta property=\"og:image:height\" content=\"1707\" \/>\n\t<meta property=\"og:image:type\" content=\"image\/jpeg\" \/>\n<meta name=\"twitter:card\" content=\"summary_large_image\" \/>\n<meta name=\"twitter:label1\" content=\"Ansl. lesetid\" \/>\n\t<meta name=\"twitter:data1\" content=\"1 minutt\" \/>\n<script type=\"application\/ld+json\" class=\"yoast-schema-graph\">{\"@context\":\"https:\/\/schema.org\",\"@graph\":[{\"@type\":\"WebPage\",\"@id\":\"https:\/\/maritech.com\/no\/kundecase-tyrholm-farstad\/\",\"url\":\"https:\/\/maritech.com\/no\/kundecase-tyrholm-farstad\/\",\"name\":\"Kundecase - Tyrholm & Farstad - Maritech\",\"isPartOf\":{\"@id\":\"https:\/\/maritech.com\/no\/#website\"},\"primaryImageOfPage\":{\"@id\":\"https:\/\/maritech.com\/no\/kundecase-tyrholm-farstad\/#primaryimage\"},\"image\":{\"@id\":\"https:\/\/maritech.com\/no\/kundecase-tyrholm-farstad\/#primaryimage\"},\"thumbnailUrl\":\"https:\/\/maritech.com\/wp-content\/uploads\/2025\/10\/DSC05540-scaled.jpg\",\"datePublished\":\"2025-10-03T10:58:08+00:00\",\"dateModified\":\"2026-01-16T11:52:24+00:00\",\"description\":\"-Vi s\u00e5 et stort behov for \u00e5 oppgradere til et mer moderne transportsystem, og vi \u00f8nsker \u00e5 modernisere oss digitalt og ha mest mulig i sky, sier Tor Knutsen, daglig leder i Tyrholm & Farstad.\",\"breadcrumb\":{\"@id\":\"https:\/\/maritech.com\/no\/kundecase-tyrholm-farstad\/#breadcrumb\"},\"inLanguage\":\"nb-NO\",\"potentialAction\":[{\"@type\":\"ReadAction\",\"target\":[\"https:\/\/maritech.com\/no\/kundecase-tyrholm-farstad\/\"]}]},{\"@type\":\"ImageObject\",\"inLanguage\":\"nb-NO\",\"@id\":\"https:\/\/maritech.com\/no\/kundecase-tyrholm-farstad\/#primaryimage\",\"url\":\"https:\/\/maritech.com\/wp-content\/uploads\/2025\/10\/DSC05540-scaled.jpg\",\"contentUrl\":\"https:\/\/maritech.com\/wp-content\/uploads\/2025\/10\/DSC05540-scaled.jpg\",\"width\":2560,\"height\":1707},{\"@type\":\"BreadcrumbList\",\"@id\":\"https:\/\/maritech.com\/no\/kundecase-tyrholm-farstad\/#breadcrumb\",\"itemListElement\":[{\"@type\":\"ListItem\",\"position\":1,\"name\":\"Home\",\"item\":\"https:\/\/maritech.com\/no\/\"},{\"@type\":\"ListItem\",\"position\":2,\"name\":\"Kundecase &#8211; Tyrholm &#038; Farstad\"}]},{\"@type\":\"WebSite\",\"@id\":\"https:\/\/maritech.com\/no\/#website\",\"url\":\"https:\/\/maritech.com\/no\/\",\"name\":\"Maritech\",\"description\":\"\",\"publisher\":{\"@id\":\"https:\/\/maritech.com\/no\/#organization\"},\"potentialAction\":[{\"@type\":\"SearchAction\",\"target\":{\"@type\":\"EntryPoint\",\"urlTemplate\":\"https:\/\/maritech.com\/no\/?s={search_term_string}\"},\"query-input\":{\"@type\":\"PropertyValueSpecification\",\"valueRequired\":true,\"valueName\":\"search_term_string\"}}],\"inLanguage\":\"nb-NO\"},{\"@type\":\"Organization\",\"@id\":\"https:\/\/maritech.com\/no\/#organization\",\"name\":\"Maritech\",\"url\":\"https:\/\/maritech.com\/no\/\",\"logo\":{\"@type\":\"ImageObject\",\"inLanguage\":\"nb-NO\",\"@id\":\"https:\/\/maritech.com\/no\/#\/schema\/logo\/image\/\",\"url\":\"https:\/\/maritech.com\/wp-content\/uploads\/2024\/07\/Maritech-Logo-Co-Brand-WHITE.png\",\"contentUrl\":\"https:\/\/maritech.com\/wp-content\/uploads\/2024\/07\/Maritech-Logo-Co-Brand-WHITE.png\",\"width\":3336,\"height\":890,\"caption\":\"Maritech\"},\"image\":{\"@id\":\"https:\/\/maritech.com\/no\/#\/schema\/logo\/image\/\"}}]}<\/script>\n<!-- \/ Yoast SEO Premium plugin. -->","yoast_head_json":{"title":"Kundecase - Tyrholm & Farstad - Maritech","description":"-Vi s\u00e5 et stort behov for \u00e5 oppgradere til et mer moderne transportsystem, og vi \u00f8nsker \u00e5 modernisere oss digitalt og ha mest mulig i sky, sier Tor Knutsen, daglig leder i Tyrholm & Farstad.","robots":{"index":"index","follow":"follow","max-snippet":"max-snippet:-1","max-image-preview":"max-image-preview:large","max-video-preview":"max-video-preview:-1"},"canonical":"https:\/\/maritech.com\/no\/kundecase-tyrholm-farstad\/","og_locale":"nb_NO","og_type":"article","og_title":"Kundecase - Tyrholm & Farstad","og_description":"-Vi s\u00e5 et stort behov for \u00e5 oppgradere til et mer moderne transportsystem, og vi \u00f8nsker \u00e5 modernisere oss digitalt og ha mest mulig i sky, sier Tor Knutsen, daglig leder i Tyrholm & Farstad.","og_url":"https:\/\/maritech.com\/no\/kundecase-tyrholm-farstad\/","og_site_name":"Maritech","article_modified_time":"2026-01-16T11:52:24+00:00","og_image":[{"width":2560,"height":1707,"url":"https:\/\/maritech.com\/wp-content\/uploads\/2025\/10\/DSC05540-scaled.jpg","type":"image\/jpeg"}],"twitter_card":"summary_large_image","twitter_misc":{"Ansl. lesetid":"1 minutt"},"schema":{"@context":"https:\/\/schema.org","@graph":[{"@type":"WebPage","@id":"https:\/\/maritech.com\/no\/kundecase-tyrholm-farstad\/","url":"https:\/\/maritech.com\/no\/kundecase-tyrholm-farstad\/","name":"Kundecase - Tyrholm & Farstad - Maritech","isPartOf":{"@id":"https:\/\/maritech.com\/no\/#website"},"primaryImageOfPage":{"@id":"https:\/\/maritech.com\/no\/kundecase-tyrholm-farstad\/#primaryimage"},"image":{"@id":"https:\/\/maritech.com\/no\/kundecase-tyrholm-farstad\/#primaryimage"},"thumbnailUrl":"https:\/\/maritech.com\/wp-content\/uploads\/2025\/10\/DSC05540-scaled.jpg","datePublished":"2025-10-03T10:58:08+00:00","dateModified":"2026-01-16T11:52:24+00:00","description":"-Vi s\u00e5 et stort behov for \u00e5 oppgradere til et mer moderne transportsystem, og vi \u00f8nsker \u00e5 modernisere oss digitalt og ha mest mulig i sky, sier Tor Knutsen, daglig leder i Tyrholm & Farstad.","breadcrumb":{"@id":"https:\/\/maritech.com\/no\/kundecase-tyrholm-farstad\/#breadcrumb"},"inLanguage":"nb-NO","potentialAction":[{"@type":"ReadAction","target":["https:\/\/maritech.com\/no\/kundecase-tyrholm-farstad\/"]}]},{"@type":"ImageObject","inLanguage":"nb-NO","@id":"https:\/\/maritech.com\/no\/kundecase-tyrholm-farstad\/#primaryimage","url":"https:\/\/maritech.com\/wp-content\/uploads\/2025\/10\/DSC05540-scaled.jpg","contentUrl":"https:\/\/maritech.com\/wp-content\/uploads\/2025\/10\/DSC05540-scaled.jpg","width":2560,"height":1707},{"@type":"BreadcrumbList","@id":"https:\/\/maritech.com\/no\/kundecase-tyrholm-farstad\/#breadcrumb","itemListElement":[{"@type":"ListItem","position":1,"name":"Home","item":"https:\/\/maritech.com\/no\/"},{"@type":"ListItem","position":2,"name":"Kundecase &#8211; Tyrholm &#038; Farstad"}]},{"@type":"WebSite","@id":"https:\/\/maritech.com\/no\/#website","url":"https:\/\/maritech.com\/no\/","name":"Maritech","description":"","publisher":{"@id":"https:\/\/maritech.com\/no\/#organization"},"potentialAction":[{"@type":"SearchAction","target":{"@type":"EntryPoint","urlTemplate":"https:\/\/maritech.com\/no\/?s={search_term_string}"},"query-input":{"@type":"PropertyValueSpecification","valueRequired":true,"valueName":"search_term_string"}}],"inLanguage":"nb-NO"},{"@type":"Organization","@id":"https:\/\/maritech.com\/no\/#organization","name":"Maritech","url":"https:\/\/maritech.com\/no\/","logo":{"@type":"ImageObject","inLanguage":"nb-NO","@id":"https:\/\/maritech.com\/no\/#\/schema\/logo\/image\/","url":"https:\/\/maritech.com\/wp-content\/uploads\/2024\/07\/Maritech-Logo-Co-Brand-WHITE.png","contentUrl":"https:\/\/maritech.com\/wp-content\/uploads\/2024\/07\/Maritech-Logo-Co-Brand-WHITE.png","width":3336,"height":890,"caption":"Maritech"},"image":{"@id":"https:\/\/maritech.com\/no\/#\/schema\/logo\/image\/"}}]}},"jetpack_sharing_enabled":true,"_links":{"self":[{"href":"https:\/\/maritech.com\/no\/wp-json\/wp\/v2\/pages\/21149","targetHints":{"allow":["GET"]}}],"collection":[{"href":"https:\/\/maritech.com\/no\/wp-json\/wp\/v2\/pages"}],"about":[{"href":"https:\/\/maritech.com\/no\/wp-json\/wp\/v2\/types\/page"}],"author":[{"embeddable":true,"href":"https:\/\/maritech.com\/no\/wp-json\/wp\/v2\/users\/19"}],"replies":[{"embeddable":true,"href":"https:\/\/maritech.com\/no\/wp-json\/wp\/v2\/comments?post=21149"}],"version-history":[{"count":7,"href":"https:\/\/maritech.com\/no\/wp-json\/wp\/v2\/pages\/21149\/revisions"}],"predecessor-version":[{"id":21293,"href":"https:\/\/maritech.com\/no\/wp-json\/wp\/v2\/pages\/21149\/revisions\/21293"}],"wp:featuredmedia":[{"embeddable":true,"href":"https:\/\/maritech.com\/no\/wp-json\/wp\/v2\/media\/21157"}],"wp:attachment":[{"href":"https:\/\/maritech.com\/no\/wp-json\/wp\/v2\/media?parent=21149"}],"curies":[{"name":"wp","href":"https:\/\/api.w.org\/{rel}","templated":true}]}}