{"id":21189,"date":"2025-10-14T07:31:52","date_gmt":"2025-10-14T06:31:52","guid":{"rendered":"https:\/\/maritech.com\/?page_id=21189"},"modified":"2025-12-08T16:50:34","modified_gmt":"2025-12-08T15:50:34","slug":"kundecase-north-thermo-logistics","status":"publish","type":"page","link":"https:\/\/maritech.com\/no\/vare-losninger-logistikk\/kundecase-north-thermo-logistics\/","title":{"rendered":"Kundecase &#8211; North Thermo Logistics"},"content":{"rendered":"\n<section class=\"hero block alignfull bg-image grad-light\" style=\"background-image: url('https:\/\/maritech.com\/wp-content\/uploads\/2025\/10\/1751610518652.jpg'); \" >\n    <div class=\"container-fluid\">\n        <div class=\"hero-content\">\n                        <div class=\"editor-content\">\n                <h1 class=\"title\"><span style=\"color: #ffffff;\">North Thermo Logistics<\/span><\/h1>\n<p class=\"preamble\"><span style=\"color: #ffffff;\">Kundecase Maritech TMS<\/span><\/p>\n            <\/div>\n            <div class=\"button-wrap left\"><a class=\"btn btn-primary\" href=\"https:\/\/share-eu1.hsforms.com\/1N64zSG_iQh6EJmgag0ox5Qewibs\" target=\"_blank\" title=\"Interessert? Kontakt oss!\">Interessert? Kontakt oss!<\/a><\/div>        <\/div><!--\/.hero-content-->\n    <\/div><!--\/.container-fluid-->\n<\/section>\n\n\n<section class=\"page-content block alignfull\">\n    <div class=\"container-fluid\">\n        <div class=\"content-wrapper\">\n            <div class=\"editor-content\">\n                <p class=\"preamble\">-Maritech TMS fungerer str\u00e5lende for oss, det er enkelt \u00e5 bruke og bidrar til \u00e5 effektivisere driften v\u00e5r.<em><br \/>\n<\/em><\/p>\n<p>Det sier Erlend Pekeberg, daglig leder i North Thermo Logistics (NTL). Logistikkselskapet holder til i Oslo, og har spesialisert seg p\u00e5 termologistikk med hovedfokus p\u00e5 sj\u00f8mat og andre temperaturregulerte varer. De tilbyr l\u00f8sninger innad i Norge og i Europa, med bil, b\u00e5t og tog. Med sine fire ansatte er de enda en relativt liten akt\u00f8r, men med et stort nettverk av samarbeidspartnere over hele Europa. Selskapet ble startet opp i september 2024, men Pekeberg har lang fartstid fra logistikkbransjen.<\/p>\n<p>-Gjennom mine snart 30 \u00e5r i logistikkbransjen har jeg jobbet mye med termofrakt, n\u00e6ringsmiddel og fisk, og har opparbeidet god kjennskap til Timpex TMS, sier Pekeberg.<\/p>\n<p>-N\u00e5r vi skulle velge TMS-system til NTL, var det derfor naturlig \u00e5 inkludere Maritech i prosessen. For oss var det viktig at systemet vi valgte har gode integrasjoner, at det er skalerbart og at det har et intuitivt og moderne brukergrensesnitt. Som nyoppstartet selskap var vi i tillegg avhengig av en rask prosess, for \u00e5 kjapt v\u00e6rt oppe \u00e5 g\u00e5 med det nye systemet. Alle disse parametrene leverer Maritech godt p\u00e5. Sammen med v\u00e5re erfaringer med Timpex gjorde dette oss trygge p\u00e5 at <a href=\"https:\/\/maritech.com\/no\/vare-losninger-logistikk\/maritech-tms\/\">Maritech TMS<\/a> i skyen ville v\u00e6re den rette l\u00f8sningen for NTL.<\/p>\n            <\/div><!--\/.editor-content-->\n        <\/div><!--\/.content-wrapper-->\n    <\/div><!--\/.container-fluid-->\n<\/section>\n\n\n<section class=\"video-content block alignfull content-right\">\n\t<div class=\"container-fluid-xl\">\n\t\t<div class=\"row\">\n\n\t\t\t<div class=\"col content-col\">\n\t\t\t\t<div class=\"inner-content\">\n\t\t\t\t\t\t\t\t\t\t\t<div class=\"editor-content\">\n\t\t\t\t\t\t\t<p><strong>Rask og smertefri prosess<\/strong><\/p>\n<p>Etter at valget av systemleverand\u00f8r var tatt, rullet ballen fort. I l\u00f8pet av en dr\u00f8y m\u00e5ned var systemet b\u00e5de implementert og g\u00e5tt live.<\/p>\n<p>-Selv om prosessen gikk veldig raskt, synes jeg det gikk smertefritt. Vi fikk all hjelp vi trengte underveis, med ukentlige prosjektm\u00f8ter, tett dialog p\u00e5 chat og et kompetent prosjektteam hos Maritech med Dag og Heidi i spissen som l\u00f8ste ting fortl\u00f8pende, forteller Pekeberg.<\/p>\n<p>-Jeg vil absolutt anbefale andre transportselskaper \u00e5 g\u00e5 over til <a href=\"https:\/\/maritech.com\/no\/vare-losninger-logistikk\/maritech-tms\/\">Maritech TMS Cloud<\/a>.<\/p>\n\t\t\t\t\t\t<\/div>\n\t\t\t\t\t\t\t\t\t<\/div><!--\/.inner-content-->\n\t\t\t<\/div><!--\/.col-->\n\n\t\t\t<div class=\"col image-col\">\n\t\t\t\t\t\t\t\t\t<img decoding=\"async\" width=\"640\" height=\"426\" src=\"https:\/\/maritech.com\/wp-content\/uploads\/2025\/10\/NTL-team.jpg\" class=\"cover\" alt=\"\" srcset=\"https:\/\/maritech.com\/wp-content\/uploads\/2025\/10\/NTL-team.jpg 640w, https:\/\/maritech.com\/wp-content\/uploads\/2025\/10\/NTL-team-300x200.jpg 300w, https:\/\/maritech.com\/wp-content\/uploads\/2025\/10\/NTL-team-260x173.jpg 260w\" sizes=\"(max-width: 640px) 100vw, 640px\" \/>\t\t\t\t\t\t\t<\/div><!--\/.col-->\n\n\t\t<\/div><!--\/.row-->\n\t<\/div><!--\/.container-fluid-xl-->\n<\/section>\n\n\n<section class=\"page-content block alignfull\">\n    <div class=\"container-fluid\">\n        <div class=\"content-wrapper\">\n            <div class=\"editor-content\">\n                <p><strong>TMS for fremtiden<\/strong><\/p>\n<p>Resultatet ble et TMS-system som lever opp til forventningene.<\/p>\n<p>-Maritech TMS er lett \u00e5 bruke, det har et godt og selvforklarende brukergrensesnitt som gj\u00f8r det oversiktelig \u00e5 jobbe i. \u00c5 jobbe i et skybasert transportsystem har ogs\u00e5 store fordeler n\u00e5r det kommer til oppdateringer og support, det blir mye mer tilgjengelig.<\/p>\n<p>Pekeberg trekker frem funksjonaliteter ved systemet som fungerer spesielt godt for NTL:<\/p>\n<p>-Det er veldig enkelt \u00e5 registrere uferdige oppdrag i systemet, for s\u00e5 \u00e5 fullf\u00f8re resten senere n\u00e5r vi har full info. Dette sparer oss for mye tid og er med p\u00e5 \u00e5 effektivisere m\u00e5ten vi jobber p\u00e5. Integrasjoner mot EDI og fakturering er ogs\u00e5 noe vi setter stor pris p\u00e5 og som forenkler driften v\u00e5r.<\/p>\n<p><strong>Godt og dedikert samarbeid <\/strong><\/p>\n<p>Ogs\u00e5 fra Maritechs side har prosjektet v\u00e6rt vellykket.<\/p>\n<p>&#8211; Maritech og Erlend hadde gode samtaler hvor vi sammen jobbet for \u00e5 f\u00e5 den beste l\u00f8sningen p\u00e5 plass til North Termo Logistics skulle starte opp, sier Oddvar Talset, VP Sales i Maritech.<\/p>\n<p>-Det har v\u00e6rt en forn\u00f8yelse \u00e5 jobbe sammen med en kunde som er s\u00e5 dyktig p\u00e5 systemer og som er tydelig p\u00e5 hvilken retning han \u00f8nsket at dette skulle g\u00e5. Vi er imponerte over hans dedikerte fokus og drive i b\u00e5de prosjektet og etter han gikk live med \u00e5 bruke systemet p\u00e5 en god m\u00e5te. Det er veldig hyggelig \u00e5 se at NTL har blitt s\u00e5 godt mottatt i markedet, og vi gleder oss sammen med dem over deres suksess.<\/p>\n            <\/div><!--\/.editor-content-->\n        <\/div><!--\/.content-wrapper-->\n    <\/div><!--\/.container-fluid-->\n<\/section>\n\n\n<section class=\"video-content block alignfull content-left\">\n\t<div class=\"container-fluid-xl\">\n\t\t<div class=\"row\">\n\n\t\t\t<div class=\"col content-col\">\n\t\t\t\t<div class=\"inner-content\">\n\t\t\t\t\t\t\t\t\t\t\t<div class=\"editor-content\">\n\t\t\t\t\t\t\t<p><strong>Store muligheter for sj\u00f8matfrakt<\/strong><\/p>\n<p>Med frakt av sj\u00f8mat og andre temperaturregulerte varer som hovedomr\u00e5de for NTL ser Pekeberg store muligheter for videreutvikling fremover.<\/p>\n<p>-Frakt av fisk og annen sj\u00f8mat st\u00e5r for en betydelig del av v\u00e5rt volum, og jeg ser store muligheter for \u00e5 kunne integrere systemer i fremtiden. Maritech er den st\u00f8rste akt\u00f8ren innen skybasert programvare for sj\u00f8matindustrien, og vi ser for oss at vi i fremtiden kan koble sammen sj\u00f8matprodusenter og transport\u00f8rer i skyen for \u00e5 kunne tilby enda bedre l\u00f8sninger for v\u00e5re kunder, avslutter Pekeberg.<\/p>\n\t\t\t\t\t\t<\/div>\n\t\t\t\t\t\t\t\t\t<\/div><!--\/.inner-content-->\n\t\t\t<\/div><!--\/.col-->\n\n\t\t\t<div class=\"col image-col\">\n\t\t\t\t\t\t\t\t\t<img decoding=\"async\" width=\"1000\" height=\"750\" src=\"https:\/\/maritech.com\/wp-content\/uploads\/2025\/10\/1751610518652-1000x750.jpg\" class=\"cover\" alt=\"\" \/>\t\t\t\t\t\t\t<\/div><!--\/.col-->\n\n\t\t<\/div><!--\/.row-->\n\t<\/div><!--\/.container-fluid-xl-->\n<\/section>\n\n\n<section  class=\"request-form block alignfull sm\">\n    <div class=\"container-fluid\">\n        <div class=\"block-container\">\n            <div class=\"content-wrap\">\n                                    <h4>Nysgjerrig?<\/h4>\n                                            <\/div>\n            <div class=\"form-wrap\">\n                                                    <div class=\"button-wrap left\">\n                        <a class=\"btn\" href=\"https:\/\/logistics-demo.maritech.cloud\/Logistics\/KUNDEHISTORIER\/Termo%20Partner\" title=\"Sjekk ut v\u00e5r logistikkdemo her!\">\n                            Sjekk ut v\u00e5r logistikkdemo her!                        <\/a>\n                    <\/div>\n                            <\/div>\n        <\/div>\n    <\/div>\n<\/section>\n\n\n<section class=\"related-posts block alignfull\">\n    <div class=\"container-fluid\">\n        <div class=\"title-wrap\">\n            <h2 class=\"heading h2\">Les videre<\/h2>        <\/div><!--\/.title-wrap-->\n                <div class=\"row\">\n                        <div class=\"col\">\n                <div onclick=\"location.href='https:\/\/maritech.com\/no\/vare-losninger-logistikk\/'\" class=\"post-card\">\n                    <div class=\"img-wrap\">\n\t\t\t\t\t\t<img decoding=\"async\" width=\"1024\" height=\"574\" src=\"https:\/\/maritech.com\/wp-content\/uploads\/2024\/01\/GHG-1024x574.png\" class=\"attachment-large size-large wp-post-image\" alt=\"V\u00e5re l\u00f8sninger - Logistikk\" srcset=\"https:\/\/maritech.com\/wp-content\/uploads\/2024\/01\/GHG-1024x574.png 1024w, https:\/\/maritech.com\/wp-content\/uploads\/2024\/01\/GHG-300x168.png 300w, https:\/\/maritech.com\/wp-content\/uploads\/2024\/01\/GHG-768x430.png 768w, https:\/\/maritech.com\/wp-content\/uploads\/2024\/01\/GHG-260x146.png 260w, https:\/\/maritech.com\/wp-content\/uploads\/2024\/01\/GHG.png 1280w\" sizes=\"(max-width: 1024px) 100vw, 1024px\" \/>                    <\/div>\n                    <div class=\"info-wrap\">\n                                                <h4><a href=\"https:\/\/maritech.com\/no\/vare-losninger-logistikk\/\">V\u00e5re l\u00f8sninger &#8211;  <span class=\"lastword\"> Logistikk <svg fill=\"none\" height=\"16\" viewBox=\"0 0 21 16\" width=\"21\" xmlns=\"http:\/\/www.w3.org\/2000\/svg\"><path d=\"m12.2646 1.0521 5.615 5.7114h-17.8796v1.503h17.8796l-5.615 5.7114 1.0343 1.0521 7.3883-7.515-7.3883-7.515z\" fill=\"#446bf9\"\/><\/svg><\/span><\/a><\/h4>\n                    <\/div>\n                <\/div>\n            <\/div><!--\/.col-->\n                        <div class=\"col\">\n                <div onclick=\"location.href='https:\/\/maritech.com\/no\/maritech-tms-forste-pilotkunde-er-live-og-fornoyd\/'\" class=\"post-card\">\n                    <div class=\"img-wrap\">\n\t\t\t\t\t\t<img decoding=\"async\" width=\"1024\" height=\"611\" src=\"https:\/\/maritech.com\/wp-content\/uploads\/2023\/06\/NordvestTransport_Maritech-1024x611.png\" class=\"attachment-large size-large wp-post-image\" alt=\"Kundecase - Nordvest Transport\" srcset=\"https:\/\/maritech.com\/wp-content\/uploads\/2023\/06\/NordvestTransport_Maritech-1024x611.png 1024w, https:\/\/maritech.com\/wp-content\/uploads\/2023\/06\/NordvestTransport_Maritech-300x179.png 300w, https:\/\/maritech.com\/wp-content\/uploads\/2023\/06\/NordvestTransport_Maritech-768x458.png 768w, https:\/\/maritech.com\/wp-content\/uploads\/2023\/06\/NordvestTransport_Maritech-260x155.png 260w, https:\/\/maritech.com\/wp-content\/uploads\/2023\/06\/NordvestTransport_Maritech.png 1311w\" sizes=\"(max-width: 1024px) 100vw, 1024px\" \/>                    <\/div>\n                    <div class=\"info-wrap\">\n                                                <h4><a href=\"https:\/\/maritech.com\/no\/maritech-tms-forste-pilotkunde-er-live-og-fornoyd\/\">Kundecase &#8211; Nordvest  <span class=\"lastword\"> Transport <svg fill=\"none\" height=\"16\" viewBox=\"0 0 21 16\" width=\"21\" xmlns=\"http:\/\/www.w3.org\/2000\/svg\"><path d=\"m12.2646 1.0521 5.615 5.7114h-17.8796v1.503h17.8796l-5.615 5.7114 1.0343 1.0521 7.3883-7.515-7.3883-7.515z\" fill=\"#446bf9\"\/><\/svg><\/span><\/a><\/h4>\n                    <\/div>\n                <\/div>\n            <\/div><!--\/.col-->\n                        <div class=\"col\">\n                <div onclick=\"location.href='https:\/\/maritech.com\/no\/accelerator-velger-maritech\/'\" class=\"post-card\">\n                    <div class=\"img-wrap\">\n\t\t\t\t\t\t<img decoding=\"async\" width=\"1024\" height=\"576\" src=\"https:\/\/maritech.com\/wp-content\/uploads\/2024\/01\/Design-uten-navn-3-1024x576.jpg\" class=\"attachment-large size-large wp-post-image\" alt=\"Kundecase - Accelerator\" srcset=\"https:\/\/maritech.com\/wp-content\/uploads\/2024\/01\/Design-uten-navn-3-1024x576.jpg 1024w, https:\/\/maritech.com\/wp-content\/uploads\/2024\/01\/Design-uten-navn-3-300x169.jpg 300w, https:\/\/maritech.com\/wp-content\/uploads\/2024\/01\/Design-uten-navn-3-768x432.jpg 768w, https:\/\/maritech.com\/wp-content\/uploads\/2024\/01\/Design-uten-navn-3-260x146.jpg 260w, https:\/\/maritech.com\/wp-content\/uploads\/2024\/01\/Design-uten-navn-3.jpg 1440w\" sizes=\"(max-width: 1024px) 100vw, 1024px\" \/>                    <\/div>\n                    <div class=\"info-wrap\">\n                                                <h4><a href=\"https:\/\/maritech.com\/no\/accelerator-velger-maritech\/\">Kundecase &#8211;  <span class=\"lastword\"> Accelerator <svg fill=\"none\" height=\"16\" viewBox=\"0 0 21 16\" width=\"21\" xmlns=\"http:\/\/www.w3.org\/2000\/svg\"><path d=\"m12.2646 1.0521 5.615 5.7114h-17.8796v1.503h17.8796l-5.615 5.7114 1.0343 1.0521 7.3883-7.515-7.3883-7.515z\" fill=\"#446bf9\"\/><\/svg><\/span><\/a><\/h4>\n                    <\/div>\n                <\/div>\n            <\/div><!--\/.col-->\n                    <\/div><!--\/.row-->\n            <\/div><!--\/.container-fluid-->\n<\/section>\n","protected":false},"excerpt":{"rendered":"","protected":false},"author":19,"featured_media":21191,"parent":9657,"menu_order":0,"comment_status":"closed","ping_status":"closed","template":"","meta":{"_acf_changed":false,"content-type":"","lazy_load_responsive_images_disabled":false,"footnotes":""},"class_list":["post-21189","page","type-page","status-publish","has-post-thumbnail","hentry"],"acf":[],"yoast_head":"<!-- This site is optimized with the Yoast SEO Premium plugin v21.8 (Yoast SEO v26.8) - https:\/\/yoast.com\/product\/yoast-seo-premium-wordpress\/ -->\n<title>North Thermo Logistics - kundecase Maritech<\/title>\n<meta name=\"description\" content=\"-Maritech TMS fungerer str\u00e5lende for oss, det er enkelt \u00e5 bruke og bidrar til \u00e5 effektivisere driften v\u00e5r.\" \/>\n<meta name=\"robots\" content=\"index, follow, max-snippet:-1, max-image-preview:large, max-video-preview:-1\" \/>\n<link rel=\"canonical\" href=\"https:\/\/maritech.com\/no\/vare-losninger-logistikk\/kundecase-north-thermo-logistics\/\" \/>\n<meta property=\"og:locale\" content=\"nb_NO\" \/>\n<meta property=\"og:type\" content=\"article\" \/>\n<meta property=\"og:title\" content=\"Kundecase - North Thermo Logistics\" \/>\n<meta property=\"og:description\" content=\"-Maritech TMS fungerer str\u00e5lende for oss, det er enkelt \u00e5 bruke og bidrar til \u00e5 effektivisere driften v\u00e5r.\" \/>\n<meta property=\"og:url\" content=\"https:\/\/maritech.com\/no\/vare-losninger-logistikk\/kundecase-north-thermo-logistics\/\" \/>\n<meta property=\"og:site_name\" content=\"Maritech\" \/>\n<meta property=\"article:modified_time\" content=\"2025-12-08T15:50:34+00:00\" \/>\n<meta property=\"og:image\" content=\"https:\/\/maritech.com\/wp-content\/uploads\/2025\/10\/1751610518652.jpg\" \/>\n\t<meta property=\"og:image:width\" content=\"1200\" \/>\n\t<meta property=\"og:image:height\" content=\"825\" \/>\n\t<meta property=\"og:image:type\" content=\"image\/jpeg\" \/>\n<meta name=\"twitter:card\" content=\"summary_large_image\" \/>\n<meta name=\"twitter:label1\" content=\"Ansl. lesetid\" \/>\n\t<meta name=\"twitter:data1\" content=\"1 minutt\" \/>\n<script type=\"application\/ld+json\" class=\"yoast-schema-graph\">{\"@context\":\"https:\/\/schema.org\",\"@graph\":[{\"@type\":\"WebPage\",\"@id\":\"https:\/\/maritech.com\/no\/vare-losninger-logistikk\/kundecase-north-thermo-logistics\/\",\"url\":\"https:\/\/maritech.com\/no\/vare-losninger-logistikk\/kundecase-north-thermo-logistics\/\",\"name\":\"North Thermo Logistics - kundecase Maritech\",\"isPartOf\":{\"@id\":\"https:\/\/maritech.com\/no\/#website\"},\"primaryImageOfPage\":{\"@id\":\"https:\/\/maritech.com\/no\/vare-losninger-logistikk\/kundecase-north-thermo-logistics\/#primaryimage\"},\"image\":{\"@id\":\"https:\/\/maritech.com\/no\/vare-losninger-logistikk\/kundecase-north-thermo-logistics\/#primaryimage\"},\"thumbnailUrl\":\"https:\/\/maritech.com\/wp-content\/uploads\/2025\/10\/1751610518652.jpg\",\"datePublished\":\"2025-10-14T06:31:52+00:00\",\"dateModified\":\"2025-12-08T15:50:34+00:00\",\"description\":\"-Maritech TMS fungerer str\u00e5lende for oss, det er enkelt \u00e5 bruke og bidrar til \u00e5 effektivisere driften v\u00e5r.\",\"breadcrumb\":{\"@id\":\"https:\/\/maritech.com\/no\/vare-losninger-logistikk\/kundecase-north-thermo-logistics\/#breadcrumb\"},\"inLanguage\":\"nb-NO\",\"potentialAction\":[{\"@type\":\"ReadAction\",\"target\":[\"https:\/\/maritech.com\/no\/vare-losninger-logistikk\/kundecase-north-thermo-logistics\/\"]}]},{\"@type\":\"ImageObject\",\"inLanguage\":\"nb-NO\",\"@id\":\"https:\/\/maritech.com\/no\/vare-losninger-logistikk\/kundecase-north-thermo-logistics\/#primaryimage\",\"url\":\"https:\/\/maritech.com\/wp-content\/uploads\/2025\/10\/1751610518652.jpg\",\"contentUrl\":\"https:\/\/maritech.com\/wp-content\/uploads\/2025\/10\/1751610518652.jpg\",\"width\":1200,\"height\":825},{\"@type\":\"BreadcrumbList\",\"@id\":\"https:\/\/maritech.com\/no\/vare-losninger-logistikk\/kundecase-north-thermo-logistics\/#breadcrumb\",\"itemListElement\":[{\"@type\":\"ListItem\",\"position\":1,\"name\":\"Home\",\"item\":\"https:\/\/maritech.com\/no\/\"},{\"@type\":\"ListItem\",\"position\":2,\"name\":\"V\u00e5re l\u00f8sninger &#8211; Logistikk\",\"item\":\"https:\/\/maritech.com\/no\/vare-losninger-logistikk\/\"},{\"@type\":\"ListItem\",\"position\":3,\"name\":\"Kundecase &#8211; North Thermo Logistics\"}]},{\"@type\":\"WebSite\",\"@id\":\"https:\/\/maritech.com\/no\/#website\",\"url\":\"https:\/\/maritech.com\/no\/\",\"name\":\"Maritech\",\"description\":\"\",\"publisher\":{\"@id\":\"https:\/\/maritech.com\/no\/#organization\"},\"potentialAction\":[{\"@type\":\"SearchAction\",\"target\":{\"@type\":\"EntryPoint\",\"urlTemplate\":\"https:\/\/maritech.com\/no\/?s={search_term_string}\"},\"query-input\":{\"@type\":\"PropertyValueSpecification\",\"valueRequired\":true,\"valueName\":\"search_term_string\"}}],\"inLanguage\":\"nb-NO\"},{\"@type\":\"Organization\",\"@id\":\"https:\/\/maritech.com\/no\/#organization\",\"name\":\"Maritech\",\"url\":\"https:\/\/maritech.com\/no\/\",\"logo\":{\"@type\":\"ImageObject\",\"inLanguage\":\"nb-NO\",\"@id\":\"https:\/\/maritech.com\/no\/#\/schema\/logo\/image\/\",\"url\":\"https:\/\/maritech.com\/wp-content\/uploads\/2024\/07\/Maritech-Logo-Co-Brand-WHITE.png\",\"contentUrl\":\"https:\/\/maritech.com\/wp-content\/uploads\/2024\/07\/Maritech-Logo-Co-Brand-WHITE.png\",\"width\":3336,\"height\":890,\"caption\":\"Maritech\"},\"image\":{\"@id\":\"https:\/\/maritech.com\/no\/#\/schema\/logo\/image\/\"}}]}<\/script>\n<!-- \/ Yoast SEO Premium plugin. -->","yoast_head_json":{"title":"North Thermo Logistics - kundecase Maritech","description":"-Maritech TMS fungerer str\u00e5lende for oss, det er enkelt \u00e5 bruke og bidrar til \u00e5 effektivisere driften v\u00e5r.","robots":{"index":"index","follow":"follow","max-snippet":"max-snippet:-1","max-image-preview":"max-image-preview:large","max-video-preview":"max-video-preview:-1"},"canonical":"https:\/\/maritech.com\/no\/vare-losninger-logistikk\/kundecase-north-thermo-logistics\/","og_locale":"nb_NO","og_type":"article","og_title":"Kundecase - North Thermo Logistics","og_description":"-Maritech TMS fungerer str\u00e5lende for oss, det er enkelt \u00e5 bruke og bidrar til \u00e5 effektivisere driften v\u00e5r.","og_url":"https:\/\/maritech.com\/no\/vare-losninger-logistikk\/kundecase-north-thermo-logistics\/","og_site_name":"Maritech","article_modified_time":"2025-12-08T15:50:34+00:00","og_image":[{"width":1200,"height":825,"url":"https:\/\/maritech.com\/wp-content\/uploads\/2025\/10\/1751610518652.jpg","type":"image\/jpeg"}],"twitter_card":"summary_large_image","twitter_misc":{"Ansl. lesetid":"1 minutt"},"schema":{"@context":"https:\/\/schema.org","@graph":[{"@type":"WebPage","@id":"https:\/\/maritech.com\/no\/vare-losninger-logistikk\/kundecase-north-thermo-logistics\/","url":"https:\/\/maritech.com\/no\/vare-losninger-logistikk\/kundecase-north-thermo-logistics\/","name":"North Thermo Logistics - kundecase Maritech","isPartOf":{"@id":"https:\/\/maritech.com\/no\/#website"},"primaryImageOfPage":{"@id":"https:\/\/maritech.com\/no\/vare-losninger-logistikk\/kundecase-north-thermo-logistics\/#primaryimage"},"image":{"@id":"https:\/\/maritech.com\/no\/vare-losninger-logistikk\/kundecase-north-thermo-logistics\/#primaryimage"},"thumbnailUrl":"https:\/\/maritech.com\/wp-content\/uploads\/2025\/10\/1751610518652.jpg","datePublished":"2025-10-14T06:31:52+00:00","dateModified":"2025-12-08T15:50:34+00:00","description":"-Maritech TMS fungerer str\u00e5lende for oss, det er enkelt \u00e5 bruke og bidrar til \u00e5 effektivisere driften v\u00e5r.","breadcrumb":{"@id":"https:\/\/maritech.com\/no\/vare-losninger-logistikk\/kundecase-north-thermo-logistics\/#breadcrumb"},"inLanguage":"nb-NO","potentialAction":[{"@type":"ReadAction","target":["https:\/\/maritech.com\/no\/vare-losninger-logistikk\/kundecase-north-thermo-logistics\/"]}]},{"@type":"ImageObject","inLanguage":"nb-NO","@id":"https:\/\/maritech.com\/no\/vare-losninger-logistikk\/kundecase-north-thermo-logistics\/#primaryimage","url":"https:\/\/maritech.com\/wp-content\/uploads\/2025\/10\/1751610518652.jpg","contentUrl":"https:\/\/maritech.com\/wp-content\/uploads\/2025\/10\/1751610518652.jpg","width":1200,"height":825},{"@type":"BreadcrumbList","@id":"https:\/\/maritech.com\/no\/vare-losninger-logistikk\/kundecase-north-thermo-logistics\/#breadcrumb","itemListElement":[{"@type":"ListItem","position":1,"name":"Home","item":"https:\/\/maritech.com\/no\/"},{"@type":"ListItem","position":2,"name":"V\u00e5re l\u00f8sninger &#8211; Logistikk","item":"https:\/\/maritech.com\/no\/vare-losninger-logistikk\/"},{"@type":"ListItem","position":3,"name":"Kundecase &#8211; North Thermo Logistics"}]},{"@type":"WebSite","@id":"https:\/\/maritech.com\/no\/#website","url":"https:\/\/maritech.com\/no\/","name":"Maritech","description":"","publisher":{"@id":"https:\/\/maritech.com\/no\/#organization"},"potentialAction":[{"@type":"SearchAction","target":{"@type":"EntryPoint","urlTemplate":"https:\/\/maritech.com\/no\/?s={search_term_string}"},"query-input":{"@type":"PropertyValueSpecification","valueRequired":true,"valueName":"search_term_string"}}],"inLanguage":"nb-NO"},{"@type":"Organization","@id":"https:\/\/maritech.com\/no\/#organization","name":"Maritech","url":"https:\/\/maritech.com\/no\/","logo":{"@type":"ImageObject","inLanguage":"nb-NO","@id":"https:\/\/maritech.com\/no\/#\/schema\/logo\/image\/","url":"https:\/\/maritech.com\/wp-content\/uploads\/2024\/07\/Maritech-Logo-Co-Brand-WHITE.png","contentUrl":"https:\/\/maritech.com\/wp-content\/uploads\/2024\/07\/Maritech-Logo-Co-Brand-WHITE.png","width":3336,"height":890,"caption":"Maritech"},"image":{"@id":"https:\/\/maritech.com\/no\/#\/schema\/logo\/image\/"}}]}},"jetpack_sharing_enabled":true,"_links":{"self":[{"href":"https:\/\/maritech.com\/no\/wp-json\/wp\/v2\/pages\/21189","targetHints":{"allow":["GET"]}}],"collection":[{"href":"https:\/\/maritech.com\/no\/wp-json\/wp\/v2\/pages"}],"about":[{"href":"https:\/\/maritech.com\/no\/wp-json\/wp\/v2\/types\/page"}],"author":[{"embeddable":true,"href":"https:\/\/maritech.com\/no\/wp-json\/wp\/v2\/users\/19"}],"replies":[{"embeddable":true,"href":"https:\/\/maritech.com\/no\/wp-json\/wp\/v2\/comments?post=21189"}],"version-history":[{"count":5,"href":"https:\/\/maritech.com\/no\/wp-json\/wp\/v2\/pages\/21189\/revisions"}],"predecessor-version":[{"id":21200,"href":"https:\/\/maritech.com\/no\/wp-json\/wp\/v2\/pages\/21189\/revisions\/21200"}],"up":[{"embeddable":true,"href":"https:\/\/maritech.com\/no\/wp-json\/wp\/v2\/pages\/9657"}],"wp:featuredmedia":[{"embeddable":true,"href":"https:\/\/maritech.com\/no\/wp-json\/wp\/v2\/media\/21191"}],"wp:attachment":[{"href":"https:\/\/maritech.com\/no\/wp-json\/wp\/v2\/media?parent=21189"}],"curies":[{"name":"wp","href":"https:\/\/api.w.org\/{rel}","templated":true}]}}