{"id":21206,"date":"2025-10-24T07:52:44","date_gmt":"2025-10-24T06:52:44","guid":{"rendered":"https:\/\/maritech.com\/?page_id=21206"},"modified":"2026-01-16T12:51:28","modified_gmt":"2026-01-16T11:51:28","slug":"kundecase-asco-norge-as","status":"publish","type":"page","link":"https:\/\/maritech.com\/no\/kundecase-asco-norge-as\/","title":{"rendered":"Kundecase &#8211; ASCO Norge AS"},"content":{"rendered":"\n<section class=\"hero block alignfull bg-image grad-dark\" style=\"background-image: url('https:\/\/maritech.com\/wp-content\/uploads\/2025\/10\/ASCO-14-1499x1000.jpg'); \" >\n    <div class=\"container-fluid\">\n        <div class=\"hero-content\">\n                        <div class=\"editor-content\">\n                <h1><span style=\"color: #ffffff;\">ASCO Norge AS<\/span><\/h1>\n<p class=\"preamble\"><span style=\"color: #ffffff;\">Kundecase &#8211; Maritech TMS, Analytics, Timpex CMS<\/span><\/p>\n            <\/div>\n            <div class=\"button-wrap left\"><a class=\"btn btn-outline-white\" href=\"https:\/\/maritech.com\/no\/book-en-demo\/\" target=\"_blank\" title=\"Ta en titt p\u00e5 v\u00e5r digitale demo\">Ta en titt p\u00e5 v\u00e5r digitale demo<\/a><\/div>        <\/div><!--\/.hero-content-->\n    <\/div><!--\/.container-fluid-->\n<\/section>\n\n\n<section class=\"page-content block alignfull\">\n    <div class=\"container-fluid\">\n        <div class=\"content-wrapper\">\n            <div class=\"editor-content\">\n                <p>&nbsp;<\/p>\n<p class=\"preamble\">-F\u00f8rste gang vi fikk Maritech TMS presentert, skj\u00f8nte vi fort at dette utviklingsprosjektet ville vi v\u00e6re med p\u00e5.<em><br \/>\n<\/em><\/p>\n<p>Det sier Frode Brur\u00e5s, SME &amp; Senior Freight Forwarder og prosjektleder for TMS-prosjektet i logistikkselskapet ASCO Norge AS. Det var under Maritechs kundedager i \u00c5lesund i 2023 at en uferdig versjon av det skybaserte TMS systemet f\u00f8rst ble vist frem for kunder &#8211; og ASCO meldte raskt sin interesse.<\/p>\n            <\/div><!--\/.editor-content-->\n        <\/div><!--\/.content-wrapper-->\n    <\/div><!--\/.container-fluid-->\n<\/section>\n\n\n<section class=\"video-content block alignfull content-right\">\n\t<div class=\"container-fluid-xl\">\n\t\t<div class=\"row\">\n\n\t\t\t<div class=\"col content-col\">\n\t\t\t\t<div class=\"inner-content\">\n\t\t\t\t\t\t\t\t\t\t\t<div class=\"editor-content\">\n\t\t\t\t\t\t\t<p>-Vi har mange \u00e5rs erfaring med \u00e5 jobbe i Timpex, og har v\u00e6rt veldig forn\u00f8yde med systemet. Men behovet for \u00e5 investere i funksjonalitet og teknologi som var mer fremtidsrettet ble stadig sterkere. I en skybasert l\u00f8sning er det enklere \u00e5 oppgradere systemet jevnlig, og viktige elementer som sikkerhet og risiko er forbedret sammenlignet med et on-prem-system. I tillegg er det bedre tilrettelagt for API-er mot andre systemer. Vi s\u00e5 umiddelbart en veldig god match med v\u00e5re behov i Maritech TMS, og \u00f8nsket \u00e5 jobbe sammen med Maritech for \u00e5 utvikle systemet videre. For oss var dette en investering for fremtiden, sier Brur\u00e5s.<\/p>\n\t\t\t\t\t\t<\/div>\n\t\t\t\t\t\t\t\t\t<\/div><!--\/.inner-content-->\n\t\t\t<\/div><!--\/.col-->\n\n\t\t\t<div class=\"col image-col\">\n\t\t\t\t\t\t\t\t\t<img decoding=\"async\" width=\"1000\" height=\"750\" src=\"https:\/\/maritech.com\/wp-content\/uploads\/2025\/10\/Kundedag-2025-2-1000x750.jpg\" class=\"cover\" alt=\"\" \/>\t\t\t\t\t\t\t<\/div><!--\/.col-->\n\n\t\t<\/div><!--\/.row-->\n\t<\/div><!--\/.container-fluid-xl-->\n<\/section>\n\n\n<section class=\"page-content block alignfull\">\n    <div class=\"container-fluid\">\n        <div class=\"content-wrapper\">\n            <div class=\"editor-content\">\n                <h2><strong>Et pionerprosjekt som har styrket b\u00e5de ASCO og Maritech<\/strong><\/h2>\n<p>Prosjektet ble igangsatt h\u00f8sten 2023, med en omfattende kartlegging av behov og \u00f8nsket funksjonalitet. ASCO har hovedfokus p\u00e5 logistikktjenester knyttet til offshore, olje og gass, i tillegg til mer tradisjonell spedisjon p\u00e5 land, med fly og til sj\u00f8s, innland, import og eksport &#8211; og denne kompleksiteten i verdikjeden har satt sitt preg p\u00e5 prosjektet. Fortolling og spedisjon har ogs\u00e5 v\u00e6rt et felt som har v\u00e6rt viktig for oss.<\/p>\n<p>Prosjektleder Hanna Ver\u00e5s i Maritech forteller:<\/p>\n<p>&#8211; ASCO er en stor akt\u00f8r som bruker mye ulik funksjonalitet gjennom sin verdikjede. De kom inn ganske tidlig i arbeidet med Maritech TMS, og satte retning for videreutviklingen av systemet. Sammen har vi videreutviklet produktet og levert mange nye l\u00f8sninger som b\u00e5de ASCO og andre kunder nyter godt av. Prosjektet har v\u00e6rt preget av flinke folk som virkelig kan faget sitt, og selv om ASCO har utfordret oss underveis, er jeg takknemlig for \u00e5 ha st\u00e5tt i dette prosjektet med s\u00e5 kompetente og teknisk oppeg\u00e5ende mennesker.<\/p>\n            <\/div><!--\/.editor-content-->\n        <\/div><!--\/.content-wrapper-->\n    <\/div><!--\/.container-fluid-->\n<\/section>\n\n\n<section class=\"video-content block alignfull content-right\">\n\t<div class=\"container-fluid-xl\">\n\t\t<div class=\"row\">\n\n\t\t\t<div class=\"col content-col\">\n\t\t\t\t<div class=\"inner-content\">\n\t\t\t\t\t\t\t\t\t\t\t<div class=\"editor-content\">\n\t\t\t\t\t\t\t<p>Frode Brur\u00e5s er enig:<\/p>\n<p>-Det har v\u00e6rt et veldig bra samarbeid hele veien, fra oppstart og til vi gikk live i mars 2025. Teamet fra Maritech har v\u00e6rt kunnskapsrike og dedikerte &#8211; de har hele tiden v\u00e6rt veldig tilgjengelige for oss. Vi har hatt hyppige statusm\u00f8ter for \u00e5 sikre fremdrift og l\u00f8sninger. De utfordringene vi har st\u00f8tt p\u00e5, har vi l\u00f8st fortl\u00f8pende, og n\u00e5r det har v\u00e6rt n\u00f8dvendig, har utviklere blitt hentet inn i m\u00f8tene for \u00e5 ta diskusjonene direkte med oss. Prosessen var preget av tett samarbeid og konstruktiv dialog som b\u00e5de vi og Maritech har l\u00e6rt mye av.<\/p>\n\t\t\t\t\t\t<\/div>\n\t\t\t\t\t\t\t\t\t<\/div><!--\/.inner-content-->\n\t\t\t<\/div><!--\/.col-->\n\n\t\t\t<div class=\"col image-col\">\n\t\t\t\t\t\t\t\t\t<img decoding=\"async\" width=\"1000\" height=\"750\" src=\"https:\/\/maritech.com\/wp-content\/uploads\/2025\/10\/image00089-1000x750.jpeg\" class=\"cover\" alt=\"\" srcset=\"https:\/\/maritech.com\/wp-content\/uploads\/2025\/10\/image00089-1000x750.jpeg 1000w, https:\/\/maritech.com\/wp-content\/uploads\/2025\/10\/image00089-300x225.jpeg 300w, https:\/\/maritech.com\/wp-content\/uploads\/2025\/10\/image00089-1024x768.jpeg 1024w, https:\/\/maritech.com\/wp-content\/uploads\/2025\/10\/image00089-768x576.jpeg 768w, https:\/\/maritech.com\/wp-content\/uploads\/2025\/10\/image00089-1536x1152.jpeg 1536w, https:\/\/maritech.com\/wp-content\/uploads\/2025\/10\/image00089-2048x1536.jpeg 2048w, https:\/\/maritech.com\/wp-content\/uploads\/2025\/10\/image00089-1920x1440.jpeg 1920w, https:\/\/maritech.com\/wp-content\/uploads\/2025\/10\/image00089-1333x1000.jpeg 1333w, https:\/\/maritech.com\/wp-content\/uploads\/2025\/10\/image00089-260x195.jpeg 260w\" sizes=\"(max-width: 1000px) 100vw, 1000px\" \/>\t\t\t\t\t\t\t<\/div><!--\/.col-->\n\n\t\t<\/div><!--\/.row-->\n\t<\/div><!--\/.container-fluid-xl-->\n<\/section>\n\n\n<section class=\"page-content block alignfull\">\n    <div class=\"container-fluid\">\n        <div class=\"content-wrapper\">\n            <div class=\"editor-content\">\n                <h2>ASCO anbefaler Maritech som partner<\/h2>\n<p>Et halvt \u00e5r etter go live er ASCO tilfreds med sitt nye logistikksystem, best\u00e5ende av TMS, fortollingsl\u00f8sning, flyfraktmodul, lagerhotell, analytics og integrasjoner til blant annet regnskap, tredjepartssystemer og kunder. Ny funksjonalitet har jevnlig blitt lagt til etter lansering, og mottakelsen har v\u00e6rt god internt.<\/p>\n            <\/div><!--\/.editor-content-->\n        <\/div><!--\/.content-wrapper-->\n    <\/div><!--\/.container-fluid-->\n<\/section>\n\n\n<section class=\"video-content block alignfull content-right\">\n\t<div class=\"container-fluid-xl\">\n\t\t<div class=\"row\">\n\n\t\t\t<div class=\"col content-col\">\n\t\t\t\t<div class=\"inner-content\">\n\t\t\t\t\t\t\t\t\t\t\t<div class=\"editor-content\">\n\t\t\t\t\t\t\t<p>Brur\u00e5s er tydelig p\u00e5 at det nye transportstyringssystemet ikke er en ny versjon av Timpex, men et helt nytt system:<\/p>\n<p>-Det er tydelig at Maritech TMS er utviklet fra bunnen av i skyen, og det har v\u00e6rt spennende \u00e5 v\u00e6re en bidragsyter til \u00e5 bygge l\u00f8sningen. Systemet er brukervennlig og tilgjengelig overalt &#8211; det er veldig positivt. Jeg vil ogs\u00e5 trekke frem funksjonalitet for prising, planleggingfunksjonen og Confirm-appen, som gir informasjon til sj\u00e5f\u00f8rer, som noe av det jeg setter aller mest pris p\u00e5.<\/p>\n<p>-Om vi hadde gjort det samme en gang til? Uten tvil! Jeg anbefaler absolutt Maritech til andre logistikkvirksomheter som er ute etter et fremtidsrettet styringssystem, avslutter Brur\u00e5s.<\/p>\n\t\t\t\t\t\t<\/div>\n\t\t\t\t\t\t\t\t\t<\/div><!--\/.inner-content-->\n\t\t\t<\/div><!--\/.col-->\n\n\t\t\t<div class=\"col image-col\">\n\t\t\t\t\t\t\t\t\t<img decoding=\"async\" width=\"1000\" height=\"750\" src=\"https:\/\/maritech.com\/wp-content\/uploads\/2025\/10\/ASCO-14-1000x750.jpg\" class=\"cover\" alt=\"\" \/>\t\t\t\t\t\t\t<\/div><!--\/.col-->\n\n\t\t<\/div><!--\/.row-->\n\t<\/div><!--\/.container-fluid-xl-->\n<\/section>\n\n\n<section  class=\"content-form-cta block alignfull offset\">\n    <div class=\"container-fluid\">\n        <div class=\"alignment-wrapper\">\n            <div class=\"block-container\">\n                                    <h4 class=\"h4\">Vil du vite mer?<\/h4>\n                                                    <p>Sp\u00f8r oss, da vel! Vi vil veldig gjerne h\u00f8re fra deg.<\/p>\n                                                                    <div class=\"button-wrap left\">\n                        <a class=\"btn\" href=\"https:\/\/share-eu1.hsforms.com\/1N64zSG_iQh6EJmgag0ox5Qewibs\" title=\"Kontakt oss her\">\n                            Kontakt oss her                        <\/a>\n                    <\/div>\n                            <\/div>\n        <\/div>\n    <\/div>\n<\/section>\n\n\n<section class=\"related-posts block alignfull\">\n    <div class=\"container-fluid\">\n        <div class=\"title-wrap\">\n            <h2 class=\"heading h2\">Pssst&#8230;! Har du f\u00e5tt med deg disse?<\/h2>        <\/div><!--\/.title-wrap-->\n                <div class=\"row\">\n                        <div class=\"col\">\n                <div onclick=\"location.href='https:\/\/maritech.com\/no\/kundecase-tyrholm-farstad\/'\" class=\"post-card\">\n                    <div class=\"img-wrap\">\n\t\t\t\t\t\t<img decoding=\"async\" width=\"1024\" height=\"683\" src=\"https:\/\/maritech.com\/wp-content\/uploads\/2025\/10\/DSC05540-1024x683.jpg\" class=\"attachment-large size-large wp-post-image\" alt=\"Kundecase - Tyrholm &amp; Farstad\" srcset=\"https:\/\/maritech.com\/wp-content\/uploads\/2025\/10\/DSC05540-1024x683.jpg 1024w, https:\/\/maritech.com\/wp-content\/uploads\/2025\/10\/DSC05540-300x200.jpg 300w, https:\/\/maritech.com\/wp-content\/uploads\/2025\/10\/DSC05540-768x512.jpg 768w, https:\/\/maritech.com\/wp-content\/uploads\/2025\/10\/DSC05540-1536x1024.jpg 1536w, https:\/\/maritech.com\/wp-content\/uploads\/2025\/10\/DSC05540-2048x1365.jpg 2048w, https:\/\/maritech.com\/wp-content\/uploads\/2025\/10\/DSC05540-1920x1280.jpg 1920w, https:\/\/maritech.com\/wp-content\/uploads\/2025\/10\/DSC05540-1500x1000.jpg 1500w, https:\/\/maritech.com\/wp-content\/uploads\/2025\/10\/DSC05540-260x173.jpg 260w\" sizes=\"(max-width: 1024px) 100vw, 1024px\" \/>                    <\/div>\n                    <div class=\"info-wrap\">\n                                                <h4><a href=\"https:\/\/maritech.com\/no\/kundecase-tyrholm-farstad\/\">Kundecase &#8211; Tyrholm &#038;  <span class=\"lastword\"> Farstad <svg fill=\"none\" height=\"16\" viewBox=\"0 0 21 16\" width=\"21\" xmlns=\"http:\/\/www.w3.org\/2000\/svg\"><path d=\"m12.2646 1.0521 5.615 5.7114h-17.8796v1.503h17.8796l-5.615 5.7114 1.0343 1.0521 7.3883-7.515-7.3883-7.515z\" fill=\"#446bf9\"\/><\/svg><\/span><\/a><\/h4>\n                    <\/div>\n                <\/div>\n            <\/div><!--\/.col-->\n                        <div class=\"col\">\n                <div onclick=\"location.href='https:\/\/maritech.com\/no\/vare-losninger-logistikk\/kundecase-north-thermo-logistics\/'\" class=\"post-card\">\n                    <div class=\"img-wrap\">\n\t\t\t\t\t\t<img decoding=\"async\" width=\"1024\" height=\"704\" src=\"https:\/\/maritech.com\/wp-content\/uploads\/2025\/10\/1751610518652-1024x704.jpg\" class=\"attachment-large size-large wp-post-image\" alt=\"Kundecase - North Thermo Logistics\" srcset=\"https:\/\/maritech.com\/wp-content\/uploads\/2025\/10\/1751610518652-1024x704.jpg 1024w, https:\/\/maritech.com\/wp-content\/uploads\/2025\/10\/1751610518652-300x206.jpg 300w, https:\/\/maritech.com\/wp-content\/uploads\/2025\/10\/1751610518652-768x528.jpg 768w, https:\/\/maritech.com\/wp-content\/uploads\/2025\/10\/1751610518652-260x179.jpg 260w, https:\/\/maritech.com\/wp-content\/uploads\/2025\/10\/1751610518652.jpg 1200w\" sizes=\"(max-width: 1024px) 100vw, 1024px\" \/>                    <\/div>\n                    <div class=\"info-wrap\">\n                                                <h4><a href=\"https:\/\/maritech.com\/no\/vare-losninger-logistikk\/kundecase-north-thermo-logistics\/\">Kundecase &#8211; North Thermo  <span class=\"lastword\"> Logistics <svg fill=\"none\" height=\"16\" viewBox=\"0 0 21 16\" width=\"21\" xmlns=\"http:\/\/www.w3.org\/2000\/svg\"><path d=\"m12.2646 1.0521 5.615 5.7114h-17.8796v1.503h17.8796l-5.615 5.7114 1.0343 1.0521 7.3883-7.515-7.3883-7.515z\" fill=\"#446bf9\"\/><\/svg><\/span><\/a><\/h4>\n                    <\/div>\n                <\/div>\n            <\/div><!--\/.col-->\n                        <div class=\"col\">\n                <div onclick=\"location.href='https:\/\/maritech.com\/no\/kundecase-bring-intermodal\/'\" class=\"post-card\">\n                    <div class=\"img-wrap\">\n\t\t\t\t\t\t<img decoding=\"async\" width=\"1024\" height=\"683\" src=\"https:\/\/maritech.com\/wp-content\/uploads\/2025\/10\/ASCO-14-1024x683.jpg\" class=\"attachment-large size-large wp-post-image\" alt=\"Kundecase - Bring Intermodal\" srcset=\"https:\/\/maritech.com\/wp-content\/uploads\/2025\/10\/ASCO-14-1024x683.jpg 1024w, https:\/\/maritech.com\/wp-content\/uploads\/2025\/10\/ASCO-14-300x200.jpg 300w, https:\/\/maritech.com\/wp-content\/uploads\/2025\/10\/ASCO-14-768x512.jpg 768w, https:\/\/maritech.com\/wp-content\/uploads\/2025\/10\/ASCO-14-1536x1025.jpg 1536w, https:\/\/maritech.com\/wp-content\/uploads\/2025\/10\/ASCO-14-1920x1281.jpg 1920w, https:\/\/maritech.com\/wp-content\/uploads\/2025\/10\/ASCO-14-1499x1000.jpg 1499w, https:\/\/maritech.com\/wp-content\/uploads\/2025\/10\/ASCO-14-260x173.jpg 260w, https:\/\/maritech.com\/wp-content\/uploads\/2025\/10\/ASCO-14.jpg 2048w\" sizes=\"(max-width: 1024px) 100vw, 1024px\" \/>                    <\/div>\n                    <div class=\"info-wrap\">\n                                                <h4><a href=\"https:\/\/maritech.com\/no\/kundecase-bring-intermodal\/\">Kundecase &#8211; Bring  <span class=\"lastword\"> Intermodal <svg fill=\"none\" height=\"16\" viewBox=\"0 0 21 16\" width=\"21\" xmlns=\"http:\/\/www.w3.org\/2000\/svg\"><path d=\"m12.2646 1.0521 5.615 5.7114h-17.8796v1.503h17.8796l-5.615 5.7114 1.0343 1.0521 7.3883-7.515-7.3883-7.515z\" fill=\"#446bf9\"\/><\/svg><\/span><\/a><\/h4>\n                    <\/div>\n                <\/div>\n            <\/div><!--\/.col-->\n                    <\/div><!--\/.row-->\n            <\/div><!--\/.container-fluid-->\n<\/section>\n","protected":false},"excerpt":{"rendered":"","protected":false},"author":19,"featured_media":21208,"parent":0,"menu_order":0,"comment_status":"closed","ping_status":"closed","template":"","meta":{"_acf_changed":false,"content-type":"","lazy_load_responsive_images_disabled":false,"footnotes":""},"class_list":["post-21206","page","type-page","status-publish","has-post-thumbnail","hentry"],"acf":[],"yoast_head":"<!-- This site is optimized with the Yoast SEO Premium plugin v21.8 (Yoast SEO v26.8) - https:\/\/yoast.com\/product\/yoast-seo-premium-wordpress\/ -->\n<title>Kundecase - ASCO Norge AS - Maritech<\/title>\n<meta name=\"description\" content=\"-Vi s\u00e5 et stort behov for \u00e5 oppgradere til et mer moderne transportsystem, og vi \u00f8nsker \u00e5 modernisere oss digitalt og ha mest mulig i sky, sier Tor Knutsen, daglig leder i Tyrholm &amp; Farstad.\" \/>\n<meta name=\"robots\" content=\"index, follow, max-snippet:-1, max-image-preview:large, max-video-preview:-1\" \/>\n<link rel=\"canonical\" href=\"https:\/\/maritech.com\/no\/kundecase-asco-norge-as\/\" \/>\n<meta property=\"og:locale\" content=\"nb_NO\" \/>\n<meta property=\"og:type\" content=\"article\" \/>\n<meta property=\"og:title\" content=\"Kundecase - ASCO Norge AS\" \/>\n<meta property=\"og:description\" content=\"-Vi s\u00e5 et stort behov for \u00e5 oppgradere til et mer moderne transportsystem, og vi \u00f8nsker \u00e5 modernisere oss digitalt og ha mest mulig i sky, sier Tor Knutsen, daglig leder i Tyrholm &amp; Farstad.\" \/>\n<meta property=\"og:url\" content=\"https:\/\/maritech.com\/no\/kundecase-asco-norge-as\/\" \/>\n<meta property=\"og:site_name\" content=\"Maritech\" \/>\n<meta property=\"article:modified_time\" content=\"2026-01-16T11:51:28+00:00\" \/>\n<meta property=\"og:image\" content=\"https:\/\/maritech.com\/wp-content\/uploads\/2025\/10\/ASCO-14-1024x683.jpg\" \/>\n\t<meta property=\"og:image:width\" content=\"1024\" \/>\n\t<meta property=\"og:image:height\" content=\"683\" \/>\n\t<meta property=\"og:image:type\" content=\"image\/jpeg\" \/>\n<meta name=\"twitter:card\" content=\"summary_large_image\" \/>\n<meta name=\"twitter:label1\" content=\"Ansl. lesetid\" \/>\n\t<meta name=\"twitter:data1\" content=\"1 minutt\" \/>\n<script type=\"application\/ld+json\" class=\"yoast-schema-graph\">{\"@context\":\"https:\/\/schema.org\",\"@graph\":[{\"@type\":\"WebPage\",\"@id\":\"https:\/\/maritech.com\/no\/kundecase-asco-norge-as\/\",\"url\":\"https:\/\/maritech.com\/no\/kundecase-asco-norge-as\/\",\"name\":\"Kundecase - ASCO Norge AS - Maritech\",\"isPartOf\":{\"@id\":\"https:\/\/maritech.com\/no\/#website\"},\"primaryImageOfPage\":{\"@id\":\"https:\/\/maritech.com\/no\/kundecase-asco-norge-as\/#primaryimage\"},\"image\":{\"@id\":\"https:\/\/maritech.com\/no\/kundecase-asco-norge-as\/#primaryimage\"},\"thumbnailUrl\":\"https:\/\/maritech.com\/wp-content\/uploads\/2025\/10\/ASCO-14.jpg\",\"datePublished\":\"2025-10-24T06:52:44+00:00\",\"dateModified\":\"2026-01-16T11:51:28+00:00\",\"description\":\"-Vi s\u00e5 et stort behov for \u00e5 oppgradere til et mer moderne transportsystem, og vi \u00f8nsker \u00e5 modernisere oss digitalt og ha mest mulig i sky, sier Tor Knutsen, daglig leder i Tyrholm & Farstad.\",\"breadcrumb\":{\"@id\":\"https:\/\/maritech.com\/no\/kundecase-asco-norge-as\/#breadcrumb\"},\"inLanguage\":\"nb-NO\",\"potentialAction\":[{\"@type\":\"ReadAction\",\"target\":[\"https:\/\/maritech.com\/no\/kundecase-asco-norge-as\/\"]}]},{\"@type\":\"ImageObject\",\"inLanguage\":\"nb-NO\",\"@id\":\"https:\/\/maritech.com\/no\/kundecase-asco-norge-as\/#primaryimage\",\"url\":\"https:\/\/maritech.com\/wp-content\/uploads\/2025\/10\/ASCO-14.jpg\",\"contentUrl\":\"https:\/\/maritech.com\/wp-content\/uploads\/2025\/10\/ASCO-14.jpg\",\"width\":2048,\"height\":1366},{\"@type\":\"BreadcrumbList\",\"@id\":\"https:\/\/maritech.com\/no\/kundecase-asco-norge-as\/#breadcrumb\",\"itemListElement\":[{\"@type\":\"ListItem\",\"position\":1,\"name\":\"Home\",\"item\":\"https:\/\/maritech.com\/no\/\"},{\"@type\":\"ListItem\",\"position\":2,\"name\":\"Kundecase &#8211; ASCO Norge AS\"}]},{\"@type\":\"WebSite\",\"@id\":\"https:\/\/maritech.com\/no\/#website\",\"url\":\"https:\/\/maritech.com\/no\/\",\"name\":\"Maritech\",\"description\":\"\",\"publisher\":{\"@id\":\"https:\/\/maritech.com\/no\/#organization\"},\"potentialAction\":[{\"@type\":\"SearchAction\",\"target\":{\"@type\":\"EntryPoint\",\"urlTemplate\":\"https:\/\/maritech.com\/no\/?s={search_term_string}\"},\"query-input\":{\"@type\":\"PropertyValueSpecification\",\"valueRequired\":true,\"valueName\":\"search_term_string\"}}],\"inLanguage\":\"nb-NO\"},{\"@type\":\"Organization\",\"@id\":\"https:\/\/maritech.com\/no\/#organization\",\"name\":\"Maritech\",\"url\":\"https:\/\/maritech.com\/no\/\",\"logo\":{\"@type\":\"ImageObject\",\"inLanguage\":\"nb-NO\",\"@id\":\"https:\/\/maritech.com\/no\/#\/schema\/logo\/image\/\",\"url\":\"https:\/\/maritech.com\/wp-content\/uploads\/2024\/07\/Maritech-Logo-Co-Brand-WHITE.png\",\"contentUrl\":\"https:\/\/maritech.com\/wp-content\/uploads\/2024\/07\/Maritech-Logo-Co-Brand-WHITE.png\",\"width\":3336,\"height\":890,\"caption\":\"Maritech\"},\"image\":{\"@id\":\"https:\/\/maritech.com\/no\/#\/schema\/logo\/image\/\"}}]}<\/script>\n<!-- \/ Yoast SEO Premium plugin. -->","yoast_head_json":{"title":"Kundecase - ASCO Norge AS - Maritech","description":"-Vi s\u00e5 et stort behov for \u00e5 oppgradere til et mer moderne transportsystem, og vi \u00f8nsker \u00e5 modernisere oss digitalt og ha mest mulig i sky, sier Tor Knutsen, daglig leder i Tyrholm & Farstad.","robots":{"index":"index","follow":"follow","max-snippet":"max-snippet:-1","max-image-preview":"max-image-preview:large","max-video-preview":"max-video-preview:-1"},"canonical":"https:\/\/maritech.com\/no\/kundecase-asco-norge-as\/","og_locale":"nb_NO","og_type":"article","og_title":"Kundecase - ASCO Norge AS","og_description":"-Vi s\u00e5 et stort behov for \u00e5 oppgradere til et mer moderne transportsystem, og vi \u00f8nsker \u00e5 modernisere oss digitalt og ha mest mulig i sky, sier Tor Knutsen, daglig leder i Tyrholm & Farstad.","og_url":"https:\/\/maritech.com\/no\/kundecase-asco-norge-as\/","og_site_name":"Maritech","article_modified_time":"2026-01-16T11:51:28+00:00","og_image":[{"width":1024,"height":683,"url":"https:\/\/maritech.com\/wp-content\/uploads\/2025\/10\/ASCO-14-1024x683.jpg","type":"image\/jpeg"}],"twitter_card":"summary_large_image","twitter_misc":{"Ansl. lesetid":"1 minutt"},"schema":{"@context":"https:\/\/schema.org","@graph":[{"@type":"WebPage","@id":"https:\/\/maritech.com\/no\/kundecase-asco-norge-as\/","url":"https:\/\/maritech.com\/no\/kundecase-asco-norge-as\/","name":"Kundecase - ASCO Norge AS - Maritech","isPartOf":{"@id":"https:\/\/maritech.com\/no\/#website"},"primaryImageOfPage":{"@id":"https:\/\/maritech.com\/no\/kundecase-asco-norge-as\/#primaryimage"},"image":{"@id":"https:\/\/maritech.com\/no\/kundecase-asco-norge-as\/#primaryimage"},"thumbnailUrl":"https:\/\/maritech.com\/wp-content\/uploads\/2025\/10\/ASCO-14.jpg","datePublished":"2025-10-24T06:52:44+00:00","dateModified":"2026-01-16T11:51:28+00:00","description":"-Vi s\u00e5 et stort behov for \u00e5 oppgradere til et mer moderne transportsystem, og vi \u00f8nsker \u00e5 modernisere oss digitalt og ha mest mulig i sky, sier Tor Knutsen, daglig leder i Tyrholm & Farstad.","breadcrumb":{"@id":"https:\/\/maritech.com\/no\/kundecase-asco-norge-as\/#breadcrumb"},"inLanguage":"nb-NO","potentialAction":[{"@type":"ReadAction","target":["https:\/\/maritech.com\/no\/kundecase-asco-norge-as\/"]}]},{"@type":"ImageObject","inLanguage":"nb-NO","@id":"https:\/\/maritech.com\/no\/kundecase-asco-norge-as\/#primaryimage","url":"https:\/\/maritech.com\/wp-content\/uploads\/2025\/10\/ASCO-14.jpg","contentUrl":"https:\/\/maritech.com\/wp-content\/uploads\/2025\/10\/ASCO-14.jpg","width":2048,"height":1366},{"@type":"BreadcrumbList","@id":"https:\/\/maritech.com\/no\/kundecase-asco-norge-as\/#breadcrumb","itemListElement":[{"@type":"ListItem","position":1,"name":"Home","item":"https:\/\/maritech.com\/no\/"},{"@type":"ListItem","position":2,"name":"Kundecase &#8211; ASCO Norge AS"}]},{"@type":"WebSite","@id":"https:\/\/maritech.com\/no\/#website","url":"https:\/\/maritech.com\/no\/","name":"Maritech","description":"","publisher":{"@id":"https:\/\/maritech.com\/no\/#organization"},"potentialAction":[{"@type":"SearchAction","target":{"@type":"EntryPoint","urlTemplate":"https:\/\/maritech.com\/no\/?s={search_term_string}"},"query-input":{"@type":"PropertyValueSpecification","valueRequired":true,"valueName":"search_term_string"}}],"inLanguage":"nb-NO"},{"@type":"Organization","@id":"https:\/\/maritech.com\/no\/#organization","name":"Maritech","url":"https:\/\/maritech.com\/no\/","logo":{"@type":"ImageObject","inLanguage":"nb-NO","@id":"https:\/\/maritech.com\/no\/#\/schema\/logo\/image\/","url":"https:\/\/maritech.com\/wp-content\/uploads\/2024\/07\/Maritech-Logo-Co-Brand-WHITE.png","contentUrl":"https:\/\/maritech.com\/wp-content\/uploads\/2024\/07\/Maritech-Logo-Co-Brand-WHITE.png","width":3336,"height":890,"caption":"Maritech"},"image":{"@id":"https:\/\/maritech.com\/no\/#\/schema\/logo\/image\/"}}]}},"jetpack_sharing_enabled":true,"_links":{"self":[{"href":"https:\/\/maritech.com\/no\/wp-json\/wp\/v2\/pages\/21206","targetHints":{"allow":["GET"]}}],"collection":[{"href":"https:\/\/maritech.com\/no\/wp-json\/wp\/v2\/pages"}],"about":[{"href":"https:\/\/maritech.com\/no\/wp-json\/wp\/v2\/types\/page"}],"author":[{"embeddable":true,"href":"https:\/\/maritech.com\/no\/wp-json\/wp\/v2\/users\/19"}],"replies":[{"embeddable":true,"href":"https:\/\/maritech.com\/no\/wp-json\/wp\/v2\/comments?post=21206"}],"version-history":[{"count":6,"href":"https:\/\/maritech.com\/no\/wp-json\/wp\/v2\/pages\/21206\/revisions"}],"predecessor-version":[{"id":21292,"href":"https:\/\/maritech.com\/no\/wp-json\/wp\/v2\/pages\/21206\/revisions\/21292"}],"wp:featuredmedia":[{"embeddable":true,"href":"https:\/\/maritech.com\/no\/wp-json\/wp\/v2\/media\/21208"}],"wp:attachment":[{"href":"https:\/\/maritech.com\/no\/wp-json\/wp\/v2\/media?parent=21206"}],"curies":[{"name":"wp","href":"https:\/\/api.w.org\/{rel}","templated":true}]}}