{"id":21218,"date":"2025-10-25T14:41:16","date_gmt":"2025-10-25T13:41:16","guid":{"rendered":"https:\/\/maritech.com\/?page_id=21218"},"modified":"2026-01-16T12:49:34","modified_gmt":"2026-01-16T11:49:34","slug":"kundecase-bring-intermodal","status":"publish","type":"page","link":"https:\/\/maritech.com\/no\/kundecase-bring-intermodal\/","title":{"rendered":"Kundecase &#8211; Bring Intermodal"},"content":{"rendered":"\n<section class=\"hero block alignfull bg-image grad-dark\" style=\"background-image: url('https:\/\/maritech.com\/wp-content\/uploads\/2025\/10\/intermodal1-875x1000.jpg'); \" >\n    <div class=\"container-fluid\">\n        <div class=\"hero-content\">\n                        <div class=\"editor-content\">\n                <h1><span style=\"color: #ffffff;\">Bring Intermodal<\/span><\/h1>\n<p class=\"preamble\"><span style=\"color: #ffffff;\">Kundecase &#8211; Maritech TMS<\/span><\/p>\n            <\/div>\n            <div class=\"button-wrap left\"><a class=\"btn btn-outline-white\" href=\"https:\/\/maritech.com\/no\/book-en-demo\/\" target=\"_blank\" title=\"Ta en titt p\u00e5 v\u00e5r digitale demo\">Ta en titt p\u00e5 v\u00e5r digitale demo<\/a><\/div>        <\/div><!--\/.hero-content-->\n    <\/div><!--\/.container-fluid-->\n<\/section>\n\n\n<section class=\"page-content block alignfull\">\n    <div class=\"container-fluid\">\n        <div class=\"content-wrapper\">\n            <div class=\"editor-content\">\n                <p>&nbsp;<\/p>\n<p class=\"preamble\">For \u00e5 effektivisere driften og l\u00f8fte den digitale kundeopplevelsen, har Bring Intermodal valgt Maritech TMS Cloud som sitt nye transportstyringssystem.<\/p>\n<p>Selskapet har over tid samarbeidet tett med Maritech for \u00e5 utvikle l\u00f8sninger p\u00e5 komplekse utfordringer som skal gi \u00f8kt oversikt, bedre flyt og mer s\u00f8ml\u00f8s samhandling p\u00e5 tvers av systemer og land.<\/p>\n            <\/div><!--\/.editor-content-->\n        <\/div><!--\/.content-wrapper-->\n    <\/div><!--\/.container-fluid-->\n<\/section>\n\n\n<section class=\"video-content block alignfull content-right\">\n\t<div class=\"container-fluid-xl\">\n\t\t<div class=\"row\">\n\n\t\t\t<div class=\"col content-col\">\n\t\t\t\t<div class=\"inner-content\">\n\t\t\t\t\t\t\t\t\t\t\t<div class=\"editor-content\">\n\t\t\t\t\t\t\t<p>Espen Bolghaug er leder for operasjonell og digital utvikling i Bring Intermodal og ansvarlig for implementering av systemet. Han forteller om en god, men krevende prosess:<\/p>\n<p>-\u00c5 bytte produksjonssystem er en stor og kompleks jobb. Prosjektet har p\u00e5g\u00e5tt i flere \u00e5r, fra vi startet kartleggingen til kontrakten med Maritech n\u00e5 er signert. Vi har vurdert b\u00e5de norske og internasjonale systemleverand\u00f8rer grundig, og har en intern prosjektgruppe, med prosjektleder Viktor Scherman i spissen, som jobber sv\u00e6rt godt.. Vi kjente Maritech godt fra f\u00f8r som brukere av Timpex TMS, og da vi ble presentert for deres nye skybaserte TMS-system ble vi overbevist.<\/p>\n<p>&#8211; En del i Maritech TMS Cloud er gjenkjennbart fra Timpex, men i motsetning til mange andre startet Maritech p\u00e5 scratch og bygde systemet helt p\u00e5 nytt i skyen. Dette mener vi er riktig m\u00e5te \u00e5 tenke digitalt p\u00e5, og vi har stor tro p\u00e5 reisen Maritech er p\u00e5. Vi har hatt god kjemi med teamet fra Maritech fra dag \u00e9n, og vi kjenner oss godt igjen i tankene og visjonene teamet, med Petter Braute i spissen, har. Det har v\u00e6rt en viktig faktor for oss, sier Bolghaug.<\/p>\n\t\t\t\t\t\t<\/div>\n\t\t\t\t\t\t\t\t\t<\/div><!--\/.inner-content-->\n\t\t\t<\/div><!--\/.col-->\n\n\t\t\t<div class=\"col image-col\">\n\t\t\t\t\t\t\t\t\t<img decoding=\"async\" width=\"1000\" height=\"750\" src=\"https:\/\/maritech.com\/wp-content\/uploads\/2025\/10\/Viktor-og-espen-1000x750.jpg\" class=\"cover\" alt=\"\" \/>\t\t\t\t\t\t\t<\/div><!--\/.col-->\n\n\t\t<\/div><!--\/.row-->\n\t<\/div><!--\/.container-fluid-xl-->\n<\/section>\n\n\n<section class=\"page-content block alignfull\">\n    <div class=\"container-fluid\">\n        <div class=\"content-wrapper\">\n            <div class=\"editor-content\">\n                <h2><strong>Kompleksitet og samarbeid i praksis<\/strong><\/h2>\n<p>Prosjektet inneb\u00e6rer implementering av Maritech TMS med utvidet funksjonalitet for containerlogistikk og flerselskapsstruktur p\u00e5 tvers av landegrenser. Leveransen inkluderer ogs\u00e5 flere integrasjoner \u2013 blant annet GPS-sporing i sanntid.<\/p>\n<p>Det er et komplekst prosjekt som krever b\u00e5de tilpasning og utvikling, og det stilles h\u00f8ye krav n\u00e5r man jobber med en stor organisasjon som Posten Bring.<\/p>\n<p>\u2013 Bring Intermodal utfordrer oss p\u00e5 alle omr\u00e5der \u2013 teknisk, funksjonelt og organisatorisk. Vi opplever kunden som en moderne, kompetent og fremoverlent organisasjon med et sterkt fokus p\u00e5 \u00e5 levere gode l\u00f8sninger for fremtiden. Det har v\u00e6rt en veldig positiv prosess hvor b\u00e5de vi og Bring har kunnet spille p\u00e5 bredden man har i kompetanse og ressurser for \u00e5 diskutere oss frem til gode l\u00f8sninger for fremtiden. Det er b\u00e5de krevende, givende og utrolig utviklende \u00e5 jobbe s\u00e5 tett sammen med en stor og kompleks akt\u00f8r over s\u00e5 lang tid, sier Oddvar Talset, VP Logistics i Maritech.<\/p>\n<p>\u2013 Vi ser Bring Intermodal som en moderne og ambisi\u00f8s akt\u00f8r som \u00f8nsker \u00e5 ligge i forkant. Sammen skaper vi l\u00f8sninger som gj\u00f8r det enklere \u00e5 jobbe smartere \u2013 og gr\u00f8nnere \u2013 hver dag.<\/p>\n            <\/div><!--\/.editor-content-->\n        <\/div><!--\/.content-wrapper-->\n    <\/div><!--\/.container-fluid-->\n<\/section>\n\n\n<section class=\"video-content block alignfull content-right\">\n\t<div class=\"container-fluid-xl\">\n\t\t<div class=\"row\">\n\n\t\t\t<div class=\"col content-col\">\n\t\t\t\t<div class=\"inner-content\">\n\t\t\t\t\t\t\t\t\t\t\t<div class=\"editor-content\">\n\t\t\t\t\t\t\t<h2><strong>Investerer i fremtiden med fokus p\u00e5 effektivitet og kundeopplevelse<\/strong><\/h2>\n<p>Med signert kontrakt p\u00e5 plass er begge parter klare for neste fase av prosjektet.<\/p>\n<p>-Vi har brukt mye tid p\u00e5 \u00e5 bli enige om hva som skal med i systemet. Dette har gitt oss et solid fundament for implementeringen, og jeg f\u00f8ler meg trygg p\u00e5 at vi har tatt det riktige valget, sier Bolghaug.<\/p>\n<p>-Hovedgrunnene til at vi \u00f8nsker \u00e5 investere i nytt transportstyringssystem er \u00e5 bli mer effektive for kundene v\u00e5re, og \u00e5 tilby en bedre digital kundeopplevelse rigget for fremtiden. Sammen med en forutsigbar og kjent samarbeidspartner som Maritech, vil vi n\u00e5 levere godt p\u00e5 dette.<\/p>\n\t\t\t\t\t\t<\/div>\n\t\t\t\t\t\t\t\t\t<\/div><!--\/.inner-content-->\n\t\t\t<\/div><!--\/.col-->\n\n\t\t\t<div class=\"col image-col\">\n\t\t\t\t\t\t\t\t\t<img decoding=\"async\" width=\"1000\" height=\"750\" src=\"https:\/\/maritech.com\/wp-content\/uploads\/2025\/10\/intermodal1-1000x750.jpg\" class=\"cover\" alt=\"\" \/>\t\t\t\t\t\t\t<\/div><!--\/.col-->\n\n\t\t<\/div><!--\/.row-->\n\t<\/div><!--\/.container-fluid-xl-->\n<\/section>\n\n\n<section class=\"page-content block alignfull\">\n    <div class=\"container-fluid\">\n        <div class=\"content-wrapper\">\n            <div class=\"editor-content\">\n                <h2><strong>Om Bring Intermodal<\/strong><\/h2>\n<p>Bring Intermodal er en del av Posten Bring-konsernet, og er en ledende akt\u00f8r innen intermodal transport \u2013 en fraktmetode som kombinerer ulike transportmidler som tog, bil, b\u00e5t og fly, uten omlasting av godset underveis.<\/p>\n<p>Godset som fraktes er typisk av \u00e5 v\u00e6re <em>full load<\/em>-sendinger, der lastekapasiteten utnyttes maksimalt. Bring Intermodal h\u00e5ndterer noen av konsernets st\u00f8rste kunder og opererer prim\u00e6rt i Norge, Sverige og Tyskland.<\/p>\n<p>Med intermodal og <em>full load<\/em>-transport er m\u00e5let effektiv og milj\u00f8vennlig godsh\u00e5ndtering. Selskapet har lenge v\u00e6rt en p\u00e5driver for \u00e5 utvikle smartere, gr\u00f8nnere og mer digitale l\u00f8sninger.<\/p>\n            <\/div><!--\/.editor-content-->\n        <\/div><!--\/.content-wrapper-->\n    <\/div><!--\/.container-fluid-->\n<\/section>\n\n<section  class=\"content-form-cta block alignfull offset\">\n    <div class=\"container-fluid\">\n        <div class=\"alignment-wrapper\">\n            <div class=\"block-container\">\n                                    <h4 class=\"h4\">Vil du vite mer?<\/h4>\n                                                    <p>Sp\u00f8r oss, da vel! Vi vil veldig gjerne h\u00f8re fra deg.<\/p>\n                                                                    <div class=\"button-wrap left\">\n                        <a class=\"btn\" href=\"https:\/\/share-eu1.hsforms.com\/1N64zSG_iQh6EJmgag0ox5Qewibs\" title=\"Kontakt oss her\">\n                            Kontakt oss her                        <\/a>\n                    <\/div>\n                            <\/div>\n        <\/div>\n    <\/div>\n<\/section>\n\n\n<section class=\"related-posts block alignfull\">\n    <div class=\"container-fluid\">\n        <div class=\"title-wrap\">\n            <h2 class=\"heading h2\">Pssst&#8230;! Har du f\u00e5tt med deg disse?<\/h2>        <\/div><!--\/.title-wrap-->\n                <div class=\"row\">\n                        <div class=\"col\">\n                <div onclick=\"location.href='https:\/\/maritech.com\/no\/kundecase-tyrholm-farstad\/'\" class=\"post-card\">\n                    <div class=\"img-wrap\">\n\t\t\t\t\t\t<img decoding=\"async\" width=\"1024\" height=\"683\" src=\"https:\/\/maritech.com\/wp-content\/uploads\/2025\/10\/DSC05540-1024x683.jpg\" class=\"attachment-large size-large wp-post-image\" alt=\"Kundecase - Tyrholm &amp; Farstad\" srcset=\"https:\/\/maritech.com\/wp-content\/uploads\/2025\/10\/DSC05540-1024x683.jpg 1024w, https:\/\/maritech.com\/wp-content\/uploads\/2025\/10\/DSC05540-300x200.jpg 300w, https:\/\/maritech.com\/wp-content\/uploads\/2025\/10\/DSC05540-768x512.jpg 768w, https:\/\/maritech.com\/wp-content\/uploads\/2025\/10\/DSC05540-1536x1024.jpg 1536w, https:\/\/maritech.com\/wp-content\/uploads\/2025\/10\/DSC05540-2048x1365.jpg 2048w, https:\/\/maritech.com\/wp-content\/uploads\/2025\/10\/DSC05540-1920x1280.jpg 1920w, https:\/\/maritech.com\/wp-content\/uploads\/2025\/10\/DSC05540-1500x1000.jpg 1500w, https:\/\/maritech.com\/wp-content\/uploads\/2025\/10\/DSC05540-260x173.jpg 260w\" sizes=\"(max-width: 1024px) 100vw, 1024px\" \/>                    <\/div>\n                    <div class=\"info-wrap\">\n                                                <h4><a href=\"https:\/\/maritech.com\/no\/kundecase-tyrholm-farstad\/\">Kundecase &#8211; Tyrholm &#038;  <span class=\"lastword\"> Farstad <svg fill=\"none\" height=\"16\" viewBox=\"0 0 21 16\" width=\"21\" xmlns=\"http:\/\/www.w3.org\/2000\/svg\"><path d=\"m12.2646 1.0521 5.615 5.7114h-17.8796v1.503h17.8796l-5.615 5.7114 1.0343 1.0521 7.3883-7.515-7.3883-7.515z\" fill=\"#446bf9\"\/><\/svg><\/span><\/a><\/h4>\n                    <\/div>\n                <\/div>\n            <\/div><!--\/.col-->\n                        <div class=\"col\">\n                <div onclick=\"location.href='https:\/\/maritech.com\/no\/kundecase-asco-norge-as\/'\" class=\"post-card\">\n                    <div class=\"img-wrap\">\n\t\t\t\t\t\t<img decoding=\"async\" width=\"1024\" height=\"683\" src=\"https:\/\/maritech.com\/wp-content\/uploads\/2025\/10\/ASCO-14-1024x683.jpg\" class=\"attachment-large size-large wp-post-image\" alt=\"Kundecase - ASCO Norge AS\" srcset=\"https:\/\/maritech.com\/wp-content\/uploads\/2025\/10\/ASCO-14-1024x683.jpg 1024w, https:\/\/maritech.com\/wp-content\/uploads\/2025\/10\/ASCO-14-300x200.jpg 300w, https:\/\/maritech.com\/wp-content\/uploads\/2025\/10\/ASCO-14-768x512.jpg 768w, https:\/\/maritech.com\/wp-content\/uploads\/2025\/10\/ASCO-14-1536x1025.jpg 1536w, https:\/\/maritech.com\/wp-content\/uploads\/2025\/10\/ASCO-14-1920x1281.jpg 1920w, https:\/\/maritech.com\/wp-content\/uploads\/2025\/10\/ASCO-14-1499x1000.jpg 1499w, https:\/\/maritech.com\/wp-content\/uploads\/2025\/10\/ASCO-14-260x173.jpg 260w, https:\/\/maritech.com\/wp-content\/uploads\/2025\/10\/ASCO-14.jpg 2048w\" sizes=\"(max-width: 1024px) 100vw, 1024px\" \/>                    <\/div>\n                    <div class=\"info-wrap\">\n                                                <h4><a href=\"https:\/\/maritech.com\/no\/kundecase-asco-norge-as\/\">Kundecase &#8211; ASCO Norge  <span class=\"lastword\"> AS <svg fill=\"none\" height=\"16\" viewBox=\"0 0 21 16\" width=\"21\" xmlns=\"http:\/\/www.w3.org\/2000\/svg\"><path d=\"m12.2646 1.0521 5.615 5.7114h-17.8796v1.503h17.8796l-5.615 5.7114 1.0343 1.0521 7.3883-7.515-7.3883-7.515z\" fill=\"#446bf9\"\/><\/svg><\/span><\/a><\/h4>\n                    <\/div>\n                <\/div>\n            <\/div><!--\/.col-->\n                        <div class=\"col\">\n                <div onclick=\"location.href='https:\/\/maritech.com\/no\/vare-losninger-logistikk\/kundecase-north-thermo-logistics\/'\" class=\"post-card\">\n                    <div class=\"img-wrap\">\n\t\t\t\t\t\t<img decoding=\"async\" width=\"1024\" height=\"704\" src=\"https:\/\/maritech.com\/wp-content\/uploads\/2025\/10\/1751610518652-1024x704.jpg\" class=\"attachment-large size-large wp-post-image\" alt=\"Kundecase - North Thermo Logistics\" srcset=\"https:\/\/maritech.com\/wp-content\/uploads\/2025\/10\/1751610518652-1024x704.jpg 1024w, https:\/\/maritech.com\/wp-content\/uploads\/2025\/10\/1751610518652-300x206.jpg 300w, https:\/\/maritech.com\/wp-content\/uploads\/2025\/10\/1751610518652-768x528.jpg 768w, https:\/\/maritech.com\/wp-content\/uploads\/2025\/10\/1751610518652-260x179.jpg 260w, https:\/\/maritech.com\/wp-content\/uploads\/2025\/10\/1751610518652.jpg 1200w\" sizes=\"(max-width: 1024px) 100vw, 1024px\" \/>                    <\/div>\n                    <div class=\"info-wrap\">\n                                                <h4><a href=\"https:\/\/maritech.com\/no\/vare-losninger-logistikk\/kundecase-north-thermo-logistics\/\">Kundecase &#8211; North Thermo  <span class=\"lastword\"> Logistics <svg fill=\"none\" height=\"16\" viewBox=\"0 0 21 16\" width=\"21\" xmlns=\"http:\/\/www.w3.org\/2000\/svg\"><path d=\"m12.2646 1.0521 5.615 5.7114h-17.8796v1.503h17.8796l-5.615 5.7114 1.0343 1.0521 7.3883-7.515-7.3883-7.515z\" fill=\"#446bf9\"\/><\/svg><\/span><\/a><\/h4>\n                    <\/div>\n                <\/div>\n            <\/div><!--\/.col-->\n                    <\/div><!--\/.row-->\n            <\/div><!--\/.container-fluid-->\n<\/section>\n","protected":false},"excerpt":{"rendered":"","protected":false},"author":19,"featured_media":21208,"parent":0,"menu_order":0,"comment_status":"closed","ping_status":"closed","template":"","meta":{"_acf_changed":false,"content-type":"","lazy_load_responsive_images_disabled":false,"footnotes":""},"class_list":["post-21218","page","type-page","status-publish","has-post-thumbnail","hentry"],"acf":[],"yoast_head":"<!-- This site is optimized with the Yoast SEO Premium plugin v21.8 (Yoast SEO v26.8) - https:\/\/yoast.com\/product\/yoast-seo-premium-wordpress\/ -->\n<title>Kundecase - Bring Intermodal - Maritech<\/title>\n<meta name=\"description\" content=\"-Vi s\u00e5 et stort behov for \u00e5 oppgradere til et mer moderne transportsystem, og vi \u00f8nsker \u00e5 modernisere oss digitalt og ha mest mulig i sky, sier Tor Knutsen, daglig leder i Tyrholm &amp; Farstad.\" \/>\n<meta name=\"robots\" content=\"index, follow, max-snippet:-1, max-image-preview:large, max-video-preview:-1\" \/>\n<link rel=\"canonical\" href=\"https:\/\/maritech.com\/no\/kundecase-bring-intermodal\/\" \/>\n<meta property=\"og:locale\" content=\"nb_NO\" \/>\n<meta property=\"og:type\" content=\"article\" \/>\n<meta property=\"og:title\" content=\"Kundecase - Bring Intermodal\" \/>\n<meta property=\"og:description\" content=\"-Vi s\u00e5 et stort behov for \u00e5 oppgradere til et mer moderne transportsystem, og vi \u00f8nsker \u00e5 modernisere oss digitalt og ha mest mulig i sky, sier Tor Knutsen, daglig leder i Tyrholm &amp; Farstad.\" \/>\n<meta property=\"og:url\" content=\"https:\/\/maritech.com\/no\/kundecase-bring-intermodal\/\" \/>\n<meta property=\"og:site_name\" content=\"Maritech\" \/>\n<meta property=\"article:modified_time\" content=\"2026-01-16T11:49:34+00:00\" \/>\n<meta property=\"og:image\" content=\"https:\/\/maritech.com\/wp-content\/uploads\/2025\/10\/ASCO-14-1024x683.jpg\" \/>\n\t<meta property=\"og:image:width\" content=\"1024\" \/>\n\t<meta property=\"og:image:height\" content=\"683\" \/>\n\t<meta property=\"og:image:type\" content=\"image\/jpeg\" \/>\n<meta name=\"twitter:card\" content=\"summary_large_image\" \/>\n<meta name=\"twitter:label1\" content=\"Ansl. lesetid\" \/>\n\t<meta name=\"twitter:data1\" content=\"1 minutt\" \/>\n<script type=\"application\/ld+json\" class=\"yoast-schema-graph\">{\"@context\":\"https:\/\/schema.org\",\"@graph\":[{\"@type\":\"WebPage\",\"@id\":\"https:\/\/maritech.com\/no\/kundecase-bring-intermodal\/\",\"url\":\"https:\/\/maritech.com\/no\/kundecase-bring-intermodal\/\",\"name\":\"Kundecase - Bring Intermodal - Maritech\",\"isPartOf\":{\"@id\":\"https:\/\/maritech.com\/no\/#website\"},\"primaryImageOfPage\":{\"@id\":\"https:\/\/maritech.com\/no\/kundecase-bring-intermodal\/#primaryimage\"},\"image\":{\"@id\":\"https:\/\/maritech.com\/no\/kundecase-bring-intermodal\/#primaryimage\"},\"thumbnailUrl\":\"https:\/\/maritech.com\/wp-content\/uploads\/2025\/10\/ASCO-14.jpg\",\"datePublished\":\"2025-10-25T13:41:16+00:00\",\"dateModified\":\"2026-01-16T11:49:34+00:00\",\"description\":\"-Vi s\u00e5 et stort behov for \u00e5 oppgradere til et mer moderne transportsystem, og vi \u00f8nsker \u00e5 modernisere oss digitalt og ha mest mulig i sky, sier Tor Knutsen, daglig leder i Tyrholm & Farstad.\",\"breadcrumb\":{\"@id\":\"https:\/\/maritech.com\/no\/kundecase-bring-intermodal\/#breadcrumb\"},\"inLanguage\":\"nb-NO\",\"potentialAction\":[{\"@type\":\"ReadAction\",\"target\":[\"https:\/\/maritech.com\/no\/kundecase-bring-intermodal\/\"]}]},{\"@type\":\"ImageObject\",\"inLanguage\":\"nb-NO\",\"@id\":\"https:\/\/maritech.com\/no\/kundecase-bring-intermodal\/#primaryimage\",\"url\":\"https:\/\/maritech.com\/wp-content\/uploads\/2025\/10\/ASCO-14.jpg\",\"contentUrl\":\"https:\/\/maritech.com\/wp-content\/uploads\/2025\/10\/ASCO-14.jpg\",\"width\":2048,\"height\":1366},{\"@type\":\"BreadcrumbList\",\"@id\":\"https:\/\/maritech.com\/no\/kundecase-bring-intermodal\/#breadcrumb\",\"itemListElement\":[{\"@type\":\"ListItem\",\"position\":1,\"name\":\"Home\",\"item\":\"https:\/\/maritech.com\/no\/\"},{\"@type\":\"ListItem\",\"position\":2,\"name\":\"Kundecase &#8211; Bring Intermodal\"}]},{\"@type\":\"WebSite\",\"@id\":\"https:\/\/maritech.com\/no\/#website\",\"url\":\"https:\/\/maritech.com\/no\/\",\"name\":\"Maritech\",\"description\":\"\",\"publisher\":{\"@id\":\"https:\/\/maritech.com\/no\/#organization\"},\"potentialAction\":[{\"@type\":\"SearchAction\",\"target\":{\"@type\":\"EntryPoint\",\"urlTemplate\":\"https:\/\/maritech.com\/no\/?s={search_term_string}\"},\"query-input\":{\"@type\":\"PropertyValueSpecification\",\"valueRequired\":true,\"valueName\":\"search_term_string\"}}],\"inLanguage\":\"nb-NO\"},{\"@type\":\"Organization\",\"@id\":\"https:\/\/maritech.com\/no\/#organization\",\"name\":\"Maritech\",\"url\":\"https:\/\/maritech.com\/no\/\",\"logo\":{\"@type\":\"ImageObject\",\"inLanguage\":\"nb-NO\",\"@id\":\"https:\/\/maritech.com\/no\/#\/schema\/logo\/image\/\",\"url\":\"https:\/\/maritech.com\/wp-content\/uploads\/2024\/07\/Maritech-Logo-Co-Brand-WHITE.png\",\"contentUrl\":\"https:\/\/maritech.com\/wp-content\/uploads\/2024\/07\/Maritech-Logo-Co-Brand-WHITE.png\",\"width\":3336,\"height\":890,\"caption\":\"Maritech\"},\"image\":{\"@id\":\"https:\/\/maritech.com\/no\/#\/schema\/logo\/image\/\"}}]}<\/script>\n<!-- \/ Yoast SEO Premium plugin. -->","yoast_head_json":{"title":"Kundecase - Bring Intermodal - Maritech","description":"-Vi s\u00e5 et stort behov for \u00e5 oppgradere til et mer moderne transportsystem, og vi \u00f8nsker \u00e5 modernisere oss digitalt og ha mest mulig i sky, sier Tor Knutsen, daglig leder i Tyrholm & Farstad.","robots":{"index":"index","follow":"follow","max-snippet":"max-snippet:-1","max-image-preview":"max-image-preview:large","max-video-preview":"max-video-preview:-1"},"canonical":"https:\/\/maritech.com\/no\/kundecase-bring-intermodal\/","og_locale":"nb_NO","og_type":"article","og_title":"Kundecase - Bring Intermodal","og_description":"-Vi s\u00e5 et stort behov for \u00e5 oppgradere til et mer moderne transportsystem, og vi \u00f8nsker \u00e5 modernisere oss digitalt og ha mest mulig i sky, sier Tor Knutsen, daglig leder i Tyrholm & Farstad.","og_url":"https:\/\/maritech.com\/no\/kundecase-bring-intermodal\/","og_site_name":"Maritech","article_modified_time":"2026-01-16T11:49:34+00:00","og_image":[{"width":1024,"height":683,"url":"https:\/\/maritech.com\/wp-content\/uploads\/2025\/10\/ASCO-14-1024x683.jpg","type":"image\/jpeg"}],"twitter_card":"summary_large_image","twitter_misc":{"Ansl. lesetid":"1 minutt"},"schema":{"@context":"https:\/\/schema.org","@graph":[{"@type":"WebPage","@id":"https:\/\/maritech.com\/no\/kundecase-bring-intermodal\/","url":"https:\/\/maritech.com\/no\/kundecase-bring-intermodal\/","name":"Kundecase - Bring Intermodal - Maritech","isPartOf":{"@id":"https:\/\/maritech.com\/no\/#website"},"primaryImageOfPage":{"@id":"https:\/\/maritech.com\/no\/kundecase-bring-intermodal\/#primaryimage"},"image":{"@id":"https:\/\/maritech.com\/no\/kundecase-bring-intermodal\/#primaryimage"},"thumbnailUrl":"https:\/\/maritech.com\/wp-content\/uploads\/2025\/10\/ASCO-14.jpg","datePublished":"2025-10-25T13:41:16+00:00","dateModified":"2026-01-16T11:49:34+00:00","description":"-Vi s\u00e5 et stort behov for \u00e5 oppgradere til et mer moderne transportsystem, og vi \u00f8nsker \u00e5 modernisere oss digitalt og ha mest mulig i sky, sier Tor Knutsen, daglig leder i Tyrholm & Farstad.","breadcrumb":{"@id":"https:\/\/maritech.com\/no\/kundecase-bring-intermodal\/#breadcrumb"},"inLanguage":"nb-NO","potentialAction":[{"@type":"ReadAction","target":["https:\/\/maritech.com\/no\/kundecase-bring-intermodal\/"]}]},{"@type":"ImageObject","inLanguage":"nb-NO","@id":"https:\/\/maritech.com\/no\/kundecase-bring-intermodal\/#primaryimage","url":"https:\/\/maritech.com\/wp-content\/uploads\/2025\/10\/ASCO-14.jpg","contentUrl":"https:\/\/maritech.com\/wp-content\/uploads\/2025\/10\/ASCO-14.jpg","width":2048,"height":1366},{"@type":"BreadcrumbList","@id":"https:\/\/maritech.com\/no\/kundecase-bring-intermodal\/#breadcrumb","itemListElement":[{"@type":"ListItem","position":1,"name":"Home","item":"https:\/\/maritech.com\/no\/"},{"@type":"ListItem","position":2,"name":"Kundecase &#8211; Bring Intermodal"}]},{"@type":"WebSite","@id":"https:\/\/maritech.com\/no\/#website","url":"https:\/\/maritech.com\/no\/","name":"Maritech","description":"","publisher":{"@id":"https:\/\/maritech.com\/no\/#organization"},"potentialAction":[{"@type":"SearchAction","target":{"@type":"EntryPoint","urlTemplate":"https:\/\/maritech.com\/no\/?s={search_term_string}"},"query-input":{"@type":"PropertyValueSpecification","valueRequired":true,"valueName":"search_term_string"}}],"inLanguage":"nb-NO"},{"@type":"Organization","@id":"https:\/\/maritech.com\/no\/#organization","name":"Maritech","url":"https:\/\/maritech.com\/no\/","logo":{"@type":"ImageObject","inLanguage":"nb-NO","@id":"https:\/\/maritech.com\/no\/#\/schema\/logo\/image\/","url":"https:\/\/maritech.com\/wp-content\/uploads\/2024\/07\/Maritech-Logo-Co-Brand-WHITE.png","contentUrl":"https:\/\/maritech.com\/wp-content\/uploads\/2024\/07\/Maritech-Logo-Co-Brand-WHITE.png","width":3336,"height":890,"caption":"Maritech"},"image":{"@id":"https:\/\/maritech.com\/no\/#\/schema\/logo\/image\/"}}]}},"jetpack_sharing_enabled":true,"_links":{"self":[{"href":"https:\/\/maritech.com\/no\/wp-json\/wp\/v2\/pages\/21218","targetHints":{"allow":["GET"]}}],"collection":[{"href":"https:\/\/maritech.com\/no\/wp-json\/wp\/v2\/pages"}],"about":[{"href":"https:\/\/maritech.com\/no\/wp-json\/wp\/v2\/types\/page"}],"author":[{"embeddable":true,"href":"https:\/\/maritech.com\/no\/wp-json\/wp\/v2\/users\/19"}],"replies":[{"embeddable":true,"href":"https:\/\/maritech.com\/no\/wp-json\/wp\/v2\/comments?post=21218"}],"version-history":[{"count":3,"href":"https:\/\/maritech.com\/no\/wp-json\/wp\/v2\/pages\/21218\/revisions"}],"predecessor-version":[{"id":21291,"href":"https:\/\/maritech.com\/no\/wp-json\/wp\/v2\/pages\/21218\/revisions\/21291"}],"wp:featuredmedia":[{"embeddable":true,"href":"https:\/\/maritech.com\/no\/wp-json\/wp\/v2\/media\/21208"}],"wp:attachment":[{"href":"https:\/\/maritech.com\/no\/wp-json\/wp\/v2\/media?parent=21218"}],"curies":[{"name":"wp","href":"https:\/\/api.w.org\/{rel}","templated":true}]}}