{"id":21606,"date":"2026-05-13T08:58:09","date_gmt":"2026-05-13T07:58:09","guid":{"rendered":"https:\/\/maritech.com\/?page_id=21606"},"modified":"2026-05-13T09:12:22","modified_gmt":"2026-05-13T08:12:22","slug":"aktuelt-2","status":"publish","type":"page","link":"https:\/\/maritech.com\/no\/aktuelt-2\/","title":{"rendered":"Aktuelt"},"content":{"rendered":"\n<section class=\"hero block alignfull bg-image grad-light hero--small\" style=\"background-image: url('https:\/\/maritech.com\/wp-content\/uploads\/2019\/02\/Ziggi-Maritech-_IMG7667-1366px-WiP.jpg'); \" >\n    <div class=\"container-fluid\">\n        <div class=\"hero-content\">\n                        <div class=\"editor-content\">\n                <p>&nbsp;<\/p>\n<h1 class=\"title\"><span style=\"color: #ffffff;\">Aktuelt<\/span><\/h1>\n<p>&nbsp;<\/p>\n            <\/div>\n                    <\/div><!--\/.hero-content-->\n    <\/div><!--\/.container-fluid-->\n<\/section>\n\n\n\n<div class=\"wp-block-group alignfull is-vertical is-content-justification-center is-layout-flex wp-container-core-group-is-layout-4b2eccd6 wp-block-group-is-layout-flex\">\n<section class=\"posts-listing block alignfull\">\n\t<div class=\"container-fluid\">\n\t\t<div class=\"title-wrap\">\n\t\t\t<h2 class=\"heading h4\">F\u00e5 med deg siste nytt fra Maritech<\/h2>\t\t<\/div><!--\/.title-wrap-->\n\t\t\t\t\t<div class=\"row posts\" data-page=\"1\" data-type=\"post\" data-max=\"11\">\n\t\t\t\t\t\t\t\t\t<div class=\"col\">\n\t\t\t\t\t\t<div onclick=\"location.href='https:\/\/maritech.com\/no\/kundedag-2026\/'\" class=\"post-card\">\n\t\t\t\t\t\t\t<div class=\"img-wrap\">\n\t\t\t\t\t\t\t\t\t\t\t\t\t\t\t\t\t<img decoding=\"async\" width=\"840\" height=\"600\" src=\"https:\/\/maritech.com\/wp-content\/uploads\/2026\/05\/DSC07001-1-840x600.jpg\" class=\"attachment-post-image-cover size-post-image-cover wp-post-image\" alt=\"Kundedag 2026\" \/>\t\t\t\t\t\t\t\t\t\t\t\t\t\t\t<\/div>\n\t\t\t\t\t\t\t<div class=\"info-wrap\">\n\t\t\t\t\t\t\t\t<p class=\"info\">Nyheter | mai 13, 2026<\/p>\n\t\t\t\t\t\t\t\t\t\t\t\t\t\t\t\t<h4><a href=\"https:\/\/maritech.com\/no\/kundedag-2026\/\">Kundedag  <span class=\"lastword\">2026 <svg fill=\"none\" height=\"16\" viewBox=\"0 0 21 16\" width=\"21\" xmlns=\"http:\/\/www.w3.org\/2000\/svg\"><path d=\"m12.2646 1.0521 5.615 5.7114h-17.8796v1.503h17.8796l-5.615 5.7114 1.0343 1.0521 7.3883-7.515-7.3883-7.515z\" fill=\"#446bf9\"\/><\/svg><\/span><\/a><\/h4>\n\t\t\t\t\t\t\t\t\t\t\t\t\t\t\t<\/div>\n\t\t\t\t\t\t<\/div>\n\t\t\t\t\t<\/div><!--\/.col-->\n\t\t\t\t\t\t\t\t\t<div class=\"col\">\n\t\t\t\t\t\t<div onclick=\"location.href='https:\/\/maritech.com\/no\/iso-27001-et-kvalitetsstempel-for-informasjonssikkerhet\/'\" class=\"post-card\">\n\t\t\t\t\t\t\t<div class=\"img-wrap\">\n\t\t\t\t\t\t\t\t\t\t\t\t\t\t\t\t\t<img decoding=\"async\" width=\"840\" height=\"600\" src=\"https:\/\/maritech.com\/wp-content\/uploads\/2025\/12\/DSC02246-840x600.jpg\" class=\"attachment-post-image-cover size-post-image-cover wp-post-image\" alt=\"ISO 27001: Et kvalitetsstempel for informasjonssikkerhet\" \/>\t\t\t\t\t\t\t\t\t\t\t\t\t\t\t<\/div>\n\t\t\t\t\t\t\t<div class=\"info-wrap\">\n\t\t\t\t\t\t\t\t<p class=\"info\">Nyheter | desember 8, 2025<\/p>\n\t\t\t\t\t\t\t\t\t\t\t\t\t\t\t\t<h4><a href=\"https:\/\/maritech.com\/no\/iso-27001-et-kvalitetsstempel-for-informasjonssikkerhet\/\">ISO 27001: Et kvalitetsstempel for  <span class=\"lastword\">informasjonssikkerhet <svg fill=\"none\" height=\"16\" viewBox=\"0 0 21 16\" width=\"21\" xmlns=\"http:\/\/www.w3.org\/2000\/svg\"><path d=\"m12.2646 1.0521 5.615 5.7114h-17.8796v1.503h17.8796l-5.615 5.7114 1.0343 1.0521 7.3883-7.515-7.3883-7.515z\" fill=\"#446bf9\"\/><\/svg><\/span><\/a><\/h4>\n\t\t\t\t\t\t\t\t\t\t\t\t\t\t\t<\/div>\n\t\t\t\t\t\t<\/div>\n\t\t\t\t\t<\/div><!--\/.col-->\n\t\t\t\t\t\t\t\t\t<div class=\"col\">\n\t\t\t\t\t\t<div onclick=\"location.href='https:\/\/maritech.com\/no\/kundecase-egron\/'\" class=\"post-card\">\n\t\t\t\t\t\t\t<div class=\"img-wrap\">\n\t\t\t\t\t\t\t\t\t\t\t\t\t\t\t\t\t<img decoding=\"async\" width=\"840\" height=\"600\" src=\"https:\/\/maritech.com\/wp-content\/uploads\/2024\/07\/Unknown-840x600.jpeg\" class=\"attachment-post-image-cover size-post-image-cover wp-post-image\" alt=\"Kundecase &#8211; Egron\" \/>\t\t\t\t\t\t\t\t\t\t\t\t\t\t\t<\/div>\n\t\t\t\t\t\t\t<div class=\"info-wrap\">\n\t\t\t\t\t\t\t\t<p class=\"info\">Nyheter | juli 10, 2024<\/p>\n\t\t\t\t\t\t\t\t\t\t\t\t\t\t\t\t<h4><a href=\"https:\/\/maritech.com\/no\/kundecase-egron\/\">Kundecase &#8211;  <span class=\"lastword\">Egron <svg fill=\"none\" height=\"16\" viewBox=\"0 0 21 16\" width=\"21\" xmlns=\"http:\/\/www.w3.org\/2000\/svg\"><path d=\"m12.2646 1.0521 5.615 5.7114h-17.8796v1.503h17.8796l-5.615 5.7114 1.0343 1.0521 7.3883-7.515-7.3883-7.515z\" fill=\"#446bf9\"\/><\/svg><\/span><\/a><\/h4>\n\t\t\t\t\t\t\t\t\t\t\t\t\t\t\t<\/div>\n\t\t\t\t\t\t<\/div>\n\t\t\t\t\t<\/div><!--\/.col-->\n\t\t\t\t\t\t\t\t\t<div class=\"col\">\n\t\t\t\t\t\t<div onclick=\"location.href='https:\/\/maritech.com\/no\/accelerator-velger-maritech\/'\" class=\"post-card\">\n\t\t\t\t\t\t\t<div class=\"img-wrap\">\n\t\t\t\t\t\t\t\t\t\t\t\t\t\t\t\t\t<img decoding=\"async\" width=\"840\" height=\"600\" src=\"https:\/\/maritech.com\/wp-content\/uploads\/2024\/01\/Design-uten-navn-3-840x600.jpg\" class=\"attachment-post-image-cover size-post-image-cover wp-post-image\" alt=\"Kundecase &#8211; Accelerator\" \/>\t\t\t\t\t\t\t\t\t\t\t\t\t\t\t<\/div>\n\t\t\t\t\t\t\t<div class=\"info-wrap\">\n\t\t\t\t\t\t\t\t<p class=\"info\">Nyheter | januar 22, 2024<\/p>\n\t\t\t\t\t\t\t\t\t\t\t\t\t\t\t\t<h4><a href=\"https:\/\/maritech.com\/no\/accelerator-velger-maritech\/\">Kundecase &#8211;  <span class=\"lastword\">Accelerator <svg fill=\"none\" height=\"16\" viewBox=\"0 0 21 16\" width=\"21\" xmlns=\"http:\/\/www.w3.org\/2000\/svg\"><path d=\"m12.2646 1.0521 5.615 5.7114h-17.8796v1.503h17.8796l-5.615 5.7114 1.0343 1.0521 7.3883-7.515-7.3883-7.515z\" fill=\"#446bf9\"\/><\/svg><\/span><\/a><\/h4>\n\t\t\t\t\t\t\t\t\t\t\t\t\t\t\t<\/div>\n\t\t\t\t\t\t<\/div>\n\t\t\t\t\t<\/div><!--\/.col-->\n\t\t\t\t\t\t\t\t\t<div class=\"col\">\n\t\t\t\t\t\t<div onclick=\"location.href='https:\/\/maritech.com\/no\/nordlaks-valgte-maritech-purchase-sales\/'\" class=\"post-card\">\n\t\t\t\t\t\t\t<div class=\"img-wrap\">\n\t\t\t\t\t\t\t\t\t\t\t\t\t\t\t\t\t<img decoding=\"async\" width=\"840\" height=\"600\" src=\"https:\/\/maritech.com\/wp-content\/uploads\/2023\/09\/Nordlaks_squash-840x600.jpeg\" class=\"attachment-post-image-cover size-post-image-cover wp-post-image\" alt=\"Kundecase &#8211; Nordlaks\" \/>\t\t\t\t\t\t\t\t\t\t\t\t\t\t\t<\/div>\n\t\t\t\t\t\t\t<div class=\"info-wrap\">\n\t\t\t\t\t\t\t\t<p class=\"info\">Nyheter | september 27, 2023<\/p>\n\t\t\t\t\t\t\t\t\t\t\t\t\t\t\t\t<h4><a href=\"https:\/\/maritech.com\/no\/nordlaks-valgte-maritech-purchase-sales\/\">Kundecase &#8211;  <span class=\"lastword\">Nordlaks <svg fill=\"none\" height=\"16\" viewBox=\"0 0 21 16\" width=\"21\" xmlns=\"http:\/\/www.w3.org\/2000\/svg\"><path d=\"m12.2646 1.0521 5.615 5.7114h-17.8796v1.503h17.8796l-5.615 5.7114 1.0343 1.0521 7.3883-7.515-7.3883-7.515z\" fill=\"#446bf9\"\/><\/svg><\/span><\/a><\/h4>\n\t\t\t\t\t\t\t\t\t\t\t\t\t\t\t<\/div>\n\t\t\t\t\t\t<\/div>\n\t\t\t\t\t<\/div><!--\/.col-->\n\t\t\t\t\t\t\t\t\t<div class=\"col\">\n\t\t\t\t\t\t<div onclick=\"location.href='https:\/\/maritech.com\/no\/maritech-tms-forste-pilotkunde-er-live-og-fornoyd\/'\" class=\"post-card\">\n\t\t\t\t\t\t\t<div class=\"img-wrap\">\n\t\t\t\t\t\t\t\t\t\t\t\t\t\t\t\t\t<img decoding=\"async\" width=\"840\" height=\"600\" src=\"https:\/\/maritech.com\/wp-content\/uploads\/2023\/06\/NordvestTransport_Maritech-840x600.png\" class=\"attachment-post-image-cover size-post-image-cover wp-post-image\" alt=\"Kundecase &#8211; Nordvest Transport\" \/>\t\t\t\t\t\t\t\t\t\t\t\t\t\t\t<\/div>\n\t\t\t\t\t\t\t<div class=\"info-wrap\">\n\t\t\t\t\t\t\t\t<p class=\"info\">Nyheter | juni 27, 2023<\/p>\n\t\t\t\t\t\t\t\t\t\t\t\t\t\t\t\t<h4><a href=\"https:\/\/maritech.com\/no\/maritech-tms-forste-pilotkunde-er-live-og-fornoyd\/\">Kundecase &#8211; Nordvest  <span class=\"lastword\">Transport <svg fill=\"none\" height=\"16\" viewBox=\"0 0 21 16\" width=\"21\" xmlns=\"http:\/\/www.w3.org\/2000\/svg\"><path d=\"m12.2646 1.0521 5.615 5.7114h-17.8796v1.503h17.8796l-5.615 5.7114 1.0343 1.0521 7.3883-7.515-7.3883-7.515z\" fill=\"#446bf9\"\/><\/svg><\/span><\/a><\/h4>\n\t\t\t\t\t\t\t\t\t\t\t\t\t\t\t<\/div>\n\t\t\t\t\t\t<\/div>\n\t\t\t\t\t<\/div><!--\/.col-->\n\t\t\t\t\t\t\t\t\t\t\t<\/div><!--\/.row-->\n\t\t<div class=\"button-wrap center\"><a class=\"btn btn-outline-primary ajax-load-more\" href=\"#\"  title=\"Se mer\">Se mer<\/a><\/div>\t<\/div><!--\/.container-fluid-->\n<\/section>\n<\/div>\n\n\n<section class=\"alignfull block newsletter-form dark-blue\">\n    <div class=\"content-max-wrapper\">\n                    <div class=\"content-max-wrapper__text\">\n                <h3 class=\"h3\">Subscribe to our newsletter!<\/h3>\n            <\/div>\n                <!--[if lte IE 8]>\r\n<script charset=\"utf-8\" type=\"text\/javascript\" src=\"\/\/js-eu1.hsforms.net\/forms\/v2-legacy.js\"><\/script>\r\n<![endif]-->\r\n<script charset=\"utf-8\" type=\"text\/javascript\" src=\"\/\/js-eu1.hsforms.net\/forms\/v2.js\"><\/script>\r\n<script>\r\n  hbspt.forms.create({\r\n    region: \"eu1\",\r\n    portalId: \"25031368\",\r\n    formId: \"810e627a-049b-49de-b096-e08125e0e7e6\"\r\n});\r\n<\/script>    <div>\n<\/section>\n","protected":false},"excerpt":{"rendered":"","protected":false},"author":11,"featured_media":19022,"parent":0,"menu_order":0,"comment_status":"closed","ping_status":"closed","template":"","meta":{"_acf_changed":false,"content-type":"","lazy_load_responsive_images_disabled":false,"footnotes":""},"class_list":["post-21606","page","type-page","status-publish","has-post-thumbnail","hentry"],"acf":[],"yoast_head":"<!-- This site is optimized with the Yoast SEO Premium plugin v27.5 (Yoast SEO v27.5) - https:\/\/yoast.com\/product\/yoast-seo-premium-wordpress\/ -->\n<title>Aktuelt fra Maritech<\/title>\n<meta name=\"description\" content=\"De nyeste oppdateringene om programvare for sj\u00f8mat og logistikk fra v\u00e5rt globale team. Ikke g\u00e5 glipp av noe \u2013 abonner p\u00e5 v\u00e5rt nyhetsbrev!\" \/>\n<meta name=\"robots\" content=\"index, follow, max-snippet:-1, max-image-preview:large, max-video-preview:-1\" \/>\n<link rel=\"canonical\" href=\"https:\/\/maritech.com\/no\/aktuelt-2\/\" \/>\n<meta property=\"og:locale\" content=\"nb_NO\" \/>\n<meta property=\"og:type\" content=\"article\" \/>\n<meta property=\"og:title\" content=\"Aktuelt\" \/>\n<meta property=\"og:description\" content=\"De nyeste oppdateringene om programvare for sj\u00f8mat og logistikk fra v\u00e5rt globale team. Ikke g\u00e5 glipp av noe \u2013 abonner p\u00e5 v\u00e5rt nyhetsbrev!\" \/>\n<meta property=\"og:url\" content=\"https:\/\/maritech.com\/no\/aktuelt-2\/\" \/>\n<meta property=\"og:site_name\" content=\"Maritech\" \/>\n<meta property=\"article:modified_time\" content=\"2026-05-13T08:12:22+00:00\" \/>\n<meta property=\"og:image\" content=\"https:\/\/maritech.com\/wp-content\/uploads\/2024\/01\/Screenshot-2023-12-19-at-11.29.56.png\" \/>\n\t<meta property=\"og:image:width\" content=\"1900\" \/>\n\t<meta property=\"og:image:height\" content=\"1058\" \/>\n\t<meta property=\"og:image:type\" content=\"image\/png\" \/>\n<meta name=\"twitter:card\" content=\"summary_large_image\" \/>\n<meta name=\"twitter:label1\" content=\"Ansl. lesetid\" \/>\n\t<meta name=\"twitter:data1\" content=\"1 minutt\" \/>\n<script type=\"application\/ld+json\" class=\"yoast-schema-graph\">{\"@context\":\"https:\\\/\\\/schema.org\",\"@graph\":[{\"@type\":\"WebPage\",\"@id\":\"https:\\\/\\\/maritech.com\\\/no\\\/aktuelt-2\\\/\",\"url\":\"https:\\\/\\\/maritech.com\\\/no\\\/aktuelt-2\\\/\",\"name\":\"Aktuelt fra Maritech\",\"isPartOf\":{\"@id\":\"https:\\\/\\\/maritech.com\\\/no\\\/#website\"},\"primaryImageOfPage\":{\"@id\":\"https:\\\/\\\/maritech.com\\\/no\\\/aktuelt-2\\\/#primaryimage\"},\"image\":{\"@id\":\"https:\\\/\\\/maritech.com\\\/no\\\/aktuelt-2\\\/#primaryimage\"},\"thumbnailUrl\":\"https:\\\/\\\/maritech.com\\\/wp-content\\\/uploads\\\/2024\\\/01\\\/Screenshot-2023-12-19-at-11.29.56.png\",\"datePublished\":\"2026-05-13T07:58:09+00:00\",\"dateModified\":\"2026-05-13T08:12:22+00:00\",\"description\":\"De nyeste oppdateringene om programvare for sj\u00f8mat og logistikk fra v\u00e5rt globale team. Ikke g\u00e5 glipp av noe \u2013 abonner p\u00e5 v\u00e5rt nyhetsbrev!\",\"breadcrumb\":{\"@id\":\"https:\\\/\\\/maritech.com\\\/no\\\/aktuelt-2\\\/#breadcrumb\"},\"inLanguage\":\"nb-NO\",\"potentialAction\":[{\"@type\":\"ReadAction\",\"target\":[\"https:\\\/\\\/maritech.com\\\/no\\\/aktuelt-2\\\/\"]}]},{\"@type\":\"ImageObject\",\"inLanguage\":\"nb-NO\",\"@id\":\"https:\\\/\\\/maritech.com\\\/no\\\/aktuelt-2\\\/#primaryimage\",\"url\":\"https:\\\/\\\/maritech.com\\\/wp-content\\\/uploads\\\/2024\\\/01\\\/Screenshot-2023-12-19-at-11.29.56.png\",\"contentUrl\":\"https:\\\/\\\/maritech.com\\\/wp-content\\\/uploads\\\/2024\\\/01\\\/Screenshot-2023-12-19-at-11.29.56.png\",\"width\":1900,\"height\":1058},{\"@type\":\"BreadcrumbList\",\"@id\":\"https:\\\/\\\/maritech.com\\\/no\\\/aktuelt-2\\\/#breadcrumb\",\"itemListElement\":[{\"@type\":\"ListItem\",\"position\":1,\"name\":\"Home\",\"item\":\"https:\\\/\\\/maritech.com\\\/no\\\/\"},{\"@type\":\"ListItem\",\"position\":2,\"name\":\"Aktuelt\"}]},{\"@type\":\"WebSite\",\"@id\":\"https:\\\/\\\/maritech.com\\\/no\\\/#website\",\"url\":\"https:\\\/\\\/maritech.com\\\/no\\\/\",\"name\":\"Maritech\",\"description\":\"\",\"publisher\":{\"@id\":\"https:\\\/\\\/maritech.com\\\/no\\\/#organization\"},\"potentialAction\":[{\"@type\":\"SearchAction\",\"target\":{\"@type\":\"EntryPoint\",\"urlTemplate\":\"https:\\\/\\\/maritech.com\\\/no\\\/?s={search_term_string}\"},\"query-input\":{\"@type\":\"PropertyValueSpecification\",\"valueRequired\":true,\"valueName\":\"search_term_string\"}}],\"inLanguage\":\"nb-NO\"},{\"@type\":\"Organization\",\"@id\":\"https:\\\/\\\/maritech.com\\\/no\\\/#organization\",\"name\":\"Maritech\",\"url\":\"https:\\\/\\\/maritech.com\\\/no\\\/\",\"logo\":{\"@type\":\"ImageObject\",\"inLanguage\":\"nb-NO\",\"@id\":\"https:\\\/\\\/maritech.com\\\/no\\\/#\\\/schema\\\/logo\\\/image\\\/\",\"url\":\"https:\\\/\\\/maritech.com\\\/wp-content\\\/uploads\\\/2024\\\/07\\\/Maritech-Logo-Co-Brand-WHITE.png\",\"contentUrl\":\"https:\\\/\\\/maritech.com\\\/wp-content\\\/uploads\\\/2024\\\/07\\\/Maritech-Logo-Co-Brand-WHITE.png\",\"width\":3336,\"height\":890,\"caption\":\"Maritech\"},\"image\":{\"@id\":\"https:\\\/\\\/maritech.com\\\/no\\\/#\\\/schema\\\/logo\\\/image\\\/\"}}]}<\/script>\n<!-- \/ Yoast SEO Premium plugin. -->","yoast_head_json":{"title":"Aktuelt fra Maritech","description":"De nyeste oppdateringene om programvare for sj\u00f8mat og logistikk fra v\u00e5rt globale team. Ikke g\u00e5 glipp av noe \u2013 abonner p\u00e5 v\u00e5rt nyhetsbrev!","robots":{"index":"index","follow":"follow","max-snippet":"max-snippet:-1","max-image-preview":"max-image-preview:large","max-video-preview":"max-video-preview:-1"},"canonical":"https:\/\/maritech.com\/no\/aktuelt-2\/","og_locale":"nb_NO","og_type":"article","og_title":"Aktuelt","og_description":"De nyeste oppdateringene om programvare for sj\u00f8mat og logistikk fra v\u00e5rt globale team. Ikke g\u00e5 glipp av noe \u2013 abonner p\u00e5 v\u00e5rt nyhetsbrev!","og_url":"https:\/\/maritech.com\/no\/aktuelt-2\/","og_site_name":"Maritech","article_modified_time":"2026-05-13T08:12:22+00:00","og_image":[{"width":1900,"height":1058,"url":"https:\/\/maritech.com\/wp-content\/uploads\/2024\/01\/Screenshot-2023-12-19-at-11.29.56.png","type":"image\/png"}],"twitter_card":"summary_large_image","twitter_misc":{"Ansl. lesetid":"1 minutt"},"schema":{"@context":"https:\/\/schema.org","@graph":[{"@type":"WebPage","@id":"https:\/\/maritech.com\/no\/aktuelt-2\/","url":"https:\/\/maritech.com\/no\/aktuelt-2\/","name":"Aktuelt fra Maritech","isPartOf":{"@id":"https:\/\/maritech.com\/no\/#website"},"primaryImageOfPage":{"@id":"https:\/\/maritech.com\/no\/aktuelt-2\/#primaryimage"},"image":{"@id":"https:\/\/maritech.com\/no\/aktuelt-2\/#primaryimage"},"thumbnailUrl":"https:\/\/maritech.com\/wp-content\/uploads\/2024\/01\/Screenshot-2023-12-19-at-11.29.56.png","datePublished":"2026-05-13T07:58:09+00:00","dateModified":"2026-05-13T08:12:22+00:00","description":"De nyeste oppdateringene om programvare for sj\u00f8mat og logistikk fra v\u00e5rt globale team. Ikke g\u00e5 glipp av noe \u2013 abonner p\u00e5 v\u00e5rt nyhetsbrev!","breadcrumb":{"@id":"https:\/\/maritech.com\/no\/aktuelt-2\/#breadcrumb"},"inLanguage":"nb-NO","potentialAction":[{"@type":"ReadAction","target":["https:\/\/maritech.com\/no\/aktuelt-2\/"]}]},{"@type":"ImageObject","inLanguage":"nb-NO","@id":"https:\/\/maritech.com\/no\/aktuelt-2\/#primaryimage","url":"https:\/\/maritech.com\/wp-content\/uploads\/2024\/01\/Screenshot-2023-12-19-at-11.29.56.png","contentUrl":"https:\/\/maritech.com\/wp-content\/uploads\/2024\/01\/Screenshot-2023-12-19-at-11.29.56.png","width":1900,"height":1058},{"@type":"BreadcrumbList","@id":"https:\/\/maritech.com\/no\/aktuelt-2\/#breadcrumb","itemListElement":[{"@type":"ListItem","position":1,"name":"Home","item":"https:\/\/maritech.com\/no\/"},{"@type":"ListItem","position":2,"name":"Aktuelt"}]},{"@type":"WebSite","@id":"https:\/\/maritech.com\/no\/#website","url":"https:\/\/maritech.com\/no\/","name":"Maritech","description":"","publisher":{"@id":"https:\/\/maritech.com\/no\/#organization"},"potentialAction":[{"@type":"SearchAction","target":{"@type":"EntryPoint","urlTemplate":"https:\/\/maritech.com\/no\/?s={search_term_string}"},"query-input":{"@type":"PropertyValueSpecification","valueRequired":true,"valueName":"search_term_string"}}],"inLanguage":"nb-NO"},{"@type":"Organization","@id":"https:\/\/maritech.com\/no\/#organization","name":"Maritech","url":"https:\/\/maritech.com\/no\/","logo":{"@type":"ImageObject","inLanguage":"nb-NO","@id":"https:\/\/maritech.com\/no\/#\/schema\/logo\/image\/","url":"https:\/\/maritech.com\/wp-content\/uploads\/2024\/07\/Maritech-Logo-Co-Brand-WHITE.png","contentUrl":"https:\/\/maritech.com\/wp-content\/uploads\/2024\/07\/Maritech-Logo-Co-Brand-WHITE.png","width":3336,"height":890,"caption":"Maritech"},"image":{"@id":"https:\/\/maritech.com\/no\/#\/schema\/logo\/image\/"}}]}},"jetpack_sharing_enabled":true,"_links":{"self":[{"href":"https:\/\/maritech.com\/no\/wp-json\/wp\/v2\/pages\/21606","targetHints":{"allow":["GET"]}}],"collection":[{"href":"https:\/\/maritech.com\/no\/wp-json\/wp\/v2\/pages"}],"about":[{"href":"https:\/\/maritech.com\/no\/wp-json\/wp\/v2\/types\/page"}],"author":[{"embeddable":true,"href":"https:\/\/maritech.com\/no\/wp-json\/wp\/v2\/users\/11"}],"replies":[{"embeddable":true,"href":"https:\/\/maritech.com\/no\/wp-json\/wp\/v2\/comments?post=21606"}],"version-history":[{"count":4,"href":"https:\/\/maritech.com\/no\/wp-json\/wp\/v2\/pages\/21606\/revisions"}],"predecessor-version":[{"id":21616,"href":"https:\/\/maritech.com\/no\/wp-json\/wp\/v2\/pages\/21606\/revisions\/21616"}],"wp:featuredmedia":[{"embeddable":true,"href":"https:\/\/maritech.com\/no\/wp-json\/wp\/v2\/media\/19022"}],"wp:attachment":[{"href":"https:\/\/maritech.com\/no\/wp-json\/wp\/v2\/media?parent=21606"}],"curies":[{"name":"wp","href":"https:\/\/api.w.org\/{rel}","templated":true}]}}