{"id":2674,"date":"2019-02-22T13:33:09","date_gmt":"2019-02-22T12:33:09","guid":{"rendered":"http:\/\/maritech.wp5.no\/contact-us\/"},"modified":"2026-01-13T11:20:57","modified_gmt":"2026-01-13T10:20:57","slug":"kontakt-oss","status":"publish","type":"page","link":"https:\/\/maritech.com\/no\/kontakt-oss\/","title":{"rendered":"Kontakt"},"content":{"rendered":"\n<section class=\"hero block alignfull bgc-white hero--small\"  >\n    <div class=\"container-fluid\">\n        <div class=\"hero-content\">\n                        <div class=\"editor-content\">\n                <h1><span style=\"color: #ffffff;\">Vi vil gjerne h\u00f8re fra deg!<\/span><\/h1>\n            <\/div>\n                    <\/div><!--\/.hero-content-->\n    <\/div><!--\/.container-fluid-->\n<\/section>\n\n\n\n<section class=\"wp-block-maritech-text\"><h2 class=\"title title--sidebartop\">Kontakt oss<\/h2><div class=\"featuredtext\"><p>Har du sp\u00f8rsm\u00e5l, eller er du nysgjerrig p\u00e5 \u00e5 l\u00e6re mer om oss eller l\u00f8sningene v\u00e5re? Kontakt oss <a href=\"https:\/\/share-eu1.hsforms.com\/1N64zSG_iQh6EJmgag0ox5Qewibs\">her<\/a> eller m\u00f8t oss p\u00e5 et av kontorene v\u00e5re:<\/p><p><\/p><\/div><div class=\"wp-block-maritech-text__inner\">\n<section class=\"wp-block-maritech-locations alignwide\"><div class=\"wp-block-maritech-locations__wrapper\">\n<article class=\"wp-block-maritech-location\"><h3>Molde, Norge (Post- og bes\u00f8ksadresse)<\/h3><p>Maritech AS<br\/>Verftsgt 10<br\/>N-6416 MOLDE<\/p><div class=\"wp-block-maritech-location__phone\"><a href=\"tel:+4771517300\">+47 71 51 73 00<\/a><\/div><\/article>\n\n\n\n<article class=\"wp-block-maritech-location\"><h3>Halifax, Canada <\/h3><p>Maritech Dynamics Ltd.<br\/>5475 Spring Garden Road<br\/>Suite 602, Bond Building<br\/>Halifax, Nova Scotia<br\/>Canada B3J 3T2<\/p><div class=\"wp-block-maritech-location__phone\"><a href=\"tel:+1(902)482-2663\">+1 (902) 482-2663<\/a><\/div><\/article>\n\n\n\n<article class=\"wp-block-maritech-location\"><h3>Reykjavik, Island<\/h3><p>Maritech Iceland<br\/>Grandagar\u00f0ur 16<br\/>101 Reykjav\u00edk<br\/>Iceland<\/p><div class=\"wp-block-maritech-location__phone\"><a href=\"tel:+3545776200\">+354 577 62 00<\/a><\/div><\/article>\n<\/div><\/section>\n<\/div><\/section>\n\n\n<section class=\"page-content block alignfull\">\n    <div class=\"container-fluid\">\n        <div class=\"content-wrapper\">\n            <div class=\"editor-content\">\n                <h3 class=\"block-editor-rich-text__editable rich-text\" role=\"textbox\" contenteditable=\"true\" aria-multiline=\"true\" aria-label=\"Title\">Support:<\/h3>\n<p>\u00d8verst i h\u00f8yre hj\u00f8rne finner du link til v\u00e5r supportportal, som b\u00e5de gjelder Maritech-, LINSiGHT-, EDI-Systems- og Timpex-l\u00f8sninger. Her kan du enkelt melde inn saker og f\u00f8lge med p\u00e5 status. Dersom du ikke tidligere har opprettet profil, gj\u00f8r du det ved \u00e5 klikke <a href=\"https:\/\/maritech.atlassian.net\/servicedesk\/customer\/user\/login?destination=portals\" target=\"_blank\" rel=\"noreferrer noopener\">Login<\/a> og Sign Up.<\/p>\n<p>&nbsp;<\/p>\n<p>&nbsp;<\/p>\n            <\/div><!--\/.editor-content-->\n        <\/div><!--\/.content-wrapper-->\n    <\/div><!--\/.container-fluid-->\n<\/section>\n\n\n<section class=\"video-content block alignfull content-right\">\n\t<div class=\"container-fluid-xl\">\n\t\t<div class=\"row\">\n\n\t\t\t<div class=\"col content-col\">\n\t\t\t\t<div class=\"inner-content\">\n\t\t\t\t\t\t\t\t\t\t\t<div class=\"editor-content\">\n\t\t\t\t\t\t\t<h2 class=\"h3\">Kontakt ledergruppen<\/h2>\n<p><span class=\"TextRun SCXW250707498 BCX0\" lang=\"EN-US\" xml:lang=\"EN-US\" data-contrast=\"auto\"><span class=\"NormalTextRun SCXW250707498 BCX0\">Som en del av CAI Software samarbeider Maritechs ledelse p\u00e5 tvers av et st\u00f8rre, globalt team. M\u00f8t ledelsen i CAI Software <a href=\"https:\/\/caisoft.com\/about\/\">her.<\/a><\/span><\/span><\/p>\n<p>Thomas Brevik,\u00a0<span class=\"TextRun SCXW196044674 BCX0\" lang=\"EN-US\" xml:lang=\"EN-US\" data-contrast=\"auto\"><span class=\"NormalTextRun SCXW196044674 BCX0\">Managing Director of FP&amp;A and Operations \u2013 Process Manufacturing<\/span><\/span>\u00a0\u2013\u00a0<a href=\"mailto:tbrevik@maritech.com\">tbrevik@maritech.com<\/a><\/p>\n<p>Per Alfred Holte,\u00a0<span class=\"TextRun SCXW953112 BCX0\" lang=\"EN-GB\" xml:lang=\"EN-GB\" data-contrast=\"auto\"><span class=\"NormalTextRun SCXW953112 BCX0\">Sales Director, EMEA<\/span><\/span>\u00a0\u2013\u00a0<a href=\"mailto:paholte@maritech.com\">paholte@maritech.com<\/a><\/p>\n<p>Andr\u00e9 Lillebakk, Director of Product Management \u2013\u00a0<a href=\"mailto:alillebakk@maritech.com\">alillebakk@maritech.com<\/a><\/p>\n<p>Astrid Bolstad Dale,\u00a0<span class=\"TextRun SCXW37735452 BCX0\" lang=\"EN-GB\" xml:lang=\"EN-GB\" data-contrast=\"auto\"><span class=\"NormalTextRun SCXW37735452 BCX0\">Director of Customer Experience<\/span><\/span>\u00a0\u2013\u00a0<a href=\"mailto:abdale@maritech.com\">abdale@maritech.com<\/a><\/p>\n<p>Julie Gulla-Pettersen,\u00a0<span class=\"TextRun SCXW23692894 BCX0\" lang=\"EN-US\" xml:lang=\"EN-US\" data-contrast=\"auto\"><span class=\"NormalTextRun SCXW23692894 BCX0\">HR Business Partner, Norway<\/span><\/span>\u00a0\u2013\u00a0<a href=\"mailto:jgullapettersen@maritech.com\">jgullapettersen@maritech.com<\/a><\/p>\n\t\t\t\t\t\t<\/div>\n\t\t\t\t\t\t\t\t\t<\/div><!--\/.inner-content-->\n\t\t\t<\/div><!--\/.col-->\n\n\t\t\t<div class=\"col image-col\">\n\t\t\t\t\t\t\t\t\t<img decoding=\"async\" width=\"1000\" height=\"750\" src=\"https:\/\/maritech.com\/wp-content\/uploads\/2026\/01\/Leadership-team-January-2026-1000x750.jpg\" class=\"cover\" alt=\"\" \/>\t\t\t\t\t\t\t<\/div><!--\/.col-->\n\n\t\t<\/div><!--\/.row-->\n\t<\/div><!--\/.container-fluid-xl-->\n<\/section>\n","protected":false},"excerpt":{"rendered":"","protected":false},"author":11,"featured_media":4932,"parent":0,"menu_order":0,"comment_status":"closed","ping_status":"closed","template":"views\/sidebar-right.blade.php","meta":{"_acf_changed":false,"content-type":"","lazy_load_responsive_images_disabled":false,"footnotes":""},"class_list":["post-2674","page","type-page","status-publish","has-post-thumbnail","hentry"],"acf":[],"yoast_head":"<!-- This site is optimized with the Yoast SEO Premium plugin v21.8 (Yoast SEO v26.8) - https:\/\/yoast.com\/product\/yoast-seo-premium-wordpress\/ -->\n<title>Maritech I \u00d8nsker du \u00e5 komme i kontakt med oss?<\/title>\n<meta name=\"description\" content=\"Vi vil gjerne h\u00f8re fra deg. Her finner du kontaktinformasjon til alle Maritech-kontorene rundt om i verden.\" \/>\n<meta name=\"robots\" content=\"index, follow, max-snippet:-1, max-image-preview:large, max-video-preview:-1\" \/>\n<link rel=\"canonical\" href=\"https:\/\/maritech.com\/no\/kontakt-oss\/\" \/>\n<meta property=\"og:locale\" content=\"nb_NO\" \/>\n<meta property=\"og:type\" content=\"article\" \/>\n<meta property=\"og:title\" content=\"Kontakt\" \/>\n<meta property=\"og:description\" content=\"Vi vil gjerne h\u00f8re fra deg. Her finner du kontaktinformasjon til alle Maritech-kontorene rundt om i verden.\" \/>\n<meta property=\"og:url\" content=\"https:\/\/maritech.com\/no\/kontakt-oss\/\" \/>\n<meta property=\"og:site_name\" content=\"Maritech\" \/>\n<meta property=\"article:modified_time\" content=\"2026-01-13T10:20:57+00:00\" \/>\n<meta property=\"og:image\" content=\"https:\/\/maritech.com\/wp-content\/uploads\/2020\/04\/PT6A9587-kopi-1024x741.jpg\" \/>\n\t<meta property=\"og:image:width\" content=\"1024\" \/>\n\t<meta property=\"og:image:height\" content=\"741\" \/>\n\t<meta property=\"og:image:type\" content=\"image\/jpeg\" \/>\n<meta name=\"twitter:card\" content=\"summary_large_image\" \/>\n<meta name=\"twitter:label1\" content=\"Ansl. lesetid\" \/>\n\t<meta name=\"twitter:data1\" content=\"1 minutt\" \/>\n<script type=\"application\/ld+json\" class=\"yoast-schema-graph\">{\"@context\":\"https:\/\/schema.org\",\"@graph\":[{\"@type\":\"WebPage\",\"@id\":\"https:\/\/maritech.com\/no\/kontakt-oss\/\",\"url\":\"https:\/\/maritech.com\/no\/kontakt-oss\/\",\"name\":\"Maritech I \u00d8nsker du \u00e5 komme i kontakt med oss?\",\"isPartOf\":{\"@id\":\"https:\/\/maritech.com\/no\/#website\"},\"primaryImageOfPage\":{\"@id\":\"https:\/\/maritech.com\/no\/kontakt-oss\/#primaryimage\"},\"image\":{\"@id\":\"https:\/\/maritech.com\/no\/kontakt-oss\/#primaryimage\"},\"thumbnailUrl\":\"https:\/\/maritech.com\/wp-content\/uploads\/2020\/04\/PT6A9587-kopi.jpg\",\"datePublished\":\"2019-02-22T12:33:09+00:00\",\"dateModified\":\"2026-01-13T10:20:57+00:00\",\"description\":\"Vi vil gjerne h\u00f8re fra deg. Her finner du kontaktinformasjon til alle Maritech-kontorene rundt om i verden.\",\"breadcrumb\":{\"@id\":\"https:\/\/maritech.com\/no\/kontakt-oss\/#breadcrumb\"},\"inLanguage\":\"nb-NO\",\"potentialAction\":[{\"@type\":\"ReadAction\",\"target\":[\"https:\/\/maritech.com\/no\/kontakt-oss\/\"]}]},{\"@type\":\"ImageObject\",\"inLanguage\":\"nb-NO\",\"@id\":\"https:\/\/maritech.com\/no\/kontakt-oss\/#primaryimage\",\"url\":\"https:\/\/maritech.com\/wp-content\/uploads\/2020\/04\/PT6A9587-kopi.jpg\",\"contentUrl\":\"https:\/\/maritech.com\/wp-content\/uploads\/2020\/04\/PT6A9587-kopi.jpg\",\"width\":2560,\"height\":1853,\"caption\":\"Illustration from the head office at SR Group. Credit: Elisabeth T\u00f8nnesen\"},{\"@type\":\"BreadcrumbList\",\"@id\":\"https:\/\/maritech.com\/no\/kontakt-oss\/#breadcrumb\",\"itemListElement\":[{\"@type\":\"ListItem\",\"position\":1,\"name\":\"Home\",\"item\":\"https:\/\/maritech.com\/no\/\"},{\"@type\":\"ListItem\",\"position\":2,\"name\":\"Kontakt\"}]},{\"@type\":\"WebSite\",\"@id\":\"https:\/\/maritech.com\/no\/#website\",\"url\":\"https:\/\/maritech.com\/no\/\",\"name\":\"Maritech\",\"description\":\"\",\"publisher\":{\"@id\":\"https:\/\/maritech.com\/no\/#organization\"},\"potentialAction\":[{\"@type\":\"SearchAction\",\"target\":{\"@type\":\"EntryPoint\",\"urlTemplate\":\"https:\/\/maritech.com\/no\/?s={search_term_string}\"},\"query-input\":{\"@type\":\"PropertyValueSpecification\",\"valueRequired\":true,\"valueName\":\"search_term_string\"}}],\"inLanguage\":\"nb-NO\"},{\"@type\":\"Organization\",\"@id\":\"https:\/\/maritech.com\/no\/#organization\",\"name\":\"Maritech\",\"url\":\"https:\/\/maritech.com\/no\/\",\"logo\":{\"@type\":\"ImageObject\",\"inLanguage\":\"nb-NO\",\"@id\":\"https:\/\/maritech.com\/no\/#\/schema\/logo\/image\/\",\"url\":\"https:\/\/maritech.com\/wp-content\/uploads\/2024\/07\/Maritech-Logo-Co-Brand-WHITE.png\",\"contentUrl\":\"https:\/\/maritech.com\/wp-content\/uploads\/2024\/07\/Maritech-Logo-Co-Brand-WHITE.png\",\"width\":3336,\"height\":890,\"caption\":\"Maritech\"},\"image\":{\"@id\":\"https:\/\/maritech.com\/no\/#\/schema\/logo\/image\/\"}}]}<\/script>\n<!-- \/ Yoast SEO Premium plugin. -->","yoast_head_json":{"title":"Maritech I \u00d8nsker du \u00e5 komme i kontakt med oss?","description":"Vi vil gjerne h\u00f8re fra deg. Her finner du kontaktinformasjon til alle Maritech-kontorene rundt om i verden.","robots":{"index":"index","follow":"follow","max-snippet":"max-snippet:-1","max-image-preview":"max-image-preview:large","max-video-preview":"max-video-preview:-1"},"canonical":"https:\/\/maritech.com\/no\/kontakt-oss\/","og_locale":"nb_NO","og_type":"article","og_title":"Kontakt","og_description":"Vi vil gjerne h\u00f8re fra deg. Her finner du kontaktinformasjon til alle Maritech-kontorene rundt om i verden.","og_url":"https:\/\/maritech.com\/no\/kontakt-oss\/","og_site_name":"Maritech","article_modified_time":"2026-01-13T10:20:57+00:00","og_image":[{"width":1024,"height":741,"url":"https:\/\/maritech.com\/wp-content\/uploads\/2020\/04\/PT6A9587-kopi-1024x741.jpg","type":"image\/jpeg"}],"twitter_card":"summary_large_image","twitter_misc":{"Ansl. lesetid":"1 minutt"},"schema":{"@context":"https:\/\/schema.org","@graph":[{"@type":"WebPage","@id":"https:\/\/maritech.com\/no\/kontakt-oss\/","url":"https:\/\/maritech.com\/no\/kontakt-oss\/","name":"Maritech I \u00d8nsker du \u00e5 komme i kontakt med oss?","isPartOf":{"@id":"https:\/\/maritech.com\/no\/#website"},"primaryImageOfPage":{"@id":"https:\/\/maritech.com\/no\/kontakt-oss\/#primaryimage"},"image":{"@id":"https:\/\/maritech.com\/no\/kontakt-oss\/#primaryimage"},"thumbnailUrl":"https:\/\/maritech.com\/wp-content\/uploads\/2020\/04\/PT6A9587-kopi.jpg","datePublished":"2019-02-22T12:33:09+00:00","dateModified":"2026-01-13T10:20:57+00:00","description":"Vi vil gjerne h\u00f8re fra deg. Her finner du kontaktinformasjon til alle Maritech-kontorene rundt om i verden.","breadcrumb":{"@id":"https:\/\/maritech.com\/no\/kontakt-oss\/#breadcrumb"},"inLanguage":"nb-NO","potentialAction":[{"@type":"ReadAction","target":["https:\/\/maritech.com\/no\/kontakt-oss\/"]}]},{"@type":"ImageObject","inLanguage":"nb-NO","@id":"https:\/\/maritech.com\/no\/kontakt-oss\/#primaryimage","url":"https:\/\/maritech.com\/wp-content\/uploads\/2020\/04\/PT6A9587-kopi.jpg","contentUrl":"https:\/\/maritech.com\/wp-content\/uploads\/2020\/04\/PT6A9587-kopi.jpg","width":2560,"height":1853,"caption":"Illustration from the head office at SR Group. Credit: Elisabeth T\u00f8nnesen"},{"@type":"BreadcrumbList","@id":"https:\/\/maritech.com\/no\/kontakt-oss\/#breadcrumb","itemListElement":[{"@type":"ListItem","position":1,"name":"Home","item":"https:\/\/maritech.com\/no\/"},{"@type":"ListItem","position":2,"name":"Kontakt"}]},{"@type":"WebSite","@id":"https:\/\/maritech.com\/no\/#website","url":"https:\/\/maritech.com\/no\/","name":"Maritech","description":"","publisher":{"@id":"https:\/\/maritech.com\/no\/#organization"},"potentialAction":[{"@type":"SearchAction","target":{"@type":"EntryPoint","urlTemplate":"https:\/\/maritech.com\/no\/?s={search_term_string}"},"query-input":{"@type":"PropertyValueSpecification","valueRequired":true,"valueName":"search_term_string"}}],"inLanguage":"nb-NO"},{"@type":"Organization","@id":"https:\/\/maritech.com\/no\/#organization","name":"Maritech","url":"https:\/\/maritech.com\/no\/","logo":{"@type":"ImageObject","inLanguage":"nb-NO","@id":"https:\/\/maritech.com\/no\/#\/schema\/logo\/image\/","url":"https:\/\/maritech.com\/wp-content\/uploads\/2024\/07\/Maritech-Logo-Co-Brand-WHITE.png","contentUrl":"https:\/\/maritech.com\/wp-content\/uploads\/2024\/07\/Maritech-Logo-Co-Brand-WHITE.png","width":3336,"height":890,"caption":"Maritech"},"image":{"@id":"https:\/\/maritech.com\/no\/#\/schema\/logo\/image\/"}}]}},"jetpack_sharing_enabled":true,"_links":{"self":[{"href":"https:\/\/maritech.com\/no\/wp-json\/wp\/v2\/pages\/2674","targetHints":{"allow":["GET"]}}],"collection":[{"href":"https:\/\/maritech.com\/no\/wp-json\/wp\/v2\/pages"}],"about":[{"href":"https:\/\/maritech.com\/no\/wp-json\/wp\/v2\/types\/page"}],"author":[{"embeddable":true,"href":"https:\/\/maritech.com\/no\/wp-json\/wp\/v2\/users\/11"}],"replies":[{"embeddable":true,"href":"https:\/\/maritech.com\/no\/wp-json\/wp\/v2\/comments?post=2674"}],"version-history":[{"count":83,"href":"https:\/\/maritech.com\/no\/wp-json\/wp\/v2\/pages\/2674\/revisions"}],"predecessor-version":[{"id":21283,"href":"https:\/\/maritech.com\/no\/wp-json\/wp\/v2\/pages\/2674\/revisions\/21283"}],"wp:featuredmedia":[{"embeddable":true,"href":"https:\/\/maritech.com\/no\/wp-json\/wp\/v2\/media\/4932"}],"wp:attachment":[{"href":"https:\/\/maritech.com\/no\/wp-json\/wp\/v2\/media?parent=2674"}],"curies":[{"name":"wp","href":"https:\/\/api.w.org\/{rel}","templated":true}]}}