{"id":6381,"date":"2021-02-15T09:10:20","date_gmt":"2021-02-15T08:10:20","guid":{"rendered":"https:\/\/maritech.com\/?page_id=6381"},"modified":"2024-07-16T07:37:15","modified_gmt":"2024-07-16T06:37:15","slug":"hjernen-bak-fortollingslosningen","status":"publish","type":"page","link":"https:\/\/maritech.com\/no\/hjernen-bak-fortollingslosningen\/","title":{"rendered":"Hjernen bak fortollingsl\u00f8sningen"},"content":{"rendered":"\n<section class=\"wp-block-maritech-image alignfull\" style=\"background-image:url(https:\/\/maritech.com\/wp-content\/uploads\/2020\/11\/klas.jpg)\" data-fullheight=\"false\"><div class=\"wrapper\"><\/div><\/section>\n\n\n\n<section class=\"wp-block-maritech-text\"><h2 class=\"title\">Hjernen bak fortollingsl\u00f8sningen<\/h2><div class=\"featuredtext\"><p>F\u00e5 kan mer om fortollingsprogramvare enn v\u00e5r egen Klas Larsson, som i 33 \u00e5r har ledet utviklingen av Timpex CMS, og n\u00e5 har v\u00e6rt sentral i arbeidet med den nye skybaserte l\u00f8sningen Maritech CMS.  <\/p><\/div><div class=\"wp-block-maritech-text__inner\">\n<p>Klas Larsson er en av seks gr\u00fcndere bak softwareselskapet Timpex, som siden 2020 har v\u00e6rt en del av Maritech. Fortollingsl\u00f8sningen var det f\u00f8rste produktet Timpex utviklet da de startet opp i 1987.<\/p>\n\n\n\n<p>I dag, 33 \u00e5r etter, er det fortsatt Klas som har ansvaret for utviklingen av programvaren.<\/p>\n\n\n\n<p>\u2013 Jeg kjenner nok denne l\u00f8sningen ut og inn, ja, smiler han.<\/p>\n\n\n\n<h2 class=\"wp-block-heading\" id=\"h-automatisering-og-effektivisering\">Automatisering og effektivisering<\/h2>\n\n\n\n<p>Det er to grunner til at vi trenger fortolling i Norge. Alt som skal eksporteres eller importeres skal deklareres overfor tollvesenet. <\/p>\n\n\n\n<p>I tillegg til dette skal Statistisk Sentralbyr\u00e5 til enhver tid ha oversikt over alle varer som sendes inn\/ut av landet.<\/p>\n\n\n\n<p>Timpex CMS (on-premise) og Maritech CMS (den nye skyl\u00f8sningen som nettopp er lansert) sikrer effektiv tollbehandling av varer for import, eksport, transittering og kontroll av tollager. Systemene s\u00f8rger for sikker beregning av toll og avgifter, slik at deklareringen effektiviseres. De gir deg ogs\u00e5 god oversikt over ordrer og status p\u00e5 godkjenninger og meldinger.<\/p>\n\n\n\n<p>Slik f\u00e5r du all funksjonalitet som trengs for \u00e5 h\u00e5ndtere gods som skal inn og ut av Norge. L\u00f8sningene kan b\u00e5de brukes alene og i kombinasjon med v\u00e5rt transportstyringssystem Timpex TMS og sj\u00f8mat-tradingsystem Maritech Purchase &amp; Sales.<\/p>\n\n\n\n<p>\u2013 Transittering er et annet eksempel p\u00e5 viktig funksjonalitet, som gj\u00f8r at bilen kan kj\u00f8re helt frem til m\u00e5l uten \u00e5 stoppe, forteller Klas. I tillegg trekker han frem forh\u00e5ndsvarsling, en l\u00f8sning som kom etter 9\/11. Forh\u00e5ndsvarsling av varer m\u00e5 sendes til alle land utenfor EU for at myndighetene skal f\u00e5 oversikt over hvilke varer som kommer. Ut fra denne varslingen velger de seg ut hvem de skal kontrollere og ta stikkpr\u00f8ver fra.<\/p>\n\n\n\n<h2 class=\"wp-block-heading\" id=\"h-fortolling-under-huden\">Fortolling under huden<\/h2>\n\n\n\n<p>Klas har jobbet med fortolling siden han fikk sin f\u00f8rste jobb i Tollpost Globe AS etter milit\u00e6ret. Da var verkt\u00f8yet en skrivemaskin. Etter at han tok IT-utdannelse ved H\u00f8gskolen i Molde startet han p\u00e5 IT-avdelinga i Tollpost. Det var da tankene om et eget fortollingssystem startet \u00e5 spinne. Da han og fem andre fra Tollpost gikk ut og startet Timpex i 87, var det dette systemet de startet \u00e5 jobbe med, og det f\u00f8rste systemet de leverte til sine kunder.<\/p>\n\n\n\n<p>\u2013 Siden da har vi hele tiden jobbet med videreutvikling og forbedring av brukergrensesnittet, for \u00e5 gj\u00f8re det s\u00e5 enkelt og intuitivt som mulig for kundene. Og n\u00e5 er det en stor milep\u00e6l \u00e5 ha lansert Maritech CMS, som i stor grad er bygget p\u00e5 arbeidet vi gjorde i Timpex-tiden, sier Klas. <\/p>\n\n\n\n<p>&#8211; N\u00e5 er vi i ferd med \u00e5 automatisere fortollingen i hele den norske sj\u00f8matn\u00e6ringen, avslutter han.<\/p>\n\n\n\n<p><\/p>\n\n\n\n<p><\/p>\n\n\n\n<p>Har du lyst til \u00e5 vite mer? Herlig! <a href=\"mailto:sales@maritech.no\" target=\"_blank\" rel=\"noreferrer noopener\">Gi oss et vink, s\u00e5 tar vi en prat!<\/a><\/p>\n<\/div><\/section>\n","protected":false},"excerpt":{"rendered":"","protected":false},"author":11,"featured_media":6378,"parent":0,"menu_order":0,"comment_status":"closed","ping_status":"closed","template":"","meta":{"_acf_changed":false,"content-type":"","lazy_load_responsive_images_disabled":false,"footnotes":""},"class_list":["post-6381","page","type-page","status-publish","has-post-thumbnail","hentry"],"acf":[],"yoast_head":"<!-- This site is optimized with the Yoast SEO Premium plugin v21.8 (Yoast SEO v26.8) - https:\/\/yoast.com\/product\/yoast-seo-premium-wordpress\/ -->\n<title>Hjernen bak fortollingsl\u00f8sningen - Maritech<\/title>\n<meta name=\"description\" content=\"Klas Larsson, har i 33 \u00e5r har ledet utviklingen av Timpex CMS, og n\u00e5 har v\u00e6rt sentral i arbeidet med nye Maritech CMS.\" \/>\n<meta name=\"robots\" content=\"index, follow, max-snippet:-1, max-image-preview:large, max-video-preview:-1\" \/>\n<link rel=\"canonical\" href=\"https:\/\/maritech.com\/no\/hjernen-bak-fortollingslosningen\/\" \/>\n<meta property=\"og:locale\" content=\"nb_NO\" \/>\n<meta property=\"og:type\" content=\"article\" \/>\n<meta property=\"og:title\" content=\"Hjernen bak fortollingsl\u00f8sningen\" \/>\n<meta property=\"og:description\" content=\"Klas Larsson, har i 33 \u00e5r har ledet utviklingen av Timpex CMS, og n\u00e5 har v\u00e6rt sentral i arbeidet med nye Maritech CMS.\" \/>\n<meta property=\"og:url\" content=\"https:\/\/maritech.com\/no\/hjernen-bak-fortollingslosningen\/\" \/>\n<meta property=\"og:site_name\" content=\"Maritech\" \/>\n<meta property=\"article:modified_time\" content=\"2024-07-16T06:37:15+00:00\" \/>\n<meta property=\"og:image\" content=\"https:\/\/maritech.com\/wp-content\/uploads\/2020\/11\/klas-scaled.jpg\" \/>\n\t<meta property=\"og:image:width\" content=\"3072\" \/>\n\t<meta property=\"og:image:height\" content=\"2048\" \/>\n\t<meta property=\"og:image:type\" content=\"image\/jpeg\" \/>\n<meta name=\"twitter:card\" content=\"summary_large_image\" \/>\n<meta name=\"twitter:label1\" content=\"Ansl. lesetid\" \/>\n\t<meta name=\"twitter:data1\" content=\"3 minutter\" \/>\n<script type=\"application\/ld+json\" class=\"yoast-schema-graph\">{\"@context\":\"https:\/\/schema.org\",\"@graph\":[{\"@type\":\"WebPage\",\"@id\":\"https:\/\/maritech.com\/no\/hjernen-bak-fortollingslosningen\/\",\"url\":\"https:\/\/maritech.com\/no\/hjernen-bak-fortollingslosningen\/\",\"name\":\"Hjernen bak fortollingsl\u00f8sningen - Maritech\",\"isPartOf\":{\"@id\":\"https:\/\/maritech.com\/no\/#website\"},\"primaryImageOfPage\":{\"@id\":\"https:\/\/maritech.com\/no\/hjernen-bak-fortollingslosningen\/#primaryimage\"},\"image\":{\"@id\":\"https:\/\/maritech.com\/no\/hjernen-bak-fortollingslosningen\/#primaryimage\"},\"thumbnailUrl\":\"https:\/\/maritech.com\/wp-content\/uploads\/2020\/11\/klas-scaled.jpg\",\"datePublished\":\"2021-02-15T08:10:20+00:00\",\"dateModified\":\"2024-07-16T06:37:15+00:00\",\"description\":\"Klas Larsson, har i 33 \u00e5r har ledet utviklingen av Timpex CMS, og n\u00e5 har v\u00e6rt sentral i arbeidet med nye Maritech CMS.\",\"breadcrumb\":{\"@id\":\"https:\/\/maritech.com\/no\/hjernen-bak-fortollingslosningen\/#breadcrumb\"},\"inLanguage\":\"nb-NO\",\"potentialAction\":[{\"@type\":\"ReadAction\",\"target\":[\"https:\/\/maritech.com\/no\/hjernen-bak-fortollingslosningen\/\"]}]},{\"@type\":\"ImageObject\",\"inLanguage\":\"nb-NO\",\"@id\":\"https:\/\/maritech.com\/no\/hjernen-bak-fortollingslosningen\/#primaryimage\",\"url\":\"https:\/\/maritech.com\/wp-content\/uploads\/2020\/11\/klas-scaled.jpg\",\"contentUrl\":\"https:\/\/maritech.com\/wp-content\/uploads\/2020\/11\/klas-scaled.jpg\",\"width\":3072,\"height\":2048,\"caption\":\"Klas Larsson - Maritech\"},{\"@type\":\"BreadcrumbList\",\"@id\":\"https:\/\/maritech.com\/no\/hjernen-bak-fortollingslosningen\/#breadcrumb\",\"itemListElement\":[{\"@type\":\"ListItem\",\"position\":1,\"name\":\"Home\",\"item\":\"https:\/\/maritech.com\/no\/\"},{\"@type\":\"ListItem\",\"position\":2,\"name\":\"Hjernen bak fortollingsl\u00f8sningen\"}]},{\"@type\":\"WebSite\",\"@id\":\"https:\/\/maritech.com\/no\/#website\",\"url\":\"https:\/\/maritech.com\/no\/\",\"name\":\"Maritech\",\"description\":\"\",\"publisher\":{\"@id\":\"https:\/\/maritech.com\/no\/#organization\"},\"potentialAction\":[{\"@type\":\"SearchAction\",\"target\":{\"@type\":\"EntryPoint\",\"urlTemplate\":\"https:\/\/maritech.com\/no\/?s={search_term_string}\"},\"query-input\":{\"@type\":\"PropertyValueSpecification\",\"valueRequired\":true,\"valueName\":\"search_term_string\"}}],\"inLanguage\":\"nb-NO\"},{\"@type\":\"Organization\",\"@id\":\"https:\/\/maritech.com\/no\/#organization\",\"name\":\"Maritech\",\"url\":\"https:\/\/maritech.com\/no\/\",\"logo\":{\"@type\":\"ImageObject\",\"inLanguage\":\"nb-NO\",\"@id\":\"https:\/\/maritech.com\/no\/#\/schema\/logo\/image\/\",\"url\":\"https:\/\/maritech.com\/wp-content\/uploads\/2024\/07\/Maritech-Logo-Co-Brand-WHITE.png\",\"contentUrl\":\"https:\/\/maritech.com\/wp-content\/uploads\/2024\/07\/Maritech-Logo-Co-Brand-WHITE.png\",\"width\":3336,\"height\":890,\"caption\":\"Maritech\"},\"image\":{\"@id\":\"https:\/\/maritech.com\/no\/#\/schema\/logo\/image\/\"}}]}<\/script>\n<!-- \/ Yoast SEO Premium plugin. -->","yoast_head_json":{"title":"Hjernen bak fortollingsl\u00f8sningen - Maritech","description":"Klas Larsson, har i 33 \u00e5r har ledet utviklingen av Timpex CMS, og n\u00e5 har v\u00e6rt sentral i arbeidet med nye Maritech CMS.","robots":{"index":"index","follow":"follow","max-snippet":"max-snippet:-1","max-image-preview":"max-image-preview:large","max-video-preview":"max-video-preview:-1"},"canonical":"https:\/\/maritech.com\/no\/hjernen-bak-fortollingslosningen\/","og_locale":"nb_NO","og_type":"article","og_title":"Hjernen bak fortollingsl\u00f8sningen","og_description":"Klas Larsson, har i 33 \u00e5r har ledet utviklingen av Timpex CMS, og n\u00e5 har v\u00e6rt sentral i arbeidet med nye Maritech CMS.","og_url":"https:\/\/maritech.com\/no\/hjernen-bak-fortollingslosningen\/","og_site_name":"Maritech","article_modified_time":"2024-07-16T06:37:15+00:00","og_image":[{"width":3072,"height":2048,"url":"https:\/\/maritech.com\/wp-content\/uploads\/2020\/11\/klas-scaled.jpg","type":"image\/jpeg"}],"twitter_card":"summary_large_image","twitter_misc":{"Ansl. lesetid":"3 minutter"},"schema":{"@context":"https:\/\/schema.org","@graph":[{"@type":"WebPage","@id":"https:\/\/maritech.com\/no\/hjernen-bak-fortollingslosningen\/","url":"https:\/\/maritech.com\/no\/hjernen-bak-fortollingslosningen\/","name":"Hjernen bak fortollingsl\u00f8sningen - Maritech","isPartOf":{"@id":"https:\/\/maritech.com\/no\/#website"},"primaryImageOfPage":{"@id":"https:\/\/maritech.com\/no\/hjernen-bak-fortollingslosningen\/#primaryimage"},"image":{"@id":"https:\/\/maritech.com\/no\/hjernen-bak-fortollingslosningen\/#primaryimage"},"thumbnailUrl":"https:\/\/maritech.com\/wp-content\/uploads\/2020\/11\/klas-scaled.jpg","datePublished":"2021-02-15T08:10:20+00:00","dateModified":"2024-07-16T06:37:15+00:00","description":"Klas Larsson, har i 33 \u00e5r har ledet utviklingen av Timpex CMS, og n\u00e5 har v\u00e6rt sentral i arbeidet med nye Maritech CMS.","breadcrumb":{"@id":"https:\/\/maritech.com\/no\/hjernen-bak-fortollingslosningen\/#breadcrumb"},"inLanguage":"nb-NO","potentialAction":[{"@type":"ReadAction","target":["https:\/\/maritech.com\/no\/hjernen-bak-fortollingslosningen\/"]}]},{"@type":"ImageObject","inLanguage":"nb-NO","@id":"https:\/\/maritech.com\/no\/hjernen-bak-fortollingslosningen\/#primaryimage","url":"https:\/\/maritech.com\/wp-content\/uploads\/2020\/11\/klas-scaled.jpg","contentUrl":"https:\/\/maritech.com\/wp-content\/uploads\/2020\/11\/klas-scaled.jpg","width":3072,"height":2048,"caption":"Klas Larsson - Maritech"},{"@type":"BreadcrumbList","@id":"https:\/\/maritech.com\/no\/hjernen-bak-fortollingslosningen\/#breadcrumb","itemListElement":[{"@type":"ListItem","position":1,"name":"Home","item":"https:\/\/maritech.com\/no\/"},{"@type":"ListItem","position":2,"name":"Hjernen bak fortollingsl\u00f8sningen"}]},{"@type":"WebSite","@id":"https:\/\/maritech.com\/no\/#website","url":"https:\/\/maritech.com\/no\/","name":"Maritech","description":"","publisher":{"@id":"https:\/\/maritech.com\/no\/#organization"},"potentialAction":[{"@type":"SearchAction","target":{"@type":"EntryPoint","urlTemplate":"https:\/\/maritech.com\/no\/?s={search_term_string}"},"query-input":{"@type":"PropertyValueSpecification","valueRequired":true,"valueName":"search_term_string"}}],"inLanguage":"nb-NO"},{"@type":"Organization","@id":"https:\/\/maritech.com\/no\/#organization","name":"Maritech","url":"https:\/\/maritech.com\/no\/","logo":{"@type":"ImageObject","inLanguage":"nb-NO","@id":"https:\/\/maritech.com\/no\/#\/schema\/logo\/image\/","url":"https:\/\/maritech.com\/wp-content\/uploads\/2024\/07\/Maritech-Logo-Co-Brand-WHITE.png","contentUrl":"https:\/\/maritech.com\/wp-content\/uploads\/2024\/07\/Maritech-Logo-Co-Brand-WHITE.png","width":3336,"height":890,"caption":"Maritech"},"image":{"@id":"https:\/\/maritech.com\/no\/#\/schema\/logo\/image\/"}}]}},"jetpack_sharing_enabled":true,"_links":{"self":[{"href":"https:\/\/maritech.com\/no\/wp-json\/wp\/v2\/pages\/6381","targetHints":{"allow":["GET"]}}],"collection":[{"href":"https:\/\/maritech.com\/no\/wp-json\/wp\/v2\/pages"}],"about":[{"href":"https:\/\/maritech.com\/no\/wp-json\/wp\/v2\/types\/page"}],"author":[{"embeddable":true,"href":"https:\/\/maritech.com\/no\/wp-json\/wp\/v2\/users\/11"}],"replies":[{"embeddable":true,"href":"https:\/\/maritech.com\/no\/wp-json\/wp\/v2\/comments?post=6381"}],"version-history":[{"count":7,"href":"https:\/\/maritech.com\/no\/wp-json\/wp\/v2\/pages\/6381\/revisions"}],"predecessor-version":[{"id":13010,"href":"https:\/\/maritech.com\/no\/wp-json\/wp\/v2\/pages\/6381\/revisions\/13010"}],"wp:featuredmedia":[{"embeddable":true,"href":"https:\/\/maritech.com\/no\/wp-json\/wp\/v2\/media\/6378"}],"wp:attachment":[{"href":"https:\/\/maritech.com\/no\/wp-json\/wp\/v2\/media?parent=6381"}],"curies":[{"name":"wp","href":"https:\/\/api.w.org\/{rel}","templated":true}]}}