{"id":9124,"date":"2021-09-27T10:10:54","date_gmt":"2021-09-27T09:10:54","guid":{"rendered":"https:\/\/maritech.com\/?page_id=9124"},"modified":"2024-07-08T13:26:51","modified_gmt":"2024-07-08T12:26:51","slug":"maritech-purchase-sales","status":"publish","type":"page","link":"https:\/\/maritech.com\/no\/maritech-purchase-sales\/","title":{"rendered":"Kj\u00f8p og selg sj\u00f8mat med Maritech Purchase &#038; Sales"},"content":{"rendered":"\n<section class=\"hero block alignfull bg-image grad-light\" style=\"background-image: url('https:\/\/maritech.com\/wp-content\/uploads\/2021\/05\/PurchaseSales_Christin-1500x1000.jpg'); \" >\n    <div class=\"container-fluid\">\n        <div class=\"hero-content\">\n                        <div class=\"editor-content\">\n                <h1><span style=\"color: #ffffff;\">Hei, du!\u00a0<\/span><\/h1>\n<p class=\"preamble\"><span style=\"color: #ffffff;\">Vi vet at du har vanvittig travle dager og ikke et sekund \u00e5 kaste bort. <\/span><\/p>\n<p class=\"normal\"><span style=\"color: #ffffff;\">Men du,<\/span><span style=\"color: #ffffff;\"> g\u00e5r det fortsatt mye i Excel, Google Docs og manuell punching n\u00e5r du selger sj\u00f8mat og h\u00e5ndterer claims? Da er du ikke alene &#8211; og med sm\u00e5 grep kan du f\u00e5 en mye mer smidig arbeidshverdag.\u00a0<\/span><\/p>\n            <\/div>\n            <div class=\"button-wrap left\"><a class=\"btn btn-primary\" href=\"https:\/\/demo.dev.maritech.cloud\/START\/Introduction\" target=\"_blank\" title=\"Nysgjerrig? Sjekk ut v\u00e5re digitale demoer!\">Nysgjerrig? Sjekk ut v\u00e5re digitale demoer!<\/a><a class=\"btn btn-primary\" href=\"https:\/\/share-eu1.hsforms.com\/1N64zSG_iQh6EJmgag0ox5Qewibs\" target=\"_blank\" title=\"Eller kontakt oss her\">Eller kontakt oss her<\/a><\/div>        <\/div><!--\/.hero-content-->\n    <\/div><!--\/.container-fluid-->\n<\/section>\n\n\n\n<section class=\"breadcrumb-section block alignfull\">\n    <div class=\"container-fluid\">\n        <p class=\"breadcrumbs\"><span><span><a href=\"https:\/\/maritech.com\/no\/\"><span class=\"d-none\">Home<\/span><svg xmlns=\"http:\/\/www.w3.org\/2000\/svg\" xmlns:xlink=\"http:\/\/www.w3.org\/1999\/xlink\" contentScriptType=\"text\/ecmascript\" contentStyleType=\"text\/css\" enable-background=\"new 0 0 2048 2048\" height=\"2048px\" id=\"Layer_1\" preserveAspectRatio=\"xMidYMid meet\" version=\"1.1\" viewBox=\"25.33300018310547 0 1613.333984375 2048\" width=\"1613.333984375px\" xml:space=\"preserve\" zoomAndPan=\"magnify\" style=\"&#10;    width: 20px;&#10;\"><path d=\"M1408,1120v480c0,17.333-6.333,32.333-19,45s-27.667,19-45,19H960v-384H704v384H320c-17.333,0-32.333-6.333-45-19  s-19-27.667-19-45v-480c0-0.667,0.167-1.667,0.5-3s0.5-2.333,0.5-3l575-474l575,474C1407.667,1115.333,1408,1117.333,1408,1120z   M1631,1051l-62,74c-5.333,6-12.333,9.667-21,11h-3c-8.667,0-15.667-2.333-21-7L832,552l-692,577c-8,5.333-16,7.667-24,7  c-8.667-1.333-15.667-5-21-11l-62-74c-5.333-6.667-7.667-14.5-7-23.5s4.333-16.167,11-21.5l719-599c21.333-17.333,46.667-26,76-26  s54.667,8.667,76,26l244,204V416c0-9.333,3-17,9-23s13.667-9,23-9h192c9.333,0,17,3,23,9s9,13.667,9,23v408l219,182  c6.667,5.333,10.333,12.5,11,21.5S1636.333,1044.333,1631,1051z\"\/><\/svg><\/a><\/span><\/span><\/p>    <\/div>\n<\/section>\n\n<section class=\"page-content block alignfull\">\n    <div class=\"container-fluid\">\n        <div class=\"content-wrapper\">\n            <div class=\"editor-content\">\n                <h2 class=\"h2\">Bedre kontroll og fortjeneste<\/h2>\n<p class=\"preamble\">Helt siden oppstarten, har trading v\u00e6rt en del av hjertet i Maritech.<\/p>\n<p>Rundt 70 % av all norsk sj\u00f8mateksport g\u00e5r i dag gjennom systemene v\u00e5re, noe som tilsvarer rundt 20 000 m\u00e5ltider hvert eneste sekund (!). De siste fem \u00e5rene har vi utviklet trading-programvaren v\u00e5r p\u00e5 nytt &#8211; helt fra grunnen av, i Maritech Cloud som er en skybasert plattform bygget i Microsoft Azure. For deg betyr det at du f\u00e5r Microsofts sikkerhet, skalerbarhet og hosting, i kombinasjon med kompetansen og erfaringen innen sj\u00f8mat og teknologi som vi har her i Maritech.<\/p>\n<p>Resultatet er fleksible verkt\u00f8y som er skreddersydd for arbeidshverdagen din, og bygget i henhold til beste praksis &#8211; prosessene til de ledende selskapene i sj\u00f8matn\u00e6ringen. Det spiller for \u00f8vrig ingen rolle om bedriften din er stor eller liten &#8211; l\u00f8sningene i Maritech Cloud passer like godt om du er en del av et globalt konsern som om du driver et lite fiskemottak p\u00e5 den ytterste n\u00f8gne \u00f8.<\/p>\n<p class=\"p2\">\n            <\/div><!--\/.editor-content-->\n        <\/div><!--\/.content-wrapper-->\n    <\/div><!--\/.container-fluid-->\n<\/section>\n\n\n<figure class=\"wp-block-image size-large\"><img decoding=\"async\" width=\"884\" height=\"393\" src=\"https:\/\/maritech.com\/wp-content\/uploads\/2021\/05\/image_7web-1.png\" alt=\"Screenshot from Maritech DGS Purchase &amp; Sales \" class=\"wp-image-7609\" srcset=\"https:\/\/maritech.com\/wp-content\/uploads\/2021\/05\/image_7web-1.png 884w, https:\/\/maritech.com\/wp-content\/uploads\/2021\/05\/image_7web-1-300x133.png 300w, https:\/\/maritech.com\/wp-content\/uploads\/2021\/05\/image_7web-1-768x341.png 768w, https:\/\/maritech.com\/wp-content\/uploads\/2021\/05\/image_7web-1-260x116.png 260w\" sizes=\"(max-width: 884px) 100vw, 884px\" \/><figcaption class=\"wp-element-caption\">Maritech Purchase &amp; Sales <\/figcaption><\/figure>\n\n\n<section class=\"page-content block alignfull\">\n    <div class=\"container-fluid\">\n        <div class=\"content-wrapper\">\n            <div class=\"editor-content\">\n                <h2 class=\"h2\"><span style=\"color: #003160;\">Skreddersydd for trading<\/span><\/h2>\n<p>Med Maritech Purchase &amp; Sales f\u00e5r du full kontroll over beholdningen din, hva du m\u00e5 selge, marginer, kunder og leverand\u00f8rer. I tillegg f\u00e5r du kontrollerbar sporbarhet gjennom hele verdikjeden, fra opprinnelse til bord. Det gj\u00f8r det enkelt \u00e5 overholde kravene fra kunder, myndigheter og de som skal sertifisere dere p\u00e5 ulike felt. Du kan for eksempel ogs\u00e5 automatisere prosessene for import av data, samt fakturering og dokumentflyt for mer effektiv h\u00e5ndtering og redusering av manuelle feil.<\/p>\n<p>Effektiv sporing og prising ned p\u00e5 kasse-\/palleniv\u00e5 sikrer flyt og n\u00f8yaktige bestillinger med margin. ATP (Available to Promise), multi-company, <a href=\"https:\/\/maritech.com\/no\/vare-losninger-seafood-trade\/claims\/\" target=\"_blank\" rel=\"noopener\">claims<\/a>, valutah\u00e5ndtering og salg med box\/pallet-plukking er andre eksempler p\u00e5 nyttig funksjonalitet som enkelt kan gi deg enda bedre dager p\u00e5 jobb. <a href=\"https:\/\/maritech.com\/no\/nyheter-i-maritech-purchase-sales\/\" target=\"_blank\" rel=\"noopener\">Her kan du lese mer om noen av nyhetene vi har lansert i det siste.<\/a><\/p>\n            <\/div><!--\/.editor-content-->\n        <\/div><!--\/.content-wrapper-->\n    <\/div><!--\/.container-fluid-->\n<\/section>\n\n\n<figure class=\"wp-block-image size-large\"><img decoding=\"async\" width=\"884\" height=\"393\" src=\"https:\/\/maritech.com\/wp-content\/uploads\/2021\/05\/image_9web-1.png\" alt=\"\" class=\"wp-image-7615\" srcset=\"https:\/\/maritech.com\/wp-content\/uploads\/2021\/05\/image_9web-1.png 884w, https:\/\/maritech.com\/wp-content\/uploads\/2021\/05\/image_9web-1-300x133.png 300w, https:\/\/maritech.com\/wp-content\/uploads\/2021\/05\/image_9web-1-768x341.png 768w, https:\/\/maritech.com\/wp-content\/uploads\/2021\/05\/image_9web-1-260x116.png 260w\" sizes=\"(max-width: 884px) 100vw, 884px\" \/><\/figure>\n\n\n<section class=\"page-content block alignfull\">\n    <div class=\"container-fluid\">\n        <div class=\"content-wrapper\">\n            <div class=\"editor-content\">\n                <h3>Oversikten du trenger<\/h3>\n<p>Du f\u00e5r ogs\u00e5 med Analytics-rapporter,\u00a0 som gir deg innblikk i oppdaterte priser, marginer og salgstrender, med all informasjonen du trenger i en og samme oversikt. Du f\u00e5r tilgang til data fra mange ulike kilder i en portal, og kan bruke dashbord for \u00e5 dele innsikt og ytelse i organisasjonen din.<\/p>\n<p>P\u00e5 denne m\u00e5ten kan du enkelt gj\u00f8re data til verdifull innsikt, og du kan enkelt tilpasse KPI-er (Key Performance Indicators) for rapportering. Unng\u00e5 \u00e5 bruke tid p\u00e5 \u00e5 lete etter data og sammenstille dem manuelt \u2013 timene kan du heller bruke p\u00e5 drift.<\/p>\n            <\/div><!--\/.editor-content-->\n        <\/div><!--\/.content-wrapper-->\n    <\/div><!--\/.container-fluid-->\n<\/section>\n\n\n<figure class=\"wp-block-image size-large\"><img decoding=\"async\" width=\"885\" height=\"448\" src=\"https:\/\/maritech.com\/wp-content\/uploads\/2021\/05\/Doc-service_Packing_Pallet-1.png\" alt=\"\" class=\"wp-image-7618\" srcset=\"https:\/\/maritech.com\/wp-content\/uploads\/2021\/05\/Doc-service_Packing_Pallet-1.png 885w, https:\/\/maritech.com\/wp-content\/uploads\/2021\/05\/Doc-service_Packing_Pallet-1-300x152.png 300w, https:\/\/maritech.com\/wp-content\/uploads\/2021\/05\/Doc-service_Packing_Pallet-1-768x389.png 768w, https:\/\/maritech.com\/wp-content\/uploads\/2021\/05\/Doc-service_Packing_Pallet-1-260x132.png 260w\" sizes=\"(max-width: 885px) 100vw, 885px\" \/><\/figure>\n\n\n<section class=\"page-content block alignfull\">\n    <div class=\"container-fluid\">\n        <div class=\"content-wrapper\">\n            <div class=\"editor-content\">\n                <h3>Er du oppdretter?<\/h3>\n<p>Purchase &amp; Sales gir full kostnadskontroll fra slakteri eller pakkeri til kunde. Du f\u00e5r innsikt i alle kostnadselementer og kan optimalisere prosessene dine. Du mottar data fra pakkeriet elektronisk \u2013 med full sporbarhet. S\u00f8rg for at du selger fisken din til best mulig markedspris ved \u00e5 bruke v\u00e5r formaterte markedsinnsikt og analyseverkt\u00f8y.<\/p>\n<p>Har du forresten h\u00f8rt om <a href=\"https:\/\/maritech.com\/no\/vare-losninger-seafood-trade\/document-service\/\" target=\"_blank\" rel=\"noopener\">Document Service?<\/a>\u00a0Her kan du enkelt h\u00e5ndtere alle dokumenter for \u00e5 samarbeide med leverand\u00f8rer, kunder, transport\u00f8rer og andre akt\u00f8rer i verdikjeden. Du kan legge til en CV i din LOT, og automatisk koble den til alle relaterte salg.<\/p>\n            <\/div><!--\/.editor-content-->\n        <\/div><!--\/.content-wrapper-->\n    <\/div><!--\/.container-fluid-->\n<\/section>\n\n\n<section class=\"related-posts block alignfull\">\n    <div class=\"container-fluid\">\n        <div class=\"title-wrap\">\n            <h2 class=\"heading h2\">Relatert innhold<\/h2>        <\/div><!--\/.title-wrap-->\n                <div class=\"row\">\n                        <div class=\"col\">\n                <div onclick=\"location.href='https:\/\/maritech.com\/no\/grieg-seafood-valgte-maritech\/'\" class=\"post-card\">\n                    <div class=\"img-wrap\">\n\t\t\t\t\t\t<img decoding=\"async\" width=\"706\" height=\"1024\" src=\"https:\/\/maritech.com\/wp-content\/uploads\/2022\/01\/TomThorgersen_Grieg-2-706x1024.jpg\" class=\"attachment-large size-large wp-post-image\" alt=\"Grieg Seafood valgte Maritech\" srcset=\"https:\/\/maritech.com\/wp-content\/uploads\/2022\/01\/TomThorgersen_Grieg-2-706x1024.jpg 706w, https:\/\/maritech.com\/wp-content\/uploads\/2022\/01\/TomThorgersen_Grieg-2-207x300.jpg 207w, https:\/\/maritech.com\/wp-content\/uploads\/2022\/01\/TomThorgersen_Grieg-2-768x1114.jpg 768w, https:\/\/maritech.com\/wp-content\/uploads\/2022\/01\/TomThorgersen_Grieg-2-1059x1536.jpg 1059w, https:\/\/maritech.com\/wp-content\/uploads\/2022\/01\/TomThorgersen_Grieg-2-1412x2048.jpg 1412w, https:\/\/maritech.com\/wp-content\/uploads\/2022\/01\/TomThorgersen_Grieg-2-1920x2785.jpg 1920w, https:\/\/maritech.com\/wp-content\/uploads\/2022\/01\/TomThorgersen_Grieg-2-138x200.jpg 138w, https:\/\/maritech.com\/wp-content\/uploads\/2022\/01\/TomThorgersen_Grieg-2-scaled.jpg 1765w\" sizes=\"(max-width: 706px) 100vw, 706px\" \/>                    <\/div>\n                    <div class=\"info-wrap\">\n                                                <h4><a href=\"https:\/\/maritech.com\/no\/grieg-seafood-valgte-maritech\/\">Grieg Seafood valgte  <span class=\"lastword\"> Maritech <svg fill=\"none\" height=\"16\" viewBox=\"0 0 21 16\" width=\"21\" xmlns=\"http:\/\/www.w3.org\/2000\/svg\"><path d=\"m12.2646 1.0521 5.615 5.7114h-17.8796v1.503h17.8796l-5.615 5.7114 1.0343 1.0521 7.3883-7.515-7.3883-7.515z\" fill=\"#446bf9\"\/><\/svg><\/span><\/a><\/h4>\n                    <\/div>\n                <\/div>\n            <\/div><!--\/.col-->\n                        <div class=\"col\">\n                <div onclick=\"location.href='https:\/\/maritech.com\/no\/nordlaks-valgte-maritech-purchase-sales\/'\" class=\"post-card\">\n                    <div class=\"img-wrap\">\n\t\t\t\t\t\t<img decoding=\"async\" width=\"1024\" height=\"775\" src=\"https:\/\/maritech.com\/wp-content\/uploads\/2023\/09\/Nordlaks_squash-1024x775.jpeg\" class=\"attachment-large size-large wp-post-image\" alt=\"Kundecase - Nordlaks\" srcset=\"https:\/\/maritech.com\/wp-content\/uploads\/2023\/09\/Nordlaks_squash-1024x775.jpeg 1024w, https:\/\/maritech.com\/wp-content\/uploads\/2023\/09\/Nordlaks_squash-300x227.jpeg 300w, https:\/\/maritech.com\/wp-content\/uploads\/2023\/09\/Nordlaks_squash-768x581.jpeg 768w, https:\/\/maritech.com\/wp-content\/uploads\/2023\/09\/Nordlaks_squash-1322x1000.jpeg 1322w, https:\/\/maritech.com\/wp-content\/uploads\/2023\/09\/Nordlaks_squash-260x197.jpeg 260w, https:\/\/maritech.com\/wp-content\/uploads\/2023\/09\/Nordlaks_squash.jpeg 1368w\" sizes=\"(max-width: 1024px) 100vw, 1024px\" \/>                    <\/div>\n                    <div class=\"info-wrap\">\n                                                <h4><a href=\"https:\/\/maritech.com\/no\/nordlaks-valgte-maritech-purchase-sales\/\">Kundecase &#8211;  <span class=\"lastword\"> Nordlaks <svg fill=\"none\" height=\"16\" viewBox=\"0 0 21 16\" width=\"21\" xmlns=\"http:\/\/www.w3.org\/2000\/svg\"><path d=\"m12.2646 1.0521 5.615 5.7114h-17.8796v1.503h17.8796l-5.615 5.7114 1.0343 1.0521 7.3883-7.515-7.3883-7.515z\" fill=\"#446bf9\"\/><\/svg><\/span><\/a><\/h4>\n                    <\/div>\n                <\/div>\n            <\/div><!--\/.col-->\n                        <div class=\"col\">\n                <div onclick=\"location.href='https:\/\/maritech.com\/no\/nasdaq-benchmarking-report\/'\" class=\"post-card\">\n                    <div class=\"img-wrap\">\n\t\t\t\t\t\t<img decoding=\"async\" width=\"920\" height=\"511\" src=\"https:\/\/maritech.com\/wp-content\/uploads\/2023\/05\/Screenshot-2023-05-08-at-07.48.46.jpg\" class=\"attachment-large size-large wp-post-image\" alt=\"Nasdaq Benchmarking Report\" srcset=\"https:\/\/maritech.com\/wp-content\/uploads\/2023\/05\/Screenshot-2023-05-08-at-07.48.46.jpg 920w, https:\/\/maritech.com\/wp-content\/uploads\/2023\/05\/Screenshot-2023-05-08-at-07.48.46-300x167.jpg 300w, https:\/\/maritech.com\/wp-content\/uploads\/2023\/05\/Screenshot-2023-05-08-at-07.48.46-768x427.jpg 768w, https:\/\/maritech.com\/wp-content\/uploads\/2023\/05\/Screenshot-2023-05-08-at-07.48.46-260x144.jpg 260w\" sizes=\"(max-width: 920px) 100vw, 920px\" \/>                    <\/div>\n                    <div class=\"info-wrap\">\n                                                <h4><a href=\"https:\/\/maritech.com\/no\/nasdaq-benchmarking-report\/\">Nasdaq Benchmarking  <span class=\"lastword\"> Report <svg fill=\"none\" height=\"16\" viewBox=\"0 0 21 16\" width=\"21\" xmlns=\"http:\/\/www.w3.org\/2000\/svg\"><path d=\"m12.2646 1.0521 5.615 5.7114h-17.8796v1.503h17.8796l-5.615 5.7114 1.0343 1.0521 7.3883-7.515-7.3883-7.515z\" fill=\"#446bf9\"\/><\/svg><\/span><\/a><\/h4>\n                    <\/div>\n                <\/div>\n            <\/div><!--\/.col-->\n                    <\/div><!--\/.row-->\n            <\/div><!--\/.container-fluid-->\n<\/section>\n\n\n<section class=\"alignfull block newsletter-form dark-blue\">\n    <div class=\"content-max-wrapper\">\n                    <div class=\"content-max-wrapper__text\">\n                <h3 class=\"h3\">Motta nyheter og invitasjoner fra Maritech<\/h3>\n            <\/div>\n                <!--[if lte IE 8]>\r\n<script charset=\"utf-8\" type=\"text\/javascript\" src=\"\/\/js-eu1.hsforms.net\/forms\/v2-legacy.js\"><\/script>\r\n<![endif]-->\r\n<script charset=\"utf-8\" type=\"text\/javascript\" src=\"\/\/js-eu1.hsforms.net\/forms\/v2.js\"><\/script>\r\n<script>\r\n  hbspt.forms.create({\r\n    region: \"eu1\",\r\n    portalId: \"25031368\",\r\n    formId: \"810e627a-049b-49de-b096-e08125e0e7e6\"\r\n});\r\n<\/script>    <div>\n<\/section>\n","protected":false},"excerpt":{"rendered":"","protected":false},"author":11,"featured_media":7689,"parent":0,"menu_order":0,"comment_status":"closed","ping_status":"closed","template":"","meta":{"_acf_changed":false,"content-type":"","lazy_load_responsive_images_disabled":false,"footnotes":""},"class_list":["post-9124","page","type-page","status-publish","has-post-thumbnail","hentry"],"acf":[],"yoast_head":"<!-- This site is optimized with the Yoast SEO Premium plugin v21.8 (Yoast SEO v26.8) - https:\/\/yoast.com\/product\/yoast-seo-premium-wordpress\/ -->\n<title>Kj\u00f8p og selg sj\u00f8mat med Maritech Purchase &amp; Sales<\/title>\n<meta name=\"description\" content=\"F\u00e5 full kontroll over beholdningen din, hva du m\u00e5 selge, marginer, kunder og leverand\u00f8rer. Sporbarhet gjennom verdikjeden. Avtal en demo!\" \/>\n<meta name=\"robots\" content=\"index, follow, max-snippet:-1, max-image-preview:large, max-video-preview:-1\" \/>\n<link rel=\"canonical\" href=\"https:\/\/maritech.com\/no\/maritech-purchase-sales\/\" \/>\n<meta property=\"og:locale\" content=\"nb_NO\" \/>\n<meta property=\"og:type\" content=\"article\" \/>\n<meta property=\"og:title\" content=\"Kj\u00f8p og selg sj\u00f8mat med Maritech Purchase &amp; Sales\" \/>\n<meta property=\"og:description\" content=\"F\u00e5 full kontroll over beholdningen din, hva du m\u00e5 selge, marginer, kunder og leverand\u00f8rer. Sporbarhet gjennom verdikjeden. Avtal en demo!\" \/>\n<meta property=\"og:url\" content=\"https:\/\/maritech.com\/no\/maritech-purchase-sales\/\" \/>\n<meta property=\"og:site_name\" content=\"Maritech\" \/>\n<meta property=\"article:modified_time\" content=\"2024-07-08T12:26:51+00:00\" \/>\n<meta property=\"og:image\" content=\"https:\/\/maritech.com\/wp-content\/uploads\/2021\/05\/PurchaseSales_Christin-scaled.jpg\" \/>\n\t<meta property=\"og:image:width\" content=\"2560\" \/>\n\t<meta property=\"og:image:height\" content=\"1707\" \/>\n\t<meta property=\"og:image:type\" content=\"image\/jpeg\" \/>\n<meta name=\"twitter:card\" content=\"summary_large_image\" \/>\n<meta name=\"twitter:label1\" content=\"Ansl. lesetid\" \/>\n\t<meta name=\"twitter:data1\" content=\"1 minutt\" \/>\n<script type=\"application\/ld+json\" class=\"yoast-schema-graph\">{\"@context\":\"https:\/\/schema.org\",\"@graph\":[{\"@type\":\"WebPage\",\"@id\":\"https:\/\/maritech.com\/no\/maritech-purchase-sales\/\",\"url\":\"https:\/\/maritech.com\/no\/maritech-purchase-sales\/\",\"name\":\"Kj\u00f8p og selg sj\u00f8mat med Maritech Purchase & Sales\",\"isPartOf\":{\"@id\":\"https:\/\/maritech.com\/no\/#website\"},\"primaryImageOfPage\":{\"@id\":\"https:\/\/maritech.com\/no\/maritech-purchase-sales\/#primaryimage\"},\"image\":{\"@id\":\"https:\/\/maritech.com\/no\/maritech-purchase-sales\/#primaryimage\"},\"thumbnailUrl\":\"https:\/\/maritech.com\/wp-content\/uploads\/2021\/05\/PurchaseSales_Christin-scaled.jpg\",\"datePublished\":\"2021-09-27T09:10:54+00:00\",\"dateModified\":\"2024-07-08T12:26:51+00:00\",\"description\":\"F\u00e5 full kontroll over beholdningen din, hva du m\u00e5 selge, marginer, kunder og leverand\u00f8rer. Sporbarhet gjennom verdikjeden. Avtal en demo!\",\"breadcrumb\":{\"@id\":\"https:\/\/maritech.com\/no\/maritech-purchase-sales\/#breadcrumb\"},\"inLanguage\":\"nb-NO\",\"potentialAction\":[{\"@type\":\"ReadAction\",\"target\":[\"https:\/\/maritech.com\/no\/maritech-purchase-sales\/\"]}]},{\"@type\":\"ImageObject\",\"inLanguage\":\"nb-NO\",\"@id\":\"https:\/\/maritech.com\/no\/maritech-purchase-sales\/#primaryimage\",\"url\":\"https:\/\/maritech.com\/wp-content\/uploads\/2021\/05\/PurchaseSales_Christin-scaled.jpg\",\"contentUrl\":\"https:\/\/maritech.com\/wp-content\/uploads\/2021\/05\/PurchaseSales_Christin-scaled.jpg\",\"width\":2560,\"height\":1707,\"caption\":\"Maritech DGS Purchase&Sales - world-leading cloud solutions for seafood trading\"},{\"@type\":\"BreadcrumbList\",\"@id\":\"https:\/\/maritech.com\/no\/maritech-purchase-sales\/#breadcrumb\",\"itemListElement\":[{\"@type\":\"ListItem\",\"position\":1,\"name\":\"Home\",\"item\":\"https:\/\/maritech.com\/no\/\"},{\"@type\":\"ListItem\",\"position\":2,\"name\":\"Kj\u00f8p og selg sj\u00f8mat med Maritech Purchase &#038; Sales\"}]},{\"@type\":\"WebSite\",\"@id\":\"https:\/\/maritech.com\/no\/#website\",\"url\":\"https:\/\/maritech.com\/no\/\",\"name\":\"Maritech\",\"description\":\"\",\"publisher\":{\"@id\":\"https:\/\/maritech.com\/no\/#organization\"},\"potentialAction\":[{\"@type\":\"SearchAction\",\"target\":{\"@type\":\"EntryPoint\",\"urlTemplate\":\"https:\/\/maritech.com\/no\/?s={search_term_string}\"},\"query-input\":{\"@type\":\"PropertyValueSpecification\",\"valueRequired\":true,\"valueName\":\"search_term_string\"}}],\"inLanguage\":\"nb-NO\"},{\"@type\":\"Organization\",\"@id\":\"https:\/\/maritech.com\/no\/#organization\",\"name\":\"Maritech\",\"url\":\"https:\/\/maritech.com\/no\/\",\"logo\":{\"@type\":\"ImageObject\",\"inLanguage\":\"nb-NO\",\"@id\":\"https:\/\/maritech.com\/no\/#\/schema\/logo\/image\/\",\"url\":\"https:\/\/maritech.com\/wp-content\/uploads\/2024\/07\/Maritech-Logo-Co-Brand-WHITE.png\",\"contentUrl\":\"https:\/\/maritech.com\/wp-content\/uploads\/2024\/07\/Maritech-Logo-Co-Brand-WHITE.png\",\"width\":3336,\"height\":890,\"caption\":\"Maritech\"},\"image\":{\"@id\":\"https:\/\/maritech.com\/no\/#\/schema\/logo\/image\/\"}}]}<\/script>\n<!-- \/ Yoast SEO Premium plugin. -->","yoast_head_json":{"title":"Kj\u00f8p og selg sj\u00f8mat med Maritech Purchase & Sales","description":"F\u00e5 full kontroll over beholdningen din, hva du m\u00e5 selge, marginer, kunder og leverand\u00f8rer. Sporbarhet gjennom verdikjeden. Avtal en demo!","robots":{"index":"index","follow":"follow","max-snippet":"max-snippet:-1","max-image-preview":"max-image-preview:large","max-video-preview":"max-video-preview:-1"},"canonical":"https:\/\/maritech.com\/no\/maritech-purchase-sales\/","og_locale":"nb_NO","og_type":"article","og_title":"Kj\u00f8p og selg sj\u00f8mat med Maritech Purchase & Sales","og_description":"F\u00e5 full kontroll over beholdningen din, hva du m\u00e5 selge, marginer, kunder og leverand\u00f8rer. Sporbarhet gjennom verdikjeden. Avtal en demo!","og_url":"https:\/\/maritech.com\/no\/maritech-purchase-sales\/","og_site_name":"Maritech","article_modified_time":"2024-07-08T12:26:51+00:00","og_image":[{"width":2560,"height":1707,"url":"https:\/\/maritech.com\/wp-content\/uploads\/2021\/05\/PurchaseSales_Christin-scaled.jpg","type":"image\/jpeg"}],"twitter_card":"summary_large_image","twitter_misc":{"Ansl. lesetid":"1 minutt"},"schema":{"@context":"https:\/\/schema.org","@graph":[{"@type":"WebPage","@id":"https:\/\/maritech.com\/no\/maritech-purchase-sales\/","url":"https:\/\/maritech.com\/no\/maritech-purchase-sales\/","name":"Kj\u00f8p og selg sj\u00f8mat med Maritech Purchase & Sales","isPartOf":{"@id":"https:\/\/maritech.com\/no\/#website"},"primaryImageOfPage":{"@id":"https:\/\/maritech.com\/no\/maritech-purchase-sales\/#primaryimage"},"image":{"@id":"https:\/\/maritech.com\/no\/maritech-purchase-sales\/#primaryimage"},"thumbnailUrl":"https:\/\/maritech.com\/wp-content\/uploads\/2021\/05\/PurchaseSales_Christin-scaled.jpg","datePublished":"2021-09-27T09:10:54+00:00","dateModified":"2024-07-08T12:26:51+00:00","description":"F\u00e5 full kontroll over beholdningen din, hva du m\u00e5 selge, marginer, kunder og leverand\u00f8rer. Sporbarhet gjennom verdikjeden. Avtal en demo!","breadcrumb":{"@id":"https:\/\/maritech.com\/no\/maritech-purchase-sales\/#breadcrumb"},"inLanguage":"nb-NO","potentialAction":[{"@type":"ReadAction","target":["https:\/\/maritech.com\/no\/maritech-purchase-sales\/"]}]},{"@type":"ImageObject","inLanguage":"nb-NO","@id":"https:\/\/maritech.com\/no\/maritech-purchase-sales\/#primaryimage","url":"https:\/\/maritech.com\/wp-content\/uploads\/2021\/05\/PurchaseSales_Christin-scaled.jpg","contentUrl":"https:\/\/maritech.com\/wp-content\/uploads\/2021\/05\/PurchaseSales_Christin-scaled.jpg","width":2560,"height":1707,"caption":"Maritech DGS Purchase&Sales - world-leading cloud solutions for seafood trading"},{"@type":"BreadcrumbList","@id":"https:\/\/maritech.com\/no\/maritech-purchase-sales\/#breadcrumb","itemListElement":[{"@type":"ListItem","position":1,"name":"Home","item":"https:\/\/maritech.com\/no\/"},{"@type":"ListItem","position":2,"name":"Kj\u00f8p og selg sj\u00f8mat med Maritech Purchase &#038; Sales"}]},{"@type":"WebSite","@id":"https:\/\/maritech.com\/no\/#website","url":"https:\/\/maritech.com\/no\/","name":"Maritech","description":"","publisher":{"@id":"https:\/\/maritech.com\/no\/#organization"},"potentialAction":[{"@type":"SearchAction","target":{"@type":"EntryPoint","urlTemplate":"https:\/\/maritech.com\/no\/?s={search_term_string}"},"query-input":{"@type":"PropertyValueSpecification","valueRequired":true,"valueName":"search_term_string"}}],"inLanguage":"nb-NO"},{"@type":"Organization","@id":"https:\/\/maritech.com\/no\/#organization","name":"Maritech","url":"https:\/\/maritech.com\/no\/","logo":{"@type":"ImageObject","inLanguage":"nb-NO","@id":"https:\/\/maritech.com\/no\/#\/schema\/logo\/image\/","url":"https:\/\/maritech.com\/wp-content\/uploads\/2024\/07\/Maritech-Logo-Co-Brand-WHITE.png","contentUrl":"https:\/\/maritech.com\/wp-content\/uploads\/2024\/07\/Maritech-Logo-Co-Brand-WHITE.png","width":3336,"height":890,"caption":"Maritech"},"image":{"@id":"https:\/\/maritech.com\/no\/#\/schema\/logo\/image\/"}}]}},"jetpack_sharing_enabled":true,"_links":{"self":[{"href":"https:\/\/maritech.com\/no\/wp-json\/wp\/v2\/pages\/9124","targetHints":{"allow":["GET"]}}],"collection":[{"href":"https:\/\/maritech.com\/no\/wp-json\/wp\/v2\/pages"}],"about":[{"href":"https:\/\/maritech.com\/no\/wp-json\/wp\/v2\/types\/page"}],"author":[{"embeddable":true,"href":"https:\/\/maritech.com\/no\/wp-json\/wp\/v2\/users\/11"}],"replies":[{"embeddable":true,"href":"https:\/\/maritech.com\/no\/wp-json\/wp\/v2\/comments?post=9124"}],"version-history":[{"count":26,"href":"https:\/\/maritech.com\/no\/wp-json\/wp\/v2\/pages\/9124\/revisions"}],"predecessor-version":[{"id":20177,"href":"https:\/\/maritech.com\/no\/wp-json\/wp\/v2\/pages\/9124\/revisions\/20177"}],"wp:featuredmedia":[{"embeddable":true,"href":"https:\/\/maritech.com\/no\/wp-json\/wp\/v2\/media\/7689"}],"wp:attachment":[{"href":"https:\/\/maritech.com\/no\/wp-json\/wp\/v2\/media?parent=9124"}],"curies":[{"name":"wp","href":"https:\/\/api.w.org\/{rel}","templated":true}]}}