{"id":9128,"date":"2021-09-14T13:02:57","date_gmt":"2021-09-14T12:02:57","guid":{"rendered":"https:\/\/maritech.com\/customer-case-cms-aalesundfish\/"},"modified":"2024-07-10T09:11:09","modified_gmt":"2024-07-10T08:11:09","slug":"kundecase-cms-aalesundfish","status":"publish","type":"page","link":"https:\/\/maritech.com\/no\/kundecase-cms-aalesundfish\/","title":{"rendered":"Kundecase &#8211; Aalesundfish"},"content":{"rendered":"\n<section class=\"hero block alignfull bg-image grad-light\" style=\"background-image: url('https:\/\/maritech.com\/wp-content\/uploads\/2021\/09\/aalesundfisk-as-84538699-1552990223668.jpeg'); \" >\n    <div class=\"container-fluid\">\n        <div class=\"hero-content\">\n                        <div class=\"editor-content\">\n                <h1 class=\"title\"><span style=\"color: #ffffff;\">Aalesundfish<\/span><\/h1>\n<p class=\"preamble\"><span style=\"color: #ffffff;\">Kundecase Timpex CMS<\/span><\/p>\n            <\/div>\n            <div class=\"button-wrap left\"><a class=\"btn btn-primary\" href=\"https:\/\/share-eu1.hsforms.com\/1N64zSG_iQh6EJmgag0ox5Qewibs\" target=\"_blank\" title=\"Interessant? Kontakt oss\">Interessant? Kontakt oss<\/a><\/div>        <\/div><!--\/.hero-content-->\n    <\/div><!--\/.container-fluid-->\n<\/section>\n\n\n<section class=\"page-content block alignfull\">\n    <div class=\"container-fluid\">\n        <div class=\"content-wrapper\">\n            <div class=\"editor-content\">\n                <h2><\/h2>\n<h2 class=\"featuredtext in-view h2\">&#8211; Vi sparer penger hver dag<\/h2>\n<p class=\"preamble\">Flere og flere selskaper velger n\u00e5 \u00e5 gj\u00f8re sin egen fortolling.<\/p>\n<p>Prosessen er automatisert i <a href=\"https:\/\/maritech.com\/no\/vare-losninger-logistikk\/cms-tollklarering\/\">Timpex CMS<\/a>, slik at du ikke trenger \u00e5 outsource oppgaven til en spedit\u00f8r.<\/p>\n<p>Aalesundfish er et av Norges ledende sj\u00f8matbedrifter, og leverer laks og hvitfisk til kunder over hele verden. De var en av de f\u00f8rste sj\u00f8mateksport\u00f8rene som flyttet tollklarering til Timpex CMS, og har brukt l\u00f8sningen siden 2011.<\/p>\n<p>Logistikkoordinator Therese J. Kvam sier at h\u00e5ndtering av egen fortolling har v\u00e6rt et naturlig valg for Aalesundfish, og at de definitivt kan anbefale det til andre.<\/p>\n<p>\u2013 Det er enkelt, effektivt og vi sparer penger hver eneste dag. Alle kan komme i gang med dette &#8211; det er en god m\u00e5te \u00e5 kutte kostnader p\u00e5, uten \u00e5 skape ekstra arbeid eller utsette oss for risiko. For oss er det i alle fall ingen grunn til ikke \u00e5 gj\u00f8r tollklarering selv.<\/p>\n            <\/div><!--\/.editor-content-->\n        <\/div><!--\/.content-wrapper-->\n    <\/div><!--\/.container-fluid-->\n<\/section>\n\n<section class=\"page-content block alignfull\">\n    <div class=\"container-fluid\">\n        <div class=\"content-wrapper\">\n            <div class=\"editor-content\">\n                <p>\u2013 Prosessen er automatisert. Det brukeren m\u00e5 gj\u00f8re er f\u00f8rst og fremst \u00e5 sikre et godt grunnlag, s\u00f8rge for at riktige data legges inn, ha riktig grunnlag i systemet &#8211; frakt, handelsavtaler og s\u00e5 videre, samt \u00e5 kontrollere eventuelle avviksmeldinger. Du m\u00e5 ogs\u00e5 ha ekspertise p\u00e5 eksport og kjenne reglene. Riktig informasjon m\u00e5 registreres i Maritech Trading for en korrekt overf\u00f8ring til Timpex CMS. Systemet automatiserer b\u00e5de prosesser, beregninger og meldinger.<\/p>\n<p>\u2013 Du blir varslet hvis noe er gjort feil, sier Kvam. \u2013 Vi opplever ogs\u00e5 at det er enkelt og intuitivt \u00e5 f\u00e5 nye brukere i gang. Det fungerer ganske enkelt &#8211; det er egentlig ikke s\u00e5 mye annet \u00e5 si.<\/p>\n<p>&nbsp;<\/p>\n<h2 class=\"h2\">Timpex CMS<\/h2>\n<p>I 2019 kj\u00f8pte Maritech programvareselskapet Timpex, som vi har jobbet tett med i mange \u00e5r. Gjennom dette har vi styrket teamet v\u00e5rt, og alle Timpex-programmer er n\u00e5 en del av produktportef\u00f8ljen v\u00e5r her p\u00e5 Maritech.<\/p>\n<p>Timpex CMS st\u00f8tter alle prosesser knyttet til h\u00e5ndtering av varer til og fra Norge, og sikrer effektiv og sikker tollbehandling av varer for import, eksport, transitt og kontroll av tollager. Systemet gir deg en full oversikt over dine bestillinger og status for godkjenninger og varsler, og kan brukes b\u00e5de alene og i kombinasjon med Maritech Trading, DigitalSeafood Purchase &amp; Sales og v\u00e5rt transportstyringssystem Timpex TMS.<\/p>\n            <\/div><!--\/.editor-content-->\n        <\/div><!--\/.content-wrapper-->\n    <\/div><!--\/.container-fluid-->\n<\/section>\n\n\n<section class=\"video-content block alignfull content-left\">\n\t<div class=\"container-fluid-xl\">\n\t\t<div class=\"row\">\n\n\t\t\t<div class=\"col content-col\">\n\t\t\t\t<div class=\"inner-content\">\n\t\t\t\t\t\t\t\t\t\t\t<div class=\"editor-content\">\n\t\t\t\t\t\t\t<h3>Om Aalesundfish<\/h3>\n<p>Aalesundfish er en av Norges ledende sj\u00f8matleverand\u00f8rer, med r\u00f8tter tilbake til 1800-tallet. Selskapet har ligget i \u00c5lesund fra 1916, og har siden spilt en aktiv rolle i utviklingen av norsk sj\u00f8matn\u00e6ring, spesielt knyttet til fiske, foredling og oppdrett. I dag leverer Aalesundfish hvitfisk og laks, og omsetter for 475 MNOK (2019). Virksomheten er basert p\u00e5 kvalitet, forutsigbarhet og et h\u00f8yt serviceniv\u00e5. Muliggjort gjennom effektiv logistikk, kvalitetssertifiseringer og dedikerte ansatte. AS Aalesundfish har siden h\u00f8sten 2019 v\u00e6rt en del av Aalesundfish Holding, som gjennom sitt eierskap representerer en vertikalt integrert verdikjede fra sj\u00f8 til sluttkunde.<\/p>\n<p>&nbsp;<\/p>\n\t\t\t\t\t\t<\/div>\n\t\t\t\t\t\t\t\t\t<\/div><!--\/.inner-content-->\n\t\t\t<\/div><!--\/.col-->\n\n\t\t\t<div class=\"col image-col\">\n\t\t\t\t\t\t\t\t\t<img decoding=\"async\" width=\"1000\" height=\"750\" src=\"https:\/\/maritech.com\/wp-content\/uploads\/2021\/09\/Aalesundfisk-1000x750.jpg\" class=\"cover\" alt=\"Customer Case - Aalesundfisk, Timpex CMS from Maritech\" \/>\t\t\t\t\t\t\t<\/div><!--\/.col-->\n\n\t\t<\/div><!--\/.row-->\n\t<\/div><!--\/.container-fluid-xl-->\n<\/section>\n\n\n\n<section class=\"related-posts block alignfull\">\n    <div class=\"container-fluid\">\n        <div class=\"title-wrap\">\n            <h2 class=\"heading h2\">Relaterte saker<\/h2>        <\/div><!--\/.title-wrap-->\n                <div class=\"row\">\n                        <div class=\"col\">\n                <div onclick=\"location.href='https:\/\/maritech.com\/no\/vare-losninger-logistikk\/'\" class=\"post-card\">\n                    <div class=\"img-wrap\">\n\t\t\t\t\t\t<img decoding=\"async\" width=\"1024\" height=\"574\" src=\"https:\/\/maritech.com\/wp-content\/uploads\/2024\/01\/GHG-1024x574.png\" class=\"attachment-large size-large wp-post-image\" alt=\"V\u00e5re l\u00f8sninger - Logistikk\" srcset=\"https:\/\/maritech.com\/wp-content\/uploads\/2024\/01\/GHG-1024x574.png 1024w, https:\/\/maritech.com\/wp-content\/uploads\/2024\/01\/GHG-300x168.png 300w, https:\/\/maritech.com\/wp-content\/uploads\/2024\/01\/GHG-768x430.png 768w, https:\/\/maritech.com\/wp-content\/uploads\/2024\/01\/GHG-260x146.png 260w, https:\/\/maritech.com\/wp-content\/uploads\/2024\/01\/GHG.png 1280w\" sizes=\"(max-width: 1024px) 100vw, 1024px\" \/>                    <\/div>\n                    <div class=\"info-wrap\">\n                                                <h4><a href=\"https:\/\/maritech.com\/no\/vare-losninger-logistikk\/\">V\u00e5re l\u00f8sninger &#8211;  <span class=\"lastword\"> Logistikk <svg fill=\"none\" height=\"16\" viewBox=\"0 0 21 16\" width=\"21\" xmlns=\"http:\/\/www.w3.org\/2000\/svg\"><path d=\"m12.2646 1.0521 5.615 5.7114h-17.8796v1.503h17.8796l-5.615 5.7114 1.0343 1.0521 7.3883-7.515-7.3883-7.515z\" fill=\"#446bf9\"\/><\/svg><\/span><\/a><\/h4>\n                    <\/div>\n                <\/div>\n            <\/div><!--\/.col-->\n                        <div class=\"col\">\n                <div onclick=\"location.href='https:\/\/maritech.com\/no\/vare-losninger-logistikk\/kundecase-sr-group\/'\" class=\"post-card\">\n                    <div class=\"img-wrap\">\n\t\t\t\t\t\t<img decoding=\"async\" width=\"1024\" height=\"683\" src=\"https:\/\/maritech.com\/wp-content\/uploads\/2020\/04\/PT6A9974-kopi-1024x683.jpg\" class=\"attachment-large size-large wp-post-image\" alt=\"Kundecase - SR Group\" srcset=\"https:\/\/maritech.com\/wp-content\/uploads\/2020\/04\/PT6A9974-kopi-1024x683.jpg 1024w, https:\/\/maritech.com\/wp-content\/uploads\/2020\/04\/PT6A9974-kopi-300x200.jpg 300w, https:\/\/maritech.com\/wp-content\/uploads\/2020\/04\/PT6A9974-kopi-768x512.jpg 768w, https:\/\/maritech.com\/wp-content\/uploads\/2020\/04\/PT6A9974-kopi-1536x1024.jpg 1536w, https:\/\/maritech.com\/wp-content\/uploads\/2020\/04\/PT6A9974-kopi-2048x1365.jpg 2048w, https:\/\/maritech.com\/wp-content\/uploads\/2020\/04\/PT6A9974-kopi-1920x1280.jpg 1920w, https:\/\/maritech.com\/wp-content\/uploads\/2020\/04\/PT6A9974-kopi-260x173.jpg 260w\" sizes=\"(max-width: 1024px) 100vw, 1024px\" \/>                    <\/div>\n                    <div class=\"info-wrap\">\n                                                <h4><a href=\"https:\/\/maritech.com\/no\/vare-losninger-logistikk\/kundecase-sr-group\/\">Kundecase &#8211; SR  <span class=\"lastword\"> Group <svg fill=\"none\" height=\"16\" viewBox=\"0 0 21 16\" width=\"21\" xmlns=\"http:\/\/www.w3.org\/2000\/svg\"><path d=\"m12.2646 1.0521 5.615 5.7114h-17.8796v1.503h17.8796l-5.615 5.7114 1.0343 1.0521 7.3883-7.515-7.3883-7.515z\" fill=\"#446bf9\"\/><\/svg><\/span><\/a><\/h4>\n                    <\/div>\n                <\/div>\n            <\/div><!--\/.col-->\n                        <div class=\"col\">\n                <div onclick=\"location.href='https:\/\/maritech.com\/no\/maritech-transport-planning-sjomatlogistikk\/'\" class=\"post-card\">\n                    <div class=\"img-wrap\">\n\t\t\t\t\t\t<img decoding=\"async\" width=\"1024\" height=\"683\" src=\"https:\/\/maritech.com\/wp-content\/uploads\/2020\/09\/Oclin_Maritech_OSL_HQ-04578-1024x683.jpg\" class=\"attachment-large size-large wp-post-image\" alt=\"Maritech Transport Planning\" srcset=\"https:\/\/maritech.com\/wp-content\/uploads\/2020\/09\/Oclin_Maritech_OSL_HQ-04578-1024x683.jpg 1024w, https:\/\/maritech.com\/wp-content\/uploads\/2020\/09\/Oclin_Maritech_OSL_HQ-04578-300x200.jpg 300w, https:\/\/maritech.com\/wp-content\/uploads\/2020\/09\/Oclin_Maritech_OSL_HQ-04578-768x512.jpg 768w, https:\/\/maritech.com\/wp-content\/uploads\/2020\/09\/Oclin_Maritech_OSL_HQ-04578-1536x1024.jpg 1536w, https:\/\/maritech.com\/wp-content\/uploads\/2020\/09\/Oclin_Maritech_OSL_HQ-04578-260x173.jpg 260w\" sizes=\"(max-width: 1024px) 100vw, 1024px\" \/>                    <\/div>\n                    <div class=\"info-wrap\">\n                                                <h4><a href=\"https:\/\/maritech.com\/no\/maritech-transport-planning-sjomatlogistikk\/\">Maritech Transport  <span class=\"lastword\"> Planning <svg fill=\"none\" height=\"16\" viewBox=\"0 0 21 16\" width=\"21\" xmlns=\"http:\/\/www.w3.org\/2000\/svg\"><path d=\"m12.2646 1.0521 5.615 5.7114h-17.8796v1.503h17.8796l-5.615 5.7114 1.0343 1.0521 7.3883-7.515-7.3883-7.515z\" fill=\"#446bf9\"\/><\/svg><\/span><\/a><\/h4>\n                    <\/div>\n                <\/div>\n            <\/div><!--\/.col-->\n                    <\/div><!--\/.row-->\n            <\/div><!--\/.container-fluid-->\n<\/section>\n","protected":false},"excerpt":{"rendered":"","protected":false},"author":11,"featured_media":8832,"parent":0,"menu_order":0,"comment_status":"closed","ping_status":"closed","template":"","meta":{"_acf_changed":false,"content-type":"","lazy_load_responsive_images_disabled":false,"footnotes":""},"class_list":["post-9128","page","type-page","status-publish","has-post-thumbnail","hentry"],"acf":[],"yoast_head":"<!-- This site is optimized with the Yoast SEO Premium plugin v21.8 (Yoast SEO v26.8) - https:\/\/yoast.com\/product\/yoast-seo-premium-wordpress\/ -->\n<title>Aalesundfish - Kundecase, Timpex CMS tollklarering - Maritech<\/title>\n<meta name=\"description\" content=\"\u2013 Det er enkelt, effektivt og vi sparer penger hver eneste dag. Alle kan komme i gang med dette, sier Therese J. Kvam ved Aalesundfish.\" \/>\n<meta name=\"robots\" content=\"index, follow, max-snippet:-1, max-image-preview:large, max-video-preview:-1\" \/>\n<link rel=\"canonical\" href=\"https:\/\/maritech.com\/no\/kundecase-cms-aalesundfish\/\" \/>\n<meta property=\"og:locale\" content=\"nb_NO\" \/>\n<meta property=\"og:type\" content=\"article\" \/>\n<meta property=\"og:title\" content=\"Kundecase - Aalesundfish\" \/>\n<meta property=\"og:description\" content=\"\u2013 Det er enkelt, effektivt og vi sparer penger hver eneste dag. Alle kan komme i gang med dette, sier Therese J. Kvam ved Aalesundfish.\" \/>\n<meta property=\"og:url\" content=\"https:\/\/maritech.com\/no\/kundecase-cms-aalesundfish\/\" \/>\n<meta property=\"og:site_name\" content=\"Maritech\" \/>\n<meta property=\"article:modified_time\" content=\"2024-07-10T08:11:09+00:00\" \/>\n<meta property=\"og:image\" content=\"https:\/\/maritech.com\/wp-content\/uploads\/2021\/09\/Aalesundfisk.jpg\" \/>\n\t<meta property=\"og:image:width\" content=\"1636\" \/>\n\t<meta property=\"og:image:height\" content=\"792\" \/>\n\t<meta property=\"og:image:type\" content=\"image\/jpeg\" \/>\n<meta name=\"twitter:card\" content=\"summary_large_image\" \/>\n<meta name=\"twitter:label1\" content=\"Ansl. lesetid\" \/>\n\t<meta name=\"twitter:data1\" content=\"1 minutt\" \/>\n<script type=\"application\/ld+json\" class=\"yoast-schema-graph\">{\"@context\":\"https:\/\/schema.org\",\"@graph\":[{\"@type\":\"WebPage\",\"@id\":\"https:\/\/maritech.com\/no\/kundecase-cms-aalesundfish\/\",\"url\":\"https:\/\/maritech.com\/no\/kundecase-cms-aalesundfish\/\",\"name\":\"Aalesundfish - Kundecase, Timpex CMS tollklarering - Maritech\",\"isPartOf\":{\"@id\":\"https:\/\/maritech.com\/no\/#website\"},\"primaryImageOfPage\":{\"@id\":\"https:\/\/maritech.com\/no\/kundecase-cms-aalesundfish\/#primaryimage\"},\"image\":{\"@id\":\"https:\/\/maritech.com\/no\/kundecase-cms-aalesundfish\/#primaryimage\"},\"thumbnailUrl\":\"https:\/\/maritech.com\/wp-content\/uploads\/2021\/09\/Aalesundfisk.jpg\",\"datePublished\":\"2021-09-14T12:02:57+00:00\",\"dateModified\":\"2024-07-10T08:11:09+00:00\",\"description\":\"\u2013 Det er enkelt, effektivt og vi sparer penger hver eneste dag. Alle kan komme i gang med dette, sier Therese J. Kvam ved Aalesundfish.\",\"breadcrumb\":{\"@id\":\"https:\/\/maritech.com\/no\/kundecase-cms-aalesundfish\/#breadcrumb\"},\"inLanguage\":\"nb-NO\",\"potentialAction\":[{\"@type\":\"ReadAction\",\"target\":[\"https:\/\/maritech.com\/no\/kundecase-cms-aalesundfish\/\"]}]},{\"@type\":\"ImageObject\",\"inLanguage\":\"nb-NO\",\"@id\":\"https:\/\/maritech.com\/no\/kundecase-cms-aalesundfish\/#primaryimage\",\"url\":\"https:\/\/maritech.com\/wp-content\/uploads\/2021\/09\/Aalesundfisk.jpg\",\"contentUrl\":\"https:\/\/maritech.com\/wp-content\/uploads\/2021\/09\/Aalesundfisk.jpg\",\"width\":1636,\"height\":792,\"caption\":\"Customer Case - Aalesundfisk, Timpex CMS from Maritech\"},{\"@type\":\"BreadcrumbList\",\"@id\":\"https:\/\/maritech.com\/no\/kundecase-cms-aalesundfish\/#breadcrumb\",\"itemListElement\":[{\"@type\":\"ListItem\",\"position\":1,\"name\":\"Home\",\"item\":\"https:\/\/maritech.com\/no\/\"},{\"@type\":\"ListItem\",\"position\":2,\"name\":\"Kundecase &#8211; Aalesundfish\"}]},{\"@type\":\"WebSite\",\"@id\":\"https:\/\/maritech.com\/no\/#website\",\"url\":\"https:\/\/maritech.com\/no\/\",\"name\":\"Maritech\",\"description\":\"\",\"publisher\":{\"@id\":\"https:\/\/maritech.com\/no\/#organization\"},\"potentialAction\":[{\"@type\":\"SearchAction\",\"target\":{\"@type\":\"EntryPoint\",\"urlTemplate\":\"https:\/\/maritech.com\/no\/?s={search_term_string}\"},\"query-input\":{\"@type\":\"PropertyValueSpecification\",\"valueRequired\":true,\"valueName\":\"search_term_string\"}}],\"inLanguage\":\"nb-NO\"},{\"@type\":\"Organization\",\"@id\":\"https:\/\/maritech.com\/no\/#organization\",\"name\":\"Maritech\",\"url\":\"https:\/\/maritech.com\/no\/\",\"logo\":{\"@type\":\"ImageObject\",\"inLanguage\":\"nb-NO\",\"@id\":\"https:\/\/maritech.com\/no\/#\/schema\/logo\/image\/\",\"url\":\"https:\/\/maritech.com\/wp-content\/uploads\/2024\/07\/Maritech-Logo-Co-Brand-WHITE.png\",\"contentUrl\":\"https:\/\/maritech.com\/wp-content\/uploads\/2024\/07\/Maritech-Logo-Co-Brand-WHITE.png\",\"width\":3336,\"height\":890,\"caption\":\"Maritech\"},\"image\":{\"@id\":\"https:\/\/maritech.com\/no\/#\/schema\/logo\/image\/\"}}]}<\/script>\n<!-- \/ Yoast SEO Premium plugin. -->","yoast_head_json":{"title":"Aalesundfish - Kundecase, Timpex CMS tollklarering - Maritech","description":"\u2013 Det er enkelt, effektivt og vi sparer penger hver eneste dag. Alle kan komme i gang med dette, sier Therese J. Kvam ved Aalesundfish.","robots":{"index":"index","follow":"follow","max-snippet":"max-snippet:-1","max-image-preview":"max-image-preview:large","max-video-preview":"max-video-preview:-1"},"canonical":"https:\/\/maritech.com\/no\/kundecase-cms-aalesundfish\/","og_locale":"nb_NO","og_type":"article","og_title":"Kundecase - Aalesundfish","og_description":"\u2013 Det er enkelt, effektivt og vi sparer penger hver eneste dag. Alle kan komme i gang med dette, sier Therese J. Kvam ved Aalesundfish.","og_url":"https:\/\/maritech.com\/no\/kundecase-cms-aalesundfish\/","og_site_name":"Maritech","article_modified_time":"2024-07-10T08:11:09+00:00","og_image":[{"width":1636,"height":792,"url":"https:\/\/maritech.com\/wp-content\/uploads\/2021\/09\/Aalesundfisk.jpg","type":"image\/jpeg"}],"twitter_card":"summary_large_image","twitter_misc":{"Ansl. lesetid":"1 minutt"},"schema":{"@context":"https:\/\/schema.org","@graph":[{"@type":"WebPage","@id":"https:\/\/maritech.com\/no\/kundecase-cms-aalesundfish\/","url":"https:\/\/maritech.com\/no\/kundecase-cms-aalesundfish\/","name":"Aalesundfish - Kundecase, Timpex CMS tollklarering - Maritech","isPartOf":{"@id":"https:\/\/maritech.com\/no\/#website"},"primaryImageOfPage":{"@id":"https:\/\/maritech.com\/no\/kundecase-cms-aalesundfish\/#primaryimage"},"image":{"@id":"https:\/\/maritech.com\/no\/kundecase-cms-aalesundfish\/#primaryimage"},"thumbnailUrl":"https:\/\/maritech.com\/wp-content\/uploads\/2021\/09\/Aalesundfisk.jpg","datePublished":"2021-09-14T12:02:57+00:00","dateModified":"2024-07-10T08:11:09+00:00","description":"\u2013 Det er enkelt, effektivt og vi sparer penger hver eneste dag. Alle kan komme i gang med dette, sier Therese J. Kvam ved Aalesundfish.","breadcrumb":{"@id":"https:\/\/maritech.com\/no\/kundecase-cms-aalesundfish\/#breadcrumb"},"inLanguage":"nb-NO","potentialAction":[{"@type":"ReadAction","target":["https:\/\/maritech.com\/no\/kundecase-cms-aalesundfish\/"]}]},{"@type":"ImageObject","inLanguage":"nb-NO","@id":"https:\/\/maritech.com\/no\/kundecase-cms-aalesundfish\/#primaryimage","url":"https:\/\/maritech.com\/wp-content\/uploads\/2021\/09\/Aalesundfisk.jpg","contentUrl":"https:\/\/maritech.com\/wp-content\/uploads\/2021\/09\/Aalesundfisk.jpg","width":1636,"height":792,"caption":"Customer Case - Aalesundfisk, Timpex CMS from Maritech"},{"@type":"BreadcrumbList","@id":"https:\/\/maritech.com\/no\/kundecase-cms-aalesundfish\/#breadcrumb","itemListElement":[{"@type":"ListItem","position":1,"name":"Home","item":"https:\/\/maritech.com\/no\/"},{"@type":"ListItem","position":2,"name":"Kundecase &#8211; Aalesundfish"}]},{"@type":"WebSite","@id":"https:\/\/maritech.com\/no\/#website","url":"https:\/\/maritech.com\/no\/","name":"Maritech","description":"","publisher":{"@id":"https:\/\/maritech.com\/no\/#organization"},"potentialAction":[{"@type":"SearchAction","target":{"@type":"EntryPoint","urlTemplate":"https:\/\/maritech.com\/no\/?s={search_term_string}"},"query-input":{"@type":"PropertyValueSpecification","valueRequired":true,"valueName":"search_term_string"}}],"inLanguage":"nb-NO"},{"@type":"Organization","@id":"https:\/\/maritech.com\/no\/#organization","name":"Maritech","url":"https:\/\/maritech.com\/no\/","logo":{"@type":"ImageObject","inLanguage":"nb-NO","@id":"https:\/\/maritech.com\/no\/#\/schema\/logo\/image\/","url":"https:\/\/maritech.com\/wp-content\/uploads\/2024\/07\/Maritech-Logo-Co-Brand-WHITE.png","contentUrl":"https:\/\/maritech.com\/wp-content\/uploads\/2024\/07\/Maritech-Logo-Co-Brand-WHITE.png","width":3336,"height":890,"caption":"Maritech"},"image":{"@id":"https:\/\/maritech.com\/no\/#\/schema\/logo\/image\/"}}]}},"jetpack_sharing_enabled":true,"_links":{"self":[{"href":"https:\/\/maritech.com\/no\/wp-json\/wp\/v2\/pages\/9128","targetHints":{"allow":["GET"]}}],"collection":[{"href":"https:\/\/maritech.com\/no\/wp-json\/wp\/v2\/pages"}],"about":[{"href":"https:\/\/maritech.com\/no\/wp-json\/wp\/v2\/types\/page"}],"author":[{"embeddable":true,"href":"https:\/\/maritech.com\/no\/wp-json\/wp\/v2\/users\/11"}],"replies":[{"embeddable":true,"href":"https:\/\/maritech.com\/no\/wp-json\/wp\/v2\/comments?post=9128"}],"version-history":[{"count":9,"href":"https:\/\/maritech.com\/no\/wp-json\/wp\/v2\/pages\/9128\/revisions"}],"predecessor-version":[{"id":20292,"href":"https:\/\/maritech.com\/no\/wp-json\/wp\/v2\/pages\/9128\/revisions\/20292"}],"wp:featuredmedia":[{"embeddable":true,"href":"https:\/\/maritech.com\/no\/wp-json\/wp\/v2\/media\/8832"}],"wp:attachment":[{"href":"https:\/\/maritech.com\/no\/wp-json\/wp\/v2\/media?parent=9128"}],"curies":[{"name":"wp","href":"https:\/\/api.w.org\/{rel}","templated":true}]}}