{"id":9612,"date":"2021-08-05T14:00:08","date_gmt":"2021-08-05T13:00:08","guid":{"rendered":"https:\/\/maritech.com\/packing-and-labelling\/"},"modified":"2024-07-16T07:17:16","modified_gmt":"2024-07-16T06:17:16","slug":"pakking-og-merking","status":"publish","type":"page","link":"https:\/\/maritech.com\/no\/pakking-og-merking\/","title":{"rendered":"Packing"},"content":{"rendered":"\n<section class=\"hero block alignfull bg-image grad-light\" style=\"background-image: url('https:\/\/maritech.com\/wp-content\/uploads\/2019\/02\/Ziggi-Maritech_IMG7383-WEB-1499x1000.jpg'); \" >\n    <div class=\"container-fluid\">\n        <div class=\"hero-content\">\n                        <div class=\"editor-content\">\n                <h1 class=\"title\"><span style=\"color: #ffffff;\">Maritech Packing<\/span><\/h1>\n<p class=\"preamble\"><span style=\"color: #ffffff;\">Den enkle m\u00e5ten \u00e5 administrere pakking og merking av sj\u00f8mat p\u00e5.<\/span><\/p>\n            <\/div>\n            <div class=\"button-wrap left\"><a class=\"btn btn-primary\" href=\"https:\/\/demo.dev.maritech.cloud\/START\/Introduction\" target=\"_blank\" title=\"Sjekk ut v\u00e5re digitale demoer\">Sjekk ut v\u00e5re digitale demoer<\/a><a class=\"btn btn-primary\" href=\"https:\/\/share-eu1.hsforms.com\/1N64zSG_iQh6EJmgag0ox5Qewibs\" target=\"_blank\" title=\"Kontakt oss\">Kontakt oss<\/a><\/div>        <\/div><!--\/.hero-content-->\n    <\/div><!--\/.container-fluid-->\n<\/section>\n\n\n\n<section class=\"breadcrumb-section block alignfull\">\n    <div class=\"container-fluid\">\n        <p class=\"breadcrumbs\"><span><span><a href=\"https:\/\/maritech.com\/no\/\"><span class=\"d-none\">Home<\/span><svg xmlns=\"http:\/\/www.w3.org\/2000\/svg\" xmlns:xlink=\"http:\/\/www.w3.org\/1999\/xlink\" contentScriptType=\"text\/ecmascript\" contentStyleType=\"text\/css\" enable-background=\"new 0 0 2048 2048\" height=\"2048px\" id=\"Layer_1\" preserveAspectRatio=\"xMidYMid meet\" version=\"1.1\" viewBox=\"25.33300018310547 0 1613.333984375 2048\" width=\"1613.333984375px\" xml:space=\"preserve\" zoomAndPan=\"magnify\" style=\"&#10;    width: 20px;&#10;\"><path d=\"M1408,1120v480c0,17.333-6.333,32.333-19,45s-27.667,19-45,19H960v-384H704v384H320c-17.333,0-32.333-6.333-45-19  s-19-27.667-19-45v-480c0-0.667,0.167-1.667,0.5-3s0.5-2.333,0.5-3l575-474l575,474C1407.667,1115.333,1408,1117.333,1408,1120z   M1631,1051l-62,74c-5.333,6-12.333,9.667-21,11h-3c-8.667,0-15.667-2.333-21-7L832,552l-692,577c-8,5.333-16,7.667-24,7  c-8.667-1.333-15.667-5-21-11l-62-74c-5.333-6.667-7.667-14.5-7-23.5s4.333-16.167,11-21.5l719-599c21.333-17.333,46.667-26,76-26  s54.667,8.667,76,26l244,204V416c0-9.333,3-17,9-23s13.667-9,23-9h192c9.333,0,17,3,23,9s9,13.667,9,23v408l219,182  c6.667,5.333,10.333,12.5,11,21.5S1636.333,1044.333,1631,1051z\"\/><\/svg><\/a><\/span><\/span><\/p>    <\/div>\n<\/section>\n\n<section class=\"page-content block alignfull\">\n    <div class=\"container-fluid\">\n        <div class=\"content-wrapper\">\n            <div class=\"editor-content\">\n                <h2>Smart, enkelt og integrert<\/h2>\n<p>Maritech Packing er et moderne og fleksibelt system for \u00e5 h\u00e5ndtere produksjon, bestillinger, veiing og merking.<\/p>\n<p>Med Maritech Packing f\u00e5r du full oversikt over dagens bestillinger, innkommende varer, utg\u00e5ende varer og lagerniv\u00e5er. Systemet genererer n\u00f8dvendige dokumenter for forsendelse. H\u00e5ndtering av enheter som esker, paller og partikontrollerte batcher er standardfunksjoner, det samme gjelder h\u00e5ndtering av variable vekter eller vektkonvertering fra kg til lbs for forskjellige markeder. Du kan motta bestillinger direkte i systemet, sende statusmeldinger for overv\u00e5king og sende data n\u00e5r du er ferdig.<\/p>\n<p>Under produksjonen kan du overv\u00e5ke produksjonen, oppdatere bestillinger og sende nye pakningsinstruksjoner. Etter produksjon mottar du data fra pakkesystemet, beholdningen din oppdateres, ferdige bestillinger bekreftes og bokser tildeles automatisk p\u00e5 planlagte bestillinger.<\/p>\n            <\/div><!--\/.editor-content-->\n        <\/div><!--\/.content-wrapper-->\n    <\/div><!--\/.container-fluid-->\n<\/section>\n\n\n<figure class=\"wp-block-image alignfull size-large is-style-default\"><img decoding=\"async\" width=\"1024\" height=\"278\" src=\"https:\/\/maritech.com\/wp-content\/uploads\/2021\/08\/Skjermbilde-2021-08-09-kl.-12.32.55-1024x278.png\" alt=\"\" class=\"wp-image-8759\" srcset=\"https:\/\/maritech.com\/wp-content\/uploads\/2021\/08\/Skjermbilde-2021-08-09-kl.-12.32.55-1024x278.png 1024w, https:\/\/maritech.com\/wp-content\/uploads\/2021\/08\/Skjermbilde-2021-08-09-kl.-12.32.55-300x82.png 300w, https:\/\/maritech.com\/wp-content\/uploads\/2021\/08\/Skjermbilde-2021-08-09-kl.-12.32.55-768x209.png 768w, https:\/\/maritech.com\/wp-content\/uploads\/2021\/08\/Skjermbilde-2021-08-09-kl.-12.32.55-260x71.png 260w, https:\/\/maritech.com\/wp-content\/uploads\/2021\/08\/Skjermbilde-2021-08-09-kl.-12.32.55.png 1464w\" sizes=\"(max-width: 1024px) 100vw, 1024px\" \/><\/figure>\n\n\n<section class=\"page-content block alignfull\">\n    <div class=\"container-fluid\">\n        <div class=\"content-wrapper\">\n            <div class=\"editor-content\">\n                <h2 class=\"h2\"><span style=\"color: #003160;\">Maritech Packing &#8211; EasyLabel<\/span><\/h2>\n<p>Som en integrert del i Maritech Packing f\u00e5r du Maritech EasyLabel, som er et brukervennlig og fleksibelt verkt\u00f8y for etikettdesign.<\/p>\n<p>Nye etiketter kan lages raskt og sendes til ulike skrivere. Brukeren kan se hvordan etiketten vil se ut med forh\u00e5ndsvisning p\u00e5 skjermen eller via e-post for godkjenning. Justeringer kan ogs\u00e5 enkelt gj\u00f8res etter hvert som nye behov oppst\u00e5r.<\/p>\n<p>Hver ny kundespesifikk etikett kommer med spesifikke krav basert p\u00e5 spr\u00e5k, datoformater, strekkoder og til og med individuelle logoer. Dette betyr lave kostnader ved etablering av nye etiketter. Ved \u00e5 la brukerne som kjenner emballeringskravene best ta kontroll over etikettopprettelsen, sparer du verdifull tid og penger. Resultatet er en smidig etikettprosess som gj\u00f8r at du raskt kan overholde industriens og kundens krav og standarder. Regler for valg av etiketter basert p\u00e5 vare og kunde er definert i Maritech Packing. Maritech har i tillegg et rikt sett med makroer som representerer verdier lagret i databasen. Disse kan enkelt plasseres p\u00e5 etikettmalen. Du kan ogs\u00e5 lage egendefinerte makroer med SQL-foresp\u00f8rsler.<\/p>\n            <\/div><!--\/.editor-content-->\n        <\/div><!--\/.content-wrapper-->\n    <\/div><!--\/.container-fluid-->\n<\/section>\n\n\n<section class=\"page-cards block alignfull\">\n    <div class=\"container-fluid\">\n        <div class=\"title-wrap\">\n                    <\/div><!--\/.title-wrap-->\n                <div class=\"row\">\n                        <div class=\"col\">\n                <div onclick=\"location.href='https:\/\/maritech.com\/no\/nordlaks-valgte-maritech-purchase-sales\/'\" class=\"post-card\">\n                    <div class=\"img-wrap\">\n                        \t\t\t\t\t\t\t<img decoding=\"async\" width=\"1024\" height=\"775\" src=\"https:\/\/maritech.com\/wp-content\/uploads\/2023\/09\/Nordlaks_squash-1024x775.jpeg\" class=\"attachment-large size-large wp-post-image\" alt=\"Kundecase &#8211; Nordlaks\" srcset=\"https:\/\/maritech.com\/wp-content\/uploads\/2023\/09\/Nordlaks_squash-1024x775.jpeg 1024w, https:\/\/maritech.com\/wp-content\/uploads\/2023\/09\/Nordlaks_squash-300x227.jpeg 300w, https:\/\/maritech.com\/wp-content\/uploads\/2023\/09\/Nordlaks_squash-768x581.jpeg 768w, https:\/\/maritech.com\/wp-content\/uploads\/2023\/09\/Nordlaks_squash-1322x1000.jpeg 1322w, https:\/\/maritech.com\/wp-content\/uploads\/2023\/09\/Nordlaks_squash-260x197.jpeg 260w, https:\/\/maritech.com\/wp-content\/uploads\/2023\/09\/Nordlaks_squash.jpeg 1368w\" sizes=\"(max-width: 1024px) 100vw, 1024px\" \/>                                            <\/div>\n                    <div class=\"info-wrap\">\n                                                <h4><a href=\"https:\/\/maritech.com\/no\/nordlaks-valgte-maritech-purchase-sales\/\">Kundecase &#8211;  <span class=\"lastword\">Nordlaks <svg fill=\"none\" height=\"16\" viewBox=\"0 0 21 16\" width=\"21\" xmlns=\"http:\/\/www.w3.org\/2000\/svg\"><path d=\"m12.2646 1.0521 5.615 5.7114h-17.8796v1.503h17.8796l-5.615 5.7114 1.0343 1.0521 7.3883-7.515-7.3883-7.515z\" fill=\"#446bf9\"\/><\/svg><\/span><\/a><\/h4>\n                                            <\/div>\n                <\/div>\n            <\/div><!--\/.col-->\n                        <div class=\"col\">\n                <div onclick=\"location.href='https:\/\/maritech.com\/no\/baerekraftsrapportering\/'\" class=\"post-card\">\n                    <div class=\"img-wrap\">\n                        \t\t\t\t\t\t\t<img decoding=\"async\" width=\"1001\" height=\"1024\" src=\"https:\/\/maritech.com\/wp-content\/uploads\/2021\/10\/GHG-reporting-illustration-1001x1024.jpg\" class=\"attachment-large size-large wp-post-image\" alt=\"B\u00e6rekraftsrapportering\" srcset=\"https:\/\/maritech.com\/wp-content\/uploads\/2021\/10\/GHG-reporting-illustration-1001x1024.jpg 1001w, https:\/\/maritech.com\/wp-content\/uploads\/2021\/10\/GHG-reporting-illustration-293x300.jpg 293w, https:\/\/maritech.com\/wp-content\/uploads\/2021\/10\/GHG-reporting-illustration-768x786.jpg 768w, https:\/\/maritech.com\/wp-content\/uploads\/2021\/10\/GHG-reporting-illustration-195x200.jpg 195w, https:\/\/maritech.com\/wp-content\/uploads\/2021\/10\/GHG-reporting-illustration.jpg 1036w\" sizes=\"(max-width: 1001px) 100vw, 1001px\" \/>                                            <\/div>\n                    <div class=\"info-wrap\">\n                                                <h4><a href=\"https:\/\/maritech.com\/no\/baerekraftsrapportering\/\"> <span class=\"lastword\">B\u00e6rekraftsrapportering <svg fill=\"none\" height=\"16\" viewBox=\"0 0 21 16\" width=\"21\" xmlns=\"http:\/\/www.w3.org\/2000\/svg\"><path d=\"m12.2646 1.0521 5.615 5.7114h-17.8796v1.503h17.8796l-5.615 5.7114 1.0343 1.0521 7.3883-7.515-7.3883-7.515z\" fill=\"#446bf9\"\/><\/svg><\/span><\/a><\/h4>\n                                            <\/div>\n                <\/div>\n            <\/div><!--\/.col-->\n                        <div class=\"col\">\n                <div onclick=\"location.href='https:\/\/maritech.com\/no\/maritech-community\/'\" class=\"post-card\">\n                    <div class=\"img-wrap\">\n                        \t\t\t\t\t\t\t<img decoding=\"async\" width=\"1024\" height=\"615\" src=\"https:\/\/maritech.com\/wp-content\/uploads\/2023\/01\/Brukerforum-kopi-1024x615.jpg\" class=\"attachment-large size-large wp-post-image\" alt=\"Maritech Community\" srcset=\"https:\/\/maritech.com\/wp-content\/uploads\/2023\/01\/Brukerforum-kopi-1024x615.jpg 1024w, https:\/\/maritech.com\/wp-content\/uploads\/2023\/01\/Brukerforum-kopi-300x180.jpg 300w, https:\/\/maritech.com\/wp-content\/uploads\/2023\/01\/Brukerforum-kopi-768x461.jpg 768w, https:\/\/maritech.com\/wp-content\/uploads\/2023\/01\/Brukerforum-kopi-1536x922.jpg 1536w, https:\/\/maritech.com\/wp-content\/uploads\/2023\/01\/Brukerforum-kopi-2048x1229.jpg 2048w, https:\/\/maritech.com\/wp-content\/uploads\/2023\/01\/Brukerforum-kopi-1920x1152.jpg 1920w, https:\/\/maritech.com\/wp-content\/uploads\/2023\/01\/Brukerforum-kopi-1666x1000.jpg 1666w, https:\/\/maritech.com\/wp-content\/uploads\/2023\/01\/Brukerforum-kopi-260x156.jpg 260w\" sizes=\"(max-width: 1024px) 100vw, 1024px\" \/>                                            <\/div>\n                    <div class=\"info-wrap\">\n                                                <h4><a href=\"https:\/\/maritech.com\/no\/maritech-community\/\">Maritech  <span class=\"lastword\">Community <svg fill=\"none\" height=\"16\" viewBox=\"0 0 21 16\" width=\"21\" xmlns=\"http:\/\/www.w3.org\/2000\/svg\"><path d=\"m12.2646 1.0521 5.615 5.7114h-17.8796v1.503h17.8796l-5.615 5.7114 1.0343 1.0521 7.3883-7.515-7.3883-7.515z\" fill=\"#446bf9\"\/><\/svg><\/span><\/a><\/h4>\n                                            <\/div>\n                <\/div>\n            <\/div><!--\/.col-->\n                    <\/div><!--\/.row-->\n            <\/div><!--\/.container-fluid-->\n<\/section>\n\n\n<section class=\"alignfull block newsletter-form dark-blue\">\n    <div class=\"content-max-wrapper\">\n                    <div class=\"content-max-wrapper__text\">\n                <h3 class=\"h3\">Ikke g\u00e5 glipp av nyhetene v\u00e5re! Abonner p\u00e5 v\u00e5rt nyhetsbrev<\/h3>\n            <\/div>\n                <!--[if lte IE 8]>\r\n<script charset=\"utf-8\" type=\"text\/javascript\" src=\"\/\/js-eu1.hsforms.net\/forms\/v2-legacy.js\"><\/script>\r\n<![endif]-->\r\n<script charset=\"utf-8\" type=\"text\/javascript\" src=\"\/\/js-eu1.hsforms.net\/forms\/v2.js\"><\/script>\r\n<script>\r\n  hbspt.forms.create({\r\n    region: \"eu1\",\r\n    portalId: \"25031368\",\r\n    formId: \"810e627a-049b-49de-b096-e08125e0e7e6\"\r\n});\r\n<\/script>    <div>\n<\/section>\n","protected":false},"excerpt":{"rendered":"","protected":false},"author":11,"featured_media":2546,"parent":0,"menu_order":0,"comment_status":"closed","ping_status":"closed","template":"","meta":{"_acf_changed":false,"content-type":"","lazy_load_responsive_images_disabled":false,"footnotes":""},"class_list":["post-9612","page","type-page","status-publish","has-post-thumbnail","hentry"],"acf":[],"yoast_head":"<!-- This site is optimized with the Yoast SEO Premium plugin v21.8 (Yoast SEO v26.8) - https:\/\/yoast.com\/product\/yoast-seo-premium-wordpress\/ -->\n<title>Maritech Packing<\/title>\n<meta name=\"description\" content=\"Maritech Packing og EasyLabel er et moderne og fleksibelt system for \u00e5 h\u00e5ndtere produksjon, bestillinger, veiing og merking.\" \/>\n<meta name=\"robots\" content=\"index, follow, max-snippet:-1, max-image-preview:large, max-video-preview:-1\" \/>\n<link rel=\"canonical\" href=\"https:\/\/maritech.com\/no\/pakking-og-merking\/\" \/>\n<meta property=\"og:locale\" content=\"nb_NO\" \/>\n<meta property=\"og:type\" content=\"article\" \/>\n<meta property=\"og:title\" content=\"Packing\" \/>\n<meta property=\"og:description\" content=\"Maritech Packing og EasyLabel er et moderne og fleksibelt system for \u00e5 h\u00e5ndtere produksjon, bestillinger, veiing og merking.\" \/>\n<meta property=\"og:url\" content=\"https:\/\/maritech.com\/no\/pakking-og-merking\/\" \/>\n<meta property=\"og:site_name\" content=\"Maritech\" \/>\n<meta property=\"article:modified_time\" content=\"2024-07-16T06:17:16+00:00\" \/>\n<meta property=\"og:image\" content=\"https:\/\/maritech.com\/wp-content\/uploads\/2019\/02\/Ziggi-Maritech_IMG7383-WEB-1024x683.jpg\" \/>\n\t<meta property=\"og:image:width\" content=\"1024\" \/>\n\t<meta property=\"og:image:height\" content=\"683\" \/>\n\t<meta property=\"og:image:type\" content=\"image\/jpeg\" \/>\n<meta name=\"twitter:card\" content=\"summary_large_image\" \/>\n<meta name=\"twitter:label1\" content=\"Ansl. lesetid\" \/>\n\t<meta name=\"twitter:data1\" content=\"1 minutt\" \/>\n<script type=\"application\/ld+json\" class=\"yoast-schema-graph\">{\"@context\":\"https:\/\/schema.org\",\"@graph\":[{\"@type\":\"WebPage\",\"@id\":\"https:\/\/maritech.com\/no\/pakking-og-merking\/\",\"url\":\"https:\/\/maritech.com\/no\/pakking-og-merking\/\",\"name\":\"Maritech Packing\",\"isPartOf\":{\"@id\":\"https:\/\/maritech.com\/no\/#website\"},\"primaryImageOfPage\":{\"@id\":\"https:\/\/maritech.com\/no\/pakking-og-merking\/#primaryimage\"},\"image\":{\"@id\":\"https:\/\/maritech.com\/no\/pakking-og-merking\/#primaryimage\"},\"thumbnailUrl\":\"https:\/\/maritech.com\/wp-content\/uploads\/2019\/02\/Ziggi-Maritech_IMG7383-WEB.jpg\",\"datePublished\":\"2021-08-05T13:00:08+00:00\",\"dateModified\":\"2024-07-16T06:17:16+00:00\",\"description\":\"Maritech Packing og EasyLabel er et moderne og fleksibelt system for \u00e5 h\u00e5ndtere produksjon, bestillinger, veiing og merking.\",\"breadcrumb\":{\"@id\":\"https:\/\/maritech.com\/no\/pakking-og-merking\/#breadcrumb\"},\"inLanguage\":\"nb-NO\",\"potentialAction\":[{\"@type\":\"ReadAction\",\"target\":[\"https:\/\/maritech.com\/no\/pakking-og-merking\/\"]}]},{\"@type\":\"ImageObject\",\"inLanguage\":\"nb-NO\",\"@id\":\"https:\/\/maritech.com\/no\/pakking-og-merking\/#primaryimage\",\"url\":\"https:\/\/maritech.com\/wp-content\/uploads\/2019\/02\/Ziggi-Maritech_IMG7383-WEB.jpg\",\"contentUrl\":\"https:\/\/maritech.com\/wp-content\/uploads\/2019\/02\/Ziggi-Maritech_IMG7383-WEB.jpg\",\"width\":7952,\"height\":5304,\"caption\":\"Automation and digitalization. Processing. Photo copyright Zbigniew \u00abZiggi\u00bb Wantuch\"},{\"@type\":\"BreadcrumbList\",\"@id\":\"https:\/\/maritech.com\/no\/pakking-og-merking\/#breadcrumb\",\"itemListElement\":[{\"@type\":\"ListItem\",\"position\":1,\"name\":\"Home\",\"item\":\"https:\/\/maritech.com\/no\/\"},{\"@type\":\"ListItem\",\"position\":2,\"name\":\"Packing\"}]},{\"@type\":\"WebSite\",\"@id\":\"https:\/\/maritech.com\/no\/#website\",\"url\":\"https:\/\/maritech.com\/no\/\",\"name\":\"Maritech\",\"description\":\"\",\"publisher\":{\"@id\":\"https:\/\/maritech.com\/no\/#organization\"},\"potentialAction\":[{\"@type\":\"SearchAction\",\"target\":{\"@type\":\"EntryPoint\",\"urlTemplate\":\"https:\/\/maritech.com\/no\/?s={search_term_string}\"},\"query-input\":{\"@type\":\"PropertyValueSpecification\",\"valueRequired\":true,\"valueName\":\"search_term_string\"}}],\"inLanguage\":\"nb-NO\"},{\"@type\":\"Organization\",\"@id\":\"https:\/\/maritech.com\/no\/#organization\",\"name\":\"Maritech\",\"url\":\"https:\/\/maritech.com\/no\/\",\"logo\":{\"@type\":\"ImageObject\",\"inLanguage\":\"nb-NO\",\"@id\":\"https:\/\/maritech.com\/no\/#\/schema\/logo\/image\/\",\"url\":\"https:\/\/maritech.com\/wp-content\/uploads\/2024\/07\/Maritech-Logo-Co-Brand-WHITE.png\",\"contentUrl\":\"https:\/\/maritech.com\/wp-content\/uploads\/2024\/07\/Maritech-Logo-Co-Brand-WHITE.png\",\"width\":3336,\"height\":890,\"caption\":\"Maritech\"},\"image\":{\"@id\":\"https:\/\/maritech.com\/no\/#\/schema\/logo\/image\/\"}}]}<\/script>\n<!-- \/ Yoast SEO Premium plugin. -->","yoast_head_json":{"title":"Maritech Packing","description":"Maritech Packing og EasyLabel er et moderne og fleksibelt system for \u00e5 h\u00e5ndtere produksjon, bestillinger, veiing og merking.","robots":{"index":"index","follow":"follow","max-snippet":"max-snippet:-1","max-image-preview":"max-image-preview:large","max-video-preview":"max-video-preview:-1"},"canonical":"https:\/\/maritech.com\/no\/pakking-og-merking\/","og_locale":"nb_NO","og_type":"article","og_title":"Packing","og_description":"Maritech Packing og EasyLabel er et moderne og fleksibelt system for \u00e5 h\u00e5ndtere produksjon, bestillinger, veiing og merking.","og_url":"https:\/\/maritech.com\/no\/pakking-og-merking\/","og_site_name":"Maritech","article_modified_time":"2024-07-16T06:17:16+00:00","og_image":[{"width":1024,"height":683,"url":"https:\/\/maritech.com\/wp-content\/uploads\/2019\/02\/Ziggi-Maritech_IMG7383-WEB-1024x683.jpg","type":"image\/jpeg"}],"twitter_card":"summary_large_image","twitter_misc":{"Ansl. lesetid":"1 minutt"},"schema":{"@context":"https:\/\/schema.org","@graph":[{"@type":"WebPage","@id":"https:\/\/maritech.com\/no\/pakking-og-merking\/","url":"https:\/\/maritech.com\/no\/pakking-og-merking\/","name":"Maritech Packing","isPartOf":{"@id":"https:\/\/maritech.com\/no\/#website"},"primaryImageOfPage":{"@id":"https:\/\/maritech.com\/no\/pakking-og-merking\/#primaryimage"},"image":{"@id":"https:\/\/maritech.com\/no\/pakking-og-merking\/#primaryimage"},"thumbnailUrl":"https:\/\/maritech.com\/wp-content\/uploads\/2019\/02\/Ziggi-Maritech_IMG7383-WEB.jpg","datePublished":"2021-08-05T13:00:08+00:00","dateModified":"2024-07-16T06:17:16+00:00","description":"Maritech Packing og EasyLabel er et moderne og fleksibelt system for \u00e5 h\u00e5ndtere produksjon, bestillinger, veiing og merking.","breadcrumb":{"@id":"https:\/\/maritech.com\/no\/pakking-og-merking\/#breadcrumb"},"inLanguage":"nb-NO","potentialAction":[{"@type":"ReadAction","target":["https:\/\/maritech.com\/no\/pakking-og-merking\/"]}]},{"@type":"ImageObject","inLanguage":"nb-NO","@id":"https:\/\/maritech.com\/no\/pakking-og-merking\/#primaryimage","url":"https:\/\/maritech.com\/wp-content\/uploads\/2019\/02\/Ziggi-Maritech_IMG7383-WEB.jpg","contentUrl":"https:\/\/maritech.com\/wp-content\/uploads\/2019\/02\/Ziggi-Maritech_IMG7383-WEB.jpg","width":7952,"height":5304,"caption":"Automation and digitalization. Processing. Photo copyright Zbigniew \u00abZiggi\u00bb Wantuch"},{"@type":"BreadcrumbList","@id":"https:\/\/maritech.com\/no\/pakking-og-merking\/#breadcrumb","itemListElement":[{"@type":"ListItem","position":1,"name":"Home","item":"https:\/\/maritech.com\/no\/"},{"@type":"ListItem","position":2,"name":"Packing"}]},{"@type":"WebSite","@id":"https:\/\/maritech.com\/no\/#website","url":"https:\/\/maritech.com\/no\/","name":"Maritech","description":"","publisher":{"@id":"https:\/\/maritech.com\/no\/#organization"},"potentialAction":[{"@type":"SearchAction","target":{"@type":"EntryPoint","urlTemplate":"https:\/\/maritech.com\/no\/?s={search_term_string}"},"query-input":{"@type":"PropertyValueSpecification","valueRequired":true,"valueName":"search_term_string"}}],"inLanguage":"nb-NO"},{"@type":"Organization","@id":"https:\/\/maritech.com\/no\/#organization","name":"Maritech","url":"https:\/\/maritech.com\/no\/","logo":{"@type":"ImageObject","inLanguage":"nb-NO","@id":"https:\/\/maritech.com\/no\/#\/schema\/logo\/image\/","url":"https:\/\/maritech.com\/wp-content\/uploads\/2024\/07\/Maritech-Logo-Co-Brand-WHITE.png","contentUrl":"https:\/\/maritech.com\/wp-content\/uploads\/2024\/07\/Maritech-Logo-Co-Brand-WHITE.png","width":3336,"height":890,"caption":"Maritech"},"image":{"@id":"https:\/\/maritech.com\/no\/#\/schema\/logo\/image\/"}}]}},"jetpack_sharing_enabled":true,"_links":{"self":[{"href":"https:\/\/maritech.com\/no\/wp-json\/wp\/v2\/pages\/9612","targetHints":{"allow":["GET"]}}],"collection":[{"href":"https:\/\/maritech.com\/no\/wp-json\/wp\/v2\/pages"}],"about":[{"href":"https:\/\/maritech.com\/no\/wp-json\/wp\/v2\/types\/page"}],"author":[{"embeddable":true,"href":"https:\/\/maritech.com\/no\/wp-json\/wp\/v2\/users\/11"}],"replies":[{"embeddable":true,"href":"https:\/\/maritech.com\/no\/wp-json\/wp\/v2\/comments?post=9612"}],"version-history":[{"count":10,"href":"https:\/\/maritech.com\/no\/wp-json\/wp\/v2\/pages\/9612\/revisions"}],"predecessor-version":[{"id":20171,"href":"https:\/\/maritech.com\/no\/wp-json\/wp\/v2\/pages\/9612\/revisions\/20171"}],"wp:featuredmedia":[{"embeddable":true,"href":"https:\/\/maritech.com\/no\/wp-json\/wp\/v2\/media\/2546"}],"wp:attachment":[{"href":"https:\/\/maritech.com\/no\/wp-json\/wp\/v2\/media?parent=9612"}],"curies":[{"name":"wp","href":"https:\/\/api.w.org\/{rel}","templated":true}]}}