{"id":9616,"date":"2021-08-03T08:26:18","date_gmt":"2021-08-03T07:26:18","guid":{"rendered":"https:\/\/maritech.com\/5-keys-to-efficient-handling-of-seafood-claims\/"},"modified":"2021-09-30T08:51:31","modified_gmt":"2021-09-30T07:51:31","slug":"5-tips-til-effektiv-handtering-av-claims","status":"publish","type":"page","link":"https:\/\/maritech.com\/no\/claims\/5-tips-til-effektiv-handtering-av-claims\/","title":{"rendered":"5 tips til effektiv h\u00e5ndtering av claims"},"content":{"rendered":"\n<section class=\"hero block alignfull bg-image grad-light\" style=\"background-image: url('https:\/\/maritech.com\/wp-content\/uploads\/2019\/09\/IMG_1273_BRUK_Redigert-1500x1000.jpg'); \" >\n    <div class=\"container-fluid\">\n        <div class=\"hero-content\">\n                        <div class=\"editor-content\">\n                <h2 class=\"title in-view\"><span style=\"color: #ffffff;\">Fem tips til effektiv h\u00e5ndtering av claims<\/span><\/h2>\n            <\/div>\n                    <\/div><!--\/.hero-content-->\n    <\/div><!--\/.container-fluid-->\n<\/section>\n\n\n<section class=\"page-content block alignfull\">\n    <div class=\"container-fluid\">\n        <div class=\"content-wrapper\">\n            <div class=\"editor-content\">\n                <div><\/div>\n<p class=\"featuredtext in-view preamble\">Har du full kontroll over claims og \u00f8delagte forsendelser?<\/p>\n<div class=\"wp-block-maritech-text__inner in-view\">\n<p>For de fleste tradere er svaret nei. Konsekvensen er tapt tid og inntekt p\u00e5 grunn av un\u00f8dvendige manuelle prosesser.<\/p>\n<p>Les v\u00e5re beste r\u00e5d for effektiv og l\u00f8nnsom behandling av skader.<\/p>\n<h4>\n1. S\u00f8rg for at du tar de riktige avgj\u00f8relsene<\/h4>\n<p>Stoler du p\u00e5 fakta eller antagelser? Har du lett tilgang til relevante historiske data gjennom analyse- eller rapporteringsverkt\u00f8y? \u00c5 vite i stedet for \u00e5 anta er n\u00f8kkelen til \u00e5 forbedre prispresisjonen og kundeinnsikten.<\/p>\n<h4>\n2. Automatiser h\u00e5ndteringsprosessen<\/h4>\n<p>Eliminer manuelle rutiner knyttet til overf\u00f8ring av kredittnotater og kj\u00f8psretur, \u00e5 vente p\u00e5 informasjon og minne de forskjellige interessentene om \u00e5 svare. Du f\u00e5r en smidigere h\u00e5ndteringsprosess, eliminerer feil og oppn\u00e5r store besparelser.<\/p>\n<h4>\n3. Oversikt for kontroll<\/h4>\n<p>For \u00e5 ha full kontroll trenger du en fullstendig oversikt over alle \u00e5pne saker, kommunikasjon, dokumentasjon, hvem du venter p\u00e5 og hvilke faktorer som kan forsinke prosessen.<\/p>\n<p>S\u00f8rg for at all kommunikasjon er samlet og dokumentert p\u00e5 ett sted. Den optimale l\u00f8sningen er \u00e5 kommunisere direkte gjennom skadebehandlingssystemet.<\/p>\n<\/div>\n            <\/div><!--\/.editor-content-->\n        <\/div><!--\/.content-wrapper-->\n    <\/div><!--\/.container-fluid-->\n<\/section>\n\n<section  class=\"content-form-cta block alignfull offset\">\n    <div class=\"container-fluid\">\n        <div class=\"alignment-wrapper\">\n            <div class=\"block-container\">\n                                    <h4 class=\"h4\">Har du sp\u00f8rsm\u00e5l?<\/h4>\n                                                    <p>Eller vil du snakke med oss? Gi oss beskjed! Vi kommer tilbake til deg s\u00e5 snart som mulig.<\/p>\n                                                    <script>\nvar gform;gform||(document.addEventListener(\"gform_main_scripts_loaded\",function(){gform.scriptsLoaded=!0}),document.addEventListener(\"gform\/theme\/scripts_loaded\",function(){gform.themeScriptsLoaded=!0}),window.addEventListener(\"DOMContentLoaded\",function(){gform.domLoaded=!0}),gform={domLoaded:!1,scriptsLoaded:!1,themeScriptsLoaded:!1,isFormEditor:()=>\"function\"==typeof InitializeEditor,callIfLoaded:function(o){return!(!gform.domLoaded||!gform.scriptsLoaded||!gform.themeScriptsLoaded&&!gform.isFormEditor()||(gform.isFormEditor()&&console.warn(\"The use of gform.initializeOnLoaded() is deprecated in the form editor context and will be removed in Gravity Forms 3.1.\"),o(),0))},initializeOnLoaded:function(o){gform.callIfLoaded(o)||(document.addEventListener(\"gform_main_scripts_loaded\",()=>{gform.scriptsLoaded=!0,gform.callIfLoaded(o)}),document.addEventListener(\"gform\/theme\/scripts_loaded\",()=>{gform.themeScriptsLoaded=!0,gform.callIfLoaded(o)}),window.addEventListener(\"DOMContentLoaded\",()=>{gform.domLoaded=!0,gform.callIfLoaded(o)}))},hooks:{action:{},filter:{}},addAction:function(o,r,e,t){gform.addHook(\"action\",o,r,e,t)},addFilter:function(o,r,e,t){gform.addHook(\"filter\",o,r,e,t)},doAction:function(o){gform.doHook(\"action\",o,arguments)},applyFilters:function(o){return gform.doHook(\"filter\",o,arguments)},removeAction:function(o,r){gform.removeHook(\"action\",o,r)},removeFilter:function(o,r,e){gform.removeHook(\"filter\",o,r,e)},addHook:function(o,r,e,t,n){null==gform.hooks[o][r]&&(gform.hooks[o][r]=[]);var d=gform.hooks[o][r];null==n&&(n=r+\"_\"+d.length),gform.hooks[o][r].push({tag:n,callable:e,priority:t=null==t?10:t})},doHook:function(r,o,e){var t;if(e=Array.prototype.slice.call(e,1),null!=gform.hooks[r][o]&&((o=gform.hooks[r][o]).sort(function(o,r){return o.priority-r.priority}),o.forEach(function(o){\"function\"!=typeof(t=o.callable)&&(t=window[t]),\"action\"==r?t.apply(null,e):e[0]=t.apply(null,e)})),\"filter\"==r)return e[0]},removeHook:function(o,r,t,n){var e;null!=gform.hooks[o][r]&&(e=(e=gform.hooks[o][r]).filter(function(o,r,e){return!!(null!=n&&n!=o.tag||null!=t&&t!=o.priority)}),gform.hooks[o][r]=e)}});\n<\/script>\n\n                <div class='gf_browser_gecko gform_wrapper gform_legacy_markup_wrapper gform-theme--no-framework content-cta_wrapper' data-form-theme='legacy' data-form-index='0' id='gform_wrapper_10' ><div id='gf_10' class='gform_anchor' tabindex='-1'><\/div><form method='post' enctype='multipart\/form-data' target='gform_ajax_frame_10' id='gform_10' class='content-cta' action='\/no\/wp-json\/wp\/v2\/pages\/9616#gf_10' data-formid='10' novalidate>\n                        <div class='gform-body gform_body'><ul id='gform_fields_10' class='gform_fields top_label form_sublabel_below description_below validation_below'><li id=\"field_10_4\" class=\"gfield gfield--type-honeypot gform_validation_container field_sublabel_below gfield--has-description field_description_below field_validation_below gfield_visibility_visible\"  ><label class='gfield_label gform-field-label' for='input_10_4'>Email<\/label><div class='ginput_container'><input name='input_4' id='input_10_4' type='text' value='' autocomplete='new-password'\/><\/div><div class='gfield_description' id='gfield_description_10_4'>Dette feltet er for valideringsform\u00e5l og skal st\u00e5 uendret.<\/div><\/li><li id=\"field_10_1\" class=\"gfield gfield--type-email gfield_contains_required field_sublabel_below gfield--no-description field_description_below hidden_label field_validation_below gfield_visibility_visible\"  ><label class='gfield_label gform-field-label' for='input_10_1'>E-mail<span class=\"gfield_required\"><span class=\"gfield_required gfield_required_asterisk\">*<\/span><\/span><\/label><div class='ginput_container ginput_container_email'>\n                            <input name='input_1' id='input_10_1' type='email' value='' class='medium'   placeholder='E-post' aria-required=\"true\" aria-invalid=\"false\"  \/>\n                        <\/div><\/li><li id=\"field_10_3\" class=\"gfield gfield--type-consent gfield--type-choice no-label gfield_contains_required field_sublabel_below gfield--no-description field_description_below field_validation_below gfield_visibility_visible\"  ><label class='gfield_label gform-field-label gfield_label_before_complex' >Samtykke<span class=\"gfield_required\"><span class=\"gfield_required gfield_required_asterisk\">*<\/span><\/span><\/label><div class='ginput_container ginput_container_consent'><input name='input_3.1' id='input_10_3_1' type='checkbox' value='1'   aria-required=\"true\" aria-invalid=\"false\"   \/> <label class=\"gform-field-label gform-field-label--type-inline gfield_consent_label\" for='input_10_3_1' >Ved \u00e5 klikke \u201cSend\u201d bekrefter jeg at jeg godtar Maritechs vilk\u00e5r og retningslinjer for personvern.<\/label><input type='hidden' name='input_3.2' value='Ved \u00e5 klikke \u201cSend\u201d bekrefter jeg at jeg godtar Maritechs vilk\u00e5r og retningslinjer for personvern.' class='gform_hidden' \/><input type='hidden' name='input_3.3' value='7' class='gform_hidden' \/><\/div><\/li><\/ul><\/div>\n        <div class='gform-footer gform_footer top_label'> <input type='submit' id='gform_submit_button_10' class='gform_button button' onclick='gform.submission.handleButtonClick(this);' data-submission-type='submit' value='Send'  \/> <input type='hidden' name='gform_ajax' value='form_id=10&amp;title=&amp;description=&amp;tabindex=0&amp;theme=legacy&amp;hash=5c829fdd5ae72f7207eda420856b65cb' \/>\n            <input type='hidden' class='gform_hidden' name='gform_submission_method' data-js='gform_submission_method_10' value='iframe' \/>\n            <input type='hidden' class='gform_hidden' name='gform_theme' data-js='gform_theme_10' id='gform_theme_10' value='legacy' \/>\n            <input type='hidden' class='gform_hidden' name='gform_style_settings' data-js='gform_style_settings_10' id='gform_style_settings_10' value='' \/>\n            <input type='hidden' class='gform_hidden' name='is_submit_10' value='1' \/>\n            <input type='hidden' class='gform_hidden' name='gform_submit' value='10' \/>\n            \n            <input type='hidden' class='gform_hidden' name='gform_currency' data-currency='USD' value='FmBS0TwGIDK1BpQNbvXZvngxrVa8ucCI1V2Edd3pFcy4BaWwXrs2wBlAtiW7M8qIRZSG6aYN3VI7jyg2JH7WySJLn54fXRksIKs7bQGtfLCpk9Y=' \/>\n            <input type='hidden' class='gform_hidden' name='gform_unique_id' value='' \/>\n            <input type='hidden' class='gform_hidden' name='state_10' value='WyJ7XCIzLjFcIjpcImFhY2EzYmQzNDE4Njc1OTk5ZGExODA1ODRlYTIyMjgxXCIsXCIzLjJcIjpcImI4NmQ3YjA1YmNjNTQzZDQ5MDYyOTJkNjk2MWVjNTRiXCIsXCIzLjNcIjpcIjViYmE1YzMwZTlkOTlmNDJhYTZhYTUzZmViYWJhMTdlXCJ9IiwiYjY2YzRmMTAxMTk2NWJlMzA2N2Y5OTcyOTBlNjZmYTAiXQ==' \/>\n            <input type='hidden' autocomplete='off' class='gform_hidden' name='gform_target_page_number_10' id='gform_target_page_number_10' value='0' \/>\n            <input type='hidden' autocomplete='off' class='gform_hidden' name='gform_source_page_number_10' id='gform_source_page_number_10' value='1' \/>\n            <input type='hidden' name='gform_field_values' value='' \/>\n            \n        <\/div>\n                        <\/form>\n                        <\/div>\n\t\t                <iframe style='display:none;width:0px;height:0px;' src='about:blank' name='gform_ajax_frame_10' id='gform_ajax_frame_10' title='This iframe contains the logic required to handle Ajax powered Gravity Forms.'><\/iframe>\n\t\t                <script>\ngform.initializeOnLoaded( function() {gformInitSpinner( 10, 'https:\/\/maritech.com\/wp-content\/plugins\/gravityforms\/images\/spinner.svg', true );jQuery('#gform_ajax_frame_10').on('load',function(){var contents = jQuery(this).contents().find('*').html();var is_postback = contents.indexOf('GF_AJAX_POSTBACK') >= 0;if(!is_postback){return;}var form_content = jQuery(this).contents().find('#gform_wrapper_10');var is_confirmation = jQuery(this).contents().find('#gform_confirmation_wrapper_10').length > 0;var is_redirect = contents.indexOf('gformRedirect(){') >= 0;var is_form = form_content.length > 0 && ! is_redirect && ! is_confirmation;var mt = parseInt(jQuery('html').css('margin-top'), 10) + parseInt(jQuery('body').css('margin-top'), 10) + 100;if(is_form){jQuery('#gform_wrapper_10').html(form_content.html());if(form_content.hasClass('gform_validation_error')){jQuery('#gform_wrapper_10').addClass('gform_validation_error');} else {jQuery('#gform_wrapper_10').removeClass('gform_validation_error');}setTimeout( function() { \/* delay the scroll by 50 milliseconds to fix a bug in chrome *\/ jQuery(document).scrollTop(jQuery('#gform_wrapper_10').offset().top - mt); }, 50 );if(window['gformInitDatepicker']) {gformInitDatepicker();}if(window['gformInitPriceFields']) {gformInitPriceFields();}var current_page = jQuery('#gform_source_page_number_10').val();gformInitSpinner( 10, 'https:\/\/maritech.com\/wp-content\/plugins\/gravityforms\/images\/spinner.svg', true );jQuery(document).trigger('gform_page_loaded', [10, current_page]);window['gf_submitting_10'] = false;}else if(!is_redirect){var confirmation_content = jQuery(this).contents().find('.GF_AJAX_POSTBACK').html();if(!confirmation_content){confirmation_content = contents;}jQuery('#gform_wrapper_10').replaceWith(confirmation_content);jQuery(document).scrollTop(jQuery('#gf_10').offset().top - mt);jQuery(document).trigger('gform_confirmation_loaded', [10]);window['gf_submitting_10'] = false;wp.a11y.speak(jQuery('#gform_confirmation_message_10').text());}else{jQuery('#gform_10').append(contents);if(window['gformRedirect']) {gformRedirect();}}jQuery(document).trigger(\"gform_pre_post_render\", [{ formId: \"10\", currentPage: \"current_page\", abort: function() { this.preventDefault(); } }]);        if (event && event.defaultPrevented) {                return;        }        const gformWrapperDiv = document.getElementById( \"gform_wrapper_10\" );        if ( gformWrapperDiv ) {            const visibilitySpan = document.createElement( \"span\" );            visibilitySpan.id = \"gform_visibility_test_10\";            gformWrapperDiv.insertAdjacentElement( \"afterend\", visibilitySpan );        }        const visibilityTestDiv = document.getElementById( \"gform_visibility_test_10\" );        let postRenderFired = false;        function triggerPostRender() {            if ( postRenderFired ) {                return;            }            postRenderFired = true;            gform.core.triggerPostRenderEvents( 10, current_page );            if ( visibilityTestDiv ) {                visibilityTestDiv.parentNode.removeChild( visibilityTestDiv );            }        }        function debounce( func, wait, immediate ) {            var timeout;            return function() {                var context = this, args = arguments;                var later = function() {                    timeout = null;                    if ( !immediate ) func.apply( context, args );                };                var callNow = immediate && !timeout;                clearTimeout( timeout );                timeout = setTimeout( later, wait );                if ( callNow ) func.apply( context, args );            };        }        const debouncedTriggerPostRender = debounce( function() {            triggerPostRender();        }, 200 );        if ( visibilityTestDiv && visibilityTestDiv.offsetParent === null ) {            const observer = new MutationObserver( ( mutations ) => {                mutations.forEach( ( mutation ) => {                    if ( mutation.type === 'attributes' && visibilityTestDiv.offsetParent !== null ) {                        debouncedTriggerPostRender();                        observer.disconnect();                    }                });            });            observer.observe( document.body, {                attributes: true,                childList: false,                subtree: true,                attributeFilter: [ 'style', 'class' ],            });        } else {            triggerPostRender();        }    } );} );\n<\/script>\n                                            <\/div>\n        <\/div>\n    <\/div>\n<\/section>\n\n<section class=\"page-content block alignfull\">\n    <div class=\"container-fluid\">\n        <div class=\"content-wrapper\">\n            <div class=\"editor-content\">\n                <div class=\"wp-block-maritech-text__inner in-view\">\n<h4 class=\"h4\">\n4. Helhetlig tiln\u00e6rming<\/h4>\n<p>Integrasjon med andre systemer st\u00f8tter s\u00f8ml\u00f8s dataflyt, kommunikasjon og dokumentasjon. S\u00f8rg for at du har en helhetlig tiln\u00e6rming til IT -infrastrukturen din, i stedet for ad hoc-implementeringer. Videre m\u00e5 du fokusere p\u00e5 prosesser og involvere brukerne og ledelsen i \u00e5 diskutere systeml\u00f8sninger. Valg av programvare er ikke lenger et sp\u00f8rsm\u00e5l for IT-avdelingen som en isolert enhet.<\/p>\n<p>&nbsp;<\/p>\n<h4>5. S\u00f8rg for at du kan administrere claims dine i ett komplett system<\/h4>\n<p>Korte frister for varsler og dokumentasjon krever s\u00f8ml\u00f8se digitale verkt\u00f8y. Mange selskaper bruker for mye tid og ressurser p\u00e5 \u00e5 lage sine egne systemer, eller kombinerer CRM-systemer og kvalitetssystemer for \u00e5 h\u00e5ndtere claims.<\/p>\n<\/div>\n            <\/div><!--\/.editor-content-->\n        <\/div><!--\/.content-wrapper-->\n    <\/div><!--\/.container-fluid-->\n<\/section>","protected":false},"excerpt":{"rendered":"","protected":false},"author":11,"featured_media":7364,"parent":9618,"menu_order":0,"comment_status":"closed","ping_status":"closed","template":"","meta":{"_acf_changed":false,"content-type":"","lazy_load_responsive_images_disabled":false,"footnotes":""},"class_list":["post-9616","page","type-page","status-publish","has-post-thumbnail","hentry"],"acf":[],"yoast_head":"<!-- This site is optimized with the Yoast SEO Premium plugin v21.8 (Yoast SEO v26.8) - https:\/\/yoast.com\/product\/yoast-seo-premium-wordpress\/ -->\n<title>5 tips til effektiv h\u00e5ndtering av claims - Maritech<\/title>\n<meta name=\"description\" content=\"Har du full kontroll over sj\u00f8matkrav og \u00f8delagte forsendelser? Les v\u00e5re beste r\u00e5d for smart og l\u00f8nnsom skadebehandling.\" \/>\n<meta name=\"robots\" content=\"index, follow, max-snippet:-1, max-image-preview:large, max-video-preview:-1\" \/>\n<link rel=\"canonical\" href=\"https:\/\/maritech.com\/no\/claims\/5-tips-til-effektiv-handtering-av-claims\/\" \/>\n<meta property=\"og:locale\" content=\"nb_NO\" \/>\n<meta property=\"og:type\" content=\"article\" \/>\n<meta property=\"og:title\" content=\"5 tips til effektiv h\u00e5ndtering av claims\" \/>\n<meta property=\"og:description\" content=\"Har du full kontroll over sj\u00f8matkrav og \u00f8delagte forsendelser? Les v\u00e5re beste r\u00e5d for smart og l\u00f8nnsom skadebehandling.\" \/>\n<meta property=\"og:url\" content=\"https:\/\/maritech.com\/no\/claims\/5-tips-til-effektiv-handtering-av-claims\/\" \/>\n<meta property=\"og:site_name\" content=\"Maritech\" \/>\n<meta property=\"article:modified_time\" content=\"2021-09-30T07:51:31+00:00\" \/>\n<meta property=\"og:image\" content=\"https:\/\/maritech.com\/wp-content\/uploads\/2021\/04\/Card-img.jpg\" \/>\n\t<meta property=\"og:image:width\" content=\"1129\" \/>\n\t<meta property=\"og:image:height\" content=\"687\" \/>\n\t<meta property=\"og:image:type\" content=\"image\/jpeg\" \/>\n<meta name=\"twitter:card\" content=\"summary_large_image\" \/>\n<script type=\"application\/ld+json\" class=\"yoast-schema-graph\">{\"@context\":\"https:\/\/schema.org\",\"@graph\":[{\"@type\":\"WebPage\",\"@id\":\"https:\/\/maritech.com\/no\/claims\/5-tips-til-effektiv-handtering-av-claims\/\",\"url\":\"https:\/\/maritech.com\/no\/claims\/5-tips-til-effektiv-handtering-av-claims\/\",\"name\":\"5 tips til effektiv h\u00e5ndtering av claims - Maritech\",\"isPartOf\":{\"@id\":\"https:\/\/maritech.com\/no\/#website\"},\"primaryImageOfPage\":{\"@id\":\"https:\/\/maritech.com\/no\/claims\/5-tips-til-effektiv-handtering-av-claims\/#primaryimage\"},\"image\":{\"@id\":\"https:\/\/maritech.com\/no\/claims\/5-tips-til-effektiv-handtering-av-claims\/#primaryimage\"},\"thumbnailUrl\":\"https:\/\/maritech.com\/wp-content\/uploads\/2021\/04\/Card-img.jpg\",\"datePublished\":\"2021-08-03T07:26:18+00:00\",\"dateModified\":\"2021-09-30T07:51:31+00:00\",\"description\":\"Har du full kontroll over sj\u00f8matkrav og \u00f8delagte forsendelser? Les v\u00e5re beste r\u00e5d for smart og l\u00f8nnsom skadebehandling.\",\"breadcrumb\":{\"@id\":\"https:\/\/maritech.com\/no\/claims\/5-tips-til-effektiv-handtering-av-claims\/#breadcrumb\"},\"inLanguage\":\"nb-NO\",\"potentialAction\":[{\"@type\":\"ReadAction\",\"target\":[\"https:\/\/maritech.com\/no\/claims\/5-tips-til-effektiv-handtering-av-claims\/\"]}]},{\"@type\":\"ImageObject\",\"inLanguage\":\"nb-NO\",\"@id\":\"https:\/\/maritech.com\/no\/claims\/5-tips-til-effektiv-handtering-av-claims\/#primaryimage\",\"url\":\"https:\/\/maritech.com\/wp-content\/uploads\/2021\/04\/Card-img.jpg\",\"contentUrl\":\"https:\/\/maritech.com\/wp-content\/uploads\/2021\/04\/Card-img.jpg\",\"width\":1129,\"height\":687,\"caption\":\"Seaborn illustration - Maritech\"},{\"@type\":\"BreadcrumbList\",\"@id\":\"https:\/\/maritech.com\/no\/claims\/5-tips-til-effektiv-handtering-av-claims\/#breadcrumb\",\"itemListElement\":[{\"@type\":\"ListItem\",\"position\":1,\"name\":\"Home\",\"item\":\"https:\/\/maritech.com\/no\/\"},{\"@type\":\"ListItem\",\"position\":2,\"name\":\"Claims\",\"item\":\"https:\/\/maritech.com\/no\/claims\/\"},{\"@type\":\"ListItem\",\"position\":3,\"name\":\"5 tips til effektiv h\u00e5ndtering av claims\"}]},{\"@type\":\"WebSite\",\"@id\":\"https:\/\/maritech.com\/no\/#website\",\"url\":\"https:\/\/maritech.com\/no\/\",\"name\":\"Maritech\",\"description\":\"\",\"publisher\":{\"@id\":\"https:\/\/maritech.com\/no\/#organization\"},\"potentialAction\":[{\"@type\":\"SearchAction\",\"target\":{\"@type\":\"EntryPoint\",\"urlTemplate\":\"https:\/\/maritech.com\/no\/?s={search_term_string}\"},\"query-input\":{\"@type\":\"PropertyValueSpecification\",\"valueRequired\":true,\"valueName\":\"search_term_string\"}}],\"inLanguage\":\"nb-NO\"},{\"@type\":\"Organization\",\"@id\":\"https:\/\/maritech.com\/no\/#organization\",\"name\":\"Maritech\",\"url\":\"https:\/\/maritech.com\/no\/\",\"logo\":{\"@type\":\"ImageObject\",\"inLanguage\":\"nb-NO\",\"@id\":\"https:\/\/maritech.com\/no\/#\/schema\/logo\/image\/\",\"url\":\"https:\/\/maritech.com\/wp-content\/uploads\/2024\/07\/Maritech-Logo-Co-Brand-WHITE.png\",\"contentUrl\":\"https:\/\/maritech.com\/wp-content\/uploads\/2024\/07\/Maritech-Logo-Co-Brand-WHITE.png\",\"width\":3336,\"height\":890,\"caption\":\"Maritech\"},\"image\":{\"@id\":\"https:\/\/maritech.com\/no\/#\/schema\/logo\/image\/\"}}]}<\/script>\n<!-- \/ Yoast SEO Premium plugin. -->","yoast_head_json":{"title":"5 tips til effektiv h\u00e5ndtering av claims - Maritech","description":"Har du full kontroll over sj\u00f8matkrav og \u00f8delagte forsendelser? Les v\u00e5re beste r\u00e5d for smart og l\u00f8nnsom skadebehandling.","robots":{"index":"index","follow":"follow","max-snippet":"max-snippet:-1","max-image-preview":"max-image-preview:large","max-video-preview":"max-video-preview:-1"},"canonical":"https:\/\/maritech.com\/no\/claims\/5-tips-til-effektiv-handtering-av-claims\/","og_locale":"nb_NO","og_type":"article","og_title":"5 tips til effektiv h\u00e5ndtering av claims","og_description":"Har du full kontroll over sj\u00f8matkrav og \u00f8delagte forsendelser? Les v\u00e5re beste r\u00e5d for smart og l\u00f8nnsom skadebehandling.","og_url":"https:\/\/maritech.com\/no\/claims\/5-tips-til-effektiv-handtering-av-claims\/","og_site_name":"Maritech","article_modified_time":"2021-09-30T07:51:31+00:00","og_image":[{"width":1129,"height":687,"url":"https:\/\/maritech.com\/wp-content\/uploads\/2021\/04\/Card-img.jpg","type":"image\/jpeg"}],"twitter_card":"summary_large_image","schema":{"@context":"https:\/\/schema.org","@graph":[{"@type":"WebPage","@id":"https:\/\/maritech.com\/no\/claims\/5-tips-til-effektiv-handtering-av-claims\/","url":"https:\/\/maritech.com\/no\/claims\/5-tips-til-effektiv-handtering-av-claims\/","name":"5 tips til effektiv h\u00e5ndtering av claims - Maritech","isPartOf":{"@id":"https:\/\/maritech.com\/no\/#website"},"primaryImageOfPage":{"@id":"https:\/\/maritech.com\/no\/claims\/5-tips-til-effektiv-handtering-av-claims\/#primaryimage"},"image":{"@id":"https:\/\/maritech.com\/no\/claims\/5-tips-til-effektiv-handtering-av-claims\/#primaryimage"},"thumbnailUrl":"https:\/\/maritech.com\/wp-content\/uploads\/2021\/04\/Card-img.jpg","datePublished":"2021-08-03T07:26:18+00:00","dateModified":"2021-09-30T07:51:31+00:00","description":"Har du full kontroll over sj\u00f8matkrav og \u00f8delagte forsendelser? Les v\u00e5re beste r\u00e5d for smart og l\u00f8nnsom skadebehandling.","breadcrumb":{"@id":"https:\/\/maritech.com\/no\/claims\/5-tips-til-effektiv-handtering-av-claims\/#breadcrumb"},"inLanguage":"nb-NO","potentialAction":[{"@type":"ReadAction","target":["https:\/\/maritech.com\/no\/claims\/5-tips-til-effektiv-handtering-av-claims\/"]}]},{"@type":"ImageObject","inLanguage":"nb-NO","@id":"https:\/\/maritech.com\/no\/claims\/5-tips-til-effektiv-handtering-av-claims\/#primaryimage","url":"https:\/\/maritech.com\/wp-content\/uploads\/2021\/04\/Card-img.jpg","contentUrl":"https:\/\/maritech.com\/wp-content\/uploads\/2021\/04\/Card-img.jpg","width":1129,"height":687,"caption":"Seaborn illustration - Maritech"},{"@type":"BreadcrumbList","@id":"https:\/\/maritech.com\/no\/claims\/5-tips-til-effektiv-handtering-av-claims\/#breadcrumb","itemListElement":[{"@type":"ListItem","position":1,"name":"Home","item":"https:\/\/maritech.com\/no\/"},{"@type":"ListItem","position":2,"name":"Claims","item":"https:\/\/maritech.com\/no\/claims\/"},{"@type":"ListItem","position":3,"name":"5 tips til effektiv h\u00e5ndtering av claims"}]},{"@type":"WebSite","@id":"https:\/\/maritech.com\/no\/#website","url":"https:\/\/maritech.com\/no\/","name":"Maritech","description":"","publisher":{"@id":"https:\/\/maritech.com\/no\/#organization"},"potentialAction":[{"@type":"SearchAction","target":{"@type":"EntryPoint","urlTemplate":"https:\/\/maritech.com\/no\/?s={search_term_string}"},"query-input":{"@type":"PropertyValueSpecification","valueRequired":true,"valueName":"search_term_string"}}],"inLanguage":"nb-NO"},{"@type":"Organization","@id":"https:\/\/maritech.com\/no\/#organization","name":"Maritech","url":"https:\/\/maritech.com\/no\/","logo":{"@type":"ImageObject","inLanguage":"nb-NO","@id":"https:\/\/maritech.com\/no\/#\/schema\/logo\/image\/","url":"https:\/\/maritech.com\/wp-content\/uploads\/2024\/07\/Maritech-Logo-Co-Brand-WHITE.png","contentUrl":"https:\/\/maritech.com\/wp-content\/uploads\/2024\/07\/Maritech-Logo-Co-Brand-WHITE.png","width":3336,"height":890,"caption":"Maritech"},"image":{"@id":"https:\/\/maritech.com\/no\/#\/schema\/logo\/image\/"}}]}},"jetpack_sharing_enabled":true,"_links":{"self":[{"href":"https:\/\/maritech.com\/no\/wp-json\/wp\/v2\/pages\/9616","targetHints":{"allow":["GET"]}}],"collection":[{"href":"https:\/\/maritech.com\/no\/wp-json\/wp\/v2\/pages"}],"about":[{"href":"https:\/\/maritech.com\/no\/wp-json\/wp\/v2\/types\/page"}],"author":[{"embeddable":true,"href":"https:\/\/maritech.com\/no\/wp-json\/wp\/v2\/users\/11"}],"replies":[{"embeddable":true,"href":"https:\/\/maritech.com\/no\/wp-json\/wp\/v2\/comments?post=9616"}],"version-history":[{"count":5,"href":"https:\/\/maritech.com\/no\/wp-json\/wp\/v2\/pages\/9616\/revisions"}],"predecessor-version":[{"id":9636,"href":"https:\/\/maritech.com\/no\/wp-json\/wp\/v2\/pages\/9616\/revisions\/9636"}],"up":[{"embeddable":true,"href":"https:\/\/maritech.com\/no\/wp-json\/wp\/v2\/pages\/9618"}],"wp:featuredmedia":[{"embeddable":true,"href":"https:\/\/maritech.com\/no\/wp-json\/wp\/v2\/media\/7364"}],"wp:attachment":[{"href":"https:\/\/maritech.com\/no\/wp-json\/wp\/v2\/media?parent=9616"}],"curies":[{"name":"wp","href":"https:\/\/api.w.org\/{rel}","templated":true}]}}