{"id":9618,"date":"2021-08-03T07:50:32","date_gmt":"2021-08-03T06:50:32","guid":{"rendered":"https:\/\/maritech.com\/claims\/"},"modified":"2024-07-08T17:28:27","modified_gmt":"2024-07-08T16:28:27","slug":"claims","status":"publish","type":"page","link":"https:\/\/maritech.com\/no\/claims\/","title":{"rendered":"Claims"},"content":{"rendered":"\n<section class=\"hero block alignfull bg-image grad-light\" style=\"background-image: url('https:\/\/maritech.com\/wp-content\/uploads\/2019\/02\/Ziggi-Maritech_IMG7844-web-1499x1000.jpg'); \" >\n    <div class=\"container-fluid\">\n        <div class=\"hero-content\">\n                        <div class=\"editor-content\">\n                <h1><span style=\"color: #ffffff;\">Skadet pakke eller d\u00e5rlig kvalitet?<\/span><\/h1>\n<div class=\"featuredtext in-view\">\n<p class=\"preamble\"><span style=\"color: #ffffff;\">Ja, vi vet. Claims kan v\u00e6re utmattende.<br \/>\nMen med smarte verkt\u00f8y kan du spare b\u00e5de tid, frustrasjon og penger.<\/span><\/p>\n<\/div>\n<div class=\"wp-block-maritech-text__inner in-view\"><\/div>\n            <\/div>\n            <div class=\"button-wrap left\"><a class=\"btn btn-primary\" href=\"https:\/\/demo.dev.maritech.cloud\/START\/Introduction\" target=\"_blank\" title=\"Jeg vil se selv\">Jeg vil se selv<\/a><\/div>        <\/div><!--\/.hero-content-->\n    <\/div><!--\/.container-fluid-->\n<\/section>\n\n\n\n<section class=\"breadcrumb-section block alignfull\">\n    <div class=\"container-fluid\">\n        <p class=\"breadcrumbs\"><span><span><a href=\"https:\/\/maritech.com\/no\/\"><span class=\"d-none\">Home<\/span><svg xmlns=\"http:\/\/www.w3.org\/2000\/svg\" xmlns:xlink=\"http:\/\/www.w3.org\/1999\/xlink\" contentScriptType=\"text\/ecmascript\" contentStyleType=\"text\/css\" enable-background=\"new 0 0 2048 2048\" height=\"2048px\" id=\"Layer_1\" preserveAspectRatio=\"xMidYMid meet\" version=\"1.1\" viewBox=\"25.33300018310547 0 1613.333984375 2048\" width=\"1613.333984375px\" xml:space=\"preserve\" zoomAndPan=\"magnify\" style=\"&#10;    width: 20px;&#10;\"><path d=\"M1408,1120v480c0,17.333-6.333,32.333-19,45s-27.667,19-45,19H960v-384H704v384H320c-17.333,0-32.333-6.333-45-19  s-19-27.667-19-45v-480c0-0.667,0.167-1.667,0.5-3s0.5-2.333,0.5-3l575-474l575,474C1407.667,1115.333,1408,1117.333,1408,1120z   M1631,1051l-62,74c-5.333,6-12.333,9.667-21,11h-3c-8.667,0-15.667-2.333-21-7L832,552l-692,577c-8,5.333-16,7.667-24,7  c-8.667-1.333-15.667-5-21-11l-62-74c-5.333-6.667-7.667-14.5-7-23.5s4.333-16.167,11-21.5l719-599c21.333-17.333,46.667-26,76-26  s54.667,8.667,76,26l244,204V416c0-9.333,3-17,9-23s13.667-9,23-9h192c9.333,0,17,3,23,9s9,13.667,9,23v408l219,182  c6.667,5.333,10.333,12.5,11,21.5S1636.333,1044.333,1631,1051z\"\/><\/svg><\/a><\/span><\/span><\/p>    <\/div>\n<\/section>\n\n<section class=\"page-content block alignfull\">\n    <div class=\"container-fluid\">\n        <div class=\"content-wrapper\">\n            <div class=\"editor-content\">\n                <h2><strong>Enklere Claims-prosess<br \/>\n<\/strong><\/h2>\n<p class=\"preamble\">Krav er ofte tidkrevende, med ulike interessenter involvert og sv\u00e6rt korte frister for varslinger og dokumentasjon.<\/p>\n<p><span style=\"font-weight: 400;\">Derfor har vi laget Maritech Claims, som forenkler alle trinnene fra registrering til overf\u00f8ring av kredittnotater og debetkj\u00f8p. Du f\u00e5r bedre kontroll over klager p\u00e5 kvalitet og \u00f8delagte forsendelser. I tillegg kan du redusere antall krav ved \u00e5 identifisere svakheter i verdikjeden. <\/span><\/p>\n<p><span style=\"font-weight: 400;\">Kommuniser med alle parter i systemet, for enkelt \u00e5 samle og dokumentere all historikk og ventende transaksjoner p\u00e5 ett sted. Du blir mer effektiv, samtidig som du reduserer administrative kostnader.<\/span><\/p>\n            <\/div><!--\/.editor-content-->\n        <\/div><!--\/.content-wrapper-->\n    <\/div><!--\/.container-fluid-->\n<\/section>\n\n\n<figure class=\"wp-block-image alignleft size-large\"><img decoding=\"async\" width=\"1024\" height=\"496\" src=\"https:\/\/maritech.com\/wp-content\/uploads\/2020\/11\/Claims-1024x496.png\" alt=\"Maritech DGS Claims - the complete seafood claims management system\" class=\"wp-image-6464\" srcset=\"https:\/\/maritech.com\/wp-content\/uploads\/2020\/11\/Claims-1024x496.png 1024w, https:\/\/maritech.com\/wp-content\/uploads\/2020\/11\/Claims-300x145.png 300w, https:\/\/maritech.com\/wp-content\/uploads\/2020\/11\/Claims-768x372.png 768w, https:\/\/maritech.com\/wp-content\/uploads\/2020\/11\/Claims-1536x745.png 1536w, https:\/\/maritech.com\/wp-content\/uploads\/2020\/11\/Claims-2048x993.png 2048w, https:\/\/maritech.com\/wp-content\/uploads\/2020\/11\/Claims-1920x931.png 1920w, https:\/\/maritech.com\/wp-content\/uploads\/2020\/11\/Claims-260x126.png 260w\" sizes=\"(max-width: 1024px) 100vw, 1024px\" \/><\/figure>\n\n\n\n<div style=\"height:20px\" aria-hidden=\"true\" class=\"wp-block-spacer\"><\/div>\n\n\n<section class=\"page-content block alignfull\">\n    <div class=\"container-fluid\">\n        <div class=\"content-wrapper\">\n            <div class=\"editor-content\">\n                <h3 class=\"h3\">Claims kort oppsummert:<\/h3>\n<ul>\n<li>\n<p class=\"normal\">Enkel p\u00e5logging<\/p>\n<\/li>\n<li>\n<p class=\"normal\">Angi bel\u00f8psgrenser og stopp inntektslekkasje gjennom n\u00f8yaktige prosesser<\/p>\n<\/li>\n<li>\n<p class=\"normal\">Unng\u00e5 tap p\u00e5 grunn av sen varsling<\/p>\n<\/li>\n<li>\n<p class=\"normal\">Administrer dokumentasjon og notater. Registrering av krav kan inneholde \u00e5rsak, ansvarlig part, interne notater og du har mulighet for \u00e5 laste opp foto som bevis p\u00e5 skade<\/p>\n<\/li>\n<li>\n<p class=\"normal\">Samhandling med b\u00e5de interne eller eksterne interessenter<\/p>\n<\/li>\n<li>\n<p class=\"normal\">Fleksibilitet for \u00e5 tilpasse statuser og tilgjengelige valg for hver rolle<\/p>\n<\/li>\n<li>\n<p class=\"normal\">Rapporter og dashbord gir god oversikt over alle klager og krav om l\u00f8nnsomhetsanalyse og prosessforbedring<\/p>\n<\/li>\n<\/ul>\n<p>Du f\u00e5r en smidig prosess og sparer ressurser ved \u00e5 bruke mindre tid p\u00e5 \u00e5 vente p\u00e5 informasjon og minne interessentene om \u00e5 svare i andre systemer. Enkel tilgang til historiske data gir deg viktig beslutningsst\u00f8tte, forbedring av prisn\u00f8yaktighet og kundeinnsikt. Dashboards gir en rask og enkel oversikt over relevante KPI-er.<\/p>\n            <\/div><!--\/.editor-content-->\n        <\/div><!--\/.content-wrapper-->\n    <\/div><!--\/.container-fluid-->\n<\/section>\n\n<section  class=\"request-form block alignfull sm\">\n    <div class=\"container-fluid\">\n        <div class=\"block-container\">\n            <div class=\"content-wrap\">\n                                    <h4>Vil du vite mer?<\/h4>\n                                                    <p>Gi oss et vink! Vi vil gjerne h\u00f8re fra deg.<\/p>\n                            <\/div>\n            <div class=\"form-wrap\">\n                                                    <div class=\"button-wrap left\">\n                        <a class=\"btn\" href=\"https:\/\/share-eu1.hsforms.com\/1N64zSG_iQh6EJmgag0ox5Qewibs\" title=\"Kontakt oss her!\">\n                            Kontakt oss her!                        <\/a>\n                    <\/div>\n                            <\/div>\n        <\/div>\n    <\/div>\n<\/section>\n\n\n<section class=\"related-posts block alignfull\">\n    <div class=\"container-fluid\">\n        <div class=\"title-wrap\">\n            <h2 class=\"heading h2\">Les videre:<\/h2>        <\/div><!--\/.title-wrap-->\n                <div class=\"row\">\n                        <div class=\"col\">\n                <div onclick=\"location.href='https:\/\/maritech.com\/no\/maritech-purchase-sales\/'\" class=\"post-card\">\n                    <div class=\"img-wrap\">\n\t\t\t\t\t\t<img decoding=\"async\" width=\"1024\" height=\"683\" src=\"https:\/\/maritech.com\/wp-content\/uploads\/2021\/05\/PurchaseSales_Christin-1024x683.jpg\" class=\"attachment-large size-large wp-post-image\" alt=\"Kj\u00f8p og selg sj\u00f8mat med Maritech Purchase &amp; Sales\" srcset=\"https:\/\/maritech.com\/wp-content\/uploads\/2021\/05\/PurchaseSales_Christin-1024x683.jpg 1024w, https:\/\/maritech.com\/wp-content\/uploads\/2021\/05\/PurchaseSales_Christin-300x200.jpg 300w, https:\/\/maritech.com\/wp-content\/uploads\/2021\/05\/PurchaseSales_Christin-768x512.jpg 768w, https:\/\/maritech.com\/wp-content\/uploads\/2021\/05\/PurchaseSales_Christin-1536x1024.jpg 1536w, https:\/\/maritech.com\/wp-content\/uploads\/2021\/05\/PurchaseSales_Christin-2048x1365.jpg 2048w, https:\/\/maritech.com\/wp-content\/uploads\/2021\/05\/PurchaseSales_Christin-1920x1280.jpg 1920w, https:\/\/maritech.com\/wp-content\/uploads\/2021\/05\/PurchaseSales_Christin-260x173.jpg 260w\" sizes=\"(max-width: 1024px) 100vw, 1024px\" \/>                    <\/div>\n                    <div class=\"info-wrap\">\n                                                <h4><a href=\"https:\/\/maritech.com\/no\/maritech-purchase-sales\/\">Kj\u00f8p og selg sj\u00f8mat med Maritech Purchase &#038;  <span class=\"lastword\"> Sales <svg fill=\"none\" height=\"16\" viewBox=\"0 0 21 16\" width=\"21\" xmlns=\"http:\/\/www.w3.org\/2000\/svg\"><path d=\"m12.2646 1.0521 5.615 5.7114h-17.8796v1.503h17.8796l-5.615 5.7114 1.0343 1.0521 7.3883-7.515-7.3883-7.515z\" fill=\"#446bf9\"\/><\/svg><\/span><\/a><\/h4>\n                    <\/div>\n                <\/div>\n            <\/div><!--\/.col-->\n                        <div class=\"col\">\n                <div onclick=\"location.href='https:\/\/maritech.com\/no\/vare-losninger-sjomatproduksjon\/maritech-eye\/'\" class=\"post-card\">\n                    <div class=\"img-wrap\">\n\t\t\t\t\t\t<img decoding=\"async\" width=\"1024\" height=\"516\" src=\"https:\/\/maritech.com\/wp-content\/uploads\/2021\/08\/DSC07550-2-1-1024x516.jpg\" class=\"attachment-large size-large wp-post-image\" alt=\"Maritech Eye\u2122\" srcset=\"https:\/\/maritech.com\/wp-content\/uploads\/2021\/08\/DSC07550-2-1-1024x516.jpg 1024w, https:\/\/maritech.com\/wp-content\/uploads\/2021\/08\/DSC07550-2-1-300x151.jpg 300w, https:\/\/maritech.com\/wp-content\/uploads\/2021\/08\/DSC07550-2-1-768x387.jpg 768w, https:\/\/maritech.com\/wp-content\/uploads\/2021\/08\/DSC07550-2-1-1536x774.jpg 1536w, https:\/\/maritech.com\/wp-content\/uploads\/2021\/08\/DSC07550-2-1-2048x1032.jpg 2048w, https:\/\/maritech.com\/wp-content\/uploads\/2021\/08\/DSC07550-2-1-1920x968.jpg 1920w, https:\/\/maritech.com\/wp-content\/uploads\/2021\/08\/DSC07550-2-1-260x131.jpg 260w\" sizes=\"(max-width: 1024px) 100vw, 1024px\" \/>                    <\/div>\n                    <div class=\"info-wrap\">\n                                                <h4><a href=\"https:\/\/maritech.com\/no\/vare-losninger-sjomatproduksjon\/maritech-eye\/\">Maritech  <span class=\"lastword\"> Eye\u2122 <svg fill=\"none\" height=\"16\" viewBox=\"0 0 21 16\" width=\"21\" xmlns=\"http:\/\/www.w3.org\/2000\/svg\"><path d=\"m12.2646 1.0521 5.615 5.7114h-17.8796v1.503h17.8796l-5.615 5.7114 1.0343 1.0521 7.3883-7.515-7.3883-7.515z\" fill=\"#446bf9\"\/><\/svg><\/span><\/a><\/h4>\n                    <\/div>\n                <\/div>\n            <\/div><!--\/.col-->\n                        <div class=\"col\">\n                <div onclick=\"location.href='https:\/\/maritech.com\/no\/vare-losninger-analytics\/'\" class=\"post-card\">\n                    <div class=\"img-wrap\">\n\t\t\t\t\t\t<img decoding=\"async\" width=\"1024\" height=\"455\" src=\"https:\/\/maritech.com\/wp-content\/uploads\/2021\/05\/analytics.jpg\" class=\"attachment-large size-large wp-post-image\" alt=\"Analytics\" srcset=\"https:\/\/maritech.com\/wp-content\/uploads\/2021\/05\/analytics.jpg 1024w, https:\/\/maritech.com\/wp-content\/uploads\/2021\/05\/analytics-300x133.jpg 300w, https:\/\/maritech.com\/wp-content\/uploads\/2021\/05\/analytics-768x341.jpg 768w, https:\/\/maritech.com\/wp-content\/uploads\/2021\/05\/analytics-260x116.jpg 260w\" sizes=\"(max-width: 1024px) 100vw, 1024px\" \/>                    <\/div>\n                    <div class=\"info-wrap\">\n                                                <h4><a href=\"https:\/\/maritech.com\/no\/vare-losninger-analytics\/\"> <span class=\"lastword\"> Analytics <svg fill=\"none\" height=\"16\" viewBox=\"0 0 21 16\" width=\"21\" xmlns=\"http:\/\/www.w3.org\/2000\/svg\"><path d=\"m12.2646 1.0521 5.615 5.7114h-17.8796v1.503h17.8796l-5.615 5.7114 1.0343 1.0521 7.3883-7.515-7.3883-7.515z\" fill=\"#446bf9\"\/><\/svg><\/span><\/a><\/h4>\n                    <\/div>\n                <\/div>\n            <\/div><!--\/.col-->\n                    <\/div><!--\/.row-->\n            <\/div><!--\/.container-fluid-->\n<\/section>\n\n\n<section class=\"alignfull block newsletter-form dark-blue\">\n    <div class=\"content-max-wrapper\">\n                    <div class=\"content-max-wrapper__text\">\n                <h3 class=\"h3\">Ikke g\u00e5 glipp av noe! Abonner p\u00e5 v\u00e5rt nyhetsbrev<\/h3>\n            <\/div>\n                <!--[if lte IE 8]>\r\n<script charset=\"utf-8\" type=\"text\/javascript\" src=\"\/\/js-eu1.hsforms.net\/forms\/v2-legacy.js\"><\/script>\r\n<![endif]-->\r\n<script charset=\"utf-8\" type=\"text\/javascript\" src=\"\/\/js-eu1.hsforms.net\/forms\/v2.js\"><\/script>\r\n<script>\r\n  hbspt.forms.create({\r\n    region: \"eu1\",\r\n    portalId: \"25031368\",\r\n    formId: \"810e627a-049b-49de-b096-e08125e0e7e6\"\r\n});\r\n<\/script>    <div>\n<\/section>\n","protected":false},"excerpt":{"rendered":"","protected":false},"author":11,"featured_media":2552,"parent":0,"menu_order":0,"comment_status":"closed","ping_status":"closed","template":"","meta":{"_acf_changed":false,"content-type":"","lazy_load_responsive_images_disabled":false,"footnotes":""},"class_list":["post-9618","page","type-page","status-publish","has-post-thumbnail","hentry"],"acf":[],"yoast_head":"<!-- This site is optimized with the Yoast SEO Premium plugin v21.8 (Yoast SEO v26.8) - https:\/\/yoast.com\/product\/yoast-seo-premium-wordpress\/ -->\n<title>Gj\u00f8r Claims-prosessen enklere og smartere - Maritech<\/title>\n<meta name=\"description\" content=\"H\u00e5ndter all kommunikasjon og administrasjon i ett system - alle trinn fra registrering til overf\u00f8ring av kredittnotater og debetkj\u00f8p.\" \/>\n<meta name=\"robots\" content=\"index, follow, max-snippet:-1, max-image-preview:large, max-video-preview:-1\" \/>\n<link rel=\"canonical\" href=\"https:\/\/maritech.com\/no\/claims\/\" \/>\n<meta property=\"og:locale\" content=\"nb_NO\" \/>\n<meta property=\"og:type\" content=\"article\" \/>\n<meta property=\"og:title\" content=\"Claims\" \/>\n<meta property=\"og:description\" content=\"H\u00e5ndter all kommunikasjon og administrasjon i ett system - alle trinn fra registrering til overf\u00f8ring av kredittnotater og debetkj\u00f8p.\" \/>\n<meta property=\"og:url\" content=\"https:\/\/maritech.com\/no\/claims\/\" \/>\n<meta property=\"og:site_name\" content=\"Maritech\" \/>\n<meta property=\"article:modified_time\" content=\"2024-07-08T16:28:27+00:00\" \/>\n<meta property=\"og:image\" content=\"https:\/\/maritech.com\/wp-content\/uploads\/2019\/02\/Ziggi-Maritech_IMG7844-web-scaled.jpg\" \/>\n\t<meta property=\"og:image:width\" content=\"5742\" \/>\n\t<meta property=\"og:image:height\" content=\"3830\" \/>\n\t<meta property=\"og:image:type\" content=\"image\/jpeg\" \/>\n<meta name=\"twitter:card\" content=\"summary_large_image\" \/>\n<meta name=\"twitter:label1\" content=\"Ansl. lesetid\" \/>\n\t<meta name=\"twitter:data1\" content=\"1 minutt\" \/>\n<script type=\"application\/ld+json\" class=\"yoast-schema-graph\">{\"@context\":\"https:\/\/schema.org\",\"@graph\":[{\"@type\":\"WebPage\",\"@id\":\"https:\/\/maritech.com\/no\/claims\/\",\"url\":\"https:\/\/maritech.com\/no\/claims\/\",\"name\":\"Gj\u00f8r Claims-prosessen enklere og smartere - Maritech\",\"isPartOf\":{\"@id\":\"https:\/\/maritech.com\/no\/#website\"},\"primaryImageOfPage\":{\"@id\":\"https:\/\/maritech.com\/no\/claims\/#primaryimage\"},\"image\":{\"@id\":\"https:\/\/maritech.com\/no\/claims\/#primaryimage\"},\"thumbnailUrl\":\"https:\/\/maritech.com\/wp-content\/uploads\/2019\/02\/Ziggi-Maritech_IMG7844-web-scaled.jpg\",\"datePublished\":\"2021-08-03T06:50:32+00:00\",\"dateModified\":\"2024-07-08T16:28:27+00:00\",\"description\":\"H\u00e5ndter all kommunikasjon og administrasjon i ett system - alle trinn fra registrering til overf\u00f8ring av kredittnotater og debetkj\u00f8p.\",\"breadcrumb\":{\"@id\":\"https:\/\/maritech.com\/no\/claims\/#breadcrumb\"},\"inLanguage\":\"nb-NO\",\"potentialAction\":[{\"@type\":\"ReadAction\",\"target\":[\"https:\/\/maritech.com\/no\/claims\/\"]}]},{\"@type\":\"ImageObject\",\"inLanguage\":\"nb-NO\",\"@id\":\"https:\/\/maritech.com\/no\/claims\/#primaryimage\",\"url\":\"https:\/\/maritech.com\/wp-content\/uploads\/2019\/02\/Ziggi-Maritech_IMG7844-web-scaled.jpg\",\"contentUrl\":\"https:\/\/maritech.com\/wp-content\/uploads\/2019\/02\/Ziggi-Maritech_IMG7844-web-scaled.jpg\",\"width\":5742,\"height\":3830,\"caption\":\"Salmon. Maritech. Vikenco. DigitalSeafood. Photo copyright Zbigniew \u00abZiggi\u00bb Wantuch\"},{\"@type\":\"BreadcrumbList\",\"@id\":\"https:\/\/maritech.com\/no\/claims\/#breadcrumb\",\"itemListElement\":[{\"@type\":\"ListItem\",\"position\":1,\"name\":\"Home\",\"item\":\"https:\/\/maritech.com\/no\/\"},{\"@type\":\"ListItem\",\"position\":2,\"name\":\"Claims\"}]},{\"@type\":\"WebSite\",\"@id\":\"https:\/\/maritech.com\/no\/#website\",\"url\":\"https:\/\/maritech.com\/no\/\",\"name\":\"Maritech\",\"description\":\"\",\"publisher\":{\"@id\":\"https:\/\/maritech.com\/no\/#organization\"},\"potentialAction\":[{\"@type\":\"SearchAction\",\"target\":{\"@type\":\"EntryPoint\",\"urlTemplate\":\"https:\/\/maritech.com\/no\/?s={search_term_string}\"},\"query-input\":{\"@type\":\"PropertyValueSpecification\",\"valueRequired\":true,\"valueName\":\"search_term_string\"}}],\"inLanguage\":\"nb-NO\"},{\"@type\":\"Organization\",\"@id\":\"https:\/\/maritech.com\/no\/#organization\",\"name\":\"Maritech\",\"url\":\"https:\/\/maritech.com\/no\/\",\"logo\":{\"@type\":\"ImageObject\",\"inLanguage\":\"nb-NO\",\"@id\":\"https:\/\/maritech.com\/no\/#\/schema\/logo\/image\/\",\"url\":\"https:\/\/maritech.com\/wp-content\/uploads\/2024\/07\/Maritech-Logo-Co-Brand-WHITE.png\",\"contentUrl\":\"https:\/\/maritech.com\/wp-content\/uploads\/2024\/07\/Maritech-Logo-Co-Brand-WHITE.png\",\"width\":3336,\"height\":890,\"caption\":\"Maritech\"},\"image\":{\"@id\":\"https:\/\/maritech.com\/no\/#\/schema\/logo\/image\/\"}}]}<\/script>\n<!-- \/ Yoast SEO Premium plugin. -->","yoast_head_json":{"title":"Gj\u00f8r Claims-prosessen enklere og smartere - Maritech","description":"H\u00e5ndter all kommunikasjon og administrasjon i ett system - alle trinn fra registrering til overf\u00f8ring av kredittnotater og debetkj\u00f8p.","robots":{"index":"index","follow":"follow","max-snippet":"max-snippet:-1","max-image-preview":"max-image-preview:large","max-video-preview":"max-video-preview:-1"},"canonical":"https:\/\/maritech.com\/no\/claims\/","og_locale":"nb_NO","og_type":"article","og_title":"Claims","og_description":"H\u00e5ndter all kommunikasjon og administrasjon i ett system - alle trinn fra registrering til overf\u00f8ring av kredittnotater og debetkj\u00f8p.","og_url":"https:\/\/maritech.com\/no\/claims\/","og_site_name":"Maritech","article_modified_time":"2024-07-08T16:28:27+00:00","og_image":[{"width":5742,"height":3830,"url":"https:\/\/maritech.com\/wp-content\/uploads\/2019\/02\/Ziggi-Maritech_IMG7844-web-scaled.jpg","type":"image\/jpeg"}],"twitter_card":"summary_large_image","twitter_misc":{"Ansl. lesetid":"1 minutt"},"schema":{"@context":"https:\/\/schema.org","@graph":[{"@type":"WebPage","@id":"https:\/\/maritech.com\/no\/claims\/","url":"https:\/\/maritech.com\/no\/claims\/","name":"Gj\u00f8r Claims-prosessen enklere og smartere - Maritech","isPartOf":{"@id":"https:\/\/maritech.com\/no\/#website"},"primaryImageOfPage":{"@id":"https:\/\/maritech.com\/no\/claims\/#primaryimage"},"image":{"@id":"https:\/\/maritech.com\/no\/claims\/#primaryimage"},"thumbnailUrl":"https:\/\/maritech.com\/wp-content\/uploads\/2019\/02\/Ziggi-Maritech_IMG7844-web-scaled.jpg","datePublished":"2021-08-03T06:50:32+00:00","dateModified":"2024-07-08T16:28:27+00:00","description":"H\u00e5ndter all kommunikasjon og administrasjon i ett system - alle trinn fra registrering til overf\u00f8ring av kredittnotater og debetkj\u00f8p.","breadcrumb":{"@id":"https:\/\/maritech.com\/no\/claims\/#breadcrumb"},"inLanguage":"nb-NO","potentialAction":[{"@type":"ReadAction","target":["https:\/\/maritech.com\/no\/claims\/"]}]},{"@type":"ImageObject","inLanguage":"nb-NO","@id":"https:\/\/maritech.com\/no\/claims\/#primaryimage","url":"https:\/\/maritech.com\/wp-content\/uploads\/2019\/02\/Ziggi-Maritech_IMG7844-web-scaled.jpg","contentUrl":"https:\/\/maritech.com\/wp-content\/uploads\/2019\/02\/Ziggi-Maritech_IMG7844-web-scaled.jpg","width":5742,"height":3830,"caption":"Salmon. Maritech. Vikenco. DigitalSeafood. Photo copyright Zbigniew \u00abZiggi\u00bb Wantuch"},{"@type":"BreadcrumbList","@id":"https:\/\/maritech.com\/no\/claims\/#breadcrumb","itemListElement":[{"@type":"ListItem","position":1,"name":"Home","item":"https:\/\/maritech.com\/no\/"},{"@type":"ListItem","position":2,"name":"Claims"}]},{"@type":"WebSite","@id":"https:\/\/maritech.com\/no\/#website","url":"https:\/\/maritech.com\/no\/","name":"Maritech","description":"","publisher":{"@id":"https:\/\/maritech.com\/no\/#organization"},"potentialAction":[{"@type":"SearchAction","target":{"@type":"EntryPoint","urlTemplate":"https:\/\/maritech.com\/no\/?s={search_term_string}"},"query-input":{"@type":"PropertyValueSpecification","valueRequired":true,"valueName":"search_term_string"}}],"inLanguage":"nb-NO"},{"@type":"Organization","@id":"https:\/\/maritech.com\/no\/#organization","name":"Maritech","url":"https:\/\/maritech.com\/no\/","logo":{"@type":"ImageObject","inLanguage":"nb-NO","@id":"https:\/\/maritech.com\/no\/#\/schema\/logo\/image\/","url":"https:\/\/maritech.com\/wp-content\/uploads\/2024\/07\/Maritech-Logo-Co-Brand-WHITE.png","contentUrl":"https:\/\/maritech.com\/wp-content\/uploads\/2024\/07\/Maritech-Logo-Co-Brand-WHITE.png","width":3336,"height":890,"caption":"Maritech"},"image":{"@id":"https:\/\/maritech.com\/no\/#\/schema\/logo\/image\/"}}]}},"jetpack_sharing_enabled":true,"_links":{"self":[{"href":"https:\/\/maritech.com\/no\/wp-json\/wp\/v2\/pages\/9618","targetHints":{"allow":["GET"]}}],"collection":[{"href":"https:\/\/maritech.com\/no\/wp-json\/wp\/v2\/pages"}],"about":[{"href":"https:\/\/maritech.com\/no\/wp-json\/wp\/v2\/types\/page"}],"author":[{"embeddable":true,"href":"https:\/\/maritech.com\/no\/wp-json\/wp\/v2\/users\/11"}],"replies":[{"embeddable":true,"href":"https:\/\/maritech.com\/no\/wp-json\/wp\/v2\/comments?post=9618"}],"version-history":[{"count":28,"href":"https:\/\/maritech.com\/no\/wp-json\/wp\/v2\/pages\/9618\/revisions"}],"predecessor-version":[{"id":20195,"href":"https:\/\/maritech.com\/no\/wp-json\/wp\/v2\/pages\/9618\/revisions\/20195"}],"wp:featuredmedia":[{"embeddable":true,"href":"https:\/\/maritech.com\/no\/wp-json\/wp\/v2\/media\/2552"}],"wp:attachment":[{"href":"https:\/\/maritech.com\/no\/wp-json\/wp\/v2\/media?parent=9618"}],"curies":[{"name":"wp","href":"https:\/\/api.w.org\/{rel}","templated":true}]}}