{"id":9641,"date":"2021-09-28T14:24:24","date_gmt":"2021-09-28T13:24:24","guid":{"rendered":"https:\/\/maritech.com\/processing\/"},"modified":"2024-07-08T12:54:31","modified_gmt":"2024-07-08T11:54:31","slug":"processing","status":"publish","type":"page","link":"https:\/\/maritech.com\/no\/vare-losninger-sjomatproduksjon\/processing\/","title":{"rendered":"Processing"},"content":{"rendered":"\n<section class=\"hero block alignfull bg-image grad-light\" style=\"background-image: url('https:\/\/maritech.com\/wp-content\/uploads\/2021\/08\/MFI_1168-Copy-1500x1000.jpg'); \" >\n    <div class=\"container-fluid\">\n        <div class=\"hero-content\">\n                        <div class=\"editor-content\">\n                <h1 class=\"title\"><span style=\"color: #ffffff;\">Maritech Processing<\/span><\/h1>\n<p class=\"preamble\"><span style=\"color: #ffffff;\">Verdifull og detaljert innsikt og kontroll i produksjonslinjen &#8211; sporing av all emballasje og alle ingredienser.<\/span><\/p>\n            <\/div>\n            <div class=\"button-wrap left\"><a class=\"btn btn-primary\" href=\"https:\/\/demo.dev.maritech.cloud\/START\/Introduction\" target=\"_blank\" title=\"Se inn i programvaren v\u00e5r\">Se inn i programvaren v\u00e5r<\/a><\/div>        <\/div><!--\/.hero-content-->\n    <\/div><!--\/.container-fluid-->\n<\/section>\n\n\n\n<section class=\"breadcrumb-section block alignfull\">\n    <div class=\"container-fluid\">\n        <p class=\"breadcrumbs\"><span><span><a href=\"https:\/\/maritech.com\/no\/\"><span class=\"d-none\">Home<\/span><svg xmlns=\"http:\/\/www.w3.org\/2000\/svg\" xmlns:xlink=\"http:\/\/www.w3.org\/1999\/xlink\" contentScriptType=\"text\/ecmascript\" contentStyleType=\"text\/css\" enable-background=\"new 0 0 2048 2048\" height=\"2048px\" id=\"Layer_1\" preserveAspectRatio=\"xMidYMid meet\" version=\"1.1\" viewBox=\"25.33300018310547 0 1613.333984375 2048\" width=\"1613.333984375px\" xml:space=\"preserve\" zoomAndPan=\"magnify\" style=\"&#10;    width: 20px;&#10;\"><path d=\"M1408,1120v480c0,17.333-6.333,32.333-19,45s-27.667,19-45,19H960v-384H704v384H320c-17.333,0-32.333-6.333-45-19  s-19-27.667-19-45v-480c0-0.667,0.167-1.667,0.5-3s0.5-2.333,0.5-3l575-474l575,474C1407.667,1115.333,1408,1117.333,1408,1120z   M1631,1051l-62,74c-5.333,6-12.333,9.667-21,11h-3c-8.667,0-15.667-2.333-21-7L832,552l-692,577c-8,5.333-16,7.667-24,7  c-8.667-1.333-15.667-5-21-11l-62-74c-5.333-6.667-7.667-14.5-7-23.5s4.333-16.167,11-21.5l719-599c21.333-17.333,46.667-26,76-26  s54.667,8.667,76,26l244,204V416c0-9.333,3-17,9-23s13.667-9,23-9h192c9.333,0,17,3,23,9s9,13.667,9,23v408l219,182  c6.667,5.333,10.333,12.5,11,21.5S1636.333,1044.333,1631,1051z\"\/><\/svg><\/a><\/span><\/span><\/p>    <\/div>\n<\/section>\n\n<section class=\"page-content block alignfull\">\n    <div class=\"container-fluid\">\n        <div class=\"content-wrapper\">\n            <div class=\"editor-content\">\n                <h2>Sj\u00f8matprosessering<\/h2>\n<p class=\"preamble\">Overv\u00e5k og kontroller marginene, beregn og spor kostnader i hvert trinn, og f\u00e5 full sporbarhet for produksjonen din.<\/p>\n<p>Maritech Primary Processing er et verkt\u00f8y som tilbyr deg fleksible funksjoner, skreddersydd for alle n\u00f8dvendige trinn i prim\u00e6r sj\u00f8matproduksjon. Systemet gir avansert kontroll av avkastningen gjennom alle produksjonstrinn, og lagerverdi-beregning som kan tilpasses. Alle n\u00f8dvendige elementer spores for \u00e5 sikre at ferdige produkter kan knyttes til b\u00e5de r\u00e5varepartier og opprinnelses- og emballasjepartier. Materialregningen og produksjonsdetaljene h\u00e5ndterer forskjellige kostnader for \u00e5 sikre riktig lagerverdi p\u00e5 de ferdige varene. Track &amp; Trace, periodiske kostnadsrapporter, prognoser, rapportering og lagerstyring er andre eksempler p\u00e5 funksjonaliteten som er tilgjengelig for deg i systemet.<\/p>\n            <\/div><!--\/.editor-content-->\n        <\/div><!--\/.content-wrapper-->\n    <\/div><!--\/.container-fluid-->\n<\/section>\n\n\n<section class=\"video-content block alignfull content-right\">\n\t<div class=\"container-fluid-xl\">\n\t\t<div class=\"row\">\n\n\t\t\t<div class=\"col content-col\">\n\t\t\t\t<div class=\"inner-content\">\n\t\t\t\t\t\t\t\t\t\t\t<div class=\"editor-content\">\n\t\t\t\t\t\t\t<h2 class=\"h3\">B\u00e6rekraft<\/h2>\n<p>Maritech Processing lar deg kontrollere og m\u00e5le avfallet ditt, b\u00e5de fra prim\u00e6r og sekund\u00e6r prosessering. I Primary Processing f\u00e5r du ogs\u00e5 bi-produktkontroll.<\/p>\n<p>Sammen med data fra andre deler av verdikjeden for prosessering, gj\u00f8r denne informasjonen det lettere \u00e5 identifisere faktorer som \u00f8ker eller kan redusere mengden avfall i anlegget ditt. Det lar deg ogs\u00e5 sammenligne ulike anlegg for \u00e5 optimalisere prosesser p\u00e5 tvers, slik at du f\u00e5r en mer b\u00e6rekraftig og l\u00f8nnsom drift.<\/p>\n\t\t\t\t\t\t<\/div>\n\t\t\t\t\t\t\t\t\t<\/div><!--\/.inner-content-->\n\t\t\t<\/div><!--\/.col-->\n\n\t\t\t<div class=\"col image-col\">\n\t\t\t\t\t\t\t\t\t<img decoding=\"async\" width=\"1000\" height=\"750\" src=\"https:\/\/maritech.com\/wp-content\/uploads\/2019\/02\/Ziggi-Maritech-_IMG7667-1366px-WiP-1000x750.jpg\" class=\"cover\" alt=\"\" \/>\t\t\t\t\t\t\t<\/div><!--\/.col-->\n\n\t\t<\/div><!--\/.row-->\n\t<\/div><!--\/.container-fluid-xl-->\n<\/section>\n\n\n<section class=\"page-content block alignfull\">\n    <div class=\"container-fluid\">\n        <div class=\"content-wrapper\">\n            <div class=\"editor-content\">\n                <h2 class=\"h2\">Secondary Processing<\/h2>\n<p>Maritech Secondary Processing er et verkt\u00f8y med fleksible funksjoner som inneholder alle n\u00f8dvendige trinn for \u00e5 produsere forbruksvarer.<\/p>\n<p>L\u00f8sningen lar deg fordele kostnader p\u00e5 alle produksjonsstadier, administrere produksjon og planlegging gjennom brukerdefinerte stykklister, samtidig som den gir full sporbarhet for alle r\u00e5varer, emballasje og ferdige varer. Du f\u00e5r full oversikt over r\u00e5varer som brukes mot ferdige varer, og oppskriften og produksjonsdetaljene h\u00e5ndterer ulike kostnader for \u00e5 sikre n\u00f8yaktig lagervurdering p\u00e5 alle ferdige varer. \u00d8kt fokus fra b\u00e5de myndigheter og markeder p\u00e5 b\u00e6rekraft og sporbarhet krever programvarel\u00f8sninger som oppfyller disse kravene.<\/p>\n            <\/div><!--\/.editor-content-->\n        <\/div><!--\/.content-wrapper-->\n    <\/div><!--\/.container-fluid-->\n<\/section>\n\n<section  class=\"request-form block alignfull sm\">\n    <div class=\"container-fluid\">\n        <div class=\"block-container\">\n            <div class=\"content-wrap\">\n                                    <h4>Interessert i \u00e5 vite mer?<\/h4>\n                                            <\/div>\n            <div class=\"form-wrap\">\n                                                    <div class=\"button-wrap left\">\n                        <a class=\"btn\" href=\"https:\/\/share-eu1.hsforms.com\/1N64zSG_iQh6EJmgag0ox5Qewibs\" title=\"Kontakt oss her!\">\n                            Kontakt oss her!                        <\/a>\n                    <\/div>\n                            <\/div>\n        <\/div>\n    <\/div>\n<\/section>\n\n\n<section class=\"page-cards block alignfull\">\n    <div class=\"container-fluid\">\n        <div class=\"title-wrap\">\n            <h2 class=\"heading h2\">Les ogs\u00e5<\/h2>        <\/div><!--\/.title-wrap-->\n                <div class=\"row\">\n                        <div class=\"col\">\n                <div onclick=\"location.href='https:\/\/maritech.com\/no\/vare-losninger-sjomatproduksjon\/maritech-eye\/'\" class=\"post-card\">\n                    <div class=\"img-wrap\">\n                        \t\t\t\t\t\t\t<img decoding=\"async\" width=\"1024\" height=\"516\" src=\"https:\/\/maritech.com\/wp-content\/uploads\/2021\/08\/DSC07550-2-1-1024x516.jpg\" class=\"attachment-large size-large wp-post-image\" alt=\"Maritech Eye\u2122\" srcset=\"https:\/\/maritech.com\/wp-content\/uploads\/2021\/08\/DSC07550-2-1-1024x516.jpg 1024w, https:\/\/maritech.com\/wp-content\/uploads\/2021\/08\/DSC07550-2-1-300x151.jpg 300w, https:\/\/maritech.com\/wp-content\/uploads\/2021\/08\/DSC07550-2-1-768x387.jpg 768w, https:\/\/maritech.com\/wp-content\/uploads\/2021\/08\/DSC07550-2-1-1536x774.jpg 1536w, https:\/\/maritech.com\/wp-content\/uploads\/2021\/08\/DSC07550-2-1-2048x1032.jpg 2048w, https:\/\/maritech.com\/wp-content\/uploads\/2021\/08\/DSC07550-2-1-1920x968.jpg 1920w, https:\/\/maritech.com\/wp-content\/uploads\/2021\/08\/DSC07550-2-1-260x131.jpg 260w\" sizes=\"(max-width: 1024px) 100vw, 1024px\" \/>                                            <\/div>\n                    <div class=\"info-wrap\">\n                                                <h4><a href=\"https:\/\/maritech.com\/no\/vare-losninger-sjomatproduksjon\/maritech-eye\/\">Maritech  <span class=\"lastword\">Eye\u2122 <svg fill=\"none\" height=\"16\" viewBox=\"0 0 21 16\" width=\"21\" xmlns=\"http:\/\/www.w3.org\/2000\/svg\"><path d=\"m12.2646 1.0521 5.615 5.7114h-17.8796v1.503h17.8796l-5.615 5.7114 1.0343 1.0521 7.3883-7.515-7.3883-7.515z\" fill=\"#446bf9\"\/><\/svg><\/span><\/a><\/h4>\n                                            <\/div>\n                <\/div>\n            <\/div><!--\/.col-->\n                        <div class=\"col\">\n                <div onclick=\"location.href='https:\/\/maritech.com\/no\/vare-losninger-sjomatproduksjon\/quality-tracking\/'\" class=\"post-card\">\n                    <div class=\"img-wrap\">\n                        \t\t\t\t\t\t\t<img decoding=\"async\" width=\"1024\" height=\"680\" src=\"https:\/\/maritech.com\/wp-content\/uploads\/2019\/02\/Ziggi-Maritech_IMG7499-1024x680.jpg\" class=\"attachment-large size-large wp-post-image\" alt=\"Quality Tracking\" srcset=\"https:\/\/maritech.com\/wp-content\/uploads\/2019\/02\/Ziggi-Maritech_IMG7499-1024x680.jpg 1024w, https:\/\/maritech.com\/wp-content\/uploads\/2019\/02\/Ziggi-Maritech_IMG7499-300x199.jpg 300w, https:\/\/maritech.com\/wp-content\/uploads\/2019\/02\/Ziggi-Maritech_IMG7499-768x510.jpg 768w, https:\/\/maritech.com\/wp-content\/uploads\/2019\/02\/Ziggi-Maritech_IMG7499-1920x1275.jpg 1920w, https:\/\/maritech.com\/wp-content\/uploads\/2019\/02\/Ziggi-Maritech_IMG7499-260x173.jpg 260w\" sizes=\"(max-width: 1024px) 100vw, 1024px\" \/>                                            <\/div>\n                    <div class=\"info-wrap\">\n                                                <h4><a href=\"https:\/\/maritech.com\/no\/vare-losninger-sjomatproduksjon\/quality-tracking\/\">Quality  <span class=\"lastword\">Tracking <svg fill=\"none\" height=\"16\" viewBox=\"0 0 21 16\" width=\"21\" xmlns=\"http:\/\/www.w3.org\/2000\/svg\"><path d=\"m12.2646 1.0521 5.615 5.7114h-17.8796v1.503h17.8796l-5.615 5.7114 1.0343 1.0521 7.3883-7.515-7.3883-7.515z\" fill=\"#446bf9\"\/><\/svg><\/span><\/a><\/h4>\n                                            <\/div>\n                <\/div>\n            <\/div><!--\/.col-->\n                        <div class=\"col\">\n                <div onclick=\"location.href='https:\/\/maritech.com\/no\/vare-losninger-analytics\/'\" class=\"post-card\">\n                    <div class=\"img-wrap\">\n                        \t\t\t\t\t\t\t<img decoding=\"async\" width=\"1024\" height=\"455\" src=\"https:\/\/maritech.com\/wp-content\/uploads\/2021\/05\/analytics.jpg\" class=\"attachment-large size-large wp-post-image\" alt=\"Analytics\" srcset=\"https:\/\/maritech.com\/wp-content\/uploads\/2021\/05\/analytics.jpg 1024w, https:\/\/maritech.com\/wp-content\/uploads\/2021\/05\/analytics-300x133.jpg 300w, https:\/\/maritech.com\/wp-content\/uploads\/2021\/05\/analytics-768x341.jpg 768w, https:\/\/maritech.com\/wp-content\/uploads\/2021\/05\/analytics-260x116.jpg 260w\" sizes=\"(max-width: 1024px) 100vw, 1024px\" \/>                                            <\/div>\n                    <div class=\"info-wrap\">\n                                                <h4><a href=\"https:\/\/maritech.com\/no\/vare-losninger-analytics\/\"> <span class=\"lastword\">Analytics <svg fill=\"none\" height=\"16\" viewBox=\"0 0 21 16\" width=\"21\" xmlns=\"http:\/\/www.w3.org\/2000\/svg\"><path d=\"m12.2646 1.0521 5.615 5.7114h-17.8796v1.503h17.8796l-5.615 5.7114 1.0343 1.0521 7.3883-7.515-7.3883-7.515z\" fill=\"#446bf9\"\/><\/svg><\/span><\/a><\/h4>\n                                            <\/div>\n                <\/div>\n            <\/div><!--\/.col-->\n                    <\/div><!--\/.row-->\n            <\/div><!--\/.container-fluid-->\n<\/section>\n\n\n<section class=\"alignfull block newsletter-form dark-blue\">\n    <div class=\"content-max-wrapper\">\n                    <div class=\"content-max-wrapper__text\">\n                <h3 class=\"h3\">Motta nyheter og invitasjoner fra Maritech<\/h3>\n            <\/div>\n                <!--[if lte IE 8]>\r\n<script charset=\"utf-8\" type=\"text\/javascript\" src=\"\/\/js-eu1.hsforms.net\/forms\/v2-legacy.js\"><\/script>\r\n<![endif]-->\r\n<script charset=\"utf-8\" type=\"text\/javascript\" src=\"\/\/js-eu1.hsforms.net\/forms\/v2.js\"><\/script>\r\n<script>\r\n  hbspt.forms.create({\r\n    region: \"eu1\",\r\n    portalId: \"25031368\",\r\n    formId: \"810e627a-049b-49de-b096-e08125e0e7e6\"\r\n});\r\n<\/script>    <div>\n<\/section>\n","protected":false},"excerpt":{"rendered":"","protected":false},"author":11,"featured_media":2271,"parent":9661,"menu_order":0,"comment_status":"closed","ping_status":"closed","template":"","meta":{"_acf_changed":false,"content-type":"","lazy_load_responsive_images_disabled":false,"footnotes":""},"class_list":["post-9641","page","type-page","status-publish","has-post-thumbnail","hentry"],"acf":[],"yoast_head":"<!-- This site is optimized with the Yoast SEO Premium plugin v21.8 (Yoast SEO v26.8) - https:\/\/yoast.com\/product\/yoast-seo-premium-wordpress\/ -->\n<title>Maritech Processing - Full sporing og kostnadskontroll<\/title>\n<meta name=\"description\" content=\"Sikre verdifull og detaljert innsikt og kontroll i produksjonslinjen, sporbarhet for alle elementer og sporing av emballasje og ingredienser.\" \/>\n<meta name=\"robots\" content=\"index, follow, max-snippet:-1, max-image-preview:large, max-video-preview:-1\" \/>\n<link rel=\"canonical\" href=\"https:\/\/maritech.com\/no\/vare-losninger-sjomatproduksjon\/processing\/\" \/>\n<meta property=\"og:locale\" content=\"nb_NO\" \/>\n<meta property=\"og:type\" content=\"article\" \/>\n<meta property=\"og:title\" content=\"Processing\" \/>\n<meta property=\"og:description\" content=\"Sikre verdifull og detaljert innsikt og kontroll i produksjonslinjen, sporbarhet for alle elementer og sporing av emballasje og ingredienser.\" \/>\n<meta property=\"og:url\" content=\"https:\/\/maritech.com\/no\/vare-losninger-sjomatproduksjon\/processing\/\" \/>\n<meta property=\"og:site_name\" content=\"Maritech\" \/>\n<meta property=\"article:modified_time\" content=\"2024-07-08T11:54:31+00:00\" \/>\n<meta property=\"og:image\" content=\"https:\/\/maritech.com\/wp-content\/uploads\/2019\/02\/Ziggi-Maritech-_IMG7188-1366px-WiP.jpg\" \/>\n\t<meta property=\"og:image:width\" content=\"1366\" \/>\n\t<meta property=\"og:image:height\" content=\"911\" \/>\n\t<meta property=\"og:image:type\" content=\"image\/jpeg\" \/>\n<meta name=\"twitter:card\" content=\"summary_large_image\" \/>\n<meta name=\"twitter:label1\" content=\"Ansl. lesetid\" \/>\n\t<meta name=\"twitter:data1\" content=\"1 minutt\" \/>\n<script type=\"application\/ld+json\" class=\"yoast-schema-graph\">{\"@context\":\"https:\/\/schema.org\",\"@graph\":[{\"@type\":\"WebPage\",\"@id\":\"https:\/\/maritech.com\/no\/vare-losninger-sjomatproduksjon\/processing\/\",\"url\":\"https:\/\/maritech.com\/no\/vare-losninger-sjomatproduksjon\/processing\/\",\"name\":\"Maritech Processing - Full sporing og kostnadskontroll\",\"isPartOf\":{\"@id\":\"https:\/\/maritech.com\/no\/#website\"},\"primaryImageOfPage\":{\"@id\":\"https:\/\/maritech.com\/no\/vare-losninger-sjomatproduksjon\/processing\/#primaryimage\"},\"image\":{\"@id\":\"https:\/\/maritech.com\/no\/vare-losninger-sjomatproduksjon\/processing\/#primaryimage\"},\"thumbnailUrl\":\"https:\/\/maritech.com\/wp-content\/uploads\/2019\/02\/Ziggi-Maritech-_IMG7188-1366px-WiP.jpg\",\"datePublished\":\"2021-09-28T13:24:24+00:00\",\"dateModified\":\"2024-07-08T11:54:31+00:00\",\"description\":\"Sikre verdifull og detaljert innsikt og kontroll i produksjonslinjen, sporbarhet for alle elementer og sporing av emballasje og ingredienser.\",\"breadcrumb\":{\"@id\":\"https:\/\/maritech.com\/no\/vare-losninger-sjomatproduksjon\/processing\/#breadcrumb\"},\"inLanguage\":\"nb-NO\",\"potentialAction\":[{\"@type\":\"ReadAction\",\"target\":[\"https:\/\/maritech.com\/no\/vare-losninger-sjomatproduksjon\/processing\/\"]}]},{\"@type\":\"ImageObject\",\"inLanguage\":\"nb-NO\",\"@id\":\"https:\/\/maritech.com\/no\/vare-losninger-sjomatproduksjon\/processing\/#primaryimage\",\"url\":\"https:\/\/maritech.com\/wp-content\/uploads\/2019\/02\/Ziggi-Maritech-_IMG7188-1366px-WiP.jpg\",\"contentUrl\":\"https:\/\/maritech.com\/wp-content\/uploads\/2019\/02\/Ziggi-Maritech-_IMG7188-1366px-WiP.jpg\",\"width\":1366,\"height\":911,\"caption\":\"Whitefish illustration, credit: Ziggi Wantuch\"},{\"@type\":\"BreadcrumbList\",\"@id\":\"https:\/\/maritech.com\/no\/vare-losninger-sjomatproduksjon\/processing\/#breadcrumb\",\"itemListElement\":[{\"@type\":\"ListItem\",\"position\":1,\"name\":\"Home\",\"item\":\"https:\/\/maritech.com\/no\/\"},{\"@type\":\"ListItem\",\"position\":2,\"name\":\"V\u00e5re l\u00f8sninger &#8211; Sj\u00f8matproduksjon\",\"item\":\"https:\/\/maritech.com\/no\/vare-losninger-sjomatproduksjon\/\"},{\"@type\":\"ListItem\",\"position\":3,\"name\":\"Processing\"}]},{\"@type\":\"WebSite\",\"@id\":\"https:\/\/maritech.com\/no\/#website\",\"url\":\"https:\/\/maritech.com\/no\/\",\"name\":\"Maritech\",\"description\":\"\",\"publisher\":{\"@id\":\"https:\/\/maritech.com\/no\/#organization\"},\"potentialAction\":[{\"@type\":\"SearchAction\",\"target\":{\"@type\":\"EntryPoint\",\"urlTemplate\":\"https:\/\/maritech.com\/no\/?s={search_term_string}\"},\"query-input\":{\"@type\":\"PropertyValueSpecification\",\"valueRequired\":true,\"valueName\":\"search_term_string\"}}],\"inLanguage\":\"nb-NO\"},{\"@type\":\"Organization\",\"@id\":\"https:\/\/maritech.com\/no\/#organization\",\"name\":\"Maritech\",\"url\":\"https:\/\/maritech.com\/no\/\",\"logo\":{\"@type\":\"ImageObject\",\"inLanguage\":\"nb-NO\",\"@id\":\"https:\/\/maritech.com\/no\/#\/schema\/logo\/image\/\",\"url\":\"https:\/\/maritech.com\/wp-content\/uploads\/2024\/07\/Maritech-Logo-Co-Brand-WHITE.png\",\"contentUrl\":\"https:\/\/maritech.com\/wp-content\/uploads\/2024\/07\/Maritech-Logo-Co-Brand-WHITE.png\",\"width\":3336,\"height\":890,\"caption\":\"Maritech\"},\"image\":{\"@id\":\"https:\/\/maritech.com\/no\/#\/schema\/logo\/image\/\"}}]}<\/script>\n<!-- \/ Yoast SEO Premium plugin. -->","yoast_head_json":{"title":"Maritech Processing - Full sporing og kostnadskontroll","description":"Sikre verdifull og detaljert innsikt og kontroll i produksjonslinjen, sporbarhet for alle elementer og sporing av emballasje og ingredienser.","robots":{"index":"index","follow":"follow","max-snippet":"max-snippet:-1","max-image-preview":"max-image-preview:large","max-video-preview":"max-video-preview:-1"},"canonical":"https:\/\/maritech.com\/no\/vare-losninger-sjomatproduksjon\/processing\/","og_locale":"nb_NO","og_type":"article","og_title":"Processing","og_description":"Sikre verdifull og detaljert innsikt og kontroll i produksjonslinjen, sporbarhet for alle elementer og sporing av emballasje og ingredienser.","og_url":"https:\/\/maritech.com\/no\/vare-losninger-sjomatproduksjon\/processing\/","og_site_name":"Maritech","article_modified_time":"2024-07-08T11:54:31+00:00","og_image":[{"width":1366,"height":911,"url":"https:\/\/maritech.com\/wp-content\/uploads\/2019\/02\/Ziggi-Maritech-_IMG7188-1366px-WiP.jpg","type":"image\/jpeg"}],"twitter_card":"summary_large_image","twitter_misc":{"Ansl. lesetid":"1 minutt"},"schema":{"@context":"https:\/\/schema.org","@graph":[{"@type":"WebPage","@id":"https:\/\/maritech.com\/no\/vare-losninger-sjomatproduksjon\/processing\/","url":"https:\/\/maritech.com\/no\/vare-losninger-sjomatproduksjon\/processing\/","name":"Maritech Processing - Full sporing og kostnadskontroll","isPartOf":{"@id":"https:\/\/maritech.com\/no\/#website"},"primaryImageOfPage":{"@id":"https:\/\/maritech.com\/no\/vare-losninger-sjomatproduksjon\/processing\/#primaryimage"},"image":{"@id":"https:\/\/maritech.com\/no\/vare-losninger-sjomatproduksjon\/processing\/#primaryimage"},"thumbnailUrl":"https:\/\/maritech.com\/wp-content\/uploads\/2019\/02\/Ziggi-Maritech-_IMG7188-1366px-WiP.jpg","datePublished":"2021-09-28T13:24:24+00:00","dateModified":"2024-07-08T11:54:31+00:00","description":"Sikre verdifull og detaljert innsikt og kontroll i produksjonslinjen, sporbarhet for alle elementer og sporing av emballasje og ingredienser.","breadcrumb":{"@id":"https:\/\/maritech.com\/no\/vare-losninger-sjomatproduksjon\/processing\/#breadcrumb"},"inLanguage":"nb-NO","potentialAction":[{"@type":"ReadAction","target":["https:\/\/maritech.com\/no\/vare-losninger-sjomatproduksjon\/processing\/"]}]},{"@type":"ImageObject","inLanguage":"nb-NO","@id":"https:\/\/maritech.com\/no\/vare-losninger-sjomatproduksjon\/processing\/#primaryimage","url":"https:\/\/maritech.com\/wp-content\/uploads\/2019\/02\/Ziggi-Maritech-_IMG7188-1366px-WiP.jpg","contentUrl":"https:\/\/maritech.com\/wp-content\/uploads\/2019\/02\/Ziggi-Maritech-_IMG7188-1366px-WiP.jpg","width":1366,"height":911,"caption":"Whitefish illustration, credit: Ziggi Wantuch"},{"@type":"BreadcrumbList","@id":"https:\/\/maritech.com\/no\/vare-losninger-sjomatproduksjon\/processing\/#breadcrumb","itemListElement":[{"@type":"ListItem","position":1,"name":"Home","item":"https:\/\/maritech.com\/no\/"},{"@type":"ListItem","position":2,"name":"V\u00e5re l\u00f8sninger &#8211; Sj\u00f8matproduksjon","item":"https:\/\/maritech.com\/no\/vare-losninger-sjomatproduksjon\/"},{"@type":"ListItem","position":3,"name":"Processing"}]},{"@type":"WebSite","@id":"https:\/\/maritech.com\/no\/#website","url":"https:\/\/maritech.com\/no\/","name":"Maritech","description":"","publisher":{"@id":"https:\/\/maritech.com\/no\/#organization"},"potentialAction":[{"@type":"SearchAction","target":{"@type":"EntryPoint","urlTemplate":"https:\/\/maritech.com\/no\/?s={search_term_string}"},"query-input":{"@type":"PropertyValueSpecification","valueRequired":true,"valueName":"search_term_string"}}],"inLanguage":"nb-NO"},{"@type":"Organization","@id":"https:\/\/maritech.com\/no\/#organization","name":"Maritech","url":"https:\/\/maritech.com\/no\/","logo":{"@type":"ImageObject","inLanguage":"nb-NO","@id":"https:\/\/maritech.com\/no\/#\/schema\/logo\/image\/","url":"https:\/\/maritech.com\/wp-content\/uploads\/2024\/07\/Maritech-Logo-Co-Brand-WHITE.png","contentUrl":"https:\/\/maritech.com\/wp-content\/uploads\/2024\/07\/Maritech-Logo-Co-Brand-WHITE.png","width":3336,"height":890,"caption":"Maritech"},"image":{"@id":"https:\/\/maritech.com\/no\/#\/schema\/logo\/image\/"}}]}},"jetpack_sharing_enabled":true,"_links":{"self":[{"href":"https:\/\/maritech.com\/no\/wp-json\/wp\/v2\/pages\/9641","targetHints":{"allow":["GET"]}}],"collection":[{"href":"https:\/\/maritech.com\/no\/wp-json\/wp\/v2\/pages"}],"about":[{"href":"https:\/\/maritech.com\/no\/wp-json\/wp\/v2\/types\/page"}],"author":[{"embeddable":true,"href":"https:\/\/maritech.com\/no\/wp-json\/wp\/v2\/users\/11"}],"replies":[{"embeddable":true,"href":"https:\/\/maritech.com\/no\/wp-json\/wp\/v2\/comments?post=9641"}],"version-history":[{"count":17,"href":"https:\/\/maritech.com\/no\/wp-json\/wp\/v2\/pages\/9641\/revisions"}],"predecessor-version":[{"id":20164,"href":"https:\/\/maritech.com\/no\/wp-json\/wp\/v2\/pages\/9641\/revisions\/20164"}],"up":[{"embeddable":true,"href":"https:\/\/maritech.com\/no\/wp-json\/wp\/v2\/pages\/9661"}],"wp:featuredmedia":[{"embeddable":true,"href":"https:\/\/maritech.com\/no\/wp-json\/wp\/v2\/media\/2271"}],"wp:attachment":[{"href":"https:\/\/maritech.com\/no\/wp-json\/wp\/v2\/media?parent=9641"}],"curies":[{"name":"wp","href":"https:\/\/api.w.org\/{rel}","templated":true}]}}