{"id":9657,"date":"2021-08-04T14:56:52","date_gmt":"2021-08-04T13:56:52","guid":{"rendered":"https:\/\/maritech.com\/our-solutions-logistics\/"},"modified":"2024-11-19T10:54:24","modified_gmt":"2024-11-19T09:54:24","slug":"vare-losninger-logistikk","status":"publish","type":"page","link":"https:\/\/maritech.com\/no\/vare-losninger-logistikk\/","title":{"rendered":"V\u00e5re l\u00f8sninger &#8211; Logistikk"},"content":{"rendered":"\n<section class=\"hero block alignfull bg-image grad-light hero--small\" style=\"background-image: url('https:\/\/maritech.com\/wp-content\/uploads\/2021\/08\/Skjermbilde-2021-08-04-kl.-15.46.15-1668x1000.jpg'); \" >\n    <div class=\"container-fluid\">\n        <div class=\"hero-content\">\n                        <div class=\"editor-content\">\n                <h1 class=\"title h2\"><span style=\"color: #ffffff;\">Logistikk<\/span><\/h1>\n<p class=\"preamble\"><span style=\"color: #ffffff;\">Lyst p\u00e5 bedre marginer og smart transportstyring med live-kart?\u00a0<\/span><\/p>\n            <\/div>\n            <div class=\"button-wrap left\"><a class=\"btn btn-primary\" href=\"https:\/\/logistics-demo.maritech.cloud\/\" target=\"_blank\" title=\"Sjekk ut v\u00e5re digital demoer\">Sjekk ut v\u00e5re digital demoer<\/a><a class=\"btn btn-outline-white\" href=\"https:\/\/share-eu1.hsforms.com\/1N64zSG_iQh6EJmgag0ox5Qewibs\" target=\"_blank\" title=\"Kontakt oss for \u00e5 l\u00e6re mer\">Kontakt oss for \u00e5 l\u00e6re mer<\/a><\/div>        <\/div><!--\/.hero-content-->\n    <\/div><!--\/.container-fluid-->\n<\/section>\n\n\n\n<section class=\"breadcrumb-section block alignfull\">\n    <div class=\"container-fluid\">\n        <p class=\"breadcrumbs\"><span><span><a href=\"https:\/\/maritech.com\/no\/\"><span class=\"d-none\">Home<\/span><svg xmlns=\"http:\/\/www.w3.org\/2000\/svg\" xmlns:xlink=\"http:\/\/www.w3.org\/1999\/xlink\" contentScriptType=\"text\/ecmascript\" contentStyleType=\"text\/css\" enable-background=\"new 0 0 2048 2048\" height=\"2048px\" id=\"Layer_1\" preserveAspectRatio=\"xMidYMid meet\" version=\"1.1\" viewBox=\"25.33300018310547 0 1613.333984375 2048\" width=\"1613.333984375px\" xml:space=\"preserve\" zoomAndPan=\"magnify\" style=\"&#10;    width: 20px;&#10;\"><path d=\"M1408,1120v480c0,17.333-6.333,32.333-19,45s-27.667,19-45,19H960v-384H704v384H320c-17.333,0-32.333-6.333-45-19  s-19-27.667-19-45v-480c0-0.667,0.167-1.667,0.5-3s0.5-2.333,0.5-3l575-474l575,474C1407.667,1115.333,1408,1117.333,1408,1120z   M1631,1051l-62,74c-5.333,6-12.333,9.667-21,11h-3c-8.667,0-15.667-2.333-21-7L832,552l-692,577c-8,5.333-16,7.667-24,7  c-8.667-1.333-15.667-5-21-11l-62-74c-5.333-6.667-7.667-14.5-7-23.5s4.333-16.167,11-21.5l719-599c21.333-17.333,46.667-26,76-26  s54.667,8.667,76,26l244,204V416c0-9.333,3-17,9-23s13.667-9,23-9h192c9.333,0,17,3,23,9s9,13.667,9,23v408l219,182  c6.667,5.333,10.333,12.5,11,21.5S1636.333,1044.333,1631,1051z\"\/><\/svg><\/a><\/span><\/span><\/p>    <\/div>\n<\/section>\n\n<section class=\"page-content block alignfull\">\n    <div class=\"container-fluid\">\n        <div class=\"content-wrapper\">\n            <div class=\"editor-content\">\n                <h2 class=\"h2\">Effektivt og b\u00e6rekraftig<\/h2>\n<p class=\"normal\">Det handler om \u00e5 f\u00e5 de riktige varene til riktig mottaker, s\u00e5 effektivt, punktlig og b\u00e6rekraftig som mulig.<\/p>\n<p class=\"normal\">Vi hjelper deg \u00e5 \u00f8ke l\u00f8nnsomheten og f\u00e5 mer forn\u00f8yde kunder, med moderne verkt\u00f8y for blant annet <a href=\"https:\/\/maritech.com\/no\/vare-losninger-logistikk\/maritech-tms\/\" target=\"_blank\" rel=\"noopener\">transportstyring<\/a>, <a href=\"https:\/\/maritech.com\/no\/automatisk-fortolling\/\" target=\"_blank\" rel=\"noopener\">fortolling<\/a>, <a href=\"https:\/\/maritech.com\/no\/vare-losninger-logistikk\/lagerstyring\/\" target=\"_blank\" rel=\"noopener\">3.-partslogistikk,<\/a> <a href=\"https:\/\/maritech.com\/no\/vare-losninger\/baerekraftsrapportering\/\" target=\"_blank\" rel=\"noopener\">b\u00e6rekraftsrapportering<\/a>, <a href=\"https:\/\/maritech.com\/no\/timpex-confirm\/\" target=\"_blank\" rel=\"noopener\">sj\u00e5f\u00f8r-kommunikasjon,<\/a> fl\u00e5testyring og automatisk dokumentasjon av kj\u00f8re-og hviletid.<\/p>\n<p class=\"normal\">Her kan du lese mer om l\u00f8sningene v\u00e5re:<\/p>\n            <\/div><!--\/.editor-content-->\n        <\/div><!--\/.content-wrapper-->\n    <\/div><!--\/.container-fluid-->\n<\/section>\n\n\n<section class=\"page-cards block alignfull\">\n    <div class=\"container-fluid\">\n        <div class=\"title-wrap\">\n                    <\/div><!--\/.title-wrap-->\n                <div class=\"row\">\n                        <div class=\"col\">\n                <div onclick=\"location.href='https:\/\/maritech.com\/no\/baerekraftsrapportering\/'\" class=\"post-card\">\n                    <div class=\"img-wrap\">\n                        \t\t\t\t\t\t\t<img decoding=\"async\" width=\"1001\" height=\"1024\" src=\"https:\/\/maritech.com\/wp-content\/uploads\/2021\/10\/GHG-reporting-illustration-1001x1024.jpg\" class=\"attachment-large size-large wp-post-image\" alt=\"B\u00e6rekraftsrapportering\" srcset=\"https:\/\/maritech.com\/wp-content\/uploads\/2021\/10\/GHG-reporting-illustration-1001x1024.jpg 1001w, https:\/\/maritech.com\/wp-content\/uploads\/2021\/10\/GHG-reporting-illustration-293x300.jpg 293w, https:\/\/maritech.com\/wp-content\/uploads\/2021\/10\/GHG-reporting-illustration-768x786.jpg 768w, https:\/\/maritech.com\/wp-content\/uploads\/2021\/10\/GHG-reporting-illustration-195x200.jpg 195w, https:\/\/maritech.com\/wp-content\/uploads\/2021\/10\/GHG-reporting-illustration.jpg 1036w\" sizes=\"(max-width: 1001px) 100vw, 1001px\" \/>                                            <\/div>\n                    <div class=\"info-wrap\">\n                                                <h4><a href=\"https:\/\/maritech.com\/no\/baerekraftsrapportering\/\"> <span class=\"lastword\">B\u00e6rekraftsrapportering <svg fill=\"none\" height=\"16\" viewBox=\"0 0 21 16\" width=\"21\" xmlns=\"http:\/\/www.w3.org\/2000\/svg\"><path d=\"m12.2646 1.0521 5.615 5.7114h-17.8796v1.503h17.8796l-5.615 5.7114 1.0343 1.0521 7.3883-7.515-7.3883-7.515z\" fill=\"#446bf9\"\/><\/svg><\/span><\/a><\/h4>\n                                            <\/div>\n                <\/div>\n            <\/div><!--\/.col-->\n                        <div class=\"col\">\n                <div onclick=\"location.href='https:\/\/maritech.com\/no\/vare-losninger-logistikk\/analytics-for-logistikk\/'\" class=\"post-card\">\n                    <div class=\"img-wrap\">\n                        \t\t\t\t\t\t\t<img decoding=\"async\" width=\"1024\" height=\"576\" src=\"https:\/\/maritech.com\/wp-content\/uploads\/2021\/10\/Skjermdump-2-Analytics-for-logistikk--1024x576.jpg\" class=\"attachment-large size-large wp-post-image\" alt=\"Analytics for logistikk\" srcset=\"https:\/\/maritech.com\/wp-content\/uploads\/2021\/10\/Skjermdump-2-Analytics-for-logistikk--1024x576.jpg 1024w, https:\/\/maritech.com\/wp-content\/uploads\/2021\/10\/Skjermdump-2-Analytics-for-logistikk--300x169.jpg 300w, https:\/\/maritech.com\/wp-content\/uploads\/2021\/10\/Skjermdump-2-Analytics-for-logistikk--768x432.jpg 768w, https:\/\/maritech.com\/wp-content\/uploads\/2021\/10\/Skjermdump-2-Analytics-for-logistikk--1536x864.jpg 1536w, https:\/\/maritech.com\/wp-content\/uploads\/2021\/10\/Skjermdump-2-Analytics-for-logistikk--2048x1152.jpg 2048w, https:\/\/maritech.com\/wp-content\/uploads\/2021\/10\/Skjermdump-2-Analytics-for-logistikk--1920x1080.jpg 1920w, https:\/\/maritech.com\/wp-content\/uploads\/2021\/10\/Skjermdump-2-Analytics-for-logistikk--260x146.jpg 260w\" sizes=\"(max-width: 1024px) 100vw, 1024px\" \/>                                            <\/div>\n                    <div class=\"info-wrap\">\n                                                <h4><a href=\"https:\/\/maritech.com\/no\/vare-losninger-logistikk\/analytics-for-logistikk\/\">Analytics for  <span class=\"lastword\">logistikk <svg fill=\"none\" height=\"16\" viewBox=\"0 0 21 16\" width=\"21\" xmlns=\"http:\/\/www.w3.org\/2000\/svg\"><path d=\"m12.2646 1.0521 5.615 5.7114h-17.8796v1.503h17.8796l-5.615 5.7114 1.0343 1.0521 7.3883-7.515-7.3883-7.515z\" fill=\"#446bf9\"\/><\/svg><\/span><\/a><\/h4>\n                                            <\/div>\n                <\/div>\n            <\/div><!--\/.col-->\n                        <div class=\"col\">\n                <div onclick=\"location.href='https:\/\/maritech.com\/no\/vare-losninger-logistikk\/timpex-connect\/'\" class=\"post-card\">\n                    <div class=\"img-wrap\">\n                        \t\t\t\t\t\t\t<img decoding=\"async\" width=\"1024\" height=\"683\" src=\"https:\/\/maritech.com\/wp-content\/uploads\/2020\/04\/MG_7779-1024x683.jpg\" class=\"attachment-large size-large wp-post-image\" alt=\"Timpex Connect\" srcset=\"https:\/\/maritech.com\/wp-content\/uploads\/2020\/04\/MG_7779-1024x683.jpg 1024w, https:\/\/maritech.com\/wp-content\/uploads\/2020\/04\/MG_7779-300x200.jpg 300w, https:\/\/maritech.com\/wp-content\/uploads\/2020\/04\/MG_7779-768x512.jpg 768w, https:\/\/maritech.com\/wp-content\/uploads\/2020\/04\/MG_7779-1536x1024.jpg 1536w, https:\/\/maritech.com\/wp-content\/uploads\/2020\/04\/MG_7779-2048x1365.jpg 2048w, https:\/\/maritech.com\/wp-content\/uploads\/2020\/04\/MG_7779-1920x1280.jpg 1920w, https:\/\/maritech.com\/wp-content\/uploads\/2020\/04\/MG_7779-260x173.jpg 260w\" sizes=\"(max-width: 1024px) 100vw, 1024px\" \/>                                            <\/div>\n                    <div class=\"info-wrap\">\n                                                <h4><a href=\"https:\/\/maritech.com\/no\/vare-losninger-logistikk\/timpex-connect\/\">Timpex  <span class=\"lastword\">Connect <svg fill=\"none\" height=\"16\" viewBox=\"0 0 21 16\" width=\"21\" xmlns=\"http:\/\/www.w3.org\/2000\/svg\"><path d=\"m12.2646 1.0521 5.615 5.7114h-17.8796v1.503h17.8796l-5.615 5.7114 1.0343 1.0521 7.3883-7.515-7.3883-7.515z\" fill=\"#446bf9\"\/><\/svg><\/span><\/a><\/h4>\n                                            <\/div>\n                <\/div>\n            <\/div><!--\/.col-->\n                        <div class=\"col\">\n                <div onclick=\"location.href='https:\/\/maritech.com\/no\/timpex-confirm\/'\" class=\"post-card\">\n                    <div class=\"img-wrap\">\n                        \t\t\t\t\t\t\t<img decoding=\"async\" width=\"1024\" height=\"683\" src=\"https:\/\/maritech.com\/wp-content\/uploads\/2023\/05\/20230202-A7R00108-ANDREAS-EIDE-OCLIN-1024x683.jpg\" class=\"attachment-large size-large wp-post-image\" alt=\"Timpex Confirm\" srcset=\"https:\/\/maritech.com\/wp-content\/uploads\/2023\/05\/20230202-A7R00108-ANDREAS-EIDE-OCLIN-1024x683.jpg 1024w, https:\/\/maritech.com\/wp-content\/uploads\/2023\/05\/20230202-A7R00108-ANDREAS-EIDE-OCLIN-300x200.jpg 300w, https:\/\/maritech.com\/wp-content\/uploads\/2023\/05\/20230202-A7R00108-ANDREAS-EIDE-OCLIN-768x512.jpg 768w, https:\/\/maritech.com\/wp-content\/uploads\/2023\/05\/20230202-A7R00108-ANDREAS-EIDE-OCLIN-1536x1025.jpg 1536w, https:\/\/maritech.com\/wp-content\/uploads\/2023\/05\/20230202-A7R00108-ANDREAS-EIDE-OCLIN-1499x1000.jpg 1499w, https:\/\/maritech.com\/wp-content\/uploads\/2023\/05\/20230202-A7R00108-ANDREAS-EIDE-OCLIN-260x173.jpg 260w\" sizes=\"(max-width: 1024px) 100vw, 1024px\" \/>                                            <\/div>\n                    <div class=\"info-wrap\">\n                                                <h4><a href=\"https:\/\/maritech.com\/no\/timpex-confirm\/\">Timpex  <span class=\"lastword\">Confirm <svg fill=\"none\" height=\"16\" viewBox=\"0 0 21 16\" width=\"21\" xmlns=\"http:\/\/www.w3.org\/2000\/svg\"><path d=\"m12.2646 1.0521 5.615 5.7114h-17.8796v1.503h17.8796l-5.615 5.7114 1.0343 1.0521 7.3883-7.515-7.3883-7.515z\" fill=\"#446bf9\"\/><\/svg><\/span><\/a><\/h4>\n                                            <\/div>\n                <\/div>\n            <\/div><!--\/.col-->\n                        <div class=\"col\">\n                <div onclick=\"location.href='https:\/\/maritech.com\/no\/automatisk-fortolling\/'\" class=\"post-card\">\n                    <div class=\"img-wrap\">\n                        \t\t\t\t\t\t\t<img decoding=\"async\" width=\"1024\" height=\"683\" src=\"https:\/\/maritech.com\/wp-content\/uploads\/2022\/06\/Maritech-Oclin-LQ-04578-1024x683.jpg\" class=\"attachment-large size-large wp-post-image\" alt=\"Skybasert fortolling\" srcset=\"https:\/\/maritech.com\/wp-content\/uploads\/2022\/06\/Maritech-Oclin-LQ-04578-1024x683.jpg 1024w, https:\/\/maritech.com\/wp-content\/uploads\/2022\/06\/Maritech-Oclin-LQ-04578-300x200.jpg 300w, https:\/\/maritech.com\/wp-content\/uploads\/2022\/06\/Maritech-Oclin-LQ-04578-768x512.jpg 768w, https:\/\/maritech.com\/wp-content\/uploads\/2022\/06\/Maritech-Oclin-LQ-04578-1536x1025.jpg 1536w, https:\/\/maritech.com\/wp-content\/uploads\/2022\/06\/Maritech-Oclin-LQ-04578-2048x1366.jpg 2048w, https:\/\/maritech.com\/wp-content\/uploads\/2022\/06\/Maritech-Oclin-LQ-04578-1920x1281.jpg 1920w, https:\/\/maritech.com\/wp-content\/uploads\/2022\/06\/Maritech-Oclin-LQ-04578-1499x1000.jpg 1499w, https:\/\/maritech.com\/wp-content\/uploads\/2022\/06\/Maritech-Oclin-LQ-04578-260x173.jpg 260w\" sizes=\"(max-width: 1024px) 100vw, 1024px\" \/>                                            <\/div>\n                    <div class=\"info-wrap\">\n                                                <h4><a href=\"https:\/\/maritech.com\/no\/automatisk-fortolling\/\">Skybasert  <span class=\"lastword\">fortolling <svg fill=\"none\" height=\"16\" viewBox=\"0 0 21 16\" width=\"21\" xmlns=\"http:\/\/www.w3.org\/2000\/svg\"><path d=\"m12.2646 1.0521 5.615 5.7114h-17.8796v1.503h17.8796l-5.615 5.7114 1.0343 1.0521 7.3883-7.515-7.3883-7.515z\" fill=\"#446bf9\"\/><\/svg><\/span><\/a><\/h4>\n                                            <\/div>\n                <\/div>\n            <\/div><!--\/.col-->\n                    <\/div><!--\/.row-->\n            <\/div><!--\/.container-fluid-->\n<\/section>\n\n\n<section class=\"alignfull block newsletter-form dark-blue\">\n    <div class=\"content-max-wrapper\">\n                    <div class=\"content-max-wrapper__text\">\n                <h3 class=\"h3\">Motta nyheter og invitasjoner fra Maritech<\/h3>\n            <\/div>\n                <!--[if lte IE 8]>\r\n<script charset=\"utf-8\" type=\"text\/javascript\" src=\"\/\/js-eu1.hsforms.net\/forms\/v2-legacy.js\"><\/script>\r\n<![endif]-->\r\n<script charset=\"utf-8\" type=\"text\/javascript\" src=\"\/\/js-eu1.hsforms.net\/forms\/v2.js\"><\/script>\r\n<script>\r\n  hbspt.forms.create({\r\n    region: \"eu1\",\r\n    portalId: \"25031368\",\r\n    formId: \"810e627a-049b-49de-b096-e08125e0e7e6\"\r\n});\r\n<\/script>    <div>\n<\/section>\n","protected":false},"excerpt":{"rendered":"","protected":false},"author":11,"featured_media":18855,"parent":0,"menu_order":0,"comment_status":"closed","ping_status":"closed","template":"","meta":{"_acf_changed":false,"content-type":"","lazy_load_responsive_images_disabled":false,"footnotes":""},"class_list":["post-9657","page","type-page","status-publish","has-post-thumbnail","hentry"],"acf":[],"yoast_head":"<!-- This site is optimized with the Yoast SEO Premium plugin v21.8 (Yoast SEO v26.8) - https:\/\/yoast.com\/product\/yoast-seo-premium-wordpress\/ -->\n<title>Maritech TMS, rapportering, Timpex Connect, Confirm, WMS, CMS<\/title>\n<meta name=\"description\" content=\"Snakk med oss om transportstyring, fortolling, 3-partslogistikk, b\u00e6rekraftsrapportering, sj\u00e5f\u00f8r-apper og fl\u00e5testyring - vi har det du trenger!\" \/>\n<meta name=\"robots\" content=\"index, follow, max-snippet:-1, max-image-preview:large, max-video-preview:-1\" \/>\n<link rel=\"canonical\" href=\"https:\/\/maritech.com\/no\/vare-losninger-logistikk\/\" \/>\n<meta property=\"og:locale\" content=\"nb_NO\" \/>\n<meta property=\"og:type\" content=\"article\" \/>\n<meta property=\"og:title\" content=\"V\u00e5re l\u00f8sninger - Logistikk\" \/>\n<meta property=\"og:description\" content=\"Snakk med oss om transportstyring, fortolling, 3-partslogistikk, b\u00e6rekraftsrapportering, sj\u00e5f\u00f8r-apper og fl\u00e5testyring - vi har det du trenger!\" \/>\n<meta property=\"og:url\" content=\"https:\/\/maritech.com\/no\/vare-losninger-logistikk\/\" \/>\n<meta property=\"og:site_name\" content=\"Maritech\" \/>\n<meta property=\"article:modified_time\" content=\"2024-11-19T09:54:24+00:00\" \/>\n<meta property=\"og:image\" content=\"https:\/\/maritech.com\/wp-content\/uploads\/2024\/01\/GHG.png\" \/>\n\t<meta property=\"og:image:width\" content=\"1280\" \/>\n\t<meta property=\"og:image:height\" content=\"717\" \/>\n\t<meta property=\"og:image:type\" content=\"image\/png\" \/>\n<meta name=\"twitter:card\" content=\"summary_large_image\" \/>\n<meta name=\"twitter:label1\" content=\"Ansl. lesetid\" \/>\n\t<meta name=\"twitter:data1\" content=\"1 minutt\" \/>\n<script type=\"application\/ld+json\" class=\"yoast-schema-graph\">{\"@context\":\"https:\/\/schema.org\",\"@graph\":[{\"@type\":\"WebPage\",\"@id\":\"https:\/\/maritech.com\/no\/vare-losninger-logistikk\/\",\"url\":\"https:\/\/maritech.com\/no\/vare-losninger-logistikk\/\",\"name\":\"Maritech TMS, rapportering, Timpex Connect, Confirm, WMS, CMS\",\"isPartOf\":{\"@id\":\"https:\/\/maritech.com\/no\/#website\"},\"primaryImageOfPage\":{\"@id\":\"https:\/\/maritech.com\/no\/vare-losninger-logistikk\/#primaryimage\"},\"image\":{\"@id\":\"https:\/\/maritech.com\/no\/vare-losninger-logistikk\/#primaryimage\"},\"thumbnailUrl\":\"https:\/\/maritech.com\/wp-content\/uploads\/2024\/01\/GHG.png\",\"datePublished\":\"2021-08-04T13:56:52+00:00\",\"dateModified\":\"2024-11-19T09:54:24+00:00\",\"description\":\"Snakk med oss om transportstyring, fortolling, 3-partslogistikk, b\u00e6rekraftsrapportering, sj\u00e5f\u00f8r-apper og fl\u00e5testyring - vi har det du trenger!\",\"breadcrumb\":{\"@id\":\"https:\/\/maritech.com\/no\/vare-losninger-logistikk\/#breadcrumb\"},\"inLanguage\":\"nb-NO\",\"potentialAction\":[{\"@type\":\"ReadAction\",\"target\":[\"https:\/\/maritech.com\/no\/vare-losninger-logistikk\/\"]}]},{\"@type\":\"ImageObject\",\"inLanguage\":\"nb-NO\",\"@id\":\"https:\/\/maritech.com\/no\/vare-losninger-logistikk\/#primaryimage\",\"url\":\"https:\/\/maritech.com\/wp-content\/uploads\/2024\/01\/GHG.png\",\"contentUrl\":\"https:\/\/maritech.com\/wp-content\/uploads\/2024\/01\/GHG.png\",\"width\":1280,\"height\":717,\"caption\":\"Sustainability Reporting in Maritech Analytics\"},{\"@type\":\"BreadcrumbList\",\"@id\":\"https:\/\/maritech.com\/no\/vare-losninger-logistikk\/#breadcrumb\",\"itemListElement\":[{\"@type\":\"ListItem\",\"position\":1,\"name\":\"Home\",\"item\":\"https:\/\/maritech.com\/no\/\"},{\"@type\":\"ListItem\",\"position\":2,\"name\":\"V\u00e5re l\u00f8sninger &#8211; Logistikk\"}]},{\"@type\":\"WebSite\",\"@id\":\"https:\/\/maritech.com\/no\/#website\",\"url\":\"https:\/\/maritech.com\/no\/\",\"name\":\"Maritech\",\"description\":\"\",\"publisher\":{\"@id\":\"https:\/\/maritech.com\/no\/#organization\"},\"potentialAction\":[{\"@type\":\"SearchAction\",\"target\":{\"@type\":\"EntryPoint\",\"urlTemplate\":\"https:\/\/maritech.com\/no\/?s={search_term_string}\"},\"query-input\":{\"@type\":\"PropertyValueSpecification\",\"valueRequired\":true,\"valueName\":\"search_term_string\"}}],\"inLanguage\":\"nb-NO\"},{\"@type\":\"Organization\",\"@id\":\"https:\/\/maritech.com\/no\/#organization\",\"name\":\"Maritech\",\"url\":\"https:\/\/maritech.com\/no\/\",\"logo\":{\"@type\":\"ImageObject\",\"inLanguage\":\"nb-NO\",\"@id\":\"https:\/\/maritech.com\/no\/#\/schema\/logo\/image\/\",\"url\":\"https:\/\/maritech.com\/wp-content\/uploads\/2024\/07\/Maritech-Logo-Co-Brand-WHITE.png\",\"contentUrl\":\"https:\/\/maritech.com\/wp-content\/uploads\/2024\/07\/Maritech-Logo-Co-Brand-WHITE.png\",\"width\":3336,\"height\":890,\"caption\":\"Maritech\"},\"image\":{\"@id\":\"https:\/\/maritech.com\/no\/#\/schema\/logo\/image\/\"}}]}<\/script>\n<!-- \/ Yoast SEO Premium plugin. -->","yoast_head_json":{"title":"Maritech TMS, rapportering, Timpex Connect, Confirm, WMS, CMS","description":"Snakk med oss om transportstyring, fortolling, 3-partslogistikk, b\u00e6rekraftsrapportering, sj\u00e5f\u00f8r-apper og fl\u00e5testyring - vi har det du trenger!","robots":{"index":"index","follow":"follow","max-snippet":"max-snippet:-1","max-image-preview":"max-image-preview:large","max-video-preview":"max-video-preview:-1"},"canonical":"https:\/\/maritech.com\/no\/vare-losninger-logistikk\/","og_locale":"nb_NO","og_type":"article","og_title":"V\u00e5re l\u00f8sninger - Logistikk","og_description":"Snakk med oss om transportstyring, fortolling, 3-partslogistikk, b\u00e6rekraftsrapportering, sj\u00e5f\u00f8r-apper og fl\u00e5testyring - vi har det du trenger!","og_url":"https:\/\/maritech.com\/no\/vare-losninger-logistikk\/","og_site_name":"Maritech","article_modified_time":"2024-11-19T09:54:24+00:00","og_image":[{"width":1280,"height":717,"url":"https:\/\/maritech.com\/wp-content\/uploads\/2024\/01\/GHG.png","type":"image\/png"}],"twitter_card":"summary_large_image","twitter_misc":{"Ansl. lesetid":"1 minutt"},"schema":{"@context":"https:\/\/schema.org","@graph":[{"@type":"WebPage","@id":"https:\/\/maritech.com\/no\/vare-losninger-logistikk\/","url":"https:\/\/maritech.com\/no\/vare-losninger-logistikk\/","name":"Maritech TMS, rapportering, Timpex Connect, Confirm, WMS, CMS","isPartOf":{"@id":"https:\/\/maritech.com\/no\/#website"},"primaryImageOfPage":{"@id":"https:\/\/maritech.com\/no\/vare-losninger-logistikk\/#primaryimage"},"image":{"@id":"https:\/\/maritech.com\/no\/vare-losninger-logistikk\/#primaryimage"},"thumbnailUrl":"https:\/\/maritech.com\/wp-content\/uploads\/2024\/01\/GHG.png","datePublished":"2021-08-04T13:56:52+00:00","dateModified":"2024-11-19T09:54:24+00:00","description":"Snakk med oss om transportstyring, fortolling, 3-partslogistikk, b\u00e6rekraftsrapportering, sj\u00e5f\u00f8r-apper og fl\u00e5testyring - vi har det du trenger!","breadcrumb":{"@id":"https:\/\/maritech.com\/no\/vare-losninger-logistikk\/#breadcrumb"},"inLanguage":"nb-NO","potentialAction":[{"@type":"ReadAction","target":["https:\/\/maritech.com\/no\/vare-losninger-logistikk\/"]}]},{"@type":"ImageObject","inLanguage":"nb-NO","@id":"https:\/\/maritech.com\/no\/vare-losninger-logistikk\/#primaryimage","url":"https:\/\/maritech.com\/wp-content\/uploads\/2024\/01\/GHG.png","contentUrl":"https:\/\/maritech.com\/wp-content\/uploads\/2024\/01\/GHG.png","width":1280,"height":717,"caption":"Sustainability Reporting in Maritech Analytics"},{"@type":"BreadcrumbList","@id":"https:\/\/maritech.com\/no\/vare-losninger-logistikk\/#breadcrumb","itemListElement":[{"@type":"ListItem","position":1,"name":"Home","item":"https:\/\/maritech.com\/no\/"},{"@type":"ListItem","position":2,"name":"V\u00e5re l\u00f8sninger &#8211; Logistikk"}]},{"@type":"WebSite","@id":"https:\/\/maritech.com\/no\/#website","url":"https:\/\/maritech.com\/no\/","name":"Maritech","description":"","publisher":{"@id":"https:\/\/maritech.com\/no\/#organization"},"potentialAction":[{"@type":"SearchAction","target":{"@type":"EntryPoint","urlTemplate":"https:\/\/maritech.com\/no\/?s={search_term_string}"},"query-input":{"@type":"PropertyValueSpecification","valueRequired":true,"valueName":"search_term_string"}}],"inLanguage":"nb-NO"},{"@type":"Organization","@id":"https:\/\/maritech.com\/no\/#organization","name":"Maritech","url":"https:\/\/maritech.com\/no\/","logo":{"@type":"ImageObject","inLanguage":"nb-NO","@id":"https:\/\/maritech.com\/no\/#\/schema\/logo\/image\/","url":"https:\/\/maritech.com\/wp-content\/uploads\/2024\/07\/Maritech-Logo-Co-Brand-WHITE.png","contentUrl":"https:\/\/maritech.com\/wp-content\/uploads\/2024\/07\/Maritech-Logo-Co-Brand-WHITE.png","width":3336,"height":890,"caption":"Maritech"},"image":{"@id":"https:\/\/maritech.com\/no\/#\/schema\/logo\/image\/"}}]}},"jetpack_sharing_enabled":true,"_links":{"self":[{"href":"https:\/\/maritech.com\/no\/wp-json\/wp\/v2\/pages\/9657","targetHints":{"allow":["GET"]}}],"collection":[{"href":"https:\/\/maritech.com\/no\/wp-json\/wp\/v2\/pages"}],"about":[{"href":"https:\/\/maritech.com\/no\/wp-json\/wp\/v2\/types\/page"}],"author":[{"embeddable":true,"href":"https:\/\/maritech.com\/no\/wp-json\/wp\/v2\/users\/11"}],"replies":[{"embeddable":true,"href":"https:\/\/maritech.com\/no\/wp-json\/wp\/v2\/comments?post=9657"}],"version-history":[{"count":35,"href":"https:\/\/maritech.com\/no\/wp-json\/wp\/v2\/pages\/9657\/revisions"}],"predecessor-version":[{"id":20785,"href":"https:\/\/maritech.com\/no\/wp-json\/wp\/v2\/pages\/9657\/revisions\/20785"}],"wp:featuredmedia":[{"embeddable":true,"href":"https:\/\/maritech.com\/no\/wp-json\/wp\/v2\/media\/18855"}],"wp:attachment":[{"href":"https:\/\/maritech.com\/no\/wp-json\/wp\/v2\/media?parent=9657"}],"curies":[{"name":"wp","href":"https:\/\/api.w.org\/{rel}","templated":true}]}}