{"id":9675,"date":"2021-09-28T12:29:32","date_gmt":"2021-09-28T11:29:32","guid":{"rendered":"https:\/\/maritech.com\/vare-losninger-logistikk\/timpex-connect\/"},"modified":"2024-11-19T11:21:59","modified_gmt":"2024-11-19T10:21:59","slug":"timpex-connect","status":"publish","type":"page","link":"https:\/\/maritech.com\/no\/vare-losninger-logistikk\/timpex-connect\/","title":{"rendered":"Timpex Connect"},"content":{"rendered":"\n<section class=\"hero block alignfull bg-image grad-light\" style=\"background-image: url('https:\/\/maritech.com\/wp-content\/uploads\/2020\/04\/MG_7779-1500x1000.jpg'); \" >\n    <div class=\"container-fluid\">\n        <div class=\"hero-content\">\n                        <div class=\"editor-content\">\n                <h1 class=\"title\"><span style=\"color: #ffffff;\">Timpex Connect\u00a0\u00a0<\/span><\/h1>\n<div class=\"featuredtext in-view\">\n<p class=\"preamble\"><span style=\"font-weight: 400; color: #ffffff;\">Med et skybasert bookingsystem forenkler du informasjonsflyten mellom kj\u00f8pere og selgere av transportoppdrag.<\/span><\/p>\n<\/div>\n            <\/div>\n            <div class=\"button-wrap left\"><a class=\"btn btn-primary\" href=\"https:\/\/logistics-demo.maritech.cloud\/\" target=\"_blank\" title=\"Sjekk ut v\u00e5re digitale demoer\">Sjekk ut v\u00e5re digitale demoer<\/a><\/div>        <\/div><!--\/.hero-content-->\n    <\/div><!--\/.container-fluid-->\n<\/section>\n\n\n\n<section class=\"breadcrumb-section block alignfull\">\n    <div class=\"container-fluid\">\n        <p class=\"breadcrumbs\"><span><span><a href=\"https:\/\/maritech.com\/no\/\"><span class=\"d-none\">Home<\/span><svg xmlns=\"http:\/\/www.w3.org\/2000\/svg\" xmlns:xlink=\"http:\/\/www.w3.org\/1999\/xlink\" contentScriptType=\"text\/ecmascript\" contentStyleType=\"text\/css\" enable-background=\"new 0 0 2048 2048\" height=\"2048px\" id=\"Layer_1\" preserveAspectRatio=\"xMidYMid meet\" version=\"1.1\" viewBox=\"25.33300018310547 0 1613.333984375 2048\" width=\"1613.333984375px\" xml:space=\"preserve\" zoomAndPan=\"magnify\" style=\"&#10;    width: 20px;&#10;\"><path d=\"M1408,1120v480c0,17.333-6.333,32.333-19,45s-27.667,19-45,19H960v-384H704v384H320c-17.333,0-32.333-6.333-45-19  s-19-27.667-19-45v-480c0-0.667,0.167-1.667,0.5-3s0.5-2.333,0.5-3l575-474l575,474C1407.667,1115.333,1408,1117.333,1408,1120z   M1631,1051l-62,74c-5.333,6-12.333,9.667-21,11h-3c-8.667,0-15.667-2.333-21-7L832,552l-692,577c-8,5.333-16,7.667-24,7  c-8.667-1.333-15.667-5-21-11l-62-74c-5.333-6.667-7.667-14.5-7-23.5s4.333-16.167,11-21.5l719-599c21.333-17.333,46.667-26,76-26  s54.667,8.667,76,26l244,204V416c0-9.333,3-17,9-23s13.667-9,23-9h192c9.333,0,17,3,23,9s9,13.667,9,23v408l219,182  c6.667,5.333,10.333,12.5,11,21.5S1636.333,1044.333,1631,1051z\"\/><\/svg><\/a><\/span><\/span><\/p>    <\/div>\n<\/section>\n\n<section class=\"page-content block alignfull\">\n    <div class=\"container-fluid\">\n        <div class=\"content-wrapper\">\n            <div class=\"editor-content\">\n                <h2 class=\"h2\">Oversikten du trenger<\/h2>\n<p>Med Timpex Connect f\u00e5r du full oversikt og kontroll over booket transport, gods p\u00e5 veien og fullf\u00f8rte oppdrag.<\/p>\n<p>Timpex Connect lar transportkj\u00f8pere sikre kvaliteten og overv\u00e5ke bestillingene i samme l\u00f8sning. Dashbordet for bestillinger er basert p\u00e5 n\u00e5v\u00e6rende informasjon og historiske data, og kj\u00f8peren gj\u00f8r enkle og fleksible bestillinger direkte til transport\u00f8ren.<\/p>\n<p>Du f\u00e5r en enkel og automatisert dokumentbehandling p\u00e5 hver forsendelse, automatisk prisforesp\u00f8rsel og elektronisk prisgodkjenning. Systemet gir ogs\u00e5 kundene dine tilgang til informasjonen som ofte blir etterspurt: bestillings- \/ transportordre, prisberegning, Track &amp; Trace, dokumentsenter &#8211; internt og eksternt, statistikk og integrasjoner.<\/p>\n            <\/div><!--\/.editor-content-->\n        <\/div><!--\/.content-wrapper-->\n    <\/div><!--\/.container-fluid-->\n<\/section>\n\n\n<section class=\"video-content block alignfull content-right\">\n\t<div class=\"container-fluid-xl\">\n\t\t<div class=\"row\">\n\n\t\t\t<div class=\"col content-col\">\n\t\t\t\t<div class=\"inner-content\">\n\t\t\t\t\t\t\t\t\t\t\t<div class=\"editor-content\">\n\t\t\t\t\t\t\t<h3 class=\"h4\">Kundedrevet innovasjon<\/h3>\n<p>V\u00e5r kunde SR Group og deres partner Subsea Seven var faktisk de som utviklet Timpex Connect-produktet fra starten.<\/p>\n<p>\u2013 SR Group var tidlig ute og har v\u00e6rt med p\u00e5 \u00e5 utvikle Connect. Produktet har bidratt til \u00e5 differensiere dem i anbudsrunder og har tiltrukket dem nye kunder, sier Ove Gjelstenli, salgsdirekt\u00f8r Logistikk, Maritech.<\/p>\n<p>\u2013 Spesielt innen oljeindustrien som har strenge krav til deling av informasjon, har Connect v\u00e6rt avgj\u00f8rende for SR Group. \u00c5 kunne rapportere at du har levert, n\u00e5r du har levert og til rett sted, er veldig viktig i denne bransjen.<\/p>\n<p>&nbsp;<\/p>\n\t\t\t\t\t\t<\/div>\n\t\t\t\t\t<div class=\"button-wrap left\"><a class=\"btn btn-primary\" href=\"https:\/\/maritech.com\/no\/vare-losninger-logistikk\/kundecase-sr-group\/\"  title=\"Kundecase \u2013 SR Group\">Kundecase \u2013 SR Group<\/a><\/div>\t\t\t\t<\/div><!--\/.inner-content-->\n\t\t\t<\/div><!--\/.col-->\n\n\t\t\t<div class=\"col image-col\">\n\t\t\t\t\t\t\t\t\t<img decoding=\"async\" width=\"1000\" height=\"750\" src=\"https:\/\/maritech.com\/wp-content\/uploads\/2020\/04\/PT6A9974-kopi-1000x750.jpg\" class=\"cover\" alt=\"Maritech customer case - SR Group\" \/>\t\t\t\t\t\t\t<\/div><!--\/.col-->\n\n\t\t<\/div><!--\/.row-->\n\t<\/div><!--\/.container-fluid-xl-->\n<\/section>\n\n\n<section class=\"page-content block alignfull\">\n    <div class=\"container-fluid\">\n        <div class=\"content-wrapper\">\n            <div class=\"editor-content\">\n                <h3 class=\"h2\">Booking, sporing, rapporter<\/h3>\n<p>Ved \u00e5 tilby Timpex Connect til kundene dine, oppn\u00e5r du et tettere samarbeid med dem. Elektronisk booking sparer verdifull tid, og befrakteren trenger bare \u00e5 gj\u00f8re enkle justeringer av oppdragene. Hvis kunden din booker elektronisk, reduseres sjansen for feil og avvik.<\/p>\n<p>Gjennom Access-modulen i Connect kan du tilby kundene dine sporing, dokumentdeling, rapporter, transportpris, fakturakopier og synkronisering av kundenumre. Alt som er registrert p\u00e5 kundens nummer blir synlig i deres egen Connect, noe som gir dem full kontroll og oversikt over alle oppdrag med sporing.<\/p>\n            <\/div><!--\/.editor-content-->\n        <\/div><!--\/.content-wrapper-->\n    <\/div><!--\/.container-fluid-->\n<\/section>\n\n<section  class=\"content-form-cta block alignfull offset\">\n    <div class=\"container-fluid\">\n        <div class=\"alignment-wrapper\">\n            <div class=\"block-container\">\n                                    <h4 class=\"h4\">Lyst til \u00e5 se hvordan det fungerer?<\/h4>\n                                                                                    <div class=\"button-wrap left\">\n                        <a class=\"btn\" href=\"https:\/\/logistics-demo.maritech.cloud\/\" title=\"Sjekk ut v\u00e5r digitale demo\">\n                            Sjekk ut v\u00e5r digitale demo                        <\/a>\n                    <\/div>\n                            <\/div>\n        <\/div>\n    <\/div>\n<\/section>\n\n\n<section class=\"related-posts block alignfull\">\n    <div class=\"container-fluid\">\n        <div class=\"title-wrap\">\n            <h2 class=\"heading h2\">Fortsett \u00e5 les<\/h2>        <\/div><!--\/.title-wrap-->\n                <div class=\"row\">\n                        <div class=\"col\">\n                <div onclick=\"location.href='https:\/\/maritech.com\/no\/?p=17221'\" class=\"post-card\">\n                    <div class=\"img-wrap\">\n\t\t\t\t\t\t<img decoding=\"async\" width=\"1024\" height=\"683\" src=\"https:\/\/maritech.com\/wp-content\/uploads\/2022\/12\/Transport_Logistikk2022_MQ-1024x683.jpg\" class=\"attachment-large size-large wp-post-image\" alt=\"Kunder i k\u00f8 for Maritech TMS - Transportstyring i sky med Maritech\" srcset=\"https:\/\/maritech.com\/wp-content\/uploads\/2022\/12\/Transport_Logistikk2022_MQ-1024x683.jpg 1024w, https:\/\/maritech.com\/wp-content\/uploads\/2022\/12\/Transport_Logistikk2022_MQ-300x200.jpg 300w, https:\/\/maritech.com\/wp-content\/uploads\/2022\/12\/Transport_Logistikk2022_MQ-768x512.jpg 768w, https:\/\/maritech.com\/wp-content\/uploads\/2022\/12\/Transport_Logistikk2022_MQ-1536x1024.jpg 1536w, https:\/\/maritech.com\/wp-content\/uploads\/2022\/12\/Transport_Logistikk2022_MQ-2048x1365.jpg 2048w, https:\/\/maritech.com\/wp-content\/uploads\/2022\/12\/Transport_Logistikk2022_MQ-1920x1280.jpg 1920w, https:\/\/maritech.com\/wp-content\/uploads\/2022\/12\/Transport_Logistikk2022_MQ-1500x1000.jpg 1500w, https:\/\/maritech.com\/wp-content\/uploads\/2022\/12\/Transport_Logistikk2022_MQ-260x173.jpg 260w\" sizes=\"(max-width: 1024px) 100vw, 1024px\" \/>                    <\/div>\n                    <div class=\"info-wrap\">\n                                                <h4><a href=\"https:\/\/maritech.com\/no\/?p=17221\">Kunder i k\u00f8 for Maritech TMS &#8211; Transportstyring i sky med  <span class=\"lastword\"> Maritech <svg fill=\"none\" height=\"16\" viewBox=\"0 0 21 16\" width=\"21\" xmlns=\"http:\/\/www.w3.org\/2000\/svg\"><path d=\"m12.2646 1.0521 5.615 5.7114h-17.8796v1.503h17.8796l-5.615 5.7114 1.0343 1.0521 7.3883-7.515-7.3883-7.515z\" fill=\"#446bf9\"\/><\/svg><\/span><\/a><\/h4>\n                    <\/div>\n                <\/div>\n            <\/div><!--\/.col-->\n                        <div class=\"col\">\n                <div onclick=\"location.href='https:\/\/maritech.com\/no\/baerekraftsrapportering\/'\" class=\"post-card\">\n                    <div class=\"img-wrap\">\n\t\t\t\t\t\t<img decoding=\"async\" width=\"1001\" height=\"1024\" src=\"https:\/\/maritech.com\/wp-content\/uploads\/2021\/10\/GHG-reporting-illustration-1001x1024.jpg\" class=\"attachment-large size-large wp-post-image\" alt=\"B\u00e6rekraftsrapportering\" srcset=\"https:\/\/maritech.com\/wp-content\/uploads\/2021\/10\/GHG-reporting-illustration-1001x1024.jpg 1001w, https:\/\/maritech.com\/wp-content\/uploads\/2021\/10\/GHG-reporting-illustration-293x300.jpg 293w, https:\/\/maritech.com\/wp-content\/uploads\/2021\/10\/GHG-reporting-illustration-768x786.jpg 768w, https:\/\/maritech.com\/wp-content\/uploads\/2021\/10\/GHG-reporting-illustration-195x200.jpg 195w, https:\/\/maritech.com\/wp-content\/uploads\/2021\/10\/GHG-reporting-illustration.jpg 1036w\" sizes=\"(max-width: 1001px) 100vw, 1001px\" \/>                    <\/div>\n                    <div class=\"info-wrap\">\n                                                <h4><a href=\"https:\/\/maritech.com\/no\/baerekraftsrapportering\/\"> <span class=\"lastword\"> B\u00e6rekraftsrapportering <svg fill=\"none\" height=\"16\" viewBox=\"0 0 21 16\" width=\"21\" xmlns=\"http:\/\/www.w3.org\/2000\/svg\"><path d=\"m12.2646 1.0521 5.615 5.7114h-17.8796v1.503h17.8796l-5.615 5.7114 1.0343 1.0521 7.3883-7.515-7.3883-7.515z\" fill=\"#446bf9\"\/><\/svg><\/span><\/a><\/h4>\n                    <\/div>\n                <\/div>\n            <\/div><!--\/.col-->\n                        <div class=\"col\">\n                <div onclick=\"location.href='https:\/\/maritech.com\/no\/?p=15600'\" class=\"post-card\">\n                    <div class=\"img-wrap\">\n\t\t\t\t\t\t<img decoding=\"async\" width=\"1024\" height=\"675\" src=\"https:\/\/maritech.com\/wp-content\/uploads\/2023\/06\/20230202-A7R00788-ANDREAS-EIDE-OCLIN-1024x675.jpg\" class=\"attachment-large size-large wp-post-image\" alt=\"Kundecase - Termo Partner\" srcset=\"https:\/\/maritech.com\/wp-content\/uploads\/2023\/06\/20230202-A7R00788-ANDREAS-EIDE-OCLIN-1024x675.jpg 1024w, https:\/\/maritech.com\/wp-content\/uploads\/2023\/06\/20230202-A7R00788-ANDREAS-EIDE-OCLIN-300x198.jpg 300w, https:\/\/maritech.com\/wp-content\/uploads\/2023\/06\/20230202-A7R00788-ANDREAS-EIDE-OCLIN-768x506.jpg 768w, https:\/\/maritech.com\/wp-content\/uploads\/2023\/06\/20230202-A7R00788-ANDREAS-EIDE-OCLIN-1536x1012.jpg 1536w, https:\/\/maritech.com\/wp-content\/uploads\/2023\/06\/20230202-A7R00788-ANDREAS-EIDE-OCLIN-1920x1265.jpg 1920w, https:\/\/maritech.com\/wp-content\/uploads\/2023\/06\/20230202-A7R00788-ANDREAS-EIDE-OCLIN-1518x1000.jpg 1518w, https:\/\/maritech.com\/wp-content\/uploads\/2023\/06\/20230202-A7R00788-ANDREAS-EIDE-OCLIN-260x171.jpg 260w, https:\/\/maritech.com\/wp-content\/uploads\/2023\/06\/20230202-A7R00788-ANDREAS-EIDE-OCLIN.jpg 2048w\" sizes=\"(max-width: 1024px) 100vw, 1024px\" \/>                    <\/div>\n                    <div class=\"info-wrap\">\n                                                <h4><a href=\"https:\/\/maritech.com\/no\/?p=15600\">Kundecase &#8211; Termo  <span class=\"lastword\"> Partner <svg fill=\"none\" height=\"16\" viewBox=\"0 0 21 16\" width=\"21\" xmlns=\"http:\/\/www.w3.org\/2000\/svg\"><path d=\"m12.2646 1.0521 5.615 5.7114h-17.8796v1.503h17.8796l-5.615 5.7114 1.0343 1.0521 7.3883-7.515-7.3883-7.515z\" fill=\"#446bf9\"\/><\/svg><\/span><\/a><\/h4>\n                    <\/div>\n                <\/div>\n            <\/div><!--\/.col-->\n                    <\/div><!--\/.row-->\n            <\/div><!--\/.container-fluid-->\n<\/section>\n\n\n<section class=\"alignfull block newsletter-form dark-blue\">\n    <div class=\"content-max-wrapper\">\n                    <div class=\"content-max-wrapper__text\">\n                <h3 class=\"h3\">Motta nyheter og invitasjoner fra Maritech<\/h3>\n            <\/div>\n                <!--[if lte IE 8]>\r\n<script charset=\"utf-8\" type=\"text\/javascript\" src=\"\/\/js-eu1.hsforms.net\/forms\/v2-legacy.js\"><\/script>\r\n<![endif]-->\r\n<script charset=\"utf-8\" type=\"text\/javascript\" src=\"\/\/js-eu1.hsforms.net\/forms\/v2.js\"><\/script>\r\n<script>\r\n  hbspt.forms.create({\r\n    region: \"eu1\",\r\n    portalId: \"25031368\",\r\n    formId: \"810e627a-049b-49de-b096-e08125e0e7e6\"\r\n});\r\n<\/script>    <div>\n<\/section>\n","protected":false},"excerpt":{"rendered":"","protected":false},"author":11,"featured_media":4878,"parent":9657,"menu_order":3,"comment_status":"closed","ping_status":"closed","template":"","meta":{"_acf_changed":false,"content-type":"","lazy_load_responsive_images_disabled":false,"footnotes":""},"class_list":["post-9675","page","type-page","status-publish","has-post-thumbnail","hentry"],"acf":[],"yoast_head":"<!-- This site is optimized with the Yoast SEO Premium plugin v21.8 (Yoast SEO v26.8) - https:\/\/yoast.com\/product\/yoast-seo-premium-wordpress\/ -->\n<title>Sikre full kontroll over transport, varer og fullf\u00f8rte oppdrag<\/title>\n<meta name=\"description\" content=\"Timpex Connect er et skybasert bookingsystem som forenkler informasjonsflyten mellom kj\u00f8per og selger av transport og logistikk.\" \/>\n<meta name=\"robots\" content=\"index, follow, max-snippet:-1, max-image-preview:large, max-video-preview:-1\" \/>\n<link rel=\"canonical\" href=\"https:\/\/maritech.com\/no\/vare-losninger-logistikk\/timpex-connect\/\" \/>\n<meta property=\"og:locale\" content=\"nb_NO\" \/>\n<meta property=\"og:type\" content=\"article\" \/>\n<meta property=\"og:title\" content=\"Timpex Connect\" \/>\n<meta property=\"og:description\" content=\"Timpex Connect er et skybasert bookingsystem som forenkler informasjonsflyten mellom kj\u00f8per og selger av transport og logistikk.\" \/>\n<meta property=\"og:url\" content=\"https:\/\/maritech.com\/no\/vare-losninger-logistikk\/timpex-connect\/\" \/>\n<meta property=\"og:site_name\" content=\"Maritech\" \/>\n<meta property=\"article:modified_time\" content=\"2024-11-19T10:21:59+00:00\" \/>\n<meta property=\"og:image\" content=\"https:\/\/maritech.com\/wp-content\/uploads\/2020\/04\/MG_7779-1024x683.jpg\" \/>\n\t<meta property=\"og:image:width\" content=\"1024\" \/>\n\t<meta property=\"og:image:height\" content=\"683\" \/>\n\t<meta property=\"og:image:type\" content=\"image\/jpeg\" \/>\n<meta name=\"twitter:card\" content=\"summary_large_image\" \/>\n<meta name=\"twitter:label1\" content=\"Ansl. lesetid\" \/>\n\t<meta name=\"twitter:data1\" content=\"1 minutt\" \/>\n<script type=\"application\/ld+json\" class=\"yoast-schema-graph\">{\"@context\":\"https:\/\/schema.org\",\"@graph\":[{\"@type\":\"WebPage\",\"@id\":\"https:\/\/maritech.com\/no\/vare-losninger-logistikk\/timpex-connect\/\",\"url\":\"https:\/\/maritech.com\/no\/vare-losninger-logistikk\/timpex-connect\/\",\"name\":\"Sikre full kontroll over transport, varer og fullf\u00f8rte oppdrag\",\"isPartOf\":{\"@id\":\"https:\/\/maritech.com\/no\/#website\"},\"primaryImageOfPage\":{\"@id\":\"https:\/\/maritech.com\/no\/vare-losninger-logistikk\/timpex-connect\/#primaryimage\"},\"image\":{\"@id\":\"https:\/\/maritech.com\/no\/vare-losninger-logistikk\/timpex-connect\/#primaryimage\"},\"thumbnailUrl\":\"https:\/\/maritech.com\/wp-content\/uploads\/2020\/04\/MG_7779.jpg\",\"datePublished\":\"2021-09-28T11:29:32+00:00\",\"dateModified\":\"2024-11-19T10:21:59+00:00\",\"description\":\"Timpex Connect er et skybasert bookingsystem som forenkler informasjonsflyten mellom kj\u00f8per og selger av transport og logistikk.\",\"breadcrumb\":{\"@id\":\"https:\/\/maritech.com\/no\/vare-losninger-logistikk\/timpex-connect\/#breadcrumb\"},\"inLanguage\":\"nb-NO\",\"potentialAction\":[{\"@type\":\"ReadAction\",\"target\":[\"https:\/\/maritech.com\/no\/vare-losninger-logistikk\/timpex-connect\/\"]}]},{\"@type\":\"ImageObject\",\"inLanguage\":\"nb-NO\",\"@id\":\"https:\/\/maritech.com\/no\/vare-losninger-logistikk\/timpex-connect\/#primaryimage\",\"url\":\"https:\/\/maritech.com\/wp-content\/uploads\/2020\/04\/MG_7779.jpg\",\"contentUrl\":\"https:\/\/maritech.com\/wp-content\/uploads\/2020\/04\/MG_7779.jpg\",\"width\":2560,\"height\":1707,\"caption\":\"Logistics consultant Maritech\"},{\"@type\":\"BreadcrumbList\",\"@id\":\"https:\/\/maritech.com\/no\/vare-losninger-logistikk\/timpex-connect\/#breadcrumb\",\"itemListElement\":[{\"@type\":\"ListItem\",\"position\":1,\"name\":\"Home\",\"item\":\"https:\/\/maritech.com\/no\/\"},{\"@type\":\"ListItem\",\"position\":2,\"name\":\"V\u00e5re l\u00f8sninger &#8211; Logistikk\",\"item\":\"https:\/\/maritech.com\/no\/vare-losninger-logistikk\/\"},{\"@type\":\"ListItem\",\"position\":3,\"name\":\"Timpex Connect\"}]},{\"@type\":\"WebSite\",\"@id\":\"https:\/\/maritech.com\/no\/#website\",\"url\":\"https:\/\/maritech.com\/no\/\",\"name\":\"Maritech\",\"description\":\"\",\"publisher\":{\"@id\":\"https:\/\/maritech.com\/no\/#organization\"},\"potentialAction\":[{\"@type\":\"SearchAction\",\"target\":{\"@type\":\"EntryPoint\",\"urlTemplate\":\"https:\/\/maritech.com\/no\/?s={search_term_string}\"},\"query-input\":{\"@type\":\"PropertyValueSpecification\",\"valueRequired\":true,\"valueName\":\"search_term_string\"}}],\"inLanguage\":\"nb-NO\"},{\"@type\":\"Organization\",\"@id\":\"https:\/\/maritech.com\/no\/#organization\",\"name\":\"Maritech\",\"url\":\"https:\/\/maritech.com\/no\/\",\"logo\":{\"@type\":\"ImageObject\",\"inLanguage\":\"nb-NO\",\"@id\":\"https:\/\/maritech.com\/no\/#\/schema\/logo\/image\/\",\"url\":\"https:\/\/maritech.com\/wp-content\/uploads\/2024\/07\/Maritech-Logo-Co-Brand-WHITE.png\",\"contentUrl\":\"https:\/\/maritech.com\/wp-content\/uploads\/2024\/07\/Maritech-Logo-Co-Brand-WHITE.png\",\"width\":3336,\"height\":890,\"caption\":\"Maritech\"},\"image\":{\"@id\":\"https:\/\/maritech.com\/no\/#\/schema\/logo\/image\/\"}}]}<\/script>\n<!-- \/ Yoast SEO Premium plugin. -->","yoast_head_json":{"title":"Sikre full kontroll over transport, varer og fullf\u00f8rte oppdrag","description":"Timpex Connect er et skybasert bookingsystem som forenkler informasjonsflyten mellom kj\u00f8per og selger av transport og logistikk.","robots":{"index":"index","follow":"follow","max-snippet":"max-snippet:-1","max-image-preview":"max-image-preview:large","max-video-preview":"max-video-preview:-1"},"canonical":"https:\/\/maritech.com\/no\/vare-losninger-logistikk\/timpex-connect\/","og_locale":"nb_NO","og_type":"article","og_title":"Timpex Connect","og_description":"Timpex Connect er et skybasert bookingsystem som forenkler informasjonsflyten mellom kj\u00f8per og selger av transport og logistikk.","og_url":"https:\/\/maritech.com\/no\/vare-losninger-logistikk\/timpex-connect\/","og_site_name":"Maritech","article_modified_time":"2024-11-19T10:21:59+00:00","og_image":[{"width":1024,"height":683,"url":"https:\/\/maritech.com\/wp-content\/uploads\/2020\/04\/MG_7779-1024x683.jpg","type":"image\/jpeg"}],"twitter_card":"summary_large_image","twitter_misc":{"Ansl. lesetid":"1 minutt"},"schema":{"@context":"https:\/\/schema.org","@graph":[{"@type":"WebPage","@id":"https:\/\/maritech.com\/no\/vare-losninger-logistikk\/timpex-connect\/","url":"https:\/\/maritech.com\/no\/vare-losninger-logistikk\/timpex-connect\/","name":"Sikre full kontroll over transport, varer og fullf\u00f8rte oppdrag","isPartOf":{"@id":"https:\/\/maritech.com\/no\/#website"},"primaryImageOfPage":{"@id":"https:\/\/maritech.com\/no\/vare-losninger-logistikk\/timpex-connect\/#primaryimage"},"image":{"@id":"https:\/\/maritech.com\/no\/vare-losninger-logistikk\/timpex-connect\/#primaryimage"},"thumbnailUrl":"https:\/\/maritech.com\/wp-content\/uploads\/2020\/04\/MG_7779.jpg","datePublished":"2021-09-28T11:29:32+00:00","dateModified":"2024-11-19T10:21:59+00:00","description":"Timpex Connect er et skybasert bookingsystem som forenkler informasjonsflyten mellom kj\u00f8per og selger av transport og logistikk.","breadcrumb":{"@id":"https:\/\/maritech.com\/no\/vare-losninger-logistikk\/timpex-connect\/#breadcrumb"},"inLanguage":"nb-NO","potentialAction":[{"@type":"ReadAction","target":["https:\/\/maritech.com\/no\/vare-losninger-logistikk\/timpex-connect\/"]}]},{"@type":"ImageObject","inLanguage":"nb-NO","@id":"https:\/\/maritech.com\/no\/vare-losninger-logistikk\/timpex-connect\/#primaryimage","url":"https:\/\/maritech.com\/wp-content\/uploads\/2020\/04\/MG_7779.jpg","contentUrl":"https:\/\/maritech.com\/wp-content\/uploads\/2020\/04\/MG_7779.jpg","width":2560,"height":1707,"caption":"Logistics consultant Maritech"},{"@type":"BreadcrumbList","@id":"https:\/\/maritech.com\/no\/vare-losninger-logistikk\/timpex-connect\/#breadcrumb","itemListElement":[{"@type":"ListItem","position":1,"name":"Home","item":"https:\/\/maritech.com\/no\/"},{"@type":"ListItem","position":2,"name":"V\u00e5re l\u00f8sninger &#8211; Logistikk","item":"https:\/\/maritech.com\/no\/vare-losninger-logistikk\/"},{"@type":"ListItem","position":3,"name":"Timpex Connect"}]},{"@type":"WebSite","@id":"https:\/\/maritech.com\/no\/#website","url":"https:\/\/maritech.com\/no\/","name":"Maritech","description":"","publisher":{"@id":"https:\/\/maritech.com\/no\/#organization"},"potentialAction":[{"@type":"SearchAction","target":{"@type":"EntryPoint","urlTemplate":"https:\/\/maritech.com\/no\/?s={search_term_string}"},"query-input":{"@type":"PropertyValueSpecification","valueRequired":true,"valueName":"search_term_string"}}],"inLanguage":"nb-NO"},{"@type":"Organization","@id":"https:\/\/maritech.com\/no\/#organization","name":"Maritech","url":"https:\/\/maritech.com\/no\/","logo":{"@type":"ImageObject","inLanguage":"nb-NO","@id":"https:\/\/maritech.com\/no\/#\/schema\/logo\/image\/","url":"https:\/\/maritech.com\/wp-content\/uploads\/2024\/07\/Maritech-Logo-Co-Brand-WHITE.png","contentUrl":"https:\/\/maritech.com\/wp-content\/uploads\/2024\/07\/Maritech-Logo-Co-Brand-WHITE.png","width":3336,"height":890,"caption":"Maritech"},"image":{"@id":"https:\/\/maritech.com\/no\/#\/schema\/logo\/image\/"}}]}},"jetpack_sharing_enabled":true,"_links":{"self":[{"href":"https:\/\/maritech.com\/no\/wp-json\/wp\/v2\/pages\/9675","targetHints":{"allow":["GET"]}}],"collection":[{"href":"https:\/\/maritech.com\/no\/wp-json\/wp\/v2\/pages"}],"about":[{"href":"https:\/\/maritech.com\/no\/wp-json\/wp\/v2\/types\/page"}],"author":[{"embeddable":true,"href":"https:\/\/maritech.com\/no\/wp-json\/wp\/v2\/users\/11"}],"replies":[{"embeddable":true,"href":"https:\/\/maritech.com\/no\/wp-json\/wp\/v2\/comments?post=9675"}],"version-history":[{"count":27,"href":"https:\/\/maritech.com\/no\/wp-json\/wp\/v2\/pages\/9675\/revisions"}],"predecessor-version":[{"id":20791,"href":"https:\/\/maritech.com\/no\/wp-json\/wp\/v2\/pages\/9675\/revisions\/20791"}],"up":[{"embeddable":true,"href":"https:\/\/maritech.com\/no\/wp-json\/wp\/v2\/pages\/9657"}],"wp:featuredmedia":[{"embeddable":true,"href":"https:\/\/maritech.com\/no\/wp-json\/wp\/v2\/media\/4878"}],"wp:attachment":[{"href":"https:\/\/maritech.com\/no\/wp-json\/wp\/v2\/media?parent=9675"}],"curies":[{"name":"wp","href":"https:\/\/api.w.org\/{rel}","templated":true}]}}