{"id":9694,"date":"2021-08-06T14:32:23","date_gmt":"2021-08-06T13:32:23","guid":{"rendered":"https:\/\/maritech.com\/vare-losninger-logistikk\/customer-case-sr-group\/"},"modified":"2024-07-10T07:24:03","modified_gmt":"2024-07-10T06:24:03","slug":"kundecase-sr-group","status":"publish","type":"page","link":"https:\/\/maritech.com\/no\/vare-losninger-logistikk\/kundecase-sr-group\/","title":{"rendered":"Kundecase &#8211; SR Group"},"content":{"rendered":"\n<section class=\"hero block alignfull bg-image grad-light\" style=\"background-image: url('https:\/\/maritech.com\/wp-content\/uploads\/2020\/04\/PT6A0177-kopi-855x1000.jpg'); \" >\n    <div class=\"container-fluid\">\n        <div class=\"hero-content\">\n                        <div class=\"editor-content\">\n                <h1 class=\"title\"><span style=\"color: #ffffff;\">SR Group<\/span><\/h1>\n<p class=\"preamble\"><span style=\"color: #ffffff;\">Kundecase Timpex TMS &amp; CMS<\/span><\/p>\n            <\/div>\n            <div class=\"button-wrap left\"><a class=\"btn btn-primary\" href=\"https:\/\/share-eu1.hsforms.com\/1N64zSG_iQh6EJmgag0ox5Qewibs\" target=\"_blank\" title=\"Kontakt oss for \u00e5 l\u00e6re mer\">Kontakt oss for \u00e5 l\u00e6re mer<\/a><\/div>        <\/div><!--\/.hero-content-->\n    <\/div><!--\/.container-fluid-->\n<\/section>\n\n\n<section class=\"page-content block alignfull\">\n    <div class=\"container-fluid\">\n        <div class=\"content-wrapper\">\n            <div class=\"editor-content\">\n                <h2><\/h2>\n<h2 class=\"featuredtext in-view h2\">Et n\u00e6rt partnerskap<\/h2>\n<p class=\"preamble\">Siden 2010 har vi v\u00e6rt hovedleverand\u00f8r av logistikkprogramvare for SR Group. Det har v\u00e6rt et n\u00e6rt partnerskap med gjensidig l\u00e6ring og innovasjon.<\/p>\n<p>SR Group er et av Norges ledende logistikkfirmaer som tilbyr transport, logistikk, r\u00e5dgivning og toll i hele Norge og ogs\u00e5 internasjonalt. De begynte \u00e5 bruke Timpex CMS tilbake i 2004 og valgte Timpex, n\u00e5 Maritech*, som partner i 2010.<\/p>\n<p>\u2013 SR Group er kanskje det selskapet som utnytter systemene v\u00e5re best. Vi er veldig glade for at vi har denne typen kunder ombord &#8211; en kunde som stiller h\u00f8ye krav til oss og pusher oss til \u00e5 tenke p\u00e5 en innovativ m\u00e5te. Det er ogs\u00e5 givende \u00e5 se at vi er i stand til \u00e5 oppfylle disse kravene, sier salgsdirekt\u00f8r Logistics i Maritech, Ove Gjelstenli. \u2013 V\u00e5r styrke er dybdekompetanse innen transportbransjen og n\u00e6rhet til bransjen. Teamet v\u00e5rt kjenner til utfordringene SR Group st\u00e5r overfor. De utfordrer oss. Det er gjennom dialog og samhandling gode l\u00f8sninger dukker opp.<\/p>\n            <\/div><!--\/.editor-content-->\n        <\/div><!--\/.content-wrapper-->\n    <\/div><!--\/.container-fluid-->\n<\/section>\n\n\n<section class=\"content-slider block alignfull\">\n\t<div class=\"container-fluid-xl\">\n\t\t\t<div class=\"slider-wrap\">\n\t\t\t<div class=\"block__inner content-slider__inner\" style=\"background-image: url(https:\/\/maritech.com\/wp-content\/uploads\/2021\/09\/Design-uten-navn-9-1024x576.png);\">\n\t\t\t\t<div class=\"glide maritech-content-slider maritech-content-slider--3\">\n\t\t\t\t\t<div class=\"glide__track\" data-glide-el=\"track\">\n\t\t\t\t\t\t<ul class=\"glide__slides\">\n\t\t\t\t\t\t\t\t\t\t\t\t\t\t\t<li class=\"content__slide glide__slide\">\n\t\t\t\t\t\t\t\t\t<div class=\"editor-content content-wrap\">\n\t\t\t\t\t\t\t\t\t\t\t\t\t\t\t\t\t\t\t<h4 class=\"slider-heading\">\u2013\u00a0Maritechs logistikk-team av kompetente utviklere og kreative ansatte har bidratt til \u00e5 lage l\u00f8sninger vi er stolte av. <\/h4>\n\t\t\t\t\t\t\t\t\t\t\t\t\t\t\t\t\t\t\t<div class=\"preamble\">\n\t\t\t\t\t\t\t\t\t\t\tRoy Kristensen, assisterende CEO \/ IT &#038; Innkj\u00f8p, SR Group\t\t\t\t\t\t\t\t\t\t<\/div>\n\t\t\t\t\t\t\t\t\t\t\t\t\t\t\t\t\t\t<\/div>\n\t\t\t\t\t\t\t\t<\/li>\n\t\t\t\t\t\t\t\t\t\t\t\t\t\t\t<li class=\"content__slide glide__slide\">\n\t\t\t\t\t\t\t\t\t<div class=\"editor-content content-wrap\">\n\t\t\t\t\t\t\t\t\t\t\t\t\t\t\t\t\t\t\t<h4 class=\"slider-heading\">\u2013 Timpex TMS og CMS h\u00e5ndterer all transport og fortolling i v\u00e5re seks driftsselskaper. L\u00f8sningene gir presis logistikkinformasjon for v\u00e5re kunder og leverand\u00f8rer, og h\u00e5ndterer ogs\u00e5 SR Groups fakturering, oppgj\u00f8r og kostnadskontroll.  <\/h4>\n\t\t\t\t\t\t\t\t\t\t\t\t\t\t\t\t\t\t\t<div class=\"preamble\">\n\t\t\t\t\t\t\t\t\t\t\tRoy Kristensen, Assistant CEO \/ IT &#038; Innkj\u00f8p, SR Group\t\t\t\t\t\t\t\t\t\t<\/div>\n\t\t\t\t\t\t\t\t\t\t\t\t\t\t\t\t\t\t<\/div>\n\t\t\t\t\t\t\t\t<\/li>\n\t\t\t\t\t\t\t\t\t\t\t\t\t\t\t<li class=\"content__slide glide__slide\">\n\t\t\t\t\t\t\t\t\t<div class=\"editor-content content-wrap\">\n\t\t\t\t\t\t\t\t\t\t\t\t\t\t\t\t\t\t\t<h4 class=\"slider-heading\">\u2013\u00a0Maritech har v\u00e6rt en god partner gjennom hele v\u00e5r vekst. Sammen har vi utviklet l\u00f8sninger som effektiviserer prosessene v\u00e5re. <\/h4>\n\t\t\t\t\t\t\t\t\t\t\t\t\t\t\t\t\t\t\t<div class=\"preamble\">\n\t\t\t\t\t\t\t\t\t\t\tRoy Kristensen, Assistant CEO \/ IT &#038; Innkj\u00f8p, SR Group\t\t\t\t\t\t\t\t\t\t<\/div>\n\t\t\t\t\t\t\t\t\t\t\t\t\t\t\t\t\t\t<\/div>\n\t\t\t\t\t\t\t\t<\/li>\n\t\t\t\t\t\t\t\t\t\t\t\t\t<\/ul>\n\t\t\t\t\t<\/div>\n\t\t\t\t\t<div class=\"glide__arrows\" data-glide-el=\"controls\">\n\t\t\t\t\t\t<button class=\"glide__arrow glide__arrow--left\" Previous slide data-glide-dir=\"&lt;\">\n\t\t\t\t\t\t\t<i class=\"icon icon-chev-down\"><\/i>\n\t\t\t\t\t\t<\/button>\n\t\t\t\t\t\t<p class=\"slideNum\"><span><\/span> \/ 3<\/p>\n\t\t\t\t\t\t<button class=\"glide__arrow glide__arrow--right\" aria-label=\"Next slide\" data-glide-dir=\"&gt;\">\n\t\t\t\t\t\t\t<i class=\"icon icon-chev-down\"><\/i>\n\t\t\t\t\t\t<\/button>\n\t\t\t\t\t<\/div>\n\t\t\t\t<\/div>\n\t\t\t<\/div>\n\t\t<\/div>\n\t\t\t<\/div>\n<\/section>\n\n\n<section class=\"page-content block alignfull\">\n    <div class=\"container-fluid\">\n        <div class=\"content-wrapper\">\n            <div class=\"editor-content\">\n                <h2 class=\"h2\">Utviklet Timpex Connect<\/h2>\n<p>Et godt eksempel p\u00e5 det tette samarbeidet er at det var SR Group og deres partner Subsea Seven som utviklet Timpex Connect-produktet fra starten.<\/p>\n<p>\u2013 SR Group var tidlig ute av startblokka og har v\u00e6rt med p\u00e5 \u00e5 utvikle Connect. Dette er et produkt som har bidratt til \u00e5 differensiere dem i anbudsrunder og har tiltrukket dem nye kunder, sier Gjelstenli.<\/p>\n<p>\u2013 Spesielt innen oljeindustrien hvor det er strenge krav til deling av informasjon, har Connect v\u00e6rt avgj\u00f8rende for SR Group. \u00c5 kunne rapportere at du har levert, n\u00e5r du har levert og til rett sted, er veldig viktig i denne bransjen.<\/p>\n<p>\u2013 Roy Kristensen og SR Group er fremtidsrettet, ivrig og pusher oss alltid til \u00e5 finne innovative og gode l\u00f8sninger. De har utvidet seg gjennom flere oppkj\u00f8p de siste \u00e5rene, og alle selskaper bruker Timpex-portef\u00f8ljen. Vi er stolte over \u00e5 ha et tett samarbeid med dem, og ser frem til \u00e5 fortsette \u00e5 innovere sammen i fremtiden.<\/p>\n<p>&nbsp;<\/p>\n<p>*Maritech kj\u00f8pte Timpex i oktober 2019<\/p>\n            <\/div><!--\/.editor-content-->\n        <\/div><!--\/.content-wrapper-->\n    <\/div><!--\/.container-fluid-->\n<\/section>\n\n\n<section class=\"related-posts block alignfull\">\n    <div class=\"container-fluid\">\n        <div class=\"title-wrap\">\n            <h2 class=\"heading h2\">Les videre<\/h2>        <\/div><!--\/.title-wrap-->\n                <div class=\"row\">\n                        <div class=\"col\">\n                <div onclick=\"location.href='https:\/\/maritech.com\/no\/vare-losninger-logistikk\/'\" class=\"post-card\">\n                    <div class=\"img-wrap\">\n\t\t\t\t\t\t<img decoding=\"async\" width=\"1024\" height=\"574\" src=\"https:\/\/maritech.com\/wp-content\/uploads\/2024\/01\/GHG-1024x574.png\" class=\"attachment-large size-large wp-post-image\" alt=\"V\u00e5re l\u00f8sninger - Logistikk\" srcset=\"https:\/\/maritech.com\/wp-content\/uploads\/2024\/01\/GHG-1024x574.png 1024w, https:\/\/maritech.com\/wp-content\/uploads\/2024\/01\/GHG-300x168.png 300w, https:\/\/maritech.com\/wp-content\/uploads\/2024\/01\/GHG-768x430.png 768w, https:\/\/maritech.com\/wp-content\/uploads\/2024\/01\/GHG-260x146.png 260w, https:\/\/maritech.com\/wp-content\/uploads\/2024\/01\/GHG.png 1280w\" sizes=\"(max-width: 1024px) 100vw, 1024px\" \/>                    <\/div>\n                    <div class=\"info-wrap\">\n                                                <h4><a href=\"https:\/\/maritech.com\/no\/vare-losninger-logistikk\/\">V\u00e5re l\u00f8sninger &#8211;  <span class=\"lastword\"> Logistikk <svg fill=\"none\" height=\"16\" viewBox=\"0 0 21 16\" width=\"21\" xmlns=\"http:\/\/www.w3.org\/2000\/svg\"><path d=\"m12.2646 1.0521 5.615 5.7114h-17.8796v1.503h17.8796l-5.615 5.7114 1.0343 1.0521 7.3883-7.515-7.3883-7.515z\" fill=\"#446bf9\"\/><\/svg><\/span><\/a><\/h4>\n                    <\/div>\n                <\/div>\n            <\/div><!--\/.col-->\n                        <div class=\"col\">\n                <div onclick=\"location.href='https:\/\/maritech.com\/no\/accelerator-velger-maritech\/'\" class=\"post-card\">\n                    <div class=\"img-wrap\">\n\t\t\t\t\t\t<img decoding=\"async\" width=\"1024\" height=\"576\" src=\"https:\/\/maritech.com\/wp-content\/uploads\/2024\/01\/Design-uten-navn-3-1024x576.jpg\" class=\"attachment-large size-large wp-post-image\" alt=\"Kundecase - Accelerator\" srcset=\"https:\/\/maritech.com\/wp-content\/uploads\/2024\/01\/Design-uten-navn-3-1024x576.jpg 1024w, https:\/\/maritech.com\/wp-content\/uploads\/2024\/01\/Design-uten-navn-3-300x169.jpg 300w, https:\/\/maritech.com\/wp-content\/uploads\/2024\/01\/Design-uten-navn-3-768x432.jpg 768w, https:\/\/maritech.com\/wp-content\/uploads\/2024\/01\/Design-uten-navn-3-260x146.jpg 260w, https:\/\/maritech.com\/wp-content\/uploads\/2024\/01\/Design-uten-navn-3.jpg 1440w\" sizes=\"(max-width: 1024px) 100vw, 1024px\" \/>                    <\/div>\n                    <div class=\"info-wrap\">\n                                                <h4><a href=\"https:\/\/maritech.com\/no\/accelerator-velger-maritech\/\">Kundecase &#8211;  <span class=\"lastword\"> Accelerator <svg fill=\"none\" height=\"16\" viewBox=\"0 0 21 16\" width=\"21\" xmlns=\"http:\/\/www.w3.org\/2000\/svg\"><path d=\"m12.2646 1.0521 5.615 5.7114h-17.8796v1.503h17.8796l-5.615 5.7114 1.0343 1.0521 7.3883-7.515-7.3883-7.515z\" fill=\"#446bf9\"\/><\/svg><\/span><\/a><\/h4>\n                    <\/div>\n                <\/div>\n            <\/div><!--\/.col-->\n                        <div class=\"col\">\n                <div onclick=\"location.href='https:\/\/maritech.com\/no\/maritech-tms-forste-pilotkunde-er-live-og-fornoyd\/'\" class=\"post-card\">\n                    <div class=\"img-wrap\">\n\t\t\t\t\t\t<img decoding=\"async\" width=\"1024\" height=\"611\" src=\"https:\/\/maritech.com\/wp-content\/uploads\/2023\/06\/NordvestTransport_Maritech-1024x611.png\" class=\"attachment-large size-large wp-post-image\" alt=\"Kundecase - Nordvest Transport\" srcset=\"https:\/\/maritech.com\/wp-content\/uploads\/2023\/06\/NordvestTransport_Maritech-1024x611.png 1024w, https:\/\/maritech.com\/wp-content\/uploads\/2023\/06\/NordvestTransport_Maritech-300x179.png 300w, https:\/\/maritech.com\/wp-content\/uploads\/2023\/06\/NordvestTransport_Maritech-768x458.png 768w, https:\/\/maritech.com\/wp-content\/uploads\/2023\/06\/NordvestTransport_Maritech-260x155.png 260w, https:\/\/maritech.com\/wp-content\/uploads\/2023\/06\/NordvestTransport_Maritech.png 1311w\" sizes=\"(max-width: 1024px) 100vw, 1024px\" \/>                    <\/div>\n                    <div class=\"info-wrap\">\n                                                <h4><a href=\"https:\/\/maritech.com\/no\/maritech-tms-forste-pilotkunde-er-live-og-fornoyd\/\">Kundecase &#8211; Nordvest  <span class=\"lastword\"> Transport <svg fill=\"none\" height=\"16\" viewBox=\"0 0 21 16\" width=\"21\" xmlns=\"http:\/\/www.w3.org\/2000\/svg\"><path d=\"m12.2646 1.0521 5.615 5.7114h-17.8796v1.503h17.8796l-5.615 5.7114 1.0343 1.0521 7.3883-7.515-7.3883-7.515z\" fill=\"#446bf9\"\/><\/svg><\/span><\/a><\/h4>\n                    <\/div>\n                <\/div>\n            <\/div><!--\/.col-->\n                    <\/div><!--\/.row-->\n            <\/div><!--\/.container-fluid-->\n<\/section>\n","protected":false},"excerpt":{"rendered":"","protected":false},"author":11,"featured_media":4941,"parent":9657,"menu_order":0,"comment_status":"closed","ping_status":"closed","template":"","meta":{"_acf_changed":false,"content-type":"","lazy_load_responsive_images_disabled":false,"footnotes":""},"class_list":["post-9694","page","type-page","status-publish","has-post-thumbnail","hentry"],"acf":[],"yoast_head":"<!-- This site is optimized with the Yoast SEO Premium plugin v21.8 (Yoast SEO v26.8) - https:\/\/yoast.com\/product\/yoast-seo-premium-wordpress\/ -->\n<title>Innovasjon gjennom samarbeid - Kundecase - SR Group - Maritech<\/title>\n<meta name=\"description\" content=\"\u2013 Timpex TMS og CMS h\u00e5ndterer all transport og fortolling i v\u00e5re seks selskaper, sier Roy Kristensen, ass. CEO \/ IT &amp; Innkj\u00f8p, SR Group\" \/>\n<meta name=\"robots\" content=\"index, follow, max-snippet:-1, max-image-preview:large, max-video-preview:-1\" \/>\n<link rel=\"canonical\" href=\"https:\/\/maritech.com\/no\/vare-losninger-logistikk\/kundecase-sr-group\/\" \/>\n<meta property=\"og:locale\" content=\"nb_NO\" \/>\n<meta property=\"og:type\" content=\"article\" \/>\n<meta property=\"og:title\" content=\"Kundecase - SR Group\" \/>\n<meta property=\"og:description\" content=\"\u2013 Timpex TMS og CMS h\u00e5ndterer all transport og fortolling i v\u00e5re seks selskaper, sier Roy Kristensen, ass. CEO \/ IT &amp; Innkj\u00f8p, SR Group\" \/>\n<meta property=\"og:url\" content=\"https:\/\/maritech.com\/no\/vare-losninger-logistikk\/kundecase-sr-group\/\" \/>\n<meta property=\"og:site_name\" content=\"Maritech\" \/>\n<meta property=\"article:modified_time\" content=\"2024-07-10T06:24:03+00:00\" \/>\n<meta property=\"og:image\" content=\"https:\/\/maritech.com\/wp-content\/uploads\/2020\/04\/PT6A9974-kopi-1024x683.jpg\" \/>\n\t<meta property=\"og:image:width\" content=\"1024\" \/>\n\t<meta property=\"og:image:height\" content=\"683\" \/>\n\t<meta property=\"og:image:type\" content=\"image\/jpeg\" \/>\n<meta name=\"twitter:card\" content=\"summary_large_image\" \/>\n<meta name=\"twitter:label1\" content=\"Ansl. lesetid\" \/>\n\t<meta name=\"twitter:data1\" content=\"1 minutt\" \/>\n<script type=\"application\/ld+json\" class=\"yoast-schema-graph\">{\"@context\":\"https:\/\/schema.org\",\"@graph\":[{\"@type\":\"WebPage\",\"@id\":\"https:\/\/maritech.com\/no\/vare-losninger-logistikk\/kundecase-sr-group\/\",\"url\":\"https:\/\/maritech.com\/no\/vare-losninger-logistikk\/kundecase-sr-group\/\",\"name\":\"Innovasjon gjennom samarbeid - Kundecase - SR Group - Maritech\",\"isPartOf\":{\"@id\":\"https:\/\/maritech.com\/no\/#website\"},\"primaryImageOfPage\":{\"@id\":\"https:\/\/maritech.com\/no\/vare-losninger-logistikk\/kundecase-sr-group\/#primaryimage\"},\"image\":{\"@id\":\"https:\/\/maritech.com\/no\/vare-losninger-logistikk\/kundecase-sr-group\/#primaryimage\"},\"thumbnailUrl\":\"https:\/\/maritech.com\/wp-content\/uploads\/2020\/04\/PT6A9974-kopi.jpg\",\"datePublished\":\"2021-08-06T13:32:23+00:00\",\"dateModified\":\"2024-07-10T06:24:03+00:00\",\"description\":\"\u2013 Timpex TMS og CMS h\u00e5ndterer all transport og fortolling i v\u00e5re seks selskaper, sier Roy Kristensen, ass. CEO \/ IT & Innkj\u00f8p, SR Group\",\"breadcrumb\":{\"@id\":\"https:\/\/maritech.com\/no\/vare-losninger-logistikk\/kundecase-sr-group\/#breadcrumb\"},\"inLanguage\":\"nb-NO\",\"potentialAction\":[{\"@type\":\"ReadAction\",\"target\":[\"https:\/\/maritech.com\/no\/vare-losninger-logistikk\/kundecase-sr-group\/\"]}]},{\"@type\":\"ImageObject\",\"inLanguage\":\"nb-NO\",\"@id\":\"https:\/\/maritech.com\/no\/vare-losninger-logistikk\/kundecase-sr-group\/#primaryimage\",\"url\":\"https:\/\/maritech.com\/wp-content\/uploads\/2020\/04\/PT6A9974-kopi.jpg\",\"contentUrl\":\"https:\/\/maritech.com\/wp-content\/uploads\/2020\/04\/PT6A9974-kopi.jpg\",\"width\":2560,\"height\":1707,\"caption\":\"Maritech customer case - SR Group\"},{\"@type\":\"BreadcrumbList\",\"@id\":\"https:\/\/maritech.com\/no\/vare-losninger-logistikk\/kundecase-sr-group\/#breadcrumb\",\"itemListElement\":[{\"@type\":\"ListItem\",\"position\":1,\"name\":\"Home\",\"item\":\"https:\/\/maritech.com\/no\/\"},{\"@type\":\"ListItem\",\"position\":2,\"name\":\"V\u00e5re l\u00f8sninger &#8211; Logistikk\",\"item\":\"https:\/\/maritech.com\/no\/vare-losninger-logistikk\/\"},{\"@type\":\"ListItem\",\"position\":3,\"name\":\"Kundecase &#8211; SR Group\"}]},{\"@type\":\"WebSite\",\"@id\":\"https:\/\/maritech.com\/no\/#website\",\"url\":\"https:\/\/maritech.com\/no\/\",\"name\":\"Maritech\",\"description\":\"\",\"publisher\":{\"@id\":\"https:\/\/maritech.com\/no\/#organization\"},\"potentialAction\":[{\"@type\":\"SearchAction\",\"target\":{\"@type\":\"EntryPoint\",\"urlTemplate\":\"https:\/\/maritech.com\/no\/?s={search_term_string}\"},\"query-input\":{\"@type\":\"PropertyValueSpecification\",\"valueRequired\":true,\"valueName\":\"search_term_string\"}}],\"inLanguage\":\"nb-NO\"},{\"@type\":\"Organization\",\"@id\":\"https:\/\/maritech.com\/no\/#organization\",\"name\":\"Maritech\",\"url\":\"https:\/\/maritech.com\/no\/\",\"logo\":{\"@type\":\"ImageObject\",\"inLanguage\":\"nb-NO\",\"@id\":\"https:\/\/maritech.com\/no\/#\/schema\/logo\/image\/\",\"url\":\"https:\/\/maritech.com\/wp-content\/uploads\/2024\/07\/Maritech-Logo-Co-Brand-WHITE.png\",\"contentUrl\":\"https:\/\/maritech.com\/wp-content\/uploads\/2024\/07\/Maritech-Logo-Co-Brand-WHITE.png\",\"width\":3336,\"height\":890,\"caption\":\"Maritech\"},\"image\":{\"@id\":\"https:\/\/maritech.com\/no\/#\/schema\/logo\/image\/\"}}]}<\/script>\n<!-- \/ Yoast SEO Premium plugin. -->","yoast_head_json":{"title":"Innovasjon gjennom samarbeid - Kundecase - SR Group - Maritech","description":"\u2013 Timpex TMS og CMS h\u00e5ndterer all transport og fortolling i v\u00e5re seks selskaper, sier Roy Kristensen, ass. CEO \/ IT & Innkj\u00f8p, SR Group","robots":{"index":"index","follow":"follow","max-snippet":"max-snippet:-1","max-image-preview":"max-image-preview:large","max-video-preview":"max-video-preview:-1"},"canonical":"https:\/\/maritech.com\/no\/vare-losninger-logistikk\/kundecase-sr-group\/","og_locale":"nb_NO","og_type":"article","og_title":"Kundecase - SR Group","og_description":"\u2013 Timpex TMS og CMS h\u00e5ndterer all transport og fortolling i v\u00e5re seks selskaper, sier Roy Kristensen, ass. CEO \/ IT & Innkj\u00f8p, SR Group","og_url":"https:\/\/maritech.com\/no\/vare-losninger-logistikk\/kundecase-sr-group\/","og_site_name":"Maritech","article_modified_time":"2024-07-10T06:24:03+00:00","og_image":[{"width":1024,"height":683,"url":"https:\/\/maritech.com\/wp-content\/uploads\/2020\/04\/PT6A9974-kopi-1024x683.jpg","type":"image\/jpeg"}],"twitter_card":"summary_large_image","twitter_misc":{"Ansl. lesetid":"1 minutt"},"schema":{"@context":"https:\/\/schema.org","@graph":[{"@type":"WebPage","@id":"https:\/\/maritech.com\/no\/vare-losninger-logistikk\/kundecase-sr-group\/","url":"https:\/\/maritech.com\/no\/vare-losninger-logistikk\/kundecase-sr-group\/","name":"Innovasjon gjennom samarbeid - Kundecase - SR Group - Maritech","isPartOf":{"@id":"https:\/\/maritech.com\/no\/#website"},"primaryImageOfPage":{"@id":"https:\/\/maritech.com\/no\/vare-losninger-logistikk\/kundecase-sr-group\/#primaryimage"},"image":{"@id":"https:\/\/maritech.com\/no\/vare-losninger-logistikk\/kundecase-sr-group\/#primaryimage"},"thumbnailUrl":"https:\/\/maritech.com\/wp-content\/uploads\/2020\/04\/PT6A9974-kopi.jpg","datePublished":"2021-08-06T13:32:23+00:00","dateModified":"2024-07-10T06:24:03+00:00","description":"\u2013 Timpex TMS og CMS h\u00e5ndterer all transport og fortolling i v\u00e5re seks selskaper, sier Roy Kristensen, ass. CEO \/ IT & Innkj\u00f8p, SR Group","breadcrumb":{"@id":"https:\/\/maritech.com\/no\/vare-losninger-logistikk\/kundecase-sr-group\/#breadcrumb"},"inLanguage":"nb-NO","potentialAction":[{"@type":"ReadAction","target":["https:\/\/maritech.com\/no\/vare-losninger-logistikk\/kundecase-sr-group\/"]}]},{"@type":"ImageObject","inLanguage":"nb-NO","@id":"https:\/\/maritech.com\/no\/vare-losninger-logistikk\/kundecase-sr-group\/#primaryimage","url":"https:\/\/maritech.com\/wp-content\/uploads\/2020\/04\/PT6A9974-kopi.jpg","contentUrl":"https:\/\/maritech.com\/wp-content\/uploads\/2020\/04\/PT6A9974-kopi.jpg","width":2560,"height":1707,"caption":"Maritech customer case - SR Group"},{"@type":"BreadcrumbList","@id":"https:\/\/maritech.com\/no\/vare-losninger-logistikk\/kundecase-sr-group\/#breadcrumb","itemListElement":[{"@type":"ListItem","position":1,"name":"Home","item":"https:\/\/maritech.com\/no\/"},{"@type":"ListItem","position":2,"name":"V\u00e5re l\u00f8sninger &#8211; Logistikk","item":"https:\/\/maritech.com\/no\/vare-losninger-logistikk\/"},{"@type":"ListItem","position":3,"name":"Kundecase &#8211; SR Group"}]},{"@type":"WebSite","@id":"https:\/\/maritech.com\/no\/#website","url":"https:\/\/maritech.com\/no\/","name":"Maritech","description":"","publisher":{"@id":"https:\/\/maritech.com\/no\/#organization"},"potentialAction":[{"@type":"SearchAction","target":{"@type":"EntryPoint","urlTemplate":"https:\/\/maritech.com\/no\/?s={search_term_string}"},"query-input":{"@type":"PropertyValueSpecification","valueRequired":true,"valueName":"search_term_string"}}],"inLanguage":"nb-NO"},{"@type":"Organization","@id":"https:\/\/maritech.com\/no\/#organization","name":"Maritech","url":"https:\/\/maritech.com\/no\/","logo":{"@type":"ImageObject","inLanguage":"nb-NO","@id":"https:\/\/maritech.com\/no\/#\/schema\/logo\/image\/","url":"https:\/\/maritech.com\/wp-content\/uploads\/2024\/07\/Maritech-Logo-Co-Brand-WHITE.png","contentUrl":"https:\/\/maritech.com\/wp-content\/uploads\/2024\/07\/Maritech-Logo-Co-Brand-WHITE.png","width":3336,"height":890,"caption":"Maritech"},"image":{"@id":"https:\/\/maritech.com\/no\/#\/schema\/logo\/image\/"}}]}},"jetpack_sharing_enabled":true,"_links":{"self":[{"href":"https:\/\/maritech.com\/no\/wp-json\/wp\/v2\/pages\/9694","targetHints":{"allow":["GET"]}}],"collection":[{"href":"https:\/\/maritech.com\/no\/wp-json\/wp\/v2\/pages"}],"about":[{"href":"https:\/\/maritech.com\/no\/wp-json\/wp\/v2\/types\/page"}],"author":[{"embeddable":true,"href":"https:\/\/maritech.com\/no\/wp-json\/wp\/v2\/users\/11"}],"replies":[{"embeddable":true,"href":"https:\/\/maritech.com\/no\/wp-json\/wp\/v2\/comments?post=9694"}],"version-history":[{"count":16,"href":"https:\/\/maritech.com\/no\/wp-json\/wp\/v2\/pages\/9694\/revisions"}],"predecessor-version":[{"id":20267,"href":"https:\/\/maritech.com\/no\/wp-json\/wp\/v2\/pages\/9694\/revisions\/20267"}],"up":[{"embeddable":true,"href":"https:\/\/maritech.com\/no\/wp-json\/wp\/v2\/pages\/9657"}],"wp:featuredmedia":[{"embeddable":true,"href":"https:\/\/maritech.com\/no\/wp-json\/wp\/v2\/media\/4941"}],"wp:attachment":[{"href":"https:\/\/maritech.com\/no\/wp-json\/wp\/v2\/media?parent=9694"}],"curies":[{"name":"wp","href":"https:\/\/api.w.org\/{rel}","templated":true}]}}