{"id":9740,"date":"2021-08-09T09:58:48","date_gmt":"2021-08-09T08:58:48","guid":{"rendered":"https:\/\/maritech.com\/vare-losninger-logistikk\/warehouse-management\/"},"modified":"2026-01-16T14:15:30","modified_gmt":"2026-01-16T13:15:30","slug":"lagerstyring","status":"publish","type":"page","link":"https:\/\/maritech.com\/no\/vare-losninger-logistikk\/lagerstyring\/","title":{"rendered":"Lagerstyring"},"content":{"rendered":"\n<section class=\"hero block alignfull bg-image grad-dark\" style=\"background-image: url('https:\/\/maritech.com\/wp-content\/uploads\/2020\/04\/PT6A0189-kopi-1546x1000.jpg'); \" >\n    <div class=\"container-fluid\">\n        <div class=\"hero-content\">\n                        <div class=\"editor-content\">\n                <h1><span style=\"color: #ffffff;\">Lagerstyring<\/span><\/h1>\n<p class=\"preamble\"><span class=\"TextRun MacChromeBold SCXW100933828 BCX0\" lang=\"EN-CA\" style=\"color: #ffffff;\" xml:lang=\"EN-CA\" data-contrast=\"auto\"><span class=\"NormalTextRun SCXW100933828 BCX0\">Forenkle lagerstyring og tredjeparts-logistikk med WMS-programvare fra Maritech.<\/span><\/span><\/p>\n            <\/div>\n            <div class=\"button-wrap left\"><a class=\"btn btn-primary\" href=\"https:\/\/logistics-demo.maritech.cloud\/\" target=\"_blank\" title=\"Se hvordan vi gj\u00f8r det\">Se hvordan vi gj\u00f8r det<\/a><\/div>        <\/div><!--\/.hero-content-->\n    <\/div><!--\/.container-fluid-->\n<\/section>\n\n\n\n<section class=\"breadcrumb-section block alignfull\">\n    <div class=\"container-fluid\">\n        <p class=\"breadcrumbs\"><span><span><a href=\"https:\/\/maritech.com\/no\/\"><span class=\"d-none\">Home<\/span><svg xmlns=\"http:\/\/www.w3.org\/2000\/svg\" xmlns:xlink=\"http:\/\/www.w3.org\/1999\/xlink\" contentScriptType=\"text\/ecmascript\" contentStyleType=\"text\/css\" enable-background=\"new 0 0 2048 2048\" height=\"2048px\" id=\"Layer_1\" preserveAspectRatio=\"xMidYMid meet\" version=\"1.1\" viewBox=\"25.33300018310547 0 1613.333984375 2048\" width=\"1613.333984375px\" xml:space=\"preserve\" zoomAndPan=\"magnify\" style=\"&#10;    width: 20px;&#10;\"><path d=\"M1408,1120v480c0,17.333-6.333,32.333-19,45s-27.667,19-45,19H960v-384H704v384H320c-17.333,0-32.333-6.333-45-19  s-19-27.667-19-45v-480c0-0.667,0.167-1.667,0.5-3s0.5-2.333,0.5-3l575-474l575,474C1407.667,1115.333,1408,1117.333,1408,1120z   M1631,1051l-62,74c-5.333,6-12.333,9.667-21,11h-3c-8.667,0-15.667-2.333-21-7L832,552l-692,577c-8,5.333-16,7.667-24,7  c-8.667-1.333-15.667-5-21-11l-62-74c-5.333-6.667-7.667-14.5-7-23.5s4.333-16.167,11-21.5l719-599c21.333-17.333,46.667-26,76-26  s54.667,8.667,76,26l244,204V416c0-9.333,3-17,9-23s13.667-9,23-9h192c9.333,0,17,3,23,9s9,13.667,9,23v408l219,182  c6.667,5.333,10.333,12.5,11,21.5S1636.333,1044.333,1631,1051z\"\/><\/svg><\/a><\/span><\/span><\/p>    <\/div>\n<\/section>\n\n<section class=\"page-content block alignfull\">\n    <div class=\"container-fluid\">\n        <div class=\"content-wrapper\">\n            <div class=\"editor-content\">\n                <h2 class=\"h2\">Forbedre marginene dine<\/h2>\n<p class=\"preamble\">Har du full kontroll p\u00e5 lageret ditt?<\/p>\n<p>Optimal lagerstyring l\u00f8nner seg raskt, og det kan v\u00e6re mye \u00e5 hente p\u00e5 \u00e5 automatisere prosesser og digitalisere dokumentasjonen.<\/p>\n<p>Et Warehouse Management System (WMS) fra Maritech kan v\u00e6re et verdifullt verkt\u00f8y for alle som har uavhengig lagring eller organiserer lagring for sine kunder. Administrert gjennom systemet, kan prosessene knyttet til lagerstyring h\u00e5ndteres effektivt og enkelt. Du holder oversikt over dine og\/eller kunders varer n\u00e5r de legges p\u00e5 lager og hentes. N\u00e5r du legger inn varene, kan de enkelt importeres fra ditt eget eller kundens ordresystem. Du kan h\u00e5ndtere produktplassering p\u00e5 forskjellige steder og tildele varer til bestillinger.<\/p>\n<p>Vi tilbyr WMS-l\u00f8sninger som en del av b\u00e5de sj\u00f8mat- og logistikkportef\u00f8ljen v\u00e5r, og har ogs\u00e5 programvare skreddersydd for tredjepartslogistikk og utleie av fryselager\/lagerhotell. Du kan lese mer om dette lenger ned p\u00e5 denne siden.<\/p>\n<p>&nbsp;<\/p>\n            <\/div><!--\/.editor-content-->\n        <\/div><!--\/.content-wrapper-->\n    <\/div><!--\/.container-fluid-->\n<\/section>\n\n\n<figure class=\"wp-block-image size-large is-style-default\"><img decoding=\"async\" width=\"1024\" height=\"683\" src=\"https:\/\/maritech.com\/wp-content\/uploads\/2021\/08\/Maritech-Oclin-LQ-04502-1024x683.jpg\" alt=\"Coast Seafood were one of the pilot customers in the development of Maritech Supply Chain\" class=\"wp-image-8160\" srcset=\"https:\/\/maritech.com\/wp-content\/uploads\/2021\/08\/Maritech-Oclin-LQ-04502-1024x683.jpg 1024w, https:\/\/maritech.com\/wp-content\/uploads\/2021\/08\/Maritech-Oclin-LQ-04502-300x200.jpg 300w, https:\/\/maritech.com\/wp-content\/uploads\/2021\/08\/Maritech-Oclin-LQ-04502-768x512.jpg 768w, https:\/\/maritech.com\/wp-content\/uploads\/2021\/08\/Maritech-Oclin-LQ-04502-1536x1025.jpg 1536w, https:\/\/maritech.com\/wp-content\/uploads\/2021\/08\/Maritech-Oclin-LQ-04502-2048x1366.jpg 2048w, https:\/\/maritech.com\/wp-content\/uploads\/2021\/08\/Maritech-Oclin-LQ-04502-1920x1281.jpg 1920w, https:\/\/maritech.com\/wp-content\/uploads\/2021\/08\/Maritech-Oclin-LQ-04502-1499x1000.jpg 1499w, https:\/\/maritech.com\/wp-content\/uploads\/2021\/08\/Maritech-Oclin-LQ-04502-260x173.jpg 260w\" sizes=\"(max-width: 1024px) 100vw, 1024px\" \/><\/figure>\n\n\n<section class=\"page-content block alignfull\">\n    <div class=\"container-fluid\">\n        <div class=\"content-wrapper\">\n            <div class=\"editor-content\">\n                <h2>Er du et sj\u00f8matfirma?<\/h2>\n<p>Maritech WMS for sj\u00f8mat er rettet spesielt mot de selskapene som trenger \u00e5 motta og sende varer, samtidig som de opprettholder en optimal utnyttelse av plass og spesifikt vet hvor alle varer er lagret til enhver tid. Fysiske lokasjoner kan settes opp til \u00e5 inneholde reoler, eller angi forskjellige posisjoner basert p\u00e5 paller i stativer. Du kan ogs\u00e5 definere lagring med valgfri plassering. Elementer kan tildeles fra lagring ved \u00e5 bruke forh\u00e5ndsdefinerte pakkelister som bestemmer den n\u00f8yaktige plasseringen og enhetene. Eller du kan velge varer fra lager uten \u00e5 vurdere det spesifikke stedet.<\/p>\n<p>Elementene er merket med strekkoder, og prosessen med \u00e5 velge elementer utf\u00f8res ved hjelp av skannere. N\u00e5r varer tildeles fra lagring og transporteres videre til kunder, er det avgj\u00f8rende at dette utf\u00f8res s\u00e5 raskt og effektivt som mulig p\u00e5 grunn av frister. Maritech WMS gir en oversiktlig visuell oversikt over lagringsstedene og hvor elementene som skal tildeles plasseres. Du f\u00e5r ogs\u00e5 funksjonalitet som visuell plassering av varer p\u00e5 lager, strekkoder for registrering av plassering, samt oversikt over utg\u00e5ende bestillinger og gjenv\u00e6rende varer p\u00e5 bestilling, for \u00e5 sikre at riktig vare er valgt.<\/p>\n            <\/div><!--\/.editor-content-->\n        <\/div><!--\/.content-wrapper-->\n    <\/div><!--\/.container-fluid-->\n<\/section>\n\n<section  class=\"request-form block alignfull\">\n    <div class=\"container-fluid\">\n        <div class=\"block-container\">\n            <div class=\"content-wrap\">\n                                    <h4>Vil du vite mer?<\/h4>\n                                            <\/div>\n            <div class=\"form-wrap\">\n                                                    <div class=\"button-wrap left\">\n                        <a class=\"btn\" href=\"https:\/\/logistics-demo.maritech.cloud\/\" title=\"Se v\u00e5re digitale demoer\">\n                            Se v\u00e5re digitale demoer                        <\/a>\n                    <\/div>\n                            <\/div>\n        <\/div>\n    <\/div>\n<\/section>\n\n<section class=\"page-content block alignfull\">\n    <div class=\"container-fluid\">\n        <div class=\"content-wrapper\">\n            <div class=\"editor-content\">\n                <h2>Tredjepartslogistikk<\/h2>\n<p>I januar 2021 ble EDI-Systems en del av Maritech, og styrket v\u00e5rt team med ledende ekspertise og programvare innen tredjeparts-logistikk.<\/p>\n<p>I flere ti\u00e5r har teamet fra EDI-Systems spesialisert seg p\u00e5 WMS-systemer for lagerhotell og kj\u00f8lelager. Siden 1996 har de bygd seg en ledende posisjon i det norske markedet, og EDI-Systems-l\u00f8sningene brukes av et bredt spekter av sj\u00f8matbedrifter og andre selskaper som leier ut kj\u00f8le- og fryselager.<\/p>\n<p>Da vi kunngjorde oppkj\u00f8pet i august 2020, sa v\u00e5r CEO Odd Arne Kristeng\u00e5rd: \u2013 Vi er glade for \u00e5 kunne \u00f8nske EDI-Systems velkommen som de nyeste medlemmene av Maritech-teamet. De kommer inn med l\u00f8sninger, kunder og kompetanse som passer naturlig inn i v\u00e5r virksomhet og videre planer. Mange av v\u00e5re kunder bruker allerede systemene sine; de vil dra nytte av en enda bedre integrasjon av kj\u00f8lelager-systemet. EDI-Systems leverer i tillegg l\u00f8sninger for kvalitetsregistrering for fiskeri, og det vil ogs\u00e5 passe godt i Maritechs produktutvalg. Samtidig vil vi styrke v\u00e5r kompetanse n\u00e5r det gjelder lagring hos tredjepart og vil n\u00e5 dekke en enda st\u00f8rre del av verdikjeden i sj\u00f8matindustrien. Videre representerer dette oppkj\u00f8pet ogs\u00e5 muligheter i andre bransjer, knyttet til nye og eksisterende logistikkunder.<\/p>\n            <\/div><!--\/.editor-content-->\n        <\/div><!--\/.content-wrapper-->\n    <\/div><!--\/.container-fluid-->\n<\/section>\n\n\n<section class=\"related-posts block alignfull\">\n    <div class=\"container-fluid\">\n        <div class=\"title-wrap\">\n            <h2 class=\"heading h2\">Les videre<\/h2>        <\/div><!--\/.title-wrap-->\n                <div class=\"row\">\n                        <div class=\"col\">\n                <div onclick=\"location.href='https:\/\/maritech.com\/no\/maritech-tms-forste-pilotkunde-er-live-og-fornoyd\/'\" class=\"post-card\">\n                    <div class=\"img-wrap\">\n\t\t\t\t\t\t<img decoding=\"async\" width=\"1024\" height=\"611\" src=\"https:\/\/maritech.com\/wp-content\/uploads\/2023\/06\/NordvestTransport_Maritech-1024x611.png\" class=\"attachment-large size-large wp-post-image\" alt=\"Kundecase - Nordvest Transport\" srcset=\"https:\/\/maritech.com\/wp-content\/uploads\/2023\/06\/NordvestTransport_Maritech-1024x611.png 1024w, https:\/\/maritech.com\/wp-content\/uploads\/2023\/06\/NordvestTransport_Maritech-300x179.png 300w, https:\/\/maritech.com\/wp-content\/uploads\/2023\/06\/NordvestTransport_Maritech-768x458.png 768w, https:\/\/maritech.com\/wp-content\/uploads\/2023\/06\/NordvestTransport_Maritech-260x155.png 260w, https:\/\/maritech.com\/wp-content\/uploads\/2023\/06\/NordvestTransport_Maritech.png 1311w\" sizes=\"(max-width: 1024px) 100vw, 1024px\" \/>                    <\/div>\n                    <div class=\"info-wrap\">\n                                                <h4><a href=\"https:\/\/maritech.com\/no\/maritech-tms-forste-pilotkunde-er-live-og-fornoyd\/\">Kundecase &#8211; Nordvest  <span class=\"lastword\"> Transport <svg fill=\"none\" height=\"16\" viewBox=\"0 0 21 16\" width=\"21\" xmlns=\"http:\/\/www.w3.org\/2000\/svg\"><path d=\"m12.2646 1.0521 5.615 5.7114h-17.8796v1.503h17.8796l-5.615 5.7114 1.0343 1.0521 7.3883-7.515-7.3883-7.515z\" fill=\"#446bf9\"\/><\/svg><\/span><\/a><\/h4>\n                    <\/div>\n                <\/div>\n            <\/div><!--\/.col-->\n                    <\/div><!--\/.row-->\n            <\/div><!--\/.container-fluid-->\n<\/section>\n\n\n<section class=\"alignfull block newsletter-form dark-blue\">\n    <div class=\"content-max-wrapper\">\n                    <div class=\"content-max-wrapper__text\">\n                <h3 class=\"h3\">Motta nyheter og invitasjoner fra Maritech<\/h3>\n            <\/div>\n                <!--[if lte IE 8]>\r\n<script charset=\"utf-8\" type=\"text\/javascript\" src=\"\/\/js-eu1.hsforms.net\/forms\/v2-legacy.js\"><\/script>\r\n<![endif]-->\r\n<script charset=\"utf-8\" type=\"text\/javascript\" src=\"\/\/js-eu1.hsforms.net\/forms\/v2.js\"><\/script>\r\n<script>\r\n  hbspt.forms.create({\r\n    region: \"eu1\",\r\n    portalId: \"25031368\",\r\n    formId: \"810e627a-049b-49de-b096-e08125e0e7e6\"\r\n});\r\n<\/script>    <div>\n<\/section>\n","protected":false},"excerpt":{"rendered":"","protected":false},"author":11,"featured_media":4920,"parent":9657,"menu_order":0,"comment_status":"closed","ping_status":"closed","template":"","meta":{"_acf_changed":false,"content-type":"","lazy_load_responsive_images_disabled":false,"footnotes":""},"class_list":["post-9740","page","type-page","status-publish","has-post-thumbnail","hentry"],"acf":[],"yoast_head":"<!-- This site is optimized with the Yoast SEO Premium plugin v21.8 (Yoast SEO v26.8) - https:\/\/yoast.com\/product\/yoast-seo-premium-wordpress\/ -->\n<title>Lagerstyring og tredjepartslogistikk \u2013 WMS I Maritech<\/title>\n<meta name=\"description\" content=\"F\u00e5 en enklere lagerstyring og tredjepartslogistikk med gode WMS-verkt\u00f8y. N\u00e5 har ogs\u00e5 tidligere EDI-Systems blitt en del av Maritech.\" \/>\n<meta name=\"robots\" content=\"index, follow, max-snippet:-1, max-image-preview:large, max-video-preview:-1\" \/>\n<link rel=\"canonical\" href=\"https:\/\/maritech.com\/no\/vare-losninger-logistikk\/lagerstyring\/\" \/>\n<meta property=\"og:locale\" content=\"nb_NO\" \/>\n<meta property=\"og:type\" content=\"article\" \/>\n<meta property=\"og:title\" content=\"Lagerstyring\" \/>\n<meta property=\"og:description\" content=\"F\u00e5 en enklere lagerstyring og tredjepartslogistikk med gode WMS-verkt\u00f8y. N\u00e5 har ogs\u00e5 tidligere EDI-Systems blitt en del av Maritech.\" \/>\n<meta property=\"og:url\" content=\"https:\/\/maritech.com\/no\/vare-losninger-logistikk\/lagerstyring\/\" \/>\n<meta property=\"og:site_name\" content=\"Maritech\" \/>\n<meta property=\"article:modified_time\" content=\"2026-01-16T13:15:30+00:00\" \/>\n<meta property=\"og:image\" content=\"https:\/\/maritech.com\/wp-content\/uploads\/2020\/04\/PT6A0189-kopi-e1591106328487.jpg\" \/>\n\t<meta property=\"og:image:width\" content=\"1800\" \/>\n\t<meta property=\"og:image:height\" content=\"1164\" \/>\n\t<meta property=\"og:image:type\" content=\"image\/jpeg\" \/>\n<meta name=\"twitter:card\" content=\"summary_large_image\" \/>\n<meta name=\"twitter:label1\" content=\"Ansl. lesetid\" \/>\n\t<meta name=\"twitter:data1\" content=\"1 minutt\" \/>\n<script type=\"application\/ld+json\" class=\"yoast-schema-graph\">{\"@context\":\"https:\/\/schema.org\",\"@graph\":[{\"@type\":\"WebPage\",\"@id\":\"https:\/\/maritech.com\/no\/vare-losninger-logistikk\/lagerstyring\/\",\"url\":\"https:\/\/maritech.com\/no\/vare-losninger-logistikk\/lagerstyring\/\",\"name\":\"Lagerstyring og tredjepartslogistikk \u2013 WMS I Maritech\",\"isPartOf\":{\"@id\":\"https:\/\/maritech.com\/no\/#website\"},\"primaryImageOfPage\":{\"@id\":\"https:\/\/maritech.com\/no\/vare-losninger-logistikk\/lagerstyring\/#primaryimage\"},\"image\":{\"@id\":\"https:\/\/maritech.com\/no\/vare-losninger-logistikk\/lagerstyring\/#primaryimage\"},\"thumbnailUrl\":\"https:\/\/maritech.com\/wp-content\/uploads\/2020\/04\/PT6A0189-kopi-e1591106328487.jpg\",\"datePublished\":\"2021-08-09T08:58:48+00:00\",\"dateModified\":\"2026-01-16T13:15:30+00:00\",\"description\":\"F\u00e5 en enklere lagerstyring og tredjepartslogistikk med gode WMS-verkt\u00f8y. N\u00e5 har ogs\u00e5 tidligere EDI-Systems blitt en del av Maritech.\",\"breadcrumb\":{\"@id\":\"https:\/\/maritech.com\/no\/vare-losninger-logistikk\/lagerstyring\/#breadcrumb\"},\"inLanguage\":\"nb-NO\",\"potentialAction\":[{\"@type\":\"ReadAction\",\"target\":[\"https:\/\/maritech.com\/no\/vare-losninger-logistikk\/lagerstyring\/\"]}]},{\"@type\":\"ImageObject\",\"inLanguage\":\"nb-NO\",\"@id\":\"https:\/\/maritech.com\/no\/vare-losninger-logistikk\/lagerstyring\/#primaryimage\",\"url\":\"https:\/\/maritech.com\/wp-content\/uploads\/2020\/04\/PT6A0189-kopi-e1591106328487.jpg\",\"contentUrl\":\"https:\/\/maritech.com\/wp-content\/uploads\/2020\/04\/PT6A0189-kopi-e1591106328487.jpg\",\"width\":1800,\"height\":1164,\"caption\":\"Warehouse, credit Elisabeth T\u00f8nnesen\"},{\"@type\":\"BreadcrumbList\",\"@id\":\"https:\/\/maritech.com\/no\/vare-losninger-logistikk\/lagerstyring\/#breadcrumb\",\"itemListElement\":[{\"@type\":\"ListItem\",\"position\":1,\"name\":\"Home\",\"item\":\"https:\/\/maritech.com\/no\/\"},{\"@type\":\"ListItem\",\"position\":2,\"name\":\"V\u00e5re l\u00f8sninger &#8211; Logistikk\",\"item\":\"https:\/\/maritech.com\/no\/vare-losninger-logistikk\/\"},{\"@type\":\"ListItem\",\"position\":3,\"name\":\"Lagerstyring\"}]},{\"@type\":\"WebSite\",\"@id\":\"https:\/\/maritech.com\/no\/#website\",\"url\":\"https:\/\/maritech.com\/no\/\",\"name\":\"Maritech\",\"description\":\"\",\"publisher\":{\"@id\":\"https:\/\/maritech.com\/no\/#organization\"},\"potentialAction\":[{\"@type\":\"SearchAction\",\"target\":{\"@type\":\"EntryPoint\",\"urlTemplate\":\"https:\/\/maritech.com\/no\/?s={search_term_string}\"},\"query-input\":{\"@type\":\"PropertyValueSpecification\",\"valueRequired\":true,\"valueName\":\"search_term_string\"}}],\"inLanguage\":\"nb-NO\"},{\"@type\":\"Organization\",\"@id\":\"https:\/\/maritech.com\/no\/#organization\",\"name\":\"Maritech\",\"url\":\"https:\/\/maritech.com\/no\/\",\"logo\":{\"@type\":\"ImageObject\",\"inLanguage\":\"nb-NO\",\"@id\":\"https:\/\/maritech.com\/no\/#\/schema\/logo\/image\/\",\"url\":\"https:\/\/maritech.com\/wp-content\/uploads\/2024\/07\/Maritech-Logo-Co-Brand-WHITE.png\",\"contentUrl\":\"https:\/\/maritech.com\/wp-content\/uploads\/2024\/07\/Maritech-Logo-Co-Brand-WHITE.png\",\"width\":3336,\"height\":890,\"caption\":\"Maritech\"},\"image\":{\"@id\":\"https:\/\/maritech.com\/no\/#\/schema\/logo\/image\/\"}}]}<\/script>\n<!-- \/ Yoast SEO Premium plugin. -->","yoast_head_json":{"title":"Lagerstyring og tredjepartslogistikk \u2013 WMS I Maritech","description":"F\u00e5 en enklere lagerstyring og tredjepartslogistikk med gode WMS-verkt\u00f8y. N\u00e5 har ogs\u00e5 tidligere EDI-Systems blitt en del av Maritech.","robots":{"index":"index","follow":"follow","max-snippet":"max-snippet:-1","max-image-preview":"max-image-preview:large","max-video-preview":"max-video-preview:-1"},"canonical":"https:\/\/maritech.com\/no\/vare-losninger-logistikk\/lagerstyring\/","og_locale":"nb_NO","og_type":"article","og_title":"Lagerstyring","og_description":"F\u00e5 en enklere lagerstyring og tredjepartslogistikk med gode WMS-verkt\u00f8y. N\u00e5 har ogs\u00e5 tidligere EDI-Systems blitt en del av Maritech.","og_url":"https:\/\/maritech.com\/no\/vare-losninger-logistikk\/lagerstyring\/","og_site_name":"Maritech","article_modified_time":"2026-01-16T13:15:30+00:00","og_image":[{"width":1800,"height":1164,"url":"https:\/\/maritech.com\/wp-content\/uploads\/2020\/04\/PT6A0189-kopi-e1591106328487.jpg","type":"image\/jpeg"}],"twitter_card":"summary_large_image","twitter_misc":{"Ansl. lesetid":"1 minutt"},"schema":{"@context":"https:\/\/schema.org","@graph":[{"@type":"WebPage","@id":"https:\/\/maritech.com\/no\/vare-losninger-logistikk\/lagerstyring\/","url":"https:\/\/maritech.com\/no\/vare-losninger-logistikk\/lagerstyring\/","name":"Lagerstyring og tredjepartslogistikk \u2013 WMS I Maritech","isPartOf":{"@id":"https:\/\/maritech.com\/no\/#website"},"primaryImageOfPage":{"@id":"https:\/\/maritech.com\/no\/vare-losninger-logistikk\/lagerstyring\/#primaryimage"},"image":{"@id":"https:\/\/maritech.com\/no\/vare-losninger-logistikk\/lagerstyring\/#primaryimage"},"thumbnailUrl":"https:\/\/maritech.com\/wp-content\/uploads\/2020\/04\/PT6A0189-kopi-e1591106328487.jpg","datePublished":"2021-08-09T08:58:48+00:00","dateModified":"2026-01-16T13:15:30+00:00","description":"F\u00e5 en enklere lagerstyring og tredjepartslogistikk med gode WMS-verkt\u00f8y. N\u00e5 har ogs\u00e5 tidligere EDI-Systems blitt en del av Maritech.","breadcrumb":{"@id":"https:\/\/maritech.com\/no\/vare-losninger-logistikk\/lagerstyring\/#breadcrumb"},"inLanguage":"nb-NO","potentialAction":[{"@type":"ReadAction","target":["https:\/\/maritech.com\/no\/vare-losninger-logistikk\/lagerstyring\/"]}]},{"@type":"ImageObject","inLanguage":"nb-NO","@id":"https:\/\/maritech.com\/no\/vare-losninger-logistikk\/lagerstyring\/#primaryimage","url":"https:\/\/maritech.com\/wp-content\/uploads\/2020\/04\/PT6A0189-kopi-e1591106328487.jpg","contentUrl":"https:\/\/maritech.com\/wp-content\/uploads\/2020\/04\/PT6A0189-kopi-e1591106328487.jpg","width":1800,"height":1164,"caption":"Warehouse, credit Elisabeth T\u00f8nnesen"},{"@type":"BreadcrumbList","@id":"https:\/\/maritech.com\/no\/vare-losninger-logistikk\/lagerstyring\/#breadcrumb","itemListElement":[{"@type":"ListItem","position":1,"name":"Home","item":"https:\/\/maritech.com\/no\/"},{"@type":"ListItem","position":2,"name":"V\u00e5re l\u00f8sninger &#8211; Logistikk","item":"https:\/\/maritech.com\/no\/vare-losninger-logistikk\/"},{"@type":"ListItem","position":3,"name":"Lagerstyring"}]},{"@type":"WebSite","@id":"https:\/\/maritech.com\/no\/#website","url":"https:\/\/maritech.com\/no\/","name":"Maritech","description":"","publisher":{"@id":"https:\/\/maritech.com\/no\/#organization"},"potentialAction":[{"@type":"SearchAction","target":{"@type":"EntryPoint","urlTemplate":"https:\/\/maritech.com\/no\/?s={search_term_string}"},"query-input":{"@type":"PropertyValueSpecification","valueRequired":true,"valueName":"search_term_string"}}],"inLanguage":"nb-NO"},{"@type":"Organization","@id":"https:\/\/maritech.com\/no\/#organization","name":"Maritech","url":"https:\/\/maritech.com\/no\/","logo":{"@type":"ImageObject","inLanguage":"nb-NO","@id":"https:\/\/maritech.com\/no\/#\/schema\/logo\/image\/","url":"https:\/\/maritech.com\/wp-content\/uploads\/2024\/07\/Maritech-Logo-Co-Brand-WHITE.png","contentUrl":"https:\/\/maritech.com\/wp-content\/uploads\/2024\/07\/Maritech-Logo-Co-Brand-WHITE.png","width":3336,"height":890,"caption":"Maritech"},"image":{"@id":"https:\/\/maritech.com\/no\/#\/schema\/logo\/image\/"}}]}},"jetpack_sharing_enabled":true,"_links":{"self":[{"href":"https:\/\/maritech.com\/no\/wp-json\/wp\/v2\/pages\/9740","targetHints":{"allow":["GET"]}}],"collection":[{"href":"https:\/\/maritech.com\/no\/wp-json\/wp\/v2\/pages"}],"about":[{"href":"https:\/\/maritech.com\/no\/wp-json\/wp\/v2\/types\/page"}],"author":[{"embeddable":true,"href":"https:\/\/maritech.com\/no\/wp-json\/wp\/v2\/users\/11"}],"replies":[{"embeddable":true,"href":"https:\/\/maritech.com\/no\/wp-json\/wp\/v2\/comments?post=9740"}],"version-history":[{"count":12,"href":"https:\/\/maritech.com\/no\/wp-json\/wp\/v2\/pages\/9740\/revisions"}],"predecessor-version":[{"id":21308,"href":"https:\/\/maritech.com\/no\/wp-json\/wp\/v2\/pages\/9740\/revisions\/21308"}],"up":[{"embeddable":true,"href":"https:\/\/maritech.com\/no\/wp-json\/wp\/v2\/pages\/9657"}],"wp:featuredmedia":[{"embeddable":true,"href":"https:\/\/maritech.com\/no\/wp-json\/wp\/v2\/media\/4920"}],"wp:attachment":[{"href":"https:\/\/maritech.com\/no\/wp-json\/wp\/v2\/media?parent=9740"}],"curies":[{"name":"wp","href":"https:\/\/api.w.org\/{rel}","templated":true}]}}