{"id":9742,"date":"2021-08-09T08:02:20","date_gmt":"2021-08-09T07:02:20","guid":{"rendered":"https:\/\/maritech.com\/vare-losninger-logistikk\/customer-case-nor-log-group\/"},"modified":"2024-07-10T07:34:07","modified_gmt":"2024-07-10T06:34:07","slug":"kundecase-nor-log-gruppen","status":"publish","type":"page","link":"https:\/\/maritech.com\/no\/vare-losninger-logistikk\/kundecase-nor-log-gruppen\/","title":{"rendered":"Kundecase &#8211; Nor-log Gruppen"},"content":{"rendered":"\n<section class=\"hero block alignfull bg-image grad-light\" style=\"background-image: url('https:\/\/maritech.com\/wp-content\/uploads\/2021\/08\/Nor-log-Gruppen.jpeg'); \" >\n    <div class=\"container-fluid\">\n        <div class=\"hero-content\">\n                        <div class=\"editor-content\">\n                <h1 class=\"title\"><span style=\"color: #ffffff;\">Nor-log Gruppen\u00a0<\/span><\/h1>\n<p class=\"preamble\"><span style=\"color: #ffffff;\">Kundecase Timpex TMS, CMS, Confirm &amp; Connect og b\u00e6rekraftsrapportering.<\/span><\/p>\n            <\/div>\n            <div class=\"button-wrap left\"><a class=\"btn btn-primary\" href=\"https:\/\/share-eu1.hsforms.com\/1N64zSG_iQh6EJmgag0ox5Qewibs\" target=\"_blank\" title=\"Interessert? Kontakt oss!\">Interessert? Kontakt oss!<\/a><\/div>        <\/div><!--\/.hero-content-->\n    <\/div><!--\/.container-fluid-->\n<\/section>\n\n\n<section class=\"page-content block alignfull\">\n    <div class=\"container-fluid\">\n        <div class=\"content-wrapper\">\n            <div class=\"editor-content\">\n                <h2><\/h2>\n<h2 class=\"featuredtext in-view h2\">En komplett systemleveranse<\/h2>\n<p class=\"preamble\">800 transportenheter, 18 terminaler og en sv\u00e6rt innovativ tankegang.<\/p>\n<p>I mars 2021 kunne vi stolt kunngj\u00f8re at Nor-log Gruppen hadde valgt oss som deres viktigste logistikkprogramvarepartner.<\/p>\n<p>Nor-log Gruppen valgte en komplett systemleveranse inkludert <a href=\"https:\/\/maritech.com\/no\/vare-losninger-logistikk\/timpex-tms-transportstyring\/\">Timpex TMS<\/a> (Transportstyringssystem), Timpex CMS (Tollklarering), Timpex Confirm tracking tool og <a href=\"https:\/\/maritech.com\/no\/vare-losninger-logistikk\/timpex-connect\/\">Timpex Connect<\/a> kommunikasjonsl\u00f8sning. H\u00f8sten 2021 valgte Nor-log ogs\u00e5 Maritech som partner innen <a href=\"https:\/\/maritech.com\/no\/vare-losninger-logistikk\/analytics-for-logistikk\/\">milj\u00f8rapportering,<\/a> for \u00e5 sikre informasjon og dokumentasjon av utslipp, helt ned p\u00e5 tur-niv\u00e5. Med de nye milj\u00f8rapporterings-verkt\u00f8yene v\u00e5re i Maritech Analytics for logistikk kan man automatisere beregningene av CO2-utslipp fra b\u00e5de enkelt-transporter og flere turer innenfor en kategori, et prosjekt eller en periode. Systemet m\u00e5ler trender og lar deg sette opp scenarier for sammenligning.<\/p>\n<p>Maritech kj\u00f8pte Timpex i 2019, og har siden levert alle systemene i Timpex-portef\u00f8ljen og styrket sin markedsposisjon innen programvarel\u00f8sninger for transport- og logistikksegmentet.<\/p>\n<h2><\/h2>\n<h2 class=\"h2\">Kompetanse og samarbeid<\/h2>\n<p>&#8211; Det har v\u00e6rt avgj\u00f8rende for oss \u00e5 finne en helhetlig l\u00f8sning p\u00e5 tvers av de ulike selskapene v\u00e5re, forteller Lars Arne Br\u00f8ttem, konsernsjef i Nor-Log Gruppen.<\/p>\n<p>&#8211; Nor-Log Thermo, tidligere Bring Frigo, ble en del av Nor-Log Gruppen i fjor og benyttet Timpex-systemer fra f\u00f8r. I implementeringsfasen etter oppkj\u00f8pet samarbeidet vi tett med logistikk-teamet hos Maritech for \u00e5 f\u00e5 alt p\u00e5 plass. Dette var en positiv erfaring som medvirket til at vi n\u00e5 har valgt \u00e5 innf\u00f8re Timpex-systemene i hele konsernet. Et stort pluss er at vi opplever Maritech som en part vi kan diskutere med og hvor vi kan utfordre hverandre b\u00e5de til \u00e5 tenke nytt rundt v\u00e5re prosesser og deres systemer. For oss er denne kompetansen og samarbeidsformen like viktig som systemene i seg selv, noe vi hadde forventninger om i valg av samarbeidspartner.<\/p>\n            <\/div><!--\/.editor-content-->\n        <\/div><!--\/.content-wrapper-->\n    <\/div><!--\/.container-fluid-->\n<\/section>\n\n\n<section class=\"video-content block alignfull content-right\">\n\t<div class=\"container-fluid-xl\">\n\t\t<div class=\"row\">\n\n\t\t\t<div class=\"col content-col\">\n\t\t\t\t<div class=\"inner-content\">\n\t\t\t\t\t\t\t\t\t\t\t<div class=\"editor-content\">\n\t\t\t\t\t\t\t<h3>Om Nor-log Gruppen<\/h3>\n<p>Nor-log Gruppen AS er morselskapet til et konsern best\u00e5ende av lokale transportselskaper som danner grunnlaget for et sterkt nasjonalt nettverk for f\u00f8rst og fremst temperaturregulerte transport- og logistikkl\u00f8sninger.<\/p>\n<p>Selskapet eier alle aksjene i Suldal Transport AS, Miniekspress Transport AS og Nor-log Thermo AS (tidligere Bring Frigo AS) som samlet omfatter ca 800 moderne transportenheter og 18 terminaler. Konsernet sysselsetter 530 ansatte og forventer en total omsetning p\u00e5 1,6 milliarder kroner i 2021.<\/p>\n\t\t\t\t\t\t<\/div>\n\t\t\t\t\t<div class=\"button-wrap left\"><a class=\"btn btn-primary\" href=\"https:\/\/demo.dev.maritech.cloud\/START\/Introduction\" target=\"_blank\" title=\"F\u00e5 en sniktitt inn i programvaren v\u00e5r\">F\u00e5 en sniktitt inn i programvaren v\u00e5r<\/a><\/div>\t\t\t\t<\/div><!--\/.inner-content-->\n\t\t\t<\/div><!--\/.col-->\n\n\t\t\t<div class=\"col image-col\">\n\t\t\t\t\t\t\t\t\t<a class=\"video-wrap\" data-fancybox href=\"https:\/\/youtu.be\/a_PseqKG72Q\" title=\"Click to View Video\">\n\t\t\t\t\t\t<img decoding=\"async\" width=\"750\" height=\"750\" src=\"https:\/\/maritech.com\/wp-content\/uploads\/2022\/01\/9C8BC555-BA6D-415D-AB49-8E2E473BB85C5918926-scaled.jpg\" class=\"cover\" alt=\"\" srcset=\"https:\/\/maritech.com\/wp-content\/uploads\/2022\/01\/9C8BC555-BA6D-415D-AB49-8E2E473BB85C5918926-scaled.jpg 2560w, https:\/\/maritech.com\/wp-content\/uploads\/2022\/01\/9C8BC555-BA6D-415D-AB49-8E2E473BB85C5918926-300x300.jpg 300w, https:\/\/maritech.com\/wp-content\/uploads\/2022\/01\/9C8BC555-BA6D-415D-AB49-8E2E473BB85C5918926-1024x1024.jpg 1024w, https:\/\/maritech.com\/wp-content\/uploads\/2022\/01\/9C8BC555-BA6D-415D-AB49-8E2E473BB85C5918926-150x150.jpg 150w, https:\/\/maritech.com\/wp-content\/uploads\/2022\/01\/9C8BC555-BA6D-415D-AB49-8E2E473BB85C5918926-768x768.jpg 768w, https:\/\/maritech.com\/wp-content\/uploads\/2022\/01\/9C8BC555-BA6D-415D-AB49-8E2E473BB85C5918926-1536x1536.jpg 1536w, https:\/\/maritech.com\/wp-content\/uploads\/2022\/01\/9C8BC555-BA6D-415D-AB49-8E2E473BB85C5918926-2048x2048.jpg 2048w, https:\/\/maritech.com\/wp-content\/uploads\/2022\/01\/9C8BC555-BA6D-415D-AB49-8E2E473BB85C5918926-1920x1920.jpg 1920w, https:\/\/maritech.com\/wp-content\/uploads\/2022\/01\/9C8BC555-BA6D-415D-AB49-8E2E473BB85C5918926-200x200.jpg 200w\" sizes=\"(max-width: 750px) 100vw, 750px\" \/>\t\t\t\t\t<\/a>\n\t\t\t\t\t\t\t<\/div><!--\/.col-->\n\n\t\t<\/div><!--\/.row-->\n\t<\/div><!--\/.container-fluid-xl-->\n<\/section>\n\n\n<section class=\"page-content block alignfull\">\n    <div class=\"container-fluid\">\n        <div class=\"content-wrapper\">\n            <div class=\"editor-content\">\n                <p>\u2013 Vi gleder oss til \u00e5 jobbe videre med Nor-log, sier Ove Gjelstenli, Sales Director, Logistikk i Maritech. \u2013 Vi ser et selskap som aktivt \u00f8nsker \u00e5 utvikle og effektivisere driften gjennom digitale l\u00f8sninger. De er gode p\u00e5 konsolidering og tilf\u00f8rer oss mer kompetanse p\u00e5 dette omr\u00e5det. De er kvalitetsfokuserte, innovative og fremoverlente. Vi er stolte over \u00e5 v\u00e6re en partner for Norges st\u00f8rste transportselskap innen temperaturstyrte varer.<\/p>\n<p>&nbsp;<\/p>\n<p>*Maritech kj\u00f8pte Timpex i oktober 2019<\/p>\n            <\/div><!--\/.editor-content-->\n        <\/div><!--\/.content-wrapper-->\n    <\/div><!--\/.container-fluid-->\n<\/section>\n\n<section  class=\"request-form block alignfull sm\">\n    <div class=\"container-fluid\">\n        <div class=\"block-container\">\n            <div class=\"content-wrap\">\n                                    <h4>Nysgjerrig?<\/h4>\n                                            <\/div>\n            <div class=\"form-wrap\">\n                                                    <div class=\"button-wrap left\">\n                        <a class=\"btn\" href=\"https:\/\/share-eu1.hsforms.com\/1N64zSG_iQh6EJmgag0ox5Qewibs\" title=\"Kontakt oss her!\">\n                            Kontakt oss her!                        <\/a>\n                    <\/div>\n                            <\/div>\n        <\/div>\n    <\/div>\n<\/section>\n\n\n<section class=\"related-posts block alignfull\">\n    <div class=\"container-fluid\">\n        <div class=\"title-wrap\">\n            <h2 class=\"heading h2\">Les videre<\/h2>        <\/div><!--\/.title-wrap-->\n                <div class=\"row\">\n                        <div class=\"col\">\n                <div onclick=\"location.href='https:\/\/maritech.com\/no\/vare-losninger-logistikk\/'\" class=\"post-card\">\n                    <div class=\"img-wrap\">\n\t\t\t\t\t\t<img decoding=\"async\" width=\"1024\" height=\"574\" src=\"https:\/\/maritech.com\/wp-content\/uploads\/2024\/01\/GHG-1024x574.png\" class=\"attachment-large size-large wp-post-image\" alt=\"V\u00e5re l\u00f8sninger - Logistikk\" srcset=\"https:\/\/maritech.com\/wp-content\/uploads\/2024\/01\/GHG-1024x574.png 1024w, https:\/\/maritech.com\/wp-content\/uploads\/2024\/01\/GHG-300x168.png 300w, https:\/\/maritech.com\/wp-content\/uploads\/2024\/01\/GHG-768x430.png 768w, https:\/\/maritech.com\/wp-content\/uploads\/2024\/01\/GHG-260x146.png 260w, https:\/\/maritech.com\/wp-content\/uploads\/2024\/01\/GHG.png 1280w\" sizes=\"(max-width: 1024px) 100vw, 1024px\" \/>                    <\/div>\n                    <div class=\"info-wrap\">\n                                                <h4><a href=\"https:\/\/maritech.com\/no\/vare-losninger-logistikk\/\">V\u00e5re l\u00f8sninger &#8211;  <span class=\"lastword\"> Logistikk <svg fill=\"none\" height=\"16\" viewBox=\"0 0 21 16\" width=\"21\" xmlns=\"http:\/\/www.w3.org\/2000\/svg\"><path d=\"m12.2646 1.0521 5.615 5.7114h-17.8796v1.503h17.8796l-5.615 5.7114 1.0343 1.0521 7.3883-7.515-7.3883-7.515z\" fill=\"#446bf9\"\/><\/svg><\/span><\/a><\/h4>\n                    <\/div>\n                <\/div>\n            <\/div><!--\/.col-->\n                        <div class=\"col\">\n                <div onclick=\"location.href='https:\/\/maritech.com\/no\/maritech-tms-forste-pilotkunde-er-live-og-fornoyd\/'\" class=\"post-card\">\n                    <div class=\"img-wrap\">\n\t\t\t\t\t\t<img decoding=\"async\" width=\"1024\" height=\"611\" src=\"https:\/\/maritech.com\/wp-content\/uploads\/2023\/06\/NordvestTransport_Maritech-1024x611.png\" class=\"attachment-large size-large wp-post-image\" alt=\"Kundecase - Nordvest Transport\" srcset=\"https:\/\/maritech.com\/wp-content\/uploads\/2023\/06\/NordvestTransport_Maritech-1024x611.png 1024w, https:\/\/maritech.com\/wp-content\/uploads\/2023\/06\/NordvestTransport_Maritech-300x179.png 300w, https:\/\/maritech.com\/wp-content\/uploads\/2023\/06\/NordvestTransport_Maritech-768x458.png 768w, https:\/\/maritech.com\/wp-content\/uploads\/2023\/06\/NordvestTransport_Maritech-260x155.png 260w, https:\/\/maritech.com\/wp-content\/uploads\/2023\/06\/NordvestTransport_Maritech.png 1311w\" sizes=\"(max-width: 1024px) 100vw, 1024px\" \/>                    <\/div>\n                    <div class=\"info-wrap\">\n                                                <h4><a href=\"https:\/\/maritech.com\/no\/maritech-tms-forste-pilotkunde-er-live-og-fornoyd\/\">Kundecase &#8211; Nordvest  <span class=\"lastword\"> Transport <svg fill=\"none\" height=\"16\" viewBox=\"0 0 21 16\" width=\"21\" xmlns=\"http:\/\/www.w3.org\/2000\/svg\"><path d=\"m12.2646 1.0521 5.615 5.7114h-17.8796v1.503h17.8796l-5.615 5.7114 1.0343 1.0521 7.3883-7.515-7.3883-7.515z\" fill=\"#446bf9\"\/><\/svg><\/span><\/a><\/h4>\n                    <\/div>\n                <\/div>\n            <\/div><!--\/.col-->\n                        <div class=\"col\">\n                <div onclick=\"location.href='https:\/\/maritech.com\/no\/accelerator-velger-maritech\/'\" class=\"post-card\">\n                    <div class=\"img-wrap\">\n\t\t\t\t\t\t<img decoding=\"async\" width=\"1024\" height=\"576\" src=\"https:\/\/maritech.com\/wp-content\/uploads\/2024\/01\/Design-uten-navn-3-1024x576.jpg\" class=\"attachment-large size-large wp-post-image\" alt=\"Kundecase - Accelerator\" srcset=\"https:\/\/maritech.com\/wp-content\/uploads\/2024\/01\/Design-uten-navn-3-1024x576.jpg 1024w, https:\/\/maritech.com\/wp-content\/uploads\/2024\/01\/Design-uten-navn-3-300x169.jpg 300w, https:\/\/maritech.com\/wp-content\/uploads\/2024\/01\/Design-uten-navn-3-768x432.jpg 768w, https:\/\/maritech.com\/wp-content\/uploads\/2024\/01\/Design-uten-navn-3-260x146.jpg 260w, https:\/\/maritech.com\/wp-content\/uploads\/2024\/01\/Design-uten-navn-3.jpg 1440w\" sizes=\"(max-width: 1024px) 100vw, 1024px\" \/>                    <\/div>\n                    <div class=\"info-wrap\">\n                                                <h4><a href=\"https:\/\/maritech.com\/no\/accelerator-velger-maritech\/\">Kundecase &#8211;  <span class=\"lastword\"> Accelerator <svg fill=\"none\" height=\"16\" viewBox=\"0 0 21 16\" width=\"21\" xmlns=\"http:\/\/www.w3.org\/2000\/svg\"><path d=\"m12.2646 1.0521 5.615 5.7114h-17.8796v1.503h17.8796l-5.615 5.7114 1.0343 1.0521 7.3883-7.515-7.3883-7.515z\" fill=\"#446bf9\"\/><\/svg><\/span><\/a><\/h4>\n                    <\/div>\n                <\/div>\n            <\/div><!--\/.col-->\n                    <\/div><!--\/.row-->\n            <\/div><!--\/.container-fluid-->\n<\/section>\n","protected":false},"excerpt":{"rendered":"","protected":false},"author":11,"featured_media":8727,"parent":9657,"menu_order":0,"comment_status":"closed","ping_status":"closed","template":"","meta":{"_acf_changed":false,"content-type":"","lazy_load_responsive_images_disabled":false,"footnotes":""},"class_list":["post-9742","page","type-page","status-publish","has-post-thumbnail","hentry"],"acf":[],"yoast_head":"<!-- This site is optimized with the Yoast SEO Premium plugin v21.8 (Yoast SEO v26.8) - https:\/\/yoast.com\/product\/yoast-seo-premium-wordpress\/ -->\n<title>Nor-log Gruppen - Kundecase - Timpex logistikk - Maritech<\/title>\n<meta name=\"description\" content=\"&quot;Vi opplever Maritech som en part vi kan diskutere med og hvor vi kan utfordre hverandre til \u00e5 tenke nytt.&quot; Lars Arne Br\u00f8ttem, konsernsjef.\" \/>\n<meta name=\"robots\" content=\"index, follow, max-snippet:-1, max-image-preview:large, max-video-preview:-1\" \/>\n<link rel=\"canonical\" href=\"https:\/\/maritech.com\/no\/vare-losninger-logistikk\/kundecase-nor-log-gruppen\/\" \/>\n<meta property=\"og:locale\" content=\"nb_NO\" \/>\n<meta property=\"og:type\" content=\"article\" \/>\n<meta property=\"og:title\" content=\"Kundecase - Nor-log Gruppen\" \/>\n<meta property=\"og:description\" content=\"&quot;Vi opplever Maritech som en part vi kan diskutere med og hvor vi kan utfordre hverandre til \u00e5 tenke nytt.&quot; Lars Arne Br\u00f8ttem, konsernsjef.\" \/>\n<meta property=\"og:url\" content=\"https:\/\/maritech.com\/no\/vare-losninger-logistikk\/kundecase-nor-log-gruppen\/\" \/>\n<meta property=\"og:site_name\" content=\"Maritech\" \/>\n<meta property=\"article:modified_time\" content=\"2024-07-10T06:34:07+00:00\" \/>\n<meta property=\"og:image\" content=\"https:\/\/maritech.com\/wp-content\/uploads\/2021\/08\/Nor-log-Gruppen.jpeg\" \/>\n\t<meta property=\"og:image:width\" content=\"946\" \/>\n\t<meta property=\"og:image:height\" content=\"668\" \/>\n\t<meta property=\"og:image:type\" content=\"image\/jpeg\" \/>\n<meta name=\"twitter:card\" content=\"summary_large_image\" \/>\n<meta name=\"twitter:label1\" content=\"Ansl. lesetid\" \/>\n\t<meta name=\"twitter:data1\" content=\"1 minutt\" \/>\n<script type=\"application\/ld+json\" class=\"yoast-schema-graph\">{\"@context\":\"https:\/\/schema.org\",\"@graph\":[{\"@type\":\"WebPage\",\"@id\":\"https:\/\/maritech.com\/no\/vare-losninger-logistikk\/kundecase-nor-log-gruppen\/\",\"url\":\"https:\/\/maritech.com\/no\/vare-losninger-logistikk\/kundecase-nor-log-gruppen\/\",\"name\":\"Nor-log Gruppen - Kundecase - Timpex logistikk - Maritech\",\"isPartOf\":{\"@id\":\"https:\/\/maritech.com\/no\/#website\"},\"primaryImageOfPage\":{\"@id\":\"https:\/\/maritech.com\/no\/vare-losninger-logistikk\/kundecase-nor-log-gruppen\/#primaryimage\"},\"image\":{\"@id\":\"https:\/\/maritech.com\/no\/vare-losninger-logistikk\/kundecase-nor-log-gruppen\/#primaryimage\"},\"thumbnailUrl\":\"https:\/\/maritech.com\/wp-content\/uploads\/2021\/08\/Nor-log-Gruppen.jpeg\",\"datePublished\":\"2021-08-09T07:02:20+00:00\",\"dateModified\":\"2024-07-10T06:34:07+00:00\",\"description\":\"\\\"Vi opplever Maritech som en part vi kan diskutere med og hvor vi kan utfordre hverandre til \u00e5 tenke nytt.\\\" Lars Arne Br\u00f8ttem, konsernsjef.\",\"breadcrumb\":{\"@id\":\"https:\/\/maritech.com\/no\/vare-losninger-logistikk\/kundecase-nor-log-gruppen\/#breadcrumb\"},\"inLanguage\":\"nb-NO\",\"potentialAction\":[{\"@type\":\"ReadAction\",\"target\":[\"https:\/\/maritech.com\/no\/vare-losninger-logistikk\/kundecase-nor-log-gruppen\/\"]}]},{\"@type\":\"ImageObject\",\"inLanguage\":\"nb-NO\",\"@id\":\"https:\/\/maritech.com\/no\/vare-losninger-logistikk\/kundecase-nor-log-gruppen\/#primaryimage\",\"url\":\"https:\/\/maritech.com\/wp-content\/uploads\/2021\/08\/Nor-log-Gruppen.jpeg\",\"contentUrl\":\"https:\/\/maritech.com\/wp-content\/uploads\/2021\/08\/Nor-log-Gruppen.jpeg\",\"width\":946,\"height\":668,\"caption\":\"Nor-log chose Timpex logistics software from Maritech\"},{\"@type\":\"BreadcrumbList\",\"@id\":\"https:\/\/maritech.com\/no\/vare-losninger-logistikk\/kundecase-nor-log-gruppen\/#breadcrumb\",\"itemListElement\":[{\"@type\":\"ListItem\",\"position\":1,\"name\":\"Home\",\"item\":\"https:\/\/maritech.com\/no\/\"},{\"@type\":\"ListItem\",\"position\":2,\"name\":\"V\u00e5re l\u00f8sninger &#8211; Logistikk\",\"item\":\"https:\/\/maritech.com\/no\/vare-losninger-logistikk\/\"},{\"@type\":\"ListItem\",\"position\":3,\"name\":\"Kundecase &#8211; Nor-log Gruppen\"}]},{\"@type\":\"WebSite\",\"@id\":\"https:\/\/maritech.com\/no\/#website\",\"url\":\"https:\/\/maritech.com\/no\/\",\"name\":\"Maritech\",\"description\":\"\",\"publisher\":{\"@id\":\"https:\/\/maritech.com\/no\/#organization\"},\"potentialAction\":[{\"@type\":\"SearchAction\",\"target\":{\"@type\":\"EntryPoint\",\"urlTemplate\":\"https:\/\/maritech.com\/no\/?s={search_term_string}\"},\"query-input\":{\"@type\":\"PropertyValueSpecification\",\"valueRequired\":true,\"valueName\":\"search_term_string\"}}],\"inLanguage\":\"nb-NO\"},{\"@type\":\"Organization\",\"@id\":\"https:\/\/maritech.com\/no\/#organization\",\"name\":\"Maritech\",\"url\":\"https:\/\/maritech.com\/no\/\",\"logo\":{\"@type\":\"ImageObject\",\"inLanguage\":\"nb-NO\",\"@id\":\"https:\/\/maritech.com\/no\/#\/schema\/logo\/image\/\",\"url\":\"https:\/\/maritech.com\/wp-content\/uploads\/2024\/07\/Maritech-Logo-Co-Brand-WHITE.png\",\"contentUrl\":\"https:\/\/maritech.com\/wp-content\/uploads\/2024\/07\/Maritech-Logo-Co-Brand-WHITE.png\",\"width\":3336,\"height\":890,\"caption\":\"Maritech\"},\"image\":{\"@id\":\"https:\/\/maritech.com\/no\/#\/schema\/logo\/image\/\"}}]}<\/script>\n<!-- \/ Yoast SEO Premium plugin. -->","yoast_head_json":{"title":"Nor-log Gruppen - Kundecase - Timpex logistikk - Maritech","description":"\"Vi opplever Maritech som en part vi kan diskutere med og hvor vi kan utfordre hverandre til \u00e5 tenke nytt.\" Lars Arne Br\u00f8ttem, konsernsjef.","robots":{"index":"index","follow":"follow","max-snippet":"max-snippet:-1","max-image-preview":"max-image-preview:large","max-video-preview":"max-video-preview:-1"},"canonical":"https:\/\/maritech.com\/no\/vare-losninger-logistikk\/kundecase-nor-log-gruppen\/","og_locale":"nb_NO","og_type":"article","og_title":"Kundecase - Nor-log Gruppen","og_description":"\"Vi opplever Maritech som en part vi kan diskutere med og hvor vi kan utfordre hverandre til \u00e5 tenke nytt.\" Lars Arne Br\u00f8ttem, konsernsjef.","og_url":"https:\/\/maritech.com\/no\/vare-losninger-logistikk\/kundecase-nor-log-gruppen\/","og_site_name":"Maritech","article_modified_time":"2024-07-10T06:34:07+00:00","og_image":[{"width":946,"height":668,"url":"https:\/\/maritech.com\/wp-content\/uploads\/2021\/08\/Nor-log-Gruppen.jpeg","type":"image\/jpeg"}],"twitter_card":"summary_large_image","twitter_misc":{"Ansl. lesetid":"1 minutt"},"schema":{"@context":"https:\/\/schema.org","@graph":[{"@type":"WebPage","@id":"https:\/\/maritech.com\/no\/vare-losninger-logistikk\/kundecase-nor-log-gruppen\/","url":"https:\/\/maritech.com\/no\/vare-losninger-logistikk\/kundecase-nor-log-gruppen\/","name":"Nor-log Gruppen - Kundecase - Timpex logistikk - Maritech","isPartOf":{"@id":"https:\/\/maritech.com\/no\/#website"},"primaryImageOfPage":{"@id":"https:\/\/maritech.com\/no\/vare-losninger-logistikk\/kundecase-nor-log-gruppen\/#primaryimage"},"image":{"@id":"https:\/\/maritech.com\/no\/vare-losninger-logistikk\/kundecase-nor-log-gruppen\/#primaryimage"},"thumbnailUrl":"https:\/\/maritech.com\/wp-content\/uploads\/2021\/08\/Nor-log-Gruppen.jpeg","datePublished":"2021-08-09T07:02:20+00:00","dateModified":"2024-07-10T06:34:07+00:00","description":"\"Vi opplever Maritech som en part vi kan diskutere med og hvor vi kan utfordre hverandre til \u00e5 tenke nytt.\" Lars Arne Br\u00f8ttem, konsernsjef.","breadcrumb":{"@id":"https:\/\/maritech.com\/no\/vare-losninger-logistikk\/kundecase-nor-log-gruppen\/#breadcrumb"},"inLanguage":"nb-NO","potentialAction":[{"@type":"ReadAction","target":["https:\/\/maritech.com\/no\/vare-losninger-logistikk\/kundecase-nor-log-gruppen\/"]}]},{"@type":"ImageObject","inLanguage":"nb-NO","@id":"https:\/\/maritech.com\/no\/vare-losninger-logistikk\/kundecase-nor-log-gruppen\/#primaryimage","url":"https:\/\/maritech.com\/wp-content\/uploads\/2021\/08\/Nor-log-Gruppen.jpeg","contentUrl":"https:\/\/maritech.com\/wp-content\/uploads\/2021\/08\/Nor-log-Gruppen.jpeg","width":946,"height":668,"caption":"Nor-log chose Timpex logistics software from Maritech"},{"@type":"BreadcrumbList","@id":"https:\/\/maritech.com\/no\/vare-losninger-logistikk\/kundecase-nor-log-gruppen\/#breadcrumb","itemListElement":[{"@type":"ListItem","position":1,"name":"Home","item":"https:\/\/maritech.com\/no\/"},{"@type":"ListItem","position":2,"name":"V\u00e5re l\u00f8sninger &#8211; Logistikk","item":"https:\/\/maritech.com\/no\/vare-losninger-logistikk\/"},{"@type":"ListItem","position":3,"name":"Kundecase &#8211; Nor-log Gruppen"}]},{"@type":"WebSite","@id":"https:\/\/maritech.com\/no\/#website","url":"https:\/\/maritech.com\/no\/","name":"Maritech","description":"","publisher":{"@id":"https:\/\/maritech.com\/no\/#organization"},"potentialAction":[{"@type":"SearchAction","target":{"@type":"EntryPoint","urlTemplate":"https:\/\/maritech.com\/no\/?s={search_term_string}"},"query-input":{"@type":"PropertyValueSpecification","valueRequired":true,"valueName":"search_term_string"}}],"inLanguage":"nb-NO"},{"@type":"Organization","@id":"https:\/\/maritech.com\/no\/#organization","name":"Maritech","url":"https:\/\/maritech.com\/no\/","logo":{"@type":"ImageObject","inLanguage":"nb-NO","@id":"https:\/\/maritech.com\/no\/#\/schema\/logo\/image\/","url":"https:\/\/maritech.com\/wp-content\/uploads\/2024\/07\/Maritech-Logo-Co-Brand-WHITE.png","contentUrl":"https:\/\/maritech.com\/wp-content\/uploads\/2024\/07\/Maritech-Logo-Co-Brand-WHITE.png","width":3336,"height":890,"caption":"Maritech"},"image":{"@id":"https:\/\/maritech.com\/no\/#\/schema\/logo\/image\/"}}]}},"jetpack_sharing_enabled":true,"_links":{"self":[{"href":"https:\/\/maritech.com\/no\/wp-json\/wp\/v2\/pages\/9742","targetHints":{"allow":["GET"]}}],"collection":[{"href":"https:\/\/maritech.com\/no\/wp-json\/wp\/v2\/pages"}],"about":[{"href":"https:\/\/maritech.com\/no\/wp-json\/wp\/v2\/types\/page"}],"author":[{"embeddable":true,"href":"https:\/\/maritech.com\/no\/wp-json\/wp\/v2\/users\/11"}],"replies":[{"embeddable":true,"href":"https:\/\/maritech.com\/no\/wp-json\/wp\/v2\/comments?post=9742"}],"version-history":[{"count":12,"href":"https:\/\/maritech.com\/no\/wp-json\/wp\/v2\/pages\/9742\/revisions"}],"predecessor-version":[{"id":20272,"href":"https:\/\/maritech.com\/no\/wp-json\/wp\/v2\/pages\/9742\/revisions\/20272"}],"up":[{"embeddable":true,"href":"https:\/\/maritech.com\/no\/wp-json\/wp\/v2\/pages\/9657"}],"wp:featuredmedia":[{"embeddable":true,"href":"https:\/\/maritech.com\/no\/wp-json\/wp\/v2\/media\/8727"}],"wp:attachment":[{"href":"https:\/\/maritech.com\/no\/wp-json\/wp\/v2\/media?parent=9742"}],"curies":[{"name":"wp","href":"https:\/\/api.w.org\/{rel}","templated":true}]}}