{"id":9744,"date":"2021-08-06T08:41:50","date_gmt":"2021-08-06T07:41:50","guid":{"rendered":"https:\/\/maritech.com\/vare-losninger-sjomatproduksjon\/quality-tracking\/"},"modified":"2024-07-08T13:04:19","modified_gmt":"2024-07-08T12:04:19","slug":"quality-tracking","status":"publish","type":"page","link":"https:\/\/maritech.com\/no\/vare-losninger-sjomatproduksjon\/quality-tracking\/","title":{"rendered":"Quality Tracking"},"content":{"rendered":"\n<section class=\"hero block alignfull bg-image grad-light\" style=\"background-image: url('https:\/\/maritech.com\/wp-content\/uploads\/2019\/02\/Ziggi-Maritech-_IMG7499-1366px-WiP.jpg'); \" >\n    <div class=\"container-fluid\">\n        <div class=\"hero-content\">\n                        <div class=\"editor-content\">\n                <h1><span style=\"color: #ffffff;\">Quality Tracking<\/span><\/h1>\n<p class=\"preamble\"><span class=\"TextRun MacChromeBold SCXW100933828 BCX0\" lang=\"EN-CA\" style=\"color: #ffffff;\" xml:lang=\"EN-CA\" data-contrast=\"auto\"><span class=\"NormalTextRun SCXW100933828 BCX0\">N\u00e5 kan du forenkle kvalitetskontrollen med fleksible, digitale skjemaer knyttet til n\u00f8kler i systemet ditt.<\/span><\/span><\/p>\n            <\/div>\n            <div class=\"button-wrap left\"><a class=\"btn btn-primary\" href=\"https:\/\/demo.dev.maritech.cloud\/START\/Introduction\" target=\"_blank\" title=\"Jeg \u00f8nsker \u00e5 se selv\">Jeg \u00f8nsker \u00e5 se selv<\/a><\/div>        <\/div><!--\/.hero-content-->\n    <\/div><!--\/.container-fluid-->\n<\/section>\n\n\n\n<section class=\"breadcrumb-section block alignfull\">\n    <div class=\"container-fluid\">\n        <p class=\"breadcrumbs\"><span><span><a href=\"https:\/\/maritech.com\/no\/\"><span class=\"d-none\">Home<\/span><svg xmlns=\"http:\/\/www.w3.org\/2000\/svg\" xmlns:xlink=\"http:\/\/www.w3.org\/1999\/xlink\" contentScriptType=\"text\/ecmascript\" contentStyleType=\"text\/css\" enable-background=\"new 0 0 2048 2048\" height=\"2048px\" id=\"Layer_1\" preserveAspectRatio=\"xMidYMid meet\" version=\"1.1\" viewBox=\"25.33300018310547 0 1613.333984375 2048\" width=\"1613.333984375px\" xml:space=\"preserve\" zoomAndPan=\"magnify\" style=\"&#10;    width: 20px;&#10;\"><path d=\"M1408,1120v480c0,17.333-6.333,32.333-19,45s-27.667,19-45,19H960v-384H704v384H320c-17.333,0-32.333-6.333-45-19  s-19-27.667-19-45v-480c0-0.667,0.167-1.667,0.5-3s0.5-2.333,0.5-3l575-474l575,474C1407.667,1115.333,1408,1117.333,1408,1120z   M1631,1051l-62,74c-5.333,6-12.333,9.667-21,11h-3c-8.667,0-15.667-2.333-21-7L832,552l-692,577c-8,5.333-16,7.667-24,7  c-8.667-1.333-15.667-5-21-11l-62-74c-5.333-6.667-7.667-14.5-7-23.5s4.333-16.167,11-21.5l719-599c21.333-17.333,46.667-26,76-26  s54.667,8.667,76,26l244,204V416c0-9.333,3-17,9-23s13.667-9,23-9h192c9.333,0,17,3,23,9s9,13.667,9,23v408l219,182  c6.667,5.333,10.333,12.5,11,21.5S1636.333,1044.333,1631,1051z\"\/><\/svg><\/a><\/span><\/span><\/p>    <\/div>\n<\/section>\n\n<section class=\"page-content block alignfull\">\n    <div class=\"container-fluid\">\n        <div class=\"content-wrapper\">\n            <div class=\"editor-content\">\n                <h2>Lett \u00e5 g\u00e5 inn, lett \u00e5 finne<\/h2>\n<p>Data fra kvalitetskontroller logges ofte p\u00e5 utklippstavler, og arkiveres deretter manuelt ved hjelp av hundrevis av papirskjemaer. N\u00e5r en n\u00f8dvendig handling mangler eller n\u00f8kkeldata ikke legges inn, kan dette f\u00f8re til store problemer. For ikke \u00e5 snakke om revisjoner, som fort blir un\u00f8dig tidkrevende og belastende n\u00e5r kritiske data lagres i permer og arkivskap. Det er samtidig tungvint \u00e5 f\u00e5 innsikt i trender og se nye sammenhenger som kan forbedre prosessene dine.<\/p>\n<p>Med Maritech Quality Tracking kan du enkelt opprette alle kvalitetskontroller som digitale skjemaer, optimalisert for bruk p\u00e5 ber\u00f8ringsskjerm og b\u00e6rbare enheter. Inspeksjoner kan knyttes til kritiske datafelt i hovedsystemet ditt, noe som sikrer bedre sporbarhet og samsvar. N\u00f8dvendige felt og regler kan integreres i inspeksjons-skjemaet &#8211; dette gj\u00f8r at du kan sikre at kritiske kontrollpunkter og korrigerende handlinger h\u00e5ndheves, og alltid ha en oversikt over hendelsen er lett tilgjengelig for analyse og prosessforbedring.<\/p>\n            <\/div><!--\/.editor-content-->\n        <\/div><!--\/.content-wrapper-->\n    <\/div><!--\/.container-fluid-->\n<\/section>\n\n\n<section class=\"video-content block alignfull content-right\">\n\t<div class=\"container-fluid-xl\">\n\t\t<div class=\"row\">\n\n\t\t\t<div class=\"col content-col\">\n\t\t\t\t<div class=\"inner-content\">\n\t\t\t\t\t\t\t\t\t\t\t<div class=\"editor-content\">\n\t\t\t\t\t\t\t<h3 class=\"h3\">Se hvordan det virker<\/h3>\n<p>I dette webinaropptaket f\u00e5r du h\u00f8re mer om Maritech Quality Tracking, og hvordan det kan brukes.<\/p>\n<p>Vi vil ogs\u00e5 gjerne snakke med deg, s\u00e5 ikke n\u00f8l med \u00e5 fylle ut skjemaet nedenfor for \u00e5 avtale en prat med oss.<\/p>\n\t\t\t\t\t\t<\/div>\n\t\t\t\t\t\t\t\t\t<\/div><!--\/.inner-content-->\n\t\t\t<\/div><!--\/.col-->\n\n\t\t\t<div class=\"col image-col\">\n\t\t\t\t\t\t\t\t\t<a class=\"video-wrap\" data-fancybox href=\"https:\/\/youtu.be\/PcHkoHqev0k\" title=\"Click to View Video\">\n\t\t\t\t\t\t<img decoding=\"async\" width=\"1000\" height=\"720\" src=\"https:\/\/maritech.com\/wp-content\/uploads\/2021\/08\/maxresdefault-2-1000x720.jpg\" class=\"cover\" alt=\"\" \/>\t\t\t\t\t<\/a>\n\t\t\t\t\t\t\t<\/div><!--\/.col-->\n\n\t\t<\/div><!--\/.row-->\n\t<\/div><!--\/.container-fluid-xl-->\n<\/section>\n\n\n<section class=\"page-content block alignfull\">\n    <div class=\"container-fluid\">\n        <div class=\"content-wrapper\">\n            <div class=\"editor-content\">\n                <h2>Quality Tracking &#8211; kort oppsummert<\/h2>\n<ul style=\"font-weight: 400;\">\n<li data-leveltext=\"\uf0b7\" data-font=\"Symbol\" data-listid=\"4\" aria-setsize=\"-1\" data-aria-posinset=\"2\" data-aria-level=\"1\">Brukere kan lage et ubegrenset antall skjema for kvalitetsinspeksjoner. Dette gj\u00f8res ved \u00e5 bruke skjermelementer med dra og slipp, som er utformet for \u00e5 gj\u00f8re det enkelt \u00e5 legge inn data n\u00e5r brukerne logger inspeksjonene.<\/li>\n<li data-leveltext=\"\uf0b7\" data-font=\"Symbol\" data-listid=\"4\" aria-setsize=\"-1\" data-aria-posinset=\"2\" data-aria-level=\"1\">Du kan enkelt definere kvalitetskontroll-tester med aksepterte verdier, toleransegrenser og spesifikasjoner for pr\u00f8vest\u00f8rrelserr.<\/li>\n<li data-leveltext=\"\uf0b7\" data-font=\"Symbol\" data-listid=\"4\" aria-setsize=\"-1\" data-aria-posinset=\"2\" data-aria-level=\"1\">L\u00f8sningen er skybasert og optimalisert for ber\u00f8ringsskjermer og h\u00e5ndholdte enheter, elementer for skjemautforming sikrer at alle n\u00f8dvendige felt er fylt ut og parametere uten grense flagges.<\/li>\n<li data-leveltext=\"\uf0b7\" data-font=\"Symbol\" data-listid=\"4\" aria-setsize=\"-1\" data-aria-posinset=\"2\" data-aria-level=\"1\">Du kan vise korrigerende handlinger fra inspeksjonen.<\/li>\n<li data-leveltext=\"\uf0b7\" data-font=\"Symbol\" data-listid=\"4\" aria-setsize=\"-1\" data-aria-posinset=\"2\" data-aria-level=\"1\">Du kan ta vare p\u00e5 alle poster digitalt og sikre at revisjonsstandarder for lov- og kundekvalitet er oppfylt.<\/li>\n<li data-leveltext=\"\uf0b7\" data-font=\"Symbol\" data-listid=\"4\" aria-setsize=\"-1\" data-aria-posinset=\"2\" data-aria-level=\"1\">Maritech Quality Tracking kan brukes som en del av en formell HACCP-plan.<\/li>\n<li data-leveltext=\"\uf0b7\" data-font=\"Symbol\" data-listid=\"4\" aria-setsize=\"-1\" data-aria-posinset=\"2\" data-aria-level=\"1\">Inspeksjoner kan referere til og knyttes til n\u00f8kler fra DigitalSeafoodTM, for eksempel partikoder, pallnr., innkj\u00f8ps- og salgsordre og mer.<\/li>\n<li data-leveltext=\"\uf0b7\" data-font=\"Symbol\" data-listid=\"4\" aria-setsize=\"-1\" data-aria-posinset=\"2\" data-aria-level=\"1\">Tilpassede PDF-rapporter er inkludert.<\/li>\n<li data-leveltext=\"\uf0b7\" data-font=\"Symbol\" data-listid=\"4\" aria-setsize=\"-1\" data-aria-posinset=\"2\" data-aria-level=\"1\">Du kan kombinere eksterne data med dine egne.\u200b<\/li>\n<\/ul>\n            <\/div><!--\/.editor-content-->\n        <\/div><!--\/.content-wrapper-->\n    <\/div><!--\/.container-fluid-->\n<\/section>\n\n<section  class=\"request-form block alignfull sm\">\n    <div class=\"container-fluid\">\n        <div class=\"block-container\">\n            <div class=\"content-wrap\">\n                                    <h4>Nysgjerrig? Gi oss et vink!<\/h4>\n                                            <\/div>\n            <div class=\"form-wrap\">\n                                                    <div class=\"button-wrap left\">\n                        <a class=\"btn\" href=\"https:\/\/share-eu1.hsforms.com\/1N64zSG_iQh6EJmgag0ox5Qewibs\" title=\"Kontakt oss!\">\n                            Kontakt oss!                        <\/a>\n                    <\/div>\n                            <\/div>\n        <\/div>\n    <\/div>\n<\/section>\n\n\n<section class=\"related-posts block alignfull\">\n    <div class=\"container-fluid\">\n        <div class=\"title-wrap\">\n            <h2 class=\"heading h2\">Har du f\u00e5tt med deg disse?<\/h2>        <\/div><!--\/.title-wrap-->\n                <div class=\"row\">\n                        <div class=\"col\">\n                <div onclick=\"location.href='https:\/\/maritech.com\/no\/samherji-valgte-maritecheye\/'\" class=\"post-card\">\n                    <div class=\"img-wrap\">\n\t\t\t\t\t\t<img decoding=\"async\" width=\"1024\" height=\"745\" src=\"https:\/\/maritech.com\/wp-content\/uploads\/2023\/06\/MicrosoftTeams-image-1-1024x745.jpg\" class=\"attachment-large size-large wp-post-image\" alt=\"Kundecase - Samherji\" srcset=\"https:\/\/maritech.com\/wp-content\/uploads\/2023\/06\/MicrosoftTeams-image-1-1024x745.jpg 1024w, https:\/\/maritech.com\/wp-content\/uploads\/2023\/06\/MicrosoftTeams-image-1-300x218.jpg 300w, https:\/\/maritech.com\/wp-content\/uploads\/2023\/06\/MicrosoftTeams-image-1-768x559.jpg 768w, https:\/\/maritech.com\/wp-content\/uploads\/2023\/06\/MicrosoftTeams-image-1-1536x1118.jpg 1536w, https:\/\/maritech.com\/wp-content\/uploads\/2023\/06\/MicrosoftTeams-image-1-2048x1490.jpg 2048w, https:\/\/maritech.com\/wp-content\/uploads\/2023\/06\/MicrosoftTeams-image-1-1920x1397.jpg 1920w, https:\/\/maritech.com\/wp-content\/uploads\/2023\/06\/MicrosoftTeams-image-1-1374x1000.jpg 1374w, https:\/\/maritech.com\/wp-content\/uploads\/2023\/06\/MicrosoftTeams-image-1-260x189.jpg 260w\" sizes=\"(max-width: 1024px) 100vw, 1024px\" \/>                    <\/div>\n                    <div class=\"info-wrap\">\n                                                <h4><a href=\"https:\/\/maritech.com\/no\/samherji-valgte-maritecheye\/\">Kundecase &#8211;  <span class=\"lastword\"> Samherji <svg fill=\"none\" height=\"16\" viewBox=\"0 0 21 16\" width=\"21\" xmlns=\"http:\/\/www.w3.org\/2000\/svg\"><path d=\"m12.2646 1.0521 5.615 5.7114h-17.8796v1.503h17.8796l-5.615 5.7114 1.0343 1.0521 7.3883-7.515-7.3883-7.515z\" fill=\"#446bf9\"\/><\/svg><\/span><\/a><\/h4>\n                    <\/div>\n                <\/div>\n            <\/div><!--\/.col-->\n                        <div class=\"col\">\n                <div onclick=\"location.href='https:\/\/maritech.com\/no\/nasdaq-benchmarking-report\/'\" class=\"post-card\">\n                    <div class=\"img-wrap\">\n\t\t\t\t\t\t<img decoding=\"async\" width=\"920\" height=\"511\" src=\"https:\/\/maritech.com\/wp-content\/uploads\/2023\/05\/Screenshot-2023-05-08-at-07.48.46.jpg\" class=\"attachment-large size-large wp-post-image\" alt=\"Nasdaq Benchmarking Report\" srcset=\"https:\/\/maritech.com\/wp-content\/uploads\/2023\/05\/Screenshot-2023-05-08-at-07.48.46.jpg 920w, https:\/\/maritech.com\/wp-content\/uploads\/2023\/05\/Screenshot-2023-05-08-at-07.48.46-300x167.jpg 300w, https:\/\/maritech.com\/wp-content\/uploads\/2023\/05\/Screenshot-2023-05-08-at-07.48.46-768x427.jpg 768w, https:\/\/maritech.com\/wp-content\/uploads\/2023\/05\/Screenshot-2023-05-08-at-07.48.46-260x144.jpg 260w\" sizes=\"(max-width: 920px) 100vw, 920px\" \/>                    <\/div>\n                    <div class=\"info-wrap\">\n                                                <h4><a href=\"https:\/\/maritech.com\/no\/nasdaq-benchmarking-report\/\">Nasdaq Benchmarking  <span class=\"lastword\"> Report <svg fill=\"none\" height=\"16\" viewBox=\"0 0 21 16\" width=\"21\" xmlns=\"http:\/\/www.w3.org\/2000\/svg\"><path d=\"m12.2646 1.0521 5.615 5.7114h-17.8796v1.503h17.8796l-5.615 5.7114 1.0343 1.0521 7.3883-7.515-7.3883-7.515z\" fill=\"#446bf9\"\/><\/svg><\/span><\/a><\/h4>\n                    <\/div>\n                <\/div>\n            <\/div><!--\/.col-->\n                        <div class=\"col\">\n                <div onclick=\"location.href='https:\/\/maritech.com\/no\/kundecase-salmon-evolution\/'\" class=\"post-card\">\n                    <div class=\"img-wrap\">\n\t\t\t\t\t\t<img decoding=\"async\" width=\"1024\" height=\"683\" src=\"https:\/\/maritech.com\/wp-content\/uploads\/2023\/11\/DSC09797-1024x683.jpg\" class=\"attachment-large size-large wp-post-image\" alt=\"Kundecase - Salmon Evolution\" srcset=\"https:\/\/maritech.com\/wp-content\/uploads\/2023\/11\/DSC09797-1024x683.jpg 1024w, https:\/\/maritech.com\/wp-content\/uploads\/2023\/11\/DSC09797-300x200.jpg 300w, https:\/\/maritech.com\/wp-content\/uploads\/2023\/11\/DSC09797-768x512.jpg 768w, https:\/\/maritech.com\/wp-content\/uploads\/2023\/11\/DSC09797-1536x1024.jpg 1536w, https:\/\/maritech.com\/wp-content\/uploads\/2023\/11\/DSC09797-2048x1365.jpg 2048w, https:\/\/maritech.com\/wp-content\/uploads\/2023\/11\/DSC09797-1920x1280.jpg 1920w, https:\/\/maritech.com\/wp-content\/uploads\/2023\/11\/DSC09797-1500x1000.jpg 1500w, https:\/\/maritech.com\/wp-content\/uploads\/2023\/11\/DSC09797-260x173.jpg 260w\" sizes=\"(max-width: 1024px) 100vw, 1024px\" \/>                    <\/div>\n                    <div class=\"info-wrap\">\n                                                <h4><a href=\"https:\/\/maritech.com\/no\/kundecase-salmon-evolution\/\">Kundecase &#8211; Salmon  <span class=\"lastword\"> Evolution <svg fill=\"none\" height=\"16\" viewBox=\"0 0 21 16\" width=\"21\" xmlns=\"http:\/\/www.w3.org\/2000\/svg\"><path d=\"m12.2646 1.0521 5.615 5.7114h-17.8796v1.503h17.8796l-5.615 5.7114 1.0343 1.0521 7.3883-7.515-7.3883-7.515z\" fill=\"#446bf9\"\/><\/svg><\/span><\/a><\/h4>\n                    <\/div>\n                <\/div>\n            <\/div><!--\/.col-->\n                    <\/div><!--\/.row-->\n            <\/div><!--\/.container-fluid-->\n<\/section>\n\n\n<section class=\"alignfull block newsletter-form dark-blue\">\n    <div class=\"content-max-wrapper\">\n                    <div class=\"content-max-wrapper__text\">\n                <h3 class=\"h3\">Ikke g\u00e5 glipp av nyhetene v\u00e5re! Abonner p\u00e5 v\u00e5rt nyhetsbrev<\/h3>\n            <\/div>\n                <!--[if lte IE 8]>\r\n<script charset=\"utf-8\" type=\"text\/javascript\" src=\"\/\/js-eu1.hsforms.net\/forms\/v2-legacy.js\"><\/script>\r\n<![endif]-->\r\n<script charset=\"utf-8\" type=\"text\/javascript\" src=\"\/\/js-eu1.hsforms.net\/forms\/v2.js\"><\/script>\r\n<script>\r\n  hbspt.forms.create({\r\n    region: \"eu1\",\r\n    portalId: \"25031368\",\r\n    formId: \"810e627a-049b-49de-b096-e08125e0e7e6\"\r\n});\r\n<\/script>    <div>\n<\/section>\n","protected":false},"excerpt":{"rendered":"","protected":false},"author":11,"featured_media":3176,"parent":9661,"menu_order":0,"comment_status":"closed","ping_status":"closed","template":"","meta":{"_acf_changed":false,"content-type":"","lazy_load_responsive_images_disabled":false,"footnotes":""},"class_list":["post-9744","page","type-page","status-publish","has-post-thumbnail","hentry"],"acf":[],"yoast_head":"<!-- This site is optimized with the Yoast SEO Premium plugin v21.8 (Yoast SEO v26.8) - https:\/\/yoast.com\/product\/yoast-seo-premium-wordpress\/ -->\n<title>Enkel og effektiv kvalitetskontroll - Maritech Quality Tracking<\/title>\n<meta name=\"description\" content=\"N\u00e5 kan du forenkle kvalitetskontrollen med fleksible, digitale skjemaer knyttet til n\u00f8kler i systemet ditt.\" \/>\n<meta name=\"robots\" content=\"index, follow, max-snippet:-1, max-image-preview:large, max-video-preview:-1\" \/>\n<link rel=\"canonical\" href=\"https:\/\/maritech.com\/no\/vare-losninger-sjomatproduksjon\/quality-tracking\/\" \/>\n<meta property=\"og:locale\" content=\"nb_NO\" \/>\n<meta property=\"og:type\" content=\"article\" \/>\n<meta property=\"og:title\" content=\"Quality Tracking\" \/>\n<meta property=\"og:description\" content=\"N\u00e5 kan du forenkle kvalitetskontrollen med fleksible, digitale skjemaer knyttet til n\u00f8kler i systemet ditt.\" \/>\n<meta property=\"og:url\" content=\"https:\/\/maritech.com\/no\/vare-losninger-sjomatproduksjon\/quality-tracking\/\" \/>\n<meta property=\"og:site_name\" content=\"Maritech\" \/>\n<meta property=\"article:modified_time\" content=\"2024-07-08T12:04:19+00:00\" \/>\n<meta property=\"og:image\" content=\"https:\/\/maritech.com\/wp-content\/uploads\/2019\/02\/Ziggi-Maritech_IMG7499-scaled.jpg\" \/>\n\t<meta property=\"og:image:width\" content=\"5754\" \/>\n\t<meta property=\"og:image:height\" content=\"3822\" \/>\n\t<meta property=\"og:image:type\" content=\"image\/jpeg\" \/>\n<meta name=\"twitter:card\" content=\"summary_large_image\" \/>\n<meta name=\"twitter:label1\" content=\"Ansl. lesetid\" \/>\n\t<meta name=\"twitter:data1\" content=\"1 minutt\" \/>\n<script type=\"application\/ld+json\" class=\"yoast-schema-graph\">{\"@context\":\"https:\/\/schema.org\",\"@graph\":[{\"@type\":\"WebPage\",\"@id\":\"https:\/\/maritech.com\/no\/vare-losninger-sjomatproduksjon\/quality-tracking\/\",\"url\":\"https:\/\/maritech.com\/no\/vare-losninger-sjomatproduksjon\/quality-tracking\/\",\"name\":\"Enkel og effektiv kvalitetskontroll - Maritech Quality Tracking\",\"isPartOf\":{\"@id\":\"https:\/\/maritech.com\/no\/#website\"},\"primaryImageOfPage\":{\"@id\":\"https:\/\/maritech.com\/no\/vare-losninger-sjomatproduksjon\/quality-tracking\/#primaryimage\"},\"image\":{\"@id\":\"https:\/\/maritech.com\/no\/vare-losninger-sjomatproduksjon\/quality-tracking\/#primaryimage\"},\"thumbnailUrl\":\"https:\/\/maritech.com\/wp-content\/uploads\/2019\/02\/Ziggi-Maritech_IMG7499-scaled.jpg\",\"datePublished\":\"2021-08-06T07:41:50+00:00\",\"dateModified\":\"2024-07-08T12:04:19+00:00\",\"description\":\"N\u00e5 kan du forenkle kvalitetskontrollen med fleksible, digitale skjemaer knyttet til n\u00f8kler i systemet ditt.\",\"breadcrumb\":{\"@id\":\"https:\/\/maritech.com\/no\/vare-losninger-sjomatproduksjon\/quality-tracking\/#breadcrumb\"},\"inLanguage\":\"nb-NO\",\"potentialAction\":[{\"@type\":\"ReadAction\",\"target\":[\"https:\/\/maritech.com\/no\/vare-losninger-sjomatproduksjon\/quality-tracking\/\"]}]},{\"@type\":\"ImageObject\",\"inLanguage\":\"nb-NO\",\"@id\":\"https:\/\/maritech.com\/no\/vare-losninger-sjomatproduksjon\/quality-tracking\/#primaryimage\",\"url\":\"https:\/\/maritech.com\/wp-content\/uploads\/2019\/02\/Ziggi-Maritech_IMG7499-scaled.jpg\",\"contentUrl\":\"https:\/\/maritech.com\/wp-content\/uploads\/2019\/02\/Ziggi-Maritech_IMG7499-scaled.jpg\",\"width\":5754,\"height\":3822,\"caption\":\"Vikenco seafood production illustration by Ziggi\"},{\"@type\":\"BreadcrumbList\",\"@id\":\"https:\/\/maritech.com\/no\/vare-losninger-sjomatproduksjon\/quality-tracking\/#breadcrumb\",\"itemListElement\":[{\"@type\":\"ListItem\",\"position\":1,\"name\":\"Home\",\"item\":\"https:\/\/maritech.com\/no\/\"},{\"@type\":\"ListItem\",\"position\":2,\"name\":\"V\u00e5re l\u00f8sninger &#8211; Sj\u00f8matproduksjon\",\"item\":\"https:\/\/maritech.com\/no\/vare-losninger-sjomatproduksjon\/\"},{\"@type\":\"ListItem\",\"position\":3,\"name\":\"Quality Tracking\"}]},{\"@type\":\"WebSite\",\"@id\":\"https:\/\/maritech.com\/no\/#website\",\"url\":\"https:\/\/maritech.com\/no\/\",\"name\":\"Maritech\",\"description\":\"\",\"publisher\":{\"@id\":\"https:\/\/maritech.com\/no\/#organization\"},\"potentialAction\":[{\"@type\":\"SearchAction\",\"target\":{\"@type\":\"EntryPoint\",\"urlTemplate\":\"https:\/\/maritech.com\/no\/?s={search_term_string}\"},\"query-input\":{\"@type\":\"PropertyValueSpecification\",\"valueRequired\":true,\"valueName\":\"search_term_string\"}}],\"inLanguage\":\"nb-NO\"},{\"@type\":\"Organization\",\"@id\":\"https:\/\/maritech.com\/no\/#organization\",\"name\":\"Maritech\",\"url\":\"https:\/\/maritech.com\/no\/\",\"logo\":{\"@type\":\"ImageObject\",\"inLanguage\":\"nb-NO\",\"@id\":\"https:\/\/maritech.com\/no\/#\/schema\/logo\/image\/\",\"url\":\"https:\/\/maritech.com\/wp-content\/uploads\/2024\/07\/Maritech-Logo-Co-Brand-WHITE.png\",\"contentUrl\":\"https:\/\/maritech.com\/wp-content\/uploads\/2024\/07\/Maritech-Logo-Co-Brand-WHITE.png\",\"width\":3336,\"height\":890,\"caption\":\"Maritech\"},\"image\":{\"@id\":\"https:\/\/maritech.com\/no\/#\/schema\/logo\/image\/\"}}]}<\/script>\n<!-- \/ Yoast SEO Premium plugin. -->","yoast_head_json":{"title":"Enkel og effektiv kvalitetskontroll - Maritech Quality Tracking","description":"N\u00e5 kan du forenkle kvalitetskontrollen med fleksible, digitale skjemaer knyttet til n\u00f8kler i systemet ditt.","robots":{"index":"index","follow":"follow","max-snippet":"max-snippet:-1","max-image-preview":"max-image-preview:large","max-video-preview":"max-video-preview:-1"},"canonical":"https:\/\/maritech.com\/no\/vare-losninger-sjomatproduksjon\/quality-tracking\/","og_locale":"nb_NO","og_type":"article","og_title":"Quality Tracking","og_description":"N\u00e5 kan du forenkle kvalitetskontrollen med fleksible, digitale skjemaer knyttet til n\u00f8kler i systemet ditt.","og_url":"https:\/\/maritech.com\/no\/vare-losninger-sjomatproduksjon\/quality-tracking\/","og_site_name":"Maritech","article_modified_time":"2024-07-08T12:04:19+00:00","og_image":[{"width":5754,"height":3822,"url":"https:\/\/maritech.com\/wp-content\/uploads\/2019\/02\/Ziggi-Maritech_IMG7499-scaled.jpg","type":"image\/jpeg"}],"twitter_card":"summary_large_image","twitter_misc":{"Ansl. lesetid":"1 minutt"},"schema":{"@context":"https:\/\/schema.org","@graph":[{"@type":"WebPage","@id":"https:\/\/maritech.com\/no\/vare-losninger-sjomatproduksjon\/quality-tracking\/","url":"https:\/\/maritech.com\/no\/vare-losninger-sjomatproduksjon\/quality-tracking\/","name":"Enkel og effektiv kvalitetskontroll - Maritech Quality Tracking","isPartOf":{"@id":"https:\/\/maritech.com\/no\/#website"},"primaryImageOfPage":{"@id":"https:\/\/maritech.com\/no\/vare-losninger-sjomatproduksjon\/quality-tracking\/#primaryimage"},"image":{"@id":"https:\/\/maritech.com\/no\/vare-losninger-sjomatproduksjon\/quality-tracking\/#primaryimage"},"thumbnailUrl":"https:\/\/maritech.com\/wp-content\/uploads\/2019\/02\/Ziggi-Maritech_IMG7499-scaled.jpg","datePublished":"2021-08-06T07:41:50+00:00","dateModified":"2024-07-08T12:04:19+00:00","description":"N\u00e5 kan du forenkle kvalitetskontrollen med fleksible, digitale skjemaer knyttet til n\u00f8kler i systemet ditt.","breadcrumb":{"@id":"https:\/\/maritech.com\/no\/vare-losninger-sjomatproduksjon\/quality-tracking\/#breadcrumb"},"inLanguage":"nb-NO","potentialAction":[{"@type":"ReadAction","target":["https:\/\/maritech.com\/no\/vare-losninger-sjomatproduksjon\/quality-tracking\/"]}]},{"@type":"ImageObject","inLanguage":"nb-NO","@id":"https:\/\/maritech.com\/no\/vare-losninger-sjomatproduksjon\/quality-tracking\/#primaryimage","url":"https:\/\/maritech.com\/wp-content\/uploads\/2019\/02\/Ziggi-Maritech_IMG7499-scaled.jpg","contentUrl":"https:\/\/maritech.com\/wp-content\/uploads\/2019\/02\/Ziggi-Maritech_IMG7499-scaled.jpg","width":5754,"height":3822,"caption":"Vikenco seafood production illustration by Ziggi"},{"@type":"BreadcrumbList","@id":"https:\/\/maritech.com\/no\/vare-losninger-sjomatproduksjon\/quality-tracking\/#breadcrumb","itemListElement":[{"@type":"ListItem","position":1,"name":"Home","item":"https:\/\/maritech.com\/no\/"},{"@type":"ListItem","position":2,"name":"V\u00e5re l\u00f8sninger &#8211; Sj\u00f8matproduksjon","item":"https:\/\/maritech.com\/no\/vare-losninger-sjomatproduksjon\/"},{"@type":"ListItem","position":3,"name":"Quality Tracking"}]},{"@type":"WebSite","@id":"https:\/\/maritech.com\/no\/#website","url":"https:\/\/maritech.com\/no\/","name":"Maritech","description":"","publisher":{"@id":"https:\/\/maritech.com\/no\/#organization"},"potentialAction":[{"@type":"SearchAction","target":{"@type":"EntryPoint","urlTemplate":"https:\/\/maritech.com\/no\/?s={search_term_string}"},"query-input":{"@type":"PropertyValueSpecification","valueRequired":true,"valueName":"search_term_string"}}],"inLanguage":"nb-NO"},{"@type":"Organization","@id":"https:\/\/maritech.com\/no\/#organization","name":"Maritech","url":"https:\/\/maritech.com\/no\/","logo":{"@type":"ImageObject","inLanguage":"nb-NO","@id":"https:\/\/maritech.com\/no\/#\/schema\/logo\/image\/","url":"https:\/\/maritech.com\/wp-content\/uploads\/2024\/07\/Maritech-Logo-Co-Brand-WHITE.png","contentUrl":"https:\/\/maritech.com\/wp-content\/uploads\/2024\/07\/Maritech-Logo-Co-Brand-WHITE.png","width":3336,"height":890,"caption":"Maritech"},"image":{"@id":"https:\/\/maritech.com\/no\/#\/schema\/logo\/image\/"}}]}},"jetpack_sharing_enabled":true,"_links":{"self":[{"href":"https:\/\/maritech.com\/no\/wp-json\/wp\/v2\/pages\/9744","targetHints":{"allow":["GET"]}}],"collection":[{"href":"https:\/\/maritech.com\/no\/wp-json\/wp\/v2\/pages"}],"about":[{"href":"https:\/\/maritech.com\/no\/wp-json\/wp\/v2\/types\/page"}],"author":[{"embeddable":true,"href":"https:\/\/maritech.com\/no\/wp-json\/wp\/v2\/users\/11"}],"replies":[{"embeddable":true,"href":"https:\/\/maritech.com\/no\/wp-json\/wp\/v2\/comments?post=9744"}],"version-history":[{"count":13,"href":"https:\/\/maritech.com\/no\/wp-json\/wp\/v2\/pages\/9744\/revisions"}],"predecessor-version":[{"id":20166,"href":"https:\/\/maritech.com\/no\/wp-json\/wp\/v2\/pages\/9744\/revisions\/20166"}],"up":[{"embeddable":true,"href":"https:\/\/maritech.com\/no\/wp-json\/wp\/v2\/pages\/9661"}],"wp:featuredmedia":[{"embeddable":true,"href":"https:\/\/maritech.com\/no\/wp-json\/wp\/v2\/media\/3176"}],"wp:attachment":[{"href":"https:\/\/maritech.com\/no\/wp-json\/wp\/v2\/media?parent=9744"}],"curies":[{"name":"wp","href":"https:\/\/api.w.org\/{rel}","templated":true}]}}