{"id":9784,"date":"2021-08-03T11:57:51","date_gmt":"2021-08-03T10:57:51","guid":{"rendered":"https:\/\/maritech.com\/maritech-supply-chain-seafood-logistics\/"},"modified":"2024-07-15T09:06:49","modified_gmt":"2024-07-15T08:06:49","slug":"maritech-transport-planning-sjomatlogistikk","status":"publish","type":"page","link":"https:\/\/maritech.com\/no\/maritech-transport-planning-sjomatlogistikk\/","title":{"rendered":"Maritech Transport Planning"},"content":{"rendered":"\n<section class=\"hero block alignfull bg-image grad-light\" style=\"background-image: url('https:\/\/maritech.com\/wp-content\/uploads\/2020\/09\/Maritech-Oclin-LQ-04578-1499x1000.jpg'); \" >\n    <div class=\"container-fluid\">\n        <div class=\"hero-content\">\n                        <div class=\"editor-content\">\n                <h1><span style=\"color: #ffffff;\">Maritech Transport Planning<\/span><\/h1>\n<p class=\"preamble\"><span style=\"color: #ffffff;\">Fremtidens sj\u00f8matlogistikk, i sky.<\/span><\/p>\n            <\/div>\n            <div class=\"button-wrap left\"><a class=\"btn btn-primary\" href=\"https:\/\/demo.dev.maritech.cloud\/START\/Introduction\" target=\"_blank\" title=\"Sjekk ut v\u00e5re digitale demoer\">Sjekk ut v\u00e5re digitale demoer<\/a><\/div>        <\/div><!--\/.hero-content-->\n    <\/div><!--\/.container-fluid-->\n<\/section>\n\n\n\n<section class=\"breadcrumb-section block alignfull\">\n    <div class=\"container-fluid\">\n        <p class=\"breadcrumbs\"><span><span><a href=\"https:\/\/maritech.com\/no\/\"><span class=\"d-none\">Home<\/span><svg xmlns=\"http:\/\/www.w3.org\/2000\/svg\" xmlns:xlink=\"http:\/\/www.w3.org\/1999\/xlink\" contentScriptType=\"text\/ecmascript\" contentStyleType=\"text\/css\" enable-background=\"new 0 0 2048 2048\" height=\"2048px\" id=\"Layer_1\" preserveAspectRatio=\"xMidYMid meet\" version=\"1.1\" viewBox=\"25.33300018310547 0 1613.333984375 2048\" width=\"1613.333984375px\" xml:space=\"preserve\" zoomAndPan=\"magnify\" style=\"&#10;    width: 20px;&#10;\"><path d=\"M1408,1120v480c0,17.333-6.333,32.333-19,45s-27.667,19-45,19H960v-384H704v384H320c-17.333,0-32.333-6.333-45-19  s-19-27.667-19-45v-480c0-0.667,0.167-1.667,0.5-3s0.5-2.333,0.5-3l575-474l575,474C1407.667,1115.333,1408,1117.333,1408,1120z   M1631,1051l-62,74c-5.333,6-12.333,9.667-21,11h-3c-8.667,0-15.667-2.333-21-7L832,552l-692,577c-8,5.333-16,7.667-24,7  c-8.667-1.333-15.667-5-21-11l-62-74c-5.333-6.667-7.667-14.5-7-23.5s4.333-16.167,11-21.5l719-599c21.333-17.333,46.667-26,76-26  s54.667,8.667,76,26l244,204V416c0-9.333,3-17,9-23s13.667-9,23-9h192c9.333,0,17,3,23,9s9,13.667,9,23v408l219,182  c6.667,5.333,10.333,12.5,11,21.5S1636.333,1044.333,1631,1051z\"\/><\/svg><\/a><\/span><\/span><\/p>    <\/div>\n<\/section>\n\n<section class=\"page-content block alignfull\">\n    <div class=\"container-fluid\">\n        <div class=\"content-wrapper\">\n            <div class=\"editor-content\">\n                <p class=\"preamble\">N\u00e5 kan du endelig digitalisere sj\u00f8matlogistikken, i sky, med Maritech.<\/p>\n<p>Sj\u00f8matlogistikk kan v\u00e6re en ekstremsport som stiller skyh\u00f8ye krav til presisjon, kompetanse og fleksibilitet. I tillegg er det mange x-faktorer du m\u00e5 tenke p\u00e5.<\/p>\n<p>I 2017 startet Maritech (inkludert Timpex, n\u00e5 en del av Maritech) arbeidet med \u00e5 digitalisere den norske eksportlogistikken sammen med Cermaq, Coast og DB Schenker. H\u00f8sten 2020 lanserte vi Maritech Transport Planning, den eneste l\u00f8sningen i verden som er skreddersydd for de komplekse prosessene innen sj\u00f8matlogistikk. I 2024 flyttet vi det over til sky, <a href=\"https:\/\/maritech.com\/transport-planning-grieg-seafood\/\">og Grieg Seafood var den f\u00f8rste piloten som gikk live.<\/a><\/p>\n<h2>Redusert kostnad og risiko<\/h2>\n<p>I Maritech Transport Planning kan du som eksport\u00f8r samarbeide og utveksle data og dokumenter med operat\u00f8ren. Dette gir bedre planlegging, ledelse og sikkert samarbeid p\u00e5 tvers av forsyningskjeden. Alle parter f\u00e5r bedre datakvalitet, redusert s\u00e5rbarhet og enklere arbeidsprosesser. Bedre kostnadskontroll og transportutnyttelse gir deg gevinster knyttet til b\u00e5de l\u00f8nnsomhet og b\u00e6rekraft.<\/p>\n<p>Et eksempel: For eksport\u00f8rer gir l\u00f8sningen enklere h\u00e5ndtering av fakturaer, tolldokumenter og priser. Systemet st\u00f8tter mottak av beregnede priser og administrasjon av korte frister og endringer i siste liten. Dokumentutveksling skjer i sanntid mellom eksport\u00f8r, transport\u00f8r og tollvesen. Mindre manuell dataregistrering reduserer f\u00f8lgefeil, og alle endringer er synlige og sporbare. Du er sikret riktige data og enkel dokumentasjon.<\/p>\n            <\/div><!--\/.editor-content-->\n        <\/div><!--\/.content-wrapper-->\n    <\/div><!--\/.container-fluid-->\n<\/section>\n\n\n<section class=\"content-slider block alignfull\">\n\t<div class=\"container-fluid-xl\">\n\t\t\t<div class=\"slider-wrap\">\n\t\t\t<div class=\"block__inner content-slider__inner\" style=\"background-image: url(https:\/\/maritech.com\/wp-content\/uploads\/2021\/08\/Maritech-Oclin-LQ-04502-1024x683.jpg);\">\n\t\t\t\t<div class=\"glide maritech-content-slider maritech-content-slider--2\">\n\t\t\t\t\t<div class=\"glide__track\" data-glide-el=\"track\">\n\t\t\t\t\t\t<ul class=\"glide__slides\">\n\t\t\t\t\t\t\t\t\t\t\t\t\t\t\t<li class=\"content__slide glide__slide\">\n\t\t\t\t\t\t\t\t\t<div class=\"editor-content content-wrap\">\n\t\t\t\t\t\t\t\t\t\t\t\t\t\t\t\t\t\t\t<h4 class=\"slider-heading\">\u2013 Vi tror p\u00e5 \u00e5 v\u00e6re p\u00e5litelig, dynamisk og nyskapende. Hvert \u00e5r eksporterer vi 90 000 tonn sj\u00f8mat til 65 markeder. Digitalisering er avgj\u00f8rende for \u00e5 sikre enda mer effektive og str\u00f8mlinjeformede prosesser i fremtiden. <\/h4>\n\t\t\t\t\t\t\t\t\t\t\t\t\t\t\t\t\t\t\t<div class=\"preamble\">\n\t\t\t\t\t\t\t\t\t\t\tFrode Melsether, CTO Coast Seafood AS\t\t\t\t\t\t\t\t\t\t<\/div>\n\t\t\t\t\t\t\t\t\t\t\t\t\t\t\t\t\t\t<\/div>\n\t\t\t\t\t\t\t\t<\/li>\n\t\t\t\t\t\t\t\t\t\t\t\t\t\t\t<li class=\"content__slide glide__slide\">\n\t\t\t\t\t\t\t\t\t<div class=\"editor-content content-wrap\">\n\t\t\t\t\t\t\t\t\t\t\t\t\t\t\t\t\t\t\t<h4 class=\"slider-heading\">\u2013 Teknologi gir oss et konkurransefortrinn i fiskeeksportmarkedet. V\u00e5rt mange\u00e5rige partnerskap med Maritech hjelper oss med \u00e5 effektivisere og sikre informasjonsflyten i alle faser av sj\u00f8matlogistikken.  <\/h4>\n\t\t\t\t\t\t\t\t\t\t\t\t\t\t\t\t\t\t<\/div>\n\t\t\t\t\t\t\t\t<\/li>\n\t\t\t\t\t\t\t\t\t\t\t\t\t<\/ul>\n\t\t\t\t\t<\/div>\n\t\t\t\t\t<div class=\"glide__arrows\" data-glide-el=\"controls\">\n\t\t\t\t\t\t<button class=\"glide__arrow glide__arrow--left\" Previous slide data-glide-dir=\"&lt;\">\n\t\t\t\t\t\t\t<i class=\"icon icon-chev-down\"><\/i>\n\t\t\t\t\t\t<\/button>\n\t\t\t\t\t\t<p class=\"slideNum\"><span><\/span> \/ 2<\/p>\n\t\t\t\t\t\t<button class=\"glide__arrow glide__arrow--right\" aria-label=\"Next slide\" data-glide-dir=\"&gt;\">\n\t\t\t\t\t\t\t<i class=\"icon icon-chev-down\"><\/i>\n\t\t\t\t\t\t<\/button>\n\t\t\t\t\t<\/div>\n\t\t\t\t<\/div>\n\t\t\t<\/div>\n\t\t<\/div>\n\t\t\t<\/div>\n<\/section>\n\n\n<section class=\"page-content block alignfull\">\n    <div class=\"container-fluid\">\n        <div class=\"content-wrapper\">\n            <div class=\"editor-content\">\n                <h2>Enklere \u00e5 h\u00e5ndtere endringer<\/h2>\n<p>F\u00e6rre manuelle prosesser og bedre interaksjon gir viktige fordeler for transport\u00f8rer. Dokumenter knyttet til forsendelsen blir tilgjengelige for transport\u00f8ren s\u00e5 snart de er opprettet, og reduserer ventetiden i hele verdikjeden. Med Track &amp; Trace f\u00e5r du raskere oppdateringer ved forsinkelser.<\/p>\n<p>Maritech Transport Planning gir ogs\u00e5 et l\u00f8ft for terminalene som f\u00e5r st\u00f8rre forutsigbarhet, bedre synlighet for innkommende og utg\u00e5ende varer, og mer effektiv h\u00e5ndtering av ommerking og koordinering av forsendelser. De nye verkt\u00f8yene gj\u00f8r det ogs\u00e5 mulig \u00e5 h\u00e5ndtere plutselige endringer mer effektivt enn ved manuell h\u00e5ndtering.<\/p>\n            <\/div><!--\/.editor-content-->\n        <\/div><!--\/.content-wrapper-->\n    <\/div><!--\/.container-fluid-->\n<\/section>\n\n\n<section class=\"video-content block alignfull content-right\">\n\t<div class=\"container-fluid-xl\">\n\t\t<div class=\"row\">\n\n\t\t\t<div class=\"col content-col\">\n\t\t\t\t<div class=\"inner-content\">\n\t\t\t\t\t\t\t\t\t\t\t<div class=\"editor-content\">\n\t\t\t\t\t\t\t<h3>Fremtidens sj\u00f8matlogistikk<\/h3>\n<p>Sj\u00f8matlogistikk er fortsatt ikke for pyser.<\/p>\n<p>Men det er mange som n\u00e5 kan utf\u00f8re kritiske oppgaver med lavere puls, mindre personavhengighet og redusert risiko for manuelle feil. Samtidig \u00f8ker l\u00f8nnsomheten i hele verdikjeden, prosesser optimaliseres, samtidig som det bidrar til \u00f8kt b\u00e6rekraft.<\/p>\n<p>Dette er fremtidens sj\u00f8matlogistikk.<\/p>\n\t\t\t\t\t\t<\/div>\n\t\t\t\t\t<div class=\"button-wrap left\"><a class=\"btn btn-primary\" href=\"https:\/\/share-eu1.hsforms.com\/1N64zSG_iQh6EJmgag0ox5Qewibs\" target=\"_blank\" title=\"Vil du vite mer? Kontakt oss!\">Vil du vite mer? Kontakt oss!<\/a><\/div>\t\t\t\t<\/div><!--\/.inner-content-->\n\t\t\t<\/div><!--\/.col-->\n\n\t\t\t<div class=\"col image-col\">\n\t\t\t\t\t\t\t\t\t<a class=\"video-wrap\" data-fancybox href=\"https:\/\/youtu.be\/Og0HFs5-eUc\" title=\"Click to View Video\">\n\t\t\t\t\t\t<img decoding=\"async\" width=\"1000\" height=\"750\" src=\"https:\/\/maritech.com\/wp-content\/uploads\/2021\/08\/Maritech-Oclin-LQ--1000x750.jpg\" class=\"cover\" alt=\"The seafood logistics oof the future - Maritech Supply Chain\" \/>\t\t\t\t\t<\/a>\n\t\t\t\t\t\t\t<\/div><!--\/.col-->\n\n\t\t<\/div><!--\/.row-->\n\t<\/div><!--\/.container-fluid-xl-->\n<\/section>\n\n\n\n<section class=\"related-posts block alignfull\">\n    <div class=\"container-fluid\">\n        <div class=\"title-wrap\">\n            <h2 class=\"heading h2\">Les ogs\u00e5<\/h2>        <\/div><!--\/.title-wrap-->\n                <div class=\"row\">\n                        <div class=\"col\">\n                <div onclick=\"location.href='https:\/\/maritech.com\/no\/maritech-purchase-sales\/'\" class=\"post-card\">\n                    <div class=\"img-wrap\">\n\t\t\t\t\t\t<img decoding=\"async\" width=\"1024\" height=\"683\" src=\"https:\/\/maritech.com\/wp-content\/uploads\/2021\/05\/PurchaseSales_Christin-1024x683.jpg\" class=\"attachment-large size-large wp-post-image\" alt=\"Kj\u00f8p og selg sj\u00f8mat med Maritech Purchase &amp; Sales\" srcset=\"https:\/\/maritech.com\/wp-content\/uploads\/2021\/05\/PurchaseSales_Christin-1024x683.jpg 1024w, https:\/\/maritech.com\/wp-content\/uploads\/2021\/05\/PurchaseSales_Christin-300x200.jpg 300w, https:\/\/maritech.com\/wp-content\/uploads\/2021\/05\/PurchaseSales_Christin-768x512.jpg 768w, https:\/\/maritech.com\/wp-content\/uploads\/2021\/05\/PurchaseSales_Christin-1536x1024.jpg 1536w, https:\/\/maritech.com\/wp-content\/uploads\/2021\/05\/PurchaseSales_Christin-2048x1365.jpg 2048w, https:\/\/maritech.com\/wp-content\/uploads\/2021\/05\/PurchaseSales_Christin-1920x1280.jpg 1920w, https:\/\/maritech.com\/wp-content\/uploads\/2021\/05\/PurchaseSales_Christin-260x173.jpg 260w\" sizes=\"(max-width: 1024px) 100vw, 1024px\" \/>                    <\/div>\n                    <div class=\"info-wrap\">\n                                                <h4><a href=\"https:\/\/maritech.com\/no\/maritech-purchase-sales\/\">Kj\u00f8p og selg sj\u00f8mat med Maritech Purchase &#038;  <span class=\"lastword\"> Sales <svg fill=\"none\" height=\"16\" viewBox=\"0 0 21 16\" width=\"21\" xmlns=\"http:\/\/www.w3.org\/2000\/svg\"><path d=\"m12.2646 1.0521 5.615 5.7114h-17.8796v1.503h17.8796l-5.615 5.7114 1.0343 1.0521 7.3883-7.515-7.3883-7.515z\" fill=\"#446bf9\"\/><\/svg><\/span><\/a><\/h4>\n                    <\/div>\n                <\/div>\n            <\/div><!--\/.col-->\n                        <div class=\"col\">\n                <div onclick=\"location.href='https:\/\/maritech.com\/no\/samherji-valgte-maritecheye\/'\" class=\"post-card\">\n                    <div class=\"img-wrap\">\n\t\t\t\t\t\t<img decoding=\"async\" width=\"1024\" height=\"745\" src=\"https:\/\/maritech.com\/wp-content\/uploads\/2023\/06\/MicrosoftTeams-image-1-1024x745.jpg\" class=\"attachment-large size-large wp-post-image\" alt=\"Kundecase - Samherji\" srcset=\"https:\/\/maritech.com\/wp-content\/uploads\/2023\/06\/MicrosoftTeams-image-1-1024x745.jpg 1024w, https:\/\/maritech.com\/wp-content\/uploads\/2023\/06\/MicrosoftTeams-image-1-300x218.jpg 300w, https:\/\/maritech.com\/wp-content\/uploads\/2023\/06\/MicrosoftTeams-image-1-768x559.jpg 768w, https:\/\/maritech.com\/wp-content\/uploads\/2023\/06\/MicrosoftTeams-image-1-1536x1118.jpg 1536w, https:\/\/maritech.com\/wp-content\/uploads\/2023\/06\/MicrosoftTeams-image-1-2048x1490.jpg 2048w, https:\/\/maritech.com\/wp-content\/uploads\/2023\/06\/MicrosoftTeams-image-1-1920x1397.jpg 1920w, https:\/\/maritech.com\/wp-content\/uploads\/2023\/06\/MicrosoftTeams-image-1-1374x1000.jpg 1374w, https:\/\/maritech.com\/wp-content\/uploads\/2023\/06\/MicrosoftTeams-image-1-260x189.jpg 260w\" sizes=\"(max-width: 1024px) 100vw, 1024px\" \/>                    <\/div>\n                    <div class=\"info-wrap\">\n                                                <h4><a href=\"https:\/\/maritech.com\/no\/samherji-valgte-maritecheye\/\">Kundecase &#8211;  <span class=\"lastword\"> Samherji <svg fill=\"none\" height=\"16\" viewBox=\"0 0 21 16\" width=\"21\" xmlns=\"http:\/\/www.w3.org\/2000\/svg\"><path d=\"m12.2646 1.0521 5.615 5.7114h-17.8796v1.503h17.8796l-5.615 5.7114 1.0343 1.0521 7.3883-7.515-7.3883-7.515z\" fill=\"#446bf9\"\/><\/svg><\/span><\/a><\/h4>\n                    <\/div>\n                <\/div>\n            <\/div><!--\/.col-->\n                        <div class=\"col\">\n                <div onclick=\"location.href='https:\/\/maritech.com\/no\/kundecase-salmon-evolution\/'\" class=\"post-card\">\n                    <div class=\"img-wrap\">\n\t\t\t\t\t\t<img decoding=\"async\" width=\"1024\" height=\"683\" src=\"https:\/\/maritech.com\/wp-content\/uploads\/2023\/11\/DSC09797-1024x683.jpg\" class=\"attachment-large size-large wp-post-image\" alt=\"Kundecase - Salmon Evolution\" srcset=\"https:\/\/maritech.com\/wp-content\/uploads\/2023\/11\/DSC09797-1024x683.jpg 1024w, https:\/\/maritech.com\/wp-content\/uploads\/2023\/11\/DSC09797-300x200.jpg 300w, https:\/\/maritech.com\/wp-content\/uploads\/2023\/11\/DSC09797-768x512.jpg 768w, https:\/\/maritech.com\/wp-content\/uploads\/2023\/11\/DSC09797-1536x1024.jpg 1536w, https:\/\/maritech.com\/wp-content\/uploads\/2023\/11\/DSC09797-2048x1365.jpg 2048w, https:\/\/maritech.com\/wp-content\/uploads\/2023\/11\/DSC09797-1920x1280.jpg 1920w, https:\/\/maritech.com\/wp-content\/uploads\/2023\/11\/DSC09797-1500x1000.jpg 1500w, https:\/\/maritech.com\/wp-content\/uploads\/2023\/11\/DSC09797-260x173.jpg 260w\" sizes=\"(max-width: 1024px) 100vw, 1024px\" \/>                    <\/div>\n                    <div class=\"info-wrap\">\n                                                <h4><a href=\"https:\/\/maritech.com\/no\/kundecase-salmon-evolution\/\">Kundecase &#8211; Salmon  <span class=\"lastword\"> Evolution <svg fill=\"none\" height=\"16\" viewBox=\"0 0 21 16\" width=\"21\" xmlns=\"http:\/\/www.w3.org\/2000\/svg\"><path d=\"m12.2646 1.0521 5.615 5.7114h-17.8796v1.503h17.8796l-5.615 5.7114 1.0343 1.0521 7.3883-7.515-7.3883-7.515z\" fill=\"#446bf9\"\/><\/svg><\/span><\/a><\/h4>\n                    <\/div>\n                <\/div>\n            <\/div><!--\/.col-->\n                    <\/div><!--\/.row-->\n            <\/div><!--\/.container-fluid-->\n<\/section>\n\n\n<section class=\"alignfull block newsletter-form dark-blue\">\n    <div class=\"content-max-wrapper\">\n                    <div class=\"content-max-wrapper__text\">\n                <h3 class=\"h3\">F\u00e5 med deg hva som skjer!<\/h3>\n            <\/div>\n                <!--[if lte IE 8]>\r\n<script charset=\"utf-8\" type=\"text\/javascript\" src=\"\/\/js-eu1.hsforms.net\/forms\/v2-legacy.js\"><\/script>\r\n<![endif]-->\r\n<script charset=\"utf-8\" type=\"text\/javascript\" src=\"\/\/js-eu1.hsforms.net\/forms\/v2.js\"><\/script>\r\n<script>\r\n  hbspt.forms.create({\r\n    region: \"eu1\",\r\n    portalId: \"25031368\",\r\n    formId: \"810e627a-049b-49de-b096-e08125e0e7e6\"\r\n});\r\n<\/script>    <div>\n<\/section>\n","protected":false},"excerpt":{"rendered":"","protected":false},"author":11,"featured_media":5706,"parent":0,"menu_order":0,"comment_status":"closed","ping_status":"closed","template":"","meta":{"_acf_changed":false,"content-type":"","lazy_load_responsive_images_disabled":false,"footnotes":""},"class_list":["post-9784","page","type-page","status-publish","has-post-thumbnail","hentry"],"acf":[],"yoast_head":"<!-- This site is optimized with the Yoast SEO Premium plugin v21.8 (Yoast SEO v26.8) - https:\/\/yoast.com\/product\/yoast-seo-premium-wordpress\/ -->\n<title>Fremtidens sj\u00f8matlogistikk - Maritech Transport Planning<\/title>\n<meta name=\"description\" content=\"Sj\u00f8matlogistikk er ekstremsport. Derfor har vi laget Maritech Transport Planning; den f\u00f8rste l\u00f8sningen som er skreddersydd for sj\u00f8mat.\" \/>\n<meta name=\"robots\" content=\"index, follow, max-snippet:-1, max-image-preview:large, max-video-preview:-1\" \/>\n<link rel=\"canonical\" href=\"https:\/\/maritech.com\/no\/maritech-transport-planning-sjomatlogistikk\/\" \/>\n<meta property=\"og:locale\" content=\"nb_NO\" \/>\n<meta property=\"og:type\" content=\"article\" \/>\n<meta property=\"og:title\" content=\"Maritech Transport Planning\" \/>\n<meta property=\"og:description\" content=\"Sj\u00f8matlogistikk er ekstremsport. Derfor har vi laget Maritech Transport Planning; den f\u00f8rste l\u00f8sningen som er skreddersydd for sj\u00f8mat.\" \/>\n<meta property=\"og:url\" content=\"https:\/\/maritech.com\/no\/maritech-transport-planning-sjomatlogistikk\/\" \/>\n<meta property=\"og:site_name\" content=\"Maritech\" \/>\n<meta property=\"article:modified_time\" content=\"2024-07-15T08:06:49+00:00\" \/>\n<meta property=\"og:image\" content=\"https:\/\/maritech.com\/wp-content\/uploads\/2020\/09\/Oclin_Maritech_OSL_HQ-04578-1024x683.jpg\" \/>\n\t<meta property=\"og:image:width\" content=\"1024\" \/>\n\t<meta property=\"og:image:height\" content=\"683\" \/>\n\t<meta property=\"og:image:type\" content=\"image\/jpeg\" \/>\n<meta name=\"twitter:card\" content=\"summary_large_image\" \/>\n<meta name=\"twitter:label1\" content=\"Ansl. lesetid\" \/>\n\t<meta name=\"twitter:data1\" content=\"1 minutt\" \/>\n<script type=\"application\/ld+json\" class=\"yoast-schema-graph\">{\"@context\":\"https:\/\/schema.org\",\"@graph\":[{\"@type\":\"WebPage\",\"@id\":\"https:\/\/maritech.com\/no\/maritech-transport-planning-sjomatlogistikk\/\",\"url\":\"https:\/\/maritech.com\/no\/maritech-transport-planning-sjomatlogistikk\/\",\"name\":\"Fremtidens sj\u00f8matlogistikk - Maritech Transport Planning\",\"isPartOf\":{\"@id\":\"https:\/\/maritech.com\/no\/#website\"},\"primaryImageOfPage\":{\"@id\":\"https:\/\/maritech.com\/no\/maritech-transport-planning-sjomatlogistikk\/#primaryimage\"},\"image\":{\"@id\":\"https:\/\/maritech.com\/no\/maritech-transport-planning-sjomatlogistikk\/#primaryimage\"},\"thumbnailUrl\":\"https:\/\/maritech.com\/wp-content\/uploads\/2020\/09\/Oclin_Maritech_OSL_HQ-04578.jpg\",\"datePublished\":\"2021-08-03T10:57:51+00:00\",\"dateModified\":\"2024-07-15T08:06:49+00:00\",\"description\":\"Sj\u00f8matlogistikk er ekstremsport. Derfor har vi laget Maritech Transport Planning; den f\u00f8rste l\u00f8sningen som er skreddersydd for sj\u00f8mat.\",\"breadcrumb\":{\"@id\":\"https:\/\/maritech.com\/no\/maritech-transport-planning-sjomatlogistikk\/#breadcrumb\"},\"inLanguage\":\"nb-NO\",\"potentialAction\":[{\"@type\":\"ReadAction\",\"target\":[\"https:\/\/maritech.com\/no\/maritech-transport-planning-sjomatlogistikk\/\"]}]},{\"@type\":\"ImageObject\",\"inLanguage\":\"nb-NO\",\"@id\":\"https:\/\/maritech.com\/no\/maritech-transport-planning-sjomatlogistikk\/#primaryimage\",\"url\":\"https:\/\/maritech.com\/wp-content\/uploads\/2020\/09\/Oclin_Maritech_OSL_HQ-04578.jpg\",\"contentUrl\":\"https:\/\/maritech.com\/wp-content\/uploads\/2020\/09\/Oclin_Maritech_OSL_HQ-04578.jpg\",\"width\":7951,\"height\":5303,\"caption\":\"Credit: Oclin\"},{\"@type\":\"BreadcrumbList\",\"@id\":\"https:\/\/maritech.com\/no\/maritech-transport-planning-sjomatlogistikk\/#breadcrumb\",\"itemListElement\":[{\"@type\":\"ListItem\",\"position\":1,\"name\":\"Home\",\"item\":\"https:\/\/maritech.com\/no\/\"},{\"@type\":\"ListItem\",\"position\":2,\"name\":\"Maritech Transport Planning\"}]},{\"@type\":\"WebSite\",\"@id\":\"https:\/\/maritech.com\/no\/#website\",\"url\":\"https:\/\/maritech.com\/no\/\",\"name\":\"Maritech\",\"description\":\"\",\"publisher\":{\"@id\":\"https:\/\/maritech.com\/no\/#organization\"},\"potentialAction\":[{\"@type\":\"SearchAction\",\"target\":{\"@type\":\"EntryPoint\",\"urlTemplate\":\"https:\/\/maritech.com\/no\/?s={search_term_string}\"},\"query-input\":{\"@type\":\"PropertyValueSpecification\",\"valueRequired\":true,\"valueName\":\"search_term_string\"}}],\"inLanguage\":\"nb-NO\"},{\"@type\":\"Organization\",\"@id\":\"https:\/\/maritech.com\/no\/#organization\",\"name\":\"Maritech\",\"url\":\"https:\/\/maritech.com\/no\/\",\"logo\":{\"@type\":\"ImageObject\",\"inLanguage\":\"nb-NO\",\"@id\":\"https:\/\/maritech.com\/no\/#\/schema\/logo\/image\/\",\"url\":\"https:\/\/maritech.com\/wp-content\/uploads\/2024\/07\/Maritech-Logo-Co-Brand-WHITE.png\",\"contentUrl\":\"https:\/\/maritech.com\/wp-content\/uploads\/2024\/07\/Maritech-Logo-Co-Brand-WHITE.png\",\"width\":3336,\"height\":890,\"caption\":\"Maritech\"},\"image\":{\"@id\":\"https:\/\/maritech.com\/no\/#\/schema\/logo\/image\/\"}}]}<\/script>\n<!-- \/ Yoast SEO Premium plugin. -->","yoast_head_json":{"title":"Fremtidens sj\u00f8matlogistikk - Maritech Transport Planning","description":"Sj\u00f8matlogistikk er ekstremsport. Derfor har vi laget Maritech Transport Planning; den f\u00f8rste l\u00f8sningen som er skreddersydd for sj\u00f8mat.","robots":{"index":"index","follow":"follow","max-snippet":"max-snippet:-1","max-image-preview":"max-image-preview:large","max-video-preview":"max-video-preview:-1"},"canonical":"https:\/\/maritech.com\/no\/maritech-transport-planning-sjomatlogistikk\/","og_locale":"nb_NO","og_type":"article","og_title":"Maritech Transport Planning","og_description":"Sj\u00f8matlogistikk er ekstremsport. Derfor har vi laget Maritech Transport Planning; den f\u00f8rste l\u00f8sningen som er skreddersydd for sj\u00f8mat.","og_url":"https:\/\/maritech.com\/no\/maritech-transport-planning-sjomatlogistikk\/","og_site_name":"Maritech","article_modified_time":"2024-07-15T08:06:49+00:00","og_image":[{"width":1024,"height":683,"url":"https:\/\/maritech.com\/wp-content\/uploads\/2020\/09\/Oclin_Maritech_OSL_HQ-04578-1024x683.jpg","type":"image\/jpeg"}],"twitter_card":"summary_large_image","twitter_misc":{"Ansl. lesetid":"1 minutt"},"schema":{"@context":"https:\/\/schema.org","@graph":[{"@type":"WebPage","@id":"https:\/\/maritech.com\/no\/maritech-transport-planning-sjomatlogistikk\/","url":"https:\/\/maritech.com\/no\/maritech-transport-planning-sjomatlogistikk\/","name":"Fremtidens sj\u00f8matlogistikk - Maritech Transport Planning","isPartOf":{"@id":"https:\/\/maritech.com\/no\/#website"},"primaryImageOfPage":{"@id":"https:\/\/maritech.com\/no\/maritech-transport-planning-sjomatlogistikk\/#primaryimage"},"image":{"@id":"https:\/\/maritech.com\/no\/maritech-transport-planning-sjomatlogistikk\/#primaryimage"},"thumbnailUrl":"https:\/\/maritech.com\/wp-content\/uploads\/2020\/09\/Oclin_Maritech_OSL_HQ-04578.jpg","datePublished":"2021-08-03T10:57:51+00:00","dateModified":"2024-07-15T08:06:49+00:00","description":"Sj\u00f8matlogistikk er ekstremsport. Derfor har vi laget Maritech Transport Planning; den f\u00f8rste l\u00f8sningen som er skreddersydd for sj\u00f8mat.","breadcrumb":{"@id":"https:\/\/maritech.com\/no\/maritech-transport-planning-sjomatlogistikk\/#breadcrumb"},"inLanguage":"nb-NO","potentialAction":[{"@type":"ReadAction","target":["https:\/\/maritech.com\/no\/maritech-transport-planning-sjomatlogistikk\/"]}]},{"@type":"ImageObject","inLanguage":"nb-NO","@id":"https:\/\/maritech.com\/no\/maritech-transport-planning-sjomatlogistikk\/#primaryimage","url":"https:\/\/maritech.com\/wp-content\/uploads\/2020\/09\/Oclin_Maritech_OSL_HQ-04578.jpg","contentUrl":"https:\/\/maritech.com\/wp-content\/uploads\/2020\/09\/Oclin_Maritech_OSL_HQ-04578.jpg","width":7951,"height":5303,"caption":"Credit: Oclin"},{"@type":"BreadcrumbList","@id":"https:\/\/maritech.com\/no\/maritech-transport-planning-sjomatlogistikk\/#breadcrumb","itemListElement":[{"@type":"ListItem","position":1,"name":"Home","item":"https:\/\/maritech.com\/no\/"},{"@type":"ListItem","position":2,"name":"Maritech Transport Planning"}]},{"@type":"WebSite","@id":"https:\/\/maritech.com\/no\/#website","url":"https:\/\/maritech.com\/no\/","name":"Maritech","description":"","publisher":{"@id":"https:\/\/maritech.com\/no\/#organization"},"potentialAction":[{"@type":"SearchAction","target":{"@type":"EntryPoint","urlTemplate":"https:\/\/maritech.com\/no\/?s={search_term_string}"},"query-input":{"@type":"PropertyValueSpecification","valueRequired":true,"valueName":"search_term_string"}}],"inLanguage":"nb-NO"},{"@type":"Organization","@id":"https:\/\/maritech.com\/no\/#organization","name":"Maritech","url":"https:\/\/maritech.com\/no\/","logo":{"@type":"ImageObject","inLanguage":"nb-NO","@id":"https:\/\/maritech.com\/no\/#\/schema\/logo\/image\/","url":"https:\/\/maritech.com\/wp-content\/uploads\/2024\/07\/Maritech-Logo-Co-Brand-WHITE.png","contentUrl":"https:\/\/maritech.com\/wp-content\/uploads\/2024\/07\/Maritech-Logo-Co-Brand-WHITE.png","width":3336,"height":890,"caption":"Maritech"},"image":{"@id":"https:\/\/maritech.com\/no\/#\/schema\/logo\/image\/"}}]}},"jetpack_sharing_enabled":true,"_links":{"self":[{"href":"https:\/\/maritech.com\/no\/wp-json\/wp\/v2\/pages\/9784","targetHints":{"allow":["GET"]}}],"collection":[{"href":"https:\/\/maritech.com\/no\/wp-json\/wp\/v2\/pages"}],"about":[{"href":"https:\/\/maritech.com\/no\/wp-json\/wp\/v2\/types\/page"}],"author":[{"embeddable":true,"href":"https:\/\/maritech.com\/no\/wp-json\/wp\/v2\/users\/11"}],"replies":[{"embeddable":true,"href":"https:\/\/maritech.com\/no\/wp-json\/wp\/v2\/comments?post=9784"}],"version-history":[{"count":19,"href":"https:\/\/maritech.com\/no\/wp-json\/wp\/v2\/pages\/9784\/revisions"}],"predecessor-version":[{"id":20332,"href":"https:\/\/maritech.com\/no\/wp-json\/wp\/v2\/pages\/9784\/revisions\/20332"}],"wp:featuredmedia":[{"embeddable":true,"href":"https:\/\/maritech.com\/no\/wp-json\/wp\/v2\/media\/5706"}],"wp:attachment":[{"href":"https:\/\/maritech.com\/no\/wp-json\/wp\/v2\/media?parent=9784"}],"curies":[{"name":"wp","href":"https:\/\/api.w.org\/{rel}","templated":true}]}}